{"id":63264,"date":"2021-04-18T10:08:48","date_gmt":"2021-04-18T08:08:48","guid":{"rendered":"https:\/\/1mal1japan.de\/produkt\/dashi-no-moto-40g-japanische-bruehe-8-stueck-shimaya\/"},"modified":"2026-04-23T13:02:49","modified_gmt":"2026-04-23T11:02:49","slug":"dashi-no-moto-40g-japanische-bruehe-8-stueck-shimaya","status":"publish","type":"product","link":"https:\/\/1mal1japan.de\/en\/produkt\/dashi-no-moto-40g-japanische-bruehe-8-stueck-shimaya\/","title":{"rendered":"Dashi No Moto 40g (Japanese stock, 8 sachets), Shimaya"},"content":{"rendered":"\n<section class=\"wp-block-uagb-section uagb-section__wrap uagb-section__background-color uagb-block-2b730d69\"><div class=\"uagb-section__overlay\"><\/div><div class=\"uagb-section__inner-wrap\">\n<p>\u2705 for making a traditional Japanese dashi stock<br\/>\u2705 ideal for ramen noodle soup, miso soups, okonomiyaki and much more <br\/>\u2705 easy to measure and use<br\/>\u2705 lactose-free &amp; gluten-free<br\/>\u2705 authentic origin, direct from Japan<\/p>\n<\/div><\/section>\n\n<p><strong>Dashi stock is the taste of Japan, and Shimaya\u2019s variety is a must-have on every Japanese pantry shelf. Since its introduction in 1964, this delicacy has been cherished in Japan. Dashi forms the basis of umami (the fifth taste alongside sweet, sour, salty and bitter) and lends most traditional Japanese dishes a uniquely aromatic depth.<\/strong><\/p>\n\n<p>Typically, dashi stock is made from katsuobushi (also known as bonito flakes), kombu (dried seaweed) and water. However, many Japanese people \u2013 especially when they need to cook quickly \u2013 turn to Shimaya\u2019s Dashi No Moto (a ready-made instant dashi stock).<\/p>\n\n<p>Shimaya still manufactures its products today in its founding town of Shunan in Yamaguchi Prefecture. A particularly handy feature is that the dashi dissolves easily in water and has a natural flavour of dried bonito, as the dashi is not subjected to high heat during production!<\/p>\n\n<p>This pack contains 8 pre-portioned sachets, with 1 sachet of dashi making 4 to 5 portions of miso soup or 1 to 2 portions of noodle soup.<\/p>\n\n<p><em>You can find all the important information and great recipes on dashi in our article on <a href=\"https:\/\/1mal1japan.de\/zutaten-und-grundlagen\/dashi\/\">dashi.<\/a><\/em><\/p>\n\n<h2 class=\"wp-block-heading\" id=\"h-das-kannst-du-damit-kochen\">What you can cook with it:<\/h2>\n\n\t\t\t<div class=\"wp-block-uagb-post-grid uagb-post-grid  uagb-post__image-position-top uagb-post__image-enabled uagb-block-27b66334     uagb-post__items uagb-post__columns-2 is-grid uagb-post__columns-tablet-2 uagb-post__columns-mobile-2 uagb-post__equal-height\" data-total=\"1\" style=\"\">\n\n\t\t\t\t\t\t\t\t\t\t\t\t<article class=\"uagb-post__inner-wrap\">\t\t\t\t\t\t\t\t<div class='uagb-post__image'>\n\t\t\t\t\t\t\t\t\t<a href=\"https:\/\/1mal1japan.de\/en\/rezepte\/miso-ramen\/\" target=\"_self\" rel=\"bookmark noopener noreferrer\" class='uagb-image-ratio-inherit'><img decoding=\"async\" width=\"1024\" height=\"683\" src=\"https:\/\/1mal1japan.de\/wp-content\/uploads\/2020\/04\/Miso-Ramen-Veggie-Titelbild-1024x683.jpg\" class=\"attachment-large size-large\" alt=\"Miso Ramen Veggie Titelbild\" srcset=\"https:\/\/1mal1japan.de\/wp-content\/uploads\/2020\/04\/Miso-Ramen-Veggie-Titelbild-1024x683.jpg 1024w, https:\/\/1mal1japan.de\/wp-content\/uploads\/2020\/04\/Miso-Ramen-Veggie-Titelbild-300x200.jpg 300w, https:\/\/1mal1japan.de\/wp-content\/uploads\/2020\/04\/Miso-Ramen-Veggie-Titelbild-768x512.jpg 768w, https:\/\/1mal1japan.de\/wp-content\/uploads\/2020\/04\/Miso-Ramen-Veggie-Titelbild.jpg 1200w\" sizes=\"(max-width: 1024px) 100vw, 1024px\" \/>\t\t\t\t\t<\/a>\n\t\t\t\t\t\t\t<\/div>\n\t\t\t\t\t\t<p class=\"uagb-post__title uagb-post__text\">\n\t\t\t\t<a href=\"https:\/\/1mal1japan.de\/en\/rezepte\/miso-ramen\/\" target=\"_self\" rel=\"bookmark noopener noreferrer\">A bowl full of happiness: Miso Ramen with 7 varied toppings \u2013 vegetarian, spicy &amp; very easy<\/a>\n\t\t\t<\/p>\n\t\t\t\t\t\t<div class='uagb-post__text uagb-post-grid-byline'>\n\t\t\t\t\t\t\t\t<time datetime=\"2023-08-01T09:50:45+02:00\" class=\"uagb-post__date\">\n\t\t\t\t<span class=\"dashicons-calendar dashicons\"><\/span>\t\t\t\t\t1. August 2023\t\t\t\t<\/time>\n\t\t\t\t\t\t<\/div>\n\t\t\t\t\t\t\t<div class='uagb-post__text uagb-post__excerpt'>\n\t\t\t\t\t<p>Dive into the world of flavors of Japanese cuisine with our happiness bowl! Here, everything&#8230;\t\t\t\t<\/div>\n\t\t\t\t\t\t<div class=\"uagb-post__text uagb-post__cta wp-block-button\">\n\t\t\t\t<a class=\"wp-block-button__link uagb-text-link\" style=\"\" href=\"https:\/\/1mal1japan.de\/en\/rezepte\/miso-ramen\/\" target=\"_self\" rel=\"bookmark noopener noreferrer\">\u279f Go to the recipe<\/a>\n\t\t\t<\/div>\n\t\t\t\n\t\t\t\t\t\t\t\t\t<\/article>\n\t\t\t\t\t\t\t\t\t\t\t<\/div>\n\t\t\t\n<div style=\"height:20px\" aria-hidden=\"true\" class=\"wp-block-spacer\"><\/div>\n\n<h2 class=\"wp-block-heading\" id=\"h-haltbarkeit-und-lagerung\">Shelf life and storage:<\/h2>\n\n<p>Dashi has a long shelf life of at least one year. No refrigeration is required, but the dashi should be stored in a dry place and protected from direct sunlight.<\/p>\n\n<h2 class=\"wp-block-heading\" id=\"h-deine-vorteile-und-unser-versprechen\">Your benefits and our promise:<\/h2>\n\n<section class=\"wp-block-uagb-section uagb-section__wrap uagb-section__background-color uagb-block-85f7e9d2\"><div class=\"uagb-section__overlay\"><\/div><div class=\"uagb-section__inner-wrap\">\n<p>\u2764\ufe0f <strong>Schnell, unkompliziert &amp; zuverl\u00e4ssig:<\/strong> Kunden lieben uns! Mit 4,9 von 5 Sternen bei Shopvote &#8211; schau dir <a href=\"https:\/\/www.shopvote.de\/bewertung_1mal1japan_de_23342.html\">hier unsere Kundenbewertungen<\/a> selbst an!<\/p>\n<\/div><\/section>\n\n\n\n<div style=\"height:20px\" aria-hidden=\"true\" class=\"wp-block-spacer\"><\/div>\n\n\n\n<section class=\"wp-block-uagb-section uagb-section__wrap uagb-section__background-color uagb-block-9e748e26\"><div class=\"uagb-section__overlay\"><\/div><div class=\"uagb-section__inner-wrap\">\n<p>\ud83c\udf31 <strong>Nachhaltig Shoppen:<\/strong> Klimaneutral versendet, umweltfreundlich verpackt, standardm\u00e4\u00dfig digitale Rechnungen.<\/p>\n<\/div><\/section>\n\n\n\n<div style=\"height:20px\" aria-hidden=\"true\" class=\"wp-block-spacer\"><\/div>\n\n\n\n<section class=\"wp-block-uagb-section uagb-section__wrap uagb-section__background-color uagb-block-11f9fc83\"><div class=\"uagb-section__overlay\"><\/div><div class=\"uagb-section__inner-wrap\">\n<p><strong>\ud83d\udd12 100% einkaufen ohne Risiko:<\/strong> Kein Mindestbestellwert, Gratis-Versand innerhalb Deutschlands ab 59\u20ac Bestellwert + 30 Tage Widerrufsrecht mit kostenlosem R\u00fcckversand.<\/p>\n<\/div><\/section>\n\n\n\n<div style=\"height:20px\" aria-hidden=\"true\" class=\"wp-block-spacer\"><\/div>\n\n\n\n<section class=\"wp-block-uagb-section uagb-section__wrap uagb-section__background-color uagb-block-5b55bd83\"><div class=\"uagb-section__overlay\"><\/div><div class=\"uagb-section__inner-wrap\">\n<p>\ud83e\udd62 <strong>Allerbeste Zutaten f\u00fcr dein Koch- und Geschmackserlebnis: <\/strong>Handverlesene Produkte, die uns pers\u00f6nlich nach vier Kriterien \u00fcberzeugen (1) Geschmack, (2) Authentizit\u00e4t (3) Preis und (4) Verf\u00fcgbarkeit.<\/p>\n<\/div><\/section>\n\n\n\n<div style=\"height:20px\" aria-hidden=\"true\" class=\"wp-block-spacer\"><\/div>\n\n\n\n<section class=\"wp-block-uagb-section uagb-section__wrap uagb-section__background-color uagb-block-94ed5912\"><div class=\"uagb-section__overlay\"><\/div><div class=\"uagb-section__inner-wrap\">\n<p>\ud83d\udc4d <strong>Profitiere von langj\u00e4hriger Erfahrung<\/strong>: 1mal1japan.de gibt es bereits seit 2016. Seitdem durften wir bereits Millionen an Besuchern auf unserem Blog und Shop begr\u00fc\u00dfen und \u00fcber 50.000 zufriedene Kunden beliefern. Ganz herzlichen Dank an alle Leser und Fans!<\/p>\n<\/div><\/section>\n","protected":false},"excerpt":{"rendered":"<p>This dashi stock is a must-have on every Japanese pantry shelf and lends traditional Japanese dishes a uniquely aromatic depth. For example, for ramen, miso soup and okonomiyaki.<\/p>\n","protected":false},"featured_media":63265,"template":"","meta":{"_uag_custom_page_level_css":"","site-sidebar-layout":"default","site-content-layout":"default","ast-site-content-layout":"default","site-content-style":"default","site-sidebar-style":"default","ast-global-header-display":"","ast-banner-title-visibility":"","ast-main-header-display":"","ast-hfb-above-header-display":"","ast-hfb-below-header-display":"","ast-hfb-mobile-header-display":"","site-post-title":"","ast-breadcrumbs-content":"","ast-featured-img":"","footer-sml-layout":"","ast-disable-related-posts":"","theme-transparent-header-meta":"default","adv-header-id-meta":"","stick-header-meta":"default","header-above-stick-meta":"","header-main-stick-meta":"","header-below-stick-meta":"","astra-migrate-meta-layouts":"default","ast-page-background-enabled":"default","ast-page-background-meta":{"desktop":{"background-color":"","background-image":"","background-repeat":"repeat","background-position":"center center","background-size":"auto","background-attachment":"scroll","background-type":"","background-media":"","overlay-type":"","overlay-color":"","overlay-opacity":"","overlay-gradient":""},"tablet":{"background-color":"","background-image":"","background-repeat":"repeat","background-position":"center center","background-size":"auto","background-attachment":"scroll","background-type":"","background-media":"","overlay-type":"","overlay-color":"","overlay-opacity":"","overlay-gradient":""},"mobile":{"background-color":"","background-image":"","background-repeat":"repeat","background-position":"center center","background-size":"auto","background-attachment":"scroll","background-type":"","background-media":"","overlay-type":"","overlay-color":"","overlay-opacity":"","overlay-gradient":""}},"ast-content-background-meta":{"desktop":{"background-color":"var(--ast-global-color-5)","background-image":"","background-repeat":"repeat","background-position":"center center","background-size":"auto","background-attachment":"scroll","background-type":"","background-media":"","overlay-type":"","overlay-color":"","overlay-opacity":"","overlay-gradient":""},"tablet":{"background-color":"var(--ast-global-color-5)","background-image":"","background-repeat":"repeat","background-position":"center center","background-size":"auto","background-attachment":"scroll","background-type":"","background-media":"","overlay-type":"","overlay-color":"","overlay-opacity":"","overlay-gradient":""},"mobile":{"background-color":"var(--ast-global-color-5)","background-image":"","background-repeat":"repeat","background-position":"center center","background-size":"auto","background-attachment":"scroll","background-type":"","background-media":"","overlay-type":"","overlay-color":"","overlay-opacity":"","overlay-gradient":""}}},"product_brand":[],"product_cat":[1688,1724,1686],"product_tag":[1714],"class_list":{"0":"post-63264","1":"product","2":"type-product","3":"status-publish","4":"has-post-thumbnail","6":"product_cat-alle-produkte","7":"product_cat-made-in-japan","8":"product_cat-gewuerze-bruehen","9":"product_tag-dashi","10":"desktop-align-left","11":"tablet-align-left","12":"mobile-align-left","13":"ast-product-gallery-layout-horizontal-slider","14":"ast-magnify-disabled","15":"ast-product-tabs-layout-horizontal","17":"first","18":"instock","19":"taxable","20":"shipping-taxable","21":"purchasable","22":"product-type-simple"},"yoast_head":"<!-- This site is optimized with the Yoast SEO Premium plugin v27.4 (Yoast SEO v27.4) - https:\/\/yoast.com\/product\/yoast-seo-premium-wordpress\/ -->\n<title>Dashi No Moto (40g) Japanese stock, available at 1mal1japan<\/title>\n<meta name=\"description\" content=\"I\u27a1 Buy Dashi No Moto \u2714 Japanese stock | easy to measure, simple, versatile \u2714 Ramen, miso soup &amp; okonomiyaki \u2714 fast delivery!\" \/>\n<meta name=\"robots\" content=\"index, follow, max-snippet:-1, max-image-preview:large, max-video-preview:-1\" \/>\n<link rel=\"canonical\" href=\"https:\/\/1mal1japan.de\/en\/produkt\/dashi-no-moto-40g-japanische-bruehe-8-stueck-shimaya\/\" \/>\n<meta property=\"og:locale\" content=\"en_US\" \/>\n<meta property=\"og:type\" content=\"article\" \/>\n<meta property=\"og:title\" content=\"Dashi No Moto 40g (Japanese stock, 8 sachets), Shimaya\" \/>\n<meta property=\"og:description\" content=\"This dashi stock is a must-have on every Japanese pantry shelf and lends traditional Japanese dishes a uniquely aromatic depth. For example, for ramen, miso soup and okonomiyaki.\" \/>\n<meta property=\"og:url\" content=\"https:\/\/1mal1japan.de\/en\/produkt\/dashi-no-moto-40g-japanische-bruehe-8-stueck-shimaya\/\" \/>\n<meta property=\"og:site_name\" content=\"1mal1japan.de\" \/>\n<meta property=\"article:modified_time\" content=\"2026-04-23T11:02:49+00:00\" \/>\n<meta property=\"og:image\" content=\"https:\/\/1mal1japan.de\/wp-content\/uploads\/2021\/04\/Dashi-No-Moto-1-1.jpg\" \/>\n\t<meta property=\"og:image:width\" content=\"1200\" \/>\n\t<meta property=\"og:image:height\" content=\"1200\" \/>\n\t<meta property=\"og:image:type\" content=\"image\/jpeg\" \/>\n<script type=\"application\/ld+json\" class=\"yoast-schema-graph\">{\"@context\":\"https:\\\/\\\/schema.org\",\"@graph\":[{\"@type\":\"WebPage\",\"@id\":\"https:\\\/\\\/1mal1japan.de\\\/en\\\/produkt\\\/dashi-no-moto-40g-japanische-bruehe-8-stueck-shimaya\\\/\",\"url\":\"https:\\\/\\\/1mal1japan.de\\\/en\\\/produkt\\\/dashi-no-moto-40g-japanische-bruehe-8-stueck-shimaya\\\/\",\"name\":\"Dashi No Moto (40g) Japanese stock, available at 1mal1japan\",\"isPartOf\":{\"@id\":\"https:\\\/\\\/1mal1japan.de\\\/en\\\/#website\"},\"primaryImageOfPage\":{\"@id\":\"https:\\\/\\\/1mal1japan.de\\\/en\\\/produkt\\\/dashi-no-moto-40g-japanische-bruehe-8-stueck-shimaya\\\/#primaryimage\"},\"image\":{\"@id\":\"https:\\\/\\\/1mal1japan.de\\\/en\\\/produkt\\\/dashi-no-moto-40g-japanische-bruehe-8-stueck-shimaya\\\/#primaryimage\"},\"thumbnailUrl\":\"https:\\\/\\\/1mal1japan.de\\\/wp-content\\\/uploads\\\/2021\\\/04\\\/Dashi-No-Moto-1-1.jpg\",\"datePublished\":\"2021-04-18T08:08:48+00:00\",\"dateModified\":\"2026-04-23T11:02:49+00:00\",\"description\":\"I\u27a1 Buy Dashi No Moto \u2714 Japanese stock | easy to measure, simple, versatile \u2714 Ramen, miso soup & okonomiyaki \u2714 fast delivery!\",\"breadcrumb\":{\"@id\":\"https:\\\/\\\/1mal1japan.de\\\/en\\\/produkt\\\/dashi-no-moto-40g-japanische-bruehe-8-stueck-shimaya\\\/#breadcrumb\"},\"inLanguage\":\"en-US\",\"potentialAction\":[{\"@type\":\"ReadAction\",\"target\":[\"https:\\\/\\\/1mal1japan.de\\\/en\\\/produkt\\\/dashi-no-moto-40g-japanische-bruehe-8-stueck-shimaya\\\/\"]}]},{\"@type\":\"ImageObject\",\"inLanguage\":\"en-US\",\"@id\":\"https:\\\/\\\/1mal1japan.de\\\/en\\\/produkt\\\/dashi-no-moto-40g-japanische-bruehe-8-stueck-shimaya\\\/#primaryimage\",\"url\":\"https:\\\/\\\/1mal1japan.de\\\/wp-content\\\/uploads\\\/2021\\\/04\\\/Dashi-No-Moto-1-1.jpg\",\"contentUrl\":\"https:\\\/\\\/1mal1japan.de\\\/wp-content\\\/uploads\\\/2021\\\/04\\\/Dashi-No-Moto-1-1.jpg\",\"width\":1200,\"height\":1200,\"caption\":\"Dashi No Moto 50g (10 sachets of Japanese stock), SHIMAYA\"},{\"@type\":\"BreadcrumbList\",\"@id\":\"https:\\\/\\\/1mal1japan.de\\\/en\\\/produkt\\\/dashi-no-moto-40g-japanische-bruehe-8-stueck-shimaya\\\/#breadcrumb\",\"itemListElement\":[{\"@type\":\"ListItem\",\"position\":1,\"name\":\"Startseite\",\"item\":\"https:\\\/\\\/1mal1japan.de\\\/en\\\/\"},{\"@type\":\"ListItem\",\"position\":2,\"name\":\"Shop\",\"item\":\"https:\\\/\\\/1mal1japan.de\\\/en\\\/shop\\\/\"},{\"@type\":\"ListItem\",\"position\":3,\"name\":\"Dashi No Moto 40g (Japanese stock, 8 sachets), Shimaya\"}]},{\"@type\":\"WebSite\",\"@id\":\"https:\\\/\\\/1mal1japan.de\\\/en\\\/#website\",\"url\":\"https:\\\/\\\/1mal1japan.de\\\/en\\\/\",\"name\":\"1mal1japan.de\",\"description\":\"japanisch kochen &amp; einkaufen\",\"publisher\":{\"@id\":\"https:\\\/\\\/1mal1japan.de\\\/en\\\/#\\\/schema\\\/person\\\/3b6eab913fce9065523e927d88b032b0\"},\"potentialAction\":[{\"@type\":\"SearchAction\",\"target\":{\"@type\":\"EntryPoint\",\"urlTemplate\":\"https:\\\/\\\/1mal1japan.de\\\/en\\\/?s={search_term_string}\"},\"query-input\":{\"@type\":\"PropertyValueSpecification\",\"valueRequired\":true,\"valueName\":\"search_term_string\"}}],\"inLanguage\":\"en-US\"},{\"@type\":[\"Person\",\"Organization\"],\"@id\":\"https:\\\/\\\/1mal1japan.de\\\/en\\\/#\\\/schema\\\/person\\\/3b6eab913fce9065523e927d88b032b0\",\"name\":\"Elisa\",\"image\":{\"@type\":\"ImageObject\",\"inLanguage\":\"en-US\",\"@id\":\"https:\\\/\\\/1mal1japan.de\\\/wp-content\\\/uploads\\\/2018\\\/09\\\/Profilbild_Elisa.png\",\"url\":\"https:\\\/\\\/1mal1japan.de\\\/wp-content\\\/uploads\\\/2018\\\/09\\\/Profilbild_Elisa.png\",\"contentUrl\":\"https:\\\/\\\/1mal1japan.de\\\/wp-content\\\/uploads\\\/2018\\\/09\\\/Profilbild_Elisa.png\",\"width\":200,\"height\":200,\"caption\":\"Elisa\"},\"logo\":{\"@id\":\"https:\\\/\\\/1mal1japan.de\\\/wp-content\\\/uploads\\\/2018\\\/09\\\/Profilbild_Elisa.png\"}}]}<\/script>\n<meta property=\"product:brand\" content=\"Shimaya\" \/>\n<meta property=\"product:price:amount\" content=\"1.99\" \/>\n<meta property=\"product:price:currency\" content=\"EUR\" \/>\n<meta property=\"og:availability\" content=\"instock\" \/>\n<meta property=\"product:availability\" content=\"instock\" \/>\n<meta property=\"product:retailer_item_id\" content=\"1019\" \/>\n<meta property=\"product:condition\" content=\"new\" \/>\n<!-- \/ Yoast SEO Premium plugin. -->","yoast_head_json":{"title":"Dashi No Moto (40g) Japanese stock, available at 1mal1japan","description":"I\u27a1 Buy Dashi No Moto \u2714 Japanese stock | easy to measure, simple, versatile \u2714 Ramen, miso soup & okonomiyaki \u2714 fast delivery!","robots":{"index":"index","follow":"follow","max-snippet":"max-snippet:-1","max-image-preview":"max-image-preview:large","max-video-preview":"max-video-preview:-1"},"canonical":"https:\/\/1mal1japan.de\/en\/produkt\/dashi-no-moto-40g-japanische-bruehe-8-stueck-shimaya\/","og_locale":"en_US","og_type":"article","og_title":"Dashi No Moto 40g (Japanese stock, 8 sachets), Shimaya","og_description":"This dashi stock is a must-have on every Japanese pantry shelf and lends traditional Japanese dishes a uniquely aromatic depth. For example, for ramen, miso soup and okonomiyaki.","og_url":"https:\/\/1mal1japan.de\/en\/produkt\/dashi-no-moto-40g-japanische-bruehe-8-stueck-shimaya\/","og_site_name":"1mal1japan.de","article_modified_time":"2026-04-23T11:02:49+00:00","og_image":[{"width":1200,"height":1200,"url":"https:\/\/1mal1japan.de\/wp-content\/uploads\/2021\/04\/Dashi-No-Moto-1-1.jpg","type":"image\/jpeg"}],"schema":{"@context":"https:\/\/schema.org","@graph":[{"@type":"WebPage","@id":"https:\/\/1mal1japan.de\/en\/produkt\/dashi-no-moto-40g-japanische-bruehe-8-stueck-shimaya\/","url":"https:\/\/1mal1japan.de\/en\/produkt\/dashi-no-moto-40g-japanische-bruehe-8-stueck-shimaya\/","name":"Dashi No Moto (40g) Japanese stock, available at 1mal1japan","isPartOf":{"@id":"https:\/\/1mal1japan.de\/en\/#website"},"primaryImageOfPage":{"@id":"https:\/\/1mal1japan.de\/en\/produkt\/dashi-no-moto-40g-japanische-bruehe-8-stueck-shimaya\/#primaryimage"},"image":{"@id":"https:\/\/1mal1japan.de\/en\/produkt\/dashi-no-moto-40g-japanische-bruehe-8-stueck-shimaya\/#primaryimage"},"thumbnailUrl":"https:\/\/1mal1japan.de\/wp-content\/uploads\/2021\/04\/Dashi-No-Moto-1-1.jpg","datePublished":"2021-04-18T08:08:48+00:00","dateModified":"2026-04-23T11:02:49+00:00","description":"I\u27a1 Buy Dashi No Moto \u2714 Japanese stock | easy to measure, simple, versatile \u2714 Ramen, miso soup & okonomiyaki \u2714 fast delivery!","breadcrumb":{"@id":"https:\/\/1mal1japan.de\/en\/produkt\/dashi-no-moto-40g-japanische-bruehe-8-stueck-shimaya\/#breadcrumb"},"inLanguage":"en-US","potentialAction":[{"@type":"ReadAction","target":["https:\/\/1mal1japan.de\/en\/produkt\/dashi-no-moto-40g-japanische-bruehe-8-stueck-shimaya\/"]}]},{"@type":"ImageObject","inLanguage":"en-US","@id":"https:\/\/1mal1japan.de\/en\/produkt\/dashi-no-moto-40g-japanische-bruehe-8-stueck-shimaya\/#primaryimage","url":"https:\/\/1mal1japan.de\/wp-content\/uploads\/2021\/04\/Dashi-No-Moto-1-1.jpg","contentUrl":"https:\/\/1mal1japan.de\/wp-content\/uploads\/2021\/04\/Dashi-No-Moto-1-1.jpg","width":1200,"height":1200,"caption":"Dashi No Moto 50g (10 sachets of Japanese stock), SHIMAYA"},{"@type":"BreadcrumbList","@id":"https:\/\/1mal1japan.de\/en\/produkt\/dashi-no-moto-40g-japanische-bruehe-8-stueck-shimaya\/#breadcrumb","itemListElement":[{"@type":"ListItem","position":1,"name":"Startseite","item":"https:\/\/1mal1japan.de\/en\/"},{"@type":"ListItem","position":2,"name":"Shop","item":"https:\/\/1mal1japan.de\/en\/shop\/"},{"@type":"ListItem","position":3,"name":"Dashi No Moto 40g (Japanese stock, 8 sachets), Shimaya"}]},{"@type":"WebSite","@id":"https:\/\/1mal1japan.de\/en\/#website","url":"https:\/\/1mal1japan.de\/en\/","name":"1mal1japan.de","description":"japanisch kochen &amp; einkaufen","publisher":{"@id":"https:\/\/1mal1japan.de\/en\/#\/schema\/person\/3b6eab913fce9065523e927d88b032b0"},"potentialAction":[{"@type":"SearchAction","target":{"@type":"EntryPoint","urlTemplate":"https:\/\/1mal1japan.de\/en\/?s={search_term_string}"},"query-input":{"@type":"PropertyValueSpecification","valueRequired":true,"valueName":"search_term_string"}}],"inLanguage":"en-US"},{"@type":["Person","Organization"],"@id":"https:\/\/1mal1japan.de\/en\/#\/schema\/person\/3b6eab913fce9065523e927d88b032b0","name":"Elisa","image":{"@type":"ImageObject","inLanguage":"en-US","@id":"https:\/\/1mal1japan.de\/wp-content\/uploads\/2018\/09\/Profilbild_Elisa.png","url":"https:\/\/1mal1japan.de\/wp-content\/uploads\/2018\/09\/Profilbild_Elisa.png","contentUrl":"https:\/\/1mal1japan.de\/wp-content\/uploads\/2018\/09\/Profilbild_Elisa.png","width":200,"height":200,"caption":"Elisa"},"logo":{"@id":"https:\/\/1mal1japan.de\/wp-content\/uploads\/2018\/09\/Profilbild_Elisa.png"}}]},"product_brand":"Shimaya","product_price_amount":"1.99","product_price_currency":"EUR","og_availability":"instock","product_availability":"instock","product_retailer_item_id":"1019","product_condition":"new"},"uagb_featured_image_src":{"full":["https:\/\/1mal1japan.de\/wp-content\/uploads\/2021\/04\/Dashi-No-Moto-1-1.jpg",1200,1200,false],"thumbnail":["https:\/\/1mal1japan.de\/wp-content\/uploads\/2021\/04\/Dashi-No-Moto-1-1-150x150.jpg",150,150,true],"medium":["https:\/\/1mal1japan.de\/wp-content\/uploads\/2021\/04\/Dashi-No-Moto-1-1-300x300.jpg",300,300,true],"medium_large":["https:\/\/1mal1japan.de\/wp-content\/uploads\/2021\/04\/Dashi-No-Moto-1-1-768x768.jpg",768,768,true],"large":["https:\/\/1mal1japan.de\/wp-content\/uploads\/2021\/04\/Dashi-No-Moto-1-1-1024x1024.jpg",1024,1024,true],"1536x1536":["https:\/\/1mal1japan.de\/wp-content\/uploads\/2021\/04\/Dashi-No-Moto-1-1.jpg",1200,1200,false],"2048x2048":["https:\/\/1mal1japan.de\/wp-content\/uploads\/2021\/04\/Dashi-No-Moto-1-1.jpg",1200,1200,false],"woocommerce_thumbnail":["https:\/\/1mal1japan.de\/wp-content\/uploads\/2021\/04\/Dashi-No-Moto-1-1-600x600.jpg",600,600,true],"woocommerce_single":["https:\/\/1mal1japan.de\/wp-content\/uploads\/2021\/04\/Dashi-No-Moto-1-1.jpg",1200,1200,false],"woocommerce_gallery_thumbnail":["https:\/\/1mal1japan.de\/wp-content\/uploads\/2021\/04\/Dashi-No-Moto-1-1-100x100.jpg",100,100,true]},"uagb_author_info":{"display_name":"Elisa","author_link":"https:\/\/1mal1japan.de\/en\/author\/"},"uagb_comment_info":0,"uagb_excerpt":"This dashi stock is a must-have on every Japanese pantry shelf and lends traditional Japanese dishes a uniquely aromatic depth. For example, for ramen, miso soup and okonomiyaki.","_links":{"self":[{"href":"https:\/\/1mal1japan.de\/en\/wp-json\/wp\/v2\/product\/63264","targetHints":{"allow":["GET"]}}],"collection":[{"href":"https:\/\/1mal1japan.de\/en\/wp-json\/wp\/v2\/product"}],"about":[{"href":"https:\/\/1mal1japan.de\/en\/wp-json\/wp\/v2\/types\/product"}],"wp:featuredmedia":[{"embeddable":true,"href":"https:\/\/1mal1japan.de\/en\/wp-json\/wp\/v2\/media\/63265"}],"wp:attachment":[{"href":"https:\/\/1mal1japan.de\/en\/wp-json\/wp\/v2\/media?parent=63264"}],"wp:term":[{"taxonomy":"product_brand","embeddable":true,"href":"https:\/\/1mal1japan.de\/en\/wp-json\/wp\/v2\/product_brand?post=63264"},{"taxonomy":"product_cat","embeddable":true,"href":"https:\/\/1mal1japan.de\/en\/wp-json\/wp\/v2\/product_cat?post=63264"},{"taxonomy":"product_tag","embeddable":true,"href":"https:\/\/1mal1japan.de\/en\/wp-json\/wp\/v2\/product_tag?post=63264"}],"curies":[{"name":"wp","href":"https:\/\/api.w.org\/{rel}","templated":true}]}}