{"id":63425,"date":"2026-03-16T11:59:27","date_gmt":"2026-03-16T10:59:27","guid":{"rendered":"https:\/\/1mal1japan.de\/produkt\/panko-200g-breadcrumbs-coarse\/"},"modified":"2026-04-23T12:58:31","modified_gmt":"2026-04-23T10:58:31","slug":"panko-200g-breadcrumbs-coarse","status":"publish","type":"product","link":"https:\/\/1mal1japan.de\/en\/produkt\/panko-200g-breadcrumbs-coarse\/","title":{"rendered":"Panko 200g breadcrumbs (coarse)"},"content":{"rendered":"\n<section class=\"wp-block-uagb-section uagb-section__wrap uagb-section__background-color uagb-block-5c35283d\"><div class=\"uagb-section__overlay\"><\/div><div class=\"uagb-section__inner-wrap\">\n<p class=\"has-ast-global-color-5-color has-text-color has-link-color wp-elements-8a04968e4a70604b30048d0d4d23318b\">\u2705 Grobes Paniermehl mit luftiger Struktur<br\/>\u2705 Sorgt f\u00fcr besonders knusprige und leichte Panade<br\/>\u2705 Ideal f\u00fcr Tonkatsu, Tempura und frittierte Gerichte<br\/>\u2705 Nimmt weniger \u00d6l afuf als feines Paniermehl<br\/>\u2705 Vielseitig einsetzbar f\u00fcr Fleisch, Fisch und Gem\u00fcse<\/p>\n<\/div><\/section>\n\n<h2 class=\"wp-block-heading\" id=\"wissen\">What is panko?<\/h2>\n\n<p>Panko ist ein grobes Paniermehl, das aus groben, luftigen Brotflocken besteht. Im Gegensatz zu klassischem Paniermehl wird es besonders locker verarbeitet, wodurch es beim Frittieren oder Braten eine knusprigere Textur entwickelt.<\/p>\n\n<div style=\"height:20px\" aria-hidden=\"true\" class=\"wp-block-spacer\"><\/div>\n\n<section class=\"wp-block-uagb-section uagb-section__wrap uagb-section__background-none uagb-block-6492d650\"><div class=\"uagb-section__overlay\"><\/div><div class=\"uagb-section__inner-wrap\">\n<section class=\"wp-block-uagb-section uagb-section__wrap uagb-section__background-none uagb-block-89760efc\"><div class=\"uagb-section__overlay\"><\/div><div class=\"uagb-section__inner-wrap\">\n<figure class=\"wp-block-image alignleft size-full is-resized\"><img decoding=\"async\" width=\"2000\" height=\"2000\" src=\"https:\/\/1mal1japan.de\/wp-content\/uploads\/2024\/01\/Logo-Onigiri-Reisball-2000px.png\" alt=\"\" class=\"wp-image-36793\" style=\"width:100px\" srcset=\"https:\/\/1mal1japan.de\/wp-content\/uploads\/2024\/01\/Logo-Onigiri-Reisball-2000px.png 2000w, https:\/\/1mal1japan.de\/wp-content\/uploads\/2024\/01\/Logo-Onigiri-Reisball-2000px-300x300.png 300w, https:\/\/1mal1japan.de\/wp-content\/uploads\/2024\/01\/Logo-Onigiri-Reisball-2000px-1024x1024.png 1024w, https:\/\/1mal1japan.de\/wp-content\/uploads\/2024\/01\/Logo-Onigiri-Reisball-2000px-150x150.png 150w, https:\/\/1mal1japan.de\/wp-content\/uploads\/2024\/01\/Logo-Onigiri-Reisball-2000px-768x768.png 768w, https:\/\/1mal1japan.de\/wp-content\/uploads\/2024\/01\/Logo-Onigiri-Reisball-2000px-1536x1536.png 1536w, https:\/\/1mal1japan.de\/wp-content\/uploads\/2024\/01\/Logo-Onigiri-Reisball-2000px-600x600.png 600w, https:\/\/1mal1japan.de\/wp-content\/uploads\/2024\/01\/Logo-Onigiri-Reisball-2000px-1200x1200.png 1200w, https:\/\/1mal1japan.de\/wp-content\/uploads\/2024\/01\/Logo-Onigiri-Reisball-2000px-100x100.png 100w\" sizes=\"(max-width: 2000px) 100vw, 2000px\" \/><\/figure>\n<\/div><\/section>\n\n\n\n<section class=\"wp-block-uagb-section uagb-section__wrap uagb-section__background-none uagb-block-6d656dd4\"><div class=\"uagb-section__overlay\"><\/div><div class=\"uagb-section__inner-wrap\">\n<h3 class=\"wp-block-heading has-text-align-left\" id=\"unterschied\" style=\"margin-top:0px;margin-bottom:0px\">How does Panko differ from normal breadcrumbs?<\/h3>\n\n\n\n<p class=\"has-text-align-left\"><em><em>Panko is coarser and airier than conventional breadcrumbs. This makes the coating less compact and significantly crispier. Furthermore, Panko absorbs less oil, resulting in a lighter finish.<\/em><\/em><\/p>\n<\/div><\/section>\n<\/div><\/section>\n\n<div style=\"height:20px\" aria-hidden=\"true\" class=\"wp-block-spacer\"><\/div>\n\n<h2 class=\"wp-block-heading\" id=\"verwendung\">What can I use Panko for?<\/h2>\n\n<p>Panko is often used for Japanese dishes such as tonkatsu or ebi fry. However, it is also suitable for schnitzel, vegetables, tofu or as a crispy topping for bakes and salads. Its texture always ensures a particularly crispy surface.<\/p>\n\n<h3 class=\"wp-block-heading\" id=\"rezepte\">How do I use panko correctly?<\/h3>\n\n<p>The preparation is similar to classic breading: first, the food is coated in flour, then in egg and finally in panko. It can then be pan-fried or deep-fried until the coating is golden brown and crispy.<\/p>\n\n\t\t\t<div class=\"wp-block-uagb-post-grid uagb-post-grid  uagb-post__image-position-top uagb-post__image-enabled uagb-block-27b66334     uagb-post__items uagb-post__columns-2 is-grid uagb-post__columns-tablet-2 uagb-post__columns-mobile-2 uagb-post__equal-height\" data-total=\"0\" style=\"\">\n\n\t\t\t\t\t\t\t\t\t<p class=\"uagb-post__no-posts\">\n\t\t\t\t\t\tNo post found!\t\t\t\t\t<\/p>\n\t\t\t\t\t\t\t\t<\/div>\n\t\t\t\n<div style=\"height:20px\" aria-hidden=\"true\" class=\"wp-block-spacer\"><\/div>\n\n<h2 class=\"wp-block-heading\" id=\"lagerung\">How do I store panko?<\/h2>\n\n<p>Panko should be stored in a cool, dry place in a tightly sealed container. Once opened, it is advisable to reseal the packaging airtight so that the crumbs retain their light, fluffy texture.<\/p>\n\n<h2 class=\"wp-block-heading\" id=\"h-deine-vorteile-und-unser-versprechen\">Your benefits and our promise:<\/h2>\n\n<section class=\"wp-block-uagb-section uagb-section__wrap uagb-section__background-color uagb-block-85f7e9d2\"><div class=\"uagb-section__overlay\"><\/div><div class=\"uagb-section__inner-wrap\">\n<p>\u2764\ufe0f <strong>Schnell, unkompliziert &amp; zuverl\u00e4ssig:<\/strong> Kunden lieben uns! Mit 4,9 von 5 Sternen bei Shopvote &#8211; schau dir <a href=\"https:\/\/www.shopvote.de\/bewertung_1mal1japan_de_23342.html\">hier unsere Kundenbewertungen<\/a> selbst an!<\/p>\n<\/div><\/section>\n\n\n\n<div style=\"height:20px\" aria-hidden=\"true\" class=\"wp-block-spacer\"><\/div>\n\n\n\n<section class=\"wp-block-uagb-section uagb-section__wrap uagb-section__background-color uagb-block-9e748e26\"><div class=\"uagb-section__overlay\"><\/div><div class=\"uagb-section__inner-wrap\">\n<p>\ud83c\udf31 <strong>Nachhaltig Shoppen:<\/strong> Klimaneutral versendet, umweltfreundlich verpackt, standardm\u00e4\u00dfig digitale Rechnungen.<\/p>\n<\/div><\/section>\n\n\n\n<div style=\"height:20px\" aria-hidden=\"true\" class=\"wp-block-spacer\"><\/div>\n\n\n\n<section class=\"wp-block-uagb-section uagb-section__wrap uagb-section__background-color uagb-block-11f9fc83\"><div class=\"uagb-section__overlay\"><\/div><div class=\"uagb-section__inner-wrap\">\n<p><strong>\ud83d\udd12 100% einkaufen ohne Risiko:<\/strong> Kein Mindestbestellwert, Gratis-Versand innerhalb Deutschlands ab 59\u20ac Bestellwert + 30 Tage Widerrufsrecht mit kostenlosem R\u00fcckversand.<\/p>\n<\/div><\/section>\n\n\n\n<div style=\"height:20px\" aria-hidden=\"true\" class=\"wp-block-spacer\"><\/div>\n\n\n\n<section class=\"wp-block-uagb-section uagb-section__wrap uagb-section__background-color uagb-block-5b55bd83\"><div class=\"uagb-section__overlay\"><\/div><div class=\"uagb-section__inner-wrap\">\n<p>\ud83e\udd62 <strong>Allerbeste Zutaten f\u00fcr dein Koch- und Geschmackserlebnis: <\/strong>Handverlesene Produkte, die uns pers\u00f6nlich nach vier Kriterien \u00fcberzeugen (1) Geschmack, (2) Authentizit\u00e4t (3) Preis und (4) Verf\u00fcgbarkeit.<\/p>\n<\/div><\/section>\n\n\n\n<div style=\"height:20px\" aria-hidden=\"true\" class=\"wp-block-spacer\"><\/div>\n\n\n\n<section class=\"wp-block-uagb-section uagb-section__wrap uagb-section__background-color uagb-block-94ed5912\"><div class=\"uagb-section__overlay\"><\/div><div class=\"uagb-section__inner-wrap\">\n<p>\ud83d\udc4d <strong>Profitiere von langj\u00e4hriger Erfahrung<\/strong>: 1mal1japan.de gibt es bereits seit 2016. Seitdem durften wir bereits Millionen an Besuchern auf unserem Blog und Shop begr\u00fc\u00dfen und \u00fcber 50.000 zufriedene Kunden beliefern. Ganz herzlichen Dank an alle Leser und Fans!<\/p>\n<\/div><\/section>\n","protected":false},"excerpt":{"rendered":"<p><strong>Japanese breadcrumbs for tempura, tonkatsu &#038; crispy dishes. <\/strong><\/p>\n<p>This Panko breadcrumb from Inaka consists of coarse, airy breadcrumbs and ensures a particularly crispy texture. It is ideal for coating meat, fish, vegetables or for Japanese classics such as Tonkatsu.<\/p>\n","protected":false},"featured_media":63427,"template":"","meta":{"_uag_custom_page_level_css":"","site-sidebar-layout":"default","site-content-layout":"default","ast-site-content-layout":"default","site-content-style":"default","site-sidebar-style":"default","ast-global-header-display":"","ast-banner-title-visibility":"","ast-main-header-display":"","ast-hfb-above-header-display":"","ast-hfb-below-header-display":"","ast-hfb-mobile-header-display":"","site-post-title":"","ast-breadcrumbs-content":"","ast-featured-img":"","footer-sml-layout":"","ast-disable-related-posts":"","theme-transparent-header-meta":"default","adv-header-id-meta":"","stick-header-meta":"default","header-above-stick-meta":"","header-main-stick-meta":"","header-below-stick-meta":"","astra-migrate-meta-layouts":"default","ast-page-background-enabled":"default","ast-page-background-meta":{"desktop":{"background-color":"","background-image":"","background-repeat":"repeat","background-position":"center center","background-size":"auto","background-attachment":"scroll","background-type":"","background-media":"","overlay-type":"","overlay-color":"","overlay-opacity":"","overlay-gradient":""},"tablet":{"background-color":"","background-image":"","background-repeat":"repeat","background-position":"center center","background-size":"auto","background-attachment":"scroll","background-type":"","background-media":"","overlay-type":"","overlay-color":"","overlay-opacity":"","overlay-gradient":""},"mobile":{"background-color":"","background-image":"","background-repeat":"repeat","background-position":"center center","background-size":"auto","background-attachment":"scroll","background-type":"","background-media":"","overlay-type":"","overlay-color":"","overlay-opacity":"","overlay-gradient":""}},"ast-content-background-meta":{"desktop":{"background-color":"var(--ast-global-color-5)","background-image":"","background-repeat":"repeat","background-position":"center center","background-size":"auto","background-attachment":"scroll","background-type":"","background-media":"","overlay-type":"","overlay-color":"","overlay-opacity":"","overlay-gradient":""},"tablet":{"background-color":"var(--ast-global-color-5)","background-image":"","background-repeat":"repeat","background-position":"center center","background-size":"auto","background-attachment":"scroll","background-type":"","background-media":"","overlay-type":"","overlay-color":"","overlay-opacity":"","overlay-gradient":""},"mobile":{"background-color":"var(--ast-global-color-5)","background-image":"","background-repeat":"repeat","background-position":"center center","background-size":"auto","background-attachment":"scroll","background-type":"","background-media":"","overlay-type":"","overlay-color":"","overlay-opacity":"","overlay-gradient":""}}},"product_brand":[],"product_cat":[1688,1689,1741],"product_tag":[],"class_list":{"0":"post-63425","1":"product","2":"type-product","3":"status-publish","4":"has-post-thumbnail","6":"product_cat-alle-produkte","7":"product_cat-neuheiten","8":"product_cat-reis-nudeln-mehl","9":"desktop-align-left","10":"tablet-align-left","11":"mobile-align-left","12":"ast-product-gallery-layout-horizontal-slider","13":"ast-magnify-disabled","14":"ast-product-tabs-layout-horizontal","16":"first","17":"instock","18":"taxable","19":"shipping-taxable","20":"purchasable","21":"product-type-simple"},"yoast_head":"<!-- This site is optimized with the Yoast SEO Premium plugin v27.4 (Yoast SEO v27.4) - https:\/\/yoast.com\/product\/yoast-seo-premium-wordpress\/ -->\n<title>Buy Panko 200g (breadcrumbs, coarse) for tonkatsu &amp; tempura<\/title>\n<meta name=\"description\" content=\"I\u27a1 Panko \u2714 Japanese breadcrumbs \u2714 extra crispy &amp; light \u2714 ideal for tonkatsu, tempura &amp; schnitzel \u2714 200g \u2714 fast delivery!\" \/>\n<meta name=\"robots\" content=\"index, follow, max-snippet:-1, max-image-preview:large, max-video-preview:-1\" \/>\n<link rel=\"canonical\" href=\"https:\/\/1mal1japan.de\/en\/produkt\/panko-200g-breadcrumbs-coarse\/\" \/>\n<meta property=\"og:locale\" content=\"en_US\" \/>\n<meta property=\"og:type\" content=\"article\" \/>\n<meta property=\"og:title\" content=\"Panko 200g breadcrumbs (coarse)\" \/>\n<meta property=\"og:description\" content=\"Japanese breadcrumbs for tempura, tonkatsu &amp; crispy dishes. This Panko breadcrumb from Inaka consists of coarse, airy breadcrumbs and ensures a particularly crispy texture. It is ideal for coating meat, fish, vegetables or for Japanese classics such as Tonkatsu.\" \/>\n<meta property=\"og:url\" content=\"https:\/\/1mal1japan.de\/en\/produkt\/panko-200g-breadcrumbs-coarse\/\" \/>\n<meta property=\"og:site_name\" content=\"1mal1japan.de\" \/>\n<meta property=\"article:modified_time\" content=\"2026-04-23T10:58:31+00:00\" \/>\n<meta property=\"og:image\" content=\"https:\/\/1mal1japan.de\/wp-content\/uploads\/2026\/03\/Panko-200g-1.jpg\" \/>\n\t<meta property=\"og:image:width\" content=\"800\" \/>\n\t<meta property=\"og:image:height\" content=\"800\" \/>\n\t<meta property=\"og:image:type\" content=\"image\/jpeg\" \/>\n<script type=\"application\/ld+json\" class=\"yoast-schema-graph\">{\"@context\":\"https:\\\/\\\/schema.org\",\"@graph\":[{\"@type\":\"WebPage\",\"@id\":\"https:\\\/\\\/1mal1japan.de\\\/en\\\/produkt\\\/panko-200g-breadcrumbs-coarse\\\/\",\"url\":\"https:\\\/\\\/1mal1japan.de\\\/en\\\/produkt\\\/panko-200g-breadcrumbs-coarse\\\/\",\"name\":\"Buy Panko 200g (breadcrumbs, coarse) for tonkatsu & tempura\",\"isPartOf\":{\"@id\":\"https:\\\/\\\/1mal1japan.de\\\/en\\\/#website\"},\"primaryImageOfPage\":{\"@id\":\"https:\\\/\\\/1mal1japan.de\\\/en\\\/produkt\\\/panko-200g-breadcrumbs-coarse\\\/#primaryimage\"},\"image\":{\"@id\":\"https:\\\/\\\/1mal1japan.de\\\/en\\\/produkt\\\/panko-200g-breadcrumbs-coarse\\\/#primaryimage\"},\"thumbnailUrl\":\"https:\\\/\\\/1mal1japan.de\\\/wp-content\\\/uploads\\\/2026\\\/03\\\/Panko-200g-1.jpg\",\"datePublished\":\"2026-03-16T10:59:27+00:00\",\"dateModified\":\"2026-04-23T10:58:31+00:00\",\"description\":\"I\u27a1 Panko \u2714 Japanese breadcrumbs \u2714 extra crispy & light \u2714 ideal for tonkatsu, tempura & schnitzel \u2714 200g \u2714 fast delivery!\",\"breadcrumb\":{\"@id\":\"https:\\\/\\\/1mal1japan.de\\\/en\\\/produkt\\\/panko-200g-breadcrumbs-coarse\\\/#breadcrumb\"},\"inLanguage\":\"en-US\",\"potentialAction\":[{\"@type\":\"ReadAction\",\"target\":[\"https:\\\/\\\/1mal1japan.de\\\/en\\\/produkt\\\/panko-200g-breadcrumbs-coarse\\\/\"]}]},{\"@type\":\"ImageObject\",\"inLanguage\":\"en-US\",\"@id\":\"https:\\\/\\\/1mal1japan.de\\\/en\\\/produkt\\\/panko-200g-breadcrumbs-coarse\\\/#primaryimage\",\"url\":\"https:\\\/\\\/1mal1japan.de\\\/wp-content\\\/uploads\\\/2026\\\/03\\\/Panko-200g-1.jpg\",\"contentUrl\":\"https:\\\/\\\/1mal1japan.de\\\/wp-content\\\/uploads\\\/2026\\\/03\\\/Panko-200g-1.jpg\",\"width\":800,\"height\":800,\"caption\":\"Panko 200 g \u2013 Japanese breadcrumbs (coarse breadcrumbs) | Inaka\"},{\"@type\":\"BreadcrumbList\",\"@id\":\"https:\\\/\\\/1mal1japan.de\\\/en\\\/produkt\\\/panko-200g-breadcrumbs-coarse\\\/#breadcrumb\",\"itemListElement\":[{\"@type\":\"ListItem\",\"position\":1,\"name\":\"Startseite\",\"item\":\"https:\\\/\\\/1mal1japan.de\\\/en\\\/\"},{\"@type\":\"ListItem\",\"position\":2,\"name\":\"Shop\",\"item\":\"https:\\\/\\\/1mal1japan.de\\\/en\\\/shop\\\/\"},{\"@type\":\"ListItem\",\"position\":3,\"name\":\"Panko 200g breadcrumbs (coarse)\"}]},{\"@type\":\"WebSite\",\"@id\":\"https:\\\/\\\/1mal1japan.de\\\/en\\\/#website\",\"url\":\"https:\\\/\\\/1mal1japan.de\\\/en\\\/\",\"name\":\"1mal1japan.de\",\"description\":\"japanisch kochen &amp; einkaufen\",\"publisher\":{\"@id\":\"https:\\\/\\\/1mal1japan.de\\\/en\\\/#\\\/schema\\\/person\\\/3b6eab913fce9065523e927d88b032b0\"},\"potentialAction\":[{\"@type\":\"SearchAction\",\"target\":{\"@type\":\"EntryPoint\",\"urlTemplate\":\"https:\\\/\\\/1mal1japan.de\\\/en\\\/?s={search_term_string}\"},\"query-input\":{\"@type\":\"PropertyValueSpecification\",\"valueRequired\":true,\"valueName\":\"search_term_string\"}}],\"inLanguage\":\"en-US\"},{\"@type\":[\"Person\",\"Organization\"],\"@id\":\"https:\\\/\\\/1mal1japan.de\\\/en\\\/#\\\/schema\\\/person\\\/3b6eab913fce9065523e927d88b032b0\",\"name\":\"Elisa\",\"image\":{\"@type\":\"ImageObject\",\"inLanguage\":\"en-US\",\"@id\":\"https:\\\/\\\/1mal1japan.de\\\/wp-content\\\/uploads\\\/2018\\\/09\\\/Profilbild_Elisa.png\",\"url\":\"https:\\\/\\\/1mal1japan.de\\\/wp-content\\\/uploads\\\/2018\\\/09\\\/Profilbild_Elisa.png\",\"contentUrl\":\"https:\\\/\\\/1mal1japan.de\\\/wp-content\\\/uploads\\\/2018\\\/09\\\/Profilbild_Elisa.png\",\"width\":200,\"height\":200,\"caption\":\"Elisa\"},\"logo\":{\"@id\":\"https:\\\/\\\/1mal1japan.de\\\/wp-content\\\/uploads\\\/2018\\\/09\\\/Profilbild_Elisa.png\"}}]}<\/script>\n<meta property=\"product:brand\" content=\"Inaka\" \/>\n<meta property=\"product:price:amount\" content=\"1.59\" \/>\n<meta property=\"product:price:currency\" content=\"EUR\" \/>\n<meta property=\"og:availability\" content=\"instock\" \/>\n<meta property=\"product:availability\" content=\"instock\" \/>\n<meta property=\"product:retailer_item_id\" content=\"1209\" \/>\n<meta property=\"product:condition\" content=\"new\" \/>\n<!-- \/ Yoast SEO Premium plugin. -->","yoast_head_json":{"title":"Buy Panko 200g (breadcrumbs, coarse) for tonkatsu & tempura","description":"I\u27a1 Panko \u2714 Japanese breadcrumbs \u2714 extra crispy & light \u2714 ideal for tonkatsu, tempura & schnitzel \u2714 200g \u2714 fast delivery!","robots":{"index":"index","follow":"follow","max-snippet":"max-snippet:-1","max-image-preview":"max-image-preview:large","max-video-preview":"max-video-preview:-1"},"canonical":"https:\/\/1mal1japan.de\/en\/produkt\/panko-200g-breadcrumbs-coarse\/","og_locale":"en_US","og_type":"article","og_title":"Panko 200g breadcrumbs (coarse)","og_description":"Japanese breadcrumbs for tempura, tonkatsu & crispy dishes. This Panko breadcrumb from Inaka consists of coarse, airy breadcrumbs and ensures a particularly crispy texture. It is ideal for coating meat, fish, vegetables or for Japanese classics such as Tonkatsu.","og_url":"https:\/\/1mal1japan.de\/en\/produkt\/panko-200g-breadcrumbs-coarse\/","og_site_name":"1mal1japan.de","article_modified_time":"2026-04-23T10:58:31+00:00","og_image":[{"width":800,"height":800,"url":"https:\/\/1mal1japan.de\/wp-content\/uploads\/2026\/03\/Panko-200g-1.jpg","type":"image\/jpeg"}],"schema":{"@context":"https:\/\/schema.org","@graph":[{"@type":"WebPage","@id":"https:\/\/1mal1japan.de\/en\/produkt\/panko-200g-breadcrumbs-coarse\/","url":"https:\/\/1mal1japan.de\/en\/produkt\/panko-200g-breadcrumbs-coarse\/","name":"Buy Panko 200g (breadcrumbs, coarse) for tonkatsu & tempura","isPartOf":{"@id":"https:\/\/1mal1japan.de\/en\/#website"},"primaryImageOfPage":{"@id":"https:\/\/1mal1japan.de\/en\/produkt\/panko-200g-breadcrumbs-coarse\/#primaryimage"},"image":{"@id":"https:\/\/1mal1japan.de\/en\/produkt\/panko-200g-breadcrumbs-coarse\/#primaryimage"},"thumbnailUrl":"https:\/\/1mal1japan.de\/wp-content\/uploads\/2026\/03\/Panko-200g-1.jpg","datePublished":"2026-03-16T10:59:27+00:00","dateModified":"2026-04-23T10:58:31+00:00","description":"I\u27a1 Panko \u2714 Japanese breadcrumbs \u2714 extra crispy & light \u2714 ideal for tonkatsu, tempura & schnitzel \u2714 200g \u2714 fast delivery!","breadcrumb":{"@id":"https:\/\/1mal1japan.de\/en\/produkt\/panko-200g-breadcrumbs-coarse\/#breadcrumb"},"inLanguage":"en-US","potentialAction":[{"@type":"ReadAction","target":["https:\/\/1mal1japan.de\/en\/produkt\/panko-200g-breadcrumbs-coarse\/"]}]},{"@type":"ImageObject","inLanguage":"en-US","@id":"https:\/\/1mal1japan.de\/en\/produkt\/panko-200g-breadcrumbs-coarse\/#primaryimage","url":"https:\/\/1mal1japan.de\/wp-content\/uploads\/2026\/03\/Panko-200g-1.jpg","contentUrl":"https:\/\/1mal1japan.de\/wp-content\/uploads\/2026\/03\/Panko-200g-1.jpg","width":800,"height":800,"caption":"Panko 200 g \u2013 Japanese breadcrumbs (coarse breadcrumbs) | Inaka"},{"@type":"BreadcrumbList","@id":"https:\/\/1mal1japan.de\/en\/produkt\/panko-200g-breadcrumbs-coarse\/#breadcrumb","itemListElement":[{"@type":"ListItem","position":1,"name":"Startseite","item":"https:\/\/1mal1japan.de\/en\/"},{"@type":"ListItem","position":2,"name":"Shop","item":"https:\/\/1mal1japan.de\/en\/shop\/"},{"@type":"ListItem","position":3,"name":"Panko 200g breadcrumbs (coarse)"}]},{"@type":"WebSite","@id":"https:\/\/1mal1japan.de\/en\/#website","url":"https:\/\/1mal1japan.de\/en\/","name":"1mal1japan.de","description":"japanisch kochen &amp; einkaufen","publisher":{"@id":"https:\/\/1mal1japan.de\/en\/#\/schema\/person\/3b6eab913fce9065523e927d88b032b0"},"potentialAction":[{"@type":"SearchAction","target":{"@type":"EntryPoint","urlTemplate":"https:\/\/1mal1japan.de\/en\/?s={search_term_string}"},"query-input":{"@type":"PropertyValueSpecification","valueRequired":true,"valueName":"search_term_string"}}],"inLanguage":"en-US"},{"@type":["Person","Organization"],"@id":"https:\/\/1mal1japan.de\/en\/#\/schema\/person\/3b6eab913fce9065523e927d88b032b0","name":"Elisa","image":{"@type":"ImageObject","inLanguage":"en-US","@id":"https:\/\/1mal1japan.de\/wp-content\/uploads\/2018\/09\/Profilbild_Elisa.png","url":"https:\/\/1mal1japan.de\/wp-content\/uploads\/2018\/09\/Profilbild_Elisa.png","contentUrl":"https:\/\/1mal1japan.de\/wp-content\/uploads\/2018\/09\/Profilbild_Elisa.png","width":200,"height":200,"caption":"Elisa"},"logo":{"@id":"https:\/\/1mal1japan.de\/wp-content\/uploads\/2018\/09\/Profilbild_Elisa.png"}}]},"product_brand":"Inaka","product_price_amount":"1.59","product_price_currency":"EUR","og_availability":"instock","product_availability":"instock","product_retailer_item_id":"1209","product_condition":"new"},"uagb_featured_image_src":{"full":["https:\/\/1mal1japan.de\/wp-content\/uploads\/2026\/03\/Panko-200g-1.jpg",800,800,false],"thumbnail":["https:\/\/1mal1japan.de\/wp-content\/uploads\/2026\/03\/Panko-200g-1-150x150.jpg",150,150,true],"medium":["https:\/\/1mal1japan.de\/wp-content\/uploads\/2026\/03\/Panko-200g-1-300x300.jpg",300,300,true],"medium_large":["https:\/\/1mal1japan.de\/wp-content\/uploads\/2026\/03\/Panko-200g-1-768x768.jpg",768,768,true],"large":["https:\/\/1mal1japan.de\/wp-content\/uploads\/2026\/03\/Panko-200g-1.jpg",800,800,false],"1536x1536":["https:\/\/1mal1japan.de\/wp-content\/uploads\/2026\/03\/Panko-200g-1.jpg",800,800,false],"2048x2048":["https:\/\/1mal1japan.de\/wp-content\/uploads\/2026\/03\/Panko-200g-1.jpg",800,800,false],"woocommerce_thumbnail":["https:\/\/1mal1japan.de\/wp-content\/uploads\/2026\/03\/Panko-200g-1-600x600.jpg",600,600,true],"woocommerce_single":["https:\/\/1mal1japan.de\/wp-content\/uploads\/2026\/03\/Panko-200g-1.jpg",800,800,false],"woocommerce_gallery_thumbnail":["https:\/\/1mal1japan.de\/wp-content\/uploads\/2026\/03\/Panko-200g-1-100x100.jpg",100,100,true]},"uagb_author_info":{"display_name":"kiwi19901","author_link":"https:\/\/1mal1japan.de\/en\/author\/"},"uagb_comment_info":0,"uagb_excerpt":"Japanese breadcrumbs for tempura, tonkatsu & crispy dishes. This Panko breadcrumb from Inaka consists of coarse, airy breadcrumbs and ensures a particularly crispy texture. It is ideal for coating meat, fish, vegetables or for Japanese classics such as Tonkatsu.","_links":{"self":[{"href":"https:\/\/1mal1japan.de\/en\/wp-json\/wp\/v2\/product\/63425","targetHints":{"allow":["GET"]}}],"collection":[{"href":"https:\/\/1mal1japan.de\/en\/wp-json\/wp\/v2\/product"}],"about":[{"href":"https:\/\/1mal1japan.de\/en\/wp-json\/wp\/v2\/types\/product"}],"wp:featuredmedia":[{"embeddable":true,"href":"https:\/\/1mal1japan.de\/en\/wp-json\/wp\/v2\/media\/63427"}],"wp:attachment":[{"href":"https:\/\/1mal1japan.de\/en\/wp-json\/wp\/v2\/media?parent=63425"}],"wp:term":[{"taxonomy":"product_brand","embeddable":true,"href":"https:\/\/1mal1japan.de\/en\/wp-json\/wp\/v2\/product_brand?post=63425"},{"taxonomy":"product_cat","embeddable":true,"href":"https:\/\/1mal1japan.de\/en\/wp-json\/wp\/v2\/product_cat?post=63425"},{"taxonomy":"product_tag","embeddable":true,"href":"https:\/\/1mal1japan.de\/en\/wp-json\/wp\/v2\/product_tag?post=63425"}],"curies":[{"name":"wp","href":"https:\/\/api.w.org\/{rel}","templated":true}]}}