{"id":61481,"date":"2021-04-15T10:20:57","date_gmt":"2021-04-15T08:20:57","guid":{"rendered":"https:\/\/1mal1japan.de\/informazioni-relative-allesercizio-del-diritto-di-recesso-modulo-di-recesso-tipo\/"},"modified":"2026-04-28T09:56:54","modified_gmt":"2026-04-28T07:56:54","slug":"informazioni-relative-allesercizio-del-diritto-di-recesso-modulo-di-recesso-tipo","status":"publish","type":"page","link":"https:\/\/1mal1japan.de\/it\/informazioni-relative-allesercizio-del-diritto-di-recesso-modulo-di-recesso-tipo\/","title":{"rendered":"Informazioni relative all\u2019esercizio del diritto di recesso &amp; Modulo di recesso tipo"},"content":{"rendered":"\n<div>\n<h2>A. Informazioni relative all\u2019esercizio del diritto di recesso<\/h2>\n<h3>Introduzione<\/h3>\n<p>\u00c8 prevista per i consumatori la facolt\u00e0 di esercitare il diritto di recesso alle condizioni riportate di seguito, dove per consumatore si intende una persona fisica che abbia sottoscritto un negozio giuridico per finalit\u00e0 principalmente non riconducibili alla rispettiva attivit\u00e0 commerciale o autonoma esercitata:<\/p>\n<h3>Diritto di recesso<\/h3>\n<p>Il cliente ha il diritto di recedere dal presente contratto senza doverne indicare le ragioni.<br\/><\/p>\n<p>Per i contratti di fornitura merci il termine di recesso \u00e8 di 30 giorni a decorrere dalla data in cui il cliente o un soggetto terzo da lui incaricato, a esclusione del trasportatore, sar\u00e0 entrato in possesso della merce oggetto dell\u2019ultima consegna a completa evasione dell\u2019ordine.<\/p>\n<p>Per esercitare il diritto di recesso, \u00e8 necessario comunicarci (1mal1japan GmbH, Jagdweg 1-3, 01159 Dresda, Germania, Tel.: +4917630189762, e-mail: impressum@1mal1japan.de) mediante una dichiarazione esplicita (ad es. una lettera inviata per posta o un&#8217;e-mail) della sua decisione di recedere dal presente contratto. A tal fine pu\u00f2 utilizzare il modulo di recesso allegato, che tuttavia non \u00e8 obbligatorio.<\/p>\n<p>Per rispettare il termine di recesso, \u00e8 sufficiente che Lei invii la comunicazione relativa all\u2019esercizio del diritto di recesso prima della scadenza del periodo di recesso.<\/p>\n<h3>Effeti del recesso<\/h3>\n<p>Se Lei recede dal presente contratto, Le saranno rimborsati tutti i pagamenti che ha effettuato a nostro favore, compresi i costi di consegna (ad eccezione dei costi supplementari derivanti dalla Sua eventuale scelta di un tipo di consegna diverso dal tipo meno costoso di consegna standard da noi offerto), senza indebito ritardo e in ogni caso non oltre 14 giorni dal giorno in cui siamo informati della Sua decisione di recedere dal presente contratto. Detti rimborsi saranno effettuati utilizzando lo stesso mezzo di pagamento da Lei usato per la transazione iniziale, salvo che Lei non abbia espressamente convenuto altrimenti; in ogni caso, non dovr\u00e0 sostenere alcun costo quale conseguenza di tale rimborso.  <\/p>\n<p>\u00c8 nostra facolt\u00e0 rifiutare il risarcimento fino ad avvenuta restituzione della merce o fino alla presentazione della documentazione attestante la restituzione della merce da parte del consumatore, a seconda della condizione che si verifica prima. <\/p>\n<p>I costi di restituzione della merce sono a nostro carico.<\/p>\n<p>Lei \u00e8 responsabile solo della diminuzione del valore dei beni risultante da una manipolazione del bene diversa da quella necessaria per stabilire la natura, le caratteristiche e il funzionamento dei beni.<\/p>\n<h3>Esclusione o estinzione anticipata del diritto di recesso<\/h3>\n<p>Il diritto di recesso non \u00e8 contemplato per consumatori che alla data di stipula del contratto non appartengano a uno stato membro dell\u2019Unione europea e la cui residenza e indirizzo di consegna al momento della stipula del contratto siano situati fuori dai confini dell\u2019Unione europea.<\/p>\n<h3>Negozi collegati \/ finanziati<\/h3>\n<p>Qualora il cliente finanzi il presente contratto attraverso un prestito e successivamente lo revochi, nella misura in cui i due contratti costituiscono un\u2019unit\u00e0 economica, verr\u00e0 meno anche il vincolo al contratto di finanziamento. Quanto sopra in particolare \u00e8 presumibile nel caso in cui la nostra azienda sia contemporaneamente erogatore del finanziamento o qualora l\u2019erogatore coinvolga nel finanziamento la nostra azienda. Qualora, alla data in cui ha effetto la revoca o contestualmente al reso della merce, il finanziamento sia gi\u00e0 stato erogato, l\u2019erogatore del finanziamento stabilisce un rapporto contrattuale con il cliente subentrando nei diritti e obblighi derivanti dal contratto di finanziamento in merito alle conseguenze giuridiche della revoca o del reso. Quanto sopra non si applica qualora il presente contratto abbia per oggetto l\u2019acquisto di strumenti finanziari (tra cui titoli, valute o derivati). Qualora preferisca evitare nella massima misura possibile un vincolo contrattuale, il cliente potr\u00e0 far valere il proprio diritto di revoca recedendo inoltre dal contratto di finanziamento, sempre che tale diritto di revoca sia contemplato.    <\/p>\n<h3>Informazioni generali<\/h3>\n<p>1) Evitare di danneggiare e contaminare i prodotti. Restituire il prodotto possibilmente nella confezione originale con tutti gli accessori e tutti gli elementi dell\u2019imballaggio. Laddove necessario, utilizzare un involucro di protezione per la spedizione. Se non si possiede pi\u00f9 la confezione originale, utilizzare un imballo idoneo che garantisca una protezione sufficiente contro i danni da trasporto.<br\/>2) Si prega di non restituire le merci a noi merci raccogliere.<br\/>3) Si prega di notare che le indicazioni generali sopra fornite non costituiscono comunque un prerequisito per l&#8217;esercizio efficace del diritto di recesso.   <\/p>\n<h2>B. Modulo di recesso tipo<\/h2>\n<p>Compilare e restituire il presente modulo solo se si desidera recedere dal contratto.<\/p>\n<p>Destinatario:<\/p>\n<p>1mal1japan GmbH<br\/>Jagdweg 1-3<br\/>01159 Dresda<br\/>Germania<\/p>\n<p>e-mail: impressum@1mal1japan.de<\/p>\n<p>Con la presente io\/noi (*) recedo\/recediamo dal contratto da me\/noi (*) stipulato per l&#8217;acquisto dei seguenti beni (*) \/ la prestazione del seguente servizio (*)<\/p>\n<p>_______________________________________________________<\/p>\n<p>_______________________________________________________<\/p>\n<p>Ordinato il (*) ____________ \/ ricevuto il (*) __________________<br\/>________________________________________________________<\/p>\n<p>Nome del\/dei consumatore(i)<br\/>________________________________________________________<\/p>\n<p>Indirizzo del\/dei consumatore(i)<br\/>________________________________________________________<\/p>\n<p>Firma del\/dei consumatore(i) (solo se il presente modulo \u00e8 notificato in versione cartacea)<br\/>_________________________<\/p>\n<p>_________________________<br\/>Data<\/p>\n<p>(*) Cancellare la dicitura inutile.<\/p><\/div><div id=\"itkanzlei_txt_copyright\" style=\"font-size: 12px; margin-top: 8em;\"><div style=\"display: inline-block; vertical-align: top;\"><a href=\"https:\/\/www.it-recht-kanzlei.de\/\" target=\"_blank\"><img decoding=\"async\" src=\"https:\/\/www.it-recht-kanzlei.de\/logo\/Copyright-Logo_Widerrufsbelehrung.png?i=4eca9-3542b-39c9-907f-1\" id=\"itkanzlei_img_copyright\" alt=\"\u00a9 IT-Recht Kanzlei\" title=\"\u00a9 IT-Recht Kanzlei\" style=\"margin-top: -20px; border-style: none; max-width: 100%;\"\/><\/a><\/div><div style=\"display: inline-block; vertical-align: top; margin-left: 5px; float: right; white-space: nowrap;\">Aggiornato al: 16\/03\/2026, ore 12:45:52<\/div><div style=\"clear: right;\"><\/div><\/div>\n","protected":false},"excerpt":{"rendered":"<p>A. Informazioni relative all\u2019esercizio del diritto di recesso Introduzione \u00c8 prevista per i consumatori la facolt\u00e0 di esercitare il diritto [&hellip;]<\/p>\n","protected":false},"author":2,"featured_media":0,"parent":0,"menu_order":0,"comment_status":"closed","ping_status":"closed","template":"","meta":{"_uag_custom_page_level_css":"","site-sidebar-layout":"default","site-content-layout":"default","ast-site-content-layout":"default","site-content-style":"default","site-sidebar-style":"default","ast-global-header-display":"","ast-banner-title-visibility":"","ast-main-header-display":"","ast-hfb-above-header-display":"","ast-hfb-below-header-display":"","ast-hfb-mobile-header-display":"","site-post-title":"","ast-breadcrumbs-content":"","ast-featured-img":"","footer-sml-layout":"","ast-disable-related-posts":"","theme-transparent-header-meta":"default","adv-header-id-meta":"","stick-header-meta":"default","header-above-stick-meta":"","header-main-stick-meta":"","header-below-stick-meta":"","astra-migrate-meta-layouts":"default","ast-page-background-enabled":"default","ast-page-background-meta":{"desktop":{"background-color":"","background-image":"","background-repeat":"repeat","background-position":"center center","background-size":"auto","background-attachment":"scroll","background-type":"","background-media":"","overlay-type":"","overlay-color":"","overlay-opacity":"","overlay-gradient":""},"tablet":{"background-color":"","background-image":"","background-repeat":"repeat","background-position":"center center","background-size":"auto","background-attachment":"scroll","background-type":"","background-media":"","overlay-type":"","overlay-color":"","overlay-opacity":"","overlay-gradient":""},"mobile":{"background-color":"","background-image":"","background-repeat":"repeat","background-position":"center center","background-size":"auto","background-attachment":"scroll","background-type":"","background-media":"","overlay-type":"","overlay-color":"","overlay-opacity":"","overlay-gradient":""}},"ast-content-background-meta":{"desktop":{"background-color":"var(--ast-global-color-5)","background-image":"","background-repeat":"repeat","background-position":"center center","background-size":"auto","background-attachment":"scroll","background-type":"","background-media":"","overlay-type":"","overlay-color":"","overlay-opacity":"","overlay-gradient":""},"tablet":{"background-color":"var(--ast-global-color-5)","background-image":"","background-repeat":"repeat","background-position":"center center","background-size":"auto","background-attachment":"scroll","background-type":"","background-media":"","overlay-type":"","overlay-color":"","overlay-opacity":"","overlay-gradient":""},"mobile":{"background-color":"var(--ast-global-color-5)","background-image":"","background-repeat":"repeat","background-position":"center center","background-size":"auto","background-attachment":"scroll","background-type":"","background-media":"","overlay-type":"","overlay-color":"","overlay-opacity":"","overlay-gradient":""}},"footnotes":""},"class_list":["post-61481","page","type-page","status-publish","hentry"],"yoast_head":"<!-- This site is optimized with the Yoast SEO Premium plugin v27.5 (Yoast SEO v27.5) - https:\/\/yoast.com\/product\/yoast-seo-premium-wordpress\/ -->\n<title>Informazioni relative all\u2019esercizio del diritto di recesso &amp; Modulo di recesso tipo - 1mal1japan.de<\/title>\n<meta name=\"robots\" content=\"noindex, follow\" \/>\n<meta property=\"og:locale\" content=\"it_IT\" \/>\n<meta property=\"og:type\" content=\"article\" \/>\n<meta property=\"og:title\" content=\"Informazioni relative all\u2019esercizio del diritto di recesso &amp; Modulo di recesso tipo\" \/>\n<meta property=\"og:description\" content=\"A. Informazioni relative all\u2019esercizio del diritto di recesso Introduzione \u00c8 prevista per i consumatori la facolt\u00e0 di esercitare il diritto di recesso\" \/>\n<meta property=\"og:url\" content=\"https:\/\/1mal1japan.de\/it\/informazioni-relative-allesercizio-del-diritto-di-recesso-modulo-di-recesso-tipo\/\" \/>\n<meta property=\"og:site_name\" content=\"1mal1japan.de\" \/>\n<meta property=\"article:modified_time\" content=\"2026-04-28T07:56:54+00:00\" \/>\n<meta property=\"og:image\" content=\"https:\/\/www.it-recht-kanzlei.de\/logo\/Copyright-Logo_Widerrufsbelehrung.png?i=4eca9-3542b-39c9-907f-1\" \/>\n<script type=\"application\/ld+json\" class=\"yoast-schema-graph\">{\"@context\":\"https:\\\/\\\/schema.org\",\"@graph\":[{\"@type\":\"WebPage\",\"@id\":\"https:\\\/\\\/1mal1japan.de\\\/it\\\/informazioni-relative-allesercizio-del-diritto-di-recesso-modulo-di-recesso-tipo\\\/\",\"url\":\"https:\\\/\\\/1mal1japan.de\\\/it\\\/informazioni-relative-allesercizio-del-diritto-di-recesso-modulo-di-recesso-tipo\\\/\",\"name\":\"Informazioni relative all\u2019esercizio del diritto di recesso &amp; Modulo di recesso tipo - 1mal1japan.de\",\"isPartOf\":{\"@id\":\"https:\\\/\\\/1mal1japan.de\\\/it\\\/#website\"},\"primaryImageOfPage\":{\"@id\":\"https:\\\/\\\/1mal1japan.de\\\/it\\\/informazioni-relative-allesercizio-del-diritto-di-recesso-modulo-di-recesso-tipo\\\/#primaryimage\"},\"image\":{\"@id\":\"https:\\\/\\\/1mal1japan.de\\\/it\\\/informazioni-relative-allesercizio-del-diritto-di-recesso-modulo-di-recesso-tipo\\\/#primaryimage\"},\"thumbnailUrl\":\"https:\\\/\\\/www.it-recht-kanzlei.de\\\/logo\\\/Copyright-Logo_Widerrufsbelehrung.png?i=4eca9-3542b-39c9-907f-1\",\"datePublished\":\"2021-04-15T08:20:57+00:00\",\"dateModified\":\"2026-04-28T07:56:54+00:00\",\"breadcrumb\":{\"@id\":\"https:\\\/\\\/1mal1japan.de\\\/it\\\/informazioni-relative-allesercizio-del-diritto-di-recesso-modulo-di-recesso-tipo\\\/#breadcrumb\"},\"inLanguage\":\"it-IT\",\"potentialAction\":[{\"@type\":\"ReadAction\",\"target\":[\"https:\\\/\\\/1mal1japan.de\\\/it\\\/informazioni-relative-allesercizio-del-diritto-di-recesso-modulo-di-recesso-tipo\\\/\"]}]},{\"@type\":\"ImageObject\",\"inLanguage\":\"it-IT\",\"@id\":\"https:\\\/\\\/1mal1japan.de\\\/it\\\/informazioni-relative-allesercizio-del-diritto-di-recesso-modulo-di-recesso-tipo\\\/#primaryimage\",\"url\":\"https:\\\/\\\/www.it-recht-kanzlei.de\\\/logo\\\/Copyright-Logo_Widerrufsbelehrung.png?i=4eca9-3542b-39c9-907f-1\",\"contentUrl\":\"https:\\\/\\\/www.it-recht-kanzlei.de\\\/logo\\\/Copyright-Logo_Widerrufsbelehrung.png?i=4eca9-3542b-39c9-907f-1\"},{\"@type\":\"BreadcrumbList\",\"@id\":\"https:\\\/\\\/1mal1japan.de\\\/it\\\/informazioni-relative-allesercizio-del-diritto-di-recesso-modulo-di-recesso-tipo\\\/#breadcrumb\",\"itemListElement\":[{\"@type\":\"ListItem\",\"position\":1,\"name\":\"Startseite\",\"item\":\"https:\\\/\\\/1mal1japan.de\\\/it\\\/\"},{\"@type\":\"ListItem\",\"position\":2,\"name\":\"Informazioni relative all\u2019esercizio del diritto di recesso &amp; Modulo di recesso tipo\"}]},{\"@type\":\"WebSite\",\"@id\":\"https:\\\/\\\/1mal1japan.de\\\/it\\\/#website\",\"url\":\"https:\\\/\\\/1mal1japan.de\\\/it\\\/\",\"name\":\"1mal1japan.de\",\"description\":\"japanisch kochen &amp; einkaufen\",\"publisher\":{\"@id\":\"https:\\\/\\\/1mal1japan.de\\\/it\\\/#\\\/schema\\\/person\\\/3b6eab913fce9065523e927d88b032b0\"},\"potentialAction\":[{\"@type\":\"SearchAction\",\"target\":{\"@type\":\"EntryPoint\",\"urlTemplate\":\"https:\\\/\\\/1mal1japan.de\\\/it\\\/?s={search_term_string}\"},\"query-input\":{\"@type\":\"PropertyValueSpecification\",\"valueRequired\":true,\"valueName\":\"search_term_string\"}}],\"inLanguage\":\"it-IT\"},{\"@type\":[\"Person\",\"Organization\"],\"@id\":\"https:\\\/\\\/1mal1japan.de\\\/it\\\/#\\\/schema\\\/person\\\/3b6eab913fce9065523e927d88b032b0\",\"name\":\"Elisa\",\"image\":{\"@type\":\"ImageObject\",\"inLanguage\":\"it-IT\",\"@id\":\"https:\\\/\\\/1mal1japan.de\\\/wp-content\\\/uploads\\\/2018\\\/09\\\/Profilbild_Elisa.png\",\"url\":\"https:\\\/\\\/1mal1japan.de\\\/wp-content\\\/uploads\\\/2018\\\/09\\\/Profilbild_Elisa.png\",\"contentUrl\":\"https:\\\/\\\/1mal1japan.de\\\/wp-content\\\/uploads\\\/2018\\\/09\\\/Profilbild_Elisa.png\",\"width\":200,\"height\":200,\"caption\":\"Elisa\"},\"logo\":{\"@id\":\"https:\\\/\\\/1mal1japan.de\\\/wp-content\\\/uploads\\\/2018\\\/09\\\/Profilbild_Elisa.png\"}}]}<\/script>\n<!-- \/ Yoast SEO Premium plugin. -->","yoast_head_json":{"title":"Informazioni relative all\u2019esercizio del diritto di recesso &amp; Modulo di recesso tipo - 1mal1japan.de","robots":{"index":"noindex","follow":"follow"},"og_locale":"it_IT","og_type":"article","og_title":"Informazioni relative all\u2019esercizio del diritto di recesso &amp; Modulo di recesso tipo","og_description":"A. Informazioni relative all\u2019esercizio del diritto di recesso Introduzione \u00c8 prevista per i consumatori la facolt\u00e0 di esercitare il diritto di recesso","og_url":"https:\/\/1mal1japan.de\/it\/informazioni-relative-allesercizio-del-diritto-di-recesso-modulo-di-recesso-tipo\/","og_site_name":"1mal1japan.de","article_modified_time":"2026-04-28T07:56:54+00:00","og_image":[{"url":"https:\/\/www.it-recht-kanzlei.de\/logo\/Copyright-Logo_Widerrufsbelehrung.png?i=4eca9-3542b-39c9-907f-1","type":"","width":"","height":""}],"schema":{"@context":"https:\/\/schema.org","@graph":[{"@type":"WebPage","@id":"https:\/\/1mal1japan.de\/it\/informazioni-relative-allesercizio-del-diritto-di-recesso-modulo-di-recesso-tipo\/","url":"https:\/\/1mal1japan.de\/it\/informazioni-relative-allesercizio-del-diritto-di-recesso-modulo-di-recesso-tipo\/","name":"Informazioni relative all\u2019esercizio del diritto di recesso &amp; Modulo di recesso tipo - 1mal1japan.de","isPartOf":{"@id":"https:\/\/1mal1japan.de\/it\/#website"},"primaryImageOfPage":{"@id":"https:\/\/1mal1japan.de\/it\/informazioni-relative-allesercizio-del-diritto-di-recesso-modulo-di-recesso-tipo\/#primaryimage"},"image":{"@id":"https:\/\/1mal1japan.de\/it\/informazioni-relative-allesercizio-del-diritto-di-recesso-modulo-di-recesso-tipo\/#primaryimage"},"thumbnailUrl":"https:\/\/www.it-recht-kanzlei.de\/logo\/Copyright-Logo_Widerrufsbelehrung.png?i=4eca9-3542b-39c9-907f-1","datePublished":"2021-04-15T08:20:57+00:00","dateModified":"2026-04-28T07:56:54+00:00","breadcrumb":{"@id":"https:\/\/1mal1japan.de\/it\/informazioni-relative-allesercizio-del-diritto-di-recesso-modulo-di-recesso-tipo\/#breadcrumb"},"inLanguage":"it-IT","potentialAction":[{"@type":"ReadAction","target":["https:\/\/1mal1japan.de\/it\/informazioni-relative-allesercizio-del-diritto-di-recesso-modulo-di-recesso-tipo\/"]}]},{"@type":"ImageObject","inLanguage":"it-IT","@id":"https:\/\/1mal1japan.de\/it\/informazioni-relative-allesercizio-del-diritto-di-recesso-modulo-di-recesso-tipo\/#primaryimage","url":"https:\/\/www.it-recht-kanzlei.de\/logo\/Copyright-Logo_Widerrufsbelehrung.png?i=4eca9-3542b-39c9-907f-1","contentUrl":"https:\/\/www.it-recht-kanzlei.de\/logo\/Copyright-Logo_Widerrufsbelehrung.png?i=4eca9-3542b-39c9-907f-1"},{"@type":"BreadcrumbList","@id":"https:\/\/1mal1japan.de\/it\/informazioni-relative-allesercizio-del-diritto-di-recesso-modulo-di-recesso-tipo\/#breadcrumb","itemListElement":[{"@type":"ListItem","position":1,"name":"Startseite","item":"https:\/\/1mal1japan.de\/it\/"},{"@type":"ListItem","position":2,"name":"Informazioni relative all\u2019esercizio del diritto di recesso &amp; Modulo di recesso tipo"}]},{"@type":"WebSite","@id":"https:\/\/1mal1japan.de\/it\/#website","url":"https:\/\/1mal1japan.de\/it\/","name":"1mal1japan.de","description":"japanisch kochen &amp; einkaufen","publisher":{"@id":"https:\/\/1mal1japan.de\/it\/#\/schema\/person\/3b6eab913fce9065523e927d88b032b0"},"potentialAction":[{"@type":"SearchAction","target":{"@type":"EntryPoint","urlTemplate":"https:\/\/1mal1japan.de\/it\/?s={search_term_string}"},"query-input":{"@type":"PropertyValueSpecification","valueRequired":true,"valueName":"search_term_string"}}],"inLanguage":"it-IT"},{"@type":["Person","Organization"],"@id":"https:\/\/1mal1japan.de\/it\/#\/schema\/person\/3b6eab913fce9065523e927d88b032b0","name":"Elisa","image":{"@type":"ImageObject","inLanguage":"it-IT","@id":"https:\/\/1mal1japan.de\/wp-content\/uploads\/2018\/09\/Profilbild_Elisa.png","url":"https:\/\/1mal1japan.de\/wp-content\/uploads\/2018\/09\/Profilbild_Elisa.png","contentUrl":"https:\/\/1mal1japan.de\/wp-content\/uploads\/2018\/09\/Profilbild_Elisa.png","width":200,"height":200,"caption":"Elisa"},"logo":{"@id":"https:\/\/1mal1japan.de\/wp-content\/uploads\/2018\/09\/Profilbild_Elisa.png"}}]}},"uagb_featured_image_src":{"full":false,"thumbnail":false,"medium":false,"medium_large":false,"large":false,"1536x1536":false,"2048x2048":false,"woocommerce_thumbnail":false,"woocommerce_single":false,"woocommerce_gallery_thumbnail":false},"uagb_author_info":{"display_name":"Elisa","author_link":"https:\/\/1mal1japan.de\/it\/author\/elisa\/"},"uagb_comment_info":0,"uagb_excerpt":"A. Informazioni relative all\u2019esercizio del diritto di recesso Introduzione \u00c8 prevista per i consumatori la facolt\u00e0 di esercitare il diritto [&hellip;]","_links":{"self":[{"href":"https:\/\/1mal1japan.de\/it\/wp-json\/wp\/v2\/pages\/61481","targetHints":{"allow":["GET"]}}],"collection":[{"href":"https:\/\/1mal1japan.de\/it\/wp-json\/wp\/v2\/pages"}],"about":[{"href":"https:\/\/1mal1japan.de\/it\/wp-json\/wp\/v2\/types\/page"}],"author":[{"embeddable":true,"href":"https:\/\/1mal1japan.de\/it\/wp-json\/wp\/v2\/users\/2"}],"replies":[{"embeddable":true,"href":"https:\/\/1mal1japan.de\/it\/wp-json\/wp\/v2\/comments?post=61481"}],"version-history":[{"count":3,"href":"https:\/\/1mal1japan.de\/it\/wp-json\/wp\/v2\/pages\/61481\/revisions"}],"predecessor-version":[{"id":63760,"href":"https:\/\/1mal1japan.de\/it\/wp-json\/wp\/v2\/pages\/61481\/revisions\/63760"}],"wp:attachment":[{"href":"https:\/\/1mal1japan.de\/it\/wp-json\/wp\/v2\/media?parent=61481"}],"curies":[{"name":"wp","href":"https:\/\/api.w.org\/{rel}","templated":true}]}}