{"id":64309,"date":"2021-04-15T10:20:57","date_gmt":"2021-04-15T08:20:57","guid":{"rendered":"https:\/\/1mal1japan.de\/modalita-di-pagamento\/"},"modified":"2026-04-28T12:45:30","modified_gmt":"2026-04-28T10:45:30","slug":"modalita-di-pagamento","status":"publish","type":"page","link":"https:\/\/1mal1japan.de\/it\/modalita-di-pagamento\/","title":{"rendered":"Modalit\u00e0 di pagamento"},"content":{"rendered":"\n<hr class=\"wp-block-separator has-text-color has-css-opacity has-background is-style-wide\" style=\"background-color:#333333;color:#333333\"\/>\n\n<p>Vi offriamo le seguenti modalit\u00e0 di pagamento. Scegliete semplicemente quella pi\u00f9 adatta alle vostre esigenze. Le spese di spedizione dipendono in parte dalla modalit\u00e0 di pagamento scelta. I prezzi indicati nelle rispettive offerte sono prezzi finali. Essi comprendono tutte le componenti del prezzo, comprese le eventuali imposte applicabili, come l&#8217;IVA. Solo in caso di consegna transfrontaliera, in singoli casi potrebbero essere dovute ulteriori imposte (ad es. in caso di acquisto intracomunitario) e\/o tasse (ad es. dazi doganali), che dovrete pagare non al venditore, ma alle autorit\u00e0 doganali o fiscali competenti del luogo di destinazione. Le spese di consegna e spedizione non sono incluse nel prezzo di acquisto, sono consultabili alla pagina &#8220;Spese di spedizione&#8221;, vengono indicate separatamente durante la procedura d&#8217;ordine e sono a carico dell&#8217;acquirente.      <\/p>\n\n<p><strong>Pagamento anticipato<\/strong><br\/>Se scegliete il pagamento anticipato, vi comunicheremo le nostre coordinate bancarie tramite un&#8217;e-mail separata e spediremo la merce dopo aver ricevuto il pagamento.<\/p>\n\n<p><strong>Carta di credito<\/strong><br\/>Durante la procedura di ordine inserisca i suoi dati della carta di credito . La sua carta verr\u00e0 addebitata subito dopo l&#8217;invio dell&#8217;ordine addebitata. <\/p>\n\n<p><strong>PayPal, PayPal Express<\/strong><br\/>Per poter pagare l&#8217;importo della fattura tramite il fornitore di servizi di pagamento PayPal (Europe) S.\u00e0 r.l. et Cie, S.C.A, 22-24 Boulevard Royal, L-2449 Lussemburgo (&#8220;PayPal&#8221;), \u00e8 necessario essere registrati su PayPal, autenticarsi con i propri dati di accesso e confermare l&#8217;ordine di pagamento. La transazione di pagamento viene eseguita da PayPal immediatamente dopo l&#8217;invio dell&#8217;ordine. Ulteriori informazioni sono disponibili durante la procedura di ordinazione.<\/p>\n\n<p>PayPal pu\u00f2 selezionare e in base a propri criteri i clienti PayPal-clienti ulteriori modalit\u00e0 di pagamento nel conto cliente offrire. Sulla l&#8217; offerta di queste modalit\u00e0 non abbiamo alcuna influenza; ulteriori modalit\u00e0 di pagamento offerte individualmente riguardano il Suo rapporto giuridico con PayPal. Ulteriori informazioni al riguardo sono disponibili nel suo conto PayPal.  <\/p>\n\n<p><strong>Sofort by Klarna<\/strong><br\/>Per poter pagare l&#8217;importo della fattura tramite il fornitore di servizi di pagamento Sofort GmbH, Theresienh\u00f6he 12, 80339 Monaco di Baviera, \u00e8 necessario disporre di un conto corrente bancario abilitato all&#8217;online banking, autenticarsi e confermare l&#8217;ordine di pagamento. L&#8217;addebito sul tuo conto avverr\u00e0 immediatamente dopo l&#8217;invio dell&#8217;ordine. Ulteriori informazioni sono disponibili durante la procedura di ordinazione.  <\/p>\n\n<p><strong>Apple Pay<\/strong><br\/>Per poter pagare l&#8217;importo della fattura tramite il fornitore di servizi di pagamento Apple Inc., One Apple Park Way, Cupertino, CA 95014, USA (&#8220;Apple&#8221;), \u00e8 necessario utilizzare il browser &#8220;Safari&#8221;, essere registrati presso Apple, aver attivato la funzione Apple Pay, autenticarsi con i propri dati di accesso e confermare l&#8217;ordine di pagamento. La transazione di pagamento viene eseguita immediatamente dopo l&#8217;invio dell&#8217;ordine. Ulteriori informazioni sono disponibili durante la procedura di ordinazione.<\/p>\n\n<p><strong>Amazon Pay<\/strong><br\/>Per poter pagare l&#8217;importo della fattura tramite il fornitore di servizi di pagamento Amazon Payments Europe S.C.A., 38 avenue J.F. Kennedy, L-1855 Lussemburgo (\u00abAmazon\u00bb), \u00e8 necessario essere registrati su Amazon, autenticarsi con le proprie credenziali di accesso e confermare l&#8217;ordine di pagamento. La transazione di pagamento verr\u00e0 eseguita entro un giorno lavorativo bancario dall&#8217;invio dell&#8217;ordine. Per giorno lavorativo bancario si intende ogni giorno feriale ad eccezione dei sabati, dei giorni festivi nazionali e del 24 e 31 dicembre di ogni anno. Ulteriori informazioni sono disponibili durante la procedura di ordinazione.   <\/p>\n\n<p><strong>Klarna<\/strong><br\/>In collaborazione con il fornitore di servizi di pagamento Klarna Bank AB (publ.), Sveav\u00e4gen 46, 111 34 Stoccolma, Svezia (\u00abKlarna\u00bb), vi offriamo le seguenti opzioni di pagamento. Il pagamento tramite Klarna \u00e8 disponibile solo per i consumatori. Salvo diversamente specificato di seguito, il pagamento tramite Klarna presuppone una verifica positiva dell&#8217;indirizzo e della solvibilit\u00e0 e viene effettuato direttamente a Klarna. Ulteriori informazioni sono disponibili nella rispettiva opzione di pagamento e durante la procedura d&#8217;ordine.   <\/p>\n\n<p><strong>Acquisto con fattura tramite Klarna<\/strong><br\/>L&#8217; importo della fattura \u00e8 dopo la spedizione della merce e ricezione della fattura \u00e8 esigibile.<\/p>\n","protected":false},"excerpt":{"rendered":"<p>Vi offriamo le seguenti modalit\u00e0 di pagamento. Scegliete semplicemente quella pi\u00f9 adatta alle vostre esigenze. Le spese di spedizione dipendono [&hellip;]<\/p>\n","protected":false},"author":2,"featured_media":0,"parent":0,"menu_order":0,"comment_status":"closed","ping_status":"closed","template":"","meta":{"_uag_custom_page_level_css":"","site-sidebar-layout":"default","site-content-layout":"default","ast-site-content-layout":"default","site-content-style":"default","site-sidebar-style":"default","ast-global-header-display":"","ast-banner-title-visibility":"","ast-main-header-display":"","ast-hfb-above-header-display":"","ast-hfb-below-header-display":"","ast-hfb-mobile-header-display":"","site-post-title":"","ast-breadcrumbs-content":"","ast-featured-img":"","footer-sml-layout":"","ast-disable-related-posts":"","theme-transparent-header-meta":"default","adv-header-id-meta":"","stick-header-meta":"default","header-above-stick-meta":"","header-main-stick-meta":"","header-below-stick-meta":"","astra-migrate-meta-layouts":"default","ast-page-background-enabled":"default","ast-page-background-meta":{"desktop":{"background-color":"","background-image":"","background-repeat":"repeat","background-position":"center center","background-size":"auto","background-attachment":"scroll","background-type":"","background-media":"","overlay-type":"","overlay-color":"","overlay-opacity":"","overlay-gradient":""},"tablet":{"background-color":"","background-image":"","background-repeat":"repeat","background-position":"center center","background-size":"auto","background-attachment":"scroll","background-type":"","background-media":"","overlay-type":"","overlay-color":"","overlay-opacity":"","overlay-gradient":""},"mobile":{"background-color":"","background-image":"","background-repeat":"repeat","background-position":"center center","background-size":"auto","background-attachment":"scroll","background-type":"","background-media":"","overlay-type":"","overlay-color":"","overlay-opacity":"","overlay-gradient":""}},"ast-content-background-meta":{"desktop":{"background-color":"var(--ast-global-color-5)","background-image":"","background-repeat":"repeat","background-position":"center center","background-size":"auto","background-attachment":"scroll","background-type":"","background-media":"","overlay-type":"","overlay-color":"","overlay-opacity":"","overlay-gradient":""},"tablet":{"background-color":"var(--ast-global-color-5)","background-image":"","background-repeat":"repeat","background-position":"center center","background-size":"auto","background-attachment":"scroll","background-type":"","background-media":"","overlay-type":"","overlay-color":"","overlay-opacity":"","overlay-gradient":""},"mobile":{"background-color":"var(--ast-global-color-5)","background-image":"","background-repeat":"repeat","background-position":"center center","background-size":"auto","background-attachment":"scroll","background-type":"","background-media":"","overlay-type":"","overlay-color":"","overlay-opacity":"","overlay-gradient":""}},"footnotes":""},"class_list":["post-64309","page","type-page","status-publish","hentry"],"yoast_head":"<!-- This site is optimized with the Yoast SEO Premium plugin v27.4 (Yoast SEO v27.4) - https:\/\/yoast.com\/product\/yoast-seo-premium-wordpress\/ -->\n<title>Modalit\u00e0 di pagamento - 1mal1japan.de<\/title>\n<meta name=\"robots\" content=\"noindex, follow\" \/>\n<meta property=\"og:locale\" content=\"it_IT\" \/>\n<meta property=\"og:type\" content=\"article\" \/>\n<meta property=\"og:title\" content=\"Modalit\u00e0 di pagamento\" \/>\n<meta property=\"og:description\" content=\"Vi offriamo le seguenti modalit\u00e0 di pagamento. Scegliete semplicemente quella pi\u00f9 adatta alle vostre esigenze. Le spese di spedizione dipendono in parte\" \/>\n<meta property=\"og:url\" content=\"https:\/\/1mal1japan.de\/it\/modalita-di-pagamento\/\" \/>\n<meta property=\"og:site_name\" content=\"1mal1japan.de\" \/>\n<meta property=\"article:modified_time\" content=\"2026-04-28T10:45:30+00:00\" \/>\n<script type=\"application\/ld+json\" class=\"yoast-schema-graph\">{\"@context\":\"https:\\\/\\\/schema.org\",\"@graph\":[{\"@type\":\"WebPage\",\"@id\":\"https:\\\/\\\/1mal1japan.de\\\/it\\\/modalita-di-pagamento\\\/\",\"url\":\"https:\\\/\\\/1mal1japan.de\\\/it\\\/modalita-di-pagamento\\\/\",\"name\":\"Modalit\u00e0 di pagamento - 1mal1japan.de\",\"isPartOf\":{\"@id\":\"https:\\\/\\\/1mal1japan.de\\\/it\\\/#website\"},\"datePublished\":\"2021-04-15T08:20:57+00:00\",\"dateModified\":\"2026-04-28T10:45:30+00:00\",\"breadcrumb\":{\"@id\":\"https:\\\/\\\/1mal1japan.de\\\/it\\\/modalita-di-pagamento\\\/#breadcrumb\"},\"inLanguage\":\"it-IT\",\"potentialAction\":[{\"@type\":\"ReadAction\",\"target\":[\"https:\\\/\\\/1mal1japan.de\\\/it\\\/modalita-di-pagamento\\\/\"]}]},{\"@type\":\"BreadcrumbList\",\"@id\":\"https:\\\/\\\/1mal1japan.de\\\/it\\\/modalita-di-pagamento\\\/#breadcrumb\",\"itemListElement\":[{\"@type\":\"ListItem\",\"position\":1,\"name\":\"Startseite\",\"item\":\"https:\\\/\\\/1mal1japan.de\\\/it\\\/\"},{\"@type\":\"ListItem\",\"position\":2,\"name\":\"Modalit\u00e0 di pagamento\"}]},{\"@type\":\"WebSite\",\"@id\":\"https:\\\/\\\/1mal1japan.de\\\/it\\\/#website\",\"url\":\"https:\\\/\\\/1mal1japan.de\\\/it\\\/\",\"name\":\"1mal1japan.de\",\"description\":\"japanisch kochen &amp; einkaufen\",\"publisher\":{\"@id\":\"https:\\\/\\\/1mal1japan.de\\\/it\\\/#\\\/schema\\\/person\\\/3b6eab913fce9065523e927d88b032b0\"},\"potentialAction\":[{\"@type\":\"SearchAction\",\"target\":{\"@type\":\"EntryPoint\",\"urlTemplate\":\"https:\\\/\\\/1mal1japan.de\\\/it\\\/?s={search_term_string}\"},\"query-input\":{\"@type\":\"PropertyValueSpecification\",\"valueRequired\":true,\"valueName\":\"search_term_string\"}}],\"inLanguage\":\"it-IT\"},{\"@type\":[\"Person\",\"Organization\"],\"@id\":\"https:\\\/\\\/1mal1japan.de\\\/it\\\/#\\\/schema\\\/person\\\/3b6eab913fce9065523e927d88b032b0\",\"name\":\"Elisa\",\"image\":{\"@type\":\"ImageObject\",\"inLanguage\":\"it-IT\",\"@id\":\"https:\\\/\\\/1mal1japan.de\\\/wp-content\\\/uploads\\\/2018\\\/09\\\/Profilbild_Elisa.png\",\"url\":\"https:\\\/\\\/1mal1japan.de\\\/wp-content\\\/uploads\\\/2018\\\/09\\\/Profilbild_Elisa.png\",\"contentUrl\":\"https:\\\/\\\/1mal1japan.de\\\/wp-content\\\/uploads\\\/2018\\\/09\\\/Profilbild_Elisa.png\",\"width\":200,\"height\":200,\"caption\":\"Elisa\"},\"logo\":{\"@id\":\"https:\\\/\\\/1mal1japan.de\\\/wp-content\\\/uploads\\\/2018\\\/09\\\/Profilbild_Elisa.png\"}}]}<\/script>\n<!-- \/ Yoast SEO Premium plugin. -->","yoast_head_json":{"title":"Modalit\u00e0 di pagamento - 1mal1japan.de","robots":{"index":"noindex","follow":"follow"},"og_locale":"it_IT","og_type":"article","og_title":"Modalit\u00e0 di pagamento","og_description":"Vi offriamo le seguenti modalit\u00e0 di pagamento. Scegliete semplicemente quella pi\u00f9 adatta alle vostre esigenze. Le spese di spedizione dipendono in parte","og_url":"https:\/\/1mal1japan.de\/it\/modalita-di-pagamento\/","og_site_name":"1mal1japan.de","article_modified_time":"2026-04-28T10:45:30+00:00","schema":{"@context":"https:\/\/schema.org","@graph":[{"@type":"WebPage","@id":"https:\/\/1mal1japan.de\/it\/modalita-di-pagamento\/","url":"https:\/\/1mal1japan.de\/it\/modalita-di-pagamento\/","name":"Modalit\u00e0 di pagamento - 1mal1japan.de","isPartOf":{"@id":"https:\/\/1mal1japan.de\/it\/#website"},"datePublished":"2021-04-15T08:20:57+00:00","dateModified":"2026-04-28T10:45:30+00:00","breadcrumb":{"@id":"https:\/\/1mal1japan.de\/it\/modalita-di-pagamento\/#breadcrumb"},"inLanguage":"it-IT","potentialAction":[{"@type":"ReadAction","target":["https:\/\/1mal1japan.de\/it\/modalita-di-pagamento\/"]}]},{"@type":"BreadcrumbList","@id":"https:\/\/1mal1japan.de\/it\/modalita-di-pagamento\/#breadcrumb","itemListElement":[{"@type":"ListItem","position":1,"name":"Startseite","item":"https:\/\/1mal1japan.de\/it\/"},{"@type":"ListItem","position":2,"name":"Modalit\u00e0 di pagamento"}]},{"@type":"WebSite","@id":"https:\/\/1mal1japan.de\/it\/#website","url":"https:\/\/1mal1japan.de\/it\/","name":"1mal1japan.de","description":"japanisch kochen &amp; einkaufen","publisher":{"@id":"https:\/\/1mal1japan.de\/it\/#\/schema\/person\/3b6eab913fce9065523e927d88b032b0"},"potentialAction":[{"@type":"SearchAction","target":{"@type":"EntryPoint","urlTemplate":"https:\/\/1mal1japan.de\/it\/?s={search_term_string}"},"query-input":{"@type":"PropertyValueSpecification","valueRequired":true,"valueName":"search_term_string"}}],"inLanguage":"it-IT"},{"@type":["Person","Organization"],"@id":"https:\/\/1mal1japan.de\/it\/#\/schema\/person\/3b6eab913fce9065523e927d88b032b0","name":"Elisa","image":{"@type":"ImageObject","inLanguage":"it-IT","@id":"https:\/\/1mal1japan.de\/wp-content\/uploads\/2018\/09\/Profilbild_Elisa.png","url":"https:\/\/1mal1japan.de\/wp-content\/uploads\/2018\/09\/Profilbild_Elisa.png","contentUrl":"https:\/\/1mal1japan.de\/wp-content\/uploads\/2018\/09\/Profilbild_Elisa.png","width":200,"height":200,"caption":"Elisa"},"logo":{"@id":"https:\/\/1mal1japan.de\/wp-content\/uploads\/2018\/09\/Profilbild_Elisa.png"}}]}},"uagb_featured_image_src":{"full":false,"thumbnail":false,"medium":false,"medium_large":false,"large":false,"1536x1536":false,"2048x2048":false,"woocommerce_thumbnail":false,"woocommerce_single":false,"woocommerce_gallery_thumbnail":false},"uagb_author_info":{"display_name":"Elisa","author_link":"https:\/\/1mal1japan.de\/it\/author\/elisa\/"},"uagb_comment_info":0,"uagb_excerpt":"Vi offriamo le seguenti modalit\u00e0 di pagamento. Scegliete semplicemente quella pi\u00f9 adatta alle vostre esigenze. Le spese di spedizione dipendono [&hellip;]","_links":{"self":[{"href":"https:\/\/1mal1japan.de\/it\/wp-json\/wp\/v2\/pages\/64309","targetHints":{"allow":["GET"]}}],"collection":[{"href":"https:\/\/1mal1japan.de\/it\/wp-json\/wp\/v2\/pages"}],"about":[{"href":"https:\/\/1mal1japan.de\/it\/wp-json\/wp\/v2\/types\/page"}],"author":[{"embeddable":true,"href":"https:\/\/1mal1japan.de\/it\/wp-json\/wp\/v2\/users\/2"}],"replies":[{"embeddable":true,"href":"https:\/\/1mal1japan.de\/it\/wp-json\/wp\/v2\/comments?post=64309"}],"version-history":[{"count":1,"href":"https:\/\/1mal1japan.de\/it\/wp-json\/wp\/v2\/pages\/64309\/revisions"}],"predecessor-version":[{"id":64310,"href":"https:\/\/1mal1japan.de\/it\/wp-json\/wp\/v2\/pages\/64309\/revisions\/64310"}],"wp:attachment":[{"href":"https:\/\/1mal1japan.de\/it\/wp-json\/wp\/v2\/media?parent=64309"}],"curies":[{"name":"wp","href":"https:\/\/api.w.org\/{rel}","templated":true}]}}