{"id":64342,"date":"2021-04-28T08:46:42","date_gmt":"2021-04-28T06:46:42","guid":{"rendered":"https:\/\/1mal1japan.de\/domande-frequenti-su-1mal1japan-de\/"},"modified":"2026-04-28T14:02:18","modified_gmt":"2026-04-28T12:02:18","slug":"domande-frequenti-su-1mal1japan-de","status":"publish","type":"page","link":"https:\/\/1mal1japan.de\/it\/domande-frequenti-su-1mal1japan-de\/","title":{"rendered":"Domande frequenti su 1mal1japan.de"},"content":{"rendered":"\n<hr class=\"wp-block-separator has-text-color has-css-opacity has-background is-style-wide\" style=\"background-color:#333333;color:#333333\"\/>\n\n<h2 class=\"wp-block-heading\" id=\"h-1-produkte-bestellung-bestelloptionen\">(1) Prodotti, ordini, opzioni di ordinazione<\/h2>\n\n<h3 class=\"wp-block-heading\" id=\"h-wer-seid-ihr-und-warum-sollte-ich-euch-vertrauen\">Chi siete e perch\u00e9 dovrei fidarmi di voi?<\/h3>\n\n<p>Siamo 1mal1japan.de \u2013 il sito web pi\u00f9 visitato in Germania dedicato alla cucina giapponese. Gestiamo questo sito web dal maggio 2016 e questo negozio online dall&#8217;agosto 2019, poich\u00e9 ogni giorno ci sentivamo sempre pi\u00f9 insoddisfatti dell&#8217;offerta dei grandi e noti negozi online. Per questo motivo abbiamo deciso di prendere in mano la situazione. Vogliamo offrirti alimenti giapponesi autentici e di alta qualit\u00e0, che abbiamo raccolto in kit di cucina gi\u00e0 pronti, affinch\u00e9 tu possa iniziare subito a cucinare i tuoi piatti preferiti dal Giappone.<\/p>\n\n<p>La nostra selezione ci convince al 100% \u2013 altrimenti non sarebbe proprio cos\u00ec anche nella nostra dispensa \u2013 ma vogliamo soprattutto entusiasmare te con il nostro assortimento. Se non sei ancora convinto, leggi alcune delle recensioni su di noi <a href=\"https:\/\/de.trustpilot.com\/review\/1mal1japan.de\" target=\"_blank\" rel=\"noreferrer noopener\">qui<\/a>.<\/p>\n\n<h3 class=\"wp-block-heading\" id=\"h-habt-ihr-auch-ein-ladengeschaft\">Avete anche un negozio fisico?<\/h3>\n\n<p>Al momento 1mal1japan non ha un negozio fisico \u2013 siamo presenti solo come negozio online. Stai cercando una consulenza personalizzata? Allora contattaci via e-mail: shop@1mal1japan.de o per telefono: +49 (0) 351 89676609 (dal luned\u00ec al venerd\u00ec dalle 8 alle 17 o tramite <a href=\"https:\/\/wa.me\/+4935189676609\">WhatsApp<\/a>).<\/p>\n\n<h3 class=\"wp-block-heading\" id=\"h-wie-werden-die-produkte-im-shop-ausgewahlt\">Come vengono selezionati i prodotti nello Shop?<\/h3>\n\n<p>Come avrai notato, offriamo una sola variet\u00e0 per ogni prodotto. Da noi non troverai quindi tre variet\u00e0 di riso o cinque di salsa di soia tra cui dovrai scegliere, anche se non sai nemmeno che sapore abbia ciascuna di esse.<\/p>\n\n<p>Selezioniamo i prodotti nell\u2019Shop in base a quattro criteri, per offrirti la migliore esperienza culinaria e gustativa. I criteri sono: 1. gusto eccezionale, 2. autentica genuinit\u00e0, 3. prezzo ragionevole e 4. buona disponibilit\u00e0. Solo se tutti e quattro i criteri sono soddisfatti, inseriamo il prodotto nel nostro assortimento.<\/p>\n\n<h3 class=\"wp-block-heading\" id=\"h-wieso-soll-ich-bei-euch-und-nicht-bei-amazon-bestellen\">Perch\u00e9 dovrei ordinare da voi e non su Amazon?<\/h3>\n\n<p>Offriamo alcuni dei nostri prodotti anche su Amazon. Non c&#8217;\u00e8 una grande differenza: i tempi di spedizione ecc. sono gli stessi. Solo che su Amazon pagherai un po&#8217; di pi\u00f9, poich\u00e9 l\u00ec dobbiamo pagare anche la commissione ad Amazon.<\/p>\n\n<h3 class=\"wp-block-heading\" id=\"h-ein-produkt-ist-zurzeit-nicht-lieferbar-was-soll-ich-tun\">Un prodotto non \u00e8 attualmente disponibile. Cosa devo fare?<\/h3>\n\n<p>Naturalmente cerchiamo sempre di avere tutti i prodotti in magazzino in quantit\u00e0 sufficiente. Poich\u00e9 riceviamo la merce ogni 14 giorni, pu\u00f2 capitare che un prodotto sia temporaneamente esaurito: la domanda a volte \u00e8 difficile da prevedere. Pertanto, ti consigliamo di ricontrollare la disponibilit\u00e0 in un secondo momento. In alternativa, puoi anche scriverci direttamente <a href=\"https:\/\/1mal1japan.de\/it\/contatti\/\" target=\"_blank\" rel=\"noreferrer noopener\">qui<\/a> o chiamarci al numero (+49 (0) 351 89676609 \u2013 \u00e8 possibile contattarci tramite <a href=\"https:\/\/wa.me\/+4935189676609\">WhatsApp <\/a>). Potremo cos\u00ec dirti con maggiore precisione quando l&#8217;articolo che desideri sar\u00e0 nuovamente disponibile.<\/p>\n\n<h3 class=\"wp-block-heading\" id=\"h-wie-kann-ich-euch-kontaktieren\">Come posso contattarvi?<\/h3>\n\n<p>Ti consigliamo di utilizzare il nostro <a href=\"https:\/\/1mal1japan.de\/it\/contatti\/\" target=\"_blank\" rel=\"noreferrer noopener\">modulo di contatto<\/a> oppure di chiamarci al numero +49 (0) 351 89676609 (dal luned\u00ec al venerd\u00ec dalle 8 alle 17). Puoi contattarci anche tramite <a href=\"https:\/\/wa.me\/+4935189676609\">WhatsApp<\/a>.<\/p>\n\n<h3 class=\"wp-block-heading\" id=\"h-ich-mochte-meine-bestellung-stornieren-was-soll-ich-tun\">Vorrei annullare il mio ordine. Cosa devo fare?<\/h3>\n\n<p>Se desideri annullare il tuo ordine, ti preghiamo di contattarci il prima possibile tramite il <a href=\"https:\/\/1mal1japan.de\/it\/contatti\/\" target=\"_blank\" rel=\"noreferrer noopener\">modulo di contatto<\/a> o telefonicamente al numero +49 (0) 351 89676609 (dal luned\u00ec al venerd\u00ec dalle 8 alle 17).<\/p>\n\n<p>Se hai gi\u00e0 ricevuto i tuoi articoli, puoi recedere dall&#8217;ordine entro 30 giorni dalla consegna. Comunicacelo immediatamente e rispediscici la merce ricevuta. Non appena la riceveremo, ti rimborseremo l&#8217;importo con lo stesso metodo di pagamento utilizzato per l&#8217;acquisto, al netto delle spese di spedizione.<\/p>\n\n<h3 class=\"wp-block-heading\" id=\"h-muss-ich-die-rucksendekosten-bei-einem-widerruf-selber-tragen\">Devo sostenere personalmente le spese di restituzione in caso di recesso?<\/h3>\n\n<p>No, in caso di recesso non devi sostenere tu stesso i costi per la restituzione della merce. Solo se non rispedisci la merce dalla Germania, devi pagare le spese di spedizione.<\/p>\n\n<h3 class=\"wp-block-heading\" id=\"h-ich-mochte-grossere-mengen-abnehmen-fur-meine-kuche-restaurant-firmenfeier-bekommt-ihr-das-hin\">Vorrei acquistare grandi quantit\u00e0 per la mia cucina\/ristorante\/festa aziendale, potete farlo?<\/h3>\n\n<p>S\u00ec, nessun problema! A tal fine abbiamo bisogno delle quantit\u00e0 esatte, della data e del luogo di consegna. Contattaci tramite il <a href=\"https:\/\/1mal1japan.de\/it\/contatti\/\" target=\"_blank\" rel=\"noreferrer noopener\">modulo di contatto <\/a>o al numero +49 (0) 351 89676609 (dal luned\u00ec al venerd\u00ec dalle 8 alle 17). Puoi contattarci anche tramite <a href=\"https:\/\/wa.me\/+4935189676609\">WhatsApp<\/a>.<\/p>\n\n<h3 class=\"wp-block-heading\" id=\"h-habt-ihr-auch-x-im-angebot-wie-melde-ich-fehlende-produkte\">Avete anche X in assortimento? Come posso segnalare prodotti mancanti?<\/h3>\n\n<p>Siamo sempre alla ricerca di ottimi prodotti giapponesi che completino il nostro assortimento. Hai dei suggerimenti? Fantastico! Allora non esitare a farceli sapere, preferibilmente utilizzando il nostro <a href=\"https:\/\/1mal1japan.de\/it\/contatti\/\" target=\"_blank\" rel=\"noreferrer noopener\">modulo di contatto<\/a> oppure chiamandoci al numero +49 (0) 351 89676609 (dal luned\u00ec al venerd\u00ec dalle 8 alle 17). Puoi contattarci anche tramite <a href=\"https:\/\/wa.me\/+4935189676609\">WhatsApp<\/a>!<\/p>\n\n<h3 class=\"wp-block-heading\" id=\"h-warum-seid-ihr-teurer-als-manch-andere-shops\">Perch\u00e9 siete pi\u00f9 costosi di altri Shop?<\/h3>\n\n<p>Offriamo solo prodotti che ci convincono. Questi sono in parte pi\u00f9 costosi rispetto ad altri prodotti alternativi. Inoltre, prestiamo molta attenzione alla rapidit\u00e0 della spedizione, alle date di scadenza lunghe e al servizio personalizzato. Per garantire tutto questo, non possiamo e non vogliamo battere ogni prezzo che si trova online.<\/p>\n\n<h2 class=\"wp-block-heading\" id=\"h-2-versand-und-lieferung\">(2) Spedizione e consegna<\/h2>\n\n<h3 class=\"wp-block-heading\" id=\"h-wie-lange-dauert-es-bis-meine-bestellung-verschickt-wird\">Quanto tempo ci vuole prima che il mio ordine venga spedito?<\/h3>\n\n<p>Di norma, la merce viene spedita entro due o quattro giorni lavorativi. Non appena l&#8217;avremo consegnata al corriere, ti invieremo un&#8217;e-mail con il numero di spedizione, grazie al quale potrai tracciare il tuo pacco.<\/p>\n\n<h3 class=\"wp-block-heading\" id=\"h-welche-versandoptionen-gibt-es-und-was-kostet-es\">Quali sono le opzioni di spedizione disponibili? E quanto costano?<\/h3>\n\n<p>In Germania spediamo tramite DHL \u2013 e a partire da 59 \u20ac di valore della merce addirittura senza spese di spedizione, altrimenti a 6,90 \u20ac per ordine. Spediamo tramite GoGreen, il che significa a impatto zero sul clima! Attualmente \u00e8 possibile la spedizione internazionale in Belgio, Danimarca, Finlandia, Francia, Grecia, Irlanda, Italia, Lussemburgo, Paesi Bassi, Polonia, Portogallo, Romania, Svezia, Spagna, Repubblica Ceca e Austria tramite DHL. Il costo \u00e8 di 6,90 \u20ac; per ordini superiori a 79 \u20ac la spedizione internazionale \u00e8 gratuita.<\/p>\n\n<p>Spediamo anche in Svizzera. Il costo forfettario \u00e8 di 29,99 \u20ac. La merce deve essere sdoganata in Svizzera, e noi non ci facciamo carico di tali spese. In compenso, gli ordini vengono spediti da noi al netto, ovvero senza IVA.<\/p>\n\n<p>Se il tuo Paese non \u00e8 presente nell&#8217;elenco, contattaci e cercheremo di aggiungerlo.<\/p>\n\n<h3 class=\"wp-block-heading\" id=\"h-kann-auch-an-packstationen-versendet-werden\">\u00c8 possibile spedire anche a punti di ritiro?<\/h3>\n\n<p>S\u00ec! Se scegli DHL come corriere, spediamo anche a punti di ritiro. A tal fine, ti preghiamo di indicare sempre il tuo numero postale nel campo \u201cNome azienda \/ Numero postale DHL (opzionale)\u201d.<\/p>\n\n<h2 class=\"wp-block-heading\" id=\"h-3-bezahlung-rechnung-und-finanzierung\">(3) Pagamento, fattura e finanziamento<\/h2>\n\n<h3 class=\"wp-block-heading\" id=\"h-wie-kann-ich-bezahlen\">Come posso pagare?<\/h3>\n\n<p>Hai a disposizione i seguenti otto metodi di pagamento:<\/p>\n\n<ul class=\"wp-block-list\">\n<li>Pagamento anticipato<\/li>\n\n\n\n<li>Carta di credito<\/li>\n\n\n\n<li>PayPal<\/li>\n\n\n\n<li>Amazon Pay<\/li>\n\n\n\n<li>Apple Pay<\/li>\n\n\n\n<li>Fattura tramite Klarna: Later Pay<\/li>\n\n\n\n<li>Klarna Pay<\/li>\n\n\n\n<li>Google Pay<\/li>\n\n\n\n<li>EPS<\/li>\n\n\n\n<li>Acquisto con fattura tramite Ratepay<\/li>\n<\/ul>\n","protected":false},"excerpt":{"rendered":"<p>(1) Prodotti, ordini, opzioni di ordinazione Chi siete e perch\u00e9 dovrei fidarmi di voi? Siamo 1mal1japan.de \u2013 il sito web [&hellip;]<\/p>\n","protected":false},"author":2,"featured_media":0,"parent":0,"menu_order":0,"comment_status":"closed","ping_status":"closed","template":"","meta":{"_uag_custom_page_level_css":"","site-sidebar-layout":"default","site-content-layout":"default","ast-site-content-layout":"default","site-content-style":"default","site-sidebar-style":"default","ast-global-header-display":"","ast-banner-title-visibility":"","ast-main-header-display":"","ast-hfb-above-header-display":"","ast-hfb-below-header-display":"","ast-hfb-mobile-header-display":"","site-post-title":"","ast-breadcrumbs-content":"","ast-featured-img":"","footer-sml-layout":"","ast-disable-related-posts":"","theme-transparent-header-meta":"default","adv-header-id-meta":"","stick-header-meta":"default","header-above-stick-meta":"","header-main-stick-meta":"","header-below-stick-meta":"","astra-migrate-meta-layouts":"default","ast-page-background-enabled":"default","ast-page-background-meta":{"desktop":{"background-color":"","background-image":"","background-repeat":"repeat","background-position":"center center","background-size":"auto","background-attachment":"scroll","background-type":"","background-media":"","overlay-type":"","overlay-color":"","overlay-opacity":"","overlay-gradient":""},"tablet":{"background-color":"","background-image":"","background-repeat":"repeat","background-position":"center center","background-size":"auto","background-attachment":"scroll","background-type":"","background-media":"","overlay-type":"","overlay-color":"","overlay-opacity":"","overlay-gradient":""},"mobile":{"background-color":"","background-image":"","background-repeat":"repeat","background-position":"center center","background-size":"auto","background-attachment":"scroll","background-type":"","background-media":"","overlay-type":"","overlay-color":"","overlay-opacity":"","overlay-gradient":""}},"ast-content-background-meta":{"desktop":{"background-color":"var(--ast-global-color-5)","background-image":"","background-repeat":"repeat","background-position":"center center","background-size":"auto","background-attachment":"scroll","background-type":"","background-media":"","overlay-type":"","overlay-color":"","overlay-opacity":"","overlay-gradient":""},"tablet":{"background-color":"var(--ast-global-color-5)","background-image":"","background-repeat":"repeat","background-position":"center center","background-size":"auto","background-attachment":"scroll","background-type":"","background-media":"","overlay-type":"","overlay-color":"","overlay-opacity":"","overlay-gradient":""},"mobile":{"background-color":"var(--ast-global-color-5)","background-image":"","background-repeat":"repeat","background-position":"center center","background-size":"auto","background-attachment":"scroll","background-type":"","background-media":"","overlay-type":"","overlay-color":"","overlay-opacity":"","overlay-gradient":""}},"footnotes":""},"class_list":["post-64342","page","type-page","status-publish","hentry"],"yoast_head":"<!-- This site is optimized with the Yoast SEO Premium plugin v27.6 (Yoast SEO v27.6) - https:\/\/yoast.com\/product\/yoast-seo-premium-wordpress\/ -->\n<title>Domande frequenti su 1mal1japan.de - 1mal1japan.de<\/title>\n<meta name=\"description\" content=\"Qui trovi le risposte alle domande pi\u00f9 frequenti su 1mal1japan: dagli ordini e dalle spedizioni ai pagamenti, fino ai prodotti e alle ricette.\" \/>\n<meta name=\"robots\" content=\"index, follow, max-snippet:-1, max-image-preview:large, max-video-preview:-1\" \/>\n<link rel=\"canonical\" href=\"https:\/\/1mal1japan.de\/it\/domande-frequenti-su-1mal1japan-de\/\" \/>\n<meta property=\"og:locale\" content=\"it_IT\" \/>\n<meta property=\"og:type\" content=\"article\" \/>\n<meta property=\"og:title\" content=\"Domande frequenti su 1mal1japan.de\" \/>\n<meta property=\"og:description\" content=\"(1) Prodotti, ordini, opzioni di ordinazione Chi siete e perch\u00e9 dovrei fidarmi di voi? Siamo 1mal1japan.de \u2013 il sito web pi\u00f9 visitato in Germania dedicato\" \/>\n<meta property=\"og:url\" content=\"https:\/\/1mal1japan.de\/it\/domande-frequenti-su-1mal1japan-de\/\" \/>\n<meta property=\"og:site_name\" content=\"1mal1japan.de\" \/>\n<meta property=\"article:modified_time\" content=\"2026-04-28T12:02:18+00:00\" \/>\n<script type=\"application\/ld+json\" class=\"yoast-schema-graph\">{\"@context\":\"https:\\\/\\\/schema.org\",\"@graph\":[{\"@type\":\"WebPage\",\"@id\":\"https:\\\/\\\/1mal1japan.de\\\/it\\\/domande-frequenti-su-1mal1japan-de\\\/\",\"url\":\"https:\\\/\\\/1mal1japan.de\\\/it\\\/domande-frequenti-su-1mal1japan-de\\\/\",\"name\":\"Domande frequenti su 1mal1japan.de - 1mal1japan.de\",\"isPartOf\":{\"@id\":\"https:\\\/\\\/1mal1japan.de\\\/it\\\/#website\"},\"datePublished\":\"2021-04-28T06:46:42+00:00\",\"dateModified\":\"2026-04-28T12:02:18+00:00\",\"description\":\"Qui trovi le risposte alle domande pi\u00f9 frequenti su 1mal1japan: dagli ordini e dalle spedizioni ai pagamenti, fino ai prodotti e alle ricette.\",\"breadcrumb\":{\"@id\":\"https:\\\/\\\/1mal1japan.de\\\/it\\\/domande-frequenti-su-1mal1japan-de\\\/#breadcrumb\"},\"inLanguage\":\"it-IT\",\"potentialAction\":[{\"@type\":\"ReadAction\",\"target\":[\"https:\\\/\\\/1mal1japan.de\\\/it\\\/domande-frequenti-su-1mal1japan-de\\\/\"]}]},{\"@type\":\"BreadcrumbList\",\"@id\":\"https:\\\/\\\/1mal1japan.de\\\/it\\\/domande-frequenti-su-1mal1japan-de\\\/#breadcrumb\",\"itemListElement\":[{\"@type\":\"ListItem\",\"position\":1,\"name\":\"Startseite\",\"item\":\"https:\\\/\\\/1mal1japan.de\\\/it\\\/\"},{\"@type\":\"ListItem\",\"position\":2,\"name\":\"Domande frequenti su 1mal1japan.de\"}]},{\"@type\":\"WebSite\",\"@id\":\"https:\\\/\\\/1mal1japan.de\\\/it\\\/#website\",\"url\":\"https:\\\/\\\/1mal1japan.de\\\/it\\\/\",\"name\":\"1mal1japan.de\",\"description\":\"japanisch kochen &amp; einkaufen\",\"publisher\":{\"@id\":\"https:\\\/\\\/1mal1japan.de\\\/it\\\/#\\\/schema\\\/person\\\/3b6eab913fce9065523e927d88b032b0\"},\"potentialAction\":[{\"@type\":\"SearchAction\",\"target\":{\"@type\":\"EntryPoint\",\"urlTemplate\":\"https:\\\/\\\/1mal1japan.de\\\/it\\\/?s={search_term_string}\"},\"query-input\":{\"@type\":\"PropertyValueSpecification\",\"valueRequired\":true,\"valueName\":\"search_term_string\"}}],\"inLanguage\":\"it-IT\"},{\"@type\":[\"Person\",\"Organization\"],\"@id\":\"https:\\\/\\\/1mal1japan.de\\\/it\\\/#\\\/schema\\\/person\\\/3b6eab913fce9065523e927d88b032b0\",\"name\":\"Elisa\",\"image\":{\"@type\":\"ImageObject\",\"inLanguage\":\"it-IT\",\"@id\":\"https:\\\/\\\/1mal1japan.de\\\/wp-content\\\/uploads\\\/2018\\\/09\\\/Profilbild_Elisa.png\",\"url\":\"https:\\\/\\\/1mal1japan.de\\\/wp-content\\\/uploads\\\/2018\\\/09\\\/Profilbild_Elisa.png\",\"contentUrl\":\"https:\\\/\\\/1mal1japan.de\\\/wp-content\\\/uploads\\\/2018\\\/09\\\/Profilbild_Elisa.png\",\"width\":200,\"height\":200,\"caption\":\"Elisa\"},\"logo\":{\"@id\":\"https:\\\/\\\/1mal1japan.de\\\/wp-content\\\/uploads\\\/2018\\\/09\\\/Profilbild_Elisa.png\"}}]}<\/script>\n<!-- \/ Yoast SEO Premium plugin. -->","yoast_head_json":{"title":"Domande frequenti su 1mal1japan.de - 1mal1japan.de","description":"Qui trovi le risposte alle domande pi\u00f9 frequenti su 1mal1japan: dagli ordini e dalle spedizioni ai pagamenti, fino ai prodotti e alle ricette.","robots":{"index":"index","follow":"follow","max-snippet":"max-snippet:-1","max-image-preview":"max-image-preview:large","max-video-preview":"max-video-preview:-1"},"canonical":"https:\/\/1mal1japan.de\/it\/domande-frequenti-su-1mal1japan-de\/","og_locale":"it_IT","og_type":"article","og_title":"Domande frequenti su 1mal1japan.de","og_description":"(1) Prodotti, ordini, opzioni di ordinazione Chi siete e perch\u00e9 dovrei fidarmi di voi? Siamo 1mal1japan.de \u2013 il sito web pi\u00f9 visitato in Germania dedicato","og_url":"https:\/\/1mal1japan.de\/it\/domande-frequenti-su-1mal1japan-de\/","og_site_name":"1mal1japan.de","article_modified_time":"2026-04-28T12:02:18+00:00","schema":{"@context":"https:\/\/schema.org","@graph":[{"@type":"WebPage","@id":"https:\/\/1mal1japan.de\/it\/domande-frequenti-su-1mal1japan-de\/","url":"https:\/\/1mal1japan.de\/it\/domande-frequenti-su-1mal1japan-de\/","name":"Domande frequenti su 1mal1japan.de - 1mal1japan.de","isPartOf":{"@id":"https:\/\/1mal1japan.de\/it\/#website"},"datePublished":"2021-04-28T06:46:42+00:00","dateModified":"2026-04-28T12:02:18+00:00","description":"Qui trovi le risposte alle domande pi\u00f9 frequenti su 1mal1japan: dagli ordini e dalle spedizioni ai pagamenti, fino ai prodotti e alle ricette.","breadcrumb":{"@id":"https:\/\/1mal1japan.de\/it\/domande-frequenti-su-1mal1japan-de\/#breadcrumb"},"inLanguage":"it-IT","potentialAction":[{"@type":"ReadAction","target":["https:\/\/1mal1japan.de\/it\/domande-frequenti-su-1mal1japan-de\/"]}]},{"@type":"BreadcrumbList","@id":"https:\/\/1mal1japan.de\/it\/domande-frequenti-su-1mal1japan-de\/#breadcrumb","itemListElement":[{"@type":"ListItem","position":1,"name":"Startseite","item":"https:\/\/1mal1japan.de\/it\/"},{"@type":"ListItem","position":2,"name":"Domande frequenti su 1mal1japan.de"}]},{"@type":"WebSite","@id":"https:\/\/1mal1japan.de\/it\/#website","url":"https:\/\/1mal1japan.de\/it\/","name":"1mal1japan.de","description":"japanisch kochen &amp; einkaufen","publisher":{"@id":"https:\/\/1mal1japan.de\/it\/#\/schema\/person\/3b6eab913fce9065523e927d88b032b0"},"potentialAction":[{"@type":"SearchAction","target":{"@type":"EntryPoint","urlTemplate":"https:\/\/1mal1japan.de\/it\/?s={search_term_string}"},"query-input":{"@type":"PropertyValueSpecification","valueRequired":true,"valueName":"search_term_string"}}],"inLanguage":"it-IT"},{"@type":["Person","Organization"],"@id":"https:\/\/1mal1japan.de\/it\/#\/schema\/person\/3b6eab913fce9065523e927d88b032b0","name":"Elisa","image":{"@type":"ImageObject","inLanguage":"it-IT","@id":"https:\/\/1mal1japan.de\/wp-content\/uploads\/2018\/09\/Profilbild_Elisa.png","url":"https:\/\/1mal1japan.de\/wp-content\/uploads\/2018\/09\/Profilbild_Elisa.png","contentUrl":"https:\/\/1mal1japan.de\/wp-content\/uploads\/2018\/09\/Profilbild_Elisa.png","width":200,"height":200,"caption":"Elisa"},"logo":{"@id":"https:\/\/1mal1japan.de\/wp-content\/uploads\/2018\/09\/Profilbild_Elisa.png"}}]}},"uagb_featured_image_src":{"full":false,"thumbnail":false,"medium":false,"medium_large":false,"large":false,"1536x1536":false,"2048x2048":false,"woocommerce_thumbnail":false,"woocommerce_single":false,"woocommerce_gallery_thumbnail":false},"uagb_author_info":{"display_name":"Elisa","author_link":"https:\/\/1mal1japan.de\/it\/author\/elisa\/"},"uagb_comment_info":0,"uagb_excerpt":"(1) Prodotti, ordini, opzioni di ordinazione Chi siete e perch\u00e9 dovrei fidarmi di voi? Siamo 1mal1japan.de \u2013 il sito web [&hellip;]","_links":{"self":[{"href":"https:\/\/1mal1japan.de\/it\/wp-json\/wp\/v2\/pages\/64342","targetHints":{"allow":["GET"]}}],"collection":[{"href":"https:\/\/1mal1japan.de\/it\/wp-json\/wp\/v2\/pages"}],"about":[{"href":"https:\/\/1mal1japan.de\/it\/wp-json\/wp\/v2\/types\/page"}],"author":[{"embeddable":true,"href":"https:\/\/1mal1japan.de\/it\/wp-json\/wp\/v2\/users\/2"}],"replies":[{"embeddable":true,"href":"https:\/\/1mal1japan.de\/it\/wp-json\/wp\/v2\/comments?post=64342"}],"version-history":[{"count":1,"href":"https:\/\/1mal1japan.de\/it\/wp-json\/wp\/v2\/pages\/64342\/revisions"}],"predecessor-version":[{"id":64343,"href":"https:\/\/1mal1japan.de\/it\/wp-json\/wp\/v2\/pages\/64342\/revisions\/64343"}],"wp:attachment":[{"href":"https:\/\/1mal1japan.de\/it\/wp-json\/wp\/v2\/media?parent=64342"}],"curies":[{"name":"wp","href":"https:\/\/api.w.org\/{rel}","templated":true}]}}