{"id":62739,"date":"2021-04-18T09:39:07","date_gmt":"2021-04-18T07:39:07","guid":{"rendered":"https:\/\/1mal1japan.de\/produkt\/furikake-50-g-condimento-per-riso-senza-glutammato-monosodico-fujiman\/"},"modified":"2026-04-28T08:45:05","modified_gmt":"2026-04-28T06:45:05","slug":"furikake-50-g-condimento-per-riso-senza-glutammato-monosodico-fujiman","status":"publish","type":"product","link":"https:\/\/1mal1japan.de\/it\/produkt\/furikake-50-g-condimento-per-riso-senza-glutammato-monosodico-fujiman\/","title":{"rendered":"Furikake 50 g (condimento per riso, senza glutammato monosodico), Fujiman"},"content":{"rendered":"\n<section class=\"wp-block-uagb-section uagb-section__wrap uagb-section__background-color uagb-block-b8fdae19\"><div class=\"uagb-section__overlay\"><\/div><div class=\"uagb-section__inner-wrap\">\n<p class=\"has-ast-global-color-5-color has-text-color has-link-color wp-elements-52a00700f991d948ecd6d51992edf4ed\">\u2705 Furikake classico con sesamo e Nori<br\/>\u2705 Umami speziato e dal gusto di nocciola per i piatti a base di riso<br\/>\u2705 Ideale per Onigiri, riso per Sushi e ciotole<br\/>\u2705 Basta cospargerlo sui piatti gi\u00e0 pronti<br\/>\u2705 Vegano e senza additivi<\/p>\n<\/div><\/section>\n\n<h2 class=\"wp-block-heading\" id=\"wissen\">Cos&#8217;\u00e8 il Furikake?<\/h2>\n\n<p>Il Furikake \u00e8 un condimento tradizionale giapponese per il riso che viene cosparso direttamente sul riso cotto. \u00c8 composto principalmente da una miscela di sesamo, alghe e altri ingredienti ed \u00e8 parte integrante della vita quotidiana in Giappone, soprattutto per pasti semplici e veloci.<\/p>\n\n<h3 class=\"wp-block-heading\" id=\"verwendung\">Per cosa posso usarlo?<\/h3>\n\n<p>Il Furikake Fujiman \u00e8 molto versatile: classico sul riso per Sushi, negli Onigiri, come topping per le ciotole o anche su insalate e verdure. Conferisce a ogni piatto una nota saporita e tipicamente giapponese.<\/p>\n\n<h3 class=\"wp-block-heading\" id=\"besonderheiten\">Cosa lo rende speciale?<\/h3>\n\n<p>Questa miscela contiene sesamo tostato e alghe nori, apprezzate per il loro sapore nocciolato e speziato. \u00c8 completamente priva di esaltatori di sapidit\u00e0, conservanti e aromi artificiali. Il prodotto \u00e8 vegano, senza glutine e senza lattosio: ideale per un&#8217;alimentazione consapevole senza compromessi in fatto di gusto.<\/p>\n\n<h2 class=\"wp-block-heading\" id=\"zubereitung\">Come si usa il Furikake?<\/h2>\n\n<p>Il Furikake va cosparso direttamente sul riso caldo o mescolato delicatamente. Bastano piccole quantit\u00e0 per insaporire il piatto. Non va cotto insieme al riso, ma aggiunto sempre alla fine.<\/p>\n\n<h3 class=\"wp-block-heading\" id=\"rezepte\">Ecco cosa puoi cucinare con questo prodotto:<\/h3>\n\n\t\t\t<div class=\"wp-block-uagb-post-grid uagb-post-grid  uagb-post__image-position-top uagb-post__image-enabled uagb-block-27b66334     uagb-post__items uagb-post__columns-2 is-grid uagb-post__columns-tablet-2 uagb-post__columns-mobile-2 uagb-post__equal-height\" data-total=\"0\" style=\"\">\n\n\t\t\t\t\t\t\t\t\t<p class=\"uagb-post__no-posts\">\n\t\t\t\t\t\tNo post found!\t\t\t\t\t<\/p>\n\t\t\t\t\t\t\t\t<\/div>\n\t\t\t\n<div style=\"height:20px\" aria-hidden=\"true\" class=\"wp-block-spacer\"><\/div>\n\n\t\t\t<div class=\"wp-block-uagb-post-grid uagb-post-grid  uagb-post__image-position-top uagb-post__image-enabled uagb-block-3717a0c0     uagb-post__items uagb-post__columns-2 is-grid uagb-post__columns-tablet-2 uagb-post__columns-mobile-2 uagb-post__equal-height\" data-total=\"1\" style=\"\">\n\n\t\t\t\t\t\t\t\t\t\t\t\t<article class=\"uagb-post__inner-wrap\">\t\t\t\t\t\t\t\t<div class='uagb-post__image'>\n\t\t\t\t\t\t\t\t\t<a href=\"https:\/\/1mal1japan.de\/it\/asiatische-rezepte\/riso-fritto-al-kimchi-prepara-in-casa-un-kimchi-bokkeumbap-veloce-in-20-minuti\/\" target=\"_self\" rel=\"bookmark noopener noreferrer\" class='uagb-image-ratio-inherit'><img decoding=\"async\" width=\"1024\" height=\"683\" src=\"https:\/\/1mal1japan.de\/wp-content\/uploads\/2026\/03\/Kimchi-Fried-Rice-selber-machen-1024x683.jpg\" class=\"attachment-large size-large\" alt=\"Preparare il riso fritto al kimchi\" srcset=\"https:\/\/1mal1japan.de\/wp-content\/uploads\/2026\/03\/Kimchi-Fried-Rice-selber-machen-1024x683.jpg 1024w, https:\/\/1mal1japan.de\/wp-content\/uploads\/2026\/03\/Kimchi-Fried-Rice-selber-machen-300x200.jpg 300w, https:\/\/1mal1japan.de\/wp-content\/uploads\/2026\/03\/Kimchi-Fried-Rice-selber-machen-768x512.jpg 768w, https:\/\/1mal1japan.de\/wp-content\/uploads\/2026\/03\/Kimchi-Fried-Rice-selber-machen.jpg 1200w\" sizes=\"(max-width: 1024px) 100vw, 1024px\" \/>\t\t\t\t\t<\/a>\n\t\t\t\t\t\t\t<\/div>\n\t\t\t\t\t\t<p class=\"uagb-post__title uagb-post__text\">\n\t\t\t\t<a href=\"https:\/\/1mal1japan.de\/it\/asiatische-rezepte\/riso-fritto-al-kimchi-prepara-in-casa-un-kimchi-bokkeumbap-veloce-in-20-minuti\/\" target=\"_self\" rel=\"bookmark noopener noreferrer\">Riso fritto al kimchi: prepara in casa un kimchi Bokkeumbap veloce | in 20 minuti<\/a>\n\t\t\t<\/p>\n\t\t\t\t\t\t<div class='uagb-post__text uagb-post-grid-byline'>\n\t\t\t\t\t\t\t\t<time datetime=\"2026-03-18T06:02:00+01:00\" class=\"uagb-post__date\">\n\t\t\t\t<span class=\"dashicons-calendar dashicons\"><\/span>\t\t\t\t\t18. Marzo 2026\t\t\t\t<\/time>\n\t\t\t\t\t\t<\/div>\n\t\t\t\t\t\t<div class=\"uagb-post__text uagb-post__cta wp-block-button\">\n\t\t\t\t<a class=\"wp-block-button__link uagb-text-link\" style=\"\" href=\"https:\/\/1mal1japan.de\/it\/asiatische-rezepte\/riso-fritto-al-kimchi-prepara-in-casa-un-kimchi-bokkeumbap-veloce-in-20-minuti\/\" target=\"_self\" rel=\"bookmark noopener noreferrer\">\u279f Vai alla ricetta<\/a>\n\t\t\t<\/div>\n\t\t\t\n\t\t\t\t\t\t\t\t\t<\/article>\n\t\t\t\t\t\t\t\t\t\t\t<\/div>\n\t\t\t\n<div style=\"height:20px\" aria-hidden=\"true\" class=\"wp-block-spacer\"><\/div>\n\n<h3 class=\"wp-block-heading\" id=\"lagerung\">Come si conserva il Furikake?<\/h3>\n\n<p>Il Furikake va conservato in un luogo asciutto, in un contenitore ermetico e al riparo dalla luce. Una volta aperto, richiudere il pi\u00f9 possibile e consumare entro poche settimane per preservarne l&#8217;aroma.<\/p>\n\n<h2 class=\"wp-block-heading\" id=\"h-deine-vorteile-und-unser-versprechen\">I tuoi vantaggi e la nostra promessa:<\/h2>\n\n<section class=\"wp-block-uagb-section uagb-section__wrap uagb-section__background-color uagb-block-85f7e9d2\"><div class=\"uagb-section__overlay\"><\/div><div class=\"uagb-section__inner-wrap\">\n<p>\u2764\ufe0f <strong>Veloce, semplice e affidabile:<\/strong> I clienti ci adorano! Con 4,9 stelle su 5 su Shopvote &#8211; dai un&#8217;occhiata <a href=\"https:\/\/www.shopvote.de\/bewertung_1mal1japan_de_23342.html\">qui alle recensioni dei nostri clienti<\/a>!<\/p>\n<\/div><\/section>\n\n<div style=\"height:20px\" aria-hidden=\"true\" class=\"wp-block-spacer\"><\/div>\n\n<section class=\"wp-block-uagb-section uagb-section__wrap uagb-section__background-color uagb-block-9e748e26\"><div class=\"uagb-section__overlay\"><\/div><div class=\"uagb-section__inner-wrap\">\n<p>\ud83c\udf31 <strong>Acquisti sostenibili:<\/strong> Spedizioni a impatto zero, imballaggi ecologici, fatture digitali di default.<\/p>\n<\/div><\/section>\n\n<div style=\"height:20px\" aria-hidden=\"true\" class=\"wp-block-spacer\"><\/div>\n\n<section class=\"wp-block-uagb-section uagb-section__wrap uagb-section__background-color uagb-block-11f9fc83\"><div class=\"uagb-section__overlay\"><\/div><div class=\"uagb-section__inner-wrap\">\n<p><strong>\ud83d\udd12 Acquisti al 100% senza rischi:<\/strong> Nessun importo minimo d&#8217;ordine, spedizione gratuita in Germania a partire da 59 \u20ac di spesa + diritto di recesso di 30 giorni con reso gratuito.<\/p>\n<\/div><\/section>\n\n<div style=\"height:20px\" aria-hidden=\"true\" class=\"wp-block-spacer\"><\/div>\n\n<section class=\"wp-block-uagb-section uagb-section__wrap uagb-section__background-color uagb-block-5b55bd83\"><div class=\"uagb-section__overlay\"><\/div><div class=\"uagb-section__inner-wrap\">\n<p>\ud83e\udd62 <strong>I migliori ingredienti per la tua esperienza culinaria e gustativa: <\/strong>Prodotti selezionati a mano che ci convincono personalmente in base a quattro criteri: (1) gusto, (2) autenticit\u00e0, (3) prezzo e (4) disponibilit\u00e0.<\/p>\n<\/div><\/section>\n\n<div style=\"height:20px\" aria-hidden=\"true\" class=\"wp-block-spacer\"><\/div>\n\n<section class=\"wp-block-uagb-section uagb-section__wrap uagb-section__background-color uagb-block-94ed5912\"><div class=\"uagb-section__overlay\"><\/div><div class=\"uagb-section__inner-wrap\">\n<p>\ud83d\udc4d <strong>Approfitta della nostra pluriennale esperienza<\/strong>: 1mal1japan.de esiste gi\u00e0 dal 2016. Da allora abbiamo avuto il piacere di accogliere milioni di visitatori sul nostro blog e nel nostro Shop e di servire oltre 50.000 clienti soddisfatti. Grazie di cuore a tutti i lettori e ai fan!<\/p>\n<\/div><\/section>\n","protected":false},"excerpt":{"rendered":"<p><strong>Condimento giapponese per riso per Onigiri, ciotole e riso per Sushi.<\/strong><\/p>\n<p>Questo Furikake di Fujiman \u00e8 una classica miscela di sesamo tostato e alghe Nori. Conferisce ai piatti a base di riso una nota speziata, nocciolata e di Umami ed \u00e8 ideale per Onigiri, bowl o come semplice topping quotidiano.<\/p>\n","protected":false},"featured_media":62756,"template":"","meta":{"_uag_custom_page_level_css":"","site-sidebar-layout":"default","site-content-layout":"default","ast-site-content-layout":"default","site-content-style":"default","site-sidebar-style":"default","ast-global-header-display":"","ast-banner-title-visibility":"","ast-main-header-display":"","ast-hfb-above-header-display":"","ast-hfb-below-header-display":"","ast-hfb-mobile-header-display":"","site-post-title":"","ast-breadcrumbs-content":"","ast-featured-img":"","footer-sml-layout":"","ast-disable-related-posts":"","theme-transparent-header-meta":"default","adv-header-id-meta":"","stick-header-meta":"default","header-above-stick-meta":"","header-main-stick-meta":"","header-below-stick-meta":"","astra-migrate-meta-layouts":"default","ast-page-background-enabled":"default","ast-page-background-meta":{"desktop":{"background-color":"","background-image":"","background-repeat":"repeat","background-position":"center center","background-size":"auto","background-attachment":"scroll","background-type":"","background-media":"","overlay-type":"","overlay-color":"","overlay-opacity":"","overlay-gradient":""},"tablet":{"background-color":"","background-image":"","background-repeat":"repeat","background-position":"center center","background-size":"auto","background-attachment":"scroll","background-type":"","background-media":"","overlay-type":"","overlay-color":"","overlay-opacity":"","overlay-gradient":""},"mobile":{"background-color":"","background-image":"","background-repeat":"repeat","background-position":"center center","background-size":"auto","background-attachment":"scroll","background-type":"","background-media":"","overlay-type":"","overlay-color":"","overlay-opacity":"","overlay-gradient":""}},"ast-content-background-meta":{"desktop":{"background-color":"var(--ast-global-color-5)","background-image":"","background-repeat":"repeat","background-position":"center center","background-size":"auto","background-attachment":"scroll","background-type":"","background-media":"","overlay-type":"","overlay-color":"","overlay-opacity":"","overlay-gradient":""},"tablet":{"background-color":"var(--ast-global-color-5)","background-image":"","background-repeat":"repeat","background-position":"center center","background-size":"auto","background-attachment":"scroll","background-type":"","background-media":"","overlay-type":"","overlay-color":"","overlay-opacity":"","overlay-gradient":""},"mobile":{"background-color":"var(--ast-global-color-5)","background-image":"","background-repeat":"repeat","background-position":"center center","background-size":"auto","background-attachment":"scroll","background-type":"","background-media":"","overlay-type":"","overlay-color":"","overlay-opacity":"","overlay-gradient":""}}},"product_brand":[],"product_cat":[1569,1568,1557],"product_tag":[1571,1570,1572],"class_list":{"0":"post-62739","1":"product","2":"type-product","3":"status-publish","4":"has-post-thumbnail","6":"product_cat-fujiman","7":"product_cat-spezie-e-brodi","8":"product_cat-tutti-i-prodotti","9":"product_tag-furikake","10":"product_tag-onigiri","11":"product_tag-vegano","12":"desktop-align-left","13":"tablet-align-left","14":"mobile-align-left","15":"ast-product-gallery-layout-horizontal-slider","16":"ast-magnify-disabled","17":"ast-product-tabs-layout-horizontal","19":"first","20":"instock","21":"taxable","22":"shipping-taxable","23":"purchasable","24":"product-type-simple"},"yoast_head":"<!-- This site is optimized with the Yoast SEO Premium plugin v27.4 (Yoast SEO v27.4) - https:\/\/yoast.com\/product\/yoast-seo-premium-wordpress\/ -->\n<title>Fujiman Furikake 50 g | condimento giapponese per riso, Onigiri | vegano e senza glutine<\/title>\n<meta name=\"description\" content=\"I\u27a1 Fujiman Furikake \u2714 50 g di condimento per riso con sesamo e Nori \u2714 vegano, senza glutine e senza esaltatori di sapidit\u00e0 \u2714 ideale per Onigiri \u2714 consegna rapida!\" \/>\n<meta name=\"robots\" content=\"index, follow, max-snippet:-1, max-image-preview:large, max-video-preview:-1\" \/>\n<link rel=\"canonical\" href=\"https:\/\/1mal1japan.de\/it\/produkt\/furikake-50-g-condimento-per-riso-senza-glutammato-monosodico-fujiman\/\" \/>\n<meta property=\"og:locale\" content=\"it_IT\" \/>\n<meta property=\"og:type\" content=\"article\" \/>\n<meta property=\"og:title\" content=\"Furikake 50 g (condimento per riso, senza glutammato monosodico), Fujiman\" \/>\n<meta property=\"og:description\" content=\"Condimento giapponese per riso per Onigiri, ciotole e riso per Sushi. Questo Furikake di Fujiman \u00e8 una classica miscela di sesamo tostato e alghe Nori. Conferisce ai piatti a base di riso una nota speziata, nocciolata e di Umami ed \u00e8 ideale per Onigiri, bowl o come semplice topping quotidiano.\" \/>\n<meta property=\"og:url\" content=\"https:\/\/1mal1japan.de\/it\/produkt\/furikake-50-g-condimento-per-riso-senza-glutammato-monosodico-fujiman\/\" \/>\n<meta property=\"og:site_name\" content=\"1mal1japan.de\" \/>\n<meta property=\"article:modified_time\" content=\"2026-04-28T06:45:05+00:00\" \/>\n<meta property=\"og:image\" content=\"https:\/\/1mal1japan.de\/wp-content\/uploads\/2021\/04\/Furikake-Titelbild-mit-Schatten-komp-1.png\" \/>\n\t<meta property=\"og:image:width\" content=\"800\" \/>\n\t<meta property=\"og:image:height\" content=\"800\" \/>\n\t<meta property=\"og:image:type\" content=\"image\/png\" \/>\n<script type=\"application\/ld+json\" class=\"yoast-schema-graph\">{\"@context\":\"https:\\\/\\\/schema.org\",\"@graph\":[{\"@type\":\"WebPage\",\"@id\":\"https:\\\/\\\/1mal1japan.de\\\/it\\\/produkt\\\/furikake-50-g-condimento-per-riso-senza-glutammato-monosodico-fujiman\\\/\",\"url\":\"https:\\\/\\\/1mal1japan.de\\\/it\\\/produkt\\\/furikake-50-g-condimento-per-riso-senza-glutammato-monosodico-fujiman\\\/\",\"name\":\"Fujiman Furikake 50 g | condimento giapponese per riso, Onigiri | vegano e senza glutine\",\"isPartOf\":{\"@id\":\"https:\\\/\\\/1mal1japan.de\\\/it\\\/#website\"},\"primaryImageOfPage\":{\"@id\":\"https:\\\/\\\/1mal1japan.de\\\/it\\\/produkt\\\/furikake-50-g-condimento-per-riso-senza-glutammato-monosodico-fujiman\\\/#primaryimage\"},\"image\":{\"@id\":\"https:\\\/\\\/1mal1japan.de\\\/it\\\/produkt\\\/furikake-50-g-condimento-per-riso-senza-glutammato-monosodico-fujiman\\\/#primaryimage\"},\"thumbnailUrl\":\"https:\\\/\\\/1mal1japan.de\\\/wp-content\\\/uploads\\\/2021\\\/04\\\/Furikake-Titelbild-mit-Schatten-komp-1.png\",\"datePublished\":\"2021-04-18T07:39:07+00:00\",\"dateModified\":\"2026-04-28T06:45:05+00:00\",\"description\":\"I\u27a1 Fujiman Furikake \u2714 50 g di condimento per riso con sesamo e Nori \u2714 vegano, senza glutine e senza esaltatori di sapidit\u00e0 \u2714 ideale per Onigiri \u2714 consegna rapida!\",\"breadcrumb\":{\"@id\":\"https:\\\/\\\/1mal1japan.de\\\/it\\\/produkt\\\/furikake-50-g-condimento-per-riso-senza-glutammato-monosodico-fujiman\\\/#breadcrumb\"},\"inLanguage\":\"it-IT\",\"potentialAction\":[{\"@type\":\"ReadAction\",\"target\":[\"https:\\\/\\\/1mal1japan.de\\\/it\\\/produkt\\\/furikake-50-g-condimento-per-riso-senza-glutammato-monosodico-fujiman\\\/\"]}]},{\"@type\":\"ImageObject\",\"inLanguage\":\"it-IT\",\"@id\":\"https:\\\/\\\/1mal1japan.de\\\/it\\\/produkt\\\/furikake-50-g-condimento-per-riso-senza-glutammato-monosodico-fujiman\\\/#primaryimage\",\"url\":\"https:\\\/\\\/1mal1japan.de\\\/wp-content\\\/uploads\\\/2021\\\/04\\\/Furikake-Titelbild-mit-Schatten-komp-1.png\",\"contentUrl\":\"https:\\\/\\\/1mal1japan.de\\\/wp-content\\\/uploads\\\/2021\\\/04\\\/Furikake-Titelbild-mit-Schatten-komp-1.png\",\"width\":800,\"height\":800,\"caption\":\"Furikake 50 g (condimento giapponese per riso con sesamo e Nori, per Onigiri), Fujiman\"},{\"@type\":\"BreadcrumbList\",\"@id\":\"https:\\\/\\\/1mal1japan.de\\\/it\\\/produkt\\\/furikake-50-g-condimento-per-riso-senza-glutammato-monosodico-fujiman\\\/#breadcrumb\",\"itemListElement\":[{\"@type\":\"ListItem\",\"position\":1,\"name\":\"Startseite\",\"item\":\"https:\\\/\\\/1mal1japan.de\\\/it\\\/\"},{\"@type\":\"ListItem\",\"position\":2,\"name\":\"Negozio\",\"item\":\"https:\\\/\\\/1mal1japan.de\\\/it\\\/shop\\\/\"},{\"@type\":\"ListItem\",\"position\":3,\"name\":\"Furikake 50 g (condimento per riso, senza glutammato monosodico), Fujiman\"}]},{\"@type\":\"WebSite\",\"@id\":\"https:\\\/\\\/1mal1japan.de\\\/it\\\/#website\",\"url\":\"https:\\\/\\\/1mal1japan.de\\\/it\\\/\",\"name\":\"1mal1japan.de\",\"description\":\"japanisch kochen &amp; einkaufen\",\"publisher\":{\"@id\":\"https:\\\/\\\/1mal1japan.de\\\/it\\\/#\\\/schema\\\/person\\\/3b6eab913fce9065523e927d88b032b0\"},\"potentialAction\":[{\"@type\":\"SearchAction\",\"target\":{\"@type\":\"EntryPoint\",\"urlTemplate\":\"https:\\\/\\\/1mal1japan.de\\\/it\\\/?s={search_term_string}\"},\"query-input\":{\"@type\":\"PropertyValueSpecification\",\"valueRequired\":true,\"valueName\":\"search_term_string\"}}],\"inLanguage\":\"it-IT\"},{\"@type\":[\"Person\",\"Organization\"],\"@id\":\"https:\\\/\\\/1mal1japan.de\\\/it\\\/#\\\/schema\\\/person\\\/3b6eab913fce9065523e927d88b032b0\",\"name\":\"Elisa\",\"image\":{\"@type\":\"ImageObject\",\"inLanguage\":\"it-IT\",\"@id\":\"https:\\\/\\\/1mal1japan.de\\\/wp-content\\\/uploads\\\/2018\\\/09\\\/Profilbild_Elisa.png\",\"url\":\"https:\\\/\\\/1mal1japan.de\\\/wp-content\\\/uploads\\\/2018\\\/09\\\/Profilbild_Elisa.png\",\"contentUrl\":\"https:\\\/\\\/1mal1japan.de\\\/wp-content\\\/uploads\\\/2018\\\/09\\\/Profilbild_Elisa.png\",\"width\":200,\"height\":200,\"caption\":\"Elisa\"},\"logo\":{\"@id\":\"https:\\\/\\\/1mal1japan.de\\\/wp-content\\\/uploads\\\/2018\\\/09\\\/Profilbild_Elisa.png\"}}]}<\/script>\n<meta property=\"product:brand\" content=\"Fujiman\" \/>\n<meta property=\"product:price:amount\" content=\"4.99\" \/>\n<meta property=\"product:price:currency\" content=\"EUR\" \/>\n<meta property=\"og:availability\" content=\"instock\" \/>\n<meta property=\"product:availability\" content=\"instock\" \/>\n<meta property=\"product:retailer_item_id\" content=\"1006\" \/>\n<meta property=\"product:condition\" content=\"new\" \/>\n<!-- \/ Yoast SEO Premium plugin. -->","yoast_head_json":{"title":"Fujiman Furikake 50 g | condimento giapponese per riso, Onigiri | vegano e senza glutine","description":"I\u27a1 Fujiman Furikake \u2714 50 g di condimento per riso con sesamo e Nori \u2714 vegano, senza glutine e senza esaltatori di sapidit\u00e0 \u2714 ideale per Onigiri \u2714 consegna rapida!","robots":{"index":"index","follow":"follow","max-snippet":"max-snippet:-1","max-image-preview":"max-image-preview:large","max-video-preview":"max-video-preview:-1"},"canonical":"https:\/\/1mal1japan.de\/it\/produkt\/furikake-50-g-condimento-per-riso-senza-glutammato-monosodico-fujiman\/","og_locale":"it_IT","og_type":"article","og_title":"Furikake 50 g (condimento per riso, senza glutammato monosodico), Fujiman","og_description":"Condimento giapponese per riso per Onigiri, ciotole e riso per Sushi. Questo Furikake di Fujiman \u00e8 una classica miscela di sesamo tostato e alghe Nori. Conferisce ai piatti a base di riso una nota speziata, nocciolata e di Umami ed \u00e8 ideale per Onigiri, bowl o come semplice topping quotidiano.","og_url":"https:\/\/1mal1japan.de\/it\/produkt\/furikake-50-g-condimento-per-riso-senza-glutammato-monosodico-fujiman\/","og_site_name":"1mal1japan.de","article_modified_time":"2026-04-28T06:45:05+00:00","og_image":[{"width":800,"height":800,"url":"https:\/\/1mal1japan.de\/wp-content\/uploads\/2021\/04\/Furikake-Titelbild-mit-Schatten-komp-1.png","type":"image\/png"}],"schema":{"@context":"https:\/\/schema.org","@graph":[{"@type":"WebPage","@id":"https:\/\/1mal1japan.de\/it\/produkt\/furikake-50-g-condimento-per-riso-senza-glutammato-monosodico-fujiman\/","url":"https:\/\/1mal1japan.de\/it\/produkt\/furikake-50-g-condimento-per-riso-senza-glutammato-monosodico-fujiman\/","name":"Fujiman Furikake 50 g | condimento giapponese per riso, Onigiri | vegano e senza glutine","isPartOf":{"@id":"https:\/\/1mal1japan.de\/it\/#website"},"primaryImageOfPage":{"@id":"https:\/\/1mal1japan.de\/it\/produkt\/furikake-50-g-condimento-per-riso-senza-glutammato-monosodico-fujiman\/#primaryimage"},"image":{"@id":"https:\/\/1mal1japan.de\/it\/produkt\/furikake-50-g-condimento-per-riso-senza-glutammato-monosodico-fujiman\/#primaryimage"},"thumbnailUrl":"https:\/\/1mal1japan.de\/wp-content\/uploads\/2021\/04\/Furikake-Titelbild-mit-Schatten-komp-1.png","datePublished":"2021-04-18T07:39:07+00:00","dateModified":"2026-04-28T06:45:05+00:00","description":"I\u27a1 Fujiman Furikake \u2714 50 g di condimento per riso con sesamo e Nori \u2714 vegano, senza glutine e senza esaltatori di sapidit\u00e0 \u2714 ideale per Onigiri \u2714 consegna rapida!","breadcrumb":{"@id":"https:\/\/1mal1japan.de\/it\/produkt\/furikake-50-g-condimento-per-riso-senza-glutammato-monosodico-fujiman\/#breadcrumb"},"inLanguage":"it-IT","potentialAction":[{"@type":"ReadAction","target":["https:\/\/1mal1japan.de\/it\/produkt\/furikake-50-g-condimento-per-riso-senza-glutammato-monosodico-fujiman\/"]}]},{"@type":"ImageObject","inLanguage":"it-IT","@id":"https:\/\/1mal1japan.de\/it\/produkt\/furikake-50-g-condimento-per-riso-senza-glutammato-monosodico-fujiman\/#primaryimage","url":"https:\/\/1mal1japan.de\/wp-content\/uploads\/2021\/04\/Furikake-Titelbild-mit-Schatten-komp-1.png","contentUrl":"https:\/\/1mal1japan.de\/wp-content\/uploads\/2021\/04\/Furikake-Titelbild-mit-Schatten-komp-1.png","width":800,"height":800,"caption":"Furikake 50 g (condimento giapponese per riso con sesamo e Nori, per Onigiri), Fujiman"},{"@type":"BreadcrumbList","@id":"https:\/\/1mal1japan.de\/it\/produkt\/furikake-50-g-condimento-per-riso-senza-glutammato-monosodico-fujiman\/#breadcrumb","itemListElement":[{"@type":"ListItem","position":1,"name":"Startseite","item":"https:\/\/1mal1japan.de\/it\/"},{"@type":"ListItem","position":2,"name":"Negozio","item":"https:\/\/1mal1japan.de\/it\/shop\/"},{"@type":"ListItem","position":3,"name":"Furikake 50 g (condimento per riso, senza glutammato monosodico), Fujiman"}]},{"@type":"WebSite","@id":"https:\/\/1mal1japan.de\/it\/#website","url":"https:\/\/1mal1japan.de\/it\/","name":"1mal1japan.de","description":"japanisch kochen &amp; einkaufen","publisher":{"@id":"https:\/\/1mal1japan.de\/it\/#\/schema\/person\/3b6eab913fce9065523e927d88b032b0"},"potentialAction":[{"@type":"SearchAction","target":{"@type":"EntryPoint","urlTemplate":"https:\/\/1mal1japan.de\/it\/?s={search_term_string}"},"query-input":{"@type":"PropertyValueSpecification","valueRequired":true,"valueName":"search_term_string"}}],"inLanguage":"it-IT"},{"@type":["Person","Organization"],"@id":"https:\/\/1mal1japan.de\/it\/#\/schema\/person\/3b6eab913fce9065523e927d88b032b0","name":"Elisa","image":{"@type":"ImageObject","inLanguage":"it-IT","@id":"https:\/\/1mal1japan.de\/wp-content\/uploads\/2018\/09\/Profilbild_Elisa.png","url":"https:\/\/1mal1japan.de\/wp-content\/uploads\/2018\/09\/Profilbild_Elisa.png","contentUrl":"https:\/\/1mal1japan.de\/wp-content\/uploads\/2018\/09\/Profilbild_Elisa.png","width":200,"height":200,"caption":"Elisa"},"logo":{"@id":"https:\/\/1mal1japan.de\/wp-content\/uploads\/2018\/09\/Profilbild_Elisa.png"}}]},"product_brand":"Fujiman","product_price_amount":"4.99","product_price_currency":"EUR","og_availability":"instock","product_availability":"instock","product_retailer_item_id":"1006","product_condition":"new"},"uagb_featured_image_src":{"full":["https:\/\/1mal1japan.de\/wp-content\/uploads\/2021\/04\/Furikake-Titelbild-mit-Schatten-komp-1.png",800,800,false],"thumbnail":["https:\/\/1mal1japan.de\/wp-content\/uploads\/2021\/04\/Furikake-Titelbild-mit-Schatten-komp-1-150x150.png",150,150,true],"medium":["https:\/\/1mal1japan.de\/wp-content\/uploads\/2021\/04\/Furikake-Titelbild-mit-Schatten-komp-1-300x300.png",300,300,true],"medium_large":["https:\/\/1mal1japan.de\/wp-content\/uploads\/2021\/04\/Furikake-Titelbild-mit-Schatten-komp-1-768x768.png",768,768,true],"large":["https:\/\/1mal1japan.de\/wp-content\/uploads\/2021\/04\/Furikake-Titelbild-mit-Schatten-komp-1.png",800,800,false],"1536x1536":["https:\/\/1mal1japan.de\/wp-content\/uploads\/2021\/04\/Furikake-Titelbild-mit-Schatten-komp-1.png",800,800,false],"2048x2048":["https:\/\/1mal1japan.de\/wp-content\/uploads\/2021\/04\/Furikake-Titelbild-mit-Schatten-komp-1.png",800,800,false],"woocommerce_thumbnail":["https:\/\/1mal1japan.de\/wp-content\/uploads\/2021\/04\/Furikake-Titelbild-mit-Schatten-komp-1-600x600.png",600,600,true],"woocommerce_single":["https:\/\/1mal1japan.de\/wp-content\/uploads\/2021\/04\/Furikake-Titelbild-mit-Schatten-komp-1.png",800,800,false],"woocommerce_gallery_thumbnail":["https:\/\/1mal1japan.de\/wp-content\/uploads\/2021\/04\/Furikake-Titelbild-mit-Schatten-komp-1-100x100.png",100,100,true]},"uagb_author_info":{"display_name":"Elisa","author_link":"https:\/\/1mal1japan.de\/it\/author\/"},"uagb_comment_info":0,"uagb_excerpt":"Condimento giapponese per riso per Onigiri, ciotole e riso per Sushi. Questo Furikake di Fujiman \u00e8 una classica miscela di sesamo tostato e alghe Nori. Conferisce ai piatti a base di riso una nota speziata, nocciolata e di Umami ed \u00e8 ideale per Onigiri, bowl o come semplice topping quotidiano.","_links":{"self":[{"href":"https:\/\/1mal1japan.de\/it\/wp-json\/wp\/v2\/product\/62739","targetHints":{"allow":["GET"]}}],"collection":[{"href":"https:\/\/1mal1japan.de\/it\/wp-json\/wp\/v2\/product"}],"about":[{"href":"https:\/\/1mal1japan.de\/it\/wp-json\/wp\/v2\/types\/product"}],"wp:featuredmedia":[{"embeddable":true,"href":"https:\/\/1mal1japan.de\/it\/wp-json\/wp\/v2\/media\/62756"}],"wp:attachment":[{"href":"https:\/\/1mal1japan.de\/it\/wp-json\/wp\/v2\/media?parent=62739"}],"wp:term":[{"taxonomy":"product_brand","embeddable":true,"href":"https:\/\/1mal1japan.de\/it\/wp-json\/wp\/v2\/product_brand?post=62739"},{"taxonomy":"product_cat","embeddable":true,"href":"https:\/\/1mal1japan.de\/it\/wp-json\/wp\/v2\/product_cat?post=62739"},{"taxonomy":"product_tag","embeddable":true,"href":"https:\/\/1mal1japan.de\/it\/wp-json\/wp\/v2\/product_tag?post=62739"}],"curies":[{"name":"wp","href":"https:\/\/api.w.org\/{rel}","templated":true}]}}