{"id":62769,"date":"2021-04-18T10:08:46","date_gmt":"2021-04-18T08:08:46","guid":{"rendered":"https:\/\/1mal1japan.de\/produkt\/sb-golden-curry-delicato-92-g-dal-giappone\/"},"modified":"2026-04-23T14:02:22","modified_gmt":"2026-04-23T12:02:22","slug":"sb-golden-curry-delicato-92-g-dal-giappone","status":"publish","type":"product","link":"https:\/\/1mal1japan.de\/it\/produkt\/sb-golden-curry-delicato-92-g-dal-giappone\/","title":{"rendered":"S&amp;B Golden Curry delicato 92 g (dal Giappone)"},"content":{"rendered":"\n<div style=\"height:20px\" aria-hidden=\"true\" class=\"wp-block-spacer\"><\/div>\n\n<section class=\"wp-block-uagb-section uagb-section__wrap uagb-section__background-color uagb-block-bc376936\"><div class=\"uagb-section__overlay\"><\/div><div class=\"uagb-section__inner-wrap\">\n<p class=\"has-ast-global-color-5-color has-text-color has-link-color wp-elements-e553398c0330683b9e89153476577446\">\u2705 Classica miscela di spezie per curry giapponese di S&amp;B<br\/>\u2705 Ideale per circa 5 porzioni di Kare Raisu<br\/>\u2705 Dal gusto delicato \u2013 adatto anche alle famiglie<br\/>\u2705 Miscela aromatica di spezie ed erbe aromatiche<br\/>\u2705 Vegano e senza lattosio<\/p>\n<\/div><\/section>\n\n<h2 class=\"wp-block-heading\" id=\"wissen\">Cos&#8217;\u00e8 il Golden Curry?<\/h2>\n\n<p>Il Golden Curry \u00e8 una delle miscele di spezie per curry giapponesi pi\u00f9 famose e viene spesso utilizzato per il piatto Kare Raisu. La pasta viene fornita in piccoli cubetti che si sciolgono in acqua o brodo durante la cottura, dando vita a una salsa al curry cremosa. In Giappone, il Golden Curry di S&amp;B \u00e8 uno dei prodotti pi\u00f9 diffusi per il curry fatto in casa.<\/p>\n\n<h3 class=\"wp-block-heading\" id=\"geschmack\">Che sapore ha il curry giapponese?<\/h3>\n\n<p>Il curry giapponese \u00e8 solitamente pi\u00f9 delicato e leggermente pi\u00f9 dolce rispetto a molti altri curry asiatici. Il suo sapore deriva da una miscela di spezie, erbe aromatiche e una nota delicata di curry. La salsa \u00e8 densa e ben equilibrata, il che la rende perfetta per accompagnare riso, verdure, carne o Tofu.<\/p>\n\n<h3 class=\"wp-block-heading\" id=\"zubereitung\">Come si prepara il curry giapponese?<\/h3>\n\n<p>Per il Kare Raisu, solitamente si rosolano cipolle, patate e carote, che vengono poi cotte in acqua. Non appena le verdure sono morbide, si aggiunge un pezzo di pasta di curry. La salsa si addensa e sviluppa il suo sapore tipico. Infine, il curry viene solitamente servito con il riso.<\/p>\n\n<h3 class=\"wp-block-heading\" id=\"lagerung\">Come si conserva il Golden Curry?<\/h3>\n\n<p>La confezione non aperta pu\u00f2 essere conservata in un luogo asciutto a temperatura ambiente. Una volta aperta, i blocchi di curry avanzati dovrebbero essere conservati in un contenitore ermetico e in un luogo fresco, per preservarne l&#8217;aroma e la consistenza.<\/p>\n\n<h2 class=\"wp-block-heading\" id=\"verwendung\">Per cosa altro posso usare il Golden Curry?<\/h2>\n\n<p>Oltre al classico riso al curry, la miscela \u00e8 adatta anche per molti altri piatti. Molto apprezzati sono, ad esempio, il curry Udon, il pane al curry giapponese (kare pan) o vari piatti preparati nel wok. Grazie alla sua semplice preparazione, \u00e8 possibile preparare rapidamente una salsa aromatica per diversi piatti.<\/p>\n\n<h3 class=\"wp-block-heading\" id=\"rezepte\">Ecco cosa puoi cucinare con questo prodotto:<\/h3>\n\n\t\t\t<div class=\"wp-block-uagb-post-grid uagb-post-grid  uagb-post__image-position-top uagb-post__image-enabled uagb-block-27b66334     uagb-post__items uagb-post__columns-2 is-grid uagb-post__columns-tablet-2 uagb-post__columns-mobile-2 uagb-post__equal-height\" data-total=\"0\" style=\"\">\n\n\t\t\t\t\t\t\t\t\t<p class=\"uagb-post__no-posts\">\n\t\t\t\t\t\tNo post found!\t\t\t\t\t<\/p>\n\t\t\t\t\t\t\t\t<\/div>\n\t\t\t\n<div style=\"height:20px\" aria-hidden=\"true\" class=\"wp-block-spacer\"><\/div>\n\n<h2 class=\"wp-block-heading\" id=\"h-deine-vorteile-und-unser-versprechen\">I tuoi vantaggi e la nostra promessa:<\/h2>\n\n<section class=\"wp-block-uagb-section uagb-section__wrap uagb-section__background-color uagb-block-85f7e9d2\"><div class=\"uagb-section__overlay\"><\/div><div class=\"uagb-section__inner-wrap\">\n<p>\u2764\ufe0f <strong>Schnell, unkompliziert &amp; zuverl\u00e4ssig:<\/strong> Kunden lieben uns! Mit 4,9 von 5 Sternen bei Shopvote &#8211; schau dir <a href=\"https:\/\/www.shopvote.de\/bewertung_1mal1japan_de_23342.html\">hier unsere Kundenbewertungen<\/a> selbst an!<\/p>\n<\/div><\/section>\n\n\n\n<div style=\"height:20px\" aria-hidden=\"true\" class=\"wp-block-spacer\"><\/div>\n\n\n\n<section class=\"wp-block-uagb-section uagb-section__wrap uagb-section__background-color uagb-block-9e748e26\"><div class=\"uagb-section__overlay\"><\/div><div class=\"uagb-section__inner-wrap\">\n<p>\ud83c\udf31 <strong>Nachhaltig Shoppen:<\/strong> Klimaneutral versendet, umweltfreundlich verpackt, standardm\u00e4\u00dfig digitale Rechnungen.<\/p>\n<\/div><\/section>\n\n\n\n<div style=\"height:20px\" aria-hidden=\"true\" class=\"wp-block-spacer\"><\/div>\n\n\n\n<section class=\"wp-block-uagb-section uagb-section__wrap uagb-section__background-color uagb-block-11f9fc83\"><div class=\"uagb-section__overlay\"><\/div><div class=\"uagb-section__inner-wrap\">\n<p><strong>\ud83d\udd12 100% einkaufen ohne Risiko:<\/strong> Kein Mindestbestellwert, Gratis-Versand innerhalb Deutschlands ab 59\u20ac Bestellwert + 30 Tage Widerrufsrecht mit kostenlosem R\u00fcckversand.<\/p>\n<\/div><\/section>\n\n\n\n<div style=\"height:20px\" aria-hidden=\"true\" class=\"wp-block-spacer\"><\/div>\n\n\n\n<section class=\"wp-block-uagb-section uagb-section__wrap uagb-section__background-color uagb-block-5b55bd83\"><div class=\"uagb-section__overlay\"><\/div><div class=\"uagb-section__inner-wrap\">\n<p>\ud83e\udd62 <strong>Allerbeste Zutaten f\u00fcr dein Koch- und Geschmackserlebnis: <\/strong>Handverlesene Produkte, die uns pers\u00f6nlich nach vier Kriterien \u00fcberzeugen (1) Geschmack, (2) Authentizit\u00e4t (3) Preis und (4) Verf\u00fcgbarkeit.<\/p>\n<\/div><\/section>\n\n\n\n<div style=\"height:20px\" aria-hidden=\"true\" class=\"wp-block-spacer\"><\/div>\n\n\n\n<section class=\"wp-block-uagb-section uagb-section__wrap uagb-section__background-color uagb-block-94ed5912\"><div class=\"uagb-section__overlay\"><\/div><div class=\"uagb-section__inner-wrap\">\n<p>\ud83d\udc4d <strong>Profitiere von langj\u00e4hriger Erfahrung<\/strong>: 1mal1japan.de gibt es bereits seit 2016. Seitdem durften wir bereits Millionen an Besuchern auf unserem Blog und Shop begr\u00fc\u00dfen und \u00fcber 50.000 zufriedene Kunden beliefern. Ganz herzlichen Dank an alle Leser und Fans!<\/p>\n<\/div><\/section>\n","protected":false},"excerpt":{"rendered":"<p><strong>Pasta di curry giapponese per Kare Raisu, Curry Udon e piatti al wok. <\/strong><\/p>\n<p>Il Golden Curry mild di S&#038;B \u00e8 una classica miscela di spezie al curry giapponese per la preparazione del Kare Raisu (curry con riso). La pasta combina diverse spezie per un gusto delicato e aromatico ed \u00e8 adatta per circa cinque porzioni<\/p>\n","protected":false},"featured_media":62837,"template":"","meta":{"_uag_custom_page_level_css":"","site-sidebar-layout":"default","site-content-layout":"default","ast-site-content-layout":"default","site-content-style":"default","site-sidebar-style":"default","ast-global-header-display":"","ast-banner-title-visibility":"","ast-main-header-display":"","ast-hfb-above-header-display":"","ast-hfb-below-header-display":"","ast-hfb-mobile-header-display":"","site-post-title":"","ast-breadcrumbs-content":"","ast-featured-img":"","footer-sml-layout":"","ast-disable-related-posts":"","theme-transparent-header-meta":"default","adv-header-id-meta":"","stick-header-meta":"default","header-above-stick-meta":"","header-main-stick-meta":"","header-below-stick-meta":"","astra-migrate-meta-layouts":"default","ast-page-background-enabled":"default","ast-page-background-meta":{"desktop":{"background-color":"","background-image":"","background-repeat":"repeat","background-position":"center center","background-size":"auto","background-attachment":"scroll","background-type":"","background-media":"","overlay-type":"","overlay-color":"","overlay-opacity":"","overlay-gradient":""},"tablet":{"background-color":"","background-image":"","background-repeat":"repeat","background-position":"center center","background-size":"auto","background-attachment":"scroll","background-type":"","background-media":"","overlay-type":"","overlay-color":"","overlay-opacity":"","overlay-gradient":""},"mobile":{"background-color":"","background-image":"","background-repeat":"repeat","background-position":"center center","background-size":"auto","background-attachment":"scroll","background-type":"","background-media":"","overlay-type":"","overlay-color":"","overlay-opacity":"","overlay-gradient":""}},"ast-content-background-meta":{"desktop":{"background-color":"var(--ast-global-color-5)","background-image":"","background-repeat":"repeat","background-position":"center center","background-size":"auto","background-attachment":"scroll","background-type":"","background-media":"","overlay-type":"","overlay-color":"","overlay-opacity":"","overlay-gradient":""},"tablet":{"background-color":"var(--ast-global-color-5)","background-image":"","background-repeat":"repeat","background-position":"center center","background-size":"auto","background-attachment":"scroll","background-type":"","background-media":"","overlay-type":"","overlay-color":"","overlay-opacity":"","overlay-gradient":""},"mobile":{"background-color":"var(--ast-global-color-5)","background-image":"","background-repeat":"repeat","background-position":"center center","background-size":"auto","background-attachment":"scroll","background-type":"","background-media":"","overlay-type":"","overlay-color":"","overlay-opacity":"","overlay-gradient":""}}},"product_brand":[],"product_cat":[1558,1556,1577,1557],"product_tag":[1578,1579,1572],"class_list":{"0":"post-62769","1":"product","2":"type-product","3":"status-publish","4":"has-post-thumbnail","6":"product_cat-made-in-japan","7":"product_cat-olio-aceto-paste-e-salse","8":"product_cat-sb","9":"product_cat-tutti-i-prodotti","10":"product_tag-curry","11":"product_tag-kare-raisu","12":"product_tag-vegano","13":"desktop-align-left","14":"tablet-align-left","15":"mobile-align-left","16":"ast-product-gallery-layout-horizontal-slider","17":"ast-magnify-disabled","18":"ast-product-tabs-layout-horizontal","20":"first","21":"instock","22":"taxable","23":"shipping-taxable","24":"purchasable","25":"product-type-simple"},"yoast_head":"<!-- This site is optimized with the Yoast SEO Premium plugin v27.4 (Yoast SEO v27.4) - https:\/\/yoast.com\/product\/yoast-seo-premium-wordpress\/ -->\n<title>Acquista Golden Curry delicato 92 g \u2013 pasta di curry giapponese S&amp;B<\/title>\n<meta name=\"description\" content=\"I\u27a1 Golden Curry delicato \u2714 pasta di curry giapponese \u2714 per Kare Raisu \u2714 circa 5 porzioni \u2714 classico condimento al curry di S&amp;B \u2714 consegna veloce!\" \/>\n<meta name=\"robots\" content=\"index, follow, max-snippet:-1, max-image-preview:large, max-video-preview:-1\" \/>\n<link rel=\"canonical\" href=\"https:\/\/1mal1japan.de\/it\/produkt\/sb-golden-curry-delicato-92-g-dal-giappone\/\" \/>\n<meta property=\"og:locale\" content=\"it_IT\" \/>\n<meta property=\"og:type\" content=\"article\" \/>\n<meta property=\"og:title\" content=\"S&amp;B Golden Curry delicato 92 g (dal Giappone)\" \/>\n<meta property=\"og:description\" content=\"Pasta di curry giapponese per Kare Raisu, Curry Udon e piatti al wok. Il Golden Curry mild di S&amp;B \u00e8 una classica miscela di spezie al curry giapponese per la preparazione del Kare Raisu (curry con riso). La pasta combina diverse spezie per un gusto delicato e aromatico ed \u00e8 adatta per circa cinque porzioni\" \/>\n<meta property=\"og:url\" content=\"https:\/\/1mal1japan.de\/it\/produkt\/sb-golden-curry-delicato-92-g-dal-giappone\/\" \/>\n<meta property=\"og:site_name\" content=\"1mal1japan.de\" \/>\n<meta property=\"article:modified_time\" content=\"2026-04-23T12:02:22+00:00\" \/>\n<meta property=\"og:image\" content=\"https:\/\/1mal1japan.de\/wp-content\/uploads\/2021\/04\/golden-curry-neu-8.jpg\" \/>\n\t<meta property=\"og:image:width\" content=\"800\" \/>\n\t<meta property=\"og:image:height\" content=\"800\" \/>\n\t<meta property=\"og:image:type\" content=\"image\/jpeg\" \/>\n<script type=\"application\/ld+json\" class=\"yoast-schema-graph\">{\"@context\":\"https:\\\/\\\/schema.org\",\"@graph\":[{\"@type\":\"WebPage\",\"@id\":\"https:\\\/\\\/1mal1japan.de\\\/it\\\/produkt\\\/sb-golden-curry-delicato-92-g-dal-giappone\\\/\",\"url\":\"https:\\\/\\\/1mal1japan.de\\\/it\\\/produkt\\\/sb-golden-curry-delicato-92-g-dal-giappone\\\/\",\"name\":\"Acquista Golden Curry delicato 92 g \u2013 pasta di curry giapponese S&B\",\"isPartOf\":{\"@id\":\"https:\\\/\\\/1mal1japan.de\\\/it\\\/#website\"},\"primaryImageOfPage\":{\"@id\":\"https:\\\/\\\/1mal1japan.de\\\/it\\\/produkt\\\/sb-golden-curry-delicato-92-g-dal-giappone\\\/#primaryimage\"},\"image\":{\"@id\":\"https:\\\/\\\/1mal1japan.de\\\/it\\\/produkt\\\/sb-golden-curry-delicato-92-g-dal-giappone\\\/#primaryimage\"},\"thumbnailUrl\":\"https:\\\/\\\/1mal1japan.de\\\/wp-content\\\/uploads\\\/2021\\\/04\\\/golden-curry-neu-8.jpg\",\"datePublished\":\"2021-04-18T08:08:46+00:00\",\"dateModified\":\"2026-04-23T12:02:22+00:00\",\"description\":\"I\u27a1 Golden Curry delicato \u2714 pasta di curry giapponese \u2714 per Kare Raisu \u2714 circa 5 porzioni \u2714 classico condimento al curry di S&B \u2714 consegna veloce!\",\"breadcrumb\":{\"@id\":\"https:\\\/\\\/1mal1japan.de\\\/it\\\/produkt\\\/sb-golden-curry-delicato-92-g-dal-giappone\\\/#breadcrumb\"},\"inLanguage\":\"it-IT\",\"potentialAction\":[{\"@type\":\"ReadAction\",\"target\":[\"https:\\\/\\\/1mal1japan.de\\\/it\\\/produkt\\\/sb-golden-curry-delicato-92-g-dal-giappone\\\/\"]}]},{\"@type\":\"ImageObject\",\"inLanguage\":\"it-IT\",\"@id\":\"https:\\\/\\\/1mal1japan.de\\\/it\\\/produkt\\\/sb-golden-curry-delicato-92-g-dal-giappone\\\/#primaryimage\",\"url\":\"https:\\\/\\\/1mal1japan.de\\\/wp-content\\\/uploads\\\/2021\\\/04\\\/golden-curry-neu-8.jpg\",\"contentUrl\":\"https:\\\/\\\/1mal1japan.de\\\/wp-content\\\/uploads\\\/2021\\\/04\\\/golden-curry-neu-8.jpg\",\"width\":800,\"height\":800,\"caption\":\"Golden Curry delicato 92 g (pasta di curry giapponese), S&B\"},{\"@type\":\"BreadcrumbList\",\"@id\":\"https:\\\/\\\/1mal1japan.de\\\/it\\\/produkt\\\/sb-golden-curry-delicato-92-g-dal-giappone\\\/#breadcrumb\",\"itemListElement\":[{\"@type\":\"ListItem\",\"position\":1,\"name\":\"Startseite\",\"item\":\"https:\\\/\\\/1mal1japan.de\\\/it\\\/\"},{\"@type\":\"ListItem\",\"position\":2,\"name\":\"Negozio\",\"item\":\"https:\\\/\\\/1mal1japan.de\\\/it\\\/shop\\\/\"},{\"@type\":\"ListItem\",\"position\":3,\"name\":\"S&amp;B Golden Curry delicato 92 g (dal Giappone)\"}]},{\"@type\":\"WebSite\",\"@id\":\"https:\\\/\\\/1mal1japan.de\\\/it\\\/#website\",\"url\":\"https:\\\/\\\/1mal1japan.de\\\/it\\\/\",\"name\":\"1mal1japan.de\",\"description\":\"japanisch kochen &amp; einkaufen\",\"publisher\":{\"@id\":\"https:\\\/\\\/1mal1japan.de\\\/it\\\/#\\\/schema\\\/person\\\/3b6eab913fce9065523e927d88b032b0\"},\"potentialAction\":[{\"@type\":\"SearchAction\",\"target\":{\"@type\":\"EntryPoint\",\"urlTemplate\":\"https:\\\/\\\/1mal1japan.de\\\/it\\\/?s={search_term_string}\"},\"query-input\":{\"@type\":\"PropertyValueSpecification\",\"valueRequired\":true,\"valueName\":\"search_term_string\"}}],\"inLanguage\":\"it-IT\"},{\"@type\":[\"Person\",\"Organization\"],\"@id\":\"https:\\\/\\\/1mal1japan.de\\\/it\\\/#\\\/schema\\\/person\\\/3b6eab913fce9065523e927d88b032b0\",\"name\":\"Elisa\",\"image\":{\"@type\":\"ImageObject\",\"inLanguage\":\"it-IT\",\"@id\":\"https:\\\/\\\/1mal1japan.de\\\/wp-content\\\/uploads\\\/2018\\\/09\\\/Profilbild_Elisa.png\",\"url\":\"https:\\\/\\\/1mal1japan.de\\\/wp-content\\\/uploads\\\/2018\\\/09\\\/Profilbild_Elisa.png\",\"contentUrl\":\"https:\\\/\\\/1mal1japan.de\\\/wp-content\\\/uploads\\\/2018\\\/09\\\/Profilbild_Elisa.png\",\"width\":200,\"height\":200,\"caption\":\"Elisa\"},\"logo\":{\"@id\":\"https:\\\/\\\/1mal1japan.de\\\/wp-content\\\/uploads\\\/2018\\\/09\\\/Profilbild_Elisa.png\"}}]}<\/script>\n<meta property=\"product:brand\" content=\"S&amp;B\" \/>\n<meta property=\"product:price:amount\" content=\"3.49\" \/>\n<meta property=\"product:price:currency\" content=\"EUR\" \/>\n<meta property=\"og:availability\" content=\"instock\" \/>\n<meta property=\"product:availability\" content=\"instock\" \/>\n<meta property=\"product:retailer_item_id\" content=\"1011\" \/>\n<meta property=\"product:condition\" content=\"new\" \/>\n<!-- \/ Yoast SEO Premium plugin. -->","yoast_head_json":{"title":"Acquista Golden Curry delicato 92 g \u2013 pasta di curry giapponese S&B","description":"I\u27a1 Golden Curry delicato \u2714 pasta di curry giapponese \u2714 per Kare Raisu \u2714 circa 5 porzioni \u2714 classico condimento al curry di S&B \u2714 consegna veloce!","robots":{"index":"index","follow":"follow","max-snippet":"max-snippet:-1","max-image-preview":"max-image-preview:large","max-video-preview":"max-video-preview:-1"},"canonical":"https:\/\/1mal1japan.de\/it\/produkt\/sb-golden-curry-delicato-92-g-dal-giappone\/","og_locale":"it_IT","og_type":"article","og_title":"S&amp;B Golden Curry delicato 92 g (dal Giappone)","og_description":"Pasta di curry giapponese per Kare Raisu, Curry Udon e piatti al wok. Il Golden Curry mild di S&B \u00e8 una classica miscela di spezie al curry giapponese per la preparazione del Kare Raisu (curry con riso). La pasta combina diverse spezie per un gusto delicato e aromatico ed \u00e8 adatta per circa cinque porzioni","og_url":"https:\/\/1mal1japan.de\/it\/produkt\/sb-golden-curry-delicato-92-g-dal-giappone\/","og_site_name":"1mal1japan.de","article_modified_time":"2026-04-23T12:02:22+00:00","og_image":[{"width":800,"height":800,"url":"https:\/\/1mal1japan.de\/wp-content\/uploads\/2021\/04\/golden-curry-neu-8.jpg","type":"image\/jpeg"}],"schema":{"@context":"https:\/\/schema.org","@graph":[{"@type":"WebPage","@id":"https:\/\/1mal1japan.de\/it\/produkt\/sb-golden-curry-delicato-92-g-dal-giappone\/","url":"https:\/\/1mal1japan.de\/it\/produkt\/sb-golden-curry-delicato-92-g-dal-giappone\/","name":"Acquista Golden Curry delicato 92 g \u2013 pasta di curry giapponese S&B","isPartOf":{"@id":"https:\/\/1mal1japan.de\/it\/#website"},"primaryImageOfPage":{"@id":"https:\/\/1mal1japan.de\/it\/produkt\/sb-golden-curry-delicato-92-g-dal-giappone\/#primaryimage"},"image":{"@id":"https:\/\/1mal1japan.de\/it\/produkt\/sb-golden-curry-delicato-92-g-dal-giappone\/#primaryimage"},"thumbnailUrl":"https:\/\/1mal1japan.de\/wp-content\/uploads\/2021\/04\/golden-curry-neu-8.jpg","datePublished":"2021-04-18T08:08:46+00:00","dateModified":"2026-04-23T12:02:22+00:00","description":"I\u27a1 Golden Curry delicato \u2714 pasta di curry giapponese \u2714 per Kare Raisu \u2714 circa 5 porzioni \u2714 classico condimento al curry di S&B \u2714 consegna veloce!","breadcrumb":{"@id":"https:\/\/1mal1japan.de\/it\/produkt\/sb-golden-curry-delicato-92-g-dal-giappone\/#breadcrumb"},"inLanguage":"it-IT","potentialAction":[{"@type":"ReadAction","target":["https:\/\/1mal1japan.de\/it\/produkt\/sb-golden-curry-delicato-92-g-dal-giappone\/"]}]},{"@type":"ImageObject","inLanguage":"it-IT","@id":"https:\/\/1mal1japan.de\/it\/produkt\/sb-golden-curry-delicato-92-g-dal-giappone\/#primaryimage","url":"https:\/\/1mal1japan.de\/wp-content\/uploads\/2021\/04\/golden-curry-neu-8.jpg","contentUrl":"https:\/\/1mal1japan.de\/wp-content\/uploads\/2021\/04\/golden-curry-neu-8.jpg","width":800,"height":800,"caption":"Golden Curry delicato 92 g (pasta di curry giapponese), S&B"},{"@type":"BreadcrumbList","@id":"https:\/\/1mal1japan.de\/it\/produkt\/sb-golden-curry-delicato-92-g-dal-giappone\/#breadcrumb","itemListElement":[{"@type":"ListItem","position":1,"name":"Startseite","item":"https:\/\/1mal1japan.de\/it\/"},{"@type":"ListItem","position":2,"name":"Negozio","item":"https:\/\/1mal1japan.de\/it\/shop\/"},{"@type":"ListItem","position":3,"name":"S&amp;B Golden Curry delicato 92 g (dal Giappone)"}]},{"@type":"WebSite","@id":"https:\/\/1mal1japan.de\/it\/#website","url":"https:\/\/1mal1japan.de\/it\/","name":"1mal1japan.de","description":"japanisch kochen &amp; einkaufen","publisher":{"@id":"https:\/\/1mal1japan.de\/it\/#\/schema\/person\/3b6eab913fce9065523e927d88b032b0"},"potentialAction":[{"@type":"SearchAction","target":{"@type":"EntryPoint","urlTemplate":"https:\/\/1mal1japan.de\/it\/?s={search_term_string}"},"query-input":{"@type":"PropertyValueSpecification","valueRequired":true,"valueName":"search_term_string"}}],"inLanguage":"it-IT"},{"@type":["Person","Organization"],"@id":"https:\/\/1mal1japan.de\/it\/#\/schema\/person\/3b6eab913fce9065523e927d88b032b0","name":"Elisa","image":{"@type":"ImageObject","inLanguage":"it-IT","@id":"https:\/\/1mal1japan.de\/wp-content\/uploads\/2018\/09\/Profilbild_Elisa.png","url":"https:\/\/1mal1japan.de\/wp-content\/uploads\/2018\/09\/Profilbild_Elisa.png","contentUrl":"https:\/\/1mal1japan.de\/wp-content\/uploads\/2018\/09\/Profilbild_Elisa.png","width":200,"height":200,"caption":"Elisa"},"logo":{"@id":"https:\/\/1mal1japan.de\/wp-content\/uploads\/2018\/09\/Profilbild_Elisa.png"}}]},"product_brand":"S&amp;B","product_price_amount":"3.49","product_price_currency":"EUR","og_availability":"instock","product_availability":"instock","product_retailer_item_id":"1011","product_condition":"new"},"uagb_featured_image_src":{"full":["https:\/\/1mal1japan.de\/wp-content\/uploads\/2021\/04\/golden-curry-neu-8.jpg",800,800,false],"thumbnail":["https:\/\/1mal1japan.de\/wp-content\/uploads\/2021\/04\/golden-curry-neu-8-150x150.jpg",150,150,true],"medium":["https:\/\/1mal1japan.de\/wp-content\/uploads\/2021\/04\/golden-curry-neu-8-300x300.jpg",300,300,true],"medium_large":["https:\/\/1mal1japan.de\/wp-content\/uploads\/2021\/04\/golden-curry-neu-8-768x768.jpg",768,768,true],"large":["https:\/\/1mal1japan.de\/wp-content\/uploads\/2021\/04\/golden-curry-neu-8.jpg",800,800,false],"1536x1536":["https:\/\/1mal1japan.de\/wp-content\/uploads\/2021\/04\/golden-curry-neu-8.jpg",800,800,false],"2048x2048":["https:\/\/1mal1japan.de\/wp-content\/uploads\/2021\/04\/golden-curry-neu-8.jpg",800,800,false],"woocommerce_thumbnail":["https:\/\/1mal1japan.de\/wp-content\/uploads\/2021\/04\/golden-curry-neu-8-600x600.jpg",600,600,true],"woocommerce_single":["https:\/\/1mal1japan.de\/wp-content\/uploads\/2021\/04\/golden-curry-neu-8.jpg",800,800,false],"woocommerce_gallery_thumbnail":["https:\/\/1mal1japan.de\/wp-content\/uploads\/2021\/04\/golden-curry-neu-8-100x100.jpg",100,100,true]},"uagb_author_info":{"display_name":"kiwi19901","author_link":"https:\/\/1mal1japan.de\/it\/author\/"},"uagb_comment_info":0,"uagb_excerpt":"Pasta di curry giapponese per Kare Raisu, Curry Udon e piatti al wok. Il Golden Curry mild di S&B \u00e8 una classica miscela di spezie al curry giapponese per la preparazione del Kare Raisu (curry con riso). La pasta combina diverse spezie per un gusto delicato e aromatico ed \u00e8 adatta per circa cinque porzioni","_links":{"self":[{"href":"https:\/\/1mal1japan.de\/it\/wp-json\/wp\/v2\/product\/62769","targetHints":{"allow":["GET"]}}],"collection":[{"href":"https:\/\/1mal1japan.de\/it\/wp-json\/wp\/v2\/product"}],"about":[{"href":"https:\/\/1mal1japan.de\/it\/wp-json\/wp\/v2\/types\/product"}],"wp:featuredmedia":[{"embeddable":true,"href":"https:\/\/1mal1japan.de\/it\/wp-json\/wp\/v2\/media\/62837"}],"wp:attachment":[{"href":"https:\/\/1mal1japan.de\/it\/wp-json\/wp\/v2\/media?parent=62769"}],"wp:term":[{"taxonomy":"product_brand","embeddable":true,"href":"https:\/\/1mal1japan.de\/it\/wp-json\/wp\/v2\/product_brand?post=62769"},{"taxonomy":"product_cat","embeddable":true,"href":"https:\/\/1mal1japan.de\/it\/wp-json\/wp\/v2\/product_cat?post=62769"},{"taxonomy":"product_tag","embeddable":true,"href":"https:\/\/1mal1japan.de\/it\/wp-json\/wp\/v2\/product_tag?post=62769"}],"curies":[{"name":"wp","href":"https:\/\/api.w.org\/{rel}","templated":true}]}}