{"id":62879,"date":"2021-04-18T10:08:48","date_gmt":"2021-04-18T08:08:48","guid":{"rendered":"https:\/\/1mal1japan.de\/produkt\/salsa-di-soia-500-ml-shoyu-dal-giappone\/"},"modified":"2026-04-23T14:02:23","modified_gmt":"2026-04-23T12:02:23","slug":"salsa-di-soia-500-ml-shoyu-dal-giappone","status":"publish","type":"product","link":"https:\/\/1mal1japan.de\/it\/produkt\/salsa-di-soia-500-ml-shoyu-dal-giappone\/","title":{"rendered":"Salsa di soia 500 ml (Shoyu, dal Giappone)"},"content":{"rendered":"\n<section class=\"wp-block-uagb-section uagb-section__wrap uagb-section__background-color uagb-block-6f4ab41d\"><div class=\"uagb-section__overlay\"><\/div><div class=\"uagb-section__inner-wrap\">\n<p class=\"has-ast-global-color-5-color has-text-color has-link-color wp-elements-108609acd5fc217e5fc40d1db1b082c1\">\u2705 Classica salsa di soia Koikuchi dal Giappone<br\/>\u2705 Prodotta naturalmente secondo la fermentazione tradizionale<br\/>\u2705 Ideale per Sushi, sashimi e piatti giapponesi<br\/>\u2705 Sapore speziato, equilibrato e ricco di Umami<br\/>\u2705 Prodotto da Yamasa con oltre 350 anni di esperienza<\/p>\n<\/div><\/section>\n\n<h2 class=\"wp-block-heading\" id=\"wissen\">Cos&#8217;\u00e8 la Koikuchi Shoyu?<\/h2>\n\n<p>La Koikuchi Shoyu \u00e8 la <a href=\"https:\/\/1mal1japan.de\/zutaten-und-grundlagen\/sojasauce\/\">salsa di soia pi\u00f9 diffusa in Giappone<\/a>. Ha un colore scuro e un gusto equilibrato tra salato, Umami e una leggera dolcezza. Questa variet\u00e0 viene utilizzata in molti piatti, ad esempio per insaporire zuppe, salse o piatti saltati in padella. \u00c8 molto apprezzata anche come salsa di accompagnamento per Sushi o sashimi.<\/p>\n\n<h3 class=\"wp-block-heading\" id=\"geschmack\">Che sapore ha la salsa di soia giapponese?<\/h3>\n\n<p>La salsa di soia giapponese ha un gusto rotondo e complesso, con una combinazione di note salate, leggermente dolci e ricche di Umami. La fermentazione naturale crea aromi delicati che conferiscono profondit\u00e0 ai piatti senza coprire gli altri ingredienti.<\/p>\n\n<h3 class=\"wp-block-heading\" id=\"besonderheiten\">Cosa contraddistingue la salsa di soia Yamasa?<\/h3>\n\n<p>Yamasa \u00e8 uno dei produttori di salsa di soia giapponese pi\u00f9 ricchi di tradizione e produce Shoyu fermentato sin dal XVII secolo. La lunga fermentazione garantisce un aroma equilibrato e una profonda nota Umami. Per questo motivo, lo Shoyu Yamasa viene utilizzato anche in molti ristoranti in Giappone.<\/p>\n\n<h3 class=\"wp-block-heading\" id=\"lagerung\">Come si conserva la salsa di soia?<\/h3>\n\n<p>La salsa di soia non aperta pu\u00f2 essere conservata a temperatura ambiente. Una volta aperta, si consiglia di conservare la bottiglia in frigorifero. In questo modo l&#8217;aroma si mantiene pi\u00f9 a lungo e la salsa conserva il suo gusto tipico.<\/p>\n\n<h2 class=\"wp-block-heading\" id=\"verwendung\">Per cosa posso usare lo Shoyu?<\/h2>\n\n<p>Shoyu \u00e8 molto versatile nella cucina giapponese. \u00c8 adatto per accompagnare Sushi o sashimi, per marinare carne e verdure, nonch\u00e9 per insaporire zuppe, piatti a base di riso o piatti saltati in padella. Anche nelle salse o nei condimenti garantisce un equilibrio di Umami.<\/p>\n\n<h3 class=\"wp-block-heading\" id=\"rezepte\">Ecco cosa puoi cucinare con questo ingrediente:<\/h3>\n\n\t\t\t<div class=\"wp-block-uagb-post-grid uagb-post-grid  uagb-post__image-position-top uagb-post__image-enabled uagb-block-27b66334     uagb-post__items uagb-post__columns-2 is-grid uagb-post__columns-tablet-2 uagb-post__columns-mobile-2 uagb-post__equal-height\" data-total=\"1\" style=\"\">\n\n\t\t\t\t\t\t\t\t\t\t\t\t<article class=\"uagb-post__inner-wrap\">\t\t\t\t\t\t\t\t<div class='uagb-post__image'>\n\t\t\t\t\t\t\t\t\t<a href=\"https:\/\/1mal1japan.de\/it\/rezepte\/miso-ramen\/\" target=\"_self\" rel=\"bookmark noopener noreferrer\" class='uagb-image-ratio-inherit'><img decoding=\"async\" width=\"1024\" height=\"683\" src=\"https:\/\/1mal1japan.de\/wp-content\/uploads\/2020\/04\/Miso-Ramen-Veggie-Titelbild-1024x683.jpg\" class=\"attachment-large size-large\" alt=\"Miso Ramen Veggie Titelbild\" srcset=\"https:\/\/1mal1japan.de\/wp-content\/uploads\/2020\/04\/Miso-Ramen-Veggie-Titelbild-1024x683.jpg 1024w, https:\/\/1mal1japan.de\/wp-content\/uploads\/2020\/04\/Miso-Ramen-Veggie-Titelbild-300x200.jpg 300w, https:\/\/1mal1japan.de\/wp-content\/uploads\/2020\/04\/Miso-Ramen-Veggie-Titelbild-768x512.jpg 768w, https:\/\/1mal1japan.de\/wp-content\/uploads\/2020\/04\/Miso-Ramen-Veggie-Titelbild.jpg 1200w\" sizes=\"(max-width: 1024px) 100vw, 1024px\" \/>\t\t\t\t\t<\/a>\n\t\t\t\t\t\t\t<\/div>\n\t\t\t\t\t\t<p class=\"uagb-post__title uagb-post__text\">\n\t\t\t\t<a href=\"https:\/\/1mal1japan.de\/it\/rezepte\/miso-ramen\/\" target=\"_self\" rel=\"bookmark noopener noreferrer\">Una bowl piena di felicit\u00e0: Miso Ramen con 7 topping vari \u2013 vegetariano, piccante e semplicissimo<\/a>\n\t\t\t<\/p>\n\t\t\t\t\t\t<div class='uagb-post__text uagb-post-grid-byline'>\n\t\t\t\t\t\t\t\t<time datetime=\"2023-08-01T09:50:45+02:00\" class=\"uagb-post__date\">\n\t\t\t\t<span class=\"dashicons-calendar dashicons\"><\/span>\t\t\t\t\t1. Agosto 2023\t\t\t\t<\/time>\n\t\t\t\t\t\t<\/div>\n\t\t\t\t\t\t<div class=\"uagb-post__text uagb-post__cta wp-block-button\">\n\t\t\t\t<a class=\"wp-block-button__link uagb-text-link\" style=\"\" href=\"https:\/\/1mal1japan.de\/it\/rezepte\/miso-ramen\/\" target=\"_self\" rel=\"bookmark noopener noreferrer\">\u279f Vai alla ricetta<\/a>\n\t\t\t<\/div>\n\t\t\t\n\t\t\t\t\t\t\t\t\t<\/article>\n\t\t\t\t\t\t\t\t\t\t\t<\/div>\n\t\t\t\n<div style=\"height:20px\" aria-hidden=\"true\" class=\"wp-block-spacer\"><\/div>\n\n<h2 class=\"wp-block-heading\" id=\"h-deine-vorteile-und-unser-versprechen\">I tuoi vantaggi e la nostra promessa:<\/h2>\n\n<section class=\"wp-block-uagb-section uagb-section__wrap uagb-section__background-color uagb-block-85f7e9d2\"><div class=\"uagb-section__overlay\"><\/div><div class=\"uagb-section__inner-wrap\">\n<p>\u2764\ufe0f <strong>Schnell, unkompliziert &amp; zuverl\u00e4ssig:<\/strong> Kunden lieben uns! Mit 4,9 von 5 Sternen bei Shopvote &#8211; schau dir <a href=\"https:\/\/www.shopvote.de\/bewertung_1mal1japan_de_23342.html\">hier unsere Kundenbewertungen<\/a> selbst an!<\/p>\n<\/div><\/section>\n\n\n\n<div style=\"height:20px\" aria-hidden=\"true\" class=\"wp-block-spacer\"><\/div>\n\n\n\n<section class=\"wp-block-uagb-section uagb-section__wrap uagb-section__background-color uagb-block-9e748e26\"><div class=\"uagb-section__overlay\"><\/div><div class=\"uagb-section__inner-wrap\">\n<p>\ud83c\udf31 <strong>Nachhaltig Shoppen:<\/strong> Klimaneutral versendet, umweltfreundlich verpackt, standardm\u00e4\u00dfig digitale Rechnungen.<\/p>\n<\/div><\/section>\n\n\n\n<div style=\"height:20px\" aria-hidden=\"true\" class=\"wp-block-spacer\"><\/div>\n\n\n\n<section class=\"wp-block-uagb-section uagb-section__wrap uagb-section__background-color uagb-block-11f9fc83\"><div class=\"uagb-section__overlay\"><\/div><div class=\"uagb-section__inner-wrap\">\n<p><strong>\ud83d\udd12 100% einkaufen ohne Risiko:<\/strong> Kein Mindestbestellwert, Gratis-Versand innerhalb Deutschlands ab 59\u20ac Bestellwert + 30 Tage Widerrufsrecht mit kostenlosem R\u00fcckversand.<\/p>\n<\/div><\/section>\n\n\n\n<div style=\"height:20px\" aria-hidden=\"true\" class=\"wp-block-spacer\"><\/div>\n\n\n\n<section class=\"wp-block-uagb-section uagb-section__wrap uagb-section__background-color uagb-block-5b55bd83\"><div class=\"uagb-section__overlay\"><\/div><div class=\"uagb-section__inner-wrap\">\n<p>\ud83e\udd62 <strong>Allerbeste Zutaten f\u00fcr dein Koch- und Geschmackserlebnis: <\/strong>Handverlesene Produkte, die uns pers\u00f6nlich nach vier Kriterien \u00fcberzeugen (1) Geschmack, (2) Authentizit\u00e4t (3) Preis und (4) Verf\u00fcgbarkeit.<\/p>\n<\/div><\/section>\n\n\n\n<div style=\"height:20px\" aria-hidden=\"true\" class=\"wp-block-spacer\"><\/div>\n\n\n\n<section class=\"wp-block-uagb-section uagb-section__wrap uagb-section__background-color uagb-block-94ed5912\"><div class=\"uagb-section__overlay\"><\/div><div class=\"uagb-section__inner-wrap\">\n<p>\ud83d\udc4d <strong>Profitiere von langj\u00e4hriger Erfahrung<\/strong>: 1mal1japan.de gibt es bereits seit 2016. Seitdem durften wir bereits Millionen an Besuchern auf unserem Blog und Shop begr\u00fc\u00dfen und \u00fcber 50.000 zufriedene Kunden beliefern. Ganz herzlichen Dank an alle Leser und Fans!<\/p>\n<\/div><\/section>\n","protected":false},"excerpt":{"rendered":"<p><strong>Salsa di soia giapponese per Sushi, sashimi e cucina giapponese. <\/strong><\/p>\n<p>Questa Shoyu di Yamasa \u00e8 una salsa di soia giapponese di tipo Koikuchi prodotta secondo il metodo classico. La fermentazione naturale conferisce un gusto equilibrato e ricco di Umami, ideale per intingere, marinare e condire.<\/p>\n","protected":false},"featured_media":62882,"template":"","meta":{"_uag_custom_page_level_css":"","site-sidebar-layout":"default","site-content-layout":"default","ast-site-content-layout":"default","site-content-style":"default","site-sidebar-style":"default","ast-global-header-display":"","ast-banner-title-visibility":"","ast-main-header-display":"","ast-hfb-above-header-display":"","ast-hfb-below-header-display":"","ast-hfb-mobile-header-display":"","site-post-title":"","ast-breadcrumbs-content":"","ast-featured-img":"","footer-sml-layout":"","ast-disable-related-posts":"","theme-transparent-header-meta":"default","adv-header-id-meta":"","stick-header-meta":"default","header-above-stick-meta":"","header-main-stick-meta":"","header-below-stick-meta":"","astra-migrate-meta-layouts":"default","ast-page-background-enabled":"default","ast-page-background-meta":{"desktop":{"background-color":"","background-image":"","background-repeat":"repeat","background-position":"center center","background-size":"auto","background-attachment":"scroll","background-type":"","background-media":"","overlay-type":"","overlay-color":"","overlay-opacity":"","overlay-gradient":""},"tablet":{"background-color":"","background-image":"","background-repeat":"repeat","background-position":"center center","background-size":"auto","background-attachment":"scroll","background-type":"","background-media":"","overlay-type":"","overlay-color":"","overlay-opacity":"","overlay-gradient":""},"mobile":{"background-color":"","background-image":"","background-repeat":"repeat","background-position":"center center","background-size":"auto","background-attachment":"scroll","background-type":"","background-media":"","overlay-type":"","overlay-color":"","overlay-opacity":"","overlay-gradient":""}},"ast-content-background-meta":{"desktop":{"background-color":"var(--ast-global-color-5)","background-image":"","background-repeat":"repeat","background-position":"center center","background-size":"auto","background-attachment":"scroll","background-type":"","background-media":"","overlay-type":"","overlay-color":"","overlay-opacity":"","overlay-gradient":""},"tablet":{"background-color":"var(--ast-global-color-5)","background-image":"","background-repeat":"repeat","background-position":"center center","background-size":"auto","background-attachment":"scroll","background-type":"","background-media":"","overlay-type":"","overlay-color":"","overlay-opacity":"","overlay-gradient":""},"mobile":{"background-color":"var(--ast-global-color-5)","background-image":"","background-repeat":"repeat","background-position":"center center","background-size":"auto","background-attachment":"scroll","background-type":"","background-media":"","overlay-type":"","overlay-color":"","overlay-opacity":"","overlay-gradient":""}}},"product_brand":[],"product_cat":[1590,1558,1556,1557],"product_tag":[1592,1591],"class_list":{"0":"post-62879","1":"product","2":"type-product","3":"status-publish","4":"has-post-thumbnail","6":"product_cat-best-seller","7":"product_cat-made-in-japan","8":"product_cat-olio-aceto-paste-e-salse","9":"product_cat-tutti-i-prodotti","10":"product_tag-salsa-di-soia","11":"product_tag-shoyu","12":"desktop-align-left","13":"tablet-align-left","14":"mobile-align-left","15":"ast-product-gallery-layout-horizontal-slider","16":"ast-magnify-disabled","17":"ast-product-tabs-layout-horizontal","19":"first","20":"instock","21":"taxable","22":"shipping-taxable","23":"purchasable","24":"product-type-simple"},"yoast_head":"<!-- This site is optimized with the Yoast SEO Premium plugin v27.4 (Yoast SEO v27.4) - https:\/\/yoast.com\/product\/yoast-seo-premium-wordpress\/ -->\n<title>Acquista la salsa di soia Shoyu da 500 ml \u2013 Yamasa su 1mal1japan<\/title>\n<meta name=\"description\" content=\"I\u27a1 Salsa di soia Shoyu giapponese \u2714 fermentata naturalmente \u2714 ideale per Sushi, sashimi e marinate \u2714 Salsa di soia Koikuchi di Yamasa \u2714 consegna rapida!\" \/>\n<meta name=\"robots\" content=\"index, follow, max-snippet:-1, max-image-preview:large, max-video-preview:-1\" \/>\n<link rel=\"canonical\" href=\"https:\/\/1mal1japan.de\/it\/produkt\/salsa-di-soia-500-ml-shoyu-dal-giappone\/\" \/>\n<meta property=\"og:locale\" content=\"it_IT\" \/>\n<meta property=\"og:type\" content=\"article\" \/>\n<meta property=\"og:title\" content=\"Salsa di soia 500 ml (Shoyu, dal Giappone)\" \/>\n<meta property=\"og:description\" content=\"Salsa di soia giapponese per Sushi, sashimi e cucina giapponese. Questa Shoyu di Yamasa \u00e8 una salsa di soia giapponese di tipo Koikuchi prodotta secondo il metodo classico. La fermentazione naturale conferisce un gusto equilibrato e ricco di Umami, ideale per intingere, marinare e condire.\" \/>\n<meta property=\"og:url\" content=\"https:\/\/1mal1japan.de\/it\/produkt\/salsa-di-soia-500-ml-shoyu-dal-giappone\/\" \/>\n<meta property=\"og:site_name\" content=\"1mal1japan.de\" \/>\n<meta property=\"article:modified_time\" content=\"2026-04-23T12:02:23+00:00\" \/>\n<meta property=\"og:image\" content=\"https:\/\/1mal1japan.de\/wp-content\/uploads\/2021\/04\/Soy-Sauce-1.jpg\" \/>\n\t<meta property=\"og:image:width\" content=\"800\" \/>\n\t<meta property=\"og:image:height\" content=\"800\" \/>\n\t<meta property=\"og:image:type\" content=\"image\/jpeg\" \/>\n<script type=\"application\/ld+json\" class=\"yoast-schema-graph\">{\"@context\":\"https:\\\/\\\/schema.org\",\"@graph\":[{\"@type\":\"WebPage\",\"@id\":\"https:\\\/\\\/1mal1japan.de\\\/it\\\/produkt\\\/salsa-di-soia-500-ml-shoyu-dal-giappone\\\/\",\"url\":\"https:\\\/\\\/1mal1japan.de\\\/it\\\/produkt\\\/salsa-di-soia-500-ml-shoyu-dal-giappone\\\/\",\"name\":\"Acquista la salsa di soia Shoyu da 500 ml \u2013 Yamasa su 1mal1japan\",\"isPartOf\":{\"@id\":\"https:\\\/\\\/1mal1japan.de\\\/it\\\/#website\"},\"primaryImageOfPage\":{\"@id\":\"https:\\\/\\\/1mal1japan.de\\\/it\\\/produkt\\\/salsa-di-soia-500-ml-shoyu-dal-giappone\\\/#primaryimage\"},\"image\":{\"@id\":\"https:\\\/\\\/1mal1japan.de\\\/it\\\/produkt\\\/salsa-di-soia-500-ml-shoyu-dal-giappone\\\/#primaryimage\"},\"thumbnailUrl\":\"https:\\\/\\\/1mal1japan.de\\\/wp-content\\\/uploads\\\/2021\\\/04\\\/Soy-Sauce-1.jpg\",\"datePublished\":\"2021-04-18T08:08:48+00:00\",\"dateModified\":\"2026-04-23T12:02:23+00:00\",\"description\":\"I\u27a1 Salsa di soia Shoyu giapponese \u2714 fermentata naturalmente \u2714 ideale per Sushi, sashimi e marinate \u2714 Salsa di soia Koikuchi di Yamasa \u2714 consegna rapida!\",\"breadcrumb\":{\"@id\":\"https:\\\/\\\/1mal1japan.de\\\/it\\\/produkt\\\/salsa-di-soia-500-ml-shoyu-dal-giappone\\\/#breadcrumb\"},\"inLanguage\":\"it-IT\",\"potentialAction\":[{\"@type\":\"ReadAction\",\"target\":[\"https:\\\/\\\/1mal1japan.de\\\/it\\\/produkt\\\/salsa-di-soia-500-ml-shoyu-dal-giappone\\\/\"]}]},{\"@type\":\"ImageObject\",\"inLanguage\":\"it-IT\",\"@id\":\"https:\\\/\\\/1mal1japan.de\\\/it\\\/produkt\\\/salsa-di-soia-500-ml-shoyu-dal-giappone\\\/#primaryimage\",\"url\":\"https:\\\/\\\/1mal1japan.de\\\/wp-content\\\/uploads\\\/2021\\\/04\\\/Soy-Sauce-1.jpg\",\"contentUrl\":\"https:\\\/\\\/1mal1japan.de\\\/wp-content\\\/uploads\\\/2021\\\/04\\\/Soy-Sauce-1.jpg\",\"width\":800,\"height\":800,\"caption\":\"Salsa di soia Shoyu\"},{\"@type\":\"BreadcrumbList\",\"@id\":\"https:\\\/\\\/1mal1japan.de\\\/it\\\/produkt\\\/salsa-di-soia-500-ml-shoyu-dal-giappone\\\/#breadcrumb\",\"itemListElement\":[{\"@type\":\"ListItem\",\"position\":1,\"name\":\"Startseite\",\"item\":\"https:\\\/\\\/1mal1japan.de\\\/it\\\/\"},{\"@type\":\"ListItem\",\"position\":2,\"name\":\"Negozio\",\"item\":\"https:\\\/\\\/1mal1japan.de\\\/it\\\/shop\\\/\"},{\"@type\":\"ListItem\",\"position\":3,\"name\":\"Salsa di soia 500 ml (Shoyu, dal Giappone)\"}]},{\"@type\":\"WebSite\",\"@id\":\"https:\\\/\\\/1mal1japan.de\\\/it\\\/#website\",\"url\":\"https:\\\/\\\/1mal1japan.de\\\/it\\\/\",\"name\":\"1mal1japan.de\",\"description\":\"japanisch kochen &amp; einkaufen\",\"publisher\":{\"@id\":\"https:\\\/\\\/1mal1japan.de\\\/it\\\/#\\\/schema\\\/person\\\/3b6eab913fce9065523e927d88b032b0\"},\"potentialAction\":[{\"@type\":\"SearchAction\",\"target\":{\"@type\":\"EntryPoint\",\"urlTemplate\":\"https:\\\/\\\/1mal1japan.de\\\/it\\\/?s={search_term_string}\"},\"query-input\":{\"@type\":\"PropertyValueSpecification\",\"valueRequired\":true,\"valueName\":\"search_term_string\"}}],\"inLanguage\":\"it-IT\"},{\"@type\":[\"Person\",\"Organization\"],\"@id\":\"https:\\\/\\\/1mal1japan.de\\\/it\\\/#\\\/schema\\\/person\\\/3b6eab913fce9065523e927d88b032b0\",\"name\":\"Elisa\",\"image\":{\"@type\":\"ImageObject\",\"inLanguage\":\"it-IT\",\"@id\":\"https:\\\/\\\/1mal1japan.de\\\/wp-content\\\/uploads\\\/2018\\\/09\\\/Profilbild_Elisa.png\",\"url\":\"https:\\\/\\\/1mal1japan.de\\\/wp-content\\\/uploads\\\/2018\\\/09\\\/Profilbild_Elisa.png\",\"contentUrl\":\"https:\\\/\\\/1mal1japan.de\\\/wp-content\\\/uploads\\\/2018\\\/09\\\/Profilbild_Elisa.png\",\"width\":200,\"height\":200,\"caption\":\"Elisa\"},\"logo\":{\"@id\":\"https:\\\/\\\/1mal1japan.de\\\/wp-content\\\/uploads\\\/2018\\\/09\\\/Profilbild_Elisa.png\"}}]}<\/script>\n<meta property=\"product:brand\" content=\"Yamasa\" \/>\n<meta property=\"product:price:amount\" content=\"4.29\" \/>\n<meta property=\"product:price:currency\" content=\"EUR\" \/>\n<meta property=\"og:availability\" content=\"instock\" \/>\n<meta property=\"product:availability\" content=\"instock\" \/>\n<meta property=\"product:retailer_item_id\" content=\"1021\" \/>\n<meta property=\"product:condition\" content=\"new\" \/>\n<!-- \/ Yoast SEO Premium plugin. -->","yoast_head_json":{"title":"Acquista la salsa di soia Shoyu da 500 ml \u2013 Yamasa su 1mal1japan","description":"I\u27a1 Salsa di soia Shoyu giapponese \u2714 fermentata naturalmente \u2714 ideale per Sushi, sashimi e marinate \u2714 Salsa di soia Koikuchi di Yamasa \u2714 consegna rapida!","robots":{"index":"index","follow":"follow","max-snippet":"max-snippet:-1","max-image-preview":"max-image-preview:large","max-video-preview":"max-video-preview:-1"},"canonical":"https:\/\/1mal1japan.de\/it\/produkt\/salsa-di-soia-500-ml-shoyu-dal-giappone\/","og_locale":"it_IT","og_type":"article","og_title":"Salsa di soia 500 ml (Shoyu, dal Giappone)","og_description":"Salsa di soia giapponese per Sushi, sashimi e cucina giapponese. Questa Shoyu di Yamasa \u00e8 una salsa di soia giapponese di tipo Koikuchi prodotta secondo il metodo classico. La fermentazione naturale conferisce un gusto equilibrato e ricco di Umami, ideale per intingere, marinare e condire.","og_url":"https:\/\/1mal1japan.de\/it\/produkt\/salsa-di-soia-500-ml-shoyu-dal-giappone\/","og_site_name":"1mal1japan.de","article_modified_time":"2026-04-23T12:02:23+00:00","og_image":[{"width":800,"height":800,"url":"https:\/\/1mal1japan.de\/wp-content\/uploads\/2021\/04\/Soy-Sauce-1.jpg","type":"image\/jpeg"}],"schema":{"@context":"https:\/\/schema.org","@graph":[{"@type":"WebPage","@id":"https:\/\/1mal1japan.de\/it\/produkt\/salsa-di-soia-500-ml-shoyu-dal-giappone\/","url":"https:\/\/1mal1japan.de\/it\/produkt\/salsa-di-soia-500-ml-shoyu-dal-giappone\/","name":"Acquista la salsa di soia Shoyu da 500 ml \u2013 Yamasa su 1mal1japan","isPartOf":{"@id":"https:\/\/1mal1japan.de\/it\/#website"},"primaryImageOfPage":{"@id":"https:\/\/1mal1japan.de\/it\/produkt\/salsa-di-soia-500-ml-shoyu-dal-giappone\/#primaryimage"},"image":{"@id":"https:\/\/1mal1japan.de\/it\/produkt\/salsa-di-soia-500-ml-shoyu-dal-giappone\/#primaryimage"},"thumbnailUrl":"https:\/\/1mal1japan.de\/wp-content\/uploads\/2021\/04\/Soy-Sauce-1.jpg","datePublished":"2021-04-18T08:08:48+00:00","dateModified":"2026-04-23T12:02:23+00:00","description":"I\u27a1 Salsa di soia Shoyu giapponese \u2714 fermentata naturalmente \u2714 ideale per Sushi, sashimi e marinate \u2714 Salsa di soia Koikuchi di Yamasa \u2714 consegna rapida!","breadcrumb":{"@id":"https:\/\/1mal1japan.de\/it\/produkt\/salsa-di-soia-500-ml-shoyu-dal-giappone\/#breadcrumb"},"inLanguage":"it-IT","potentialAction":[{"@type":"ReadAction","target":["https:\/\/1mal1japan.de\/it\/produkt\/salsa-di-soia-500-ml-shoyu-dal-giappone\/"]}]},{"@type":"ImageObject","inLanguage":"it-IT","@id":"https:\/\/1mal1japan.de\/it\/produkt\/salsa-di-soia-500-ml-shoyu-dal-giappone\/#primaryimage","url":"https:\/\/1mal1japan.de\/wp-content\/uploads\/2021\/04\/Soy-Sauce-1.jpg","contentUrl":"https:\/\/1mal1japan.de\/wp-content\/uploads\/2021\/04\/Soy-Sauce-1.jpg","width":800,"height":800,"caption":"Salsa di soia Shoyu"},{"@type":"BreadcrumbList","@id":"https:\/\/1mal1japan.de\/it\/produkt\/salsa-di-soia-500-ml-shoyu-dal-giappone\/#breadcrumb","itemListElement":[{"@type":"ListItem","position":1,"name":"Startseite","item":"https:\/\/1mal1japan.de\/it\/"},{"@type":"ListItem","position":2,"name":"Negozio","item":"https:\/\/1mal1japan.de\/it\/shop\/"},{"@type":"ListItem","position":3,"name":"Salsa di soia 500 ml (Shoyu, dal Giappone)"}]},{"@type":"WebSite","@id":"https:\/\/1mal1japan.de\/it\/#website","url":"https:\/\/1mal1japan.de\/it\/","name":"1mal1japan.de","description":"japanisch kochen &amp; einkaufen","publisher":{"@id":"https:\/\/1mal1japan.de\/it\/#\/schema\/person\/3b6eab913fce9065523e927d88b032b0"},"potentialAction":[{"@type":"SearchAction","target":{"@type":"EntryPoint","urlTemplate":"https:\/\/1mal1japan.de\/it\/?s={search_term_string}"},"query-input":{"@type":"PropertyValueSpecification","valueRequired":true,"valueName":"search_term_string"}}],"inLanguage":"it-IT"},{"@type":["Person","Organization"],"@id":"https:\/\/1mal1japan.de\/it\/#\/schema\/person\/3b6eab913fce9065523e927d88b032b0","name":"Elisa","image":{"@type":"ImageObject","inLanguage":"it-IT","@id":"https:\/\/1mal1japan.de\/wp-content\/uploads\/2018\/09\/Profilbild_Elisa.png","url":"https:\/\/1mal1japan.de\/wp-content\/uploads\/2018\/09\/Profilbild_Elisa.png","contentUrl":"https:\/\/1mal1japan.de\/wp-content\/uploads\/2018\/09\/Profilbild_Elisa.png","width":200,"height":200,"caption":"Elisa"},"logo":{"@id":"https:\/\/1mal1japan.de\/wp-content\/uploads\/2018\/09\/Profilbild_Elisa.png"}}]},"product_brand":"Yamasa","product_price_amount":"4.29","product_price_currency":"EUR","og_availability":"instock","product_availability":"instock","product_retailer_item_id":"1021","product_condition":"new"},"uagb_featured_image_src":{"full":["https:\/\/1mal1japan.de\/wp-content\/uploads\/2021\/04\/Soy-Sauce-1.jpg",800,800,false],"thumbnail":["https:\/\/1mal1japan.de\/wp-content\/uploads\/2021\/04\/Soy-Sauce-1-150x150.jpg",150,150,true],"medium":["https:\/\/1mal1japan.de\/wp-content\/uploads\/2021\/04\/Soy-Sauce-1-300x300.jpg",300,300,true],"medium_large":["https:\/\/1mal1japan.de\/wp-content\/uploads\/2021\/04\/Soy-Sauce-1-768x768.jpg",768,768,true],"large":["https:\/\/1mal1japan.de\/wp-content\/uploads\/2021\/04\/Soy-Sauce-1.jpg",800,800,false],"1536x1536":["https:\/\/1mal1japan.de\/wp-content\/uploads\/2021\/04\/Soy-Sauce-1.jpg",800,800,false],"2048x2048":["https:\/\/1mal1japan.de\/wp-content\/uploads\/2021\/04\/Soy-Sauce-1.jpg",800,800,false],"woocommerce_thumbnail":["https:\/\/1mal1japan.de\/wp-content\/uploads\/2021\/04\/Soy-Sauce-1-600x600.jpg",600,600,true],"woocommerce_single":["https:\/\/1mal1japan.de\/wp-content\/uploads\/2021\/04\/Soy-Sauce-1.jpg",800,800,false],"woocommerce_gallery_thumbnail":["https:\/\/1mal1japan.de\/wp-content\/uploads\/2021\/04\/Soy-Sauce-1-100x100.jpg",100,100,true]},"uagb_author_info":{"display_name":"Elisa","author_link":"https:\/\/1mal1japan.de\/it\/author\/"},"uagb_comment_info":0,"uagb_excerpt":"Salsa di soia giapponese per Sushi, sashimi e cucina giapponese. Questa Shoyu di Yamasa \u00e8 una salsa di soia giapponese di tipo Koikuchi prodotta secondo il metodo classico. La fermentazione naturale conferisce un gusto equilibrato e ricco di Umami, ideale per intingere, marinare e condire.","_links":{"self":[{"href":"https:\/\/1mal1japan.de\/it\/wp-json\/wp\/v2\/product\/62879","targetHints":{"allow":["GET"]}}],"collection":[{"href":"https:\/\/1mal1japan.de\/it\/wp-json\/wp\/v2\/product"}],"about":[{"href":"https:\/\/1mal1japan.de\/it\/wp-json\/wp\/v2\/types\/product"}],"wp:featuredmedia":[{"embeddable":true,"href":"https:\/\/1mal1japan.de\/it\/wp-json\/wp\/v2\/media\/62882"}],"wp:attachment":[{"href":"https:\/\/1mal1japan.de\/it\/wp-json\/wp\/v2\/media?parent=62879"}],"wp:term":[{"taxonomy":"product_brand","embeddable":true,"href":"https:\/\/1mal1japan.de\/it\/wp-json\/wp\/v2\/product_brand?post=62879"},{"taxonomy":"product_cat","embeddable":true,"href":"https:\/\/1mal1japan.de\/it\/wp-json\/wp\/v2\/product_cat?post=62879"},{"taxonomy":"product_tag","embeddable":true,"href":"https:\/\/1mal1japan.de\/it\/wp-json\/wp\/v2\/product_tag?post=62879"}],"curies":[{"name":"wp","href":"https:\/\/api.w.org\/{rel}","templated":true}]}}