{"id":62891,"date":"2021-04-18T10:08:48","date_gmt":"2021-04-18T08:08:48","guid":{"rendered":"https:\/\/1mal1japan.de\/produkt\/udon-pasta-200-g-spessa-pasta-di-grano-precotta\/"},"modified":"2026-04-23T14:03:01","modified_gmt":"2026-04-23T12:03:01","slug":"udon-pasta-200-g-spessa-pasta-di-grano-precotta","status":"publish","type":"product","link":"https:\/\/1mal1japan.de\/it\/produkt\/udon-pasta-200-g-spessa-pasta-di-grano-precotta\/","title":{"rendered":"Pasta Udon 200 g (spessi noodles di grano, precotti)"},"content":{"rendered":"\n<section class=\"wp-block-uagb-section uagb-section__wrap uagb-section__background-color uagb-block-f74e977c\"><div class=\"uagb-section__overlay\"><\/div><div class=\"uagb-section__inner-wrap\">\n<p class=\"has-ast-global-color-5-color has-text-color has-link-color wp-elements-b872194ca46770da1c92720552a949f2\">\u2705 Pasta di grano precotta in stile giapponese<br\/>\u2705 Consistenza spessa e morbida con una leggera consistenza al morso<br\/>\u2705 Ideale per zuppe di Udon e pasta saltata in padella<br\/>\u2705 Si prepara velocemente in pochi minuti<br\/>\u2705 Ingrediente classico della cucina giapponese<\/p>\n<\/div><\/section>\n\n<h2 class=\"wp-block-heading\" id=\"wissen\">Cosa sono gli Udon?<\/h2>\n\n<p>Gli Udon sono spessi noodles giapponesi a base di farina di grano, acqua e sale e sono uno degli ingredienti fondamentali della cucina quotidiana giapponese. In Giappone vengono consumati regolarmente sia a casa che nei ristoranti. Grazie alla loro composizione semplice, negli Udon non sono tanto le spezie a fare da protagoniste, quanto piuttosto la consistenza e il brodo. A seconda della preparazione, vengono serviti caldi in zuppe o freddi con salse di accompagnamento e sono apprezzati tutto l&#8217;anno.<\/p>\n\n<h3 class=\"wp-block-heading\" id=\"geschmack\">Che sapore hanno gli Udon?<\/h3>\n\n<p>Gli Udon hanno un sapore intrinseco molto delicato e neutro. Questo li rende versatili e si armonizzano bene con brodi chiari, salse saporite o ingredienti saltati in padella. Sono caratterizzati da una consistenza morbida e leggermente elastica, che cede piacevolmente durante la masticazione. \u00c8 proprio questa consistenza a rendere gli Udon cos\u00ec apprezzati, poich\u00e9 assorbono bene i liquidi senza diventare mollicci.<\/p>\n\n<h2 class=\"wp-block-heading\" id=\"verwendung\">Per cosa li uso?<\/h2>\n\n<p>Gli Udon vengono tradizionalmente utilizzati nelle zuppe a base di Dashi, ad esempio come kake udon, kitsune udon o Tempura udon. Inoltre, sono molto adatti per piatti saltati in padella come lo Yaki Udon, in cui la pasta viene abbinata a verdure, carne o Tofu. Sono ideali anche per piatti veloci in padella o come base neutra per le proprie salse.<\/p>\n\n<h3 class=\"wp-block-heading\" id=\"rezepte\">Cosa puoi cucinare con questo:<\/h3>\n\n\t\t\t<div class=\"wp-block-uagb-post-grid uagb-post-grid  uagb-post__image-position-top uagb-post__image-enabled uagb-block-27b66334     uagb-post__items uagb-post__columns-2 is-grid uagb-post__columns-tablet-2 uagb-post__columns-mobile-2 uagb-post__equal-height\" data-total=\"0\" style=\"\">\n\n\t\t\t\t\t\t\t\t\t<p class=\"uagb-post__no-posts\">\n\t\t\t\t\t\tNo post found!\t\t\t\t\t<\/p>\n\t\t\t\t\t\t\t\t<\/div>\n\t\t\t\n<div style=\"height:20px\" aria-hidden=\"true\" class=\"wp-block-spacer\"><\/div>\n\n<h3 class=\"wp-block-heading\" id=\"besonderheiten\">Cosa rende speciale questa variante?<\/h3>\n\n<p>Questi noodles Udon sono gi\u00e0 precotti e quindi particolarmente pratici per la vita quotidiana. Non devono essere cotti a lungo, ma solo riscaldati brevemente o sciolti in acqua calda. In questo modo mantengono la loro tipica struttura spessa e la consistenza morbida ed elastica. Questo li rende ideali per piatti veloci, senza dover rinunciare alla consistenza caratteristica degli Udon.<\/p>\n\n<h2 class=\"wp-block-heading lagerung\">Come conservare il prodotto?<\/h2>\n\n<p>Gli Udon si conservano per circa 6 mesi. Gli Udon devono essere conservati chiusi a temperatura ambiente, in un luogo asciutto e al riparo dalla luce. Una volta aperta la confezione, si consiglia di conservare la pasta non consumata in un contenitore ermetico in frigorifero e di utilizzarla entro pochi giorni. Trattandosi di pasta precotta, \u00e8 importante evitare che si secchi per preservarne la consistenza tipica.<\/p>\n\n<h2 class=\"wp-block-heading\" id=\"vorteile\">I tuoi vantaggi e la nostra promessa:<\/h2>\n\n<section class=\"wp-block-uagb-section uagb-section__wrap uagb-section__background-color uagb-block-85f7e9d2\"><div class=\"uagb-section__overlay\"><\/div><div class=\"uagb-section__inner-wrap\">\n<p>\u2764\ufe0f <strong>Schnell, unkompliziert &amp; zuverl\u00e4ssig:<\/strong> Kunden lieben uns! Mit 4,9 von 5 Sternen bei Shopvote &#8211; schau dir <a href=\"https:\/\/www.shopvote.de\/bewertung_1mal1japan_de_23342.html\">hier unsere Kundenbewertungen<\/a> selbst an!<\/p>\n<\/div><\/section>\n\n\n\n<div style=\"height:20px\" aria-hidden=\"true\" class=\"wp-block-spacer\"><\/div>\n\n\n\n<section class=\"wp-block-uagb-section uagb-section__wrap uagb-section__background-color uagb-block-9e748e26\"><div class=\"uagb-section__overlay\"><\/div><div class=\"uagb-section__inner-wrap\">\n<p>\ud83c\udf31 <strong>Nachhaltig Shoppen:<\/strong> Klimaneutral versendet, umweltfreundlich verpackt, standardm\u00e4\u00dfig digitale Rechnungen.<\/p>\n<\/div><\/section>\n\n\n\n<div style=\"height:20px\" aria-hidden=\"true\" class=\"wp-block-spacer\"><\/div>\n\n\n\n<section class=\"wp-block-uagb-section uagb-section__wrap uagb-section__background-color uagb-block-11f9fc83\"><div class=\"uagb-section__overlay\"><\/div><div class=\"uagb-section__inner-wrap\">\n<p><strong>\ud83d\udd12 100% einkaufen ohne Risiko:<\/strong> Kein Mindestbestellwert, Gratis-Versand innerhalb Deutschlands ab 59\u20ac Bestellwert + 30 Tage Widerrufsrecht mit kostenlosem R\u00fcckversand.<\/p>\n<\/div><\/section>\n\n\n\n<div style=\"height:20px\" aria-hidden=\"true\" class=\"wp-block-spacer\"><\/div>\n\n\n\n<section class=\"wp-block-uagb-section uagb-section__wrap uagb-section__background-color uagb-block-5b55bd83\"><div class=\"uagb-section__overlay\"><\/div><div class=\"uagb-section__inner-wrap\">\n<p>\ud83e\udd62 <strong>Allerbeste Zutaten f\u00fcr dein Koch- und Geschmackserlebnis: <\/strong>Handverlesene Produkte, die uns pers\u00f6nlich nach vier Kriterien \u00fcberzeugen (1) Geschmack, (2) Authentizit\u00e4t (3) Preis und (4) Verf\u00fcgbarkeit.<\/p>\n<\/div><\/section>\n\n\n\n<div style=\"height:20px\" aria-hidden=\"true\" class=\"wp-block-spacer\"><\/div>\n\n\n\n<section class=\"wp-block-uagb-section uagb-section__wrap uagb-section__background-color uagb-block-94ed5912\"><div class=\"uagb-section__overlay\"><\/div><div class=\"uagb-section__inner-wrap\">\n<p>\ud83d\udc4d <strong>Profitiere von langj\u00e4hriger Erfahrung<\/strong>: 1mal1japan.de gibt es bereits seit 2016. Seitdem durften wir bereits Millionen an Besuchern auf unserem Blog und Shop begr\u00fc\u00dfen und \u00fcber 50.000 zufriedene Kunden beliefern. Ganz herzlichen Dank an alle Leser und Fans!<\/p>\n<\/div><\/section>\n","protected":false},"excerpt":{"rendered":"<p>Questi noodles Udon giapponesi precotti a base di grano sono spessi, morbidi e piacevolmente elastici. Sono ideali per le classiche zuppe di Udon, i piatti di noodles saltati in padella o la cucina veloce di tutti i giorni.<\/p>\n","protected":false},"featured_media":62900,"template":"","meta":{"_uag_custom_page_level_css":"","site-sidebar-layout":"default","site-content-layout":"default","ast-site-content-layout":"default","site-content-style":"default","site-sidebar-style":"default","ast-global-header-display":"","ast-banner-title-visibility":"","ast-main-header-display":"","ast-hfb-above-header-display":"","ast-hfb-below-header-display":"","ast-hfb-mobile-header-display":"","site-post-title":"","ast-breadcrumbs-content":"","ast-featured-img":"","footer-sml-layout":"","ast-disable-related-posts":"","theme-transparent-header-meta":"default","adv-header-id-meta":"","stick-header-meta":"default","header-above-stick-meta":"","header-main-stick-meta":"","header-below-stick-meta":"","astra-migrate-meta-layouts":"default","ast-page-background-enabled":"default","ast-page-background-meta":{"desktop":{"background-color":"","background-image":"","background-repeat":"repeat","background-position":"center center","background-size":"auto","background-attachment":"scroll","background-type":"","background-media":"","overlay-type":"","overlay-color":"","overlay-opacity":"","overlay-gradient":""},"tablet":{"background-color":"","background-image":"","background-repeat":"repeat","background-position":"center center","background-size":"auto","background-attachment":"scroll","background-type":"","background-media":"","overlay-type":"","overlay-color":"","overlay-opacity":"","overlay-gradient":""},"mobile":{"background-color":"","background-image":"","background-repeat":"repeat","background-position":"center center","background-size":"auto","background-attachment":"scroll","background-type":"","background-media":"","overlay-type":"","overlay-color":"","overlay-opacity":"","overlay-gradient":""}},"ast-content-background-meta":{"desktop":{"background-color":"var(--ast-global-color-5)","background-image":"","background-repeat":"repeat","background-position":"center center","background-size":"auto","background-attachment":"scroll","background-type":"","background-media":"","overlay-type":"","overlay-color":"","overlay-opacity":"","overlay-gradient":""},"tablet":{"background-color":"var(--ast-global-color-5)","background-image":"","background-repeat":"repeat","background-position":"center center","background-size":"auto","background-attachment":"scroll","background-type":"","background-media":"","overlay-type":"","overlay-color":"","overlay-opacity":"","overlay-gradient":""},"mobile":{"background-color":"var(--ast-global-color-5)","background-image":"","background-repeat":"repeat","background-position":"center center","background-size":"auto","background-attachment":"scroll","background-type":"","background-media":"","overlay-type":"","overlay-color":"","overlay-opacity":"","overlay-gradient":""}}},"product_brand":[],"product_cat":[1597,1557],"product_tag":[1598],"class_list":{"0":"post-62891","1":"product","2":"type-product","3":"status-publish","4":"has-post-thumbnail","6":"product_cat-riso-noodles-e-farina","7":"product_cat-tutti-i-prodotti","8":"product_tag-udon","9":"desktop-align-left","10":"tablet-align-left","11":"mobile-align-left","12":"ast-product-gallery-layout-horizontal-slider","13":"ast-magnify-disabled","14":"ast-product-tabs-layout-horizontal","16":"first","17":"instock","18":"taxable","19":"shipping-taxable","20":"purchasable","21":"product-type-simple"},"yoast_head":"<!-- This site is optimized with the Yoast SEO Premium plugin v27.4 (Yoast SEO v27.4) - https:\/\/yoast.com\/product\/yoast-seo-premium-wordpress\/ -->\n<title>Acquista pasta Udon 200 g \u2013 pasta di grano spessa su 1mal1japan<\/title>\n<meta name=\"description\" content=\"I\u27a1 Acquista pasta Udon 200 g \u2714 pasta di grano giapponese \u2714 precotta \u2714 morbida e spessa \u2714 ideale per zuppe e piatti saltati in padella \u2714 consegna veloce!\" \/>\n<meta name=\"robots\" content=\"index, follow, max-snippet:-1, max-image-preview:large, max-video-preview:-1\" \/>\n<link rel=\"canonical\" href=\"https:\/\/1mal1japan.de\/it\/produkt\/udon-pasta-200-g-spessa-pasta-di-grano-precotta\/\" \/>\n<meta property=\"og:locale\" content=\"it_IT\" \/>\n<meta property=\"og:type\" content=\"article\" \/>\n<meta property=\"og:title\" content=\"Pasta Udon 200 g (spessi noodles di grano, precotti)\" \/>\n<meta property=\"og:description\" content=\"Questi noodles Udon giapponesi precotti a base di grano sono spessi, morbidi e piacevolmente elastici. Sono ideali per le classiche zuppe di Udon, i piatti di noodles saltati in padella o la cucina veloce di tutti i giorni.\" \/>\n<meta property=\"og:url\" content=\"https:\/\/1mal1japan.de\/it\/produkt\/udon-pasta-200-g-spessa-pasta-di-grano-precotta\/\" \/>\n<meta property=\"og:site_name\" content=\"1mal1japan.de\" \/>\n<meta property=\"article:modified_time\" content=\"2026-04-23T12:03:01+00:00\" \/>\n<meta property=\"og:image\" content=\"https:\/\/1mal1japan.de\/wp-content\/uploads\/2021\/04\/Udon-Nudeln-vorgekocht-4-1.jpg\" \/>\n\t<meta property=\"og:image:width\" content=\"800\" \/>\n\t<meta property=\"og:image:height\" content=\"800\" \/>\n\t<meta property=\"og:image:type\" content=\"image\/jpeg\" \/>\n<script type=\"application\/ld+json\" class=\"yoast-schema-graph\">{\"@context\":\"https:\\\/\\\/schema.org\",\"@graph\":[{\"@type\":\"WebPage\",\"@id\":\"https:\\\/\\\/1mal1japan.de\\\/it\\\/produkt\\\/udon-pasta-200-g-spessa-pasta-di-grano-precotta\\\/\",\"url\":\"https:\\\/\\\/1mal1japan.de\\\/it\\\/produkt\\\/udon-pasta-200-g-spessa-pasta-di-grano-precotta\\\/\",\"name\":\"Acquista pasta Udon 200 g \u2013 pasta di grano spessa su 1mal1japan\",\"isPartOf\":{\"@id\":\"https:\\\/\\\/1mal1japan.de\\\/it\\\/#website\"},\"primaryImageOfPage\":{\"@id\":\"https:\\\/\\\/1mal1japan.de\\\/it\\\/produkt\\\/udon-pasta-200-g-spessa-pasta-di-grano-precotta\\\/#primaryimage\"},\"image\":{\"@id\":\"https:\\\/\\\/1mal1japan.de\\\/it\\\/produkt\\\/udon-pasta-200-g-spessa-pasta-di-grano-precotta\\\/#primaryimage\"},\"thumbnailUrl\":\"https:\\\/\\\/1mal1japan.de\\\/wp-content\\\/uploads\\\/2021\\\/04\\\/Udon-Nudeln-vorgekocht-4-1.jpg\",\"datePublished\":\"2021-04-18T08:08:48+00:00\",\"dateModified\":\"2026-04-23T12:03:01+00:00\",\"description\":\"I\u27a1 Acquista pasta Udon 200 g \u2714 pasta di grano giapponese \u2714 precotta \u2714 morbida e spessa \u2714 ideale per zuppe e piatti saltati in padella \u2714 consegna veloce!\",\"breadcrumb\":{\"@id\":\"https:\\\/\\\/1mal1japan.de\\\/it\\\/produkt\\\/udon-pasta-200-g-spessa-pasta-di-grano-precotta\\\/#breadcrumb\"},\"inLanguage\":\"it-IT\",\"potentialAction\":[{\"@type\":\"ReadAction\",\"target\":[\"https:\\\/\\\/1mal1japan.de\\\/it\\\/produkt\\\/udon-pasta-200-g-spessa-pasta-di-grano-precotta\\\/\"]}]},{\"@type\":\"ImageObject\",\"inLanguage\":\"it-IT\",\"@id\":\"https:\\\/\\\/1mal1japan.de\\\/it\\\/produkt\\\/udon-pasta-200-g-spessa-pasta-di-grano-precotta\\\/#primaryimage\",\"url\":\"https:\\\/\\\/1mal1japan.de\\\/wp-content\\\/uploads\\\/2021\\\/04\\\/Udon-Nudeln-vorgekocht-4-1.jpg\",\"contentUrl\":\"https:\\\/\\\/1mal1japan.de\\\/wp-content\\\/uploads\\\/2021\\\/04\\\/Udon-Nudeln-vorgekocht-4-1.jpg\",\"width\":800,\"height\":800,\"caption\":\"Acquista pasta Udon\"},{\"@type\":\"BreadcrumbList\",\"@id\":\"https:\\\/\\\/1mal1japan.de\\\/it\\\/produkt\\\/udon-pasta-200-g-spessa-pasta-di-grano-precotta\\\/#breadcrumb\",\"itemListElement\":[{\"@type\":\"ListItem\",\"position\":1,\"name\":\"Startseite\",\"item\":\"https:\\\/\\\/1mal1japan.de\\\/it\\\/\"},{\"@type\":\"ListItem\",\"position\":2,\"name\":\"Negozio\",\"item\":\"https:\\\/\\\/1mal1japan.de\\\/it\\\/shop\\\/\"},{\"@type\":\"ListItem\",\"position\":3,\"name\":\"Pasta Udon 200 g (spessi noodles di grano, precotti)\"}]},{\"@type\":\"WebSite\",\"@id\":\"https:\\\/\\\/1mal1japan.de\\\/it\\\/#website\",\"url\":\"https:\\\/\\\/1mal1japan.de\\\/it\\\/\",\"name\":\"1mal1japan.de\",\"description\":\"japanisch kochen &amp; einkaufen\",\"publisher\":{\"@id\":\"https:\\\/\\\/1mal1japan.de\\\/it\\\/#\\\/schema\\\/person\\\/3b6eab913fce9065523e927d88b032b0\"},\"potentialAction\":[{\"@type\":\"SearchAction\",\"target\":{\"@type\":\"EntryPoint\",\"urlTemplate\":\"https:\\\/\\\/1mal1japan.de\\\/it\\\/?s={search_term_string}\"},\"query-input\":{\"@type\":\"PropertyValueSpecification\",\"valueRequired\":true,\"valueName\":\"search_term_string\"}}],\"inLanguage\":\"it-IT\"},{\"@type\":[\"Person\",\"Organization\"],\"@id\":\"https:\\\/\\\/1mal1japan.de\\\/it\\\/#\\\/schema\\\/person\\\/3b6eab913fce9065523e927d88b032b0\",\"name\":\"Elisa\",\"image\":{\"@type\":\"ImageObject\",\"inLanguage\":\"it-IT\",\"@id\":\"https:\\\/\\\/1mal1japan.de\\\/wp-content\\\/uploads\\\/2018\\\/09\\\/Profilbild_Elisa.png\",\"url\":\"https:\\\/\\\/1mal1japan.de\\\/wp-content\\\/uploads\\\/2018\\\/09\\\/Profilbild_Elisa.png\",\"contentUrl\":\"https:\\\/\\\/1mal1japan.de\\\/wp-content\\\/uploads\\\/2018\\\/09\\\/Profilbild_Elisa.png\",\"width\":200,\"height\":200,\"caption\":\"Elisa\"},\"logo\":{\"@id\":\"https:\\\/\\\/1mal1japan.de\\\/wp-content\\\/uploads\\\/2018\\\/09\\\/Profilbild_Elisa.png\"}}]}<\/script>\n<meta property=\"product:brand\" content=\"Samlip\" \/>\n<meta property=\"product:price:amount\" content=\"1.19\" \/>\n<meta property=\"product:price:currency\" content=\"EUR\" \/>\n<meta property=\"og:availability\" content=\"instock\" \/>\n<meta property=\"product:availability\" content=\"instock\" \/>\n<meta property=\"product:retailer_item_id\" content=\"1020\" \/>\n<meta property=\"product:condition\" content=\"new\" \/>\n<!-- \/ Yoast SEO Premium plugin. -->","yoast_head_json":{"title":"Acquista pasta Udon 200 g \u2013 pasta di grano spessa su 1mal1japan","description":"I\u27a1 Acquista pasta Udon 200 g \u2714 pasta di grano giapponese \u2714 precotta \u2714 morbida e spessa \u2714 ideale per zuppe e piatti saltati in padella \u2714 consegna veloce!","robots":{"index":"index","follow":"follow","max-snippet":"max-snippet:-1","max-image-preview":"max-image-preview:large","max-video-preview":"max-video-preview:-1"},"canonical":"https:\/\/1mal1japan.de\/it\/produkt\/udon-pasta-200-g-spessa-pasta-di-grano-precotta\/","og_locale":"it_IT","og_type":"article","og_title":"Pasta Udon 200 g (spessi noodles di grano, precotti)","og_description":"Questi noodles Udon giapponesi precotti a base di grano sono spessi, morbidi e piacevolmente elastici. Sono ideali per le classiche zuppe di Udon, i piatti di noodles saltati in padella o la cucina veloce di tutti i giorni.","og_url":"https:\/\/1mal1japan.de\/it\/produkt\/udon-pasta-200-g-spessa-pasta-di-grano-precotta\/","og_site_name":"1mal1japan.de","article_modified_time":"2026-04-23T12:03:01+00:00","og_image":[{"width":800,"height":800,"url":"https:\/\/1mal1japan.de\/wp-content\/uploads\/2021\/04\/Udon-Nudeln-vorgekocht-4-1.jpg","type":"image\/jpeg"}],"schema":{"@context":"https:\/\/schema.org","@graph":[{"@type":"WebPage","@id":"https:\/\/1mal1japan.de\/it\/produkt\/udon-pasta-200-g-spessa-pasta-di-grano-precotta\/","url":"https:\/\/1mal1japan.de\/it\/produkt\/udon-pasta-200-g-spessa-pasta-di-grano-precotta\/","name":"Acquista pasta Udon 200 g \u2013 pasta di grano spessa su 1mal1japan","isPartOf":{"@id":"https:\/\/1mal1japan.de\/it\/#website"},"primaryImageOfPage":{"@id":"https:\/\/1mal1japan.de\/it\/produkt\/udon-pasta-200-g-spessa-pasta-di-grano-precotta\/#primaryimage"},"image":{"@id":"https:\/\/1mal1japan.de\/it\/produkt\/udon-pasta-200-g-spessa-pasta-di-grano-precotta\/#primaryimage"},"thumbnailUrl":"https:\/\/1mal1japan.de\/wp-content\/uploads\/2021\/04\/Udon-Nudeln-vorgekocht-4-1.jpg","datePublished":"2021-04-18T08:08:48+00:00","dateModified":"2026-04-23T12:03:01+00:00","description":"I\u27a1 Acquista pasta Udon 200 g \u2714 pasta di grano giapponese \u2714 precotta \u2714 morbida e spessa \u2714 ideale per zuppe e piatti saltati in padella \u2714 consegna veloce!","breadcrumb":{"@id":"https:\/\/1mal1japan.de\/it\/produkt\/udon-pasta-200-g-spessa-pasta-di-grano-precotta\/#breadcrumb"},"inLanguage":"it-IT","potentialAction":[{"@type":"ReadAction","target":["https:\/\/1mal1japan.de\/it\/produkt\/udon-pasta-200-g-spessa-pasta-di-grano-precotta\/"]}]},{"@type":"ImageObject","inLanguage":"it-IT","@id":"https:\/\/1mal1japan.de\/it\/produkt\/udon-pasta-200-g-spessa-pasta-di-grano-precotta\/#primaryimage","url":"https:\/\/1mal1japan.de\/wp-content\/uploads\/2021\/04\/Udon-Nudeln-vorgekocht-4-1.jpg","contentUrl":"https:\/\/1mal1japan.de\/wp-content\/uploads\/2021\/04\/Udon-Nudeln-vorgekocht-4-1.jpg","width":800,"height":800,"caption":"Acquista pasta Udon"},{"@type":"BreadcrumbList","@id":"https:\/\/1mal1japan.de\/it\/produkt\/udon-pasta-200-g-spessa-pasta-di-grano-precotta\/#breadcrumb","itemListElement":[{"@type":"ListItem","position":1,"name":"Startseite","item":"https:\/\/1mal1japan.de\/it\/"},{"@type":"ListItem","position":2,"name":"Negozio","item":"https:\/\/1mal1japan.de\/it\/shop\/"},{"@type":"ListItem","position":3,"name":"Pasta Udon 200 g (spessi noodles di grano, precotti)"}]},{"@type":"WebSite","@id":"https:\/\/1mal1japan.de\/it\/#website","url":"https:\/\/1mal1japan.de\/it\/","name":"1mal1japan.de","description":"japanisch kochen &amp; einkaufen","publisher":{"@id":"https:\/\/1mal1japan.de\/it\/#\/schema\/person\/3b6eab913fce9065523e927d88b032b0"},"potentialAction":[{"@type":"SearchAction","target":{"@type":"EntryPoint","urlTemplate":"https:\/\/1mal1japan.de\/it\/?s={search_term_string}"},"query-input":{"@type":"PropertyValueSpecification","valueRequired":true,"valueName":"search_term_string"}}],"inLanguage":"it-IT"},{"@type":["Person","Organization"],"@id":"https:\/\/1mal1japan.de\/it\/#\/schema\/person\/3b6eab913fce9065523e927d88b032b0","name":"Elisa","image":{"@type":"ImageObject","inLanguage":"it-IT","@id":"https:\/\/1mal1japan.de\/wp-content\/uploads\/2018\/09\/Profilbild_Elisa.png","url":"https:\/\/1mal1japan.de\/wp-content\/uploads\/2018\/09\/Profilbild_Elisa.png","contentUrl":"https:\/\/1mal1japan.de\/wp-content\/uploads\/2018\/09\/Profilbild_Elisa.png","width":200,"height":200,"caption":"Elisa"},"logo":{"@id":"https:\/\/1mal1japan.de\/wp-content\/uploads\/2018\/09\/Profilbild_Elisa.png"}}]},"product_brand":"Samlip","product_price_amount":"1.19","product_price_currency":"EUR","og_availability":"instock","product_availability":"instock","product_retailer_item_id":"1020","product_condition":"new"},"uagb_featured_image_src":{"full":["https:\/\/1mal1japan.de\/wp-content\/uploads\/2021\/04\/Udon-Nudeln-vorgekocht-4-1.jpg",800,800,false],"thumbnail":["https:\/\/1mal1japan.de\/wp-content\/uploads\/2021\/04\/Udon-Nudeln-vorgekocht-4-1-150x150.jpg",150,150,true],"medium":["https:\/\/1mal1japan.de\/wp-content\/uploads\/2021\/04\/Udon-Nudeln-vorgekocht-4-1-300x300.jpg",300,300,true],"medium_large":["https:\/\/1mal1japan.de\/wp-content\/uploads\/2021\/04\/Udon-Nudeln-vorgekocht-4-1-768x768.jpg",768,768,true],"large":["https:\/\/1mal1japan.de\/wp-content\/uploads\/2021\/04\/Udon-Nudeln-vorgekocht-4-1.jpg",800,800,false],"1536x1536":["https:\/\/1mal1japan.de\/wp-content\/uploads\/2021\/04\/Udon-Nudeln-vorgekocht-4-1.jpg",800,800,false],"2048x2048":["https:\/\/1mal1japan.de\/wp-content\/uploads\/2021\/04\/Udon-Nudeln-vorgekocht-4-1.jpg",800,800,false],"woocommerce_thumbnail":["https:\/\/1mal1japan.de\/wp-content\/uploads\/2021\/04\/Udon-Nudeln-vorgekocht-4-1-600x600.jpg",600,600,true],"woocommerce_single":["https:\/\/1mal1japan.de\/wp-content\/uploads\/2021\/04\/Udon-Nudeln-vorgekocht-4-1.jpg",800,800,false],"woocommerce_gallery_thumbnail":["https:\/\/1mal1japan.de\/wp-content\/uploads\/2021\/04\/Udon-Nudeln-vorgekocht-4-1-100x100.jpg",100,100,true]},"uagb_author_info":{"display_name":"kiwi19901","author_link":"https:\/\/1mal1japan.de\/it\/author\/"},"uagb_comment_info":0,"uagb_excerpt":"Questi noodles Udon giapponesi precotti a base di grano sono spessi, morbidi e piacevolmente elastici. Sono ideali per le classiche zuppe di Udon, i piatti di noodles saltati in padella o la cucina veloce di tutti i giorni.","_links":{"self":[{"href":"https:\/\/1mal1japan.de\/it\/wp-json\/wp\/v2\/product\/62891","targetHints":{"allow":["GET"]}}],"collection":[{"href":"https:\/\/1mal1japan.de\/it\/wp-json\/wp\/v2\/product"}],"about":[{"href":"https:\/\/1mal1japan.de\/it\/wp-json\/wp\/v2\/types\/product"}],"wp:featuredmedia":[{"embeddable":true,"href":"https:\/\/1mal1japan.de\/it\/wp-json\/wp\/v2\/media\/62900"}],"wp:attachment":[{"href":"https:\/\/1mal1japan.de\/it\/wp-json\/wp\/v2\/media?parent=62891"}],"wp:term":[{"taxonomy":"product_brand","embeddable":true,"href":"https:\/\/1mal1japan.de\/it\/wp-json\/wp\/v2\/product_brand?post=62891"},{"taxonomy":"product_cat","embeddable":true,"href":"https:\/\/1mal1japan.de\/it\/wp-json\/wp\/v2\/product_cat?post=62891"},{"taxonomy":"product_tag","embeddable":true,"href":"https:\/\/1mal1japan.de\/it\/wp-json\/wp\/v2\/product_tag?post=62891"}],"curies":[{"name":"wp","href":"https:\/\/api.w.org\/{rel}","templated":true}]}}