{"id":62941,"date":"2021-04-18T10:08:48","date_gmt":"2021-04-18T08:08:48","guid":{"rendered":"https:\/\/1mal1japan.de\/produkt\/dashi-no-moto-40-g-brodo-giapponese-8-bustine-shimaya\/"},"modified":"2026-04-23T14:03:01","modified_gmt":"2026-04-23T12:03:01","slug":"dashi-no-moto-40-g-brodo-giapponese-8-bustine-shimaya","status":"publish","type":"product","link":"https:\/\/1mal1japan.de\/it\/produkt\/dashi-no-moto-40-g-brodo-giapponese-8-bustine-shimaya\/","title":{"rendered":"Dashi no Moto 40 g (brodo Dashi giapponese, 8 bustine), Shimaya"},"content":{"rendered":"\n<section class=\"wp-block-uagb-section uagb-section__wrap uagb-section__background-color uagb-block-2b730d69\"><div class=\"uagb-section__overlay\"><\/div><div class=\"uagb-section__inner-wrap\">\n<p>\u2705 per la preparazione di un brodo Dashi tipicamente giapponese<br\/>\u2705 ideale per zuppe di Ramen, zuppe di miso, Okonomiyaki e molto altro ancora <br\/>\u2705 facile da dosare e utilizzare<br\/>\u2705 senza lattosio e senza glutine<br\/>\u2705 provenienza autentica, direttamente dal Giappone<\/p>\n<\/div><\/section>\n\n<p><strong>Il brodo Dashi \u00e8 il gusto del Giappone e la variet\u00e0 di Shimaya \u00e8 un must in ogni dispensa giapponese. Sin dalla sua introduzione nel 1964, questa prelibatezza \u00e8 apprezzata in Giappone. Il Dashi costituisce la base dell&#8217;Umami (il quinto gusto oltre a dolce, acido, salato e amaro) e conferisce alla maggior parte dei piatti tradizionali giapponesi una profondit\u00e0 aromatica unica.<\/strong><\/p>\n\n<p>In genere, il brodo Dashi viene preparato con Katsuobushi (noti anche come scaglie di bonito), Kombu (alghe secche) e acqua. Tuttavia, molti giapponesi, soprattutto quando hanno fretta in cucina, ricorrono al Dashi no Moto (ovvero un brodo Dashi istantaneo gi\u00e0 pronto) di Shimaya.<\/p>\n\n<p>Shimaya produce ancora oggi i propri prodotti nella citt\u00e0 di Shunan, nella prefettura di Yamaguchi, dove l\u2019azienda \u00e8 stata fondata. \u00c8 particolarmente pratico il fatto che il Dashi si sciolga facilmente in acqua e abbia un sapore naturale di bonito essiccato, poich\u00e9 durante la produzione non viene sottoposto a temperature elevate!<\/p>\n\n<p>La confezione contiene 8 bustine monodose; 1 bustina di Dashi \u00e8 sufficiente per preparare da 4 a 5 porzioni di zuppa di Miso o da 1 a 2 porzioni di zuppa di noodle.<\/p>\n\n<p><em>Tutte le informazioni importanti e fantastiche ricette sul Dashi le trovi nel nostro articolo dedicato al <a href=\"https:\/\/1mal1japan.de\/zutaten-und-grundlagen\/dashi\/\">Dashi.<\/a><\/em><\/p>\n\n<h2 class=\"wp-block-heading\" id=\"h-das-kannst-du-damit-kochen\">Ecco cosa puoi cucinare con questo prodotto:<\/h2>\n\n\t\t\t<div class=\"wp-block-uagb-post-grid uagb-post-grid  uagb-post__image-position-top uagb-post__image-enabled uagb-block-27b66334     uagb-post__items uagb-post__columns-2 is-grid uagb-post__columns-tablet-2 uagb-post__columns-mobile-2 uagb-post__equal-height\" data-total=\"1\" style=\"\">\n\n\t\t\t\t\t\t\t\t\t\t\t\t<article class=\"uagb-post__inner-wrap\">\t\t\t\t\t\t\t\t<div class='uagb-post__image'>\n\t\t\t\t\t\t\t\t\t<a href=\"https:\/\/1mal1japan.de\/it\/rezepte\/miso-ramen\/\" target=\"_self\" rel=\"bookmark noopener noreferrer\" class='uagb-image-ratio-inherit'><img decoding=\"async\" width=\"1024\" height=\"683\" src=\"https:\/\/1mal1japan.de\/wp-content\/uploads\/2020\/04\/Miso-Ramen-Veggie-Titelbild-1024x683.jpg\" class=\"attachment-large size-large\" alt=\"Miso Ramen Veggie Titelbild\" srcset=\"https:\/\/1mal1japan.de\/wp-content\/uploads\/2020\/04\/Miso-Ramen-Veggie-Titelbild-1024x683.jpg 1024w, https:\/\/1mal1japan.de\/wp-content\/uploads\/2020\/04\/Miso-Ramen-Veggie-Titelbild-300x200.jpg 300w, https:\/\/1mal1japan.de\/wp-content\/uploads\/2020\/04\/Miso-Ramen-Veggie-Titelbild-768x512.jpg 768w, https:\/\/1mal1japan.de\/wp-content\/uploads\/2020\/04\/Miso-Ramen-Veggie-Titelbild.jpg 1200w\" sizes=\"(max-width: 1024px) 100vw, 1024px\" \/>\t\t\t\t\t<\/a>\n\t\t\t\t\t\t\t<\/div>\n\t\t\t\t\t\t<p class=\"uagb-post__title uagb-post__text\">\n\t\t\t\t<a href=\"https:\/\/1mal1japan.de\/it\/rezepte\/miso-ramen\/\" target=\"_self\" rel=\"bookmark noopener noreferrer\">Una bowl piena di felicit\u00e0: Miso Ramen con 7 topping vari \u2013 vegetariano, piccante e semplicissimo<\/a>\n\t\t\t<\/p>\n\t\t\t\t\t\t<div class='uagb-post__text uagb-post-grid-byline'>\n\t\t\t\t\t\t\t\t<time datetime=\"2023-08-01T09:50:45+02:00\" class=\"uagb-post__date\">\n\t\t\t\t<span class=\"dashicons-calendar dashicons\"><\/span>\t\t\t\t\t1. Agosto 2023\t\t\t\t<\/time>\n\t\t\t\t\t\t<\/div>\n\t\t\t\t\t\t\t<div class='uagb-post__text uagb-post__excerpt'>\n\t\t\t\t\t<p>Immergiti nel mondo dei sapori della cucina giapponese con la nostra bowl della felicit\u00e0! Qui&#8230;\t\t\t\t<\/div>\n\t\t\t\t\t\t<div class=\"uagb-post__text uagb-post__cta wp-block-button\">\n\t\t\t\t<a class=\"wp-block-button__link uagb-text-link\" style=\"\" href=\"https:\/\/1mal1japan.de\/it\/rezepte\/miso-ramen\/\" target=\"_self\" rel=\"bookmark noopener noreferrer\">\u279f Vai alla ricetta<\/a>\n\t\t\t<\/div>\n\t\t\t\n\t\t\t\t\t\t\t\t\t<\/article>\n\t\t\t\t\t\t\t\t\t\t\t<\/div>\n\t\t\t\n<div style=\"height:20px\" aria-hidden=\"true\" class=\"wp-block-spacer\"><\/div>\n\n<h2 class=\"wp-block-heading\" id=\"h-haltbarkeit-und-lagerung\">Conservazione e durata:<\/h2>\n\n<p>Il Dashi ha una lunga durata di conservazione di almeno un anno. Non \u00e8 necessaria la refrigerazione, ma il Dashi dovrebbe essere conservato in un luogo asciutto e al riparo dalla luce solare diretta.<\/p>\n\n<h2 class=\"wp-block-heading\" id=\"h-deine-vorteile-und-unser-versprechen\">I tuoi vantaggi e la nostra promessa:<\/h2>\n\n<section class=\"wp-block-uagb-section uagb-section__wrap uagb-section__background-color uagb-block-85f7e9d2\"><div class=\"uagb-section__overlay\"><\/div><div class=\"uagb-section__inner-wrap\">\n<p>\u2764\ufe0f <strong>Schnell, unkompliziert &amp; zuverl\u00e4ssig:<\/strong> Kunden lieben uns! Mit 4,9 von 5 Sternen bei Shopvote &#8211; schau dir <a href=\"https:\/\/www.shopvote.de\/bewertung_1mal1japan_de_23342.html\">hier unsere Kundenbewertungen<\/a> selbst an!<\/p>\n<\/div><\/section>\n\n\n\n<div style=\"height:20px\" aria-hidden=\"true\" class=\"wp-block-spacer\"><\/div>\n\n\n\n<section class=\"wp-block-uagb-section uagb-section__wrap uagb-section__background-color uagb-block-9e748e26\"><div class=\"uagb-section__overlay\"><\/div><div class=\"uagb-section__inner-wrap\">\n<p>\ud83c\udf31 <strong>Nachhaltig Shoppen:<\/strong> Klimaneutral versendet, umweltfreundlich verpackt, standardm\u00e4\u00dfig digitale Rechnungen.<\/p>\n<\/div><\/section>\n\n\n\n<div style=\"height:20px\" aria-hidden=\"true\" class=\"wp-block-spacer\"><\/div>\n\n\n\n<section class=\"wp-block-uagb-section uagb-section__wrap uagb-section__background-color uagb-block-11f9fc83\"><div class=\"uagb-section__overlay\"><\/div><div class=\"uagb-section__inner-wrap\">\n<p><strong>\ud83d\udd12 100% einkaufen ohne Risiko:<\/strong> Kein Mindestbestellwert, Gratis-Versand innerhalb Deutschlands ab 59\u20ac Bestellwert + 30 Tage Widerrufsrecht mit kostenlosem R\u00fcckversand.<\/p>\n<\/div><\/section>\n\n\n\n<div style=\"height:20px\" aria-hidden=\"true\" class=\"wp-block-spacer\"><\/div>\n\n\n\n<section class=\"wp-block-uagb-section uagb-section__wrap uagb-section__background-color uagb-block-5b55bd83\"><div class=\"uagb-section__overlay\"><\/div><div class=\"uagb-section__inner-wrap\">\n<p>\ud83e\udd62 <strong>Allerbeste Zutaten f\u00fcr dein Koch- und Geschmackserlebnis: <\/strong>Handverlesene Produkte, die uns pers\u00f6nlich nach vier Kriterien \u00fcberzeugen (1) Geschmack, (2) Authentizit\u00e4t (3) Preis und (4) Verf\u00fcgbarkeit.<\/p>\n<\/div><\/section>\n\n\n\n<div style=\"height:20px\" aria-hidden=\"true\" class=\"wp-block-spacer\"><\/div>\n\n\n\n<section class=\"wp-block-uagb-section uagb-section__wrap uagb-section__background-color uagb-block-94ed5912\"><div class=\"uagb-section__overlay\"><\/div><div class=\"uagb-section__inner-wrap\">\n<p>\ud83d\udc4d <strong>Profitiere von langj\u00e4hriger Erfahrung<\/strong>: 1mal1japan.de gibt es bereits seit 2016. Seitdem durften wir bereits Millionen an Besuchern auf unserem Blog und Shop begr\u00fc\u00dfen und \u00fcber 50.000 zufriedene Kunden beliefern. Ganz herzlichen Dank an alle Leser und Fans!<\/p>\n<\/div><\/section>\n","protected":false},"excerpt":{"rendered":"<p>Questo brodo Dashi \u00e8 un must in ogni dispensa giapponese e conferisce ai piatti tradizionali giapponesi una profondit\u00e0 aromatica unica. Ad esempio per Ramen, zuppa di Miso e Okonomiyaki.<\/p>\n","protected":false},"featured_media":62942,"template":"","meta":{"_uag_custom_page_level_css":"","site-sidebar-layout":"default","site-content-layout":"default","ast-site-content-layout":"default","site-content-style":"default","site-sidebar-style":"default","ast-global-header-display":"","ast-banner-title-visibility":"","ast-main-header-display":"","ast-hfb-above-header-display":"","ast-hfb-below-header-display":"","ast-hfb-mobile-header-display":"","site-post-title":"","ast-breadcrumbs-content":"","ast-featured-img":"","footer-sml-layout":"","ast-disable-related-posts":"","theme-transparent-header-meta":"default","adv-header-id-meta":"","stick-header-meta":"default","header-above-stick-meta":"","header-main-stick-meta":"","header-below-stick-meta":"","astra-migrate-meta-layouts":"default","ast-page-background-enabled":"default","ast-page-background-meta":{"desktop":{"background-color":"","background-image":"","background-repeat":"repeat","background-position":"center center","background-size":"auto","background-attachment":"scroll","background-type":"","background-media":"","overlay-type":"","overlay-color":"","overlay-opacity":"","overlay-gradient":""},"tablet":{"background-color":"","background-image":"","background-repeat":"repeat","background-position":"center center","background-size":"auto","background-attachment":"scroll","background-type":"","background-media":"","overlay-type":"","overlay-color":"","overlay-opacity":"","overlay-gradient":""},"mobile":{"background-color":"","background-image":"","background-repeat":"repeat","background-position":"center center","background-size":"auto","background-attachment":"scroll","background-type":"","background-media":"","overlay-type":"","overlay-color":"","overlay-opacity":"","overlay-gradient":""}},"ast-content-background-meta":{"desktop":{"background-color":"var(--ast-global-color-5)","background-image":"","background-repeat":"repeat","background-position":"center center","background-size":"auto","background-attachment":"scroll","background-type":"","background-media":"","overlay-type":"","overlay-color":"","overlay-opacity":"","overlay-gradient":""},"tablet":{"background-color":"var(--ast-global-color-5)","background-image":"","background-repeat":"repeat","background-position":"center center","background-size":"auto","background-attachment":"scroll","background-type":"","background-media":"","overlay-type":"","overlay-color":"","overlay-opacity":"","overlay-gradient":""},"mobile":{"background-color":"var(--ast-global-color-5)","background-image":"","background-repeat":"repeat","background-position":"center center","background-size":"auto","background-attachment":"scroll","background-type":"","background-media":"","overlay-type":"","overlay-color":"","overlay-opacity":"","overlay-gradient":""}}},"product_brand":[],"product_cat":[1558,1568,1557],"product_tag":[1601],"class_list":{"0":"post-62941","1":"product","2":"type-product","3":"status-publish","4":"has-post-thumbnail","6":"product_cat-made-in-japan","7":"product_cat-spezie-e-brodi","8":"product_cat-tutti-i-prodotti","9":"product_tag-dashi","10":"desktop-align-left","11":"tablet-align-left","12":"mobile-align-left","13":"ast-product-gallery-layout-horizontal-slider","14":"ast-magnify-disabled","15":"ast-product-tabs-layout-horizontal","17":"first","18":"instock","19":"taxable","20":"shipping-taxable","21":"purchasable","22":"product-type-simple"},"yoast_head":"<!-- This site is optimized with the Yoast SEO Premium plugin v27.4 (Yoast SEO v27.4) - https:\/\/yoast.com\/product\/yoast-seo-premium-wordpress\/ -->\n<title>Dashi no Moto (40 g) brodo Dashi giapponese, su 1mal1japan<\/title>\n<meta name=\"description\" content=\"I\u27a1 Acquista Dashi no Moto \u2714 brodo Dashi | dosaggio facile, semplice, versatile \u2714 Ramen, zuppa di miso e Okonomiyaki \u2714 consegna veloce!\" \/>\n<meta name=\"robots\" content=\"index, follow, max-snippet:-1, max-image-preview:large, max-video-preview:-1\" \/>\n<link rel=\"canonical\" href=\"https:\/\/1mal1japan.de\/it\/produkt\/dashi-no-moto-40-g-brodo-giapponese-8-bustine-shimaya\/\" \/>\n<meta property=\"og:locale\" content=\"it_IT\" \/>\n<meta property=\"og:type\" content=\"article\" \/>\n<meta property=\"og:title\" content=\"Dashi no Moto 40 g (brodo Dashi giapponese, 8 bustine), Shimaya\" \/>\n<meta property=\"og:description\" content=\"Questo brodo Dashi \u00e8 un must in ogni dispensa giapponese e conferisce ai piatti tradizionali giapponesi una profondit\u00e0 aromatica unica. Ad esempio per Ramen, zuppa di Miso e Okonomiyaki.\" \/>\n<meta property=\"og:url\" content=\"https:\/\/1mal1japan.de\/it\/produkt\/dashi-no-moto-40-g-brodo-giapponese-8-bustine-shimaya\/\" \/>\n<meta property=\"og:site_name\" content=\"1mal1japan.de\" \/>\n<meta property=\"article:modified_time\" content=\"2026-04-23T12:03:01+00:00\" \/>\n<meta property=\"og:image\" content=\"https:\/\/1mal1japan.de\/wp-content\/uploads\/2021\/04\/Dashi-No-Moto-1-1.jpg\" \/>\n\t<meta property=\"og:image:width\" content=\"1200\" \/>\n\t<meta property=\"og:image:height\" content=\"1200\" \/>\n\t<meta property=\"og:image:type\" content=\"image\/jpeg\" \/>\n<script type=\"application\/ld+json\" class=\"yoast-schema-graph\">{\"@context\":\"https:\\\/\\\/schema.org\",\"@graph\":[{\"@type\":\"WebPage\",\"@id\":\"https:\\\/\\\/1mal1japan.de\\\/it\\\/produkt\\\/dashi-no-moto-40-g-brodo-giapponese-8-bustine-shimaya\\\/\",\"url\":\"https:\\\/\\\/1mal1japan.de\\\/it\\\/produkt\\\/dashi-no-moto-40-g-brodo-giapponese-8-bustine-shimaya\\\/\",\"name\":\"Dashi no Moto (40 g) brodo Dashi giapponese, su 1mal1japan\",\"isPartOf\":{\"@id\":\"https:\\\/\\\/1mal1japan.de\\\/it\\\/#website\"},\"primaryImageOfPage\":{\"@id\":\"https:\\\/\\\/1mal1japan.de\\\/it\\\/produkt\\\/dashi-no-moto-40-g-brodo-giapponese-8-bustine-shimaya\\\/#primaryimage\"},\"image\":{\"@id\":\"https:\\\/\\\/1mal1japan.de\\\/it\\\/produkt\\\/dashi-no-moto-40-g-brodo-giapponese-8-bustine-shimaya\\\/#primaryimage\"},\"thumbnailUrl\":\"https:\\\/\\\/1mal1japan.de\\\/wp-content\\\/uploads\\\/2021\\\/04\\\/Dashi-No-Moto-1-1.jpg\",\"datePublished\":\"2021-04-18T08:08:48+00:00\",\"dateModified\":\"2026-04-23T12:03:01+00:00\",\"description\":\"I\u27a1 Acquista Dashi no Moto \u2714 brodo Dashi | dosaggio facile, semplice, versatile \u2714 Ramen, zuppa di miso e Okonomiyaki \u2714 consegna veloce!\",\"breadcrumb\":{\"@id\":\"https:\\\/\\\/1mal1japan.de\\\/it\\\/produkt\\\/dashi-no-moto-40-g-brodo-giapponese-8-bustine-shimaya\\\/#breadcrumb\"},\"inLanguage\":\"it-IT\",\"potentialAction\":[{\"@type\":\"ReadAction\",\"target\":[\"https:\\\/\\\/1mal1japan.de\\\/it\\\/produkt\\\/dashi-no-moto-40-g-brodo-giapponese-8-bustine-shimaya\\\/\"]}]},{\"@type\":\"ImageObject\",\"inLanguage\":\"it-IT\",\"@id\":\"https:\\\/\\\/1mal1japan.de\\\/it\\\/produkt\\\/dashi-no-moto-40-g-brodo-giapponese-8-bustine-shimaya\\\/#primaryimage\",\"url\":\"https:\\\/\\\/1mal1japan.de\\\/wp-content\\\/uploads\\\/2021\\\/04\\\/Dashi-No-Moto-1-1.jpg\",\"contentUrl\":\"https:\\\/\\\/1mal1japan.de\\\/wp-content\\\/uploads\\\/2021\\\/04\\\/Dashi-No-Moto-1-1.jpg\",\"width\":1200,\"height\":1200,\"caption\":\"Dashi no Moto 50 g (10 bustine di brodo Dashi giapponese), Shimaya\"},{\"@type\":\"BreadcrumbList\",\"@id\":\"https:\\\/\\\/1mal1japan.de\\\/it\\\/produkt\\\/dashi-no-moto-40-g-brodo-giapponese-8-bustine-shimaya\\\/#breadcrumb\",\"itemListElement\":[{\"@type\":\"ListItem\",\"position\":1,\"name\":\"Startseite\",\"item\":\"https:\\\/\\\/1mal1japan.de\\\/it\\\/\"},{\"@type\":\"ListItem\",\"position\":2,\"name\":\"Negozio\",\"item\":\"https:\\\/\\\/1mal1japan.de\\\/it\\\/shop\\\/\"},{\"@type\":\"ListItem\",\"position\":3,\"name\":\"Dashi no Moto 40 g (brodo Dashi giapponese, 8 bustine), Shimaya\"}]},{\"@type\":\"WebSite\",\"@id\":\"https:\\\/\\\/1mal1japan.de\\\/it\\\/#website\",\"url\":\"https:\\\/\\\/1mal1japan.de\\\/it\\\/\",\"name\":\"1mal1japan.de\",\"description\":\"japanisch kochen &amp; einkaufen\",\"publisher\":{\"@id\":\"https:\\\/\\\/1mal1japan.de\\\/it\\\/#\\\/schema\\\/person\\\/3b6eab913fce9065523e927d88b032b0\"},\"potentialAction\":[{\"@type\":\"SearchAction\",\"target\":{\"@type\":\"EntryPoint\",\"urlTemplate\":\"https:\\\/\\\/1mal1japan.de\\\/it\\\/?s={search_term_string}\"},\"query-input\":{\"@type\":\"PropertyValueSpecification\",\"valueRequired\":true,\"valueName\":\"search_term_string\"}}],\"inLanguage\":\"it-IT\"},{\"@type\":[\"Person\",\"Organization\"],\"@id\":\"https:\\\/\\\/1mal1japan.de\\\/it\\\/#\\\/schema\\\/person\\\/3b6eab913fce9065523e927d88b032b0\",\"name\":\"Elisa\",\"image\":{\"@type\":\"ImageObject\",\"inLanguage\":\"it-IT\",\"@id\":\"https:\\\/\\\/1mal1japan.de\\\/wp-content\\\/uploads\\\/2018\\\/09\\\/Profilbild_Elisa.png\",\"url\":\"https:\\\/\\\/1mal1japan.de\\\/wp-content\\\/uploads\\\/2018\\\/09\\\/Profilbild_Elisa.png\",\"contentUrl\":\"https:\\\/\\\/1mal1japan.de\\\/wp-content\\\/uploads\\\/2018\\\/09\\\/Profilbild_Elisa.png\",\"width\":200,\"height\":200,\"caption\":\"Elisa\"},\"logo\":{\"@id\":\"https:\\\/\\\/1mal1japan.de\\\/wp-content\\\/uploads\\\/2018\\\/09\\\/Profilbild_Elisa.png\"}}]}<\/script>\n<meta property=\"product:brand\" content=\"Shimaya\" \/>\n<meta property=\"product:price:amount\" content=\"1.99\" \/>\n<meta property=\"product:price:currency\" content=\"EUR\" \/>\n<meta property=\"og:availability\" content=\"instock\" \/>\n<meta property=\"product:availability\" content=\"instock\" \/>\n<meta property=\"product:retailer_item_id\" content=\"1019\" \/>\n<meta property=\"product:condition\" content=\"new\" \/>\n<!-- \/ Yoast SEO Premium plugin. -->","yoast_head_json":{"title":"Dashi no Moto (40 g) brodo Dashi giapponese, su 1mal1japan","description":"I\u27a1 Acquista Dashi no Moto \u2714 brodo Dashi | dosaggio facile, semplice, versatile \u2714 Ramen, zuppa di miso e Okonomiyaki \u2714 consegna veloce!","robots":{"index":"index","follow":"follow","max-snippet":"max-snippet:-1","max-image-preview":"max-image-preview:large","max-video-preview":"max-video-preview:-1"},"canonical":"https:\/\/1mal1japan.de\/it\/produkt\/dashi-no-moto-40-g-brodo-giapponese-8-bustine-shimaya\/","og_locale":"it_IT","og_type":"article","og_title":"Dashi no Moto 40 g (brodo Dashi giapponese, 8 bustine), Shimaya","og_description":"Questo brodo Dashi \u00e8 un must in ogni dispensa giapponese e conferisce ai piatti tradizionali giapponesi una profondit\u00e0 aromatica unica. Ad esempio per Ramen, zuppa di Miso e Okonomiyaki.","og_url":"https:\/\/1mal1japan.de\/it\/produkt\/dashi-no-moto-40-g-brodo-giapponese-8-bustine-shimaya\/","og_site_name":"1mal1japan.de","article_modified_time":"2026-04-23T12:03:01+00:00","og_image":[{"width":1200,"height":1200,"url":"https:\/\/1mal1japan.de\/wp-content\/uploads\/2021\/04\/Dashi-No-Moto-1-1.jpg","type":"image\/jpeg"}],"schema":{"@context":"https:\/\/schema.org","@graph":[{"@type":"WebPage","@id":"https:\/\/1mal1japan.de\/it\/produkt\/dashi-no-moto-40-g-brodo-giapponese-8-bustine-shimaya\/","url":"https:\/\/1mal1japan.de\/it\/produkt\/dashi-no-moto-40-g-brodo-giapponese-8-bustine-shimaya\/","name":"Dashi no Moto (40 g) brodo Dashi giapponese, su 1mal1japan","isPartOf":{"@id":"https:\/\/1mal1japan.de\/it\/#website"},"primaryImageOfPage":{"@id":"https:\/\/1mal1japan.de\/it\/produkt\/dashi-no-moto-40-g-brodo-giapponese-8-bustine-shimaya\/#primaryimage"},"image":{"@id":"https:\/\/1mal1japan.de\/it\/produkt\/dashi-no-moto-40-g-brodo-giapponese-8-bustine-shimaya\/#primaryimage"},"thumbnailUrl":"https:\/\/1mal1japan.de\/wp-content\/uploads\/2021\/04\/Dashi-No-Moto-1-1.jpg","datePublished":"2021-04-18T08:08:48+00:00","dateModified":"2026-04-23T12:03:01+00:00","description":"I\u27a1 Acquista Dashi no Moto \u2714 brodo Dashi | dosaggio facile, semplice, versatile \u2714 Ramen, zuppa di miso e Okonomiyaki \u2714 consegna veloce!","breadcrumb":{"@id":"https:\/\/1mal1japan.de\/it\/produkt\/dashi-no-moto-40-g-brodo-giapponese-8-bustine-shimaya\/#breadcrumb"},"inLanguage":"it-IT","potentialAction":[{"@type":"ReadAction","target":["https:\/\/1mal1japan.de\/it\/produkt\/dashi-no-moto-40-g-brodo-giapponese-8-bustine-shimaya\/"]}]},{"@type":"ImageObject","inLanguage":"it-IT","@id":"https:\/\/1mal1japan.de\/it\/produkt\/dashi-no-moto-40-g-brodo-giapponese-8-bustine-shimaya\/#primaryimage","url":"https:\/\/1mal1japan.de\/wp-content\/uploads\/2021\/04\/Dashi-No-Moto-1-1.jpg","contentUrl":"https:\/\/1mal1japan.de\/wp-content\/uploads\/2021\/04\/Dashi-No-Moto-1-1.jpg","width":1200,"height":1200,"caption":"Dashi no Moto 50 g (10 bustine di brodo Dashi giapponese), Shimaya"},{"@type":"BreadcrumbList","@id":"https:\/\/1mal1japan.de\/it\/produkt\/dashi-no-moto-40-g-brodo-giapponese-8-bustine-shimaya\/#breadcrumb","itemListElement":[{"@type":"ListItem","position":1,"name":"Startseite","item":"https:\/\/1mal1japan.de\/it\/"},{"@type":"ListItem","position":2,"name":"Negozio","item":"https:\/\/1mal1japan.de\/it\/shop\/"},{"@type":"ListItem","position":3,"name":"Dashi no Moto 40 g (brodo Dashi giapponese, 8 bustine), Shimaya"}]},{"@type":"WebSite","@id":"https:\/\/1mal1japan.de\/it\/#website","url":"https:\/\/1mal1japan.de\/it\/","name":"1mal1japan.de","description":"japanisch kochen &amp; einkaufen","publisher":{"@id":"https:\/\/1mal1japan.de\/it\/#\/schema\/person\/3b6eab913fce9065523e927d88b032b0"},"potentialAction":[{"@type":"SearchAction","target":{"@type":"EntryPoint","urlTemplate":"https:\/\/1mal1japan.de\/it\/?s={search_term_string}"},"query-input":{"@type":"PropertyValueSpecification","valueRequired":true,"valueName":"search_term_string"}}],"inLanguage":"it-IT"},{"@type":["Person","Organization"],"@id":"https:\/\/1mal1japan.de\/it\/#\/schema\/person\/3b6eab913fce9065523e927d88b032b0","name":"Elisa","image":{"@type":"ImageObject","inLanguage":"it-IT","@id":"https:\/\/1mal1japan.de\/wp-content\/uploads\/2018\/09\/Profilbild_Elisa.png","url":"https:\/\/1mal1japan.de\/wp-content\/uploads\/2018\/09\/Profilbild_Elisa.png","contentUrl":"https:\/\/1mal1japan.de\/wp-content\/uploads\/2018\/09\/Profilbild_Elisa.png","width":200,"height":200,"caption":"Elisa"},"logo":{"@id":"https:\/\/1mal1japan.de\/wp-content\/uploads\/2018\/09\/Profilbild_Elisa.png"}}]},"product_brand":"Shimaya","product_price_amount":"1.99","product_price_currency":"EUR","og_availability":"instock","product_availability":"instock","product_retailer_item_id":"1019","product_condition":"new"},"uagb_featured_image_src":{"full":["https:\/\/1mal1japan.de\/wp-content\/uploads\/2021\/04\/Dashi-No-Moto-1-1.jpg",1200,1200,false],"thumbnail":["https:\/\/1mal1japan.de\/wp-content\/uploads\/2021\/04\/Dashi-No-Moto-1-1-150x150.jpg",150,150,true],"medium":["https:\/\/1mal1japan.de\/wp-content\/uploads\/2021\/04\/Dashi-No-Moto-1-1-300x300.jpg",300,300,true],"medium_large":["https:\/\/1mal1japan.de\/wp-content\/uploads\/2021\/04\/Dashi-No-Moto-1-1-768x768.jpg",768,768,true],"large":["https:\/\/1mal1japan.de\/wp-content\/uploads\/2021\/04\/Dashi-No-Moto-1-1-1024x1024.jpg",1024,1024,true],"1536x1536":["https:\/\/1mal1japan.de\/wp-content\/uploads\/2021\/04\/Dashi-No-Moto-1-1.jpg",1200,1200,false],"2048x2048":["https:\/\/1mal1japan.de\/wp-content\/uploads\/2021\/04\/Dashi-No-Moto-1-1.jpg",1200,1200,false],"woocommerce_thumbnail":["https:\/\/1mal1japan.de\/wp-content\/uploads\/2021\/04\/Dashi-No-Moto-1-1-600x600.jpg",600,600,true],"woocommerce_single":["https:\/\/1mal1japan.de\/wp-content\/uploads\/2021\/04\/Dashi-No-Moto-1-1.jpg",1200,1200,false],"woocommerce_gallery_thumbnail":["https:\/\/1mal1japan.de\/wp-content\/uploads\/2021\/04\/Dashi-No-Moto-1-1-100x100.jpg",100,100,true]},"uagb_author_info":{"display_name":"Elisa","author_link":"https:\/\/1mal1japan.de\/it\/author\/"},"uagb_comment_info":0,"uagb_excerpt":"Questo brodo Dashi \u00e8 un must in ogni dispensa giapponese e conferisce ai piatti tradizionali giapponesi una profondit\u00e0 aromatica unica. Ad esempio per Ramen, zuppa di Miso e Okonomiyaki.","_links":{"self":[{"href":"https:\/\/1mal1japan.de\/it\/wp-json\/wp\/v2\/product\/62941","targetHints":{"allow":["GET"]}}],"collection":[{"href":"https:\/\/1mal1japan.de\/it\/wp-json\/wp\/v2\/product"}],"about":[{"href":"https:\/\/1mal1japan.de\/it\/wp-json\/wp\/v2\/types\/product"}],"wp:featuredmedia":[{"embeddable":true,"href":"https:\/\/1mal1japan.de\/it\/wp-json\/wp\/v2\/media\/62942"}],"wp:attachment":[{"href":"https:\/\/1mal1japan.de\/it\/wp-json\/wp\/v2\/media?parent=62941"}],"wp:term":[{"taxonomy":"product_brand","embeddable":true,"href":"https:\/\/1mal1japan.de\/it\/wp-json\/wp\/v2\/product_brand?post=62941"},{"taxonomy":"product_cat","embeddable":true,"href":"https:\/\/1mal1japan.de\/it\/wp-json\/wp\/v2\/product_cat?post=62941"},{"taxonomy":"product_tag","embeddable":true,"href":"https:\/\/1mal1japan.de\/it\/wp-json\/wp\/v2\/product_tag?post=62941"}],"curies":[{"name":"wp","href":"https:\/\/api.w.org\/{rel}","templated":true}]}}