{"id":63019,"date":"2025-09-24T09:35:08","date_gmt":"2025-09-24T07:35:08","guid":{"rendered":"https:\/\/1mal1japan.de\/produkt\/hot-pot-sieb-%e2%8c%80-7-cm-portionssieb-fuer-shabu-shabu-fondue-edelstahl\/"},"modified":"2026-05-03T09:53:30","modified_gmt":"2026-05-03T07:53:30","slug":"hot-pot-sieb-%e2%8c%80-7-cm-portionssieb-fuer-shabu-shabu-fondue-edelstahl","status":"publish","type":"product","link":"https:\/\/1mal1japan.de\/it\/produkt\/hot-pot-sieb-%e2%8c%80-7-cm-portionssieb-fuer-shabu-shabu-fondue-edelstahl\/","title":{"rendered":"Colino per hot pot \u2300 7 cm (colino monoporzione per Shabu Shabu e fonduta, acciaio inossidabile)"},"content":{"rendered":"\n<div style=\"height:20px\" aria-hidden=\"true\" class=\"wp-block-spacer\"><\/div>\n\n<section class=\"wp-block-uagb-section uagb-section__wrap uagb-section__background-color uagb-block-5c35283d\"><div class=\"uagb-section__overlay\"><\/div><div class=\"uagb-section__inner-wrap\">\n<p class=\"has-ast-global-color-5-color has-text-color has-link-color wp-elements-faec89b1ff410dd2e0d370909ffebae6\">\u2705 Ideale per hot pot e Shabu Shabu<br\/>\u2705 Acciaio inossidabile e maneggevole: robusto, inossidabile e comodo da impugnare<br\/>\u2705 Utilizzo universale: adatto anche per la fonduta, ad es. per la fonduta di brodo, la fonduta di carne o persino per gli avanzi di Tempura in bagno d\u2019olio<br\/>\u2705 Facile da pulire: basta sciacquarlo con acqua calda o lavarlo in lavastoviglie.<br\/>\u2705 Accessorio indispensabile per le tue serate hot pot<\/p>\n<\/div><\/section>\n\n<h2 class=\"wp-block-heading\" id=\"wissen\">Cos&#8217;\u00e8 un colino per hot pot?<\/h2>\n\n<p>Un colino per hot pot \u00e8 uno speciale colino monoporzione in acciaio inossidabile che viene utilizzato per immergere e cuocere gli ingredienti in un brodo caldo comune (hot pot, Shabu Shabu o fonduta di brodo). Aiuta a cuocere ingredienti diversi separatamente, senza perderli nella pentola o mescolarli. Particolarmente pratico quando pi\u00f9 persone cucinano contemporaneamente a tavola.<\/p>\n\n\t\t\t<div class=\"wp-block-uagb-post-grid uagb-post-grid  uagb-post__image-position-top uagb-post__image-enabled uagb-block-27b66334     uagb-post__items uagb-post__columns-2 is-grid uagb-post__columns-tablet-2 uagb-post__columns-mobile-2 uagb-post__equal-height\" data-total=\"0\" style=\"\">\n\n\t\t\t\t\t\t\t\t\t<p class=\"uagb-post__no-posts\">\n\t\t\t\t\t\tNo post found!\t\t\t\t\t<\/p>\n\t\t\t\t\t\t\t\t<\/div>\n\t\t\t\n<div style=\"height:20px\" aria-hidden=\"true\" class=\"wp-block-spacer\"><\/div>\n\n<h2 class=\"wp-block-heading\" id=\"vorteile\">Perch\u00e9 vale la pena acquistarlo?<\/h2>\n\n<p>Che si tratti di hot pot coreano, Shabu Shabu giapponese o fonduta cinese: questo piccolo colino in acciaio inossidabile rende i tuoi pasti pi\u00f9 strutturati e igienici. Ogni ospite pu\u00f2 cuocere i propri ingredienti individualmente e mantenere il controllo sui tempi e sul gusto. Il colino \u00e8 resistente, poco ingombrante e facile da pulire: un must per tutti gli amanti dei piatti asiatici da tavola.<\/p>\n\n<div style=\"height:20px\" aria-hidden=\"true\" class=\"wp-block-spacer\"><\/div>\n\n<section class=\"wp-block-uagb-section uagb-section__wrap uagb-section__background-none uagb-block-6492d650\"><div class=\"uagb-section__overlay\"><\/div><div class=\"uagb-section__inner-wrap\">\n<section class=\"wp-block-uagb-section uagb-section__wrap uagb-section__background-none uagb-block-89760efc\"><div class=\"uagb-section__overlay\"><\/div><div class=\"uagb-section__inner-wrap\">\n<figure class=\"wp-block-image alignleft size-full is-resized\"><img decoding=\"async\" width=\"2000\" height=\"2000\" src=\"https:\/\/1mal1japan.de\/wp-content\/uploads\/2024\/01\/Logo-Onigiri-Reisball-2000px.png\" alt=\"\" class=\"wp-image-36793\" style=\"width:100px\" srcset=\"https:\/\/1mal1japan.de\/wp-content\/uploads\/2024\/01\/Logo-Onigiri-Reisball-2000px.png 2000w, https:\/\/1mal1japan.de\/wp-content\/uploads\/2024\/01\/Logo-Onigiri-Reisball-2000px-300x300.png 300w, https:\/\/1mal1japan.de\/wp-content\/uploads\/2024\/01\/Logo-Onigiri-Reisball-2000px-1024x1024.png 1024w, https:\/\/1mal1japan.de\/wp-content\/uploads\/2024\/01\/Logo-Onigiri-Reisball-2000px-150x150.png 150w, https:\/\/1mal1japan.de\/wp-content\/uploads\/2024\/01\/Logo-Onigiri-Reisball-2000px-768x768.png 768w, https:\/\/1mal1japan.de\/wp-content\/uploads\/2024\/01\/Logo-Onigiri-Reisball-2000px-1536x1536.png 1536w, https:\/\/1mal1japan.de\/wp-content\/uploads\/2024\/01\/Logo-Onigiri-Reisball-2000px-600x600.png 600w, https:\/\/1mal1japan.de\/wp-content\/uploads\/2024\/01\/Logo-Onigiri-Reisball-2000px-1200x1200.png 1200w, https:\/\/1mal1japan.de\/wp-content\/uploads\/2024\/01\/Logo-Onigiri-Reisball-2000px-100x100.png 100w\" sizes=\"(max-width: 2000px) 100vw, 2000px\" \/><\/figure>\n<\/div><\/section>\n\n\n\n<section class=\"wp-block-uagb-section uagb-section__wrap uagb-section__background-none uagb-block-6d656dd4\"><div class=\"uagb-section__overlay\"><\/div><div class=\"uagb-section__inner-wrap\">\n<h3 class=\"wp-block-heading has-text-align-left\" id=\"pflege-und-anwendung\" style=\"margin-top:0px;margin-bottom:0px\">Cura e utilizzo<\/h3>\n\n\n\n<ul class=\"wp-block-list\">\n<li><em>Prima del primo utilizzo, pulire accuratamente con acqua calda<\/em><\/li>\n\n\n\n<li><em>Dopo l&#8217;uso, lavare semplicemente con acqua calda e un po&#8217; di detersivo per piatti o in lavastoviglie<\/em><\/li>\n\n\n\n<li><em>Conservare in un luogo asciutto per una lunga durata<\/em><\/li>\n<\/ul>\n<\/div><\/section>\n<\/div><\/section>\n\n<div style=\"height:20px\" aria-hidden=\"true\" class=\"wp-block-spacer\"><\/div>\n\n<h2 class=\"wp-block-heading\" id=\"groesse\">Qual \u00e8 esattamente la dimensione del colino?<\/h2>\n\n<p>Ha un diametro di 7 cm ed \u00e8 quindi ideale per piccole porzioni nell&#8217;hot pot o nella fonduta.<\/p>\n\n<h2 class=\"wp-block-heading\" id=\"material\">Di che materiale \u00e8 fatto?<\/h2>\n\n<p>Di acciaio inossidabile: resistente, igienico e facile da pulire.<\/p>\n\n<h2 class=\"wp-block-heading\" id=\"rezepte\">Posso usare il colino anche per altri piatti?<\/h2>\n\n<p>S\u00ec! \u00c8 adatto anche per friggere piccole quantit\u00e0, per brodi, fonduta di formaggio o come colino per la preparazione del t\u00e8.<\/p>\n\n<h2 class=\"wp-block-heading\" id=\"h-deine-vorteile-und-unser-versprechen\">I tuoi vantaggi e la nostra promessa:<\/h2>\n\n<section class=\"wp-block-uagb-section uagb-section__wrap uagb-section__background-color uagb-block-85f7e9d2\"><div class=\"uagb-section__overlay\"><\/div><div class=\"uagb-section__inner-wrap\">\n<p>\u2764\ufe0f <strong>Veloce, semplice e affidabile:<\/strong> I clienti ci adorano! Con 4,9 stelle su 5 su Shopvote &#8211; dai un&#8217;occhiata <a href=\"https:\/\/www.shopvote.de\/bewertung_1mal1japan_de_23342.html\">qui alle recensioni dei nostri clienti<\/a>!<\/p>\n<\/div><\/section>\n\n<div style=\"height:20px\" aria-hidden=\"true\" class=\"wp-block-spacer\"><\/div>\n\n<section class=\"wp-block-uagb-section uagb-section__wrap uagb-section__background-color uagb-block-9e748e26\"><div class=\"uagb-section__overlay\"><\/div><div class=\"uagb-section__inner-wrap\">\n<p>\ud83c\udf31 <strong>Acquisti sostenibili:<\/strong> Spedizioni a impatto zero, imballaggi ecologici, fatture digitali di default.<\/p>\n<\/div><\/section>\n\n<div style=\"height:20px\" aria-hidden=\"true\" class=\"wp-block-spacer\"><\/div>\n\n<section class=\"wp-block-uagb-section uagb-section__wrap uagb-section__background-color uagb-block-11f9fc83\"><div class=\"uagb-section__overlay\"><\/div><div class=\"uagb-section__inner-wrap\">\n<p><strong>\ud83d\udd12 Acquisti al 100% senza rischi:<\/strong> Nessun importo minimo d&#8217;ordine, spedizione gratuita in Germania a partire da 59 \u20ac di spesa + diritto di recesso di 30 giorni con reso gratuito.<\/p>\n<\/div><\/section>\n\n<div style=\"height:20px\" aria-hidden=\"true\" class=\"wp-block-spacer\"><\/div>\n\n<section class=\"wp-block-uagb-section uagb-section__wrap uagb-section__background-color uagb-block-5b55bd83\"><div class=\"uagb-section__overlay\"><\/div><div class=\"uagb-section__inner-wrap\">\n<p>\ud83e\udd62 <strong>I migliori ingredienti per la tua esperienza culinaria e gustativa: <\/strong>Prodotti selezionati a mano che ci convincono personalmente in base a quattro criteri: (1) gusto, (2) autenticit\u00e0, (3) prezzo e (4) disponibilit\u00e0.<\/p>\n<\/div><\/section>\n\n<div style=\"height:20px\" aria-hidden=\"true\" class=\"wp-block-spacer\"><\/div>\n\n<section class=\"wp-block-uagb-section uagb-section__wrap uagb-section__background-color uagb-block-94ed5912\"><div class=\"uagb-section__overlay\"><\/div><div class=\"uagb-section__inner-wrap\">\n<p>\ud83d\udc4d <strong>Approfitta della nostra pluriennale esperienza<\/strong>: 1mal1japan.de esiste gi\u00e0 dal 2016. Da allora abbiamo avuto il piacere di accogliere milioni di visitatori sul nostro blog e nel nostro Shop e di servire oltre 50.000 clienti soddisfatti. Grazie di cuore a tutti i lettori e ai fan!<\/p>\n<\/div><\/section>\n","protected":false},"excerpt":{"rendered":"<p>Pratico colino per hot pot (\u00d8 7 cm) in acciaio inossidabile \u2013 ideale per Shabu Shabu, fonduta e piatti a base di brodo. Porziona carne, verdure o pasta direttamente nella pentola. Lavabile in lavastoviglie e versatile.<\/p>\n","protected":false},"featured_media":63020,"template":"","meta":{"_uag_custom_page_level_css":"","site-sidebar-layout":"default","site-content-layout":"","ast-site-content-layout":"default","site-content-style":"default","site-sidebar-style":"default","ast-global-header-display":"","ast-banner-title-visibility":"","ast-main-header-display":"","ast-hfb-above-header-display":"","ast-hfb-below-header-display":"","ast-hfb-mobile-header-display":"","site-post-title":"","ast-breadcrumbs-content":"","ast-featured-img":"","footer-sml-layout":"","ast-disable-related-posts":"","theme-transparent-header-meta":"","adv-header-id-meta":"","stick-header-meta":"","header-above-stick-meta":"","header-main-stick-meta":"","header-below-stick-meta":"","astra-migrate-meta-layouts":"default","ast-page-background-enabled":"default","ast-page-background-meta":{"desktop":{"background-color":"","background-image":"","background-repeat":"repeat","background-position":"center center","background-size":"auto","background-attachment":"scroll","background-type":"","background-media":"","overlay-type":"","overlay-color":"","overlay-opacity":"","overlay-gradient":""},"tablet":{"background-color":"","background-image":"","background-repeat":"repeat","background-position":"center center","background-size":"auto","background-attachment":"scroll","background-type":"","background-media":"","overlay-type":"","overlay-color":"","overlay-opacity":"","overlay-gradient":""},"mobile":{"background-color":"","background-image":"","background-repeat":"repeat","background-position":"center center","background-size":"auto","background-attachment":"scroll","background-type":"","background-media":"","overlay-type":"","overlay-color":"","overlay-opacity":"","overlay-gradient":""}},"ast-content-background-meta":{"desktop":{"background-color":"var(--ast-global-color-5)","background-image":"","background-repeat":"repeat","background-position":"center center","background-size":"auto","background-attachment":"scroll","background-type":"","background-media":"","overlay-type":"","overlay-color":"","overlay-opacity":"","overlay-gradient":""},"tablet":{"background-color":"var(--ast-global-color-5)","background-image":"","background-repeat":"repeat","background-position":"center center","background-size":"auto","background-attachment":"scroll","background-type":"","background-media":"","overlay-type":"","overlay-color":"","overlay-opacity":"","overlay-gradient":""},"mobile":{"background-color":"var(--ast-global-color-5)","background-image":"","background-repeat":"repeat","background-position":"center center","background-size":"auto","background-attachment":"scroll","background-type":"","background-media":"","overlay-type":"","overlay-color":"","overlay-opacity":"","overlay-gradient":""}}},"product_brand":[],"product_cat":[1617,1557,1624],"product_tag":[1629],"class_list":{"0":"post-63019","1":"product","2":"type-product","3":"status-publish","4":"has-post-thumbnail","6":"product_cat-neuheiten","7":"product_cat-tutti-i-prodotti","8":"product_cat-utensilien-zubehoer","9":"product_tag-ramen","10":"desktop-align-left","11":"tablet-align-left","12":"mobile-align-left","13":"ast-product-gallery-layout-horizontal-slider","14":"ast-magnify-disabled","15":"ast-product-tabs-layout-horizontal","17":"first","18":"instock","19":"taxable","20":"shipping-taxable","21":"purchasable","22":"product-type-simple"},"yoast_head":"<!-- This site is optimized with the Yoast SEO Premium plugin v27.5 (Yoast SEO v27.5) - https:\/\/yoast.com\/product\/yoast-seo-premium-wordpress\/ -->\n<title>Colino per hot pot \u2300 11,5 cm (per Shabu Shabu e fonduta) | 1mal1japan<\/title>\n<meta name=\"description\" content=\"I\u27a1 Acquista il colino per hot pot \u2714 Acciaio inossidabile \u00d8 7 cm \u2714 Ideale per Shabu Shabu e fonduta in brodo \u2714 Igienico e lavabile in lavastoviglie \u2714 Consegna rapida!\" \/>\n<meta name=\"robots\" content=\"index, follow, max-snippet:-1, max-image-preview:large, max-video-preview:-1\" \/>\n<link rel=\"canonical\" href=\"https:\/\/1mal1japan.de\/it\/produkt\/hot-pot-sieb-%e2%8c%80-7-cm-portionssieb-fuer-shabu-shabu-fondue-edelstahl\/\" \/>\n<meta property=\"og:locale\" content=\"it_IT\" \/>\n<meta property=\"og:type\" content=\"article\" \/>\n<meta property=\"og:title\" content=\"Colino per hot pot \u2300 7 cm (colino monoporzione per Shabu Shabu e fonduta, acciaio inossidabile)\" \/>\n<meta property=\"og:description\" content=\"Pratico colino per hot pot (\u00d8 7 cm) in acciaio inossidabile \u2013 ideale per Shabu Shabu, fonduta e piatti a base di brodo. Porziona carne, verdure o pasta direttamente nella pentola. Lavabile in lavastoviglie e versatile.\" \/>\n<meta property=\"og:url\" content=\"https:\/\/1mal1japan.de\/it\/produkt\/hot-pot-sieb-%e2%8c%80-7-cm-portionssieb-fuer-shabu-shabu-fondue-edelstahl\/\" \/>\n<meta property=\"og:site_name\" content=\"1mal1japan.de\" \/>\n<meta property=\"article:modified_time\" content=\"2026-05-03T07:53:30+00:00\" \/>\n<meta property=\"og:image\" content=\"https:\/\/1mal1japan.de\/wp-content\/uploads\/2025\/09\/Hot-Pot-Sieb-1.jpg\" \/>\n\t<meta property=\"og:image:width\" content=\"800\" \/>\n\t<meta property=\"og:image:height\" content=\"800\" \/>\n\t<meta property=\"og:image:type\" content=\"image\/jpeg\" \/>\n<script type=\"application\/ld+json\" class=\"yoast-schema-graph\">{\"@context\":\"https:\\\/\\\/schema.org\",\"@graph\":[{\"@type\":\"WebPage\",\"@id\":\"https:\\\/\\\/1mal1japan.de\\\/it\\\/produkt\\\/hot-pot-sieb-%e2%8c%80-7-cm-portionssieb-fuer-shabu-shabu-fondue-edelstahl\\\/\",\"url\":\"https:\\\/\\\/1mal1japan.de\\\/it\\\/produkt\\\/hot-pot-sieb-%e2%8c%80-7-cm-portionssieb-fuer-shabu-shabu-fondue-edelstahl\\\/\",\"name\":\"Colino per hot pot \u2300 11,5 cm (per Shabu Shabu e fonduta) | 1mal1japan\",\"isPartOf\":{\"@id\":\"https:\\\/\\\/1mal1japan.de\\\/it\\\/#website\"},\"primaryImageOfPage\":{\"@id\":\"https:\\\/\\\/1mal1japan.de\\\/it\\\/produkt\\\/hot-pot-sieb-%e2%8c%80-7-cm-portionssieb-fuer-shabu-shabu-fondue-edelstahl\\\/#primaryimage\"},\"image\":{\"@id\":\"https:\\\/\\\/1mal1japan.de\\\/it\\\/produkt\\\/hot-pot-sieb-%e2%8c%80-7-cm-portionssieb-fuer-shabu-shabu-fondue-edelstahl\\\/#primaryimage\"},\"thumbnailUrl\":\"https:\\\/\\\/1mal1japan.de\\\/wp-content\\\/uploads\\\/2025\\\/09\\\/Hot-Pot-Sieb-1.jpg\",\"datePublished\":\"2025-09-24T07:35:08+00:00\",\"dateModified\":\"2026-05-03T07:53:30+00:00\",\"description\":\"I\u27a1 Acquista il colino per hot pot \u2714 Acciaio inossidabile \u00d8 7 cm \u2714 Ideale per Shabu Shabu e fonduta in brodo \u2714 Igienico e lavabile in lavastoviglie \u2714 Consegna rapida!\",\"breadcrumb\":{\"@id\":\"https:\\\/\\\/1mal1japan.de\\\/it\\\/produkt\\\/hot-pot-sieb-%e2%8c%80-7-cm-portionssieb-fuer-shabu-shabu-fondue-edelstahl\\\/#breadcrumb\"},\"inLanguage\":\"it-IT\",\"potentialAction\":[{\"@type\":\"ReadAction\",\"target\":[\"https:\\\/\\\/1mal1japan.de\\\/it\\\/produkt\\\/hot-pot-sieb-%e2%8c%80-7-cm-portionssieb-fuer-shabu-shabu-fondue-edelstahl\\\/\"]}]},{\"@type\":\"ImageObject\",\"inLanguage\":\"it-IT\",\"@id\":\"https:\\\/\\\/1mal1japan.de\\\/it\\\/produkt\\\/hot-pot-sieb-%e2%8c%80-7-cm-portionssieb-fuer-shabu-shabu-fondue-edelstahl\\\/#primaryimage\",\"url\":\"https:\\\/\\\/1mal1japan.de\\\/wp-content\\\/uploads\\\/2025\\\/09\\\/Hot-Pot-Sieb-1.jpg\",\"contentUrl\":\"https:\\\/\\\/1mal1japan.de\\\/wp-content\\\/uploads\\\/2025\\\/09\\\/Hot-Pot-Sieb-1.jpg\",\"width\":800,\"height\":800,\"caption\":\"Colino per Hot Pot\"},{\"@type\":\"BreadcrumbList\",\"@id\":\"https:\\\/\\\/1mal1japan.de\\\/it\\\/produkt\\\/hot-pot-sieb-%e2%8c%80-7-cm-portionssieb-fuer-shabu-shabu-fondue-edelstahl\\\/#breadcrumb\",\"itemListElement\":[{\"@type\":\"ListItem\",\"position\":1,\"name\":\"Startseite\",\"item\":\"https:\\\/\\\/1mal1japan.de\\\/it\\\/\"},{\"@type\":\"ListItem\",\"position\":2,\"name\":\"Negozio\",\"item\":\"https:\\\/\\\/1mal1japan.de\\\/it\\\/shop\\\/\"},{\"@type\":\"ListItem\",\"position\":3,\"name\":\"Colino per hot pot \u2300 7 cm (colino monoporzione per Shabu Shabu e fonduta, acciaio inossidabile)\"}]},{\"@type\":\"WebSite\",\"@id\":\"https:\\\/\\\/1mal1japan.de\\\/it\\\/#website\",\"url\":\"https:\\\/\\\/1mal1japan.de\\\/it\\\/\",\"name\":\"1mal1japan.de\",\"description\":\"japanisch kochen &amp; einkaufen\",\"publisher\":{\"@id\":\"https:\\\/\\\/1mal1japan.de\\\/it\\\/#\\\/schema\\\/person\\\/3b6eab913fce9065523e927d88b032b0\"},\"potentialAction\":[{\"@type\":\"SearchAction\",\"target\":{\"@type\":\"EntryPoint\",\"urlTemplate\":\"https:\\\/\\\/1mal1japan.de\\\/it\\\/?s={search_term_string}\"},\"query-input\":{\"@type\":\"PropertyValueSpecification\",\"valueRequired\":true,\"valueName\":\"search_term_string\"}}],\"inLanguage\":\"it-IT\"},{\"@type\":[\"Person\",\"Organization\"],\"@id\":\"https:\\\/\\\/1mal1japan.de\\\/it\\\/#\\\/schema\\\/person\\\/3b6eab913fce9065523e927d88b032b0\",\"name\":\"Elisa\",\"image\":{\"@type\":\"ImageObject\",\"inLanguage\":\"it-IT\",\"@id\":\"https:\\\/\\\/1mal1japan.de\\\/wp-content\\\/uploads\\\/2018\\\/09\\\/Profilbild_Elisa.png\",\"url\":\"https:\\\/\\\/1mal1japan.de\\\/wp-content\\\/uploads\\\/2018\\\/09\\\/Profilbild_Elisa.png\",\"contentUrl\":\"https:\\\/\\\/1mal1japan.de\\\/wp-content\\\/uploads\\\/2018\\\/09\\\/Profilbild_Elisa.png\",\"width\":200,\"height\":200,\"caption\":\"Elisa\"},\"logo\":{\"@id\":\"https:\\\/\\\/1mal1japan.de\\\/wp-content\\\/uploads\\\/2018\\\/09\\\/Profilbild_Elisa.png\"}}]}<\/script>\n<meta property=\"product:brand\" content=\"Remo\" \/>\n<meta property=\"product:price:amount\" content=\"1.49\" \/>\n<meta property=\"product:price:currency\" content=\"EUR\" \/>\n<meta property=\"og:availability\" content=\"instock\" \/>\n<meta property=\"product:availability\" content=\"instock\" \/>\n<meta property=\"product:retailer_item_id\" content=\"2062\" \/>\n<meta property=\"product:condition\" content=\"new\" \/>\n<!-- \/ Yoast SEO Premium plugin. -->","yoast_head_json":{"title":"Colino per hot pot \u2300 11,5 cm (per Shabu Shabu e fonduta) | 1mal1japan","description":"I\u27a1 Acquista il colino per hot pot \u2714 Acciaio inossidabile \u00d8 7 cm \u2714 Ideale per Shabu Shabu e fonduta in brodo \u2714 Igienico e lavabile in lavastoviglie \u2714 Consegna rapida!","robots":{"index":"index","follow":"follow","max-snippet":"max-snippet:-1","max-image-preview":"max-image-preview:large","max-video-preview":"max-video-preview:-1"},"canonical":"https:\/\/1mal1japan.de\/it\/produkt\/hot-pot-sieb-%e2%8c%80-7-cm-portionssieb-fuer-shabu-shabu-fondue-edelstahl\/","og_locale":"it_IT","og_type":"article","og_title":"Colino per hot pot \u2300 7 cm (colino monoporzione per Shabu Shabu e fonduta, acciaio inossidabile)","og_description":"Pratico colino per hot pot (\u00d8 7 cm) in acciaio inossidabile \u2013 ideale per Shabu Shabu, fonduta e piatti a base di brodo. Porziona carne, verdure o pasta direttamente nella pentola. Lavabile in lavastoviglie e versatile.","og_url":"https:\/\/1mal1japan.de\/it\/produkt\/hot-pot-sieb-%e2%8c%80-7-cm-portionssieb-fuer-shabu-shabu-fondue-edelstahl\/","og_site_name":"1mal1japan.de","article_modified_time":"2026-05-03T07:53:30+00:00","og_image":[{"width":800,"height":800,"url":"https:\/\/1mal1japan.de\/wp-content\/uploads\/2025\/09\/Hot-Pot-Sieb-1.jpg","type":"image\/jpeg"}],"schema":{"@context":"https:\/\/schema.org","@graph":[{"@type":"WebPage","@id":"https:\/\/1mal1japan.de\/it\/produkt\/hot-pot-sieb-%e2%8c%80-7-cm-portionssieb-fuer-shabu-shabu-fondue-edelstahl\/","url":"https:\/\/1mal1japan.de\/it\/produkt\/hot-pot-sieb-%e2%8c%80-7-cm-portionssieb-fuer-shabu-shabu-fondue-edelstahl\/","name":"Colino per hot pot \u2300 11,5 cm (per Shabu Shabu e fonduta) | 1mal1japan","isPartOf":{"@id":"https:\/\/1mal1japan.de\/it\/#website"},"primaryImageOfPage":{"@id":"https:\/\/1mal1japan.de\/it\/produkt\/hot-pot-sieb-%e2%8c%80-7-cm-portionssieb-fuer-shabu-shabu-fondue-edelstahl\/#primaryimage"},"image":{"@id":"https:\/\/1mal1japan.de\/it\/produkt\/hot-pot-sieb-%e2%8c%80-7-cm-portionssieb-fuer-shabu-shabu-fondue-edelstahl\/#primaryimage"},"thumbnailUrl":"https:\/\/1mal1japan.de\/wp-content\/uploads\/2025\/09\/Hot-Pot-Sieb-1.jpg","datePublished":"2025-09-24T07:35:08+00:00","dateModified":"2026-05-03T07:53:30+00:00","description":"I\u27a1 Acquista il colino per hot pot \u2714 Acciaio inossidabile \u00d8 7 cm \u2714 Ideale per Shabu Shabu e fonduta in brodo \u2714 Igienico e lavabile in lavastoviglie \u2714 Consegna rapida!","breadcrumb":{"@id":"https:\/\/1mal1japan.de\/it\/produkt\/hot-pot-sieb-%e2%8c%80-7-cm-portionssieb-fuer-shabu-shabu-fondue-edelstahl\/#breadcrumb"},"inLanguage":"it-IT","potentialAction":[{"@type":"ReadAction","target":["https:\/\/1mal1japan.de\/it\/produkt\/hot-pot-sieb-%e2%8c%80-7-cm-portionssieb-fuer-shabu-shabu-fondue-edelstahl\/"]}]},{"@type":"ImageObject","inLanguage":"it-IT","@id":"https:\/\/1mal1japan.de\/it\/produkt\/hot-pot-sieb-%e2%8c%80-7-cm-portionssieb-fuer-shabu-shabu-fondue-edelstahl\/#primaryimage","url":"https:\/\/1mal1japan.de\/wp-content\/uploads\/2025\/09\/Hot-Pot-Sieb-1.jpg","contentUrl":"https:\/\/1mal1japan.de\/wp-content\/uploads\/2025\/09\/Hot-Pot-Sieb-1.jpg","width":800,"height":800,"caption":"Colino per Hot Pot"},{"@type":"BreadcrumbList","@id":"https:\/\/1mal1japan.de\/it\/produkt\/hot-pot-sieb-%e2%8c%80-7-cm-portionssieb-fuer-shabu-shabu-fondue-edelstahl\/#breadcrumb","itemListElement":[{"@type":"ListItem","position":1,"name":"Startseite","item":"https:\/\/1mal1japan.de\/it\/"},{"@type":"ListItem","position":2,"name":"Negozio","item":"https:\/\/1mal1japan.de\/it\/shop\/"},{"@type":"ListItem","position":3,"name":"Colino per hot pot \u2300 7 cm (colino monoporzione per Shabu Shabu e fonduta, acciaio inossidabile)"}]},{"@type":"WebSite","@id":"https:\/\/1mal1japan.de\/it\/#website","url":"https:\/\/1mal1japan.de\/it\/","name":"1mal1japan.de","description":"japanisch kochen &amp; einkaufen","publisher":{"@id":"https:\/\/1mal1japan.de\/it\/#\/schema\/person\/3b6eab913fce9065523e927d88b032b0"},"potentialAction":[{"@type":"SearchAction","target":{"@type":"EntryPoint","urlTemplate":"https:\/\/1mal1japan.de\/it\/?s={search_term_string}"},"query-input":{"@type":"PropertyValueSpecification","valueRequired":true,"valueName":"search_term_string"}}],"inLanguage":"it-IT"},{"@type":["Person","Organization"],"@id":"https:\/\/1mal1japan.de\/it\/#\/schema\/person\/3b6eab913fce9065523e927d88b032b0","name":"Elisa","image":{"@type":"ImageObject","inLanguage":"it-IT","@id":"https:\/\/1mal1japan.de\/wp-content\/uploads\/2018\/09\/Profilbild_Elisa.png","url":"https:\/\/1mal1japan.de\/wp-content\/uploads\/2018\/09\/Profilbild_Elisa.png","contentUrl":"https:\/\/1mal1japan.de\/wp-content\/uploads\/2018\/09\/Profilbild_Elisa.png","width":200,"height":200,"caption":"Elisa"},"logo":{"@id":"https:\/\/1mal1japan.de\/wp-content\/uploads\/2018\/09\/Profilbild_Elisa.png"}}]},"product_brand":"Remo","product_price_amount":"1.49","product_price_currency":"EUR","og_availability":"instock","product_availability":"instock","product_retailer_item_id":"2062","product_condition":"new"},"uagb_featured_image_src":{"full":["https:\/\/1mal1japan.de\/wp-content\/uploads\/2025\/09\/Hot-Pot-Sieb-1.jpg",800,800,false],"thumbnail":["https:\/\/1mal1japan.de\/wp-content\/uploads\/2025\/09\/Hot-Pot-Sieb-1-150x150.jpg",150,150,true],"medium":["https:\/\/1mal1japan.de\/wp-content\/uploads\/2025\/09\/Hot-Pot-Sieb-1-300x300.jpg",300,300,true],"medium_large":["https:\/\/1mal1japan.de\/wp-content\/uploads\/2025\/09\/Hot-Pot-Sieb-1-768x768.jpg",768,768,true],"large":["https:\/\/1mal1japan.de\/wp-content\/uploads\/2025\/09\/Hot-Pot-Sieb-1.jpg",800,800,false],"1536x1536":["https:\/\/1mal1japan.de\/wp-content\/uploads\/2025\/09\/Hot-Pot-Sieb-1.jpg",800,800,false],"2048x2048":["https:\/\/1mal1japan.de\/wp-content\/uploads\/2025\/09\/Hot-Pot-Sieb-1.jpg",800,800,false],"woocommerce_thumbnail":["https:\/\/1mal1japan.de\/wp-content\/uploads\/2025\/09\/Hot-Pot-Sieb-1-600x600.jpg",600,600,true],"woocommerce_single":["https:\/\/1mal1japan.de\/wp-content\/uploads\/2025\/09\/Hot-Pot-Sieb-1.jpg",800,800,false],"woocommerce_gallery_thumbnail":["https:\/\/1mal1japan.de\/wp-content\/uploads\/2025\/09\/Hot-Pot-Sieb-1-100x100.jpg",100,100,true]},"uagb_author_info":{"display_name":"kiwi19901","author_link":"https:\/\/1mal1japan.de\/it\/author\/"},"uagb_comment_info":0,"uagb_excerpt":"Pratico colino per hot pot (\u00d8 7 cm) in acciaio inossidabile \u2013 ideale per Shabu Shabu, fonduta e piatti a base di brodo. Porziona carne, verdure o pasta direttamente nella pentola. Lavabile in lavastoviglie e versatile.","_links":{"self":[{"href":"https:\/\/1mal1japan.de\/it\/wp-json\/wp\/v2\/product\/63019","targetHints":{"allow":["GET"]}}],"collection":[{"href":"https:\/\/1mal1japan.de\/it\/wp-json\/wp\/v2\/product"}],"about":[{"href":"https:\/\/1mal1japan.de\/it\/wp-json\/wp\/v2\/types\/product"}],"wp:featuredmedia":[{"embeddable":true,"href":"https:\/\/1mal1japan.de\/it\/wp-json\/wp\/v2\/media\/63020"}],"wp:attachment":[{"href":"https:\/\/1mal1japan.de\/it\/wp-json\/wp\/v2\/media?parent=63019"}],"wp:term":[{"taxonomy":"product_brand","embeddable":true,"href":"https:\/\/1mal1japan.de\/it\/wp-json\/wp\/v2\/product_brand?post=63019"},{"taxonomy":"product_cat","embeddable":true,"href":"https:\/\/1mal1japan.de\/it\/wp-json\/wp\/v2\/product_cat?post=63019"},{"taxonomy":"product_tag","embeddable":true,"href":"https:\/\/1mal1japan.de\/it\/wp-json\/wp\/v2\/product_tag?post=63019"}],"curies":[{"name":"wp","href":"https:\/\/api.w.org\/{rel}","templated":true}]}}