{"id":63032,"date":"2025-09-24T09:12:25","date_gmt":"2025-09-24T07:12:25","guid":{"rendered":"https:\/\/1mal1japan.de\/produkt\/hot-pot-suppenbasis-hot-spicy-70g-scharfe-hotpot-sauce-sichuan-style-lee-kum-kee\/"},"modified":"2026-04-28T08:46:04","modified_gmt":"2026-04-28T06:46:04","slug":"hot-pot-suppenbasis-hot-spicy-70g-scharfe-hotpot-sauce-sichuan-style-lee-kum-kee","status":"publish","type":"product","link":"https:\/\/1mal1japan.de\/it\/produkt\/hot-pot-suppenbasis-hot-spicy-70g-scharfe-hotpot-sauce-sichuan-style-lee-kum-kee\/","title":{"rendered":"Base per brodo Hot Pot Hot &amp; Spicy 70 g (salsa piccante per hot pot, stile Sichuan), Lee Kum Kee"},"content":{"rendered":"\n<div style=\"height:20px\" aria-hidden=\"true\" class=\"wp-block-spacer\"><\/div>\n\n<section class=\"wp-block-uagb-section uagb-section__wrap uagb-section__background-color uagb-block-5c35283d\"><div class=\"uagb-section__overlay\"><\/div><div class=\"uagb-section__inner-wrap\">\n<p class=\"has-ast-global-color-5-color has-text-color has-link-color wp-elements-dd5f33cd01d887eab7e4563587f61499\">\u2705 Autentico brodo per hotpot in stile Sichuan dal gusto piccante e intenso<br\/>\u2705 Tipicamente piccante e aromatico con peperoncino, pepe di Sichuan e fagioli fermentati<br\/>\u2705 Versatile, ideale per l&#8217;hotpot cinese, zuppe o per insaporire brodi, stufati e piatti saltati in padella<br\/>\u2705 Veloce da preparare: basta portarla a ebollizione con acqua e aggiungere gli ingredienti desiderati<br\/>\u2705 Prodotto di marca collaudato di Lee Kum Kee, leader asiatico nel mercato delle salse e specialit\u00e0 cinesi autentiche<\/p>\n<\/div><\/section>\n\n<h2 class=\"wp-block-heading\" id=\"wissen\">Cos&#8217;\u00e8 la base per zuppa hot pot hot &amp; spicy?<\/h2>\n\n<p>La base per zuppa Hot Pot \u201cHot &amp; Spicy\u201d di Lee Kum Kee \u00e8 una pasta di spezie concentrata per la preparazione delle classiche pentole cinesi in stile Sichuan. La pasta contiene ingredienti aromatici come peperoncino, pepe di Sichuan, aglio, soia fermentata e oli aromatici \u2013 per un brodo piccante e corposo con la tipica nota \u201cMala\u201d: piccante e intensamente speziato.<\/p>\n\n<p>Basta aggiungere la pasta con acqua nella pentola, portarla brevemente a ebollizione e potrai subito cuocere i tuoi ingredienti preferiti come carne tagliata sottile, Tofu, pasta o verdure. La base \u00e8 ideale anche per piatti piccanti a base di pasta o verdure.<\/p>\n\n<p>Un must per gli appassionati della cucina autentica del Sichuan: porzionata in modo pratico, veloce da preparare, ricca di sapore.<\/p>\n\n<h2 class=\"wp-block-heading\" id=\"zubereitung\">Come si prepara la base per zuppa Hotpot?<\/h2>\n\n<p>L&#8217;utilizzo \u00e8 semplicissimo: versa l&#8217;intero contenuto della confezione in una pentola con circa 500-600 ml di acqua. Porta a ebollizione, mescola \u2013 e il tuo brodo piccante \u00e8 pronto per tutti gli ingredienti che preferisci. Che si tratti di un classico hotpot da tavola o di una veloce zuppa per uno spuntino: questa pasta porta lo stile Sichuan direttamente nella tua cucina.<\/p>\n\n<h2 class=\"wp-block-heading\" id=\"verwendung\">Quanto \u00e8 piccante il brodo e cosa ci si abbina?<\/h2>\n\n<p>Il grado di piccantezza va da medio a forte, proprio nello stile della famosa cucina Sichuan. Chi preferisce un gusto pi\u00f9 delicato pu\u00f2 diluire il brodo con pi\u00f9 acqua o accompagnarlo con una salsa di sesamo delicata. Per un&#8217;esperienza hotpot completa, consigliamo ingredienti freschi come funghi, cavolo cinese, spaghetti di riso, Tofu, polpette di pesce o fettine sottilissime di carne, tutto ci\u00f2 che puoi aggiungere al brodo bollente e gustare direttamente a tavola.<\/p>\n\n\t\t\t<div class=\"wp-block-uagb-post-grid uagb-post-grid  uagb-post__image-position-top uagb-post__image-enabled uagb-block-27b66334     uagb-post__items uagb-post__columns-2 is-grid uagb-post__columns-tablet-2 uagb-post__columns-mobile-2 uagb-post__equal-height\" data-total=\"0\" style=\"\">\n\n\t\t\t\t\t\t\t\t\t<p class=\"uagb-post__no-posts\">\n\t\t\t\t\t\tNo post found!\t\t\t\t\t<\/p>\n\t\t\t\t\t\t\t\t<\/div>\n\t\t\t\n<div style=\"height:20px\" aria-hidden=\"true\" class=\"wp-block-spacer\"><\/div>\n\n<h2 class=\"wp-block-heading\" id=\"lagerung\">Quanto contiene una confezione e come la conservo?<\/h2>\n\n<p>La confezione da 70 g \u00e8 sufficiente per circa 2-3 porzioni di hotpot. Perfetta quindi per una serata in coppia o per un piccolo spuntino a base di hotpot. Se non aperta, la pasta si conserva a lungo, basta tenerla in un luogo fresco e asciutto. Una volta aperta, conservala in frigorifero e consumala entro pochi giorni.<\/p>\n\n<h2 class=\"wp-block-heading\" id=\"kaufen\">I tuoi vantaggi e la nostra promessa:<\/h2>\n\n<section class=\"wp-block-uagb-section uagb-section__wrap uagb-section__background-color uagb-block-85f7e9d2\"><div class=\"uagb-section__overlay\"><\/div><div class=\"uagb-section__inner-wrap\">\n<p>\u2764\ufe0f <strong>Veloce, semplice e affidabile:<\/strong> I clienti ci adorano! Con 4,9 stelle su 5 su Shopvote &#8211; dai un&#8217;occhiata <a href=\"https:\/\/www.shopvote.de\/bewertung_1mal1japan_de_23342.html\">qui alle recensioni dei nostri clienti<\/a>!<\/p>\n<\/div><\/section>\n\n<div style=\"height:20px\" aria-hidden=\"true\" class=\"wp-block-spacer\"><\/div>\n\n<section class=\"wp-block-uagb-section uagb-section__wrap uagb-section__background-color uagb-block-9e748e26\"><div class=\"uagb-section__overlay\"><\/div><div class=\"uagb-section__inner-wrap\">\n<p>\ud83c\udf31 <strong>Acquisti sostenibili:<\/strong> Spedizioni a impatto zero, imballaggi ecologici, fatture digitali di default.<\/p>\n<\/div><\/section>\n\n<div style=\"height:20px\" aria-hidden=\"true\" class=\"wp-block-spacer\"><\/div>\n\n<section class=\"wp-block-uagb-section uagb-section__wrap uagb-section__background-color uagb-block-11f9fc83\"><div class=\"uagb-section__overlay\"><\/div><div class=\"uagb-section__inner-wrap\">\n<p><strong>\ud83d\udd12 Acquisti al 100% senza rischi:<\/strong> Nessun importo minimo d&#8217;ordine, spedizione gratuita in Germania a partire da 59 \u20ac di spesa + diritto di recesso di 30 giorni con reso gratuito.<\/p>\n<\/div><\/section>\n\n<div style=\"height:20px\" aria-hidden=\"true\" class=\"wp-block-spacer\"><\/div>\n\n<section class=\"wp-block-uagb-section uagb-section__wrap uagb-section__background-color uagb-block-5b55bd83\"><div class=\"uagb-section__overlay\"><\/div><div class=\"uagb-section__inner-wrap\">\n<p>\ud83e\udd62 <strong>I migliori ingredienti per la tua esperienza culinaria e gustativa: <\/strong>Prodotti selezionati a mano che ci convincono personalmente in base a quattro criteri: (1) gusto, (2) autenticit\u00e0, (3) prezzo e (4) disponibilit\u00e0.<\/p>\n<\/div><\/section>\n\n<div style=\"height:20px\" aria-hidden=\"true\" class=\"wp-block-spacer\"><\/div>\n\n<section class=\"wp-block-uagb-section uagb-section__wrap uagb-section__background-color uagb-block-94ed5912\"><div class=\"uagb-section__overlay\"><\/div><div class=\"uagb-section__inner-wrap\">\n<p>\ud83d\udc4d <strong>Approfitta della nostra pluriennale esperienza<\/strong>: 1mal1japan.de esiste gi\u00e0 dal 2016. Da allora abbiamo avuto il piacere di accogliere milioni di visitatori sul nostro blog e nel nostro Shop e di servire oltre 50.000 clienti soddisfatti. Grazie di cuore a tutti i lettori e ai fan!<\/p>\n<\/div><\/section>\n","protected":false},"excerpt":{"rendered":"<p>Brodo originale cinese per hot pot in stile Sichuan con peperoncino, pepe e spezie fermentate. Dosi per 2-3 porzioni, facile da preparare e ideale per chi ama i brodi piccanti. Prodotto da Lee Kum Kee.<\/p>\n","protected":false},"featured_media":63033,"template":"","meta":{"_uag_custom_page_level_css":"","site-sidebar-layout":"default","site-content-layout":"default","ast-site-content-layout":"default","site-content-style":"default","site-sidebar-style":"default","ast-global-header-display":"","ast-banner-title-visibility":"","ast-main-header-display":"","ast-hfb-above-header-display":"","ast-hfb-below-header-display":"","ast-hfb-mobile-header-display":"","site-post-title":"","ast-breadcrumbs-content":"","ast-featured-img":"","footer-sml-layout":"","ast-disable-related-posts":"","theme-transparent-header-meta":"default","adv-header-id-meta":"","stick-header-meta":"default","header-above-stick-meta":"","header-main-stick-meta":"","header-below-stick-meta":"","astra-migrate-meta-layouts":"default","ast-page-background-enabled":"default","ast-page-background-meta":{"desktop":{"background-color":"","background-image":"","background-repeat":"repeat","background-position":"center center","background-size":"auto","background-attachment":"scroll","background-type":"","background-media":"","overlay-type":"","overlay-color":"","overlay-opacity":"","overlay-gradient":""},"tablet":{"background-color":"","background-image":"","background-repeat":"repeat","background-position":"center center","background-size":"auto","background-attachment":"scroll","background-type":"","background-media":"","overlay-type":"","overlay-color":"","overlay-opacity":"","overlay-gradient":""},"mobile":{"background-color":"","background-image":"","background-repeat":"repeat","background-position":"center center","background-size":"auto","background-attachment":"scroll","background-type":"","background-media":"","overlay-type":"","overlay-color":"","overlay-opacity":"","overlay-gradient":""}},"ast-content-background-meta":{"desktop":{"background-color":"var(--ast-global-color-5)","background-image":"","background-repeat":"repeat","background-position":"center center","background-size":"auto","background-attachment":"scroll","background-type":"","background-media":"","overlay-type":"","overlay-color":"","overlay-opacity":"","overlay-gradient":""},"tablet":{"background-color":"var(--ast-global-color-5)","background-image":"","background-repeat":"repeat","background-position":"center center","background-size":"auto","background-attachment":"scroll","background-type":"","background-media":"","overlay-type":"","overlay-color":"","overlay-opacity":"","overlay-gradient":""},"mobile":{"background-color":"var(--ast-global-color-5)","background-image":"","background-repeat":"repeat","background-position":"center center","background-size":"auto","background-attachment":"scroll","background-type":"","background-media":"","overlay-type":"","overlay-color":"","overlay-opacity":"","overlay-gradient":""}}},"product_brand":[],"product_cat":[1617,1556,1568,1557],"product_tag":[1634],"class_list":{"0":"post-63032","1":"product","2":"type-product","3":"status-publish","4":"has-post-thumbnail","6":"product_cat-neuheiten","7":"product_cat-olio-aceto-paste-e-salse","8":"product_cat-spezie-e-brodi","9":"product_cat-tutti-i-prodotti","10":"product_tag-hot-pot","11":"desktop-align-left","12":"tablet-align-left","13":"mobile-align-left","14":"ast-product-gallery-layout-horizontal-slider","15":"ast-magnify-disabled","16":"ast-product-tabs-layout-horizontal","18":"first","19":"instock","20":"taxable","21":"shipping-taxable","22":"purchasable","23":"product-type-simple"},"yoast_head":"<!-- This site is optimized with the Yoast SEO Premium plugin v27.5 (Yoast SEO v27.5) - https:\/\/yoast.com\/product\/yoast-seo-premium-wordpress\/ -->\n<title>Acquista la base per brodo Hot Pot | Stile Sichuan | su 1mal1japan<\/title>\n<meta name=\"description\" content=\"I\u27a1 Base per zuppa Hot Pot in stile Sichuan \u2714 piccante e saporita \u2714 ideale per 2-3 porzioni \u2714 perfetta per il Hot Pot cinese a casa!\" \/>\n<meta name=\"robots\" content=\"index, follow, max-snippet:-1, max-image-preview:large, max-video-preview:-1\" \/>\n<link rel=\"canonical\" href=\"https:\/\/1mal1japan.de\/it\/produkt\/hot-pot-suppenbasis-hot-spicy-70g-scharfe-hotpot-sauce-sichuan-style-lee-kum-kee\/\" \/>\n<meta property=\"og:locale\" content=\"it_IT\" \/>\n<meta property=\"og:type\" content=\"article\" \/>\n<meta property=\"og:title\" content=\"Base per brodo Hot Pot Hot &amp; Spicy 70 g (salsa piccante per hot pot, stile Sichuan), Lee Kum Kee\" \/>\n<meta property=\"og:description\" content=\"Brodo originale cinese per hot pot in stile Sichuan con peperoncino, pepe e spezie fermentate. Dosi per 2-3 porzioni, facile da preparare e ideale per chi ama i brodi piccanti. Prodotto da Lee Kum Kee.\" \/>\n<meta property=\"og:url\" content=\"https:\/\/1mal1japan.de\/it\/produkt\/hot-pot-suppenbasis-hot-spicy-70g-scharfe-hotpot-sauce-sichuan-style-lee-kum-kee\/\" \/>\n<meta property=\"og:site_name\" content=\"1mal1japan.de\" \/>\n<meta property=\"article:modified_time\" content=\"2026-04-28T06:46:04+00:00\" \/>\n<meta property=\"og:image\" content=\"https:\/\/1mal1japan.de\/wp-content\/uploads\/2025\/09\/Hot-Pot-Suppenbasis-Hot-1.jpg\" \/>\n\t<meta property=\"og:image:width\" content=\"800\" \/>\n\t<meta property=\"og:image:height\" content=\"800\" \/>\n\t<meta property=\"og:image:type\" content=\"image\/jpeg\" \/>\n<script type=\"application\/ld+json\" class=\"yoast-schema-graph\">{\"@context\":\"https:\\\/\\\/schema.org\",\"@graph\":[{\"@type\":\"WebPage\",\"@id\":\"https:\\\/\\\/1mal1japan.de\\\/it\\\/produkt\\\/hot-pot-suppenbasis-hot-spicy-70g-scharfe-hotpot-sauce-sichuan-style-lee-kum-kee\\\/\",\"url\":\"https:\\\/\\\/1mal1japan.de\\\/it\\\/produkt\\\/hot-pot-suppenbasis-hot-spicy-70g-scharfe-hotpot-sauce-sichuan-style-lee-kum-kee\\\/\",\"name\":\"Acquista la base per brodo Hot Pot | Stile Sichuan | su 1mal1japan\",\"isPartOf\":{\"@id\":\"https:\\\/\\\/1mal1japan.de\\\/it\\\/#website\"},\"primaryImageOfPage\":{\"@id\":\"https:\\\/\\\/1mal1japan.de\\\/it\\\/produkt\\\/hot-pot-suppenbasis-hot-spicy-70g-scharfe-hotpot-sauce-sichuan-style-lee-kum-kee\\\/#primaryimage\"},\"image\":{\"@id\":\"https:\\\/\\\/1mal1japan.de\\\/it\\\/produkt\\\/hot-pot-suppenbasis-hot-spicy-70g-scharfe-hotpot-sauce-sichuan-style-lee-kum-kee\\\/#primaryimage\"},\"thumbnailUrl\":\"https:\\\/\\\/1mal1japan.de\\\/wp-content\\\/uploads\\\/2025\\\/09\\\/Hot-Pot-Suppenbasis-Hot-1.jpg\",\"datePublished\":\"2025-09-24T07:12:25+00:00\",\"dateModified\":\"2026-04-28T06:46:04+00:00\",\"description\":\"I\u27a1 Base per zuppa Hot Pot in stile Sichuan \u2714 piccante e saporita \u2714 ideale per 2-3 porzioni \u2714 perfetta per il Hot Pot cinese a casa!\",\"breadcrumb\":{\"@id\":\"https:\\\/\\\/1mal1japan.de\\\/it\\\/produkt\\\/hot-pot-suppenbasis-hot-spicy-70g-scharfe-hotpot-sauce-sichuan-style-lee-kum-kee\\\/#breadcrumb\"},\"inLanguage\":\"it-IT\",\"potentialAction\":[{\"@type\":\"ReadAction\",\"target\":[\"https:\\\/\\\/1mal1japan.de\\\/it\\\/produkt\\\/hot-pot-suppenbasis-hot-spicy-70g-scharfe-hotpot-sauce-sichuan-style-lee-kum-kee\\\/\"]}]},{\"@type\":\"ImageObject\",\"inLanguage\":\"it-IT\",\"@id\":\"https:\\\/\\\/1mal1japan.de\\\/it\\\/produkt\\\/hot-pot-suppenbasis-hot-spicy-70g-scharfe-hotpot-sauce-sichuan-style-lee-kum-kee\\\/#primaryimage\",\"url\":\"https:\\\/\\\/1mal1japan.de\\\/wp-content\\\/uploads\\\/2025\\\/09\\\/Hot-Pot-Suppenbasis-Hot-1.jpg\",\"contentUrl\":\"https:\\\/\\\/1mal1japan.de\\\/wp-content\\\/uploads\\\/2025\\\/09\\\/Hot-Pot-Suppenbasis-Hot-1.jpg\",\"width\":800,\"height\":800,\"caption\":\"Base per zuppa Hot Pot piccante\"},{\"@type\":\"BreadcrumbList\",\"@id\":\"https:\\\/\\\/1mal1japan.de\\\/it\\\/produkt\\\/hot-pot-suppenbasis-hot-spicy-70g-scharfe-hotpot-sauce-sichuan-style-lee-kum-kee\\\/#breadcrumb\",\"itemListElement\":[{\"@type\":\"ListItem\",\"position\":1,\"name\":\"Startseite\",\"item\":\"https:\\\/\\\/1mal1japan.de\\\/it\\\/\"},{\"@type\":\"ListItem\",\"position\":2,\"name\":\"Negozio\",\"item\":\"https:\\\/\\\/1mal1japan.de\\\/it\\\/shop\\\/\"},{\"@type\":\"ListItem\",\"position\":3,\"name\":\"Base per brodo Hot Pot Hot &amp; Spicy 70 g (salsa piccante per hot pot, stile Sichuan), Lee Kum Kee\"}]},{\"@type\":\"WebSite\",\"@id\":\"https:\\\/\\\/1mal1japan.de\\\/it\\\/#website\",\"url\":\"https:\\\/\\\/1mal1japan.de\\\/it\\\/\",\"name\":\"1mal1japan.de\",\"description\":\"japanisch kochen &amp; einkaufen\",\"publisher\":{\"@id\":\"https:\\\/\\\/1mal1japan.de\\\/it\\\/#\\\/schema\\\/person\\\/3b6eab913fce9065523e927d88b032b0\"},\"potentialAction\":[{\"@type\":\"SearchAction\",\"target\":{\"@type\":\"EntryPoint\",\"urlTemplate\":\"https:\\\/\\\/1mal1japan.de\\\/it\\\/?s={search_term_string}\"},\"query-input\":{\"@type\":\"PropertyValueSpecification\",\"valueRequired\":true,\"valueName\":\"search_term_string\"}}],\"inLanguage\":\"it-IT\"},{\"@type\":[\"Person\",\"Organization\"],\"@id\":\"https:\\\/\\\/1mal1japan.de\\\/it\\\/#\\\/schema\\\/person\\\/3b6eab913fce9065523e927d88b032b0\",\"name\":\"Elisa\",\"image\":{\"@type\":\"ImageObject\",\"inLanguage\":\"it-IT\",\"@id\":\"https:\\\/\\\/1mal1japan.de\\\/wp-content\\\/uploads\\\/2018\\\/09\\\/Profilbild_Elisa.png\",\"url\":\"https:\\\/\\\/1mal1japan.de\\\/wp-content\\\/uploads\\\/2018\\\/09\\\/Profilbild_Elisa.png\",\"contentUrl\":\"https:\\\/\\\/1mal1japan.de\\\/wp-content\\\/uploads\\\/2018\\\/09\\\/Profilbild_Elisa.png\",\"width\":200,\"height\":200,\"caption\":\"Elisa\"},\"logo\":{\"@id\":\"https:\\\/\\\/1mal1japan.de\\\/wp-content\\\/uploads\\\/2018\\\/09\\\/Profilbild_Elisa.png\"}}]}<\/script>\n<meta property=\"product:brand\" content=\"Lee Kum Kee\" \/>\n<meta property=\"product:price:amount\" content=\"1.79\" \/>\n<meta property=\"product:price:currency\" content=\"EUR\" \/>\n<meta property=\"og:availability\" content=\"instock\" \/>\n<meta property=\"product:availability\" content=\"instock\" \/>\n<meta property=\"product:retailer_item_id\" content=\"1197\" \/>\n<meta property=\"product:condition\" content=\"new\" \/>\n<!-- \/ Yoast SEO Premium plugin. -->","yoast_head_json":{"title":"Acquista la base per brodo Hot Pot | Stile Sichuan | su 1mal1japan","description":"I\u27a1 Base per zuppa Hot Pot in stile Sichuan \u2714 piccante e saporita \u2714 ideale per 2-3 porzioni \u2714 perfetta per il Hot Pot cinese a casa!","robots":{"index":"index","follow":"follow","max-snippet":"max-snippet:-1","max-image-preview":"max-image-preview:large","max-video-preview":"max-video-preview:-1"},"canonical":"https:\/\/1mal1japan.de\/it\/produkt\/hot-pot-suppenbasis-hot-spicy-70g-scharfe-hotpot-sauce-sichuan-style-lee-kum-kee\/","og_locale":"it_IT","og_type":"article","og_title":"Base per brodo Hot Pot Hot &amp; Spicy 70 g (salsa piccante per hot pot, stile Sichuan), Lee Kum Kee","og_description":"Brodo originale cinese per hot pot in stile Sichuan con peperoncino, pepe e spezie fermentate. Dosi per 2-3 porzioni, facile da preparare e ideale per chi ama i brodi piccanti. Prodotto da Lee Kum Kee.","og_url":"https:\/\/1mal1japan.de\/it\/produkt\/hot-pot-suppenbasis-hot-spicy-70g-scharfe-hotpot-sauce-sichuan-style-lee-kum-kee\/","og_site_name":"1mal1japan.de","article_modified_time":"2026-04-28T06:46:04+00:00","og_image":[{"width":800,"height":800,"url":"https:\/\/1mal1japan.de\/wp-content\/uploads\/2025\/09\/Hot-Pot-Suppenbasis-Hot-1.jpg","type":"image\/jpeg"}],"schema":{"@context":"https:\/\/schema.org","@graph":[{"@type":"WebPage","@id":"https:\/\/1mal1japan.de\/it\/produkt\/hot-pot-suppenbasis-hot-spicy-70g-scharfe-hotpot-sauce-sichuan-style-lee-kum-kee\/","url":"https:\/\/1mal1japan.de\/it\/produkt\/hot-pot-suppenbasis-hot-spicy-70g-scharfe-hotpot-sauce-sichuan-style-lee-kum-kee\/","name":"Acquista la base per brodo Hot Pot | Stile Sichuan | su 1mal1japan","isPartOf":{"@id":"https:\/\/1mal1japan.de\/it\/#website"},"primaryImageOfPage":{"@id":"https:\/\/1mal1japan.de\/it\/produkt\/hot-pot-suppenbasis-hot-spicy-70g-scharfe-hotpot-sauce-sichuan-style-lee-kum-kee\/#primaryimage"},"image":{"@id":"https:\/\/1mal1japan.de\/it\/produkt\/hot-pot-suppenbasis-hot-spicy-70g-scharfe-hotpot-sauce-sichuan-style-lee-kum-kee\/#primaryimage"},"thumbnailUrl":"https:\/\/1mal1japan.de\/wp-content\/uploads\/2025\/09\/Hot-Pot-Suppenbasis-Hot-1.jpg","datePublished":"2025-09-24T07:12:25+00:00","dateModified":"2026-04-28T06:46:04+00:00","description":"I\u27a1 Base per zuppa Hot Pot in stile Sichuan \u2714 piccante e saporita \u2714 ideale per 2-3 porzioni \u2714 perfetta per il Hot Pot cinese a casa!","breadcrumb":{"@id":"https:\/\/1mal1japan.de\/it\/produkt\/hot-pot-suppenbasis-hot-spicy-70g-scharfe-hotpot-sauce-sichuan-style-lee-kum-kee\/#breadcrumb"},"inLanguage":"it-IT","potentialAction":[{"@type":"ReadAction","target":["https:\/\/1mal1japan.de\/it\/produkt\/hot-pot-suppenbasis-hot-spicy-70g-scharfe-hotpot-sauce-sichuan-style-lee-kum-kee\/"]}]},{"@type":"ImageObject","inLanguage":"it-IT","@id":"https:\/\/1mal1japan.de\/it\/produkt\/hot-pot-suppenbasis-hot-spicy-70g-scharfe-hotpot-sauce-sichuan-style-lee-kum-kee\/#primaryimage","url":"https:\/\/1mal1japan.de\/wp-content\/uploads\/2025\/09\/Hot-Pot-Suppenbasis-Hot-1.jpg","contentUrl":"https:\/\/1mal1japan.de\/wp-content\/uploads\/2025\/09\/Hot-Pot-Suppenbasis-Hot-1.jpg","width":800,"height":800,"caption":"Base per zuppa Hot Pot piccante"},{"@type":"BreadcrumbList","@id":"https:\/\/1mal1japan.de\/it\/produkt\/hot-pot-suppenbasis-hot-spicy-70g-scharfe-hotpot-sauce-sichuan-style-lee-kum-kee\/#breadcrumb","itemListElement":[{"@type":"ListItem","position":1,"name":"Startseite","item":"https:\/\/1mal1japan.de\/it\/"},{"@type":"ListItem","position":2,"name":"Negozio","item":"https:\/\/1mal1japan.de\/it\/shop\/"},{"@type":"ListItem","position":3,"name":"Base per brodo Hot Pot Hot &amp; Spicy 70 g (salsa piccante per hot pot, stile Sichuan), Lee Kum Kee"}]},{"@type":"WebSite","@id":"https:\/\/1mal1japan.de\/it\/#website","url":"https:\/\/1mal1japan.de\/it\/","name":"1mal1japan.de","description":"japanisch kochen &amp; einkaufen","publisher":{"@id":"https:\/\/1mal1japan.de\/it\/#\/schema\/person\/3b6eab913fce9065523e927d88b032b0"},"potentialAction":[{"@type":"SearchAction","target":{"@type":"EntryPoint","urlTemplate":"https:\/\/1mal1japan.de\/it\/?s={search_term_string}"},"query-input":{"@type":"PropertyValueSpecification","valueRequired":true,"valueName":"search_term_string"}}],"inLanguage":"it-IT"},{"@type":["Person","Organization"],"@id":"https:\/\/1mal1japan.de\/it\/#\/schema\/person\/3b6eab913fce9065523e927d88b032b0","name":"Elisa","image":{"@type":"ImageObject","inLanguage":"it-IT","@id":"https:\/\/1mal1japan.de\/wp-content\/uploads\/2018\/09\/Profilbild_Elisa.png","url":"https:\/\/1mal1japan.de\/wp-content\/uploads\/2018\/09\/Profilbild_Elisa.png","contentUrl":"https:\/\/1mal1japan.de\/wp-content\/uploads\/2018\/09\/Profilbild_Elisa.png","width":200,"height":200,"caption":"Elisa"},"logo":{"@id":"https:\/\/1mal1japan.de\/wp-content\/uploads\/2018\/09\/Profilbild_Elisa.png"}}]},"product_brand":"Lee Kum Kee","product_price_amount":"1.79","product_price_currency":"EUR","og_availability":"instock","product_availability":"instock","product_retailer_item_id":"1197","product_condition":"new"},"uagb_featured_image_src":{"full":["https:\/\/1mal1japan.de\/wp-content\/uploads\/2025\/09\/Hot-Pot-Suppenbasis-Hot-1.jpg",800,800,false],"thumbnail":["https:\/\/1mal1japan.de\/wp-content\/uploads\/2025\/09\/Hot-Pot-Suppenbasis-Hot-1-150x150.jpg",150,150,true],"medium":["https:\/\/1mal1japan.de\/wp-content\/uploads\/2025\/09\/Hot-Pot-Suppenbasis-Hot-1-300x300.jpg",300,300,true],"medium_large":["https:\/\/1mal1japan.de\/wp-content\/uploads\/2025\/09\/Hot-Pot-Suppenbasis-Hot-1-768x768.jpg",768,768,true],"large":["https:\/\/1mal1japan.de\/wp-content\/uploads\/2025\/09\/Hot-Pot-Suppenbasis-Hot-1.jpg",800,800,false],"1536x1536":["https:\/\/1mal1japan.de\/wp-content\/uploads\/2025\/09\/Hot-Pot-Suppenbasis-Hot-1.jpg",800,800,false],"2048x2048":["https:\/\/1mal1japan.de\/wp-content\/uploads\/2025\/09\/Hot-Pot-Suppenbasis-Hot-1.jpg",800,800,false],"woocommerce_thumbnail":["https:\/\/1mal1japan.de\/wp-content\/uploads\/2025\/09\/Hot-Pot-Suppenbasis-Hot-1-600x600.jpg",600,600,true],"woocommerce_single":["https:\/\/1mal1japan.de\/wp-content\/uploads\/2025\/09\/Hot-Pot-Suppenbasis-Hot-1.jpg",800,800,false],"woocommerce_gallery_thumbnail":["https:\/\/1mal1japan.de\/wp-content\/uploads\/2025\/09\/Hot-Pot-Suppenbasis-Hot-1-100x100.jpg",100,100,true]},"uagb_author_info":{"display_name":"kiwi19901","author_link":"https:\/\/1mal1japan.de\/it\/author\/"},"uagb_comment_info":0,"uagb_excerpt":"Brodo originale cinese per hot pot in stile Sichuan con peperoncino, pepe e spezie fermentate. Dosi per 2-3 porzioni, facile da preparare e ideale per chi ama i brodi piccanti. Prodotto da Lee Kum Kee.","_links":{"self":[{"href":"https:\/\/1mal1japan.de\/it\/wp-json\/wp\/v2\/product\/63032","targetHints":{"allow":["GET"]}}],"collection":[{"href":"https:\/\/1mal1japan.de\/it\/wp-json\/wp\/v2\/product"}],"about":[{"href":"https:\/\/1mal1japan.de\/it\/wp-json\/wp\/v2\/types\/product"}],"wp:featuredmedia":[{"embeddable":true,"href":"https:\/\/1mal1japan.de\/it\/wp-json\/wp\/v2\/media\/63033"}],"wp:attachment":[{"href":"https:\/\/1mal1japan.de\/it\/wp-json\/wp\/v2\/media?parent=63032"}],"wp:term":[{"taxonomy":"product_brand","embeddable":true,"href":"https:\/\/1mal1japan.de\/it\/wp-json\/wp\/v2\/product_brand?post=63032"},{"taxonomy":"product_cat","embeddable":true,"href":"https:\/\/1mal1japan.de\/it\/wp-json\/wp\/v2\/product_cat?post=63032"},{"taxonomy":"product_tag","embeddable":true,"href":"https:\/\/1mal1japan.de\/it\/wp-json\/wp\/v2\/product_tag?post=63032"}],"curies":[{"name":"wp","href":"https:\/\/api.w.org\/{rel}","templated":true}]}}