{"id":63038,"date":"2025-09-24T08:58:18","date_gmt":"2025-09-24T06:58:18","guid":{"rendered":"https:\/\/1mal1japan.de\/produkt\/hot-pot-erdnuss-dipping-sauce-120g-hot-pot-dip-original-flavour-yihai-intl\/"},"modified":"2026-05-03T09:53:51","modified_gmt":"2026-05-03T07:53:51","slug":"hot-pot-erdnuss-dipping-sauce-120g-hot-pot-dip-original-flavour-yihai-intl","status":"publish","type":"product","link":"https:\/\/1mal1japan.de\/it\/produkt\/hot-pot-erdnuss-dipping-sauce-120g-hot-pot-dip-original-flavour-yihai-intl\/","title":{"rendered":"Salsa di accompagnamento per hot pot alle arachidi 120 g (Hot Pot Dip \u201cOriginal Flavour\u201d), Yihai Intl"},"content":{"rendered":"\n<div style=\"height:20px\" aria-hidden=\"true\" class=\"wp-block-spacer\"><\/div>\n\n<section class=\"wp-block-uagb-section uagb-section__wrap uagb-section__background-color uagb-block-5c35283d\"><div class=\"uagb-section__overlay\"><\/div><div class=\"uagb-section__inner-wrap\">\n<p class=\"has-ast-global-color-5-color has-text-color has-link-color wp-elements-3ac0b3b33f92b18800ba587bd2171a2f\">\u2705 Autentica salsa per hot pot dal gusto cremoso di arachidi<br\/>\u2705 Ideale per intingere carne, Tofu, verdure e pasta<br\/>\u2705 Pronta da consumare \u2013 non occorre mescolare<br\/>\u2705 Porzione perfetta per 1-2 pasti hot pot<br\/>\u2705 Prodotto originale di Yihai Intl, partner di Haidilao<\/p>\n<\/div><\/section>\n\n<h2 class=\"wp-block-heading\" id=\"wissen\">Cos&#8217;\u00e8 una salsa per hot pot?<\/h2>\n\n<p>La salsa per hot pot \u201cOriginal Flavour\u201d \u00e8 una classica salsa cinese che convince soprattutto per il suo gusto cremoso di arachidi. \u00c8 ideale per chi ama i sapori di nocciola, saporiti e leggermente piccanti. Nella cucina cinese, questa salsa viene tradizionalmente servita come accompagnamento per gli ingredienti dello stufato (hot pot), come carne tagliata sottile, Tofu, funghi o verdure a foglia, che vengono immersi direttamente nel brodo e poi nella salsa.<\/p>\n\n<p>La combinazione di arachidi tostate, sesamo e spezie aromatiche garantisce un&#8217;esperienza gustativa corposa che si abbina meravigliosamente agli aromi intensi dell&#8217;hotpot senza coprirli. La salsa \u00e8 versatile anche al di fuori dell&#8217;hotpot, ad esempio come cremosa salsa da intingere con le verdure, come condimento per insalate di pasta o come gustoso topping a spirale nelle ciotole.<\/p>\n\n<p>Grazie alla lunga conservabilit\u00e0 e alla facilit\u00e0 d&#8217;uso, \u00e8 perfetta per serate asiatiche improvvisate, per chi si avvicina alla cucina cinese o come idea regalo per i buongustai.<\/p>\n\n<h2 class=\"wp-block-heading\" id=\"vorteile\">Perch\u00e9 vale la pena acquistarla?<\/h2>\n\n<p>La salsa Yihai Hot Pot porta direttamente a casa tua il gusto tipico dei ristoranti cinesi specializzati in hot pot \u2013 non serve mescolare n\u00e9 aggiustare di sale. Ideale per tutti coloro che amano l&#8217;hot pot o la cucina asiatica e danno importanza alla qualit\u00e0 e all&#8217;autenticit\u00e0.<\/p>\n\n<h2 class=\"wp-block-heading\" id=\"verwendung\">Per cosa posso usare la salsa?<\/h2>\n\n<p>Puoi usare la salsa come classica salsa di accompagnamento per l&#8217;hot pot \u2013 ad es. per carne di manzo, Tofu, gamberetti, funghi o cavolo cinese. \u00c8 perfetta anche come topping cremoso per noodles saltati, Gyoza o piatti a base di riso.<\/p>\n\n\t\t\t<div class=\"wp-block-uagb-post-grid uagb-post-grid  uagb-post__image-position-top uagb-post__image-enabled uagb-block-27b66334     uagb-post__items uagb-post__columns-2 is-grid uagb-post__columns-tablet-2 uagb-post__columns-mobile-2 uagb-post__equal-height\" data-total=\"0\" style=\"\">\n\n\t\t\t\t\t\t\t\t\t<p class=\"uagb-post__no-posts\">\n\t\t\t\t\t\tNo post found!\t\t\t\t\t<\/p>\n\t\t\t\t\t\t\t\t<\/div>\n\t\t\t\n<div style=\"height:20px\" aria-hidden=\"true\" class=\"wp-block-spacer\"><\/div>\n\n<h2 class=\"wp-block-heading\" id=\"zubereitung\">Come si usa o si prepara?<\/h2>\n\n<p>Basta aprire la busta, mescolare e il gioco \u00e8 fatto! Non devi aggiungere altro. La salsa \u00e8 gi\u00e0 condita e pronta da mangiare. Puoi servirla a temperatura ambiente o scaldarla leggermente, a seconda dei tuoi gusti.<\/p>\n\n<h2 class=\"wp-block-heading\" id=\"lagerung\">Come conservare correttamente il prodotto?<\/h2>\n\n<p>La salsa si conserva a temperatura ambiente. Una volta aperta, consuma il contenuto entro pochi giorni e conservalo in un luogo fresco (ad es. in frigorifero). Chiusa, si conserva per diversi mesi. Ideale da tenere in dispensa.<\/p>\n\n<h2 class=\"wp-block-heading\" id=\"kaufen\">I tuoi vantaggi e la nostra promessa:<\/h2>\n\n<section class=\"wp-block-uagb-section uagb-section__wrap uagb-section__background-color uagb-block-85f7e9d2\"><div class=\"uagb-section__overlay\"><\/div><div class=\"uagb-section__inner-wrap\">\n<p>\u2764\ufe0f <strong>Veloce, semplice e affidabile:<\/strong> I clienti ci adorano! Con 4,9 stelle su 5 su Shopvote &#8211; dai un&#8217;occhiata <a href=\"https:\/\/www.shopvote.de\/bewertung_1mal1japan_de_23342.html\">qui alle recensioni dei nostri clienti<\/a>!<\/p>\n<\/div><\/section>\n\n<div style=\"height:20px\" aria-hidden=\"true\" class=\"wp-block-spacer\"><\/div>\n\n<section class=\"wp-block-uagb-section uagb-section__wrap uagb-section__background-color uagb-block-9e748e26\"><div class=\"uagb-section__overlay\"><\/div><div class=\"uagb-section__inner-wrap\">\n<p>\ud83c\udf31 <strong>Acquisti sostenibili:<\/strong> Spedizioni a impatto zero, imballaggi ecologici, fatture digitali di default.<\/p>\n<\/div><\/section>\n\n<div style=\"height:20px\" aria-hidden=\"true\" class=\"wp-block-spacer\"><\/div>\n\n<section class=\"wp-block-uagb-section uagb-section__wrap uagb-section__background-color uagb-block-11f9fc83\"><div class=\"uagb-section__overlay\"><\/div><div class=\"uagb-section__inner-wrap\">\n<p><strong>\ud83d\udd12 Acquisti al 100% senza rischi:<\/strong> Nessun importo minimo d&#8217;ordine, spedizione gratuita in Germania a partire da 59 \u20ac di spesa + diritto di recesso di 30 giorni con reso gratuito.<\/p>\n<\/div><\/section>\n\n<div style=\"height:20px\" aria-hidden=\"true\" class=\"wp-block-spacer\"><\/div>\n\n<section class=\"wp-block-uagb-section uagb-section__wrap uagb-section__background-color uagb-block-5b55bd83\"><div class=\"uagb-section__overlay\"><\/div><div class=\"uagb-section__inner-wrap\">\n<p>\ud83e\udd62 <strong>I migliori ingredienti per la tua esperienza culinaria e gustativa: <\/strong>Prodotti selezionati a mano che ci convincono personalmente in base a quattro criteri: (1) gusto, (2) autenticit\u00e0, (3) prezzo e (4) disponibilit\u00e0.<\/p>\n<\/div><\/section>\n\n<div style=\"height:20px\" aria-hidden=\"true\" class=\"wp-block-spacer\"><\/div>\n\n<section class=\"wp-block-uagb-section uagb-section__wrap uagb-section__background-color uagb-block-94ed5912\"><div class=\"uagb-section__overlay\"><\/div><div class=\"uagb-section__inner-wrap\">\n<p>\ud83d\udc4d <strong>Approfitta della nostra pluriennale esperienza<\/strong>: 1mal1japan.de esiste gi\u00e0 dal 2016. Da allora abbiamo avuto il piacere di accogliere milioni di visitatori sul nostro blog e nel nostro Shop e di servire oltre 50.000 clienti soddisfatti. Grazie di cuore a tutti i lettori e ai fan!<\/p>\n<\/div><\/section>\n","protected":false},"excerpt":{"rendered":"<p>Cremosa, saporita, autentica: la salsa Hot Pot Dipping Sauce di Yihai combina l&#8217;aromatica arachide con note saporite. Perfetta per intingere carne, Tofu o verdure. Ideale per hot pot, barbecue o come cremoso tocco finale per piatti asiatici. Pronta da consumare, non necessita di refrigerazione.<\/p>\n","protected":false},"featured_media":63039,"template":"","meta":{"_uag_custom_page_level_css":"","site-sidebar-layout":"default","site-content-layout":"default","ast-site-content-layout":"default","site-content-style":"default","site-sidebar-style":"default","ast-global-header-display":"","ast-banner-title-visibility":"","ast-main-header-display":"","ast-hfb-above-header-display":"","ast-hfb-below-header-display":"","ast-hfb-mobile-header-display":"","site-post-title":"","ast-breadcrumbs-content":"","ast-featured-img":"","footer-sml-layout":"","ast-disable-related-posts":"","theme-transparent-header-meta":"default","adv-header-id-meta":"","stick-header-meta":"default","header-above-stick-meta":"","header-main-stick-meta":"","header-below-stick-meta":"","astra-migrate-meta-layouts":"default","ast-page-background-enabled":"default","ast-page-background-meta":{"desktop":{"background-color":"","background-image":"","background-repeat":"repeat","background-position":"center center","background-size":"auto","background-attachment":"scroll","background-type":"","background-media":"","overlay-type":"","overlay-color":"","overlay-opacity":"","overlay-gradient":""},"tablet":{"background-color":"","background-image":"","background-repeat":"repeat","background-position":"center center","background-size":"auto","background-attachment":"scroll","background-type":"","background-media":"","overlay-type":"","overlay-color":"","overlay-opacity":"","overlay-gradient":""},"mobile":{"background-color":"","background-image":"","background-repeat":"repeat","background-position":"center center","background-size":"auto","background-attachment":"scroll","background-type":"","background-media":"","overlay-type":"","overlay-color":"","overlay-opacity":"","overlay-gradient":""}},"ast-content-background-meta":{"desktop":{"background-color":"var(--ast-global-color-5)","background-image":"","background-repeat":"repeat","background-position":"center center","background-size":"auto","background-attachment":"scroll","background-type":"","background-media":"","overlay-type":"","overlay-color":"","overlay-opacity":"","overlay-gradient":""},"tablet":{"background-color":"var(--ast-global-color-5)","background-image":"","background-repeat":"repeat","background-position":"center center","background-size":"auto","background-attachment":"scroll","background-type":"","background-media":"","overlay-type":"","overlay-color":"","overlay-opacity":"","overlay-gradient":""},"mobile":{"background-color":"var(--ast-global-color-5)","background-image":"","background-repeat":"repeat","background-position":"center center","background-size":"auto","background-attachment":"scroll","background-type":"","background-media":"","overlay-type":"","overlay-color":"","overlay-opacity":"","overlay-gradient":""}}},"product_brand":[],"product_cat":[1617,1556,1557],"product_tag":[1634],"class_list":{"0":"post-63038","1":"product","2":"type-product","3":"status-publish","4":"has-post-thumbnail","6":"product_cat-neuheiten","7":"product_cat-olio-aceto-paste-e-salse","8":"product_cat-tutti-i-prodotti","9":"product_tag-hot-pot","10":"desktop-align-left","11":"tablet-align-left","12":"mobile-align-left","13":"ast-product-gallery-layout-horizontal-slider","14":"ast-magnify-disabled","15":"ast-product-tabs-layout-horizontal","17":"first","18":"instock","19":"taxable","20":"shipping-taxable","21":"purchasable","22":"product-type-simple"},"yoast_head":"<!-- This site is optimized with the Yoast SEO Premium plugin v27.5 (Yoast SEO v27.5) - https:\/\/yoast.com\/product\/yoast-seo-premium-wordpress\/ -->\n<title>Salsa di accompagnamento per hot pot alle arachidi | Original Flavour | su 1mal1japan<\/title>\n<meta name=\"description\" content=\"I\u27a1 Acquista la salsa Hot Pot \u2714 salsa cremosa alle arachidi per piatti asiatici \u2714 pronta da mangiare \u2714 perfetta per carne, verdure, Tofu e hot pot!\" \/>\n<meta name=\"robots\" content=\"index, follow, max-snippet:-1, max-image-preview:large, max-video-preview:-1\" \/>\n<link rel=\"canonical\" href=\"https:\/\/1mal1japan.de\/it\/produkt\/hot-pot-erdnuss-dipping-sauce-120g-hot-pot-dip-original-flavour-yihai-intl\/\" \/>\n<meta property=\"og:locale\" content=\"it_IT\" \/>\n<meta property=\"og:type\" content=\"article\" \/>\n<meta property=\"og:title\" content=\"Salsa di accompagnamento per hot pot alle arachidi 120 g (Hot Pot Dip \u201cOriginal Flavour\u201d), Yihai Intl\" \/>\n<meta property=\"og:description\" content=\"Cremosa, saporita, autentica: la salsa Hot Pot Dipping Sauce di Yihai combina l&#039;aromatica arachide con note saporite. Perfetta per intingere carne, Tofu o verdure. Ideale per hot pot, barbecue o come cremoso tocco finale per piatti asiatici. Pronta da consumare, non necessita di refrigerazione.\" \/>\n<meta property=\"og:url\" content=\"https:\/\/1mal1japan.de\/it\/produkt\/hot-pot-erdnuss-dipping-sauce-120g-hot-pot-dip-original-flavour-yihai-intl\/\" \/>\n<meta property=\"og:site_name\" content=\"1mal1japan.de\" \/>\n<meta property=\"article:modified_time\" content=\"2026-05-03T07:53:51+00:00\" \/>\n<meta property=\"og:image\" content=\"https:\/\/1mal1japan.de\/wp-content\/uploads\/2025\/09\/Hot-Pot-Dipping-Sauce-Erdnuss_1.jpg\" \/>\n\t<meta property=\"og:image:width\" content=\"800\" \/>\n\t<meta property=\"og:image:height\" content=\"800\" \/>\n\t<meta property=\"og:image:type\" content=\"image\/jpeg\" \/>\n<script type=\"application\/ld+json\" class=\"yoast-schema-graph\">{\"@context\":\"https:\\\/\\\/schema.org\",\"@graph\":[{\"@type\":\"WebPage\",\"@id\":\"https:\\\/\\\/1mal1japan.de\\\/it\\\/produkt\\\/hot-pot-erdnuss-dipping-sauce-120g-hot-pot-dip-original-flavour-yihai-intl\\\/\",\"url\":\"https:\\\/\\\/1mal1japan.de\\\/it\\\/produkt\\\/hot-pot-erdnuss-dipping-sauce-120g-hot-pot-dip-original-flavour-yihai-intl\\\/\",\"name\":\"Salsa di accompagnamento per hot pot alle arachidi | Original Flavour | su 1mal1japan\",\"isPartOf\":{\"@id\":\"https:\\\/\\\/1mal1japan.de\\\/it\\\/#website\"},\"primaryImageOfPage\":{\"@id\":\"https:\\\/\\\/1mal1japan.de\\\/it\\\/produkt\\\/hot-pot-erdnuss-dipping-sauce-120g-hot-pot-dip-original-flavour-yihai-intl\\\/#primaryimage\"},\"image\":{\"@id\":\"https:\\\/\\\/1mal1japan.de\\\/it\\\/produkt\\\/hot-pot-erdnuss-dipping-sauce-120g-hot-pot-dip-original-flavour-yihai-intl\\\/#primaryimage\"},\"thumbnailUrl\":\"https:\\\/\\\/1mal1japan.de\\\/wp-content\\\/uploads\\\/2025\\\/09\\\/Hot-Pot-Dipping-Sauce-Erdnuss_1.jpg\",\"datePublished\":\"2025-09-24T06:58:18+00:00\",\"dateModified\":\"2026-05-03T07:53:51+00:00\",\"description\":\"I\u27a1 Acquista la salsa Hot Pot \u2714 salsa cremosa alle arachidi per piatti asiatici \u2714 pronta da mangiare \u2714 perfetta per carne, verdure, Tofu e hot pot!\",\"breadcrumb\":{\"@id\":\"https:\\\/\\\/1mal1japan.de\\\/it\\\/produkt\\\/hot-pot-erdnuss-dipping-sauce-120g-hot-pot-dip-original-flavour-yihai-intl\\\/#breadcrumb\"},\"inLanguage\":\"it-IT\",\"potentialAction\":[{\"@type\":\"ReadAction\",\"target\":[\"https:\\\/\\\/1mal1japan.de\\\/it\\\/produkt\\\/hot-pot-erdnuss-dipping-sauce-120g-hot-pot-dip-original-flavour-yihai-intl\\\/\"]}]},{\"@type\":\"ImageObject\",\"inLanguage\":\"it-IT\",\"@id\":\"https:\\\/\\\/1mal1japan.de\\\/it\\\/produkt\\\/hot-pot-erdnuss-dipping-sauce-120g-hot-pot-dip-original-flavour-yihai-intl\\\/#primaryimage\",\"url\":\"https:\\\/\\\/1mal1japan.de\\\/wp-content\\\/uploads\\\/2025\\\/09\\\/Hot-Pot-Dipping-Sauce-Erdnuss_1.jpg\",\"contentUrl\":\"https:\\\/\\\/1mal1japan.de\\\/wp-content\\\/uploads\\\/2025\\\/09\\\/Hot-Pot-Dipping-Sauce-Erdnuss_1.jpg\",\"width\":800,\"height\":800,\"caption\":\"Salsa di accompagnamento per hot pot alle arachidi\"},{\"@type\":\"BreadcrumbList\",\"@id\":\"https:\\\/\\\/1mal1japan.de\\\/it\\\/produkt\\\/hot-pot-erdnuss-dipping-sauce-120g-hot-pot-dip-original-flavour-yihai-intl\\\/#breadcrumb\",\"itemListElement\":[{\"@type\":\"ListItem\",\"position\":1,\"name\":\"Startseite\",\"item\":\"https:\\\/\\\/1mal1japan.de\\\/it\\\/\"},{\"@type\":\"ListItem\",\"position\":2,\"name\":\"Negozio\",\"item\":\"https:\\\/\\\/1mal1japan.de\\\/it\\\/shop\\\/\"},{\"@type\":\"ListItem\",\"position\":3,\"name\":\"Salsa di accompagnamento per hot pot alle arachidi 120 g (Hot Pot Dip \u201cOriginal Flavour\u201d), Yihai Intl\"}]},{\"@type\":\"WebSite\",\"@id\":\"https:\\\/\\\/1mal1japan.de\\\/it\\\/#website\",\"url\":\"https:\\\/\\\/1mal1japan.de\\\/it\\\/\",\"name\":\"1mal1japan.de\",\"description\":\"japanisch kochen &amp; einkaufen\",\"publisher\":{\"@id\":\"https:\\\/\\\/1mal1japan.de\\\/it\\\/#\\\/schema\\\/person\\\/3b6eab913fce9065523e927d88b032b0\"},\"potentialAction\":[{\"@type\":\"SearchAction\",\"target\":{\"@type\":\"EntryPoint\",\"urlTemplate\":\"https:\\\/\\\/1mal1japan.de\\\/it\\\/?s={search_term_string}\"},\"query-input\":{\"@type\":\"PropertyValueSpecification\",\"valueRequired\":true,\"valueName\":\"search_term_string\"}}],\"inLanguage\":\"it-IT\"},{\"@type\":[\"Person\",\"Organization\"],\"@id\":\"https:\\\/\\\/1mal1japan.de\\\/it\\\/#\\\/schema\\\/person\\\/3b6eab913fce9065523e927d88b032b0\",\"name\":\"Elisa\",\"image\":{\"@type\":\"ImageObject\",\"inLanguage\":\"it-IT\",\"@id\":\"https:\\\/\\\/1mal1japan.de\\\/wp-content\\\/uploads\\\/2018\\\/09\\\/Profilbild_Elisa.png\",\"url\":\"https:\\\/\\\/1mal1japan.de\\\/wp-content\\\/uploads\\\/2018\\\/09\\\/Profilbild_Elisa.png\",\"contentUrl\":\"https:\\\/\\\/1mal1japan.de\\\/wp-content\\\/uploads\\\/2018\\\/09\\\/Profilbild_Elisa.png\",\"width\":200,\"height\":200,\"caption\":\"Elisa\"},\"logo\":{\"@id\":\"https:\\\/\\\/1mal1japan.de\\\/wp-content\\\/uploads\\\/2018\\\/09\\\/Profilbild_Elisa.png\"}}]}<\/script>\n<meta property=\"product:brand\" content=\"Yihai Intl\" \/>\n<meta property=\"product:price:amount\" content=\"1.69\" \/>\n<meta property=\"product:price:currency\" content=\"EUR\" \/>\n<meta property=\"og:availability\" content=\"instock\" \/>\n<meta property=\"product:availability\" content=\"instock\" \/>\n<meta property=\"product:retailer_item_id\" content=\"1195\" \/>\n<meta property=\"product:condition\" content=\"new\" \/>\n<!-- \/ Yoast SEO Premium plugin. -->","yoast_head_json":{"title":"Salsa di accompagnamento per hot pot alle arachidi | Original Flavour | su 1mal1japan","description":"I\u27a1 Acquista la salsa Hot Pot \u2714 salsa cremosa alle arachidi per piatti asiatici \u2714 pronta da mangiare \u2714 perfetta per carne, verdure, Tofu e hot pot!","robots":{"index":"index","follow":"follow","max-snippet":"max-snippet:-1","max-image-preview":"max-image-preview:large","max-video-preview":"max-video-preview:-1"},"canonical":"https:\/\/1mal1japan.de\/it\/produkt\/hot-pot-erdnuss-dipping-sauce-120g-hot-pot-dip-original-flavour-yihai-intl\/","og_locale":"it_IT","og_type":"article","og_title":"Salsa di accompagnamento per hot pot alle arachidi 120 g (Hot Pot Dip \u201cOriginal Flavour\u201d), Yihai Intl","og_description":"Cremosa, saporita, autentica: la salsa Hot Pot Dipping Sauce di Yihai combina l'aromatica arachide con note saporite. Perfetta per intingere carne, Tofu o verdure. Ideale per hot pot, barbecue o come cremoso tocco finale per piatti asiatici. Pronta da consumare, non necessita di refrigerazione.","og_url":"https:\/\/1mal1japan.de\/it\/produkt\/hot-pot-erdnuss-dipping-sauce-120g-hot-pot-dip-original-flavour-yihai-intl\/","og_site_name":"1mal1japan.de","article_modified_time":"2026-05-03T07:53:51+00:00","og_image":[{"width":800,"height":800,"url":"https:\/\/1mal1japan.de\/wp-content\/uploads\/2025\/09\/Hot-Pot-Dipping-Sauce-Erdnuss_1.jpg","type":"image\/jpeg"}],"schema":{"@context":"https:\/\/schema.org","@graph":[{"@type":"WebPage","@id":"https:\/\/1mal1japan.de\/it\/produkt\/hot-pot-erdnuss-dipping-sauce-120g-hot-pot-dip-original-flavour-yihai-intl\/","url":"https:\/\/1mal1japan.de\/it\/produkt\/hot-pot-erdnuss-dipping-sauce-120g-hot-pot-dip-original-flavour-yihai-intl\/","name":"Salsa di accompagnamento per hot pot alle arachidi | Original Flavour | su 1mal1japan","isPartOf":{"@id":"https:\/\/1mal1japan.de\/it\/#website"},"primaryImageOfPage":{"@id":"https:\/\/1mal1japan.de\/it\/produkt\/hot-pot-erdnuss-dipping-sauce-120g-hot-pot-dip-original-flavour-yihai-intl\/#primaryimage"},"image":{"@id":"https:\/\/1mal1japan.de\/it\/produkt\/hot-pot-erdnuss-dipping-sauce-120g-hot-pot-dip-original-flavour-yihai-intl\/#primaryimage"},"thumbnailUrl":"https:\/\/1mal1japan.de\/wp-content\/uploads\/2025\/09\/Hot-Pot-Dipping-Sauce-Erdnuss_1.jpg","datePublished":"2025-09-24T06:58:18+00:00","dateModified":"2026-05-03T07:53:51+00:00","description":"I\u27a1 Acquista la salsa Hot Pot \u2714 salsa cremosa alle arachidi per piatti asiatici \u2714 pronta da mangiare \u2714 perfetta per carne, verdure, Tofu e hot pot!","breadcrumb":{"@id":"https:\/\/1mal1japan.de\/it\/produkt\/hot-pot-erdnuss-dipping-sauce-120g-hot-pot-dip-original-flavour-yihai-intl\/#breadcrumb"},"inLanguage":"it-IT","potentialAction":[{"@type":"ReadAction","target":["https:\/\/1mal1japan.de\/it\/produkt\/hot-pot-erdnuss-dipping-sauce-120g-hot-pot-dip-original-flavour-yihai-intl\/"]}]},{"@type":"ImageObject","inLanguage":"it-IT","@id":"https:\/\/1mal1japan.de\/it\/produkt\/hot-pot-erdnuss-dipping-sauce-120g-hot-pot-dip-original-flavour-yihai-intl\/#primaryimage","url":"https:\/\/1mal1japan.de\/wp-content\/uploads\/2025\/09\/Hot-Pot-Dipping-Sauce-Erdnuss_1.jpg","contentUrl":"https:\/\/1mal1japan.de\/wp-content\/uploads\/2025\/09\/Hot-Pot-Dipping-Sauce-Erdnuss_1.jpg","width":800,"height":800,"caption":"Salsa di accompagnamento per hot pot alle arachidi"},{"@type":"BreadcrumbList","@id":"https:\/\/1mal1japan.de\/it\/produkt\/hot-pot-erdnuss-dipping-sauce-120g-hot-pot-dip-original-flavour-yihai-intl\/#breadcrumb","itemListElement":[{"@type":"ListItem","position":1,"name":"Startseite","item":"https:\/\/1mal1japan.de\/it\/"},{"@type":"ListItem","position":2,"name":"Negozio","item":"https:\/\/1mal1japan.de\/it\/shop\/"},{"@type":"ListItem","position":3,"name":"Salsa di accompagnamento per hot pot alle arachidi 120 g (Hot Pot Dip \u201cOriginal Flavour\u201d), Yihai Intl"}]},{"@type":"WebSite","@id":"https:\/\/1mal1japan.de\/it\/#website","url":"https:\/\/1mal1japan.de\/it\/","name":"1mal1japan.de","description":"japanisch kochen &amp; einkaufen","publisher":{"@id":"https:\/\/1mal1japan.de\/it\/#\/schema\/person\/3b6eab913fce9065523e927d88b032b0"},"potentialAction":[{"@type":"SearchAction","target":{"@type":"EntryPoint","urlTemplate":"https:\/\/1mal1japan.de\/it\/?s={search_term_string}"},"query-input":{"@type":"PropertyValueSpecification","valueRequired":true,"valueName":"search_term_string"}}],"inLanguage":"it-IT"},{"@type":["Person","Organization"],"@id":"https:\/\/1mal1japan.de\/it\/#\/schema\/person\/3b6eab913fce9065523e927d88b032b0","name":"Elisa","image":{"@type":"ImageObject","inLanguage":"it-IT","@id":"https:\/\/1mal1japan.de\/wp-content\/uploads\/2018\/09\/Profilbild_Elisa.png","url":"https:\/\/1mal1japan.de\/wp-content\/uploads\/2018\/09\/Profilbild_Elisa.png","contentUrl":"https:\/\/1mal1japan.de\/wp-content\/uploads\/2018\/09\/Profilbild_Elisa.png","width":200,"height":200,"caption":"Elisa"},"logo":{"@id":"https:\/\/1mal1japan.de\/wp-content\/uploads\/2018\/09\/Profilbild_Elisa.png"}}]},"product_brand":"Yihai Intl","product_price_amount":"1.69","product_price_currency":"EUR","og_availability":"instock","product_availability":"instock","product_retailer_item_id":"1195","product_condition":"new"},"uagb_featured_image_src":{"full":["https:\/\/1mal1japan.de\/wp-content\/uploads\/2025\/09\/Hot-Pot-Dipping-Sauce-Erdnuss_1.jpg",800,800,false],"thumbnail":["https:\/\/1mal1japan.de\/wp-content\/uploads\/2025\/09\/Hot-Pot-Dipping-Sauce-Erdnuss_1-150x150.jpg",150,150,true],"medium":["https:\/\/1mal1japan.de\/wp-content\/uploads\/2025\/09\/Hot-Pot-Dipping-Sauce-Erdnuss_1-300x300.jpg",300,300,true],"medium_large":["https:\/\/1mal1japan.de\/wp-content\/uploads\/2025\/09\/Hot-Pot-Dipping-Sauce-Erdnuss_1-768x768.jpg",768,768,true],"large":["https:\/\/1mal1japan.de\/wp-content\/uploads\/2025\/09\/Hot-Pot-Dipping-Sauce-Erdnuss_1.jpg",800,800,false],"1536x1536":["https:\/\/1mal1japan.de\/wp-content\/uploads\/2025\/09\/Hot-Pot-Dipping-Sauce-Erdnuss_1.jpg",800,800,false],"2048x2048":["https:\/\/1mal1japan.de\/wp-content\/uploads\/2025\/09\/Hot-Pot-Dipping-Sauce-Erdnuss_1.jpg",800,800,false],"woocommerce_thumbnail":["https:\/\/1mal1japan.de\/wp-content\/uploads\/2025\/09\/Hot-Pot-Dipping-Sauce-Erdnuss_1-600x600.jpg",600,600,true],"woocommerce_single":["https:\/\/1mal1japan.de\/wp-content\/uploads\/2025\/09\/Hot-Pot-Dipping-Sauce-Erdnuss_1.jpg",800,800,false],"woocommerce_gallery_thumbnail":["https:\/\/1mal1japan.de\/wp-content\/uploads\/2025\/09\/Hot-Pot-Dipping-Sauce-Erdnuss_1-100x100.jpg",100,100,true]},"uagb_author_info":{"display_name":"kiwi19901","author_link":"https:\/\/1mal1japan.de\/it\/author\/"},"uagb_comment_info":0,"uagb_excerpt":"Cremosa, saporita, autentica: la salsa Hot Pot Dipping Sauce di Yihai combina l'aromatica arachide con note saporite. Perfetta per intingere carne, Tofu o verdure. Ideale per hot pot, barbecue o come cremoso tocco finale per piatti asiatici. Pronta da consumare, non necessita di refrigerazione.","_links":{"self":[{"href":"https:\/\/1mal1japan.de\/it\/wp-json\/wp\/v2\/product\/63038","targetHints":{"allow":["GET"]}}],"collection":[{"href":"https:\/\/1mal1japan.de\/it\/wp-json\/wp\/v2\/product"}],"about":[{"href":"https:\/\/1mal1japan.de\/it\/wp-json\/wp\/v2\/types\/product"}],"wp:featuredmedia":[{"embeddable":true,"href":"https:\/\/1mal1japan.de\/it\/wp-json\/wp\/v2\/media\/63039"}],"wp:attachment":[{"href":"https:\/\/1mal1japan.de\/it\/wp-json\/wp\/v2\/media?parent=63038"}],"wp:term":[{"taxonomy":"product_brand","embeddable":true,"href":"https:\/\/1mal1japan.de\/it\/wp-json\/wp\/v2\/product_brand?post=63038"},{"taxonomy":"product_cat","embeddable":true,"href":"https:\/\/1mal1japan.de\/it\/wp-json\/wp\/v2\/product_cat?post=63038"},{"taxonomy":"product_tag","embeddable":true,"href":"https:\/\/1mal1japan.de\/it\/wp-json\/wp\/v2\/product_tag?post=63038"}],"curies":[{"name":"wp","href":"https:\/\/api.w.org\/{rel}","templated":true}]}}