{"id":63080,"date":"2026-02-27T09:41:51","date_gmt":"2026-02-27T08:41:51","guid":{"rendered":"https:\/\/1mal1japan.de\/produkt\/tsuyu-sauce-220ml-3-fach-konzentrat-nudelbruehe-dipping-sauce-suppenbruehe-yamamori\/"},"modified":"2026-05-06T10:34:16","modified_gmt":"2026-05-06T08:34:16","slug":"tsuyu-sauce-220ml-3-fach-konzentrat-nudelbruehe-dipping-sauce-suppenbruehe-yamamori","status":"publish","type":"product","link":"https:\/\/1mal1japan.de\/it\/produkt\/tsuyu-sauce-220ml-3-fach-konzentrat-nudelbruehe-dipping-sauce-suppenbruehe-yamamori\/","title":{"rendered":"Salsa Tsuyu 220 ml (concentrato 3x, brodo per noodles e salsa da intingere, brodo per zuppe), Yamamori"},"content":{"rendered":"\n<section class=\"wp-block-uagb-section uagb-section__wrap uagb-section__background-color uagb-block-5c35283d\"><div class=\"uagb-section__overlay\"><\/div><div class=\"uagb-section__inner-wrap\">\n<p class=\"has-ast-global-color-5-color has-text-color has-link-color wp-elements-05b4625bb659695d6ef6139dc18d1c8a\">\u2705 Salsa Tsuyu concentrata 3 volte<br\/>\u2705 Ideale per udon, soba e somen<br\/>\u2705 Come base per zuppe o salsa di accompagnamento<br\/>\u2705 A base di salsa di soia e dashi<br\/>\u2705 Economica grazie alla diluizione personalizzata<\/p>\n<\/div><\/section>\n\n<h2 class=\"wp-block-heading\" id=\"was-ist-tsuyu\">Cos&#8217;\u00e8 la salsa Tsuyu?<\/h2>\n\n<p>La Tsuyu \u00e8 un classico condimento e brodo giapponese a base di salsa di soia e dashi. Il dashi viene tradizionalmente preparato con alghe kombu e bonito (katsuobushi) e conferisce alla salsa la sua tipica profondit\u00e0 umami. Lo tsuyu viene solitamente venduto in forma concentrata e diluito con acqua prima dell&#8217;uso. \u00c8 una delle salse di base della cucina giapponese e viene utilizzata sia per piatti caldi che freddi.<\/p>\n\n<div style=\"height:20px\" aria-hidden=\"true\" class=\"wp-block-spacer\"><\/div>\n\n<section class=\"wp-block-uagb-section uagb-section__wrap uagb-section__background-none uagb-block-6492d650\"><div class=\"uagb-section__overlay\"><\/div><div class=\"uagb-section__inner-wrap\">\n<section class=\"wp-block-uagb-section uagb-section__wrap uagb-section__background-none uagb-block-89760efc\"><div class=\"uagb-section__overlay\"><\/div><div class=\"uagb-section__inner-wrap\">\n<figure class=\"wp-block-image alignleft size-full is-resized\"><img decoding=\"async\" width=\"2000\" height=\"2000\" src=\"https:\/\/1mal1japan.de\/wp-content\/uploads\/2024\/01\/Logo-Onigiri-Reisball-2000px.png\" alt=\"\" class=\"wp-image-36793\" style=\"width:100px\" srcset=\"https:\/\/1mal1japan.de\/wp-content\/uploads\/2024\/01\/Logo-Onigiri-Reisball-2000px.png 2000w, https:\/\/1mal1japan.de\/wp-content\/uploads\/2024\/01\/Logo-Onigiri-Reisball-2000px-300x300.png 300w, https:\/\/1mal1japan.de\/wp-content\/uploads\/2024\/01\/Logo-Onigiri-Reisball-2000px-1024x1024.png 1024w, https:\/\/1mal1japan.de\/wp-content\/uploads\/2024\/01\/Logo-Onigiri-Reisball-2000px-150x150.png 150w, https:\/\/1mal1japan.de\/wp-content\/uploads\/2024\/01\/Logo-Onigiri-Reisball-2000px-768x768.png 768w, https:\/\/1mal1japan.de\/wp-content\/uploads\/2024\/01\/Logo-Onigiri-Reisball-2000px-1536x1536.png 1536w, https:\/\/1mal1japan.de\/wp-content\/uploads\/2024\/01\/Logo-Onigiri-Reisball-2000px-600x600.png 600w, https:\/\/1mal1japan.de\/wp-content\/uploads\/2024\/01\/Logo-Onigiri-Reisball-2000px-1200x1200.png 1200w, https:\/\/1mal1japan.de\/wp-content\/uploads\/2024\/01\/Logo-Onigiri-Reisball-2000px-100x100.png 100w\" sizes=\"(max-width: 2000px) 100vw, 2000px\" \/><\/figure>\n<\/div><\/section>\n\n\n\n<section class=\"wp-block-uagb-section uagb-section__wrap uagb-section__background-none uagb-block-6d656dd4\"><div class=\"uagb-section__overlay\"><\/div><div class=\"uagb-section__inner-wrap\">\n<h3 class=\"wp-block-heading has-text-align-left\" id=\"geschmack\" style=\"margin-top:0px;margin-bottom:0px\">Che sapore ha lo Tsuyu?<\/h3>\n\n\n\n<p class=\"has-text-align-left\"><em><em>Lo Tsuyu presenta un equilibrio perfetto tra la sapidit\u00e0 della salsa di soia, una delicata dolcezza e il marcato umami conferito dal dashi. Il sapore \u00e8 deciso ma non piccante, e risulta rotondo e corposo. A seconda della diluizione, pu\u00f2 essere utilizzato in modo pi\u00f9 delicato o pi\u00f9 intenso. \u00c8 caratterizzato da una profondit\u00e0 aromatica chiara, che si armonizza particolarmente bene con la pasta di grano o di grano saraceno.<\/em><\/em><\/p>\n<\/div><\/section>\n<\/div><\/section>\n\n<div style=\"height:20px\" aria-hidden=\"true\" class=\"wp-block-spacer\"><\/div>\n\n<h2 class=\"wp-block-heading\" id=\"verwendung\">Come si utilizza il concentrato triplo?<\/h2>\n\n<p>Essendo un concentrato triplo, la salsa viene solitamente diluita con acqua in un rapporto da 1:2 a 1:3, a seconda dell&#8217;intensit\u00e0 desiderata. Per i brodi caldi per la pasta si consiglia una diluizione pi\u00f9 forte, per le salse da intingere una pi\u00f9 delicata. La salsa pu\u00f2 essere utilizzata anche per insaporire piatti saltati in padella, verdure o tempura. Grazie alla sua concentrazione, \u00e8 particolarmente resa.&lt;\\seg&gt;\n\n<seg id=\"33\">\nPer cosa \u00e8 particolarmente indicata la Tsuyu?<\/seg><\/p>\n\n<h3 class=\"wp-block-heading\" id=\"rezepte\">Per cosa \u00e8 particolarmente indicato lo Tsuyu?<\/h3>\n\n<p>La Tsuyu viene tradizionalmente utilizzata come brodo per le zuppe di udon o soba. Anche la soba fredda o il somen vengono tradizionalmente serviti con una Tsuyu leggermente diluita come salsa di accompagnamento. Inoltre, \u00e8 adatta per condire piatti a base di riso, verdure stufate o come base veloce per zuppe giapponesi. Facilita la preparazione di piatti autentici nella vita quotidiana.<\/p>\n\n\t\t\t<div class=\"wp-block-uagb-post-grid uagb-post-grid  uagb-post__image-position-top uagb-post__image-enabled uagb-block-27b66334     uagb-post__items uagb-post__columns-2 is-grid uagb-post__columns-tablet-2 uagb-post__columns-mobile-2 uagb-post__equal-height\" data-total=\"0\" style=\"\">\n\n\t\t\t\t\t\t\t\t\t<p class=\"uagb-post__no-posts\">\n\t\t\t\t\t\tNo post found!\t\t\t\t\t<\/p>\n\t\t\t\t\t\t\t\t<\/div>\n\t\t\t\n<div style=\"height:20px\" aria-hidden=\"true\" class=\"wp-block-spacer\"><\/div>\n\n<h2 class=\"wp-block-heading\" id=\"lagerung\">Come si conserva la salsa Tsuyu?<\/h2>\n\n<p>Se non aperta, la bottiglia pu\u00f2 essere conservata a temperatura ambiente. Una volta aperta, va conservata ben chiusa in frigorifero. In questo modo l&#8217;aroma rimane stabile. Agitare leggermente prima dell&#8217;uso, poich\u00e9 gli ingredienti potrebbero depositarsi sul fondo. La salsa diluita va consumata subito.<\/p>\n\n<h2 class=\"wp-block-heading\" id=\"h-deine-vorteile-und-unser-versprechen\">I tuoi vantaggi e la nostra promessa:<\/h2>\n\n<section class=\"wp-block-uagb-section uagb-section__wrap uagb-section__background-color uagb-block-85f7e9d2\"><div class=\"uagb-section__overlay\"><\/div><div class=\"uagb-section__inner-wrap\">\n<p>\u2764\ufe0f <strong>Veloce, semplice e affidabile:<\/strong> I clienti ci adorano! Con 4,9 stelle su 5 su Shopvote &#8211; dai un&#8217;occhiata <a href=\"https:\/\/www.shopvote.de\/bewertung_1mal1japan_de_23342.html\">qui alle recensioni dei nostri clienti<\/a>!<\/p>\n<\/div><\/section>\n\n<div style=\"height:20px\" aria-hidden=\"true\" class=\"wp-block-spacer\"><\/div>\n\n<section class=\"wp-block-uagb-section uagb-section__wrap uagb-section__background-color uagb-block-9e748e26\"><div class=\"uagb-section__overlay\"><\/div><div class=\"uagb-section__inner-wrap\">\n<p>\ud83c\udf31 <strong>Acquisti sostenibili:<\/strong> Spedizioni a impatto zero, imballaggi ecologici, fatture digitali di default.<\/p>\n<\/div><\/section>\n\n<div style=\"height:20px\" aria-hidden=\"true\" class=\"wp-block-spacer\"><\/div>\n\n<section class=\"wp-block-uagb-section uagb-section__wrap uagb-section__background-color uagb-block-11f9fc83\"><div class=\"uagb-section__overlay\"><\/div><div class=\"uagb-section__inner-wrap\">\n<p><strong>\ud83d\udd12 Acquisti al 100% senza rischi:<\/strong> Nessun importo minimo d&#8217;ordine, spedizione gratuita in Germania a partire da 59 \u20ac di spesa + diritto di recesso di 30 giorni con reso gratuito.<\/p>\n<\/div><\/section>\n\n<div style=\"height:20px\" aria-hidden=\"true\" class=\"wp-block-spacer\"><\/div>\n\n<section class=\"wp-block-uagb-section uagb-section__wrap uagb-section__background-color uagb-block-5b55bd83\"><div class=\"uagb-section__overlay\"><\/div><div class=\"uagb-section__inner-wrap\">\n<p>\ud83e\udd62 <strong>I migliori ingredienti per la tua esperienza culinaria e gustativa: <\/strong>Prodotti selezionati a mano che ci convincono personalmente in base a quattro criteri: (1) gusto, (2) autenticit\u00e0, (3) prezzo e (4) disponibilit\u00e0.<\/p>\n<\/div><\/section>\n\n<div style=\"height:20px\" aria-hidden=\"true\" class=\"wp-block-spacer\"><\/div>\n\n<section class=\"wp-block-uagb-section uagb-section__wrap uagb-section__background-color uagb-block-94ed5912\"><div class=\"uagb-section__overlay\"><\/div><div class=\"uagb-section__inner-wrap\">\n<p>\ud83d\udc4d <strong>Approfitta della nostra pluriennale esperienza<\/strong>: 1mal1japan.de esiste gi\u00e0 dal 2016. Da allora abbiamo avuto il piacere di accogliere milioni di visitatori sul nostro blog e nel nostro Shop e di servire oltre 50.000 clienti soddisfatti. Grazie di cuore a tutti i lettori e ai fan!<\/p>\n<\/div><\/section>\n","protected":false},"excerpt":{"rendered":"<p>Questa salsa Tsuyu giapponese \u00e8 un brodo per pasta concentrato 3 volte a base di salsa di soia e dashi. \u00c8 adatta come base per zuppe di udon o soba e come salsa di accompagnamento per pasta fredda e va diluita con acqua prima dell&#8217;uso.<\/p>\n","protected":false},"featured_media":63081,"template":"","meta":{"_uag_custom_page_level_css":"","site-sidebar-layout":"default","site-content-layout":"default","ast-site-content-layout":"default","site-content-style":"default","site-sidebar-style":"default","ast-global-header-display":"","ast-banner-title-visibility":"","ast-main-header-display":"","ast-hfb-above-header-display":"","ast-hfb-below-header-display":"","ast-hfb-mobile-header-display":"","site-post-title":"","ast-breadcrumbs-content":"","ast-featured-img":"","footer-sml-layout":"","ast-disable-related-posts":"","theme-transparent-header-meta":"default","adv-header-id-meta":"","stick-header-meta":"default","header-above-stick-meta":"","header-main-stick-meta":"","header-below-stick-meta":"","astra-migrate-meta-layouts":"default","ast-page-background-enabled":"default","ast-page-background-meta":{"desktop":{"background-color":"","background-image":"","background-repeat":"repeat","background-position":"center center","background-size":"auto","background-attachment":"scroll","background-type":"","background-media":"","overlay-type":"","overlay-color":"","overlay-opacity":"","overlay-gradient":""},"tablet":{"background-color":"","background-image":"","background-repeat":"repeat","background-position":"center center","background-size":"auto","background-attachment":"scroll","background-type":"","background-media":"","overlay-type":"","overlay-color":"","overlay-opacity":"","overlay-gradient":""},"mobile":{"background-color":"","background-image":"","background-repeat":"repeat","background-position":"center center","background-size":"auto","background-attachment":"scroll","background-type":"","background-media":"","overlay-type":"","overlay-color":"","overlay-opacity":"","overlay-gradient":""}},"ast-content-background-meta":{"desktop":{"background-color":"var(--ast-global-color-5)","background-image":"","background-repeat":"repeat","background-position":"center center","background-size":"auto","background-attachment":"scroll","background-type":"","background-media":"","overlay-type":"","overlay-color":"","overlay-opacity":"","overlay-gradient":""},"tablet":{"background-color":"var(--ast-global-color-5)","background-image":"","background-repeat":"repeat","background-position":"center center","background-size":"auto","background-attachment":"scroll","background-type":"","background-media":"","overlay-type":"","overlay-color":"","overlay-opacity":"","overlay-gradient":""},"mobile":{"background-color":"var(--ast-global-color-5)","background-image":"","background-repeat":"repeat","background-position":"center center","background-size":"auto","background-attachment":"scroll","background-type":"","background-media":"","overlay-type":"","overlay-color":"","overlay-opacity":"","overlay-gradient":""}}},"product_brand":[],"product_cat":[1617,1556,1568,1557],"product_tag":[1559,1560],"class_list":{"0":"post-63080","1":"product","2":"type-product","3":"status-publish","4":"has-post-thumbnail","6":"product_cat-neuheiten","7":"product_cat-olio-aceto-paste-e-salse","8":"product_cat-spezie-e-brodi","9":"product_cat-tutti-i-prodotti","10":"product_tag-tsuyu","11":"product_tag-zuppe-di-noodles","12":"desktop-align-left","13":"tablet-align-left","14":"mobile-align-left","15":"ast-product-gallery-layout-horizontal-slider","16":"ast-magnify-disabled","17":"ast-product-tabs-layout-horizontal","19":"first","20":"instock","21":"taxable","22":"shipping-taxable","23":"purchasable","24":"product-type-simple"},"yoast_head":"<!-- This site is optimized with the Yoast SEO Premium plugin v27.5 (Yoast SEO v27.5) - https:\/\/yoast.com\/product\/yoast-seo-premium-wordpress\/ -->\n<title>Tsuyu 220 ml | Acquista concentrato 3x (salsa e brodo)<\/title>\n<meta name=\"description\" content=\"I\u27a1 Salsa Tsuyu concentrata 3 volte \u2714 brodo per noodles giapponesi \u2714 ideale per udon e soba \u2714 resa elevata e versatile \u2714 consegna rapida!\" \/>\n<meta name=\"robots\" content=\"index, follow, max-snippet:-1, max-image-preview:large, max-video-preview:-1\" \/>\n<link rel=\"canonical\" href=\"https:\/\/1mal1japan.de\/it\/produkt\/tsuyu-sauce-220ml-3-fach-konzentrat-nudelbruehe-dipping-sauce-suppenbruehe-yamamori\/\" \/>\n<meta property=\"og:locale\" content=\"it_IT\" \/>\n<meta property=\"og:type\" content=\"article\" \/>\n<meta property=\"og:title\" content=\"Salsa Tsuyu 220 ml (concentrato 3x, brodo per noodles e salsa da intingere, brodo per zuppe), Yamamori\" \/>\n<meta property=\"og:description\" content=\"Questa salsa Tsuyu giapponese \u00e8 un brodo per pasta concentrato 3 volte a base di salsa di soia e dashi. \u00c8 adatta come base per zuppe di udon o soba e come salsa di accompagnamento per pasta fredda e va diluita con acqua prima dell&#039;uso.\" \/>\n<meta property=\"og:url\" content=\"https:\/\/1mal1japan.de\/it\/produkt\/tsuyu-sauce-220ml-3-fach-konzentrat-nudelbruehe-dipping-sauce-suppenbruehe-yamamori\/\" \/>\n<meta property=\"og:site_name\" content=\"1mal1japan.de\" \/>\n<meta property=\"article:modified_time\" content=\"2026-05-06T08:34:16+00:00\" \/>\n<meta property=\"og:image\" content=\"https:\/\/1mal1japan.de\/wp-content\/uploads\/2026\/02\/Tsuyu-1.jpg\" \/>\n\t<meta property=\"og:image:width\" content=\"800\" \/>\n\t<meta property=\"og:image:height\" content=\"800\" \/>\n\t<meta property=\"og:image:type\" content=\"image\/jpeg\" \/>\n<script type=\"application\/ld+json\" class=\"yoast-schema-graph\">{\"@context\":\"https:\\\/\\\/schema.org\",\"@graph\":[{\"@type\":\"WebPage\",\"@id\":\"https:\\\/\\\/1mal1japan.de\\\/it\\\/produkt\\\/tsuyu-sauce-220ml-3-fach-konzentrat-nudelbruehe-dipping-sauce-suppenbruehe-yamamori\\\/\",\"url\":\"https:\\\/\\\/1mal1japan.de\\\/it\\\/produkt\\\/tsuyu-sauce-220ml-3-fach-konzentrat-nudelbruehe-dipping-sauce-suppenbruehe-yamamori\\\/\",\"name\":\"Tsuyu 220 ml | Acquista concentrato 3x (salsa e brodo)\",\"isPartOf\":{\"@id\":\"https:\\\/\\\/1mal1japan.de\\\/it\\\/#website\"},\"primaryImageOfPage\":{\"@id\":\"https:\\\/\\\/1mal1japan.de\\\/it\\\/produkt\\\/tsuyu-sauce-220ml-3-fach-konzentrat-nudelbruehe-dipping-sauce-suppenbruehe-yamamori\\\/#primaryimage\"},\"image\":{\"@id\":\"https:\\\/\\\/1mal1japan.de\\\/it\\\/produkt\\\/tsuyu-sauce-220ml-3-fach-konzentrat-nudelbruehe-dipping-sauce-suppenbruehe-yamamori\\\/#primaryimage\"},\"thumbnailUrl\":\"https:\\\/\\\/1mal1japan.de\\\/wp-content\\\/uploads\\\/2026\\\/02\\\/Tsuyu-1.jpg\",\"datePublished\":\"2026-02-27T08:41:51+00:00\",\"dateModified\":\"2026-05-06T08:34:16+00:00\",\"description\":\"I\u27a1 Salsa Tsuyu concentrata 3 volte \u2714 brodo per noodles giapponesi \u2714 ideale per udon e soba \u2714 resa elevata e versatile \u2714 consegna rapida!\",\"breadcrumb\":{\"@id\":\"https:\\\/\\\/1mal1japan.de\\\/it\\\/produkt\\\/tsuyu-sauce-220ml-3-fach-konzentrat-nudelbruehe-dipping-sauce-suppenbruehe-yamamori\\\/#breadcrumb\"},\"inLanguage\":\"it-IT\",\"potentialAction\":[{\"@type\":\"ReadAction\",\"target\":[\"https:\\\/\\\/1mal1japan.de\\\/it\\\/produkt\\\/tsuyu-sauce-220ml-3-fach-konzentrat-nudelbruehe-dipping-sauce-suppenbruehe-yamamori\\\/\"]}]},{\"@type\":\"ImageObject\",\"inLanguage\":\"it-IT\",\"@id\":\"https:\\\/\\\/1mal1japan.de\\\/it\\\/produkt\\\/tsuyu-sauce-220ml-3-fach-konzentrat-nudelbruehe-dipping-sauce-suppenbruehe-yamamori\\\/#primaryimage\",\"url\":\"https:\\\/\\\/1mal1japan.de\\\/wp-content\\\/uploads\\\/2026\\\/02\\\/Tsuyu-1.jpg\",\"contentUrl\":\"https:\\\/\\\/1mal1japan.de\\\/wp-content\\\/uploads\\\/2026\\\/02\\\/Tsuyu-1.jpg\",\"width\":800,\"height\":800,\"caption\":\"Salsa Tsuyu 220 ml (concentrato 3x, brodo per noodles e salsa da intingere, brodo per zuppe), Yamamori\"},{\"@type\":\"BreadcrumbList\",\"@id\":\"https:\\\/\\\/1mal1japan.de\\\/it\\\/produkt\\\/tsuyu-sauce-220ml-3-fach-konzentrat-nudelbruehe-dipping-sauce-suppenbruehe-yamamori\\\/#breadcrumb\",\"itemListElement\":[{\"@type\":\"ListItem\",\"position\":1,\"name\":\"Startseite\",\"item\":\"https:\\\/\\\/1mal1japan.de\\\/it\\\/\"},{\"@type\":\"ListItem\",\"position\":2,\"name\":\"Negozio\",\"item\":\"https:\\\/\\\/1mal1japan.de\\\/it\\\/shop\\\/\"},{\"@type\":\"ListItem\",\"position\":3,\"name\":\"Salsa Tsuyu 220 ml (concentrato 3x, brodo per noodles e salsa da intingere, brodo per zuppe), Yamamori\"}]},{\"@type\":\"WebSite\",\"@id\":\"https:\\\/\\\/1mal1japan.de\\\/it\\\/#website\",\"url\":\"https:\\\/\\\/1mal1japan.de\\\/it\\\/\",\"name\":\"1mal1japan.de\",\"description\":\"japanisch kochen &amp; einkaufen\",\"publisher\":{\"@id\":\"https:\\\/\\\/1mal1japan.de\\\/it\\\/#\\\/schema\\\/person\\\/3b6eab913fce9065523e927d88b032b0\"},\"potentialAction\":[{\"@type\":\"SearchAction\",\"target\":{\"@type\":\"EntryPoint\",\"urlTemplate\":\"https:\\\/\\\/1mal1japan.de\\\/it\\\/?s={search_term_string}\"},\"query-input\":{\"@type\":\"PropertyValueSpecification\",\"valueRequired\":true,\"valueName\":\"search_term_string\"}}],\"inLanguage\":\"it-IT\"},{\"@type\":[\"Person\",\"Organization\"],\"@id\":\"https:\\\/\\\/1mal1japan.de\\\/it\\\/#\\\/schema\\\/person\\\/3b6eab913fce9065523e927d88b032b0\",\"name\":\"Elisa\",\"image\":{\"@type\":\"ImageObject\",\"inLanguage\":\"it-IT\",\"@id\":\"https:\\\/\\\/1mal1japan.de\\\/wp-content\\\/uploads\\\/2018\\\/09\\\/Profilbild_Elisa.png\",\"url\":\"https:\\\/\\\/1mal1japan.de\\\/wp-content\\\/uploads\\\/2018\\\/09\\\/Profilbild_Elisa.png\",\"contentUrl\":\"https:\\\/\\\/1mal1japan.de\\\/wp-content\\\/uploads\\\/2018\\\/09\\\/Profilbild_Elisa.png\",\"width\":200,\"height\":200,\"caption\":\"Elisa\"},\"logo\":{\"@id\":\"https:\\\/\\\/1mal1japan.de\\\/wp-content\\\/uploads\\\/2018\\\/09\\\/Profilbild_Elisa.png\"}}]}<\/script>\n<meta property=\"product:brand\" content=\"Yamamori\" \/>\n<meta property=\"product:price:amount\" content=\"4.29\" \/>\n<meta property=\"product:price:currency\" content=\"EUR\" \/>\n<meta property=\"og:availability\" content=\"instock\" \/>\n<meta property=\"product:availability\" content=\"instock\" \/>\n<meta property=\"product:retailer_item_id\" content=\"1208\" \/>\n<meta property=\"product:condition\" content=\"new\" \/>\n<!-- \/ Yoast SEO Premium plugin. -->","yoast_head_json":{"title":"Tsuyu 220 ml | Acquista concentrato 3x (salsa e brodo)","description":"I\u27a1 Salsa Tsuyu concentrata 3 volte \u2714 brodo per noodles giapponesi \u2714 ideale per udon e soba \u2714 resa elevata e versatile \u2714 consegna rapida!","robots":{"index":"index","follow":"follow","max-snippet":"max-snippet:-1","max-image-preview":"max-image-preview:large","max-video-preview":"max-video-preview:-1"},"canonical":"https:\/\/1mal1japan.de\/it\/produkt\/tsuyu-sauce-220ml-3-fach-konzentrat-nudelbruehe-dipping-sauce-suppenbruehe-yamamori\/","og_locale":"it_IT","og_type":"article","og_title":"Salsa Tsuyu 220 ml (concentrato 3x, brodo per noodles e salsa da intingere, brodo per zuppe), Yamamori","og_description":"Questa salsa Tsuyu giapponese \u00e8 un brodo per pasta concentrato 3 volte a base di salsa di soia e dashi. \u00c8 adatta come base per zuppe di udon o soba e come salsa di accompagnamento per pasta fredda e va diluita con acqua prima dell'uso.","og_url":"https:\/\/1mal1japan.de\/it\/produkt\/tsuyu-sauce-220ml-3-fach-konzentrat-nudelbruehe-dipping-sauce-suppenbruehe-yamamori\/","og_site_name":"1mal1japan.de","article_modified_time":"2026-05-06T08:34:16+00:00","og_image":[{"width":800,"height":800,"url":"https:\/\/1mal1japan.de\/wp-content\/uploads\/2026\/02\/Tsuyu-1.jpg","type":"image\/jpeg"}],"schema":{"@context":"https:\/\/schema.org","@graph":[{"@type":"WebPage","@id":"https:\/\/1mal1japan.de\/it\/produkt\/tsuyu-sauce-220ml-3-fach-konzentrat-nudelbruehe-dipping-sauce-suppenbruehe-yamamori\/","url":"https:\/\/1mal1japan.de\/it\/produkt\/tsuyu-sauce-220ml-3-fach-konzentrat-nudelbruehe-dipping-sauce-suppenbruehe-yamamori\/","name":"Tsuyu 220 ml | Acquista concentrato 3x (salsa e brodo)","isPartOf":{"@id":"https:\/\/1mal1japan.de\/it\/#website"},"primaryImageOfPage":{"@id":"https:\/\/1mal1japan.de\/it\/produkt\/tsuyu-sauce-220ml-3-fach-konzentrat-nudelbruehe-dipping-sauce-suppenbruehe-yamamori\/#primaryimage"},"image":{"@id":"https:\/\/1mal1japan.de\/it\/produkt\/tsuyu-sauce-220ml-3-fach-konzentrat-nudelbruehe-dipping-sauce-suppenbruehe-yamamori\/#primaryimage"},"thumbnailUrl":"https:\/\/1mal1japan.de\/wp-content\/uploads\/2026\/02\/Tsuyu-1.jpg","datePublished":"2026-02-27T08:41:51+00:00","dateModified":"2026-05-06T08:34:16+00:00","description":"I\u27a1 Salsa Tsuyu concentrata 3 volte \u2714 brodo per noodles giapponesi \u2714 ideale per udon e soba \u2714 resa elevata e versatile \u2714 consegna rapida!","breadcrumb":{"@id":"https:\/\/1mal1japan.de\/it\/produkt\/tsuyu-sauce-220ml-3-fach-konzentrat-nudelbruehe-dipping-sauce-suppenbruehe-yamamori\/#breadcrumb"},"inLanguage":"it-IT","potentialAction":[{"@type":"ReadAction","target":["https:\/\/1mal1japan.de\/it\/produkt\/tsuyu-sauce-220ml-3-fach-konzentrat-nudelbruehe-dipping-sauce-suppenbruehe-yamamori\/"]}]},{"@type":"ImageObject","inLanguage":"it-IT","@id":"https:\/\/1mal1japan.de\/it\/produkt\/tsuyu-sauce-220ml-3-fach-konzentrat-nudelbruehe-dipping-sauce-suppenbruehe-yamamori\/#primaryimage","url":"https:\/\/1mal1japan.de\/wp-content\/uploads\/2026\/02\/Tsuyu-1.jpg","contentUrl":"https:\/\/1mal1japan.de\/wp-content\/uploads\/2026\/02\/Tsuyu-1.jpg","width":800,"height":800,"caption":"Salsa Tsuyu 220 ml (concentrato 3x, brodo per noodles e salsa da intingere, brodo per zuppe), Yamamori"},{"@type":"BreadcrumbList","@id":"https:\/\/1mal1japan.de\/it\/produkt\/tsuyu-sauce-220ml-3-fach-konzentrat-nudelbruehe-dipping-sauce-suppenbruehe-yamamori\/#breadcrumb","itemListElement":[{"@type":"ListItem","position":1,"name":"Startseite","item":"https:\/\/1mal1japan.de\/it\/"},{"@type":"ListItem","position":2,"name":"Negozio","item":"https:\/\/1mal1japan.de\/it\/shop\/"},{"@type":"ListItem","position":3,"name":"Salsa Tsuyu 220 ml (concentrato 3x, brodo per noodles e salsa da intingere, brodo per zuppe), Yamamori"}]},{"@type":"WebSite","@id":"https:\/\/1mal1japan.de\/it\/#website","url":"https:\/\/1mal1japan.de\/it\/","name":"1mal1japan.de","description":"japanisch kochen &amp; einkaufen","publisher":{"@id":"https:\/\/1mal1japan.de\/it\/#\/schema\/person\/3b6eab913fce9065523e927d88b032b0"},"potentialAction":[{"@type":"SearchAction","target":{"@type":"EntryPoint","urlTemplate":"https:\/\/1mal1japan.de\/it\/?s={search_term_string}"},"query-input":{"@type":"PropertyValueSpecification","valueRequired":true,"valueName":"search_term_string"}}],"inLanguage":"it-IT"},{"@type":["Person","Organization"],"@id":"https:\/\/1mal1japan.de\/it\/#\/schema\/person\/3b6eab913fce9065523e927d88b032b0","name":"Elisa","image":{"@type":"ImageObject","inLanguage":"it-IT","@id":"https:\/\/1mal1japan.de\/wp-content\/uploads\/2018\/09\/Profilbild_Elisa.png","url":"https:\/\/1mal1japan.de\/wp-content\/uploads\/2018\/09\/Profilbild_Elisa.png","contentUrl":"https:\/\/1mal1japan.de\/wp-content\/uploads\/2018\/09\/Profilbild_Elisa.png","width":200,"height":200,"caption":"Elisa"},"logo":{"@id":"https:\/\/1mal1japan.de\/wp-content\/uploads\/2018\/09\/Profilbild_Elisa.png"}}]},"product_brand":"Yamamori","product_price_amount":"4.29","product_price_currency":"EUR","og_availability":"instock","product_availability":"instock","product_retailer_item_id":"1208","product_condition":"new"},"uagb_featured_image_src":{"full":["https:\/\/1mal1japan.de\/wp-content\/uploads\/2026\/02\/Tsuyu-1.jpg",800,800,false],"thumbnail":["https:\/\/1mal1japan.de\/wp-content\/uploads\/2026\/02\/Tsuyu-1-150x150.jpg",150,150,true],"medium":["https:\/\/1mal1japan.de\/wp-content\/uploads\/2026\/02\/Tsuyu-1-300x300.jpg",300,300,true],"medium_large":["https:\/\/1mal1japan.de\/wp-content\/uploads\/2026\/02\/Tsuyu-1-768x768.jpg",768,768,true],"large":["https:\/\/1mal1japan.de\/wp-content\/uploads\/2026\/02\/Tsuyu-1.jpg",800,800,false],"1536x1536":["https:\/\/1mal1japan.de\/wp-content\/uploads\/2026\/02\/Tsuyu-1.jpg",800,800,false],"2048x2048":["https:\/\/1mal1japan.de\/wp-content\/uploads\/2026\/02\/Tsuyu-1.jpg",800,800,false],"woocommerce_thumbnail":["https:\/\/1mal1japan.de\/wp-content\/uploads\/2026\/02\/Tsuyu-1-600x600.jpg",600,600,true],"woocommerce_single":["https:\/\/1mal1japan.de\/wp-content\/uploads\/2026\/02\/Tsuyu-1.jpg",800,800,false],"woocommerce_gallery_thumbnail":["https:\/\/1mal1japan.de\/wp-content\/uploads\/2026\/02\/Tsuyu-1-100x100.jpg",100,100,true]},"uagb_author_info":{"display_name":"kiwi19901","author_link":"https:\/\/1mal1japan.de\/it\/author\/"},"uagb_comment_info":0,"uagb_excerpt":"Questa salsa Tsuyu giapponese \u00e8 un brodo per pasta concentrato 3 volte a base di salsa di soia e dashi. \u00c8 adatta come base per zuppe di udon o soba e come salsa di accompagnamento per pasta fredda e va diluita con acqua prima dell'uso.","_links":{"self":[{"href":"https:\/\/1mal1japan.de\/it\/wp-json\/wp\/v2\/product\/63080","targetHints":{"allow":["GET"]}}],"collection":[{"href":"https:\/\/1mal1japan.de\/it\/wp-json\/wp\/v2\/product"}],"about":[{"href":"https:\/\/1mal1japan.de\/it\/wp-json\/wp\/v2\/types\/product"}],"wp:featuredmedia":[{"embeddable":true,"href":"https:\/\/1mal1japan.de\/it\/wp-json\/wp\/v2\/media\/63081"}],"wp:attachment":[{"href":"https:\/\/1mal1japan.de\/it\/wp-json\/wp\/v2\/media?parent=63080"}],"wp:term":[{"taxonomy":"product_brand","embeddable":true,"href":"https:\/\/1mal1japan.de\/it\/wp-json\/wp\/v2\/product_brand?post=63080"},{"taxonomy":"product_cat","embeddable":true,"href":"https:\/\/1mal1japan.de\/it\/wp-json\/wp\/v2\/product_cat?post=63080"},{"taxonomy":"product_tag","embeddable":true,"href":"https:\/\/1mal1japan.de\/it\/wp-json\/wp\/v2\/product_tag?post=63080"}],"curies":[{"name":"wp","href":"https:\/\/api.w.org\/{rel}","templated":true}]}}