{"id":63124,"date":"2025-12-02T08:51:28","date_gmt":"2025-12-02T07:51:28","guid":{"rendered":"https:\/\/1mal1japan.de\/produkt\/reiskuchen-geschnitten-200g-teokguk-tteok\/"},"modified":"2026-04-23T14:06:41","modified_gmt":"2026-04-23T12:06:41","slug":"reiskuchen-geschnitten-200g-teokguk-tteok","status":"publish","type":"product","link":"https:\/\/1mal1japan.de\/it\/produkt\/reiskuchen-geschnitten-200g-teokguk-tteok\/","title":{"rendered":"Tortine di riso, affettate 200 g (Teokguk, Tteok)"},"content":{"rendered":"\n<section class=\"wp-block-uagb-section uagb-section__wrap uagb-section__background-color uagb-block-5c35283d\"><div class=\"uagb-section__overlay\"><\/div><div class=\"uagb-section__inner-wrap\">\n<p class=\"has-ast-global-color-5-color has-text-color has-link-color wp-elements-42c2411efac04db18839d97f910aaeb7\">\u2705 Tteok (bastoncini di riso) coreani tagliati a fette, a base di farina di riso<br\/>\u2705 Consistenza tipicamente morbida e leggermente gommosa<br\/>\u2705 Ideali per il tteokguk, le zuppe e i piatti saltati in padella<br\/>\u2705 Sapore neutro \u2013 assorbono bene le salse<br\/>\u2705 Vegani, senza lattosio e senza zuccheri aggiunti<\/p>\n<\/div><\/section>\n\n<h2 class=\"wp-block-heading\" id=\"was-sind-reiskuchen\">Cosa sono i tortini di riso coreani?<\/h2>\n\n<p>I bastoncini di tortino di riso (Tteok) sono un ingrediente classico della zuppa coreana di Capodanno \u201cTteokguk\u201d. Sono fatti con farina di riso, tradizionalmente tagliati a bastoncini o a fette, e durante la cottura assumono una consistenza piacevolmente gommosa e leggermente appiccicosa. Grazie al loro sapore delicato, si adattano a qualsiasi brodo o salsa.<\/p>\n\n<div style=\"height:20px\" aria-hidden=\"true\" class=\"wp-block-spacer\"><\/div>\n\n<section class=\"wp-block-uagb-section uagb-section__wrap uagb-section__background-none uagb-block-6492d650\"><div class=\"uagb-section__overlay\"><\/div><div class=\"uagb-section__inner-wrap\">\n<section class=\"wp-block-uagb-section uagb-section__wrap uagb-section__background-none uagb-block-89760efc\"><div class=\"uagb-section__overlay\"><\/div><div class=\"uagb-section__inner-wrap\">\n<figure class=\"wp-block-image alignleft size-full is-resized\"><img decoding=\"async\" width=\"2000\" height=\"2000\" src=\"https:\/\/1mal1japan.de\/wp-content\/uploads\/2024\/01\/Logo-Onigiri-Reisball-2000px.png\" alt=\"\" class=\"wp-image-36793\" style=\"width:100px\" srcset=\"https:\/\/1mal1japan.de\/wp-content\/uploads\/2024\/01\/Logo-Onigiri-Reisball-2000px.png 2000w, https:\/\/1mal1japan.de\/wp-content\/uploads\/2024\/01\/Logo-Onigiri-Reisball-2000px-300x300.png 300w, https:\/\/1mal1japan.de\/wp-content\/uploads\/2024\/01\/Logo-Onigiri-Reisball-2000px-1024x1024.png 1024w, https:\/\/1mal1japan.de\/wp-content\/uploads\/2024\/01\/Logo-Onigiri-Reisball-2000px-150x150.png 150w, https:\/\/1mal1japan.de\/wp-content\/uploads\/2024\/01\/Logo-Onigiri-Reisball-2000px-768x768.png 768w, https:\/\/1mal1japan.de\/wp-content\/uploads\/2024\/01\/Logo-Onigiri-Reisball-2000px-1536x1536.png 1536w, https:\/\/1mal1japan.de\/wp-content\/uploads\/2024\/01\/Logo-Onigiri-Reisball-2000px-600x600.png 600w, https:\/\/1mal1japan.de\/wp-content\/uploads\/2024\/01\/Logo-Onigiri-Reisball-2000px-1200x1200.png 1200w, https:\/\/1mal1japan.de\/wp-content\/uploads\/2024\/01\/Logo-Onigiri-Reisball-2000px-100x100.png 100w\" sizes=\"(max-width: 2000px) 100vw, 2000px\" \/><\/figure>\n<\/div><\/section>\n\n\n\n<section class=\"wp-block-uagb-section uagb-section__wrap uagb-section__background-none uagb-block-6d656dd4\"><div class=\"uagb-section__overlay\"><\/div><div class=\"uagb-section__inner-wrap\">\n<h3 class=\"wp-block-heading has-text-align-left\" id=\"zubereitung\" style=\"margin-top:0px;margin-bottom:0px\">Come si preparano i bastoncini di riso?<\/h3>\n\n\n\n<p class=\"has-text-align-left\"><em><em>Se necessario, immergere le gallette di riso in acqua fredda prima della cottura (circa 20 minuti), quindi cuocerle direttamente nel brodo o nei piatti preparati nel wok per 3-7 minuti, a seconda della consistenza desiderata. Dovrebbero risultare morbide, ma ancora leggermente al dente. Non cuocerle troppo a lungo, altrimenti si appiccicano.<\/em><\/em><\/p>\n<\/div><\/section>\n<\/div><\/section>\n\n<div style=\"height:20px\" aria-hidden=\"true\" class=\"wp-block-spacer\"><\/div>\n\n<h2 class=\"wp-block-heading\" id=\"verwendung\">Per cosa posso usare le gallette di riso?<\/h2>\n\n<p>I tteok sono pronti per la cottura e versatili:<\/p>\n\n<ul class=\"wp-block-list\">\n<li>nella zuppa di Capodanno Tteokguk<\/li>\n\n\n\n<li>per piatti saltati in padella con gochujang<\/li>\n\n\n\n<li>nei brodi, negli stufati o come contorno<\/li>\n\n\n\n<li>anche come aggiunta all&#8217;hotpot o al Bulgogi<\/li>\n<\/ul>\n\n<p>Abbinali a Kimchi, carne, uova o cipollotti per un piatto sostanzioso e saporito.<\/p>\n\n\t\t\t<div class=\"wp-block-uagb-post-grid uagb-post-grid  uagb-post__image-position-top uagb-post__image-enabled uagb-block-27b66334     uagb-post__items uagb-post__columns-2 is-grid uagb-post__columns-tablet-2 uagb-post__columns-mobile-2 uagb-post__equal-height\" data-total=\"0\" style=\"\">\n\n\t\t\t\t\t\t\t\t\t<p class=\"uagb-post__no-posts\">\n\t\t\t\t\t\tNo post found!\t\t\t\t\t<\/p>\n\t\t\t\t\t\t\t\t<\/div>\n\t\t\t\n<div style=\"height:20px\" aria-hidden=\"true\" class=\"wp-block-spacer\"><\/div>\n\n\t\t\t<div class=\"wp-block-uagb-post-grid uagb-post-grid  uagb-post__image-position-top uagb-post__image-enabled uagb-block-22a03763     uagb-post__items uagb-post__columns-2 is-grid uagb-post__columns-tablet-2 uagb-post__columns-mobile-2 uagb-post__equal-height\" data-total=\"0\" style=\"\">\n\n\t\t\t\t\t\t\t\t\t<p class=\"uagb-post__no-posts\">\n\t\t\t\t\t\tNo post found!\t\t\t\t\t<\/p>\n\t\t\t\t\t\t\t\t<\/div>\n\t\t\t\n<div style=\"height:20px\" aria-hidden=\"true\" class=\"wp-block-spacer\"><\/div>\n\n<h2 class=\"wp-block-heading\" id=\"lagerung\">Come conservare le gallette di riso?<\/h2>\n\n<p>Conservare la confezione in un luogo fresco e asciutto. Una volta aperta, conservare in frigorifero e consumare il prima possibile. Per una conservazione pi\u00f9 lunga, le gallette di riso possono anche essere congelate in porzioni.<\/p>\n\n<h2 class=\"wp-block-heading\" id=\"h-deine-vorteile-und-unser-versprechen\">I tuoi vantaggi e la nostra promessa:<\/h2>\n\n<section class=\"wp-block-uagb-section uagb-section__wrap uagb-section__background-color uagb-block-85f7e9d2\"><div class=\"uagb-section__overlay\"><\/div><div class=\"uagb-section__inner-wrap\">\n<p>\u2764\ufe0f <strong>Schnell, unkompliziert &amp; zuverl\u00e4ssig:<\/strong> Kunden lieben uns! Mit 4,9 von 5 Sternen bei Shopvote &#8211; schau dir <a href=\"https:\/\/www.shopvote.de\/bewertung_1mal1japan_de_23342.html\">hier unsere Kundenbewertungen<\/a> selbst an!<\/p>\n<\/div><\/section>\n\n\n\n<div style=\"height:20px\" aria-hidden=\"true\" class=\"wp-block-spacer\"><\/div>\n\n\n\n<section class=\"wp-block-uagb-section uagb-section__wrap uagb-section__background-color uagb-block-9e748e26\"><div class=\"uagb-section__overlay\"><\/div><div class=\"uagb-section__inner-wrap\">\n<p>\ud83c\udf31 <strong>Nachhaltig Shoppen:<\/strong> Klimaneutral versendet, umweltfreundlich verpackt, standardm\u00e4\u00dfig digitale Rechnungen.<\/p>\n<\/div><\/section>\n\n\n\n<div style=\"height:20px\" aria-hidden=\"true\" class=\"wp-block-spacer\"><\/div>\n\n\n\n<section class=\"wp-block-uagb-section uagb-section__wrap uagb-section__background-color uagb-block-11f9fc83\"><div class=\"uagb-section__overlay\"><\/div><div class=\"uagb-section__inner-wrap\">\n<p><strong>\ud83d\udd12 100% einkaufen ohne Risiko:<\/strong> Kein Mindestbestellwert, Gratis-Versand innerhalb Deutschlands ab 59\u20ac Bestellwert + 30 Tage Widerrufsrecht mit kostenlosem R\u00fcckversand.<\/p>\n<\/div><\/section>\n\n\n\n<div style=\"height:20px\" aria-hidden=\"true\" class=\"wp-block-spacer\"><\/div>\n\n\n\n<section class=\"wp-block-uagb-section uagb-section__wrap uagb-section__background-color uagb-block-5b55bd83\"><div class=\"uagb-section__overlay\"><\/div><div class=\"uagb-section__inner-wrap\">\n<p>\ud83e\udd62 <strong>Allerbeste Zutaten f\u00fcr dein Koch- und Geschmackserlebnis: <\/strong>Handverlesene Produkte, die uns pers\u00f6nlich nach vier Kriterien \u00fcberzeugen (1) Geschmack, (2) Authentizit\u00e4t (3) Preis und (4) Verf\u00fcgbarkeit.<\/p>\n<\/div><\/section>\n\n\n\n<div style=\"height:20px\" aria-hidden=\"true\" class=\"wp-block-spacer\"><\/div>\n\n\n\n<section class=\"wp-block-uagb-section uagb-section__wrap uagb-section__background-color uagb-block-94ed5912\"><div class=\"uagb-section__overlay\"><\/div><div class=\"uagb-section__inner-wrap\">\n<p>\ud83d\udc4d <strong>Profitiere von langj\u00e4hriger Erfahrung<\/strong>: 1mal1japan.de gibt es bereits seit 2016. Seitdem durften wir bereits Millionen an Besuchern auf unserem Blog und Shop begr\u00fc\u00dfen und \u00fcber 50.000 zufriedene Kunden beliefern. Ganz herzlichen Dank an alle Leser und Fans!<\/p>\n<\/div><\/section>\n","protected":false},"excerpt":{"rendered":"<p><strong>Torte di riso coreane per Tteokguk, zuppe e piatti saltati in padella. <\/strong><\/p>\n<p>Queste gallette di riso coreane (Tteok) tagliate a fette di Obap sono fatte con farina di riso e hanno una consistenza morbida e leggermente gommosa. Sono perfette per zuppe come il Tteokguk, ma anche per stufati o piatti piccanti saltati in padella.<\/p>\n","protected":false},"featured_media":63126,"template":"","meta":{"_uag_custom_page_level_css":"","site-sidebar-layout":"default","site-content-layout":"","ast-site-content-layout":"default","site-content-style":"default","site-sidebar-style":"default","ast-global-header-display":"","ast-banner-title-visibility":"","ast-main-header-display":"","ast-hfb-above-header-display":"","ast-hfb-below-header-display":"","ast-hfb-mobile-header-display":"","site-post-title":"","ast-breadcrumbs-content":"","ast-featured-img":"","footer-sml-layout":"","ast-disable-related-posts":"","theme-transparent-header-meta":"","adv-header-id-meta":"","stick-header-meta":"","header-above-stick-meta":"","header-main-stick-meta":"","header-below-stick-meta":"","astra-migrate-meta-layouts":"default","ast-page-background-enabled":"default","ast-page-background-meta":{"desktop":{"background-color":"","background-image":"","background-repeat":"repeat","background-position":"center center","background-size":"auto","background-attachment":"scroll","background-type":"","background-media":"","overlay-type":"","overlay-color":"","overlay-opacity":"","overlay-gradient":""},"tablet":{"background-color":"","background-image":"","background-repeat":"repeat","background-position":"center center","background-size":"auto","background-attachment":"scroll","background-type":"","background-media":"","overlay-type":"","overlay-color":"","overlay-opacity":"","overlay-gradient":""},"mobile":{"background-color":"","background-image":"","background-repeat":"repeat","background-position":"center center","background-size":"auto","background-attachment":"scroll","background-type":"","background-media":"","overlay-type":"","overlay-color":"","overlay-opacity":"","overlay-gradient":""}},"ast-content-background-meta":{"desktop":{"background-color":"var(--ast-global-color-5)","background-image":"","background-repeat":"repeat","background-position":"center center","background-size":"auto","background-attachment":"scroll","background-type":"","background-media":"","overlay-type":"","overlay-color":"","overlay-opacity":"","overlay-gradient":""},"tablet":{"background-color":"var(--ast-global-color-5)","background-image":"","background-repeat":"repeat","background-position":"center center","background-size":"auto","background-attachment":"scroll","background-type":"","background-media":"","overlay-type":"","overlay-color":"","overlay-opacity":"","overlay-gradient":""},"mobile":{"background-color":"var(--ast-global-color-5)","background-image":"","background-repeat":"repeat","background-position":"center center","background-size":"auto","background-attachment":"scroll","background-type":"","background-media":"","overlay-type":"","overlay-color":"","overlay-opacity":"","overlay-gradient":""}}},"product_brand":[],"product_cat":[1618,1617,1455,1597,1557],"product_tag":[],"class_list":{"0":"post-63124","1":"product","2":"type-product","3":"status-publish","4":"has-post-thumbnail","6":"product_cat-koreanisch-kochen","7":"product_cat-neuheiten","8":"product_cat-senza-categoria","9":"product_cat-riso-noodles-e-farina","10":"product_cat-tutti-i-prodotti","11":"desktop-align-left","12":"tablet-align-left","13":"mobile-align-left","14":"ast-product-gallery-layout-horizontal-slider","15":"ast-magnify-disabled","16":"ast-product-tabs-layout-horizontal","18":"first","19":"instock","20":"taxable","21":"shipping-taxable","22":"purchasable","23":"product-type-simple"},"yoast_head":"<!-- This site is optimized with the Yoast SEO Premium plugin v27.4 (Yoast SEO v27.4) - https:\/\/yoast.com\/product\/yoast-seo-premium-wordpress\/ -->\n<title>Tteokguk Tortine di riso a bastoncini | Tortine di riso coreane (200 g)<\/title>\n<meta name=\"description\" content=\"|\u27a1 Torte di riso coreane a bastoncini (Tteok) \u2714 500 g \u2714 perfette per Tteokguk, stufati e piatti al wok \u2714 vegane e versatili \u2714 consegna rapida!\" \/>\n<meta name=\"robots\" content=\"index, follow, max-snippet:-1, max-image-preview:large, max-video-preview:-1\" \/>\n<link rel=\"canonical\" href=\"https:\/\/1mal1japan.de\/it\/produkt\/reiskuchen-geschnitten-200g-teokguk-tteok\/\" \/>\n<meta property=\"og:locale\" content=\"it_IT\" \/>\n<meta property=\"og:type\" content=\"article\" \/>\n<meta property=\"og:title\" content=\"Tortine di riso, affettate 200 g (Teokguk, Tteok)\" \/>\n<meta property=\"og:description\" content=\"Torte di riso coreane per Tteokguk, zuppe e piatti saltati in padella. Queste gallette di riso coreane (Tteok) tagliate a fette di Obap sono fatte con farina di riso e hanno una consistenza morbida e leggermente gommosa. Sono perfette per zuppe come il Tteokguk, ma anche per stufati o piatti piccanti saltati in padella.\" \/>\n<meta property=\"og:url\" content=\"https:\/\/1mal1japan.de\/it\/produkt\/reiskuchen-geschnitten-200g-teokguk-tteok\/\" \/>\n<meta property=\"og:site_name\" content=\"1mal1japan.de\" \/>\n<meta property=\"article:modified_time\" content=\"2026-04-23T12:06:41+00:00\" \/>\n<meta property=\"og:image\" content=\"https:\/\/1mal1japan.de\/wp-content\/uploads\/2025\/12\/Reiskuchen-1-1.jpg\" \/>\n\t<meta property=\"og:image:width\" content=\"800\" \/>\n\t<meta property=\"og:image:height\" content=\"800\" \/>\n\t<meta property=\"og:image:type\" content=\"image\/jpeg\" \/>\n<script type=\"application\/ld+json\" class=\"yoast-schema-graph\">{\"@context\":\"https:\\\/\\\/schema.org\",\"@graph\":[{\"@type\":\"WebPage\",\"@id\":\"https:\\\/\\\/1mal1japan.de\\\/it\\\/produkt\\\/reiskuchen-geschnitten-200g-teokguk-tteok\\\/\",\"url\":\"https:\\\/\\\/1mal1japan.de\\\/it\\\/produkt\\\/reiskuchen-geschnitten-200g-teokguk-tteok\\\/\",\"name\":\"Tteokguk Tortine di riso a bastoncini | Tortine di riso coreane (200 g)\",\"isPartOf\":{\"@id\":\"https:\\\/\\\/1mal1japan.de\\\/it\\\/#website\"},\"primaryImageOfPage\":{\"@id\":\"https:\\\/\\\/1mal1japan.de\\\/it\\\/produkt\\\/reiskuchen-geschnitten-200g-teokguk-tteok\\\/#primaryimage\"},\"image\":{\"@id\":\"https:\\\/\\\/1mal1japan.de\\\/it\\\/produkt\\\/reiskuchen-geschnitten-200g-teokguk-tteok\\\/#primaryimage\"},\"thumbnailUrl\":\"https:\\\/\\\/1mal1japan.de\\\/wp-content\\\/uploads\\\/2025\\\/12\\\/Reiskuchen-1-1.jpg\",\"datePublished\":\"2025-12-02T07:51:28+00:00\",\"dateModified\":\"2026-04-23T12:06:41+00:00\",\"description\":\"|\u27a1 Torte di riso coreane a bastoncini (Tteok) \u2714 500 g \u2714 perfette per Tteokguk, stufati e piatti al wok \u2714 vegane e versatili \u2714 consegna rapida!\",\"breadcrumb\":{\"@id\":\"https:\\\/\\\/1mal1japan.de\\\/it\\\/produkt\\\/reiskuchen-geschnitten-200g-teokguk-tteok\\\/#breadcrumb\"},\"inLanguage\":\"it-IT\",\"potentialAction\":[{\"@type\":\"ReadAction\",\"target\":[\"https:\\\/\\\/1mal1japan.de\\\/it\\\/produkt\\\/reiskuchen-geschnitten-200g-teokguk-tteok\\\/\"]}]},{\"@type\":\"ImageObject\",\"inLanguage\":\"it-IT\",\"@id\":\"https:\\\/\\\/1mal1japan.de\\\/it\\\/produkt\\\/reiskuchen-geschnitten-200g-teokguk-tteok\\\/#primaryimage\",\"url\":\"https:\\\/\\\/1mal1japan.de\\\/wp-content\\\/uploads\\\/2025\\\/12\\\/Reiskuchen-1-1.jpg\",\"contentUrl\":\"https:\\\/\\\/1mal1japan.de\\\/wp-content\\\/uploads\\\/2025\\\/12\\\/Reiskuchen-1-1.jpg\",\"width\":800,\"height\":800,\"caption\":\"Tortine di riso coreane, tagliate 200 g (chopped Rice Cake, Teokguk, Tteok), Obap\"},{\"@type\":\"BreadcrumbList\",\"@id\":\"https:\\\/\\\/1mal1japan.de\\\/it\\\/produkt\\\/reiskuchen-geschnitten-200g-teokguk-tteok\\\/#breadcrumb\",\"itemListElement\":[{\"@type\":\"ListItem\",\"position\":1,\"name\":\"Startseite\",\"item\":\"https:\\\/\\\/1mal1japan.de\\\/it\\\/\"},{\"@type\":\"ListItem\",\"position\":2,\"name\":\"Negozio\",\"item\":\"https:\\\/\\\/1mal1japan.de\\\/it\\\/shop\\\/\"},{\"@type\":\"ListItem\",\"position\":3,\"name\":\"Tortine di riso, affettate 200 g (Teokguk, Tteok)\"}]},{\"@type\":\"WebSite\",\"@id\":\"https:\\\/\\\/1mal1japan.de\\\/it\\\/#website\",\"url\":\"https:\\\/\\\/1mal1japan.de\\\/it\\\/\",\"name\":\"1mal1japan.de\",\"description\":\"japanisch kochen &amp; einkaufen\",\"publisher\":{\"@id\":\"https:\\\/\\\/1mal1japan.de\\\/it\\\/#\\\/schema\\\/person\\\/3b6eab913fce9065523e927d88b032b0\"},\"potentialAction\":[{\"@type\":\"SearchAction\",\"target\":{\"@type\":\"EntryPoint\",\"urlTemplate\":\"https:\\\/\\\/1mal1japan.de\\\/it\\\/?s={search_term_string}\"},\"query-input\":{\"@type\":\"PropertyValueSpecification\",\"valueRequired\":true,\"valueName\":\"search_term_string\"}}],\"inLanguage\":\"it-IT\"},{\"@type\":[\"Person\",\"Organization\"],\"@id\":\"https:\\\/\\\/1mal1japan.de\\\/it\\\/#\\\/schema\\\/person\\\/3b6eab913fce9065523e927d88b032b0\",\"name\":\"Elisa\",\"image\":{\"@type\":\"ImageObject\",\"inLanguage\":\"it-IT\",\"@id\":\"https:\\\/\\\/1mal1japan.de\\\/wp-content\\\/uploads\\\/2018\\\/09\\\/Profilbild_Elisa.png\",\"url\":\"https:\\\/\\\/1mal1japan.de\\\/wp-content\\\/uploads\\\/2018\\\/09\\\/Profilbild_Elisa.png\",\"contentUrl\":\"https:\\\/\\\/1mal1japan.de\\\/wp-content\\\/uploads\\\/2018\\\/09\\\/Profilbild_Elisa.png\",\"width\":200,\"height\":200,\"caption\":\"Elisa\"},\"logo\":{\"@id\":\"https:\\\/\\\/1mal1japan.de\\\/wp-content\\\/uploads\\\/2018\\\/09\\\/Profilbild_Elisa.png\"}}]}<\/script>\n<meta property=\"product:brand\" content=\"Obap\" \/>\n<meta property=\"product:price:amount\" content=\"1.99\" \/>\n<meta property=\"product:price:currency\" content=\"EUR\" \/>\n<meta property=\"og:availability\" content=\"instock\" \/>\n<meta property=\"product:availability\" content=\"instock\" \/>\n<meta property=\"product:retailer_item_id\" content=\"1207\" \/>\n<meta property=\"product:condition\" content=\"new\" \/>\n<!-- \/ Yoast SEO Premium plugin. -->","yoast_head_json":{"title":"Tteokguk Tortine di riso a bastoncini | Tortine di riso coreane (200 g)","description":"|\u27a1 Torte di riso coreane a bastoncini (Tteok) \u2714 500 g \u2714 perfette per Tteokguk, stufati e piatti al wok \u2714 vegane e versatili \u2714 consegna rapida!","robots":{"index":"index","follow":"follow","max-snippet":"max-snippet:-1","max-image-preview":"max-image-preview:large","max-video-preview":"max-video-preview:-1"},"canonical":"https:\/\/1mal1japan.de\/it\/produkt\/reiskuchen-geschnitten-200g-teokguk-tteok\/","og_locale":"it_IT","og_type":"article","og_title":"Tortine di riso, affettate 200 g (Teokguk, Tteok)","og_description":"Torte di riso coreane per Tteokguk, zuppe e piatti saltati in padella. Queste gallette di riso coreane (Tteok) tagliate a fette di Obap sono fatte con farina di riso e hanno una consistenza morbida e leggermente gommosa. Sono perfette per zuppe come il Tteokguk, ma anche per stufati o piatti piccanti saltati in padella.","og_url":"https:\/\/1mal1japan.de\/it\/produkt\/reiskuchen-geschnitten-200g-teokguk-tteok\/","og_site_name":"1mal1japan.de","article_modified_time":"2026-04-23T12:06:41+00:00","og_image":[{"width":800,"height":800,"url":"https:\/\/1mal1japan.de\/wp-content\/uploads\/2025\/12\/Reiskuchen-1-1.jpg","type":"image\/jpeg"}],"schema":{"@context":"https:\/\/schema.org","@graph":[{"@type":"WebPage","@id":"https:\/\/1mal1japan.de\/it\/produkt\/reiskuchen-geschnitten-200g-teokguk-tteok\/","url":"https:\/\/1mal1japan.de\/it\/produkt\/reiskuchen-geschnitten-200g-teokguk-tteok\/","name":"Tteokguk Tortine di riso a bastoncini | Tortine di riso coreane (200 g)","isPartOf":{"@id":"https:\/\/1mal1japan.de\/it\/#website"},"primaryImageOfPage":{"@id":"https:\/\/1mal1japan.de\/it\/produkt\/reiskuchen-geschnitten-200g-teokguk-tteok\/#primaryimage"},"image":{"@id":"https:\/\/1mal1japan.de\/it\/produkt\/reiskuchen-geschnitten-200g-teokguk-tteok\/#primaryimage"},"thumbnailUrl":"https:\/\/1mal1japan.de\/wp-content\/uploads\/2025\/12\/Reiskuchen-1-1.jpg","datePublished":"2025-12-02T07:51:28+00:00","dateModified":"2026-04-23T12:06:41+00:00","description":"|\u27a1 Torte di riso coreane a bastoncini (Tteok) \u2714 500 g \u2714 perfette per Tteokguk, stufati e piatti al wok \u2714 vegane e versatili \u2714 consegna rapida!","breadcrumb":{"@id":"https:\/\/1mal1japan.de\/it\/produkt\/reiskuchen-geschnitten-200g-teokguk-tteok\/#breadcrumb"},"inLanguage":"it-IT","potentialAction":[{"@type":"ReadAction","target":["https:\/\/1mal1japan.de\/it\/produkt\/reiskuchen-geschnitten-200g-teokguk-tteok\/"]}]},{"@type":"ImageObject","inLanguage":"it-IT","@id":"https:\/\/1mal1japan.de\/it\/produkt\/reiskuchen-geschnitten-200g-teokguk-tteok\/#primaryimage","url":"https:\/\/1mal1japan.de\/wp-content\/uploads\/2025\/12\/Reiskuchen-1-1.jpg","contentUrl":"https:\/\/1mal1japan.de\/wp-content\/uploads\/2025\/12\/Reiskuchen-1-1.jpg","width":800,"height":800,"caption":"Tortine di riso coreane, tagliate 200 g (chopped Rice Cake, Teokguk, Tteok), Obap"},{"@type":"BreadcrumbList","@id":"https:\/\/1mal1japan.de\/it\/produkt\/reiskuchen-geschnitten-200g-teokguk-tteok\/#breadcrumb","itemListElement":[{"@type":"ListItem","position":1,"name":"Startseite","item":"https:\/\/1mal1japan.de\/it\/"},{"@type":"ListItem","position":2,"name":"Negozio","item":"https:\/\/1mal1japan.de\/it\/shop\/"},{"@type":"ListItem","position":3,"name":"Tortine di riso, affettate 200 g (Teokguk, Tteok)"}]},{"@type":"WebSite","@id":"https:\/\/1mal1japan.de\/it\/#website","url":"https:\/\/1mal1japan.de\/it\/","name":"1mal1japan.de","description":"japanisch kochen &amp; einkaufen","publisher":{"@id":"https:\/\/1mal1japan.de\/it\/#\/schema\/person\/3b6eab913fce9065523e927d88b032b0"},"potentialAction":[{"@type":"SearchAction","target":{"@type":"EntryPoint","urlTemplate":"https:\/\/1mal1japan.de\/it\/?s={search_term_string}"},"query-input":{"@type":"PropertyValueSpecification","valueRequired":true,"valueName":"search_term_string"}}],"inLanguage":"it-IT"},{"@type":["Person","Organization"],"@id":"https:\/\/1mal1japan.de\/it\/#\/schema\/person\/3b6eab913fce9065523e927d88b032b0","name":"Elisa","image":{"@type":"ImageObject","inLanguage":"it-IT","@id":"https:\/\/1mal1japan.de\/wp-content\/uploads\/2018\/09\/Profilbild_Elisa.png","url":"https:\/\/1mal1japan.de\/wp-content\/uploads\/2018\/09\/Profilbild_Elisa.png","contentUrl":"https:\/\/1mal1japan.de\/wp-content\/uploads\/2018\/09\/Profilbild_Elisa.png","width":200,"height":200,"caption":"Elisa"},"logo":{"@id":"https:\/\/1mal1japan.de\/wp-content\/uploads\/2018\/09\/Profilbild_Elisa.png"}}]},"product_brand":"Obap","product_price_amount":"1.99","product_price_currency":"EUR","og_availability":"instock","product_availability":"instock","product_retailer_item_id":"1207","product_condition":"new"},"uagb_featured_image_src":{"full":["https:\/\/1mal1japan.de\/wp-content\/uploads\/2025\/12\/Reiskuchen-1-1.jpg",800,800,false],"thumbnail":["https:\/\/1mal1japan.de\/wp-content\/uploads\/2025\/12\/Reiskuchen-1-1-150x150.jpg",150,150,true],"medium":["https:\/\/1mal1japan.de\/wp-content\/uploads\/2025\/12\/Reiskuchen-1-1-300x300.jpg",300,300,true],"medium_large":["https:\/\/1mal1japan.de\/wp-content\/uploads\/2025\/12\/Reiskuchen-1-1-768x768.jpg",768,768,true],"large":["https:\/\/1mal1japan.de\/wp-content\/uploads\/2025\/12\/Reiskuchen-1-1.jpg",800,800,false],"1536x1536":["https:\/\/1mal1japan.de\/wp-content\/uploads\/2025\/12\/Reiskuchen-1-1.jpg",800,800,false],"2048x2048":["https:\/\/1mal1japan.de\/wp-content\/uploads\/2025\/12\/Reiskuchen-1-1.jpg",800,800,false],"woocommerce_thumbnail":["https:\/\/1mal1japan.de\/wp-content\/uploads\/2025\/12\/Reiskuchen-1-1-600x600.jpg",600,600,true],"woocommerce_single":["https:\/\/1mal1japan.de\/wp-content\/uploads\/2025\/12\/Reiskuchen-1-1.jpg",800,800,false],"woocommerce_gallery_thumbnail":["https:\/\/1mal1japan.de\/wp-content\/uploads\/2025\/12\/Reiskuchen-1-1-100x100.jpg",100,100,true]},"uagb_author_info":{"display_name":"kiwi19901","author_link":"https:\/\/1mal1japan.de\/it\/author\/"},"uagb_comment_info":0,"uagb_excerpt":"Torte di riso coreane per Tteokguk, zuppe e piatti saltati in padella. Queste gallette di riso coreane (Tteok) tagliate a fette di Obap sono fatte con farina di riso e hanno una consistenza morbida e leggermente gommosa. Sono perfette per zuppe come il Tteokguk, ma anche per stufati o piatti piccanti saltati in padella.","_links":{"self":[{"href":"https:\/\/1mal1japan.de\/it\/wp-json\/wp\/v2\/product\/63124","targetHints":{"allow":["GET"]}}],"collection":[{"href":"https:\/\/1mal1japan.de\/it\/wp-json\/wp\/v2\/product"}],"about":[{"href":"https:\/\/1mal1japan.de\/it\/wp-json\/wp\/v2\/types\/product"}],"wp:featuredmedia":[{"embeddable":true,"href":"https:\/\/1mal1japan.de\/it\/wp-json\/wp\/v2\/media\/63126"}],"wp:attachment":[{"href":"https:\/\/1mal1japan.de\/it\/wp-json\/wp\/v2\/media?parent=63124"}],"wp:term":[{"taxonomy":"product_brand","embeddable":true,"href":"https:\/\/1mal1japan.de\/it\/wp-json\/wp\/v2\/product_brand?post=63124"},{"taxonomy":"product_cat","embeddable":true,"href":"https:\/\/1mal1japan.de\/it\/wp-json\/wp\/v2\/product_cat?post=63124"},{"taxonomy":"product_tag","embeddable":true,"href":"https:\/\/1mal1japan.de\/it\/wp-json\/wp\/v2\/product_tag?post=63124"}],"curies":[{"name":"wp","href":"https:\/\/api.w.org\/{rel}","templated":true}]}}