{"id":63160,"date":"2021-04-18T10:08:46","date_gmt":"2021-04-18T08:08:46","guid":{"rendered":"https:\/\/1mal1japan.de\/produkt\/katakuriko-280g-100-kartoffelstaerke-fuku\/"},"modified":"2026-04-23T14:02:22","modified_gmt":"2026-04-23T12:02:22","slug":"katakuriko-280g-100-kartoffelstaerke-fuku","status":"publish","type":"product","link":"https:\/\/1mal1japan.de\/it\/produkt\/katakuriko-280g-100-kartoffelstaerke-fuku\/","title":{"rendered":"Katakuriko 280 g (100% fecola di patate), Fuku"},"content":{"rendered":"\n<section class=\"wp-block-uagb-section uagb-section__wrap uagb-section__background-color uagb-block-0c9e7ed0\"><div class=\"uagb-section__overlay\"><\/div><div class=\"uagb-section__inner-wrap\">\n<p>\u2705 100% fecola di patate<br\/>\u2705 Prodotto dal Giappone<br\/>\u2705 Ideale per piatti salati e dolci tradizionali<br\/>\u2705 Utilizzo versatile: ad esempio per karaage, Mochi, Tempura, Ramen o Gyoza!<br\/>\u2705 Vegano, senza glutine e privo di aromi artificiali<\/p>\n<\/div><\/section>\n\n<p><strong>Questo Katakuriko \u00e8 composto al 100% da fecola di patate e pu\u00f2 essere utilizzato in modo versatile nella cucina giapponese! Il termine Katakuriko, tra l&#8217;altro, indica in Giappone la fecola ricavata dalle patate. Si nota subito che questo prodotto \u00e8 un vero tuttofare in cucina!<\/strong><\/p>\n\n<p>Si tratta di una tipica fecola di patate che in Giappone viene utilizzata sia per ricette salate che per i wagashi, ovvero i dolci tradizionali come il <a href=\"https:\/\/1mal1japan.de\/rezepte\/ichigo-daifuku-mochi\/\">Daifuku Mochi<\/a>. Ad esempio, viene utilizzata per addensare salse e zuppe o per impanare la carne, come nel caso del <a href=\"https:\/\/1mal1japan.de\/rezepte\/karaage\/\">Kaaraga<\/a>!<\/p>\n\n<p>Ma anche nella preparazione di <a href=\"https:\/\/1mal1japan.de\/rezepte\/spaghetti Ramen con Kansui\/\">spaghetti Ramen fatto in casa<\/a>, <a href=\"https:\/\/1mal1japan.de\/rezepte\/gyoza-blaetter\/\">Gyoza<\/a> o <a href=\"https:\/\/1mal1japan.de\/rezepte\/mochi-teig\/\">pasta mochi giapponese<\/a> ci convince ogni volta. Questo katakuriko pu\u00f2 essere sostituito con altri tipi di amido solo in casi eccezionali.<\/p>\n\n<h2 class=\"wp-block-heading\" id=\"h-das-kannst-du-damit-kochen\">Ecco cosa puoi cucinare con questo prodotto:<\/h2>\n\n\t\t\t<div class=\"wp-block-uagb-post-grid uagb-post-grid  uagb-post__image-position-top uagb-post__image-enabled uagb-block-27b66334     uagb-post__items uagb-post__columns-2 is-grid uagb-post__columns-tablet-2 uagb-post__columns-mobile-2 uagb-post__equal-height\" data-total=\"0\" style=\"\">\n\n\t\t\t\t\t\t\t\t\t<p class=\"uagb-post__no-posts\">\n\t\t\t\t\t\tNo post found!\t\t\t\t\t<\/p>\n\t\t\t\t\t\t\t\t<\/div>\n\t\t\t\n<div style=\"height:20px\" aria-hidden=\"true\" class=\"wp-block-spacer\"><\/div>\n\n<h2 class=\"wp-block-heading\" id=\"h-haltbarkeit-und-lagerung\">Conservazione e durata:<\/h2>\n\n<p>Conserva il katakuriko in un luogo fresco e asciutto, al riparo dalla luce diretta del sole. Una volta aperta la confezione, chiudila ermeticamente e consumala rapidamente.<\/p>\n\n<h2 class=\"wp-block-heading\" id=\"h-deine-vorteile-und-unser-versprechen\">I tuoi vantaggi e la nostra promessa:<\/h2>\n\n<section class=\"wp-block-uagb-section uagb-section__wrap uagb-section__background-color uagb-block-85f7e9d2\"><div class=\"uagb-section__overlay\"><\/div><div class=\"uagb-section__inner-wrap\">\n<p>\u2764\ufe0f <strong>Schnell, unkompliziert &amp; zuverl\u00e4ssig:<\/strong> Kunden lieben uns! Mit 4,9 von 5 Sternen bei Shopvote &#8211; schau dir <a href=\"https:\/\/www.shopvote.de\/bewertung_1mal1japan_de_23342.html\">hier unsere Kundenbewertungen<\/a> selbst an!<\/p>\n<\/div><\/section>\n\n\n\n<div style=\"height:20px\" aria-hidden=\"true\" class=\"wp-block-spacer\"><\/div>\n\n\n\n<section class=\"wp-block-uagb-section uagb-section__wrap uagb-section__background-color uagb-block-9e748e26\"><div class=\"uagb-section__overlay\"><\/div><div class=\"uagb-section__inner-wrap\">\n<p>\ud83c\udf31 <strong>Nachhaltig Shoppen:<\/strong> Klimaneutral versendet, umweltfreundlich verpackt, standardm\u00e4\u00dfig digitale Rechnungen.<\/p>\n<\/div><\/section>\n\n\n\n<div style=\"height:20px\" aria-hidden=\"true\" class=\"wp-block-spacer\"><\/div>\n\n\n\n<section class=\"wp-block-uagb-section uagb-section__wrap uagb-section__background-color uagb-block-11f9fc83\"><div class=\"uagb-section__overlay\"><\/div><div class=\"uagb-section__inner-wrap\">\n<p><strong>\ud83d\udd12 100% einkaufen ohne Risiko:<\/strong> Kein Mindestbestellwert, Gratis-Versand innerhalb Deutschlands ab 59\u20ac Bestellwert + 30 Tage Widerrufsrecht mit kostenlosem R\u00fcckversand.<\/p>\n<\/div><\/section>\n\n\n\n<div style=\"height:20px\" aria-hidden=\"true\" class=\"wp-block-spacer\"><\/div>\n\n\n\n<section class=\"wp-block-uagb-section uagb-section__wrap uagb-section__background-color uagb-block-5b55bd83\"><div class=\"uagb-section__overlay\"><\/div><div class=\"uagb-section__inner-wrap\">\n<p>\ud83e\udd62 <strong>Allerbeste Zutaten f\u00fcr dein Koch- und Geschmackserlebnis: <\/strong>Handverlesene Produkte, die uns pers\u00f6nlich nach vier Kriterien \u00fcberzeugen (1) Geschmack, (2) Authentizit\u00e4t (3) Preis und (4) Verf\u00fcgbarkeit.<\/p>\n<\/div><\/section>\n\n\n\n<div style=\"height:20px\" aria-hidden=\"true\" class=\"wp-block-spacer\"><\/div>\n\n\n\n<section class=\"wp-block-uagb-section uagb-section__wrap uagb-section__background-color uagb-block-94ed5912\"><div class=\"uagb-section__overlay\"><\/div><div class=\"uagb-section__inner-wrap\">\n<p>\ud83d\udc4d <strong>Profitiere von langj\u00e4hriger Erfahrung<\/strong>: 1mal1japan.de gibt es bereits seit 2016. Seitdem durften wir bereits Millionen an Besuchern auf unserem Blog und Shop begr\u00fc\u00dfen und \u00fcber 50.000 zufriedene Kunden beliefern. Ganz herzlichen Dank an alle Leser und Fans!<\/p>\n<\/div><\/section>\n","protected":false},"excerpt":{"rendered":"<p>Questo Katakuriko \u00e8 composto al 100% da fecola di patate e pu\u00f2 essere utilizzato in molti modi nella cucina giapponese. Ideale per gelato Mochi fatto in casa, Karaage fritto, Tempura croccante e deliziosi spaghetti Ramen!<\/p>\n","protected":false},"featured_media":63161,"template":"","meta":{"_uag_custom_page_level_css":"","site-sidebar-layout":"default","site-content-layout":"default","ast-site-content-layout":"default","site-content-style":"default","site-sidebar-style":"default","ast-global-header-display":"","ast-banner-title-visibility":"","ast-main-header-display":"","ast-hfb-above-header-display":"","ast-hfb-below-header-display":"","ast-hfb-mobile-header-display":"","site-post-title":"","ast-breadcrumbs-content":"","ast-featured-img":"","footer-sml-layout":"","ast-disable-related-posts":"","theme-transparent-header-meta":"default","adv-header-id-meta":"","stick-header-meta":"default","header-above-stick-meta":"","header-main-stick-meta":"","header-below-stick-meta":"","astra-migrate-meta-layouts":"default","ast-page-background-enabled":"default","ast-page-background-meta":{"desktop":{"background-color":"","background-image":"","background-repeat":"repeat","background-position":"center center","background-size":"auto","background-attachment":"scroll","background-type":"","background-media":"","overlay-type":"","overlay-color":"","overlay-opacity":"","overlay-gradient":""},"tablet":{"background-color":"","background-image":"","background-repeat":"repeat","background-position":"center center","background-size":"auto","background-attachment":"scroll","background-type":"","background-media":"","overlay-type":"","overlay-color":"","overlay-opacity":"","overlay-gradient":""},"mobile":{"background-color":"","background-image":"","background-repeat":"repeat","background-position":"center center","background-size":"auto","background-attachment":"scroll","background-type":"","background-media":"","overlay-type":"","overlay-color":"","overlay-opacity":"","overlay-gradient":""}},"ast-content-background-meta":{"desktop":{"background-color":"var(--ast-global-color-5)","background-image":"","background-repeat":"repeat","background-position":"center center","background-size":"auto","background-attachment":"scroll","background-type":"","background-media":"","overlay-type":"","overlay-color":"","overlay-opacity":"","overlay-gradient":""},"tablet":{"background-color":"var(--ast-global-color-5)","background-image":"","background-repeat":"repeat","background-position":"center center","background-size":"auto","background-attachment":"scroll","background-type":"","background-media":"","overlay-type":"","overlay-color":"","overlay-opacity":"","overlay-gradient":""},"mobile":{"background-color":"var(--ast-global-color-5)","background-image":"","background-repeat":"repeat","background-position":"center center","background-size":"auto","background-attachment":"scroll","background-type":"","background-media":"","overlay-type":"","overlay-color":"","overlay-opacity":"","overlay-gradient":""}}},"product_brand":[],"product_cat":[1558,1597,1557],"product_tag":[1619],"class_list":{"0":"post-63160","1":"product","2":"type-product","3":"status-publish","4":"has-post-thumbnail","6":"product_cat-made-in-japan","7":"product_cat-riso-noodles-e-farina","8":"product_cat-tutti-i-prodotti","9":"product_tag-mochi","10":"desktop-align-left","11":"tablet-align-left","12":"mobile-align-left","13":"ast-product-gallery-layout-horizontal-slider","14":"ast-magnify-disabled","15":"ast-product-tabs-layout-horizontal","17":"first","18":"instock","19":"taxable","20":"shipping-taxable","21":"purchasable","22":"product-type-simple"},"yoast_head":"<!-- This site is optimized with the Yoast SEO Premium plugin v27.4 (Yoast SEO v27.4) - https:\/\/yoast.com\/product\/yoast-seo-premium-wordpress\/ -->\n<title>Katakuriko (280 g) \u2013 fecola di patate giapponese, su 1mal1japan<\/title>\n<meta name=\"description\" content=\"I\u27a1 Acquista Katakuriko \u2714 100% fecola di patate | senza glutine \u2714 ideale per Mochi, karaage, Tempura e Ramen \u2714 consegna rapida\" \/>\n<meta name=\"robots\" content=\"index, follow, max-snippet:-1, max-image-preview:large, max-video-preview:-1\" \/>\n<link rel=\"canonical\" href=\"https:\/\/1mal1japan.de\/it\/produkt\/katakuriko-280g-100-kartoffelstaerke-fuku\/\" \/>\n<meta property=\"og:locale\" content=\"it_IT\" \/>\n<meta property=\"og:type\" content=\"article\" \/>\n<meta property=\"og:title\" content=\"Katakuriko 280 g (100% fecola di patate), Fuku\" \/>\n<meta property=\"og:description\" content=\"Questo Katakuriko \u00e8 composto al 100% da fecola di patate e pu\u00f2 essere utilizzato in molti modi nella cucina giapponese. Ideale per gelato Mochi fatto in casa, Karaage fritto, Tempura croccante e deliziosi spaghetti Ramen!\" \/>\n<meta property=\"og:url\" content=\"https:\/\/1mal1japan.de\/it\/produkt\/katakuriko-280g-100-kartoffelstaerke-fuku\/\" \/>\n<meta property=\"og:site_name\" content=\"1mal1japan.de\" \/>\n<meta property=\"article:modified_time\" content=\"2026-04-23T12:02:22+00:00\" \/>\n<meta property=\"og:image\" content=\"https:\/\/1mal1japan.de\/wp-content\/uploads\/2021\/04\/Kartoffelstaerke-n.jpg\" \/>\n\t<meta property=\"og:image:width\" content=\"800\" \/>\n\t<meta property=\"og:image:height\" content=\"800\" \/>\n\t<meta property=\"og:image:type\" content=\"image\/jpeg\" \/>\n<script type=\"application\/ld+json\" class=\"yoast-schema-graph\">{\"@context\":\"https:\\\/\\\/schema.org\",\"@graph\":[{\"@type\":\"WebPage\",\"@id\":\"https:\\\/\\\/1mal1japan.de\\\/it\\\/produkt\\\/katakuriko-280g-100-kartoffelstaerke-fuku\\\/\",\"url\":\"https:\\\/\\\/1mal1japan.de\\\/it\\\/produkt\\\/katakuriko-280g-100-kartoffelstaerke-fuku\\\/\",\"name\":\"Katakuriko (280 g) \u2013 fecola di patate giapponese, su 1mal1japan\",\"isPartOf\":{\"@id\":\"https:\\\/\\\/1mal1japan.de\\\/it\\\/#website\"},\"primaryImageOfPage\":{\"@id\":\"https:\\\/\\\/1mal1japan.de\\\/it\\\/produkt\\\/katakuriko-280g-100-kartoffelstaerke-fuku\\\/#primaryimage\"},\"image\":{\"@id\":\"https:\\\/\\\/1mal1japan.de\\\/it\\\/produkt\\\/katakuriko-280g-100-kartoffelstaerke-fuku\\\/#primaryimage\"},\"thumbnailUrl\":\"https:\\\/\\\/1mal1japan.de\\\/wp-content\\\/uploads\\\/2021\\\/04\\\/Kartoffelstaerke-n.jpg\",\"datePublished\":\"2021-04-18T08:08:46+00:00\",\"dateModified\":\"2026-04-23T12:02:22+00:00\",\"description\":\"I\u27a1 Acquista Katakuriko \u2714 100% fecola di patate | senza glutine \u2714 ideale per Mochi, karaage, Tempura e Ramen \u2714 consegna rapida\",\"breadcrumb\":{\"@id\":\"https:\\\/\\\/1mal1japan.de\\\/it\\\/produkt\\\/katakuriko-280g-100-kartoffelstaerke-fuku\\\/#breadcrumb\"},\"inLanguage\":\"it-IT\",\"potentialAction\":[{\"@type\":\"ReadAction\",\"target\":[\"https:\\\/\\\/1mal1japan.de\\\/it\\\/produkt\\\/katakuriko-280g-100-kartoffelstaerke-fuku\\\/\"]}]},{\"@type\":\"ImageObject\",\"inLanguage\":\"it-IT\",\"@id\":\"https:\\\/\\\/1mal1japan.de\\\/it\\\/produkt\\\/katakuriko-280g-100-kartoffelstaerke-fuku\\\/#primaryimage\",\"url\":\"https:\\\/\\\/1mal1japan.de\\\/wp-content\\\/uploads\\\/2021\\\/04\\\/Kartoffelstaerke-n.jpg\",\"contentUrl\":\"https:\\\/\\\/1mal1japan.de\\\/wp-content\\\/uploads\\\/2021\\\/04\\\/Kartoffelstaerke-n.jpg\",\"width\":800,\"height\":800,\"caption\":\"Katakuriko 280 g (fecola di patate), FUKU\"},{\"@type\":\"BreadcrumbList\",\"@id\":\"https:\\\/\\\/1mal1japan.de\\\/it\\\/produkt\\\/katakuriko-280g-100-kartoffelstaerke-fuku\\\/#breadcrumb\",\"itemListElement\":[{\"@type\":\"ListItem\",\"position\":1,\"name\":\"Startseite\",\"item\":\"https:\\\/\\\/1mal1japan.de\\\/it\\\/\"},{\"@type\":\"ListItem\",\"position\":2,\"name\":\"Negozio\",\"item\":\"https:\\\/\\\/1mal1japan.de\\\/it\\\/shop\\\/\"},{\"@type\":\"ListItem\",\"position\":3,\"name\":\"Katakuriko 280 g (100% fecola di patate), Fuku\"}]},{\"@type\":\"WebSite\",\"@id\":\"https:\\\/\\\/1mal1japan.de\\\/it\\\/#website\",\"url\":\"https:\\\/\\\/1mal1japan.de\\\/it\\\/\",\"name\":\"1mal1japan.de\",\"description\":\"japanisch kochen &amp; einkaufen\",\"publisher\":{\"@id\":\"https:\\\/\\\/1mal1japan.de\\\/it\\\/#\\\/schema\\\/person\\\/3b6eab913fce9065523e927d88b032b0\"},\"potentialAction\":[{\"@type\":\"SearchAction\",\"target\":{\"@type\":\"EntryPoint\",\"urlTemplate\":\"https:\\\/\\\/1mal1japan.de\\\/it\\\/?s={search_term_string}\"},\"query-input\":{\"@type\":\"PropertyValueSpecification\",\"valueRequired\":true,\"valueName\":\"search_term_string\"}}],\"inLanguage\":\"it-IT\"},{\"@type\":[\"Person\",\"Organization\"],\"@id\":\"https:\\\/\\\/1mal1japan.de\\\/it\\\/#\\\/schema\\\/person\\\/3b6eab913fce9065523e927d88b032b0\",\"name\":\"Elisa\",\"image\":{\"@type\":\"ImageObject\",\"inLanguage\":\"it-IT\",\"@id\":\"https:\\\/\\\/1mal1japan.de\\\/wp-content\\\/uploads\\\/2018\\\/09\\\/Profilbild_Elisa.png\",\"url\":\"https:\\\/\\\/1mal1japan.de\\\/wp-content\\\/uploads\\\/2018\\\/09\\\/Profilbild_Elisa.png\",\"contentUrl\":\"https:\\\/\\\/1mal1japan.de\\\/wp-content\\\/uploads\\\/2018\\\/09\\\/Profilbild_Elisa.png\",\"width\":200,\"height\":200,\"caption\":\"Elisa\"},\"logo\":{\"@id\":\"https:\\\/\\\/1mal1japan.de\\\/wp-content\\\/uploads\\\/2018\\\/09\\\/Profilbild_Elisa.png\"}}]}<\/script>\n<meta property=\"product:brand\" content=\"Fuku\" \/>\n<meta property=\"product:price:amount\" content=\"3.19\" \/>\n<meta property=\"product:price:currency\" content=\"EUR\" \/>\n<meta property=\"og:availability\" content=\"instock\" \/>\n<meta property=\"product:availability\" content=\"instock\" \/>\n<meta property=\"product:retailer_item_id\" content=\"1012\" \/>\n<meta property=\"product:condition\" content=\"new\" \/>\n<!-- \/ Yoast SEO Premium plugin. -->","yoast_head_json":{"title":"Katakuriko (280 g) \u2013 fecola di patate giapponese, su 1mal1japan","description":"I\u27a1 Acquista Katakuriko \u2714 100% fecola di patate | senza glutine \u2714 ideale per Mochi, karaage, Tempura e Ramen \u2714 consegna rapida","robots":{"index":"index","follow":"follow","max-snippet":"max-snippet:-1","max-image-preview":"max-image-preview:large","max-video-preview":"max-video-preview:-1"},"canonical":"https:\/\/1mal1japan.de\/it\/produkt\/katakuriko-280g-100-kartoffelstaerke-fuku\/","og_locale":"it_IT","og_type":"article","og_title":"Katakuriko 280 g (100% fecola di patate), Fuku","og_description":"Questo Katakuriko \u00e8 composto al 100% da fecola di patate e pu\u00f2 essere utilizzato in molti modi nella cucina giapponese. Ideale per gelato Mochi fatto in casa, Karaage fritto, Tempura croccante e deliziosi spaghetti Ramen!","og_url":"https:\/\/1mal1japan.de\/it\/produkt\/katakuriko-280g-100-kartoffelstaerke-fuku\/","og_site_name":"1mal1japan.de","article_modified_time":"2026-04-23T12:02:22+00:00","og_image":[{"width":800,"height":800,"url":"https:\/\/1mal1japan.de\/wp-content\/uploads\/2021\/04\/Kartoffelstaerke-n.jpg","type":"image\/jpeg"}],"schema":{"@context":"https:\/\/schema.org","@graph":[{"@type":"WebPage","@id":"https:\/\/1mal1japan.de\/it\/produkt\/katakuriko-280g-100-kartoffelstaerke-fuku\/","url":"https:\/\/1mal1japan.de\/it\/produkt\/katakuriko-280g-100-kartoffelstaerke-fuku\/","name":"Katakuriko (280 g) \u2013 fecola di patate giapponese, su 1mal1japan","isPartOf":{"@id":"https:\/\/1mal1japan.de\/it\/#website"},"primaryImageOfPage":{"@id":"https:\/\/1mal1japan.de\/it\/produkt\/katakuriko-280g-100-kartoffelstaerke-fuku\/#primaryimage"},"image":{"@id":"https:\/\/1mal1japan.de\/it\/produkt\/katakuriko-280g-100-kartoffelstaerke-fuku\/#primaryimage"},"thumbnailUrl":"https:\/\/1mal1japan.de\/wp-content\/uploads\/2021\/04\/Kartoffelstaerke-n.jpg","datePublished":"2021-04-18T08:08:46+00:00","dateModified":"2026-04-23T12:02:22+00:00","description":"I\u27a1 Acquista Katakuriko \u2714 100% fecola di patate | senza glutine \u2714 ideale per Mochi, karaage, Tempura e Ramen \u2714 consegna rapida","breadcrumb":{"@id":"https:\/\/1mal1japan.de\/it\/produkt\/katakuriko-280g-100-kartoffelstaerke-fuku\/#breadcrumb"},"inLanguage":"it-IT","potentialAction":[{"@type":"ReadAction","target":["https:\/\/1mal1japan.de\/it\/produkt\/katakuriko-280g-100-kartoffelstaerke-fuku\/"]}]},{"@type":"ImageObject","inLanguage":"it-IT","@id":"https:\/\/1mal1japan.de\/it\/produkt\/katakuriko-280g-100-kartoffelstaerke-fuku\/#primaryimage","url":"https:\/\/1mal1japan.de\/wp-content\/uploads\/2021\/04\/Kartoffelstaerke-n.jpg","contentUrl":"https:\/\/1mal1japan.de\/wp-content\/uploads\/2021\/04\/Kartoffelstaerke-n.jpg","width":800,"height":800,"caption":"Katakuriko 280 g (fecola di patate), FUKU"},{"@type":"BreadcrumbList","@id":"https:\/\/1mal1japan.de\/it\/produkt\/katakuriko-280g-100-kartoffelstaerke-fuku\/#breadcrumb","itemListElement":[{"@type":"ListItem","position":1,"name":"Startseite","item":"https:\/\/1mal1japan.de\/it\/"},{"@type":"ListItem","position":2,"name":"Negozio","item":"https:\/\/1mal1japan.de\/it\/shop\/"},{"@type":"ListItem","position":3,"name":"Katakuriko 280 g (100% fecola di patate), Fuku"}]},{"@type":"WebSite","@id":"https:\/\/1mal1japan.de\/it\/#website","url":"https:\/\/1mal1japan.de\/it\/","name":"1mal1japan.de","description":"japanisch kochen &amp; einkaufen","publisher":{"@id":"https:\/\/1mal1japan.de\/it\/#\/schema\/person\/3b6eab913fce9065523e927d88b032b0"},"potentialAction":[{"@type":"SearchAction","target":{"@type":"EntryPoint","urlTemplate":"https:\/\/1mal1japan.de\/it\/?s={search_term_string}"},"query-input":{"@type":"PropertyValueSpecification","valueRequired":true,"valueName":"search_term_string"}}],"inLanguage":"it-IT"},{"@type":["Person","Organization"],"@id":"https:\/\/1mal1japan.de\/it\/#\/schema\/person\/3b6eab913fce9065523e927d88b032b0","name":"Elisa","image":{"@type":"ImageObject","inLanguage":"it-IT","@id":"https:\/\/1mal1japan.de\/wp-content\/uploads\/2018\/09\/Profilbild_Elisa.png","url":"https:\/\/1mal1japan.de\/wp-content\/uploads\/2018\/09\/Profilbild_Elisa.png","contentUrl":"https:\/\/1mal1japan.de\/wp-content\/uploads\/2018\/09\/Profilbild_Elisa.png","width":200,"height":200,"caption":"Elisa"},"logo":{"@id":"https:\/\/1mal1japan.de\/wp-content\/uploads\/2018\/09\/Profilbild_Elisa.png"}}]},"product_brand":"Fuku","product_price_amount":"3.19","product_price_currency":"EUR","og_availability":"instock","product_availability":"instock","product_retailer_item_id":"1012","product_condition":"new"},"uagb_featured_image_src":{"full":["https:\/\/1mal1japan.de\/wp-content\/uploads\/2021\/04\/Kartoffelstaerke-n.jpg",800,800,false],"thumbnail":["https:\/\/1mal1japan.de\/wp-content\/uploads\/2021\/04\/Kartoffelstaerke-n-150x150.jpg",150,150,true],"medium":["https:\/\/1mal1japan.de\/wp-content\/uploads\/2021\/04\/Kartoffelstaerke-n-300x300.jpg",300,300,true],"medium_large":["https:\/\/1mal1japan.de\/wp-content\/uploads\/2021\/04\/Kartoffelstaerke-n-768x768.jpg",768,768,true],"large":["https:\/\/1mal1japan.de\/wp-content\/uploads\/2021\/04\/Kartoffelstaerke-n.jpg",800,800,false],"1536x1536":["https:\/\/1mal1japan.de\/wp-content\/uploads\/2021\/04\/Kartoffelstaerke-n.jpg",800,800,false],"2048x2048":["https:\/\/1mal1japan.de\/wp-content\/uploads\/2021\/04\/Kartoffelstaerke-n.jpg",800,800,false],"woocommerce_thumbnail":["https:\/\/1mal1japan.de\/wp-content\/uploads\/2021\/04\/Kartoffelstaerke-n-600x600.jpg",600,600,true],"woocommerce_single":["https:\/\/1mal1japan.de\/wp-content\/uploads\/2021\/04\/Kartoffelstaerke-n.jpg",800,800,false],"woocommerce_gallery_thumbnail":["https:\/\/1mal1japan.de\/wp-content\/uploads\/2021\/04\/Kartoffelstaerke-n-100x100.jpg",100,100,true]},"uagb_author_info":{"display_name":"kiwi19901","author_link":"https:\/\/1mal1japan.de\/it\/author\/"},"uagb_comment_info":0,"uagb_excerpt":"Questo Katakuriko \u00e8 composto al 100% da fecola di patate e pu\u00f2 essere utilizzato in molti modi nella cucina giapponese. Ideale per gelato Mochi fatto in casa, Karaage fritto, Tempura croccante e deliziosi spaghetti Ramen!","_links":{"self":[{"href":"https:\/\/1mal1japan.de\/it\/wp-json\/wp\/v2\/product\/63160","targetHints":{"allow":["GET"]}}],"collection":[{"href":"https:\/\/1mal1japan.de\/it\/wp-json\/wp\/v2\/product"}],"about":[{"href":"https:\/\/1mal1japan.de\/it\/wp-json\/wp\/v2\/types\/product"}],"wp:featuredmedia":[{"embeddable":true,"href":"https:\/\/1mal1japan.de\/it\/wp-json\/wp\/v2\/media\/63161"}],"wp:attachment":[{"href":"https:\/\/1mal1japan.de\/it\/wp-json\/wp\/v2\/media?parent=63160"}],"wp:term":[{"taxonomy":"product_brand","embeddable":true,"href":"https:\/\/1mal1japan.de\/it\/wp-json\/wp\/v2\/product_brand?post=63160"},{"taxonomy":"product_cat","embeddable":true,"href":"https:\/\/1mal1japan.de\/it\/wp-json\/wp\/v2\/product_cat?post=63160"},{"taxonomy":"product_tag","embeddable":true,"href":"https:\/\/1mal1japan.de\/it\/wp-json\/wp\/v2\/product_tag?post=63160"}],"curies":[{"name":"wp","href":"https:\/\/api.w.org\/{rel}","templated":true}]}}