{"id":64376,"date":"2021-04-18T10:09:07","date_gmt":"2021-04-18T08:09:07","guid":{"rendered":"https:\/\/1mal1japan.de\/produkt\/salsa-tonkatsu-300-ml-salsa-giapponese-per-condire-e-intingere-bull-dog\/"},"modified":"2026-04-28T14:08:37","modified_gmt":"2026-04-28T12:08:37","slug":"salsa-tonkatsu-300-ml-salsa-giapponese-per-condire-e-intingere-bull-dog","status":"publish","type":"product","link":"https:\/\/1mal1japan.de\/it\/produkt\/salsa-tonkatsu-300-ml-salsa-giapponese-per-condire-e-intingere-bull-dog\/","title":{"rendered":"Salsa Tonkatsu 300 ml (salsa giapponese per condire e intingere), Bull-Dog"},"content":{"rendered":"\n<section class=\"wp-block-uagb-section uagb-section__wrap uagb-section__background-color uagb-block-79c98d29\"><div class=\"uagb-section__overlay\"><\/div><div class=\"uagb-section__inner-wrap\">\n<p>\u2705 la scelta numero uno per le cotolette Tonkatsu fritte e croccanti<br\/>\u2705 salsa ricca e dolciastra dal gusto corposo<br\/>\u2705 si abbina bene anche all&#8217;Okonomiyaki e ad altri piatti in padella<br\/>\u2705 vegana e priva di aromi artificiali<br\/>\u2705 provenienza autentica, direttamente dal Giappone<\/p>\n<\/div><\/section>\n\n<p><strong>Questa meravigliosa e ricca salsa Tonkatsu si abbina naturalmente al meglio al Tonkatsu (una cotoletta di maiale preparata alla giapponese), ma pu\u00f2 essere utilizzata anche con l&#8217;Okonomiyaki e altri piatti fritti e impanati<\/strong> <strong>cucinati in padella. La salsa Tonkatsu \u00e8 semplicemente indispensabile!<\/strong><\/p>\n\n<p>La salsa Tonkatsu viene preparata stufando una grande quantit\u00e0 di frutta e verdura, come pomodori e mele, e aggiungendo poi aceto, zucchero, sale e spezie. Sebbene la salsa abbia le sue origini nella salsa Worcestershire inglese, il suo gusto si \u00e8 evoluto nel tempo in una versione tipicamente giapponese, per adattarsi meglio ai sapori della cucina nativa. <strong>Cos\u00ec la salsa Tonkatsu \u00e8 diventata una salsa originale giapponese a s\u00e9 stante, con una dolcezza particolare e un gusto corposo, acidulo e denso.<\/strong><\/p>\n\n<p>La particolarit\u00e0 di questa salsa \u00e8 che la sua acidit\u00e0 conferisce ai cibi fritti pesanti un gusto rinfrescante e facile da consumare. La cotoletta di maiale Tonkatsu e la salsa Tonkatsu sono semplicemente inseparabili!<\/p>\n\n<h2 class=\"wp-block-heading\" id=\"h-das-kannst-du-damit-kochen\">Cosa puoi cucinare con questa salsa:<\/h2>\n\n\t\t\t<div class=\"wp-block-uagb-post-grid uagb-post-grid  uagb-post__image-position-top uagb-post__image-enabled uagb-block-27b66334     uagb-post__items uagb-post__columns-2 is-grid uagb-post__columns-tablet-2 uagb-post__columns-mobile-2 uagb-post__equal-height\" data-total=\"0\" style=\"\">\n\n\t\t\t\t\t\t\t\t\t<p class=\"uagb-post__no-posts\">\n\t\t\t\t\t\tNo post found!\t\t\t\t\t<\/p>\n\t\t\t\t\t\t\t\t<\/div>\n\t\t\t\n<div style=\"height:20px\" aria-hidden=\"true\" class=\"wp-block-spacer\"><\/div>\n\n<h2 class=\"wp-block-heading\" id=\"h-haltbarkeit-und-lagerung\">Conservazione e durata:<\/h2>\n\n<p>Conservare la salsa Tonkatsu in un luogo fresco e asciutto, al riparo dalla luce diretta del sole. Una volta aperta, conservare in frigorifero e consumare entro un mese.<\/p>\n\n<h2 class=\"wp-block-heading\" id=\"h-deine-vorteile-und-unser-versprechen\">I tuoi vantaggi e la nostra promessa:<\/h2>\n\n<section class=\"wp-block-uagb-section uagb-section__wrap uagb-section__background-color uagb-block-85f7e9d2\"><div class=\"uagb-section__overlay\"><\/div><div class=\"uagb-section__inner-wrap\">\n<p>\u2764\ufe0f <strong>Veloce, semplice e affidabile:<\/strong> I clienti ci adorano! Con 4,9 stelle su 5 su Shopvote &#8211; dai un&#8217;occhiata <a href=\"https:\/\/www.shopvote.de\/bewertung_1mal1japan_de_23342.html\">qui alle recensioni dei nostri clienti<\/a>!<\/p>\n<\/div><\/section>\n\n<div style=\"height:20px\" aria-hidden=\"true\" class=\"wp-block-spacer\"><\/div>\n\n<section class=\"wp-block-uagb-section uagb-section__wrap uagb-section__background-color uagb-block-9e748e26\"><div class=\"uagb-section__overlay\"><\/div><div class=\"uagb-section__inner-wrap\">\n<p>\ud83c\udf31 <strong>Acquisti sostenibili:<\/strong> Spedizioni a impatto zero, imballaggi ecologici, fatture digitali di default.<\/p>\n<\/div><\/section>\n\n<div style=\"height:20px\" aria-hidden=\"true\" class=\"wp-block-spacer\"><\/div>\n\n<section class=\"wp-block-uagb-section uagb-section__wrap uagb-section__background-color uagb-block-11f9fc83\"><div class=\"uagb-section__overlay\"><\/div><div class=\"uagb-section__inner-wrap\">\n<p><strong>\ud83d\udd12 Acquisti al 100% senza rischi:<\/strong> Nessun importo minimo d&#8217;ordine, spedizione gratuita in Germania a partire da 59 \u20ac di spesa + diritto di recesso di 30 giorni con reso gratuito.<\/p>\n<\/div><\/section>\n\n<div style=\"height:20px\" aria-hidden=\"true\" class=\"wp-block-spacer\"><\/div>\n\n<section class=\"wp-block-uagb-section uagb-section__wrap uagb-section__background-color uagb-block-5b55bd83\"><div class=\"uagb-section__overlay\"><\/div><div class=\"uagb-section__inner-wrap\">\n<p>\ud83e\udd62 <strong>I migliori ingredienti per la tua esperienza culinaria e gustativa: <\/strong>Prodotti selezionati a mano che ci convincono personalmente in base a quattro criteri: (1) gusto, (2) autenticit\u00e0, (3) prezzo e (4) disponibilit\u00e0.<\/p>\n<\/div><\/section>\n\n<div style=\"height:20px\" aria-hidden=\"true\" class=\"wp-block-spacer\"><\/div>\n\n<section class=\"wp-block-uagb-section uagb-section__wrap uagb-section__background-color uagb-block-94ed5912\"><div class=\"uagb-section__overlay\"><\/div><div class=\"uagb-section__inner-wrap\">\n<p>\ud83d\udc4d <strong>Approfitta della nostra pluriennale esperienza<\/strong>: 1mal1japan.de esiste gi\u00e0 dal 2016. Da allora abbiamo avuto il piacere di accogliere milioni di visitatori sul nostro blog e nel nostro Shop e di servire oltre 50.000 clienti soddisfatti. Grazie di cuore a tutti i lettori e ai fan!<\/p>\n<\/div><\/section>\n","protected":false},"excerpt":{"rendered":"<p>La salsa Tonkatsu \u00e8 semplicemente indispensabile! Questa salsa ricca e dolciastra dal gusto corposo si abbina naturalmente al meglio alla cotoletta di maiale Tonkatsu, ma pu\u00f2 essere utilizzata anche con l&#8217;Okonomiyaki e altri piatti saltati in padella.<\/p>\n","protected":false},"featured_media":64378,"template":"","meta":{"_uag_custom_page_level_css":"","site-sidebar-layout":"default","site-content-layout":"default","ast-site-content-layout":"default","site-content-style":"default","site-sidebar-style":"default","ast-global-header-display":"","ast-banner-title-visibility":"","ast-main-header-display":"","ast-hfb-above-header-display":"","ast-hfb-below-header-display":"","ast-hfb-mobile-header-display":"","site-post-title":"","ast-breadcrumbs-content":"","ast-featured-img":"","footer-sml-layout":"","ast-disable-related-posts":"","theme-transparent-header-meta":"default","adv-header-id-meta":"","stick-header-meta":"default","header-above-stick-meta":"","header-main-stick-meta":"","header-below-stick-meta":"","astra-migrate-meta-layouts":"default","ast-page-background-enabled":"default","ast-page-background-meta":{"desktop":{"background-color":"","background-image":"","background-repeat":"repeat","background-position":"center center","background-size":"auto","background-attachment":"scroll","background-type":"","background-media":"","overlay-type":"","overlay-color":"","overlay-opacity":"","overlay-gradient":""},"tablet":{"background-color":"","background-image":"","background-repeat":"repeat","background-position":"center center","background-size":"auto","background-attachment":"scroll","background-type":"","background-media":"","overlay-type":"","overlay-color":"","overlay-opacity":"","overlay-gradient":""},"mobile":{"background-color":"","background-image":"","background-repeat":"repeat","background-position":"center center","background-size":"auto","background-attachment":"scroll","background-type":"","background-media":"","overlay-type":"","overlay-color":"","overlay-opacity":"","overlay-gradient":""}},"ast-content-background-meta":{"desktop":{"background-color":"var(--ast-global-color-5)","background-image":"","background-repeat":"repeat","background-position":"center center","background-size":"auto","background-attachment":"scroll","background-type":"","background-media":"","overlay-type":"","overlay-color":"","overlay-opacity":"","overlay-gradient":""},"tablet":{"background-color":"var(--ast-global-color-5)","background-image":"","background-repeat":"repeat","background-position":"center center","background-size":"auto","background-attachment":"scroll","background-type":"","background-media":"","overlay-type":"","overlay-color":"","overlay-opacity":"","overlay-gradient":""},"mobile":{"background-color":"var(--ast-global-color-5)","background-image":"","background-repeat":"repeat","background-position":"center center","background-size":"auto","background-attachment":"scroll","background-type":"","background-media":"","overlay-type":"","overlay-color":"","overlay-opacity":"","overlay-gradient":""}}},"product_brand":[],"product_cat":[1558,1556,1557],"product_tag":[],"class_list":{"0":"post-64376","1":"product","2":"type-product","3":"status-publish","4":"has-post-thumbnail","6":"product_cat-made-in-japan","7":"product_cat-olio-aceto-paste-e-salse","8":"product_cat-tutti-i-prodotti","9":"desktop-align-left","10":"tablet-align-left","11":"mobile-align-left","12":"ast-product-gallery-layout-horizontal-slider","13":"ast-magnify-disabled","14":"ast-product-tabs-layout-horizontal","16":"first","17":"instock","18":"taxable","19":"shipping-taxable","20":"purchasable","21":"product-type-simple"},"yoast_head":"<!-- This site is optimized with the Yoast SEO Premium plugin v27.5 (Yoast SEO v27.5) - https:\/\/yoast.com\/product\/yoast-seo-premium-wordpress\/ -->\n<title>Salsa Tonkatsu (300 ml) di Bull-Dog, su 1mal1japan<\/title>\n<meta name=\"description\" content=\"I\u27a1 Acquista la salsa Tonkatsu \u2714 la migliore salsa per il Tonkatsu | Salsa condimento dal Giappone \u2714 ricca, dolce e corposa \u2714 consegna veloce!\" \/>\n<meta name=\"robots\" content=\"index, follow, max-snippet:-1, max-image-preview:large, max-video-preview:-1\" \/>\n<link rel=\"canonical\" href=\"https:\/\/1mal1japan.de\/it\/produkt\/salsa-tonkatsu-300-ml-salsa-giapponese-per-condire-e-intingere-bull-dog\/\" \/>\n<meta property=\"og:locale\" content=\"it_IT\" \/>\n<meta property=\"og:type\" content=\"article\" \/>\n<meta property=\"og:title\" content=\"Salsa Tonkatsu 300 ml (salsa giapponese per condire e intingere), Bull-Dog\" \/>\n<meta property=\"og:description\" content=\"La salsa Tonkatsu \u00e8 semplicemente indispensabile! Questa salsa ricca e dolciastra dal gusto corposo si abbina naturalmente al meglio alla cotoletta di maiale Tonkatsu, ma pu\u00f2 essere utilizzata anche con l&#039;Okonomiyaki e altri piatti saltati in padella.\" \/>\n<meta property=\"og:url\" content=\"https:\/\/1mal1japan.de\/it\/produkt\/salsa-tonkatsu-300-ml-salsa-giapponese-per-condire-e-intingere-bull-dog\/\" \/>\n<meta property=\"og:site_name\" content=\"1mal1japan.de\" \/>\n<meta property=\"article:modified_time\" content=\"2026-04-28T12:08:37+00:00\" \/>\n<meta property=\"og:image\" content=\"https:\/\/1mal1japan.de\/wp-content\/uploads\/2021\/04\/Tonkatsu-Sauce-4.jpg\" \/>\n\t<meta property=\"og:image:width\" content=\"800\" \/>\n\t<meta property=\"og:image:height\" content=\"800\" \/>\n\t<meta property=\"og:image:type\" content=\"image\/jpeg\" \/>\n<script type=\"application\/ld+json\" class=\"yoast-schema-graph\">{\"@context\":\"https:\\\/\\\/schema.org\",\"@graph\":[{\"@type\":\"WebPage\",\"@id\":\"https:\\\/\\\/1mal1japan.de\\\/it\\\/produkt\\\/salsa-tonkatsu-300-ml-salsa-giapponese-per-condire-e-intingere-bull-dog\\\/\",\"url\":\"https:\\\/\\\/1mal1japan.de\\\/it\\\/produkt\\\/salsa-tonkatsu-300-ml-salsa-giapponese-per-condire-e-intingere-bull-dog\\\/\",\"name\":\"Salsa Tonkatsu (300 ml) di Bull-Dog, su 1mal1japan\",\"isPartOf\":{\"@id\":\"https:\\\/\\\/1mal1japan.de\\\/it\\\/#website\"},\"primaryImageOfPage\":{\"@id\":\"https:\\\/\\\/1mal1japan.de\\\/it\\\/produkt\\\/salsa-tonkatsu-300-ml-salsa-giapponese-per-condire-e-intingere-bull-dog\\\/#primaryimage\"},\"image\":{\"@id\":\"https:\\\/\\\/1mal1japan.de\\\/it\\\/produkt\\\/salsa-tonkatsu-300-ml-salsa-giapponese-per-condire-e-intingere-bull-dog\\\/#primaryimage\"},\"thumbnailUrl\":\"https:\\\/\\\/1mal1japan.de\\\/wp-content\\\/uploads\\\/2021\\\/04\\\/Tonkatsu-Sauce-4.jpg\",\"datePublished\":\"2021-04-18T08:09:07+00:00\",\"dateModified\":\"2026-04-28T12:08:37+00:00\",\"description\":\"I\u27a1 Acquista la salsa Tonkatsu \u2714 la migliore salsa per il Tonkatsu | Salsa condimento dal Giappone \u2714 ricca, dolce e corposa \u2714 consegna veloce!\",\"breadcrumb\":{\"@id\":\"https:\\\/\\\/1mal1japan.de\\\/it\\\/produkt\\\/salsa-tonkatsu-300-ml-salsa-giapponese-per-condire-e-intingere-bull-dog\\\/#breadcrumb\"},\"inLanguage\":\"it-IT\",\"potentialAction\":[{\"@type\":\"ReadAction\",\"target\":[\"https:\\\/\\\/1mal1japan.de\\\/it\\\/produkt\\\/salsa-tonkatsu-300-ml-salsa-giapponese-per-condire-e-intingere-bull-dog\\\/\"]}]},{\"@type\":\"ImageObject\",\"inLanguage\":\"it-IT\",\"@id\":\"https:\\\/\\\/1mal1japan.de\\\/it\\\/produkt\\\/salsa-tonkatsu-300-ml-salsa-giapponese-per-condire-e-intingere-bull-dog\\\/#primaryimage\",\"url\":\"https:\\\/\\\/1mal1japan.de\\\/wp-content\\\/uploads\\\/2021\\\/04\\\/Tonkatsu-Sauce-4.jpg\",\"contentUrl\":\"https:\\\/\\\/1mal1japan.de\\\/wp-content\\\/uploads\\\/2021\\\/04\\\/Tonkatsu-Sauce-4.jpg\",\"width\":800,\"height\":800,\"caption\":\"Salsa Tonkatsu\"},{\"@type\":\"BreadcrumbList\",\"@id\":\"https:\\\/\\\/1mal1japan.de\\\/it\\\/produkt\\\/salsa-tonkatsu-300-ml-salsa-giapponese-per-condire-e-intingere-bull-dog\\\/#breadcrumb\",\"itemListElement\":[{\"@type\":\"ListItem\",\"position\":1,\"name\":\"Startseite\",\"item\":\"https:\\\/\\\/1mal1japan.de\\\/it\\\/\"},{\"@type\":\"ListItem\",\"position\":2,\"name\":\"Negozio\",\"item\":\"https:\\\/\\\/1mal1japan.de\\\/it\\\/shop\\\/\"},{\"@type\":\"ListItem\",\"position\":3,\"name\":\"Salsa Tonkatsu 300 ml (salsa giapponese per condire e intingere), Bull-Dog\"}]},{\"@type\":\"WebSite\",\"@id\":\"https:\\\/\\\/1mal1japan.de\\\/it\\\/#website\",\"url\":\"https:\\\/\\\/1mal1japan.de\\\/it\\\/\",\"name\":\"1mal1japan.de\",\"description\":\"japanisch kochen &amp; einkaufen\",\"publisher\":{\"@id\":\"https:\\\/\\\/1mal1japan.de\\\/it\\\/#\\\/schema\\\/person\\\/3b6eab913fce9065523e927d88b032b0\"},\"potentialAction\":[{\"@type\":\"SearchAction\",\"target\":{\"@type\":\"EntryPoint\",\"urlTemplate\":\"https:\\\/\\\/1mal1japan.de\\\/it\\\/?s={search_term_string}\"},\"query-input\":{\"@type\":\"PropertyValueSpecification\",\"valueRequired\":true,\"valueName\":\"search_term_string\"}}],\"inLanguage\":\"it-IT\"},{\"@type\":[\"Person\",\"Organization\"],\"@id\":\"https:\\\/\\\/1mal1japan.de\\\/it\\\/#\\\/schema\\\/person\\\/3b6eab913fce9065523e927d88b032b0\",\"name\":\"Elisa\",\"image\":{\"@type\":\"ImageObject\",\"inLanguage\":\"it-IT\",\"@id\":\"https:\\\/\\\/1mal1japan.de\\\/wp-content\\\/uploads\\\/2018\\\/09\\\/Profilbild_Elisa.png\",\"url\":\"https:\\\/\\\/1mal1japan.de\\\/wp-content\\\/uploads\\\/2018\\\/09\\\/Profilbild_Elisa.png\",\"contentUrl\":\"https:\\\/\\\/1mal1japan.de\\\/wp-content\\\/uploads\\\/2018\\\/09\\\/Profilbild_Elisa.png\",\"width\":200,\"height\":200,\"caption\":\"Elisa\"},\"logo\":{\"@id\":\"https:\\\/\\\/1mal1japan.de\\\/wp-content\\\/uploads\\\/2018\\\/09\\\/Profilbild_Elisa.png\"}}]}<\/script>\n<meta property=\"product:brand\" content=\"Bull-Dog\" \/>\n<meta property=\"product:price:amount\" content=\"4.49\" \/>\n<meta property=\"product:price:currency\" content=\"EUR\" \/>\n<meta property=\"og:availability\" content=\"instock\" \/>\n<meta property=\"product:availability\" content=\"instock\" \/>\n<meta property=\"product:retailer_item_id\" content=\"1099\" \/>\n<meta property=\"product:condition\" content=\"new\" \/>\n<!-- \/ Yoast SEO Premium plugin. -->","yoast_head_json":{"title":"Salsa Tonkatsu (300 ml) di Bull-Dog, su 1mal1japan","description":"I\u27a1 Acquista la salsa Tonkatsu \u2714 la migliore salsa per il Tonkatsu | Salsa condimento dal Giappone \u2714 ricca, dolce e corposa \u2714 consegna veloce!","robots":{"index":"index","follow":"follow","max-snippet":"max-snippet:-1","max-image-preview":"max-image-preview:large","max-video-preview":"max-video-preview:-1"},"canonical":"https:\/\/1mal1japan.de\/it\/produkt\/salsa-tonkatsu-300-ml-salsa-giapponese-per-condire-e-intingere-bull-dog\/","og_locale":"it_IT","og_type":"article","og_title":"Salsa Tonkatsu 300 ml (salsa giapponese per condire e intingere), Bull-Dog","og_description":"La salsa Tonkatsu \u00e8 semplicemente indispensabile! Questa salsa ricca e dolciastra dal gusto corposo si abbina naturalmente al meglio alla cotoletta di maiale Tonkatsu, ma pu\u00f2 essere utilizzata anche con l'Okonomiyaki e altri piatti saltati in padella.","og_url":"https:\/\/1mal1japan.de\/it\/produkt\/salsa-tonkatsu-300-ml-salsa-giapponese-per-condire-e-intingere-bull-dog\/","og_site_name":"1mal1japan.de","article_modified_time":"2026-04-28T12:08:37+00:00","og_image":[{"width":800,"height":800,"url":"https:\/\/1mal1japan.de\/wp-content\/uploads\/2021\/04\/Tonkatsu-Sauce-4.jpg","type":"image\/jpeg"}],"schema":{"@context":"https:\/\/schema.org","@graph":[{"@type":"WebPage","@id":"https:\/\/1mal1japan.de\/it\/produkt\/salsa-tonkatsu-300-ml-salsa-giapponese-per-condire-e-intingere-bull-dog\/","url":"https:\/\/1mal1japan.de\/it\/produkt\/salsa-tonkatsu-300-ml-salsa-giapponese-per-condire-e-intingere-bull-dog\/","name":"Salsa Tonkatsu (300 ml) di Bull-Dog, su 1mal1japan","isPartOf":{"@id":"https:\/\/1mal1japan.de\/it\/#website"},"primaryImageOfPage":{"@id":"https:\/\/1mal1japan.de\/it\/produkt\/salsa-tonkatsu-300-ml-salsa-giapponese-per-condire-e-intingere-bull-dog\/#primaryimage"},"image":{"@id":"https:\/\/1mal1japan.de\/it\/produkt\/salsa-tonkatsu-300-ml-salsa-giapponese-per-condire-e-intingere-bull-dog\/#primaryimage"},"thumbnailUrl":"https:\/\/1mal1japan.de\/wp-content\/uploads\/2021\/04\/Tonkatsu-Sauce-4.jpg","datePublished":"2021-04-18T08:09:07+00:00","dateModified":"2026-04-28T12:08:37+00:00","description":"I\u27a1 Acquista la salsa Tonkatsu \u2714 la migliore salsa per il Tonkatsu | Salsa condimento dal Giappone \u2714 ricca, dolce e corposa \u2714 consegna veloce!","breadcrumb":{"@id":"https:\/\/1mal1japan.de\/it\/produkt\/salsa-tonkatsu-300-ml-salsa-giapponese-per-condire-e-intingere-bull-dog\/#breadcrumb"},"inLanguage":"it-IT","potentialAction":[{"@type":"ReadAction","target":["https:\/\/1mal1japan.de\/it\/produkt\/salsa-tonkatsu-300-ml-salsa-giapponese-per-condire-e-intingere-bull-dog\/"]}]},{"@type":"ImageObject","inLanguage":"it-IT","@id":"https:\/\/1mal1japan.de\/it\/produkt\/salsa-tonkatsu-300-ml-salsa-giapponese-per-condire-e-intingere-bull-dog\/#primaryimage","url":"https:\/\/1mal1japan.de\/wp-content\/uploads\/2021\/04\/Tonkatsu-Sauce-4.jpg","contentUrl":"https:\/\/1mal1japan.de\/wp-content\/uploads\/2021\/04\/Tonkatsu-Sauce-4.jpg","width":800,"height":800,"caption":"Salsa Tonkatsu"},{"@type":"BreadcrumbList","@id":"https:\/\/1mal1japan.de\/it\/produkt\/salsa-tonkatsu-300-ml-salsa-giapponese-per-condire-e-intingere-bull-dog\/#breadcrumb","itemListElement":[{"@type":"ListItem","position":1,"name":"Startseite","item":"https:\/\/1mal1japan.de\/it\/"},{"@type":"ListItem","position":2,"name":"Negozio","item":"https:\/\/1mal1japan.de\/it\/shop\/"},{"@type":"ListItem","position":3,"name":"Salsa Tonkatsu 300 ml (salsa giapponese per condire e intingere), Bull-Dog"}]},{"@type":"WebSite","@id":"https:\/\/1mal1japan.de\/it\/#website","url":"https:\/\/1mal1japan.de\/it\/","name":"1mal1japan.de","description":"japanisch kochen &amp; einkaufen","publisher":{"@id":"https:\/\/1mal1japan.de\/it\/#\/schema\/person\/3b6eab913fce9065523e927d88b032b0"},"potentialAction":[{"@type":"SearchAction","target":{"@type":"EntryPoint","urlTemplate":"https:\/\/1mal1japan.de\/it\/?s={search_term_string}"},"query-input":{"@type":"PropertyValueSpecification","valueRequired":true,"valueName":"search_term_string"}}],"inLanguage":"it-IT"},{"@type":["Person","Organization"],"@id":"https:\/\/1mal1japan.de\/it\/#\/schema\/person\/3b6eab913fce9065523e927d88b032b0","name":"Elisa","image":{"@type":"ImageObject","inLanguage":"it-IT","@id":"https:\/\/1mal1japan.de\/wp-content\/uploads\/2018\/09\/Profilbild_Elisa.png","url":"https:\/\/1mal1japan.de\/wp-content\/uploads\/2018\/09\/Profilbild_Elisa.png","contentUrl":"https:\/\/1mal1japan.de\/wp-content\/uploads\/2018\/09\/Profilbild_Elisa.png","width":200,"height":200,"caption":"Elisa"},"logo":{"@id":"https:\/\/1mal1japan.de\/wp-content\/uploads\/2018\/09\/Profilbild_Elisa.png"}}]},"product_brand":"Bull-Dog","product_price_amount":"4.49","product_price_currency":"EUR","og_availability":"instock","product_availability":"instock","product_retailer_item_id":"1099","product_condition":"new"},"uagb_featured_image_src":{"full":["https:\/\/1mal1japan.de\/wp-content\/uploads\/2021\/04\/Tonkatsu-Sauce-4.jpg",800,800,false],"thumbnail":["https:\/\/1mal1japan.de\/wp-content\/uploads\/2021\/04\/Tonkatsu-Sauce-4-150x150.jpg",150,150,true],"medium":["https:\/\/1mal1japan.de\/wp-content\/uploads\/2021\/04\/Tonkatsu-Sauce-4-300x300.jpg",300,300,true],"medium_large":["https:\/\/1mal1japan.de\/wp-content\/uploads\/2021\/04\/Tonkatsu-Sauce-4-768x768.jpg",768,768,true],"large":["https:\/\/1mal1japan.de\/wp-content\/uploads\/2021\/04\/Tonkatsu-Sauce-4.jpg",800,800,false],"1536x1536":["https:\/\/1mal1japan.de\/wp-content\/uploads\/2021\/04\/Tonkatsu-Sauce-4.jpg",800,800,false],"2048x2048":["https:\/\/1mal1japan.de\/wp-content\/uploads\/2021\/04\/Tonkatsu-Sauce-4.jpg",800,800,false],"woocommerce_thumbnail":["https:\/\/1mal1japan.de\/wp-content\/uploads\/2021\/04\/Tonkatsu-Sauce-4-600x600.jpg",600,600,true],"woocommerce_single":["https:\/\/1mal1japan.de\/wp-content\/uploads\/2021\/04\/Tonkatsu-Sauce-4.jpg",800,800,false],"woocommerce_gallery_thumbnail":["https:\/\/1mal1japan.de\/wp-content\/uploads\/2021\/04\/Tonkatsu-Sauce-4-100x100.jpg",100,100,true]},"uagb_author_info":{"display_name":"kiwi19901","author_link":"https:\/\/1mal1japan.de\/it\/author\/"},"uagb_comment_info":0,"uagb_excerpt":"La salsa Tonkatsu \u00e8 semplicemente indispensabile! Questa salsa ricca e dolciastra dal gusto corposo si abbina naturalmente al meglio alla cotoletta di maiale Tonkatsu, ma pu\u00f2 essere utilizzata anche con l'Okonomiyaki e altri piatti saltati in padella.","_links":{"self":[{"href":"https:\/\/1mal1japan.de\/it\/wp-json\/wp\/v2\/product\/64376","targetHints":{"allow":["GET"]}}],"collection":[{"href":"https:\/\/1mal1japan.de\/it\/wp-json\/wp\/v2\/product"}],"about":[{"href":"https:\/\/1mal1japan.de\/it\/wp-json\/wp\/v2\/types\/product"}],"wp:featuredmedia":[{"embeddable":true,"href":"https:\/\/1mal1japan.de\/it\/wp-json\/wp\/v2\/media\/64378"}],"wp:attachment":[{"href":"https:\/\/1mal1japan.de\/it\/wp-json\/wp\/v2\/media?parent=64376"}],"wp:term":[{"taxonomy":"product_brand","embeddable":true,"href":"https:\/\/1mal1japan.de\/it\/wp-json\/wp\/v2\/product_brand?post=64376"},{"taxonomy":"product_cat","embeddable":true,"href":"https:\/\/1mal1japan.de\/it\/wp-json\/wp\/v2\/product_cat?post=64376"},{"taxonomy":"product_tag","embeddable":true,"href":"https:\/\/1mal1japan.de\/it\/wp-json\/wp\/v2\/product_tag?post=64376"}],"curies":[{"name":"wp","href":"https:\/\/api.w.org\/{rel}","templated":true}]}}