{"id":64415,"date":"2021-04-18T10:09:01","date_gmt":"2021-04-18T08:09:01","guid":{"rendered":"https:\/\/1mal1japan.de\/produkt\/tempurako-350-g-miscela-di-farina-per-pastella-tempura-premium-kawakubo\/"},"modified":"2026-04-28T14:05:12","modified_gmt":"2026-04-28T12:05:12","slug":"tempurako-350-g-miscela-di-farina-per-pastella-tempura-premium-kawakubo","status":"publish","type":"product","link":"https:\/\/1mal1japan.de\/it\/produkt\/tempurako-350-g-miscela-di-farina-per-pastella-tempura-premium-kawakubo\/","title":{"rendered":"Tempurako 350 g (miscela di farina per pastella tempura premium), Kawakubo"},"content":{"rendered":"\n<section class=\"wp-block-uagb-section uagb-section__wrap uagb-section__background-color uagb-block-e1ed7412\"><div class=\"uagb-section__overlay\"><\/div><div class=\"uagb-section__inner-wrap\">\n<p>\u2705 <strong>Consistenza super croccante:<\/strong> Formula speciale per una pastella Tempura perfetta.<br\/>\u2705 <strong>Versatile:<\/strong> Ideale per friggere verdure, frutti di mare, pollo e altro ancora. <br\/>\u2705 <strong>Facile e veloce:<\/strong> Tempura perfetta in pochi minuti.<br\/>\u2705 <strong>Vegana e naturale:<\/strong> Senza aromi artificiali, puramente vegetale.<br\/>\u2705 <strong>Autentica dal Giappone:<\/strong> Importazione diretta per un vero piacere tempura.<\/p>\n<\/div><\/section>\n\n<p>Immergiti nell&#8217;affascinante mondo della cucina giapponese con la nostra miscela di farina Tempurako, il tuo segreto per una Tempura irresistibilmente croccante. Questa miscela di farina appositamente sviluppata \u00e8 la chiave per un&#8217;autentica esperienza di Tempura, direttamente dalla tua cucina. Che tu sia uno chef esperto o un appassionato cuoco amatoriale, Tempurako rende la preparazione della Tempura un gioco da ragazzi ed estremamente gratificante.<\/p>\n\n<p>Tempura, uno dei piatti pi\u00f9 amati del Giappone, \u00e8 molto pi\u00f9 di un semplice cibo fritto. \u00c8 una forma d&#8217;arte che richiede precisione e cura per raggiungere il perfetto equilibrio tra una pastella leggera e soffice e il sapore naturale degli ingredienti. Con la nostra miscela di farina Tempurako hai la base perfetta per padroneggiare questo equilibrio. Basta mescolarla con acqua e la pastella avvolger\u00e0 delicatamente i tuoi ingredienti preferiti \u2013 dalle verdure croccanti ai delicati frutti di mare fino al succulento pollo \u2013 trasformandoli in prelibatezze dorate e croccanti.<\/p>\n\n<p>Ci\u00f2 che rende Tempurako cos\u00ec speciale \u00e8 la sua versatilit\u00e0. Non solo gli ingredienti tradizionali del Tempura, ma anche alimenti pi\u00f9 creativi e non convenzionali come il Sushi, l&#8217;ananas e la banana acquisiscono una dimensione gustativa completamente nuova grazie alla pastella Tempura. Questa variet\u00e0 culinaria invita a sperimentare e rende ogni portata di Tempura un&#8217;avventura emozionante.<\/p>\n\n<p>Il nostro consiglio segreto per un&#8217;esperienza di Tempura indimenticabile? Servi le tue creazioni insieme a un piatto fumante di riso glutinoso giapponese e una salsa di accompagnamento dal sapore dolce-salato. Questa combinazione, nota anche come <a href=\"https:\/\/1mal1japan.de\/rezepte\/tendon\/\">Tendon<\/a>, \u00e8 un pasto molto popolare in Giappone e fa risaltare appieno i ricchi aromi e le consistenze della Tempura.<\/p>\n\n<p>Con Tempurako al tuo fianco, sei a pochi passaggi da un Tempura autentico e delizioso che arricchir\u00e0 i tuoi pasti e ti porter\u00e0 in un viaggio culinario in Giappone. Scopri il piacere della frittura, esplora nuovi mondi di sapori e condividi l&#8217;amore per il cibo con la famiglia e gli amici. Festeggiamo insieme la tradizione del Tempura e immergiamoci nel delizioso mondo della cucina giapponese di 1mal1japan.<\/p>\n\n<h2 class=\"wp-block-heading\" id=\"h-das-kannst-du-damit-kochen\">Ecco cosa puoi cucinare con questo prodotto:<\/h2>\n\n\t\t\t<div class=\"wp-block-uagb-post-grid uagb-post-grid  uagb-post__image-position-top uagb-post__image-enabled uagb-block-27b66334     uagb-post__items uagb-post__columns-2 is-grid uagb-post__columns-tablet-2 uagb-post__columns-mobile-2 uagb-post__equal-height\" data-total=\"0\" style=\"\">\n\n\t\t\t\t\t\t\t\t\t<p class=\"uagb-post__no-posts\">\n\t\t\t\t\t\tNo post found!\t\t\t\t\t<\/p>\n\t\t\t\t\t\t\t\t<\/div>\n\t\t\t\n<div style=\"height:20px\" aria-hidden=\"true\" class=\"wp-block-spacer\"><\/div>\n\n<h2 class=\"wp-block-heading\" id=\"h-haltbarkeit-und-lagerung\">Conservazione e durata:<\/h2>\n\n<p>Conserva il Tempurako in un luogo asciutto, fresco e al riparo dalla luce diretta del sole. Una volta aperta la confezione, conservala in un contenitore ermetico e consumala rapidamente.<\/p>\n\n<h2 class=\"wp-block-heading\" id=\"h-deine-vorteile-und-unser-versprechen\">I tuoi vantaggi e la nostra promessa:<\/h2>\n\n<section class=\"wp-block-uagb-section uagb-section__wrap uagb-section__background-color uagb-block-85f7e9d2\"><div class=\"uagb-section__overlay\"><\/div><div class=\"uagb-section__inner-wrap\">\n<p>\u2764\ufe0f <strong>Veloce, semplice e affidabile:<\/strong> I clienti ci adorano! Con 4,9 stelle su 5 su Shopvote &#8211; dai un&#8217;occhiata <a href=\"https:\/\/www.shopvote.de\/bewertung_1mal1japan_de_23342.html\">qui alle recensioni dei nostri clienti<\/a>!<\/p>\n<\/div><\/section>\n\n<div style=\"height:20px\" aria-hidden=\"true\" class=\"wp-block-spacer\"><\/div>\n\n<section class=\"wp-block-uagb-section uagb-section__wrap uagb-section__background-color uagb-block-9e748e26\"><div class=\"uagb-section__overlay\"><\/div><div class=\"uagb-section__inner-wrap\">\n<p>\ud83c\udf31 <strong>Acquisti sostenibili:<\/strong> Spedizioni a impatto zero, imballaggi ecologici, fatture digitali di default.<\/p>\n<\/div><\/section>\n\n<div style=\"height:20px\" aria-hidden=\"true\" class=\"wp-block-spacer\"><\/div>\n\n<section class=\"wp-block-uagb-section uagb-section__wrap uagb-section__background-color uagb-block-11f9fc83\"><div class=\"uagb-section__overlay\"><\/div><div class=\"uagb-section__inner-wrap\">\n<p><strong>\ud83d\udd12 Acquisti al 100% senza rischi:<\/strong> Nessun importo minimo d&#8217;ordine, spedizione gratuita in Germania a partire da 59 \u20ac di spesa + diritto di recesso di 30 giorni con reso gratuito.<\/p>\n<\/div><\/section>\n\n<div style=\"height:20px\" aria-hidden=\"true\" class=\"wp-block-spacer\"><\/div>\n\n<section class=\"wp-block-uagb-section uagb-section__wrap uagb-section__background-color uagb-block-5b55bd83\"><div class=\"uagb-section__overlay\"><\/div><div class=\"uagb-section__inner-wrap\">\n<p>\ud83e\udd62 <strong>I migliori ingredienti per la tua esperienza culinaria e gustativa: <\/strong>Prodotti selezionati a mano che ci convincono personalmente in base a quattro criteri: (1) gusto, (2) autenticit\u00e0, (3) prezzo e (4) disponibilit\u00e0.<\/p>\n<\/div><\/section>\n\n<div style=\"height:20px\" aria-hidden=\"true\" class=\"wp-block-spacer\"><\/div>\n\n<section class=\"wp-block-uagb-section uagb-section__wrap uagb-section__background-color uagb-block-94ed5912\"><div class=\"uagb-section__overlay\"><\/div><div class=\"uagb-section__inner-wrap\">\n<p>\ud83d\udc4d <strong>Approfitta della nostra pluriennale esperienza<\/strong>: 1mal1japan.de esiste gi\u00e0 dal 2016. Da allora abbiamo avuto il piacere di accogliere milioni di visitatori sul nostro blog e nel nostro Shop e di servire oltre 50.000 clienti soddisfatti. Grazie di cuore a tutti i lettori e ai fan!<\/p>\n<\/div><\/section>\n","protected":false},"excerpt":{"rendered":"<p>Trasformate la vostra cucina in un&#8217;oasi gastronomica giapponese con la nostra miscela di farina Tempurako, sviluppata appositamente per conferire ai vostri piatti di tempura una croccantezza senza pari. Perfetta per una grande variet\u00e0 di ingredienti \u2013 dalle verdure ai frutti di mare fino al pollo \u2013 la nostra miscela consente una preparazione veloce e senza fatica.<\/p>\n","protected":false},"featured_media":64416,"template":"","meta":{"_uag_custom_page_level_css":"","site-sidebar-layout":"default","site-content-layout":"default","ast-site-content-layout":"default","site-content-style":"default","site-sidebar-style":"default","ast-global-header-display":"","ast-banner-title-visibility":"","ast-main-header-display":"","ast-hfb-above-header-display":"","ast-hfb-below-header-display":"","ast-hfb-mobile-header-display":"","site-post-title":"","ast-breadcrumbs-content":"","ast-featured-img":"","footer-sml-layout":"","ast-disable-related-posts":"","theme-transparent-header-meta":"default","adv-header-id-meta":"","stick-header-meta":"default","header-above-stick-meta":"","header-main-stick-meta":"","header-below-stick-meta":"","astra-migrate-meta-layouts":"default","ast-page-background-enabled":"default","ast-page-background-meta":{"desktop":{"background-color":"","background-image":"","background-repeat":"repeat","background-position":"center center","background-size":"auto","background-attachment":"scroll","background-type":"","background-media":"","overlay-type":"","overlay-color":"","overlay-opacity":"","overlay-gradient":""},"tablet":{"background-color":"","background-image":"","background-repeat":"repeat","background-position":"center center","background-size":"auto","background-attachment":"scroll","background-type":"","background-media":"","overlay-type":"","overlay-color":"","overlay-opacity":"","overlay-gradient":""},"mobile":{"background-color":"","background-image":"","background-repeat":"repeat","background-position":"center center","background-size":"auto","background-attachment":"scroll","background-type":"","background-media":"","overlay-type":"","overlay-color":"","overlay-opacity":"","overlay-gradient":""}},"ast-content-background-meta":{"desktop":{"background-color":"var(--ast-global-color-5)","background-image":"","background-repeat":"repeat","background-position":"center center","background-size":"auto","background-attachment":"scroll","background-type":"","background-media":"","overlay-type":"","overlay-color":"","overlay-opacity":"","overlay-gradient":""},"tablet":{"background-color":"var(--ast-global-color-5)","background-image":"","background-repeat":"repeat","background-position":"center center","background-size":"auto","background-attachment":"scroll","background-type":"","background-media":"","overlay-type":"","overlay-color":"","overlay-opacity":"","overlay-gradient":""},"mobile":{"background-color":"var(--ast-global-color-5)","background-image":"","background-repeat":"repeat","background-position":"center center","background-size":"auto","background-attachment":"scroll","background-type":"","background-media":"","overlay-type":"","overlay-color":"","overlay-opacity":"","overlay-gradient":""}}},"product_brand":[],"product_cat":[1558,1597,1557],"product_tag":[1572],"class_list":{"0":"post-64415","1":"product","2":"type-product","3":"status-publish","4":"has-post-thumbnail","6":"product_cat-made-in-japan","7":"product_cat-riso-noodles-e-farina","8":"product_cat-tutti-i-prodotti","9":"product_tag-vegano","10":"desktop-align-left","11":"tablet-align-left","12":"mobile-align-left","13":"ast-product-gallery-layout-horizontal-slider","14":"ast-magnify-disabled","15":"ast-product-tabs-layout-horizontal","17":"first","18":"instock","19":"taxable","20":"shipping-taxable","21":"purchasable","22":"product-type-simple"},"yoast_head":"<!-- This site is optimized with the Yoast SEO Premium plugin v27.5 (Yoast SEO v27.5) - https:\/\/yoast.com\/product\/yoast-seo-premium-wordpress\/ -->\n<title>Tempurako 350 g miscela di farina per pastella tempura, su 1ma1japan<\/title>\n<meta name=\"description\" content=\"I\u27a1 Acquista Tempurako \u2714 Miscela di farina per pastella Tempura \u2714 Preparazione semplice in pochi minuti \u2714 Giapponese e vegana \u2714 Consegna rapida!\" \/>\n<meta name=\"robots\" content=\"index, follow, max-snippet:-1, max-image-preview:large, max-video-preview:-1\" \/>\n<link rel=\"canonical\" href=\"https:\/\/1mal1japan.de\/it\/produkt\/tempurako-350-g-miscela-di-farina-per-pastella-tempura-premium-kawakubo\/\" \/>\n<meta property=\"og:locale\" content=\"it_IT\" \/>\n<meta property=\"og:type\" content=\"article\" \/>\n<meta property=\"og:title\" content=\"Tempurako 350 g (miscela di farina per pastella tempura premium), Kawakubo\" \/>\n<meta property=\"og:description\" content=\"Trasformate la vostra cucina in un&#039;oasi gastronomica giapponese con la nostra miscela di farina Tempurako, sviluppata appositamente per conferire ai vostri piatti di tempura una croccantezza senza pari. Perfetta per una grande variet\u00e0 di ingredienti \u2013 dalle verdure ai frutti di mare fino al pollo \u2013 la nostra miscela consente una preparazione veloce e senza fatica.\" \/>\n<meta property=\"og:url\" content=\"https:\/\/1mal1japan.de\/it\/produkt\/tempurako-350-g-miscela-di-farina-per-pastella-tempura-premium-kawakubo\/\" \/>\n<meta property=\"og:site_name\" content=\"1mal1japan.de\" \/>\n<meta property=\"article:modified_time\" content=\"2026-04-28T12:05:12+00:00\" \/>\n<meta property=\"og:image\" content=\"https:\/\/1mal1japan.de\/wp-content\/uploads\/2021\/04\/Tempurako-1-1.jpg\" \/>\n\t<meta property=\"og:image:width\" content=\"800\" \/>\n\t<meta property=\"og:image:height\" content=\"800\" \/>\n\t<meta property=\"og:image:type\" content=\"image\/jpeg\" \/>\n<script type=\"application\/ld+json\" class=\"yoast-schema-graph\">{\"@context\":\"https:\\\/\\\/schema.org\",\"@graph\":[{\"@type\":\"WebPage\",\"@id\":\"https:\\\/\\\/1mal1japan.de\\\/it\\\/produkt\\\/tempurako-350-g-miscela-di-farina-per-pastella-tempura-premium-kawakubo\\\/\",\"url\":\"https:\\\/\\\/1mal1japan.de\\\/it\\\/produkt\\\/tempurako-350-g-miscela-di-farina-per-pastella-tempura-premium-kawakubo\\\/\",\"name\":\"Tempurako 350 g miscela di farina per pastella tempura, su 1ma1japan\",\"isPartOf\":{\"@id\":\"https:\\\/\\\/1mal1japan.de\\\/it\\\/#website\"},\"primaryImageOfPage\":{\"@id\":\"https:\\\/\\\/1mal1japan.de\\\/it\\\/produkt\\\/tempurako-350-g-miscela-di-farina-per-pastella-tempura-premium-kawakubo\\\/#primaryimage\"},\"image\":{\"@id\":\"https:\\\/\\\/1mal1japan.de\\\/it\\\/produkt\\\/tempurako-350-g-miscela-di-farina-per-pastella-tempura-premium-kawakubo\\\/#primaryimage\"},\"thumbnailUrl\":\"https:\\\/\\\/1mal1japan.de\\\/wp-content\\\/uploads\\\/2021\\\/04\\\/Tempurako-1-1.jpg\",\"datePublished\":\"2021-04-18T08:09:01+00:00\",\"dateModified\":\"2026-04-28T12:05:12+00:00\",\"description\":\"I\u27a1 Acquista Tempurako \u2714 Miscela di farina per pastella Tempura \u2714 Preparazione semplice in pochi minuti \u2714 Giapponese e vegana \u2714 Consegna rapida!\",\"breadcrumb\":{\"@id\":\"https:\\\/\\\/1mal1japan.de\\\/it\\\/produkt\\\/tempurako-350-g-miscela-di-farina-per-pastella-tempura-premium-kawakubo\\\/#breadcrumb\"},\"inLanguage\":\"it-IT\",\"potentialAction\":[{\"@type\":\"ReadAction\",\"target\":[\"https:\\\/\\\/1mal1japan.de\\\/it\\\/produkt\\\/tempurako-350-g-miscela-di-farina-per-pastella-tempura-premium-kawakubo\\\/\"]}]},{\"@type\":\"ImageObject\",\"inLanguage\":\"it-IT\",\"@id\":\"https:\\\/\\\/1mal1japan.de\\\/it\\\/produkt\\\/tempurako-350-g-miscela-di-farina-per-pastella-tempura-premium-kawakubo\\\/#primaryimage\",\"url\":\"https:\\\/\\\/1mal1japan.de\\\/wp-content\\\/uploads\\\/2021\\\/04\\\/Tempurako-1-1.jpg\",\"contentUrl\":\"https:\\\/\\\/1mal1japan.de\\\/wp-content\\\/uploads\\\/2021\\\/04\\\/Tempurako-1-1.jpg\",\"width\":800,\"height\":800,\"caption\":\"Tempurako\"},{\"@type\":\"BreadcrumbList\",\"@id\":\"https:\\\/\\\/1mal1japan.de\\\/it\\\/produkt\\\/tempurako-350-g-miscela-di-farina-per-pastella-tempura-premium-kawakubo\\\/#breadcrumb\",\"itemListElement\":[{\"@type\":\"ListItem\",\"position\":1,\"name\":\"Startseite\",\"item\":\"https:\\\/\\\/1mal1japan.de\\\/it\\\/\"},{\"@type\":\"ListItem\",\"position\":2,\"name\":\"Negozio\",\"item\":\"https:\\\/\\\/1mal1japan.de\\\/it\\\/shop\\\/\"},{\"@type\":\"ListItem\",\"position\":3,\"name\":\"Tempurako 350 g (miscela di farina per pastella tempura premium), Kawakubo\"}]},{\"@type\":\"WebSite\",\"@id\":\"https:\\\/\\\/1mal1japan.de\\\/it\\\/#website\",\"url\":\"https:\\\/\\\/1mal1japan.de\\\/it\\\/\",\"name\":\"1mal1japan.de\",\"description\":\"japanisch kochen &amp; einkaufen\",\"publisher\":{\"@id\":\"https:\\\/\\\/1mal1japan.de\\\/it\\\/#\\\/schema\\\/person\\\/3b6eab913fce9065523e927d88b032b0\"},\"potentialAction\":[{\"@type\":\"SearchAction\",\"target\":{\"@type\":\"EntryPoint\",\"urlTemplate\":\"https:\\\/\\\/1mal1japan.de\\\/it\\\/?s={search_term_string}\"},\"query-input\":{\"@type\":\"PropertyValueSpecification\",\"valueRequired\":true,\"valueName\":\"search_term_string\"}}],\"inLanguage\":\"it-IT\"},{\"@type\":[\"Person\",\"Organization\"],\"@id\":\"https:\\\/\\\/1mal1japan.de\\\/it\\\/#\\\/schema\\\/person\\\/3b6eab913fce9065523e927d88b032b0\",\"name\":\"Elisa\",\"image\":{\"@type\":\"ImageObject\",\"inLanguage\":\"it-IT\",\"@id\":\"https:\\\/\\\/1mal1japan.de\\\/wp-content\\\/uploads\\\/2018\\\/09\\\/Profilbild_Elisa.png\",\"url\":\"https:\\\/\\\/1mal1japan.de\\\/wp-content\\\/uploads\\\/2018\\\/09\\\/Profilbild_Elisa.png\",\"contentUrl\":\"https:\\\/\\\/1mal1japan.de\\\/wp-content\\\/uploads\\\/2018\\\/09\\\/Profilbild_Elisa.png\",\"width\":200,\"height\":200,\"caption\":\"Elisa\"},\"logo\":{\"@id\":\"https:\\\/\\\/1mal1japan.de\\\/wp-content\\\/uploads\\\/2018\\\/09\\\/Profilbild_Elisa.png\"}}]}<\/script>\n<meta property=\"product:brand\" content=\"Kawakubo\" \/>\n<meta property=\"product:price:amount\" content=\"4.89\" \/>\n<meta property=\"product:price:currency\" content=\"EUR\" \/>\n<meta property=\"og:availability\" content=\"instock\" \/>\n<meta property=\"product:availability\" content=\"instock\" \/>\n<meta property=\"product:retailer_item_id\" content=\"1082\" \/>\n<meta property=\"product:condition\" content=\"new\" \/>\n<!-- \/ Yoast SEO Premium plugin. -->","yoast_head_json":{"title":"Tempurako 350 g miscela di farina per pastella tempura, su 1ma1japan","description":"I\u27a1 Acquista Tempurako \u2714 Miscela di farina per pastella Tempura \u2714 Preparazione semplice in pochi minuti \u2714 Giapponese e vegana \u2714 Consegna rapida!","robots":{"index":"index","follow":"follow","max-snippet":"max-snippet:-1","max-image-preview":"max-image-preview:large","max-video-preview":"max-video-preview:-1"},"canonical":"https:\/\/1mal1japan.de\/it\/produkt\/tempurako-350-g-miscela-di-farina-per-pastella-tempura-premium-kawakubo\/","og_locale":"it_IT","og_type":"article","og_title":"Tempurako 350 g (miscela di farina per pastella tempura premium), Kawakubo","og_description":"Trasformate la vostra cucina in un'oasi gastronomica giapponese con la nostra miscela di farina Tempurako, sviluppata appositamente per conferire ai vostri piatti di tempura una croccantezza senza pari. Perfetta per una grande variet\u00e0 di ingredienti \u2013 dalle verdure ai frutti di mare fino al pollo \u2013 la nostra miscela consente una preparazione veloce e senza fatica.","og_url":"https:\/\/1mal1japan.de\/it\/produkt\/tempurako-350-g-miscela-di-farina-per-pastella-tempura-premium-kawakubo\/","og_site_name":"1mal1japan.de","article_modified_time":"2026-04-28T12:05:12+00:00","og_image":[{"width":800,"height":800,"url":"https:\/\/1mal1japan.de\/wp-content\/uploads\/2021\/04\/Tempurako-1-1.jpg","type":"image\/jpeg"}],"schema":{"@context":"https:\/\/schema.org","@graph":[{"@type":"WebPage","@id":"https:\/\/1mal1japan.de\/it\/produkt\/tempurako-350-g-miscela-di-farina-per-pastella-tempura-premium-kawakubo\/","url":"https:\/\/1mal1japan.de\/it\/produkt\/tempurako-350-g-miscela-di-farina-per-pastella-tempura-premium-kawakubo\/","name":"Tempurako 350 g miscela di farina per pastella tempura, su 1ma1japan","isPartOf":{"@id":"https:\/\/1mal1japan.de\/it\/#website"},"primaryImageOfPage":{"@id":"https:\/\/1mal1japan.de\/it\/produkt\/tempurako-350-g-miscela-di-farina-per-pastella-tempura-premium-kawakubo\/#primaryimage"},"image":{"@id":"https:\/\/1mal1japan.de\/it\/produkt\/tempurako-350-g-miscela-di-farina-per-pastella-tempura-premium-kawakubo\/#primaryimage"},"thumbnailUrl":"https:\/\/1mal1japan.de\/wp-content\/uploads\/2021\/04\/Tempurako-1-1.jpg","datePublished":"2021-04-18T08:09:01+00:00","dateModified":"2026-04-28T12:05:12+00:00","description":"I\u27a1 Acquista Tempurako \u2714 Miscela di farina per pastella Tempura \u2714 Preparazione semplice in pochi minuti \u2714 Giapponese e vegana \u2714 Consegna rapida!","breadcrumb":{"@id":"https:\/\/1mal1japan.de\/it\/produkt\/tempurako-350-g-miscela-di-farina-per-pastella-tempura-premium-kawakubo\/#breadcrumb"},"inLanguage":"it-IT","potentialAction":[{"@type":"ReadAction","target":["https:\/\/1mal1japan.de\/it\/produkt\/tempurako-350-g-miscela-di-farina-per-pastella-tempura-premium-kawakubo\/"]}]},{"@type":"ImageObject","inLanguage":"it-IT","@id":"https:\/\/1mal1japan.de\/it\/produkt\/tempurako-350-g-miscela-di-farina-per-pastella-tempura-premium-kawakubo\/#primaryimage","url":"https:\/\/1mal1japan.de\/wp-content\/uploads\/2021\/04\/Tempurako-1-1.jpg","contentUrl":"https:\/\/1mal1japan.de\/wp-content\/uploads\/2021\/04\/Tempurako-1-1.jpg","width":800,"height":800,"caption":"Tempurako"},{"@type":"BreadcrumbList","@id":"https:\/\/1mal1japan.de\/it\/produkt\/tempurako-350-g-miscela-di-farina-per-pastella-tempura-premium-kawakubo\/#breadcrumb","itemListElement":[{"@type":"ListItem","position":1,"name":"Startseite","item":"https:\/\/1mal1japan.de\/it\/"},{"@type":"ListItem","position":2,"name":"Negozio","item":"https:\/\/1mal1japan.de\/it\/shop\/"},{"@type":"ListItem","position":3,"name":"Tempurako 350 g (miscela di farina per pastella tempura premium), Kawakubo"}]},{"@type":"WebSite","@id":"https:\/\/1mal1japan.de\/it\/#website","url":"https:\/\/1mal1japan.de\/it\/","name":"1mal1japan.de","description":"japanisch kochen &amp; einkaufen","publisher":{"@id":"https:\/\/1mal1japan.de\/it\/#\/schema\/person\/3b6eab913fce9065523e927d88b032b0"},"potentialAction":[{"@type":"SearchAction","target":{"@type":"EntryPoint","urlTemplate":"https:\/\/1mal1japan.de\/it\/?s={search_term_string}"},"query-input":{"@type":"PropertyValueSpecification","valueRequired":true,"valueName":"search_term_string"}}],"inLanguage":"it-IT"},{"@type":["Person","Organization"],"@id":"https:\/\/1mal1japan.de\/it\/#\/schema\/person\/3b6eab913fce9065523e927d88b032b0","name":"Elisa","image":{"@type":"ImageObject","inLanguage":"it-IT","@id":"https:\/\/1mal1japan.de\/wp-content\/uploads\/2018\/09\/Profilbild_Elisa.png","url":"https:\/\/1mal1japan.de\/wp-content\/uploads\/2018\/09\/Profilbild_Elisa.png","contentUrl":"https:\/\/1mal1japan.de\/wp-content\/uploads\/2018\/09\/Profilbild_Elisa.png","width":200,"height":200,"caption":"Elisa"},"logo":{"@id":"https:\/\/1mal1japan.de\/wp-content\/uploads\/2018\/09\/Profilbild_Elisa.png"}}]},"product_brand":"Kawakubo","product_price_amount":"4.89","product_price_currency":"EUR","og_availability":"instock","product_availability":"instock","product_retailer_item_id":"1082","product_condition":"new"},"uagb_featured_image_src":{"full":["https:\/\/1mal1japan.de\/wp-content\/uploads\/2021\/04\/Tempurako-1-1.jpg",800,800,false],"thumbnail":["https:\/\/1mal1japan.de\/wp-content\/uploads\/2021\/04\/Tempurako-1-1-150x150.jpg",150,150,true],"medium":["https:\/\/1mal1japan.de\/wp-content\/uploads\/2021\/04\/Tempurako-1-1-300x300.jpg",300,300,true],"medium_large":["https:\/\/1mal1japan.de\/wp-content\/uploads\/2021\/04\/Tempurako-1-1-768x768.jpg",768,768,true],"large":["https:\/\/1mal1japan.de\/wp-content\/uploads\/2021\/04\/Tempurako-1-1.jpg",800,800,false],"1536x1536":["https:\/\/1mal1japan.de\/wp-content\/uploads\/2021\/04\/Tempurako-1-1.jpg",800,800,false],"2048x2048":["https:\/\/1mal1japan.de\/wp-content\/uploads\/2021\/04\/Tempurako-1-1.jpg",800,800,false],"woocommerce_thumbnail":["https:\/\/1mal1japan.de\/wp-content\/uploads\/2021\/04\/Tempurako-1-1-600x600.jpg",600,600,true],"woocommerce_single":["https:\/\/1mal1japan.de\/wp-content\/uploads\/2021\/04\/Tempurako-1-1.jpg",800,800,false],"woocommerce_gallery_thumbnail":["https:\/\/1mal1japan.de\/wp-content\/uploads\/2021\/04\/Tempurako-1-1-100x100.jpg",100,100,true]},"uagb_author_info":{"display_name":"kiwi19901","author_link":"https:\/\/1mal1japan.de\/it\/author\/"},"uagb_comment_info":0,"uagb_excerpt":"Trasformate la vostra cucina in un'oasi gastronomica giapponese con la nostra miscela di farina Tempurako, sviluppata appositamente per conferire ai vostri piatti di tempura una croccantezza senza pari. Perfetta per una grande variet\u00e0 di ingredienti \u2013 dalle verdure ai frutti di mare fino al pollo \u2013 la nostra miscela consente una preparazione veloce e senza&hellip;","_links":{"self":[{"href":"https:\/\/1mal1japan.de\/it\/wp-json\/wp\/v2\/product\/64415","targetHints":{"allow":["GET"]}}],"collection":[{"href":"https:\/\/1mal1japan.de\/it\/wp-json\/wp\/v2\/product"}],"about":[{"href":"https:\/\/1mal1japan.de\/it\/wp-json\/wp\/v2\/types\/product"}],"wp:featuredmedia":[{"embeddable":true,"href":"https:\/\/1mal1japan.de\/it\/wp-json\/wp\/v2\/media\/64416"}],"wp:attachment":[{"href":"https:\/\/1mal1japan.de\/it\/wp-json\/wp\/v2\/media?parent=64415"}],"wp:term":[{"taxonomy":"product_brand","embeddable":true,"href":"https:\/\/1mal1japan.de\/it\/wp-json\/wp\/v2\/product_brand?post=64415"},{"taxonomy":"product_cat","embeddable":true,"href":"https:\/\/1mal1japan.de\/it\/wp-json\/wp\/v2\/product_cat?post=64415"},{"taxonomy":"product_tag","embeddable":true,"href":"https:\/\/1mal1japan.de\/it\/wp-json\/wp\/v2\/product_tag?post=64415"}],"curies":[{"name":"wp","href":"https:\/\/api.w.org\/{rel}","templated":true}]}}