{"id":64422,"date":"2021-04-18T10:09:00","date_gmt":"2021-04-18T08:09:00","guid":{"rendered":"https:\/\/1mal1japan.de\/produkt\/aceto-di-riso-500-ml-preparato-per-sushi-otafuku\/"},"modified":"2026-04-28T14:05:12","modified_gmt":"2026-04-28T12:05:12","slug":"aceto-di-riso-500-ml-preparato-per-sushi-otafuku","status":"publish","type":"product","link":"https:\/\/1mal1japan.de\/it\/produkt\/aceto-di-riso-500-ml-preparato-per-sushi-otafuku\/","title":{"rendered":"Aceto di riso 500 ml (preparato per Sushi), Otafuku"},"content":{"rendered":"\n<section class=\"wp-block-uagb-section uagb-section__wrap uagb-section__background-color uagb-block-5d3ee7eb\"><div class=\"uagb-section__overlay\"><\/div><div class=\"uagb-section__inner-wrap\">\n<p class=\"has-ast-global-color-5-color has-text-color has-link-color wp-elements-a14a602b579230e2073d2e7065c1833b\">\u2705 Aceto di riso puro<br\/>\u2705 Profilo di acidit\u00e0 delicato ed equilibrato<br\/>\u2705 Ideale per il riso per Sushi e i condimenti giapponesi<br\/>\u2705 Senza zuccheri aggiunti n\u00e9 aromi<br\/>\u2705 Aceto classico della cucina giapponese<\/p>\n<\/div><\/section>\n\n<h2 class=\"wp-block-heading\" id=\"wissen\">Cos&#8217;\u00e8 il Kome Su?<\/h2>\n\n<p>Il Kome Su \u00e8 un aceto di riso tradizionale giapponese, prodotto esclusivamente con riso fermentato. A differenza dell&#8217;aceto per Sushi aromatizzato, non contiene aromi aggiunti, zucchero o sale. Ci\u00f2 ne mantiene il gusto pulito e lo rende versatile nell&#8217;uso. Il Kome Su costituisce la base di molte ricette giapponesi e viene insaporito individualmente a seconda del piatto. \u00c8 parte integrante della cucina quotidiana giapponese e viene utilizzato sia a freddo che a caldo.<\/p>\n\n<h3 class=\"wp-block-heading\" id=\"geschmack\">Che sapore ha l&#8217;aceto di riso?<\/h3>\n\n<p>L&#8217;aceto di riso puro ha un&#8217;acidit\u00e0 delicata e rotonda, decisamente pi\u00f9 morbida rispetto a molti tipi di aceto europei. Ha un sapore leggermente dolce, senza essere effettivamente zuccherato, e non copre il gusto degli altri ingredienti. Questo equilibrio lo rende particolarmente adatto a piatti raffinati in cui l&#8217;acidit\u00e0 deve dare struttura senza diventare dominante. Soprattutto nei piatti a base di riso e nelle insalate, conferisce freschezza senza asprezza o durezza.<\/p>\n\n<h2 class=\"wp-block-heading\" id=\"verwendung\">Per cosa si usa il Kome Su?<\/h2>\n\n<p>Il Kome Su viene tradizionalmente utilizzato per il riso da sushi, mescolandolo con zucchero e sale. Inoltre, \u00e8 adatto per il Sunomono, le insalate giapponesi, i condimenti, le marinate e le verdure sottaceto. Viene utilizzato anche nei piatti caldi, ad esempio per insaporire piatti in padella o a base di verdure. Grazie al suo carattere neutro, \u00e8 versatile e facile da dosare.<\/p>\n\n<h3 class=\"wp-block-heading\" id=\"rezepte\">Ecco cosa puoi cucinare con questo prodotto:<\/h3>\n\n\t\t\t<div class=\"wp-block-uagb-post-grid uagb-post-grid  uagb-post__image-position-top uagb-post__image-enabled uagb-block-27b66334     uagb-post__items uagb-post__columns-2 is-grid uagb-post__columns-tablet-2 uagb-post__columns-mobile-2 uagb-post__equal-height\" data-total=\"0\" style=\"\">\n\n\t\t\t\t\t\t\t\t\t<p class=\"uagb-post__no-posts\">\n\t\t\t\t\t\tNo post found!\t\t\t\t\t<\/p>\n\t\t\t\t\t\t\t\t<\/div>\n\t\t\t\n<div style=\"height:20px\" aria-hidden=\"true\" class=\"wp-block-spacer\"><\/div>\n\n<h3 class=\"wp-block-heading\" id=\"besonderheiten\">Cosa rende speciale questo aceto di riso?<\/h3>\n\n<p>Questo aceto di riso di Otafuku \u00e8 un Kome Su puro senza aggiunta di aromi. Ci\u00f2 garantisce il massimo controllo in cucina, poich\u00e9 il gusto e la dolcezza possono essere regolati individualmente. Otafuku \u00e8 noto in Giappone per i suoi aceti e le sue salse ed \u00e8 sinonimo di qualit\u00e0 costante. L&#8217;aceto \u00e8 adatto sia per ricette tradizionali che per interpretazioni moderne della cucina giapponese.<\/p>\n\n<h2 class=\"wp-block-heading\" id=\"lagerung\">Come conservare il prodotto?<\/h2>\n\n<p>L&#8217;aceto di riso si conserva per almeno 1 anno. L&#8217;aceto di riso deve essere conservato ben chiuso, al fresco e al riparo dalla luce. Se non aperto, si conserva a lungo. Una volta aperta, la bottiglia pu\u00f2 essere conservata a temperatura ambiente, idealmente lontano dalla luce diretta del sole. La refrigerazione non \u00e8 indispensabile, ma pu\u00f2 aiutare a mantenere stabili l&#8217;aroma e la qualit\u00e0 a lungo termine.<\/p>\n\n<h2 class=\"wp-block-heading\" id=\"vorteile\">I tuoi vantaggi e la nostra promessa:<\/h2>\n\n<section class=\"wp-block-uagb-section uagb-section__wrap uagb-section__background-color uagb-block-85f7e9d2\"><div class=\"uagb-section__overlay\"><\/div><div class=\"uagb-section__inner-wrap\">\n<p>\u2764\ufe0f <strong>Veloce, semplice e affidabile:<\/strong> I clienti ci adorano! Con 4,9 stelle su 5 su Shopvote &#8211; dai un&#8217;occhiata <a href=\"https:\/\/www.shopvote.de\/bewertung_1mal1japan_de_23342.html\">qui alle recensioni dei nostri clienti<\/a>!<\/p>\n<\/div><\/section>\n\n<div style=\"height:20px\" aria-hidden=\"true\" class=\"wp-block-spacer\"><\/div>\n\n<section class=\"wp-block-uagb-section uagb-section__wrap uagb-section__background-color uagb-block-9e748e26\"><div class=\"uagb-section__overlay\"><\/div><div class=\"uagb-section__inner-wrap\">\n<p>\ud83c\udf31 <strong>Acquisti sostenibili:<\/strong> Spedizioni a impatto zero, imballaggi ecologici, fatture digitali di default.<\/p>\n<\/div><\/section>\n\n<div style=\"height:20px\" aria-hidden=\"true\" class=\"wp-block-spacer\"><\/div>\n\n<section class=\"wp-block-uagb-section uagb-section__wrap uagb-section__background-color uagb-block-11f9fc83\"><div class=\"uagb-section__overlay\"><\/div><div class=\"uagb-section__inner-wrap\">\n<p><strong>\ud83d\udd12 Acquisti al 100% senza rischi:<\/strong> Nessun importo minimo d&#8217;ordine, spedizione gratuita in Germania a partire da 59 \u20ac di spesa + diritto di recesso di 30 giorni con reso gratuito.<\/p>\n<\/div><\/section>\n\n<div style=\"height:20px\" aria-hidden=\"true\" class=\"wp-block-spacer\"><\/div>\n\n<section class=\"wp-block-uagb-section uagb-section__wrap uagb-section__background-color uagb-block-5b55bd83\"><div class=\"uagb-section__overlay\"><\/div><div class=\"uagb-section__inner-wrap\">\n<p>\ud83e\udd62 <strong>I migliori ingredienti per la tua esperienza culinaria e gustativa: <\/strong>Prodotti selezionati a mano che ci convincono personalmente in base a quattro criteri: (1) gusto, (2) autenticit\u00e0, (3) prezzo e (4) disponibilit\u00e0.<\/p>\n<\/div><\/section>\n\n<div style=\"height:20px\" aria-hidden=\"true\" class=\"wp-block-spacer\"><\/div>\n\n<section class=\"wp-block-uagb-section uagb-section__wrap uagb-section__background-color uagb-block-94ed5912\"><div class=\"uagb-section__overlay\"><\/div><div class=\"uagb-section__inner-wrap\">\n<p>\ud83d\udc4d <strong>Approfitta della nostra pluriennale esperienza<\/strong>: 1mal1japan.de esiste gi\u00e0 dal 2016. Da allora abbiamo avuto il piacere di accogliere milioni di visitatori sul nostro blog e nel nostro Shop e di servire oltre 50.000 clienti soddisfatti. Grazie di cuore a tutti i lettori e ai fan!<\/p>\n<\/div><\/section>\n","protected":false},"excerpt":{"rendered":"<p>Questo aceto di riso giapponese puro \u00e8 prodotto con riso fermentato e si caratterizza per un&#8217;acidit\u00e0 delicata ed equilibrata. \u00c8 ideale per il riso per Sushi, condimenti, marinate e piatti classici giapponesi di tutti i giorni.<\/p>\n","protected":false},"featured_media":64432,"template":"","meta":{"_uag_custom_page_level_css":"","site-sidebar-layout":"default","site-content-layout":"default","ast-site-content-layout":"default","site-content-style":"default","site-sidebar-style":"default","ast-global-header-display":"","ast-banner-title-visibility":"","ast-main-header-display":"","ast-hfb-above-header-display":"","ast-hfb-below-header-display":"","ast-hfb-mobile-header-display":"","site-post-title":"","ast-breadcrumbs-content":"","ast-featured-img":"","footer-sml-layout":"","ast-disable-related-posts":"","theme-transparent-header-meta":"default","adv-header-id-meta":"","stick-header-meta":"default","header-above-stick-meta":"","header-main-stick-meta":"","header-below-stick-meta":"","astra-migrate-meta-layouts":"default","ast-page-background-enabled":"default","ast-page-background-meta":{"desktop":{"background-color":"","background-image":"","background-repeat":"repeat","background-position":"center center","background-size":"auto","background-attachment":"scroll","background-type":"","background-media":"","overlay-type":"","overlay-color":"","overlay-opacity":"","overlay-gradient":""},"tablet":{"background-color":"","background-image":"","background-repeat":"repeat","background-position":"center center","background-size":"auto","background-attachment":"scroll","background-type":"","background-media":"","overlay-type":"","overlay-color":"","overlay-opacity":"","overlay-gradient":""},"mobile":{"background-color":"","background-image":"","background-repeat":"repeat","background-position":"center center","background-size":"auto","background-attachment":"scroll","background-type":"","background-media":"","overlay-type":"","overlay-color":"","overlay-opacity":"","overlay-gradient":""}},"ast-content-background-meta":{"desktop":{"background-color":"var(--ast-global-color-5)","background-image":"","background-repeat":"repeat","background-position":"center center","background-size":"auto","background-attachment":"scroll","background-type":"","background-media":"","overlay-type":"","overlay-color":"","overlay-opacity":"","overlay-gradient":""},"tablet":{"background-color":"var(--ast-global-color-5)","background-image":"","background-repeat":"repeat","background-position":"center center","background-size":"auto","background-attachment":"scroll","background-type":"","background-media":"","overlay-type":"","overlay-color":"","overlay-opacity":"","overlay-gradient":""},"mobile":{"background-color":"var(--ast-global-color-5)","background-image":"","background-repeat":"repeat","background-position":"center center","background-size":"auto","background-attachment":"scroll","background-type":"","background-media":"","overlay-type":"","overlay-color":"","overlay-opacity":"","overlay-gradient":""}}},"product_brand":[],"product_cat":[1558,1556,1557],"product_tag":[1882,1645],"class_list":{"0":"post-64422","1":"product","2":"type-product","3":"status-publish","4":"has-post-thumbnail","6":"product_cat-made-in-japan","7":"product_cat-olio-aceto-paste-e-salse","8":"product_cat-tutti-i-prodotti","9":"product_tag-riso","10":"product_tag-sushi","11":"desktop-align-left","12":"tablet-align-left","13":"mobile-align-left","14":"ast-product-gallery-layout-horizontal-slider","15":"ast-magnify-disabled","16":"ast-product-tabs-layout-horizontal","18":"first","19":"instock","20":"taxable","21":"shipping-taxable","22":"purchasable","23":"product-type-simple"},"yoast_head":"<!-- This site is optimized with the Yoast SEO Premium plugin v27.4 (Yoast SEO v27.4) - https:\/\/yoast.com\/product\/yoast-seo-premium-wordpress\/ -->\n<title>Acquista l&#039;aceto di riso Kome Su 500 ml \u2013 Otafuku su 1mal1japan<\/title>\n<meta name=\"description\" content=\"I\u27a1 Aceto di riso giapponese puro \u2714 Kome Su \u2714 delicato ed equilibrato \u2714 ideale per il riso da Sushi e le insalate \u2714 Otafuku su 1mal1japan \u2714 consegna rapida!\" \/>\n<meta name=\"robots\" content=\"index, follow, max-snippet:-1, max-image-preview:large, max-video-preview:-1\" \/>\n<link rel=\"canonical\" href=\"https:\/\/1mal1japan.de\/it\/produkt\/aceto-di-riso-500-ml-preparato-per-sushi-otafuku\/\" \/>\n<meta property=\"og:locale\" content=\"it_IT\" \/>\n<meta property=\"og:type\" content=\"article\" \/>\n<meta property=\"og:title\" content=\"Aceto di riso 500 ml (preparato per Sushi), Otafuku\" \/>\n<meta property=\"og:description\" content=\"Questo aceto di riso giapponese puro \u00e8 prodotto con riso fermentato e si caratterizza per un&#039;acidit\u00e0 delicata ed equilibrata. \u00c8 ideale per il riso per Sushi, condimenti, marinate e piatti classici giapponesi di tutti i giorni.\" \/>\n<meta property=\"og:url\" content=\"https:\/\/1mal1japan.de\/it\/produkt\/aceto-di-riso-500-ml-preparato-per-sushi-otafuku\/\" \/>\n<meta property=\"og:site_name\" content=\"1mal1japan.de\" \/>\n<meta property=\"article:modified_time\" content=\"2026-04-28T12:05:12+00:00\" \/>\n<meta property=\"og:image\" content=\"https:\/\/1mal1japan.de\/wp-content\/uploads\/2021\/04\/Reisessig-6.jpg\" \/>\n\t<meta property=\"og:image:width\" content=\"800\" \/>\n\t<meta property=\"og:image:height\" content=\"800\" \/>\n\t<meta property=\"og:image:type\" content=\"image\/jpeg\" \/>\n<script type=\"application\/ld+json\" class=\"yoast-schema-graph\">{\"@context\":\"https:\\\/\\\/schema.org\",\"@graph\":[{\"@type\":\"WebPage\",\"@id\":\"https:\\\/\\\/1mal1japan.de\\\/it\\\/produkt\\\/aceto-di-riso-500-ml-preparato-per-sushi-otafuku\\\/\",\"url\":\"https:\\\/\\\/1mal1japan.de\\\/it\\\/produkt\\\/aceto-di-riso-500-ml-preparato-per-sushi-otafuku\\\/\",\"name\":\"Acquista l'aceto di riso Kome Su 500 ml \u2013 Otafuku su 1mal1japan\",\"isPartOf\":{\"@id\":\"https:\\\/\\\/1mal1japan.de\\\/it\\\/#website\"},\"primaryImageOfPage\":{\"@id\":\"https:\\\/\\\/1mal1japan.de\\\/it\\\/produkt\\\/aceto-di-riso-500-ml-preparato-per-sushi-otafuku\\\/#primaryimage\"},\"image\":{\"@id\":\"https:\\\/\\\/1mal1japan.de\\\/it\\\/produkt\\\/aceto-di-riso-500-ml-preparato-per-sushi-otafuku\\\/#primaryimage\"},\"thumbnailUrl\":\"https:\\\/\\\/1mal1japan.de\\\/wp-content\\\/uploads\\\/2021\\\/04\\\/Reisessig-6.jpg\",\"datePublished\":\"2021-04-18T08:09:00+00:00\",\"dateModified\":\"2026-04-28T12:05:12+00:00\",\"description\":\"I\u27a1 Aceto di riso giapponese puro \u2714 Kome Su \u2714 delicato ed equilibrato \u2714 ideale per il riso da Sushi e le insalate \u2714 Otafuku su 1mal1japan \u2714 consegna rapida!\",\"breadcrumb\":{\"@id\":\"https:\\\/\\\/1mal1japan.de\\\/it\\\/produkt\\\/aceto-di-riso-500-ml-preparato-per-sushi-otafuku\\\/#breadcrumb\"},\"inLanguage\":\"it-IT\",\"potentialAction\":[{\"@type\":\"ReadAction\",\"target\":[\"https:\\\/\\\/1mal1japan.de\\\/it\\\/produkt\\\/aceto-di-riso-500-ml-preparato-per-sushi-otafuku\\\/\"]}]},{\"@type\":\"ImageObject\",\"inLanguage\":\"it-IT\",\"@id\":\"https:\\\/\\\/1mal1japan.de\\\/it\\\/produkt\\\/aceto-di-riso-500-ml-preparato-per-sushi-otafuku\\\/#primaryimage\",\"url\":\"https:\\\/\\\/1mal1japan.de\\\/wp-content\\\/uploads\\\/2021\\\/04\\\/Reisessig-6.jpg\",\"contentUrl\":\"https:\\\/\\\/1mal1japan.de\\\/wp-content\\\/uploads\\\/2021\\\/04\\\/Reisessig-6.jpg\",\"width\":800,\"height\":800,\"caption\":\"Aceto di riso Otafuku\"},{\"@type\":\"BreadcrumbList\",\"@id\":\"https:\\\/\\\/1mal1japan.de\\\/it\\\/produkt\\\/aceto-di-riso-500-ml-preparato-per-sushi-otafuku\\\/#breadcrumb\",\"itemListElement\":[{\"@type\":\"ListItem\",\"position\":1,\"name\":\"Startseite\",\"item\":\"https:\\\/\\\/1mal1japan.de\\\/it\\\/\"},{\"@type\":\"ListItem\",\"position\":2,\"name\":\"Negozio\",\"item\":\"https:\\\/\\\/1mal1japan.de\\\/it\\\/shop\\\/\"},{\"@type\":\"ListItem\",\"position\":3,\"name\":\"Aceto di riso 500 ml (preparato per Sushi), Otafuku\"}]},{\"@type\":\"WebSite\",\"@id\":\"https:\\\/\\\/1mal1japan.de\\\/it\\\/#website\",\"url\":\"https:\\\/\\\/1mal1japan.de\\\/it\\\/\",\"name\":\"1mal1japan.de\",\"description\":\"japanisch kochen &amp; einkaufen\",\"publisher\":{\"@id\":\"https:\\\/\\\/1mal1japan.de\\\/it\\\/#\\\/schema\\\/person\\\/3b6eab913fce9065523e927d88b032b0\"},\"potentialAction\":[{\"@type\":\"SearchAction\",\"target\":{\"@type\":\"EntryPoint\",\"urlTemplate\":\"https:\\\/\\\/1mal1japan.de\\\/it\\\/?s={search_term_string}\"},\"query-input\":{\"@type\":\"PropertyValueSpecification\",\"valueRequired\":true,\"valueName\":\"search_term_string\"}}],\"inLanguage\":\"it-IT\"},{\"@type\":[\"Person\",\"Organization\"],\"@id\":\"https:\\\/\\\/1mal1japan.de\\\/it\\\/#\\\/schema\\\/person\\\/3b6eab913fce9065523e927d88b032b0\",\"name\":\"Elisa\",\"image\":{\"@type\":\"ImageObject\",\"inLanguage\":\"it-IT\",\"@id\":\"https:\\\/\\\/1mal1japan.de\\\/wp-content\\\/uploads\\\/2018\\\/09\\\/Profilbild_Elisa.png\",\"url\":\"https:\\\/\\\/1mal1japan.de\\\/wp-content\\\/uploads\\\/2018\\\/09\\\/Profilbild_Elisa.png\",\"contentUrl\":\"https:\\\/\\\/1mal1japan.de\\\/wp-content\\\/uploads\\\/2018\\\/09\\\/Profilbild_Elisa.png\",\"width\":200,\"height\":200,\"caption\":\"Elisa\"},\"logo\":{\"@id\":\"https:\\\/\\\/1mal1japan.de\\\/wp-content\\\/uploads\\\/2018\\\/09\\\/Profilbild_Elisa.png\"}}]}<\/script>\n<meta property=\"product:brand\" content=\"Otafuku\" \/>\n<meta property=\"product:price:amount\" content=\"5.89\" \/>\n<meta property=\"product:price:currency\" content=\"EUR\" \/>\n<meta property=\"og:availability\" content=\"instock\" \/>\n<meta property=\"product:availability\" content=\"instock\" \/>\n<meta property=\"product:retailer_item_id\" content=\"1079\" \/>\n<meta property=\"product:condition\" content=\"new\" \/>\n<!-- \/ Yoast SEO Premium plugin. -->","yoast_head_json":{"title":"Acquista l'aceto di riso Kome Su 500 ml \u2013 Otafuku su 1mal1japan","description":"I\u27a1 Aceto di riso giapponese puro \u2714 Kome Su \u2714 delicato ed equilibrato \u2714 ideale per il riso da Sushi e le insalate \u2714 Otafuku su 1mal1japan \u2714 consegna rapida!","robots":{"index":"index","follow":"follow","max-snippet":"max-snippet:-1","max-image-preview":"max-image-preview:large","max-video-preview":"max-video-preview:-1"},"canonical":"https:\/\/1mal1japan.de\/it\/produkt\/aceto-di-riso-500-ml-preparato-per-sushi-otafuku\/","og_locale":"it_IT","og_type":"article","og_title":"Aceto di riso 500 ml (preparato per Sushi), Otafuku","og_description":"Questo aceto di riso giapponese puro \u00e8 prodotto con riso fermentato e si caratterizza per un'acidit\u00e0 delicata ed equilibrata. \u00c8 ideale per il riso per Sushi, condimenti, marinate e piatti classici giapponesi di tutti i giorni.","og_url":"https:\/\/1mal1japan.de\/it\/produkt\/aceto-di-riso-500-ml-preparato-per-sushi-otafuku\/","og_site_name":"1mal1japan.de","article_modified_time":"2026-04-28T12:05:12+00:00","og_image":[{"width":800,"height":800,"url":"https:\/\/1mal1japan.de\/wp-content\/uploads\/2021\/04\/Reisessig-6.jpg","type":"image\/jpeg"}],"schema":{"@context":"https:\/\/schema.org","@graph":[{"@type":"WebPage","@id":"https:\/\/1mal1japan.de\/it\/produkt\/aceto-di-riso-500-ml-preparato-per-sushi-otafuku\/","url":"https:\/\/1mal1japan.de\/it\/produkt\/aceto-di-riso-500-ml-preparato-per-sushi-otafuku\/","name":"Acquista l'aceto di riso Kome Su 500 ml \u2013 Otafuku su 1mal1japan","isPartOf":{"@id":"https:\/\/1mal1japan.de\/it\/#website"},"primaryImageOfPage":{"@id":"https:\/\/1mal1japan.de\/it\/produkt\/aceto-di-riso-500-ml-preparato-per-sushi-otafuku\/#primaryimage"},"image":{"@id":"https:\/\/1mal1japan.de\/it\/produkt\/aceto-di-riso-500-ml-preparato-per-sushi-otafuku\/#primaryimage"},"thumbnailUrl":"https:\/\/1mal1japan.de\/wp-content\/uploads\/2021\/04\/Reisessig-6.jpg","datePublished":"2021-04-18T08:09:00+00:00","dateModified":"2026-04-28T12:05:12+00:00","description":"I\u27a1 Aceto di riso giapponese puro \u2714 Kome Su \u2714 delicato ed equilibrato \u2714 ideale per il riso da Sushi e le insalate \u2714 Otafuku su 1mal1japan \u2714 consegna rapida!","breadcrumb":{"@id":"https:\/\/1mal1japan.de\/it\/produkt\/aceto-di-riso-500-ml-preparato-per-sushi-otafuku\/#breadcrumb"},"inLanguage":"it-IT","potentialAction":[{"@type":"ReadAction","target":["https:\/\/1mal1japan.de\/it\/produkt\/aceto-di-riso-500-ml-preparato-per-sushi-otafuku\/"]}]},{"@type":"ImageObject","inLanguage":"it-IT","@id":"https:\/\/1mal1japan.de\/it\/produkt\/aceto-di-riso-500-ml-preparato-per-sushi-otafuku\/#primaryimage","url":"https:\/\/1mal1japan.de\/wp-content\/uploads\/2021\/04\/Reisessig-6.jpg","contentUrl":"https:\/\/1mal1japan.de\/wp-content\/uploads\/2021\/04\/Reisessig-6.jpg","width":800,"height":800,"caption":"Aceto di riso Otafuku"},{"@type":"BreadcrumbList","@id":"https:\/\/1mal1japan.de\/it\/produkt\/aceto-di-riso-500-ml-preparato-per-sushi-otafuku\/#breadcrumb","itemListElement":[{"@type":"ListItem","position":1,"name":"Startseite","item":"https:\/\/1mal1japan.de\/it\/"},{"@type":"ListItem","position":2,"name":"Negozio","item":"https:\/\/1mal1japan.de\/it\/shop\/"},{"@type":"ListItem","position":3,"name":"Aceto di riso 500 ml (preparato per Sushi), Otafuku"}]},{"@type":"WebSite","@id":"https:\/\/1mal1japan.de\/it\/#website","url":"https:\/\/1mal1japan.de\/it\/","name":"1mal1japan.de","description":"japanisch kochen &amp; einkaufen","publisher":{"@id":"https:\/\/1mal1japan.de\/it\/#\/schema\/person\/3b6eab913fce9065523e927d88b032b0"},"potentialAction":[{"@type":"SearchAction","target":{"@type":"EntryPoint","urlTemplate":"https:\/\/1mal1japan.de\/it\/?s={search_term_string}"},"query-input":{"@type":"PropertyValueSpecification","valueRequired":true,"valueName":"search_term_string"}}],"inLanguage":"it-IT"},{"@type":["Person","Organization"],"@id":"https:\/\/1mal1japan.de\/it\/#\/schema\/person\/3b6eab913fce9065523e927d88b032b0","name":"Elisa","image":{"@type":"ImageObject","inLanguage":"it-IT","@id":"https:\/\/1mal1japan.de\/wp-content\/uploads\/2018\/09\/Profilbild_Elisa.png","url":"https:\/\/1mal1japan.de\/wp-content\/uploads\/2018\/09\/Profilbild_Elisa.png","contentUrl":"https:\/\/1mal1japan.de\/wp-content\/uploads\/2018\/09\/Profilbild_Elisa.png","width":200,"height":200,"caption":"Elisa"},"logo":{"@id":"https:\/\/1mal1japan.de\/wp-content\/uploads\/2018\/09\/Profilbild_Elisa.png"}}]},"product_brand":"Otafuku","product_price_amount":"5.89","product_price_currency":"EUR","og_availability":"instock","product_availability":"instock","product_retailer_item_id":"1079","product_condition":"new"},"uagb_featured_image_src":{"full":["https:\/\/1mal1japan.de\/wp-content\/uploads\/2021\/04\/Reisessig-6.jpg",800,800,false],"thumbnail":["https:\/\/1mal1japan.de\/wp-content\/uploads\/2021\/04\/Reisessig-6-150x150.jpg",150,150,true],"medium":["https:\/\/1mal1japan.de\/wp-content\/uploads\/2021\/04\/Reisessig-6-300x300.jpg",300,300,true],"medium_large":["https:\/\/1mal1japan.de\/wp-content\/uploads\/2021\/04\/Reisessig-6-768x768.jpg",768,768,true],"large":["https:\/\/1mal1japan.de\/wp-content\/uploads\/2021\/04\/Reisessig-6.jpg",800,800,false],"1536x1536":["https:\/\/1mal1japan.de\/wp-content\/uploads\/2021\/04\/Reisessig-6.jpg",800,800,false],"2048x2048":["https:\/\/1mal1japan.de\/wp-content\/uploads\/2021\/04\/Reisessig-6.jpg",800,800,false],"woocommerce_thumbnail":["https:\/\/1mal1japan.de\/wp-content\/uploads\/2021\/04\/Reisessig-6-600x600.jpg",600,600,true],"woocommerce_single":["https:\/\/1mal1japan.de\/wp-content\/uploads\/2021\/04\/Reisessig-6.jpg",800,800,false],"woocommerce_gallery_thumbnail":["https:\/\/1mal1japan.de\/wp-content\/uploads\/2021\/04\/Reisessig-6-100x100.jpg",100,100,true]},"uagb_author_info":{"display_name":"kiwi19901","author_link":"https:\/\/1mal1japan.de\/it\/author\/"},"uagb_comment_info":0,"uagb_excerpt":"Questo aceto di riso giapponese puro \u00e8 prodotto con riso fermentato e si caratterizza per un'acidit\u00e0 delicata ed equilibrata. \u00c8 ideale per il riso per Sushi, condimenti, marinate e piatti classici giapponesi di tutti i giorni.","_links":{"self":[{"href":"https:\/\/1mal1japan.de\/it\/wp-json\/wp\/v2\/product\/64422","targetHints":{"allow":["GET"]}}],"collection":[{"href":"https:\/\/1mal1japan.de\/it\/wp-json\/wp\/v2\/product"}],"about":[{"href":"https:\/\/1mal1japan.de\/it\/wp-json\/wp\/v2\/types\/product"}],"wp:featuredmedia":[{"embeddable":true,"href":"https:\/\/1mal1japan.de\/it\/wp-json\/wp\/v2\/media\/64432"}],"wp:attachment":[{"href":"https:\/\/1mal1japan.de\/it\/wp-json\/wp\/v2\/media?parent=64422"}],"wp:term":[{"taxonomy":"product_brand","embeddable":true,"href":"https:\/\/1mal1japan.de\/it\/wp-json\/wp\/v2\/product_brand?post=64422"},{"taxonomy":"product_cat","embeddable":true,"href":"https:\/\/1mal1japan.de\/it\/wp-json\/wp\/v2\/product_cat?post=64422"},{"taxonomy":"product_tag","embeddable":true,"href":"https:\/\/1mal1japan.de\/it\/wp-json\/wp\/v2\/product_tag?post=64422"}],"curies":[{"name":"wp","href":"https:\/\/api.w.org\/{rel}","templated":true}]}}