{"id":64453,"date":"2021-04-18T10:08:57","date_gmt":"2021-04-18T08:08:57","guid":{"rendered":"https:\/\/1mal1japan.de\/produkt\/riso-per-sushi-1-kg-riso-a-chicchi-tondi-corti-fujiman\/"},"modified":"2026-04-28T14:05:13","modified_gmt":"2026-04-28T12:05:13","slug":"riso-per-sushi-1-kg-riso-a-chicchi-tondi-corti-fujiman","status":"publish","type":"product","link":"https:\/\/1mal1japan.de\/it\/produkt\/riso-per-sushi-1-kg-riso-a-chicchi-tondi-corti-fujiman\/","title":{"rendered":"Riso per Sushi 1 kg (riso a chicchi tondi corti), Fujiman"},"content":{"rendered":"\n<section class=\"wp-block-uagb-section uagb-section__wrap uagb-section__background-color uagb-block-45ea5c13\"><div class=\"uagb-section__overlay\"><\/div><div class=\"uagb-section__inner-wrap\">\n<p class=\"has-ast-global-color-5-color has-text-color has-link-color wp-elements-d58af8b35cf13f802b22d37f6eb57666\">\u2705 Riso a chicco tondo con la giusta consistenza per il Sushi<br\/>\u2705 Mantiene la forma e facile da lavorare<br\/>\u2705 Aroma delicato e leggermente dolce<br\/>\u2705 Adatto per Sushi, Onigiri e Donburi<br\/>\u2705 100% riso, senza additivi<\/p>\n<\/div><\/section>\n\n<h2 class=\"wp-block-heading\" id=\"wissen\">Cos&#8217;\u00e8 il riso per Sushi?<\/h2>\n\n<p>Il riso per Sushi \u00e8 uno speciale riso a chicchi tondi che, una volta cotto, sviluppa una struttura leggermente appiccicosa e modellabile. Questo lo rende ideale per Sushi, Onigiri e altri piatti in cui il riso deve rimanere compatto.<\/p>\n\n<h3 class=\"wp-block-heading\" id=\"geschmack\">Che sapore ha il riso per Sushi?<\/h3>\n\n<p>Il sapore \u00e8 delicato e leggermente dolce. Dopo la cottura, il riso assume una superficie fine e lucida e una consistenza morbida ma stabile, tipica dei piatti di riso giapponesi.<\/p>\n\n<h2 class=\"wp-block-heading\" id=\"verwendung\">Per cosa posso usare il riso per sushi?<\/h2>\n\n<p>Questo riso \u00e8 adatto per i classici rotoli di sushi, Onigiri e Donburi. Pu\u00f2 essere utilizzato anche come contorno per piatti giapponesi o per le moderne bowl. Grazie alla sua consistenza, \u00e8 molto versatile.<\/p>\n\n<h3 class=\"wp-block-heading\" id=\"besonderheiten\">Cosa rende speciale questo riso per Sushi?<\/h3>\n\n<p>La variet\u00e0 Selenio garantisce un equilibrio perfetto tra consistenza appiccicosa e soffice. Il riso si modella facilmente, ma rimane granuloso e non molliccio. In questo modo i piatti tipici giapponesi riescono sempre alla perfezione.<\/p>\n\n<h3 class=\"wp-block-heading\" id=\"zubereitung\">Come si prepara il riso?<\/h3>\n\n<p>Prima della cottura, il riso va lavato accuratamente fino a quando l&#8217;acqua non diventa limpida. Una volta cotto, pu\u00f2 essere condito con una miscela di aceto di riso, zucchero e sale per ottenere il classico riso per Sushi.<\/p>\n\n<h3 class=\"wp-block-heading\" id=\"rezepte\">Ecco cosa puoi cucinare con questo riso:<\/h3>\n\n\t\t\t<div class=\"wp-block-uagb-post-grid uagb-post-grid  uagb-post__image-position-top uagb-post__image-enabled uagb-block-27b66334     uagb-post__items uagb-post__columns-1 is-grid uagb-post__columns-tablet-1 uagb-post__columns-mobile-1 uagb-post__equal-height\" data-total=\"0\" style=\"\">\n\n\t\t\t\t\t\t\t\t\t<p class=\"uagb-post__no-posts\">\n\t\t\t\t\t\tNo post found!\t\t\t\t\t<\/p>\n\t\t\t\t\t\t\t\t<\/div>\n\t\t\t\n<div style=\"height:20px\" aria-hidden=\"true\" class=\"wp-block-spacer\"><\/div>\n\n\t\t\t<div class=\"wp-block-uagb-post-grid uagb-post-grid  uagb-post__image-position-top uagb-post__image-enabled uagb-block-e5db9049     uagb-post__items uagb-post__columns-2 is-grid uagb-post__columns-tablet-2 uagb-post__columns-mobile-2 uagb-post__equal-height\" data-total=\"0\" style=\"\">\n\n\t\t\t\t\t\t\t\t\t<p class=\"uagb-post__no-posts\">\n\t\t\t\t\t\tNo post found!\t\t\t\t\t<\/p>\n\t\t\t\t\t\t\t\t<\/div>\n\t\t\t\n<div style=\"height:20px\" aria-hidden=\"true\" class=\"wp-block-spacer\"><\/div>\n\n<h3 class=\"wp-block-heading\" id=\"lagerung\">Come conservare il riso?<\/h3>\n\n<p>Il riso va conservato in un luogo asciutto, fresco e al riparo dalla luce. In un contenitore ben chiuso si mantiene a lungo e conserva la sua qualit\u00e0.<\/p>\n\n<h2 class=\"wp-block-heading\" id=\"h-deine-vorteile-und-unser-versprechen\">I tuoi vantaggi e la nostra promessa:<\/h2>\n\n<section class=\"wp-block-uagb-section uagb-section__wrap uagb-section__background-color uagb-block-85f7e9d2\"><div class=\"uagb-section__overlay\"><\/div><div class=\"uagb-section__inner-wrap\">\n<p>\u2764\ufe0f <strong>Veloce, semplice e affidabile:<\/strong> I clienti ci adorano! Con 4,9 stelle su 5 su Shopvote &#8211; dai un&#8217;occhiata <a href=\"https:\/\/www.shopvote.de\/bewertung_1mal1japan_de_23342.html\">qui alle recensioni dei nostri clienti<\/a>!<\/p>\n<\/div><\/section>\n\n<div style=\"height:20px\" aria-hidden=\"true\" class=\"wp-block-spacer\"><\/div>\n\n<section class=\"wp-block-uagb-section uagb-section__wrap uagb-section__background-color uagb-block-9e748e26\"><div class=\"uagb-section__overlay\"><\/div><div class=\"uagb-section__inner-wrap\">\n<p>\ud83c\udf31 <strong>Acquisti sostenibili:<\/strong> Spedizioni a impatto zero, imballaggi ecologici, fatture digitali di default.<\/p>\n<\/div><\/section>\n\n<div style=\"height:20px\" aria-hidden=\"true\" class=\"wp-block-spacer\"><\/div>\n\n<section class=\"wp-block-uagb-section uagb-section__wrap uagb-section__background-color uagb-block-11f9fc83\"><div class=\"uagb-section__overlay\"><\/div><div class=\"uagb-section__inner-wrap\">\n<p><strong>\ud83d\udd12 Acquisti al 100% senza rischi:<\/strong> Nessun importo minimo d&#8217;ordine, spedizione gratuita in Germania a partire da 59 \u20ac di spesa + diritto di recesso di 30 giorni con reso gratuito.<\/p>\n<\/div><\/section>\n\n<div style=\"height:20px\" aria-hidden=\"true\" class=\"wp-block-spacer\"><\/div>\n\n<section class=\"wp-block-uagb-section uagb-section__wrap uagb-section__background-color uagb-block-5b55bd83\"><div class=\"uagb-section__overlay\"><\/div><div class=\"uagb-section__inner-wrap\">\n<p>\ud83e\udd62 <strong>I migliori ingredienti per la tua esperienza culinaria e gustativa: <\/strong>Prodotti selezionati a mano che ci convincono personalmente in base a quattro criteri: (1) gusto, (2) autenticit\u00e0, (3) prezzo e (4) disponibilit\u00e0.<\/p>\n<\/div><\/section>\n\n<div style=\"height:20px\" aria-hidden=\"true\" class=\"wp-block-spacer\"><\/div>\n\n<section class=\"wp-block-uagb-section uagb-section__wrap uagb-section__background-color uagb-block-94ed5912\"><div class=\"uagb-section__overlay\"><\/div><div class=\"uagb-section__inner-wrap\">\n<p>\ud83d\udc4d <strong>Approfitta della nostra pluriennale esperienza<\/strong>: 1mal1japan.de esiste gi\u00e0 dal 2016. Da allora abbiamo avuto il piacere di accogliere milioni di visitatori sul nostro blog e nel nostro Shop e di servire oltre 50.000 clienti soddisfatti. Grazie di cuore a tutti i lettori e ai fan!<\/p>\n<\/div><\/section>\n","protected":false},"excerpt":{"rendered":"<p><strong>Riso a chicchi tondi per Sushi, Onigiri e piatti giapponesi a base di riso. <\/strong><\/p>\n<p>Questo riso per sushi di Fujiman \u00e8 un riso a chicchi tondi corti con una consistenza appiccicosa equilibrata e un aroma delicato. \u00c8 ideale per sushi, Onigiri, Donburi e altri piatti giapponesi a base di riso.<\/p>\n","protected":false},"featured_media":64470,"template":"","meta":{"_uag_custom_page_level_css":"","site-sidebar-layout":"default","site-content-layout":"default","ast-site-content-layout":"default","site-content-style":"default","site-sidebar-style":"default","ast-global-header-display":"","ast-banner-title-visibility":"","ast-main-header-display":"","ast-hfb-above-header-display":"","ast-hfb-below-header-display":"","ast-hfb-mobile-header-display":"","site-post-title":"","ast-breadcrumbs-content":"","ast-featured-img":"","footer-sml-layout":"","ast-disable-related-posts":"","theme-transparent-header-meta":"default","adv-header-id-meta":"","stick-header-meta":"default","header-above-stick-meta":"","header-main-stick-meta":"","header-below-stick-meta":"","astra-migrate-meta-layouts":"default","ast-page-background-enabled":"default","ast-page-background-meta":{"desktop":{"background-color":"","background-image":"","background-repeat":"repeat","background-position":"center center","background-size":"auto","background-attachment":"scroll","background-type":"","background-media":"","overlay-type":"","overlay-color":"","overlay-opacity":"","overlay-gradient":""},"tablet":{"background-color":"","background-image":"","background-repeat":"repeat","background-position":"center center","background-size":"auto","background-attachment":"scroll","background-type":"","background-media":"","overlay-type":"","overlay-color":"","overlay-opacity":"","overlay-gradient":""},"mobile":{"background-color":"","background-image":"","background-repeat":"repeat","background-position":"center center","background-size":"auto","background-attachment":"scroll","background-type":"","background-media":"","overlay-type":"","overlay-color":"","overlay-opacity":"","overlay-gradient":""}},"ast-content-background-meta":{"desktop":{"background-color":"var(--ast-global-color-5)","background-image":"","background-repeat":"repeat","background-position":"center center","background-size":"auto","background-attachment":"scroll","background-type":"","background-media":"","overlay-type":"","overlay-color":"","overlay-opacity":"","overlay-gradient":""},"tablet":{"background-color":"var(--ast-global-color-5)","background-image":"","background-repeat":"repeat","background-position":"center center","background-size":"auto","background-attachment":"scroll","background-type":"","background-media":"","overlay-type":"","overlay-color":"","overlay-opacity":"","overlay-gradient":""},"mobile":{"background-color":"var(--ast-global-color-5)","background-image":"","background-repeat":"repeat","background-position":"center center","background-size":"auto","background-attachment":"scroll","background-type":"","background-media":"","overlay-type":"","overlay-color":"","overlay-opacity":"","overlay-gradient":""}}},"product_brand":[],"product_cat":[1590,1569,1597,1557],"product_tag":[1645],"class_list":{"0":"post-64453","1":"product","2":"type-product","3":"status-publish","4":"has-post-thumbnail","6":"product_cat-best-seller","7":"product_cat-fujiman","8":"product_cat-riso-noodles-e-farina","9":"product_cat-tutti-i-prodotti","10":"product_tag-sushi","11":"desktop-align-left","12":"tablet-align-left","13":"mobile-align-left","14":"ast-product-gallery-layout-horizontal-slider","15":"ast-magnify-disabled","16":"ast-product-tabs-layout-horizontal","18":"first","19":"instock","20":"taxable","21":"shipping-taxable","22":"purchasable","23":"product-type-simple"},"yoast_head":"<!-- This site is optimized with the Yoast SEO Premium plugin v27.4 (Yoast SEO v27.4) - https:\/\/yoast.com\/product\/yoast-seo-premium-wordpress\/ -->\n<title>Riso per Sushi Fujiman 1 kg | Riso a chicchi tondi per Sushi, Onigiri e Donburi<\/title>\n<meta name=\"description\" content=\"|\u27a1 Riso per Sushi Fujiman \u2714 1 kg di riso a chicchi tondi corti \u2714 ideale per Sushi, Onigiri e Donburi \u2714 leggermente appiccicoso, dal sapore delicato e che mantiene la forma \u2714 consegna rapida!\" \/>\n<meta name=\"robots\" content=\"index, follow, max-snippet:-1, max-image-preview:large, max-video-preview:-1\" \/>\n<link rel=\"canonical\" href=\"https:\/\/1mal1japan.de\/it\/produkt\/riso-per-sushi-1-kg-riso-a-chicchi-tondi-corti-fujiman\/\" \/>\n<meta property=\"og:locale\" content=\"it_IT\" \/>\n<meta property=\"og:type\" content=\"article\" \/>\n<meta property=\"og:title\" content=\"Riso per Sushi 1 kg (riso a chicchi tondi corti), Fujiman\" \/>\n<meta property=\"og:description\" content=\"Riso a chicchi tondi per Sushi, Onigiri e piatti giapponesi a base di riso. Questo riso per sushi di Fujiman \u00e8 un riso a chicchi tondi corti con una consistenza appiccicosa equilibrata e un aroma delicato. \u00c8 ideale per sushi, Onigiri, Donburi e altri piatti giapponesi a base di riso.\" \/>\n<meta property=\"og:url\" content=\"https:\/\/1mal1japan.de\/it\/produkt\/riso-per-sushi-1-kg-riso-a-chicchi-tondi-corti-fujiman\/\" \/>\n<meta property=\"og:site_name\" content=\"1mal1japan.de\" \/>\n<meta property=\"article:modified_time\" content=\"2026-04-28T12:05:13+00:00\" \/>\n<meta property=\"og:image\" content=\"https:\/\/1mal1japan.de\/wp-content\/uploads\/2021\/04\/Sushi-Reis-Titelbild-mit-Schatten-komp.jpg\" \/>\n\t<meta property=\"og:image:width\" content=\"800\" \/>\n\t<meta property=\"og:image:height\" content=\"800\" \/>\n\t<meta property=\"og:image:type\" content=\"image\/jpeg\" \/>\n<script type=\"application\/ld+json\" class=\"yoast-schema-graph\">{\"@context\":\"https:\\\/\\\/schema.org\",\"@graph\":[{\"@type\":\"WebPage\",\"@id\":\"https:\\\/\\\/1mal1japan.de\\\/it\\\/produkt\\\/riso-per-sushi-1-kg-riso-a-chicchi-tondi-corti-fujiman\\\/\",\"url\":\"https:\\\/\\\/1mal1japan.de\\\/it\\\/produkt\\\/riso-per-sushi-1-kg-riso-a-chicchi-tondi-corti-fujiman\\\/\",\"name\":\"Riso per Sushi Fujiman 1 kg | Riso a chicchi tondi per Sushi, Onigiri e Donburi\",\"isPartOf\":{\"@id\":\"https:\\\/\\\/1mal1japan.de\\\/it\\\/#website\"},\"primaryImageOfPage\":{\"@id\":\"https:\\\/\\\/1mal1japan.de\\\/it\\\/produkt\\\/riso-per-sushi-1-kg-riso-a-chicchi-tondi-corti-fujiman\\\/#primaryimage\"},\"image\":{\"@id\":\"https:\\\/\\\/1mal1japan.de\\\/it\\\/produkt\\\/riso-per-sushi-1-kg-riso-a-chicchi-tondi-corti-fujiman\\\/#primaryimage\"},\"thumbnailUrl\":\"https:\\\/\\\/1mal1japan.de\\\/wp-content\\\/uploads\\\/2021\\\/04\\\/Sushi-Reis-Titelbild-mit-Schatten-komp.jpg\",\"datePublished\":\"2021-04-18T08:08:57+00:00\",\"dateModified\":\"2026-04-28T12:05:13+00:00\",\"description\":\"|\u27a1 Riso per Sushi Fujiman \u2714 1 kg di riso a chicchi tondi corti \u2714 ideale per Sushi, Onigiri e Donburi \u2714 leggermente appiccicoso, dal sapore delicato e che mantiene la forma \u2714 consegna rapida!\",\"breadcrumb\":{\"@id\":\"https:\\\/\\\/1mal1japan.de\\\/it\\\/produkt\\\/riso-per-sushi-1-kg-riso-a-chicchi-tondi-corti-fujiman\\\/#breadcrumb\"},\"inLanguage\":\"it-IT\",\"potentialAction\":[{\"@type\":\"ReadAction\",\"target\":[\"https:\\\/\\\/1mal1japan.de\\\/it\\\/produkt\\\/riso-per-sushi-1-kg-riso-a-chicchi-tondi-corti-fujiman\\\/\"]}]},{\"@type\":\"ImageObject\",\"inLanguage\":\"it-IT\",\"@id\":\"https:\\\/\\\/1mal1japan.de\\\/it\\\/produkt\\\/riso-per-sushi-1-kg-riso-a-chicchi-tondi-corti-fujiman\\\/#primaryimage\",\"url\":\"https:\\\/\\\/1mal1japan.de\\\/wp-content\\\/uploads\\\/2021\\\/04\\\/Sushi-Reis-Titelbild-mit-Schatten-komp.jpg\",\"contentUrl\":\"https:\\\/\\\/1mal1japan.de\\\/wp-content\\\/uploads\\\/2021\\\/04\\\/Sushi-Reis-Titelbild-mit-Schatten-komp.jpg\",\"width\":800,\"height\":800,\"caption\":\"Riso per sushi\"},{\"@type\":\"BreadcrumbList\",\"@id\":\"https:\\\/\\\/1mal1japan.de\\\/it\\\/produkt\\\/riso-per-sushi-1-kg-riso-a-chicchi-tondi-corti-fujiman\\\/#breadcrumb\",\"itemListElement\":[{\"@type\":\"ListItem\",\"position\":1,\"name\":\"Startseite\",\"item\":\"https:\\\/\\\/1mal1japan.de\\\/it\\\/\"},{\"@type\":\"ListItem\",\"position\":2,\"name\":\"Negozio\",\"item\":\"https:\\\/\\\/1mal1japan.de\\\/it\\\/shop\\\/\"},{\"@type\":\"ListItem\",\"position\":3,\"name\":\"Riso per Sushi 1 kg (riso a chicchi tondi corti), Fujiman\"}]},{\"@type\":\"WebSite\",\"@id\":\"https:\\\/\\\/1mal1japan.de\\\/it\\\/#website\",\"url\":\"https:\\\/\\\/1mal1japan.de\\\/it\\\/\",\"name\":\"1mal1japan.de\",\"description\":\"japanisch kochen &amp; einkaufen\",\"publisher\":{\"@id\":\"https:\\\/\\\/1mal1japan.de\\\/it\\\/#\\\/schema\\\/person\\\/3b6eab913fce9065523e927d88b032b0\"},\"potentialAction\":[{\"@type\":\"SearchAction\",\"target\":{\"@type\":\"EntryPoint\",\"urlTemplate\":\"https:\\\/\\\/1mal1japan.de\\\/it\\\/?s={search_term_string}\"},\"query-input\":{\"@type\":\"PropertyValueSpecification\",\"valueRequired\":true,\"valueName\":\"search_term_string\"}}],\"inLanguage\":\"it-IT\"},{\"@type\":[\"Person\",\"Organization\"],\"@id\":\"https:\\\/\\\/1mal1japan.de\\\/it\\\/#\\\/schema\\\/person\\\/3b6eab913fce9065523e927d88b032b0\",\"name\":\"Elisa\",\"image\":{\"@type\":\"ImageObject\",\"inLanguage\":\"it-IT\",\"@id\":\"https:\\\/\\\/1mal1japan.de\\\/wp-content\\\/uploads\\\/2018\\\/09\\\/Profilbild_Elisa.png\",\"url\":\"https:\\\/\\\/1mal1japan.de\\\/wp-content\\\/uploads\\\/2018\\\/09\\\/Profilbild_Elisa.png\",\"contentUrl\":\"https:\\\/\\\/1mal1japan.de\\\/wp-content\\\/uploads\\\/2018\\\/09\\\/Profilbild_Elisa.png\",\"width\":200,\"height\":200,\"caption\":\"Elisa\"},\"logo\":{\"@id\":\"https:\\\/\\\/1mal1japan.de\\\/wp-content\\\/uploads\\\/2018\\\/09\\\/Profilbild_Elisa.png\"}}]}<\/script>\n<meta property=\"product:brand\" content=\"Fujiman\" \/>\n<meta property=\"product:price:amount\" content=\"4.39\" \/>\n<meta property=\"product:price:currency\" content=\"EUR\" \/>\n<meta property=\"og:availability\" content=\"instock\" \/>\n<meta property=\"product:availability\" content=\"instock\" \/>\n<meta property=\"product:retailer_item_id\" content=\"1070\" \/>\n<meta property=\"product:condition\" content=\"new\" \/>\n<!-- \/ Yoast SEO Premium plugin. -->","yoast_head_json":{"title":"Riso per Sushi Fujiman 1 kg | Riso a chicchi tondi per Sushi, Onigiri e Donburi","description":"|\u27a1 Riso per Sushi Fujiman \u2714 1 kg di riso a chicchi tondi corti \u2714 ideale per Sushi, Onigiri e Donburi \u2714 leggermente appiccicoso, dal sapore delicato e che mantiene la forma \u2714 consegna rapida!","robots":{"index":"index","follow":"follow","max-snippet":"max-snippet:-1","max-image-preview":"max-image-preview:large","max-video-preview":"max-video-preview:-1"},"canonical":"https:\/\/1mal1japan.de\/it\/produkt\/riso-per-sushi-1-kg-riso-a-chicchi-tondi-corti-fujiman\/","og_locale":"it_IT","og_type":"article","og_title":"Riso per Sushi 1 kg (riso a chicchi tondi corti), Fujiman","og_description":"Riso a chicchi tondi per Sushi, Onigiri e piatti giapponesi a base di riso. Questo riso per sushi di Fujiman \u00e8 un riso a chicchi tondi corti con una consistenza appiccicosa equilibrata e un aroma delicato. \u00c8 ideale per sushi, Onigiri, Donburi e altri piatti giapponesi a base di riso.","og_url":"https:\/\/1mal1japan.de\/it\/produkt\/riso-per-sushi-1-kg-riso-a-chicchi-tondi-corti-fujiman\/","og_site_name":"1mal1japan.de","article_modified_time":"2026-04-28T12:05:13+00:00","og_image":[{"width":800,"height":800,"url":"https:\/\/1mal1japan.de\/wp-content\/uploads\/2021\/04\/Sushi-Reis-Titelbild-mit-Schatten-komp.jpg","type":"image\/jpeg"}],"schema":{"@context":"https:\/\/schema.org","@graph":[{"@type":"WebPage","@id":"https:\/\/1mal1japan.de\/it\/produkt\/riso-per-sushi-1-kg-riso-a-chicchi-tondi-corti-fujiman\/","url":"https:\/\/1mal1japan.de\/it\/produkt\/riso-per-sushi-1-kg-riso-a-chicchi-tondi-corti-fujiman\/","name":"Riso per Sushi Fujiman 1 kg | Riso a chicchi tondi per Sushi, Onigiri e Donburi","isPartOf":{"@id":"https:\/\/1mal1japan.de\/it\/#website"},"primaryImageOfPage":{"@id":"https:\/\/1mal1japan.de\/it\/produkt\/riso-per-sushi-1-kg-riso-a-chicchi-tondi-corti-fujiman\/#primaryimage"},"image":{"@id":"https:\/\/1mal1japan.de\/it\/produkt\/riso-per-sushi-1-kg-riso-a-chicchi-tondi-corti-fujiman\/#primaryimage"},"thumbnailUrl":"https:\/\/1mal1japan.de\/wp-content\/uploads\/2021\/04\/Sushi-Reis-Titelbild-mit-Schatten-komp.jpg","datePublished":"2021-04-18T08:08:57+00:00","dateModified":"2026-04-28T12:05:13+00:00","description":"|\u27a1 Riso per Sushi Fujiman \u2714 1 kg di riso a chicchi tondi corti \u2714 ideale per Sushi, Onigiri e Donburi \u2714 leggermente appiccicoso, dal sapore delicato e che mantiene la forma \u2714 consegna rapida!","breadcrumb":{"@id":"https:\/\/1mal1japan.de\/it\/produkt\/riso-per-sushi-1-kg-riso-a-chicchi-tondi-corti-fujiman\/#breadcrumb"},"inLanguage":"it-IT","potentialAction":[{"@type":"ReadAction","target":["https:\/\/1mal1japan.de\/it\/produkt\/riso-per-sushi-1-kg-riso-a-chicchi-tondi-corti-fujiman\/"]}]},{"@type":"ImageObject","inLanguage":"it-IT","@id":"https:\/\/1mal1japan.de\/it\/produkt\/riso-per-sushi-1-kg-riso-a-chicchi-tondi-corti-fujiman\/#primaryimage","url":"https:\/\/1mal1japan.de\/wp-content\/uploads\/2021\/04\/Sushi-Reis-Titelbild-mit-Schatten-komp.jpg","contentUrl":"https:\/\/1mal1japan.de\/wp-content\/uploads\/2021\/04\/Sushi-Reis-Titelbild-mit-Schatten-komp.jpg","width":800,"height":800,"caption":"Riso per sushi"},{"@type":"BreadcrumbList","@id":"https:\/\/1mal1japan.de\/it\/produkt\/riso-per-sushi-1-kg-riso-a-chicchi-tondi-corti-fujiman\/#breadcrumb","itemListElement":[{"@type":"ListItem","position":1,"name":"Startseite","item":"https:\/\/1mal1japan.de\/it\/"},{"@type":"ListItem","position":2,"name":"Negozio","item":"https:\/\/1mal1japan.de\/it\/shop\/"},{"@type":"ListItem","position":3,"name":"Riso per Sushi 1 kg (riso a chicchi tondi corti), Fujiman"}]},{"@type":"WebSite","@id":"https:\/\/1mal1japan.de\/it\/#website","url":"https:\/\/1mal1japan.de\/it\/","name":"1mal1japan.de","description":"japanisch kochen &amp; einkaufen","publisher":{"@id":"https:\/\/1mal1japan.de\/it\/#\/schema\/person\/3b6eab913fce9065523e927d88b032b0"},"potentialAction":[{"@type":"SearchAction","target":{"@type":"EntryPoint","urlTemplate":"https:\/\/1mal1japan.de\/it\/?s={search_term_string}"},"query-input":{"@type":"PropertyValueSpecification","valueRequired":true,"valueName":"search_term_string"}}],"inLanguage":"it-IT"},{"@type":["Person","Organization"],"@id":"https:\/\/1mal1japan.de\/it\/#\/schema\/person\/3b6eab913fce9065523e927d88b032b0","name":"Elisa","image":{"@type":"ImageObject","inLanguage":"it-IT","@id":"https:\/\/1mal1japan.de\/wp-content\/uploads\/2018\/09\/Profilbild_Elisa.png","url":"https:\/\/1mal1japan.de\/wp-content\/uploads\/2018\/09\/Profilbild_Elisa.png","contentUrl":"https:\/\/1mal1japan.de\/wp-content\/uploads\/2018\/09\/Profilbild_Elisa.png","width":200,"height":200,"caption":"Elisa"},"logo":{"@id":"https:\/\/1mal1japan.de\/wp-content\/uploads\/2018\/09\/Profilbild_Elisa.png"}}]},"product_brand":"Fujiman","product_price_amount":"4.39","product_price_currency":"EUR","og_availability":"instock","product_availability":"instock","product_retailer_item_id":"1070","product_condition":"new"},"uagb_featured_image_src":{"full":["https:\/\/1mal1japan.de\/wp-content\/uploads\/2021\/04\/Sushi-Reis-Titelbild-mit-Schatten-komp.jpg",800,800,false],"thumbnail":["https:\/\/1mal1japan.de\/wp-content\/uploads\/2021\/04\/Sushi-Reis-Titelbild-mit-Schatten-komp-150x150.jpg",150,150,true],"medium":["https:\/\/1mal1japan.de\/wp-content\/uploads\/2021\/04\/Sushi-Reis-Titelbild-mit-Schatten-komp-300x300.jpg",300,300,true],"medium_large":["https:\/\/1mal1japan.de\/wp-content\/uploads\/2021\/04\/Sushi-Reis-Titelbild-mit-Schatten-komp-768x768.jpg",768,768,true],"large":["https:\/\/1mal1japan.de\/wp-content\/uploads\/2021\/04\/Sushi-Reis-Titelbild-mit-Schatten-komp.jpg",800,800,false],"1536x1536":["https:\/\/1mal1japan.de\/wp-content\/uploads\/2021\/04\/Sushi-Reis-Titelbild-mit-Schatten-komp.jpg",800,800,false],"2048x2048":["https:\/\/1mal1japan.de\/wp-content\/uploads\/2021\/04\/Sushi-Reis-Titelbild-mit-Schatten-komp.jpg",800,800,false],"woocommerce_thumbnail":["https:\/\/1mal1japan.de\/wp-content\/uploads\/2021\/04\/Sushi-Reis-Titelbild-mit-Schatten-komp-600x600.jpg",600,600,true],"woocommerce_single":["https:\/\/1mal1japan.de\/wp-content\/uploads\/2021\/04\/Sushi-Reis-Titelbild-mit-Schatten-komp.jpg",800,800,false],"woocommerce_gallery_thumbnail":["https:\/\/1mal1japan.de\/wp-content\/uploads\/2021\/04\/Sushi-Reis-Titelbild-mit-Schatten-komp-100x100.jpg",100,100,true]},"uagb_author_info":{"display_name":"kiwi19901","author_link":"https:\/\/1mal1japan.de\/it\/author\/"},"uagb_comment_info":0,"uagb_excerpt":"Riso a chicchi tondi per Sushi, Onigiri e piatti giapponesi a base di riso. Questo riso per sushi di Fujiman \u00e8 un riso a chicchi tondi corti con una consistenza appiccicosa equilibrata e un aroma delicato. \u00c8 ideale per sushi, Onigiri, Donburi e altri piatti giapponesi a base di riso.","_links":{"self":[{"href":"https:\/\/1mal1japan.de\/it\/wp-json\/wp\/v2\/product\/64453","targetHints":{"allow":["GET"]}}],"collection":[{"href":"https:\/\/1mal1japan.de\/it\/wp-json\/wp\/v2\/product"}],"about":[{"href":"https:\/\/1mal1japan.de\/it\/wp-json\/wp\/v2\/types\/product"}],"wp:featuredmedia":[{"embeddable":true,"href":"https:\/\/1mal1japan.de\/it\/wp-json\/wp\/v2\/media\/64470"}],"wp:attachment":[{"href":"https:\/\/1mal1japan.de\/it\/wp-json\/wp\/v2\/media?parent=64453"}],"wp:term":[{"taxonomy":"product_brand","embeddable":true,"href":"https:\/\/1mal1japan.de\/it\/wp-json\/wp\/v2\/product_brand?post=64453"},{"taxonomy":"product_cat","embeddable":true,"href":"https:\/\/1mal1japan.de\/it\/wp-json\/wp\/v2\/product_cat?post=64453"},{"taxonomy":"product_tag","embeddable":true,"href":"https:\/\/1mal1japan.de\/it\/wp-json\/wp\/v2\/product_tag?post=64453"}],"curies":[{"name":"wp","href":"https:\/\/api.w.org\/{rel}","templated":true}]}}