{"id":64502,"date":"2022-03-19T14:38:27","date_gmt":"2022-03-19T13:38:27","guid":{"rendered":"https:\/\/1mal1japan.de\/produkt\/curry-in-polvere-orientale-85-g-curry-giapponese-in-polvere-sb\/"},"modified":"2026-04-28T14:08:35","modified_gmt":"2026-04-28T12:08:35","slug":"curry-in-polvere-orientale-85-g-curry-giapponese-in-polvere-sb","status":"publish","type":"product","link":"https:\/\/1mal1japan.de\/it\/produkt\/curry-in-polvere-orientale-85-g-curry-giapponese-in-polvere-sb\/","title":{"rendered":"Curry in polvere orientale 85 g (curry giapponese in polvere), S&#038;B"},"content":{"rendered":"\n<div style=\"height:20px\" aria-hidden=\"true\" class=\"wp-block-spacer\"><\/div>\n\n<section class=\"wp-block-uagb-section uagb-section__wrap uagb-section__background-color uagb-block-11591573\"><div class=\"uagb-section__overlay\"><\/div><div class=\"uagb-section__inner-wrap\">\n<p>\u2705 Autentica polvere di curry giapponese<br\/>\u2705 La scelta migliore per un curry e un riso perfetti<br\/>\u2705 Miscela delicata e armoniosa di polvere di curry e spezie<br\/>\u2705 Vegano e privo di aromi artificiali, senza additivi E, senza esaltatori di sapidit\u00e0<br\/>\u2705 Origine autentica, direttamente dal Giappone<\/p>\n<\/div><\/section>\n\n<p><strong>Il curry \u00e8 uno dei piatti pi\u00f9 amati in Giappone. In qualit\u00e0 di produttore originale giapponese di curry in polvere, S&amp;B ha contribuito a far conoscere la cultura del curry giapponese in tutto il mondo.<\/strong><\/p>\n\n<p>Il curry in polvere nella confezione rossa \u00e8 ancora oggi il prodotto pi\u00f9 amato dell&#8217;azienda tradizionale giapponese. \u00c8 il suo fiore all&#8217;occhiello! <strong>Il gusto equilibrato, il colore e la piccantezza delle miscele di spezie possono essere utilizzati per molte ricette \u2013 non solo per il classico Kare Raisu, ma anche come condimento per carne, pesce e verdure o come aroma aggiuntivo per maionese o condimenti, oppure al posto di pepe, senape e peperoncini rossi.<\/strong><\/p>\n\n<p>Il curry giapponese non \u00e8 piccante come le sue controparti asiatiche. Si tratta invece di una miscela relativamente delicata e armoniosa di curry in polvere e spezie. <strong>La ricetta di questa miscela di spezie non \u00e8 cambiata negli ultimi 150 anni!<\/strong> Contiene curcuma, coriandolo, fieno greco, cumino, scorza d&#8217;arancia, pepe, peperoncino, cannella, finocchio, zenzero, anice stellato, timo, foglie di alloro, chiodi di garofano, noce moscata, salvia e cardamomo.<\/p>\n\n<p><strong>Wow, sembra davvero aromatico. E la cosa migliore? Contiene davvero solo queste spezie \u2013 nient\u2019altro, nessun additivo, nessun esaltatore di sapidit\u00e0!<\/strong><\/p>\n\n<h2 class=\"wp-block-heading\" id=\"das-kannst-du-damit-kochen\">Ecco cosa puoi cucinare con questo:<\/h2>\n\n\t\t\t<div class=\"wp-block-uagb-post-grid uagb-post-grid  uagb-post__image-position-top uagb-post__image-enabled uagb-block-27b66334     uagb-post__items uagb-post__columns-2 is-grid uagb-post__columns-tablet-2 uagb-post__columns-mobile-2 uagb-post__equal-height\" data-total=\"0\" style=\"\">\n\n\t\t\t\t\t\t\t\t\t<p class=\"uagb-post__no-posts\">\n\t\t\t\t\t\tNo post found!\t\t\t\t\t<\/p>\n\t\t\t\t\t\t\t\t<\/div>\n\t\t\t\n<div style=\"height:20px\" aria-hidden=\"true\" class=\"wp-block-spacer\"><\/div>\n\n<h2 class=\"wp-block-heading\">Conservazione e durata:<\/h2>\n\n<p>Conserva il curry in un luogo asciutto, fresco e al riparo dalla luce diretta del sole. Una volta aperto, chiudilo in un contenitore ermetico e consumalo rapidamente.<\/p>\n\n<h2 class=\"wp-block-heading\" id=\"deine-vorteile-und-unser-versprechen\">I tuoi vantaggi e la nostra promessa:<\/h2>\n\n<section class=\"wp-block-uagb-section uagb-section__wrap uagb-section__background-color uagb-block-85f7e9d2\"><div class=\"uagb-section__overlay\"><\/div><div class=\"uagb-section__inner-wrap\">\n<p>\u2764\ufe0f <strong>Veloce, semplice e affidabile:<\/strong> I clienti ci adorano! Con 4,9 stelle su 5 su Shopvote &#8211; dai un&#8217;occhiata <a href=\"https:\/\/www.shopvote.de\/bewertung_1mal1japan_de_23342.html\">qui alle recensioni dei nostri clienti<\/a>!<\/p>\n<\/div><\/section>\n\n<div style=\"height:20px\" aria-hidden=\"true\" class=\"wp-block-spacer\"><\/div>\n\n<section class=\"wp-block-uagb-section uagb-section__wrap uagb-section__background-color uagb-block-9e748e26\"><div class=\"uagb-section__overlay\"><\/div><div class=\"uagb-section__inner-wrap\">\n<p>\ud83c\udf31 <strong>Acquisti sostenibili:<\/strong> Spedizioni a impatto zero, imballaggi ecologici, fatture digitali di default.<\/p>\n<\/div><\/section>\n\n<div style=\"height:20px\" aria-hidden=\"true\" class=\"wp-block-spacer\"><\/div>\n\n<section class=\"wp-block-uagb-section uagb-section__wrap uagb-section__background-color uagb-block-11f9fc83\"><div class=\"uagb-section__overlay\"><\/div><div class=\"uagb-section__inner-wrap\">\n<p><strong>\ud83d\udd12 Acquisti al 100% senza rischi:<\/strong> Nessun importo minimo d&#8217;ordine, spedizione gratuita in Germania a partire da 59 \u20ac di spesa + diritto di recesso di 30 giorni con reso gratuito.<\/p>\n<\/div><\/section>\n\n<div style=\"height:20px\" aria-hidden=\"true\" class=\"wp-block-spacer\"><\/div>\n\n<section class=\"wp-block-uagb-section uagb-section__wrap uagb-section__background-color uagb-block-5b55bd83\"><div class=\"uagb-section__overlay\"><\/div><div class=\"uagb-section__inner-wrap\">\n<p>\ud83e\udd62 <strong>I migliori ingredienti per la tua esperienza culinaria e gustativa: <\/strong>Prodotti selezionati a mano che ci convincono personalmente in base a quattro criteri: (1) gusto, (2) autenticit\u00e0, (3) prezzo e (4) disponibilit\u00e0.<\/p>\n<\/div><\/section>\n\n<div style=\"height:20px\" aria-hidden=\"true\" class=\"wp-block-spacer\"><\/div>\n\n<section class=\"wp-block-uagb-section uagb-section__wrap uagb-section__background-color uagb-block-94ed5912\"><div class=\"uagb-section__overlay\"><\/div><div class=\"uagb-section__inner-wrap\">\n<p>\ud83d\udc4d <strong>Approfitta della nostra pluriennale esperienza<\/strong>: 1mal1japan.de esiste gi\u00e0 dal 2016. Da allora abbiamo avuto il piacere di accogliere milioni di visitatori sul nostro blog e nel nostro Shop e di servire oltre 50.000 clienti soddisfatti. Grazie di cuore a tutti i lettori e ai fan!<\/p>\n<\/div><\/section>\n","protected":false},"excerpt":{"rendered":"<p>Questa miscela di curry in polvere \u00e8 una vera miscela di spezie giapponese per un curry autentico. Ha un sapore relativamente delicato e armonioso, poich\u00e9 contiene esclusivamente le migliori spezie ed erbe aromatiche.<\/p>\n","protected":false},"featured_media":64506,"template":"","meta":{"_uag_custom_page_level_css":"","site-sidebar-layout":"default","site-content-layout":"","ast-site-content-layout":"default","site-content-style":"default","site-sidebar-style":"default","ast-global-header-display":"","ast-banner-title-visibility":"","ast-main-header-display":"","ast-hfb-above-header-display":"","ast-hfb-below-header-display":"","ast-hfb-mobile-header-display":"","site-post-title":"","ast-breadcrumbs-content":"","ast-featured-img":"","footer-sml-layout":"","ast-disable-related-posts":"","theme-transparent-header-meta":"","adv-header-id-meta":"","stick-header-meta":"","header-above-stick-meta":"","header-main-stick-meta":"","header-below-stick-meta":"","astra-migrate-meta-layouts":"default","ast-page-background-enabled":"default","ast-page-background-meta":{"desktop":{"background-color":"","background-image":"","background-repeat":"repeat","background-position":"center center","background-size":"auto","background-attachment":"scroll","background-type":"","background-media":"","overlay-type":"","overlay-color":"","overlay-opacity":"","overlay-gradient":""},"tablet":{"background-color":"","background-image":"","background-repeat":"repeat","background-position":"center center","background-size":"auto","background-attachment":"scroll","background-type":"","background-media":"","overlay-type":"","overlay-color":"","overlay-opacity":"","overlay-gradient":""},"mobile":{"background-color":"","background-image":"","background-repeat":"repeat","background-position":"center center","background-size":"auto","background-attachment":"scroll","background-type":"","background-media":"","overlay-type":"","overlay-color":"","overlay-opacity":"","overlay-gradient":""}},"ast-content-background-meta":{"desktop":{"background-color":"var(--ast-global-color-5)","background-image":"","background-repeat":"repeat","background-position":"center center","background-size":"auto","background-attachment":"scroll","background-type":"","background-media":"","overlay-type":"","overlay-color":"","overlay-opacity":"","overlay-gradient":""},"tablet":{"background-color":"var(--ast-global-color-5)","background-image":"","background-repeat":"repeat","background-position":"center center","background-size":"auto","background-attachment":"scroll","background-type":"","background-media":"","overlay-type":"","overlay-color":"","overlay-opacity":"","overlay-gradient":""},"mobile":{"background-color":"var(--ast-global-color-5)","background-image":"","background-repeat":"repeat","background-position":"center center","background-size":"auto","background-attachment":"scroll","background-type":"","background-media":"","overlay-type":"","overlay-color":"","overlay-opacity":"","overlay-gradient":""}}},"product_brand":[],"product_cat":[1590,1558,1577,1568,1557],"product_tag":[1578,1579],"class_list":{"0":"post-64502","1":"product","2":"type-product","3":"status-publish","4":"has-post-thumbnail","6":"product_cat-best-seller","7":"product_cat-made-in-japan","8":"product_cat-sb","9":"product_cat-spezie-e-brodi","10":"product_cat-tutti-i-prodotti","11":"product_tag-curry","12":"product_tag-kare-raisu","13":"desktop-align-left","14":"tablet-align-left","15":"mobile-align-left","16":"ast-product-gallery-layout-horizontal-slider","17":"ast-magnify-disabled","18":"ast-product-tabs-layout-horizontal","20":"first","21":"instock","22":"taxable","23":"shipping-taxable","24":"purchasable","25":"product-type-simple"},"yoast_head":"<!-- This site is optimized with the Yoast SEO Premium plugin v27.4 (Yoast SEO v27.4) - https:\/\/yoast.com\/product\/yoast-seo-premium-wordpress\/ -->\n<title>Curry in polvere (85 g) S&amp;B Oriental Curry Powder, 1mal1japan<\/title>\n<meta name=\"description\" content=\"I\u27a1 Acquista curry in polvere giapponese \u2714 Curry in polvere | per riso al curry giapponese \u2714 delicato e armonioso \u2714 vegano e senza additivi!\" \/>\n<meta name=\"robots\" content=\"index, follow, max-snippet:-1, max-image-preview:large, max-video-preview:-1\" \/>\n<link rel=\"canonical\" href=\"https:\/\/1mal1japan.de\/it\/produkt\/curry-in-polvere-orientale-85-g-curry-giapponese-in-polvere-sb\/\" \/>\n<meta property=\"og:locale\" content=\"it_IT\" \/>\n<meta property=\"og:type\" content=\"article\" \/>\n<meta property=\"og:title\" content=\"Curry in polvere orientale 85 g (curry giapponese in polvere), S&amp;B\" \/>\n<meta property=\"og:description\" content=\"Questa miscela di curry in polvere \u00e8 una vera miscela di spezie giapponese per un curry autentico. Ha un sapore relativamente delicato e armonioso, poich\u00e9 contiene esclusivamente le migliori spezie ed erbe aromatiche.\" \/>\n<meta property=\"og:url\" content=\"https:\/\/1mal1japan.de\/it\/produkt\/curry-in-polvere-orientale-85-g-curry-giapponese-in-polvere-sb\/\" \/>\n<meta property=\"og:site_name\" content=\"1mal1japan.de\" \/>\n<meta property=\"article:modified_time\" content=\"2026-04-28T12:08:35+00:00\" \/>\n<meta property=\"og:image\" content=\"https:\/\/1mal1japan.de\/wp-content\/uploads\/2022\/03\/oriental-powder-1n.jpg\" \/>\n\t<meta property=\"og:image:width\" content=\"800\" \/>\n\t<meta property=\"og:image:height\" content=\"800\" \/>\n\t<meta property=\"og:image:type\" content=\"image\/jpeg\" \/>\n<script type=\"application\/ld+json\" class=\"yoast-schema-graph\">{\"@context\":\"https:\\\/\\\/schema.org\",\"@graph\":[{\"@type\":\"WebPage\",\"@id\":\"https:\\\/\\\/1mal1japan.de\\\/it\\\/produkt\\\/curry-in-polvere-orientale-85-g-curry-giapponese-in-polvere-sb\\\/\",\"url\":\"https:\\\/\\\/1mal1japan.de\\\/it\\\/produkt\\\/curry-in-polvere-orientale-85-g-curry-giapponese-in-polvere-sb\\\/\",\"name\":\"Curry in polvere (85 g) S&B Oriental Curry Powder, 1mal1japan\",\"isPartOf\":{\"@id\":\"https:\\\/\\\/1mal1japan.de\\\/it\\\/#website\"},\"primaryImageOfPage\":{\"@id\":\"https:\\\/\\\/1mal1japan.de\\\/it\\\/produkt\\\/curry-in-polvere-orientale-85-g-curry-giapponese-in-polvere-sb\\\/#primaryimage\"},\"image\":{\"@id\":\"https:\\\/\\\/1mal1japan.de\\\/it\\\/produkt\\\/curry-in-polvere-orientale-85-g-curry-giapponese-in-polvere-sb\\\/#primaryimage\"},\"thumbnailUrl\":\"https:\\\/\\\/1mal1japan.de\\\/wp-content\\\/uploads\\\/2022\\\/03\\\/oriental-powder-1n.jpg\",\"datePublished\":\"2022-03-19T13:38:27+00:00\",\"dateModified\":\"2026-04-28T12:08:35+00:00\",\"description\":\"I\u27a1 Acquista curry in polvere giapponese \u2714 Curry in polvere | per riso al curry giapponese \u2714 delicato e armonioso \u2714 vegano e senza additivi!\",\"breadcrumb\":{\"@id\":\"https:\\\/\\\/1mal1japan.de\\\/it\\\/produkt\\\/curry-in-polvere-orientale-85-g-curry-giapponese-in-polvere-sb\\\/#breadcrumb\"},\"inLanguage\":\"it-IT\",\"potentialAction\":[{\"@type\":\"ReadAction\",\"target\":[\"https:\\\/\\\/1mal1japan.de\\\/it\\\/produkt\\\/curry-in-polvere-orientale-85-g-curry-giapponese-in-polvere-sb\\\/\"]}]},{\"@type\":\"ImageObject\",\"inLanguage\":\"it-IT\",\"@id\":\"https:\\\/\\\/1mal1japan.de\\\/it\\\/produkt\\\/curry-in-polvere-orientale-85-g-curry-giapponese-in-polvere-sb\\\/#primaryimage\",\"url\":\"https:\\\/\\\/1mal1japan.de\\\/wp-content\\\/uploads\\\/2022\\\/03\\\/oriental-powder-1n.jpg\",\"contentUrl\":\"https:\\\/\\\/1mal1japan.de\\\/wp-content\\\/uploads\\\/2022\\\/03\\\/oriental-powder-1n.jpg\",\"width\":800,\"height\":800,\"caption\":\"Oriental Curry Powder 85g (curry giapponese in polvere), S&B\"},{\"@type\":\"BreadcrumbList\",\"@id\":\"https:\\\/\\\/1mal1japan.de\\\/it\\\/produkt\\\/curry-in-polvere-orientale-85-g-curry-giapponese-in-polvere-sb\\\/#breadcrumb\",\"itemListElement\":[{\"@type\":\"ListItem\",\"position\":1,\"name\":\"Startseite\",\"item\":\"https:\\\/\\\/1mal1japan.de\\\/it\\\/\"},{\"@type\":\"ListItem\",\"position\":2,\"name\":\"Negozio\",\"item\":\"https:\\\/\\\/1mal1japan.de\\\/it\\\/shop\\\/\"},{\"@type\":\"ListItem\",\"position\":3,\"name\":\"Curry in polvere orientale 85 g (curry giapponese in polvere), S&#038;B\"}]},{\"@type\":\"WebSite\",\"@id\":\"https:\\\/\\\/1mal1japan.de\\\/it\\\/#website\",\"url\":\"https:\\\/\\\/1mal1japan.de\\\/it\\\/\",\"name\":\"1mal1japan.de\",\"description\":\"japanisch kochen &amp; einkaufen\",\"publisher\":{\"@id\":\"https:\\\/\\\/1mal1japan.de\\\/it\\\/#\\\/schema\\\/person\\\/3b6eab913fce9065523e927d88b032b0\"},\"potentialAction\":[{\"@type\":\"SearchAction\",\"target\":{\"@type\":\"EntryPoint\",\"urlTemplate\":\"https:\\\/\\\/1mal1japan.de\\\/it\\\/?s={search_term_string}\"},\"query-input\":{\"@type\":\"PropertyValueSpecification\",\"valueRequired\":true,\"valueName\":\"search_term_string\"}}],\"inLanguage\":\"it-IT\"},{\"@type\":[\"Person\",\"Organization\"],\"@id\":\"https:\\\/\\\/1mal1japan.de\\\/it\\\/#\\\/schema\\\/person\\\/3b6eab913fce9065523e927d88b032b0\",\"name\":\"Elisa\",\"image\":{\"@type\":\"ImageObject\",\"inLanguage\":\"it-IT\",\"@id\":\"https:\\\/\\\/1mal1japan.de\\\/wp-content\\\/uploads\\\/2018\\\/09\\\/Profilbild_Elisa.png\",\"url\":\"https:\\\/\\\/1mal1japan.de\\\/wp-content\\\/uploads\\\/2018\\\/09\\\/Profilbild_Elisa.png\",\"contentUrl\":\"https:\\\/\\\/1mal1japan.de\\\/wp-content\\\/uploads\\\/2018\\\/09\\\/Profilbild_Elisa.png\",\"width\":200,\"height\":200,\"caption\":\"Elisa\"},\"logo\":{\"@id\":\"https:\\\/\\\/1mal1japan.de\\\/wp-content\\\/uploads\\\/2018\\\/09\\\/Profilbild_Elisa.png\"}}]}<\/script>\n<meta property=\"product:brand\" content=\"S&amp;B\" \/>\n<meta property=\"product:price:amount\" content=\"4.99\" \/>\n<meta property=\"product:price:currency\" content=\"EUR\" \/>\n<meta property=\"og:availability\" content=\"instock\" \/>\n<meta property=\"product:availability\" content=\"instock\" \/>\n<meta property=\"product:retailer_item_id\" content=\"1117\" \/>\n<meta property=\"product:condition\" content=\"new\" \/>\n<!-- \/ Yoast SEO Premium plugin. -->","yoast_head_json":{"title":"Curry in polvere (85 g) S&B Oriental Curry Powder, 1mal1japan","description":"I\u27a1 Acquista curry in polvere giapponese \u2714 Curry in polvere | per riso al curry giapponese \u2714 delicato e armonioso \u2714 vegano e senza additivi!","robots":{"index":"index","follow":"follow","max-snippet":"max-snippet:-1","max-image-preview":"max-image-preview:large","max-video-preview":"max-video-preview:-1"},"canonical":"https:\/\/1mal1japan.de\/it\/produkt\/curry-in-polvere-orientale-85-g-curry-giapponese-in-polvere-sb\/","og_locale":"it_IT","og_type":"article","og_title":"Curry in polvere orientale 85 g (curry giapponese in polvere), S&B","og_description":"Questa miscela di curry in polvere \u00e8 una vera miscela di spezie giapponese per un curry autentico. Ha un sapore relativamente delicato e armonioso, poich\u00e9 contiene esclusivamente le migliori spezie ed erbe aromatiche.","og_url":"https:\/\/1mal1japan.de\/it\/produkt\/curry-in-polvere-orientale-85-g-curry-giapponese-in-polvere-sb\/","og_site_name":"1mal1japan.de","article_modified_time":"2026-04-28T12:08:35+00:00","og_image":[{"width":800,"height":800,"url":"https:\/\/1mal1japan.de\/wp-content\/uploads\/2022\/03\/oriental-powder-1n.jpg","type":"image\/jpeg"}],"schema":{"@context":"https:\/\/schema.org","@graph":[{"@type":"WebPage","@id":"https:\/\/1mal1japan.de\/it\/produkt\/curry-in-polvere-orientale-85-g-curry-giapponese-in-polvere-sb\/","url":"https:\/\/1mal1japan.de\/it\/produkt\/curry-in-polvere-orientale-85-g-curry-giapponese-in-polvere-sb\/","name":"Curry in polvere (85 g) S&B Oriental Curry Powder, 1mal1japan","isPartOf":{"@id":"https:\/\/1mal1japan.de\/it\/#website"},"primaryImageOfPage":{"@id":"https:\/\/1mal1japan.de\/it\/produkt\/curry-in-polvere-orientale-85-g-curry-giapponese-in-polvere-sb\/#primaryimage"},"image":{"@id":"https:\/\/1mal1japan.de\/it\/produkt\/curry-in-polvere-orientale-85-g-curry-giapponese-in-polvere-sb\/#primaryimage"},"thumbnailUrl":"https:\/\/1mal1japan.de\/wp-content\/uploads\/2022\/03\/oriental-powder-1n.jpg","datePublished":"2022-03-19T13:38:27+00:00","dateModified":"2026-04-28T12:08:35+00:00","description":"I\u27a1 Acquista curry in polvere giapponese \u2714 Curry in polvere | per riso al curry giapponese \u2714 delicato e armonioso \u2714 vegano e senza additivi!","breadcrumb":{"@id":"https:\/\/1mal1japan.de\/it\/produkt\/curry-in-polvere-orientale-85-g-curry-giapponese-in-polvere-sb\/#breadcrumb"},"inLanguage":"it-IT","potentialAction":[{"@type":"ReadAction","target":["https:\/\/1mal1japan.de\/it\/produkt\/curry-in-polvere-orientale-85-g-curry-giapponese-in-polvere-sb\/"]}]},{"@type":"ImageObject","inLanguage":"it-IT","@id":"https:\/\/1mal1japan.de\/it\/produkt\/curry-in-polvere-orientale-85-g-curry-giapponese-in-polvere-sb\/#primaryimage","url":"https:\/\/1mal1japan.de\/wp-content\/uploads\/2022\/03\/oriental-powder-1n.jpg","contentUrl":"https:\/\/1mal1japan.de\/wp-content\/uploads\/2022\/03\/oriental-powder-1n.jpg","width":800,"height":800,"caption":"Oriental Curry Powder 85g (curry giapponese in polvere), S&B"},{"@type":"BreadcrumbList","@id":"https:\/\/1mal1japan.de\/it\/produkt\/curry-in-polvere-orientale-85-g-curry-giapponese-in-polvere-sb\/#breadcrumb","itemListElement":[{"@type":"ListItem","position":1,"name":"Startseite","item":"https:\/\/1mal1japan.de\/it\/"},{"@type":"ListItem","position":2,"name":"Negozio","item":"https:\/\/1mal1japan.de\/it\/shop\/"},{"@type":"ListItem","position":3,"name":"Curry in polvere orientale 85 g (curry giapponese in polvere), S&#038;B"}]},{"@type":"WebSite","@id":"https:\/\/1mal1japan.de\/it\/#website","url":"https:\/\/1mal1japan.de\/it\/","name":"1mal1japan.de","description":"japanisch kochen &amp; einkaufen","publisher":{"@id":"https:\/\/1mal1japan.de\/it\/#\/schema\/person\/3b6eab913fce9065523e927d88b032b0"},"potentialAction":[{"@type":"SearchAction","target":{"@type":"EntryPoint","urlTemplate":"https:\/\/1mal1japan.de\/it\/?s={search_term_string}"},"query-input":{"@type":"PropertyValueSpecification","valueRequired":true,"valueName":"search_term_string"}}],"inLanguage":"it-IT"},{"@type":["Person","Organization"],"@id":"https:\/\/1mal1japan.de\/it\/#\/schema\/person\/3b6eab913fce9065523e927d88b032b0","name":"Elisa","image":{"@type":"ImageObject","inLanguage":"it-IT","@id":"https:\/\/1mal1japan.de\/wp-content\/uploads\/2018\/09\/Profilbild_Elisa.png","url":"https:\/\/1mal1japan.de\/wp-content\/uploads\/2018\/09\/Profilbild_Elisa.png","contentUrl":"https:\/\/1mal1japan.de\/wp-content\/uploads\/2018\/09\/Profilbild_Elisa.png","width":200,"height":200,"caption":"Elisa"},"logo":{"@id":"https:\/\/1mal1japan.de\/wp-content\/uploads\/2018\/09\/Profilbild_Elisa.png"}}]},"product_brand":"S&amp;B","product_price_amount":"4.99","product_price_currency":"EUR","og_availability":"instock","product_availability":"instock","product_retailer_item_id":"1117","product_condition":"new"},"uagb_featured_image_src":{"full":["https:\/\/1mal1japan.de\/wp-content\/uploads\/2022\/03\/oriental-powder-1n.jpg",800,800,false],"thumbnail":["https:\/\/1mal1japan.de\/wp-content\/uploads\/2022\/03\/oriental-powder-1n-150x150.jpg",150,150,true],"medium":["https:\/\/1mal1japan.de\/wp-content\/uploads\/2022\/03\/oriental-powder-1n-300x300.jpg",300,300,true],"medium_large":["https:\/\/1mal1japan.de\/wp-content\/uploads\/2022\/03\/oriental-powder-1n-768x768.jpg",768,768,true],"large":["https:\/\/1mal1japan.de\/wp-content\/uploads\/2022\/03\/oriental-powder-1n.jpg",800,800,false],"1536x1536":["https:\/\/1mal1japan.de\/wp-content\/uploads\/2022\/03\/oriental-powder-1n.jpg",800,800,false],"2048x2048":["https:\/\/1mal1japan.de\/wp-content\/uploads\/2022\/03\/oriental-powder-1n.jpg",800,800,false],"woocommerce_thumbnail":["https:\/\/1mal1japan.de\/wp-content\/uploads\/2022\/03\/oriental-powder-1n-600x600.jpg",600,600,true],"woocommerce_single":["https:\/\/1mal1japan.de\/wp-content\/uploads\/2022\/03\/oriental-powder-1n.jpg",800,800,false],"woocommerce_gallery_thumbnail":["https:\/\/1mal1japan.de\/wp-content\/uploads\/2022\/03\/oriental-powder-1n-100x100.jpg",100,100,true]},"uagb_author_info":{"display_name":"kiwi19901","author_link":"https:\/\/1mal1japan.de\/it\/author\/"},"uagb_comment_info":0,"uagb_excerpt":"Questa miscela di curry in polvere \u00e8 una vera miscela di spezie giapponese per un curry autentico. Ha un sapore relativamente delicato e armonioso, poich\u00e9 contiene esclusivamente le migliori spezie ed erbe aromatiche.","_links":{"self":[{"href":"https:\/\/1mal1japan.de\/it\/wp-json\/wp\/v2\/product\/64502","targetHints":{"allow":["GET"]}}],"collection":[{"href":"https:\/\/1mal1japan.de\/it\/wp-json\/wp\/v2\/product"}],"about":[{"href":"https:\/\/1mal1japan.de\/it\/wp-json\/wp\/v2\/types\/product"}],"wp:featuredmedia":[{"embeddable":true,"href":"https:\/\/1mal1japan.de\/it\/wp-json\/wp\/v2\/media\/64506"}],"wp:attachment":[{"href":"https:\/\/1mal1japan.de\/it\/wp-json\/wp\/v2\/media?parent=64502"}],"wp:term":[{"taxonomy":"product_brand","embeddable":true,"href":"https:\/\/1mal1japan.de\/it\/wp-json\/wp\/v2\/product_brand?post=64502"},{"taxonomy":"product_cat","embeddable":true,"href":"https:\/\/1mal1japan.de\/it\/wp-json\/wp\/v2\/product_cat?post=64502"},{"taxonomy":"product_tag","embeddable":true,"href":"https:\/\/1mal1japan.de\/it\/wp-json\/wp\/v2\/product_tag?post=64502"}],"curies":[{"name":"wp","href":"https:\/\/api.w.org\/{rel}","templated":true}]}}