{"id":64520,"date":"2022-01-14T13:45:09","date_gmt":"2022-01-14T12:45:09","guid":{"rendered":"https:\/\/1mal1japan.de\/produkt\/matcha-30-g-polvere-di-te-verde-giapponese-per-te-e-cucina\/"},"modified":"2026-04-28T14:08:29","modified_gmt":"2026-04-28T12:08:29","slug":"matcha-30-g-polvere-di-te-verde-giapponese-per-te-e-cucina","status":"publish","type":"product","link":"https:\/\/1mal1japan.de\/it\/produkt\/matcha-30-g-polvere-di-te-verde-giapponese-per-te-e-cucina\/","title":{"rendered":"Matcha 30 g (polvere di t\u00e8 verde giapponese, per t\u00e8 e cucina)"},"content":{"rendered":"\n<section class=\"wp-block-uagb-section uagb-section__wrap uagb-section__background-color uagb-block-5c35283d\"><div class=\"uagb-section__overlay\"><\/div><div class=\"uagb-section__inner-wrap\">\n<p class=\"has-ast-global-color-5-color has-text-color has-link-color wp-elements-b67fa7dae4e8f26c713a32cde35d245c\">\u2705 Polvere di Matcha finemente macinata proveniente dal Giappone<br\/>\u2705 Aroma intenso con una nota leggermente aspra e fresca<br\/>\u2705 Ideale per t\u00e8 Matcha, latte, dessert e prodotti da forno<br\/>\u2705 Colore verde brillante per bevande e piatti<br\/>\u2705 Versatile nell&#8217;uso in ricette dolci e salate<\/p>\n<\/div><\/section>\n\n<h2 class=\"wp-block-heading\" id=\"wissen\">Cos&#8217;\u00e8 il Matcha?<\/h2>\n\n<p>Il Matcha \u00e8 una polvere di t\u00e8 verde finemente macinata, tradizionalmente utilizzata in Giappone. A differenza del t\u00e8 in infusione, qui si consuma l&#8217;intera foglia di t\u00e8. Di conseguenza, il Matcha contiene una quantit\u00e0 particolarmente elevata di aromi e viene utilizzato sia come bevanda che in cucina.<\/p>\n\n<div style=\"height:20px\" aria-hidden=\"true\" class=\"wp-block-spacer\"><\/div>\n\n<section class=\"wp-block-uagb-section uagb-section__wrap uagb-section__background-none uagb-block-6492d650\"><div class=\"uagb-section__overlay\"><\/div><div class=\"uagb-section__inner-wrap\">\n<section class=\"wp-block-uagb-section uagb-section__wrap uagb-section__background-none uagb-block-89760efc\"><div class=\"uagb-section__overlay\"><\/div><div class=\"uagb-section__inner-wrap\">\n<figure class=\"wp-block-image alignleft size-full is-resized\"><img decoding=\"async\" width=\"2000\" height=\"2000\" src=\"https:\/\/1mal1japan.de\/wp-content\/uploads\/2024\/01\/Logo-Onigiri-Reisball-2000px.png\" alt=\"\" class=\"wp-image-36793\" style=\"width:100px\" srcset=\"https:\/\/1mal1japan.de\/wp-content\/uploads\/2024\/01\/Logo-Onigiri-Reisball-2000px.png 2000w, https:\/\/1mal1japan.de\/wp-content\/uploads\/2024\/01\/Logo-Onigiri-Reisball-2000px-300x300.png 300w, https:\/\/1mal1japan.de\/wp-content\/uploads\/2024\/01\/Logo-Onigiri-Reisball-2000px-1024x1024.png 1024w, https:\/\/1mal1japan.de\/wp-content\/uploads\/2024\/01\/Logo-Onigiri-Reisball-2000px-150x150.png 150w, https:\/\/1mal1japan.de\/wp-content\/uploads\/2024\/01\/Logo-Onigiri-Reisball-2000px-768x768.png 768w, https:\/\/1mal1japan.de\/wp-content\/uploads\/2024\/01\/Logo-Onigiri-Reisball-2000px-1536x1536.png 1536w, https:\/\/1mal1japan.de\/wp-content\/uploads\/2024\/01\/Logo-Onigiri-Reisball-2000px-600x600.png 600w, https:\/\/1mal1japan.de\/wp-content\/uploads\/2024\/01\/Logo-Onigiri-Reisball-2000px-1200x1200.png 1200w, https:\/\/1mal1japan.de\/wp-content\/uploads\/2024\/01\/Logo-Onigiri-Reisball-2000px-100x100.png 100w\" sizes=\"(max-width: 2000px) 100vw, 2000px\" \/><\/figure>\n<\/div><\/section>\n\n\n\n<section class=\"wp-block-uagb-section uagb-section__wrap uagb-section__background-none uagb-block-6d656dd4\"><div class=\"uagb-section__overlay\"><\/div><div class=\"uagb-section__inner-wrap\">\n<h3 class=\"wp-block-heading has-text-align-left\" id=\"geschmack\" style=\"margin-top:0px;margin-bottom:0px\">Che sapore ha il Matcha?<\/h3>\n\n\n\n<p class=\"has-text-align-left\"><em><em>Il Matcha ha un sapore intenso, leggermente aspro, con note fresche e vegetali. A seconda della qualit\u00e0, pu\u00f2 anche avere una leggera dolcezza e una piacevole nota di Umami. In combinazione con latte o zucchero, il sapore diventa pi\u00f9 delicato e cremoso.<\/em><\/em><\/p>\n<\/div><\/section>\n<\/div><\/section>\n\n<div style=\"height:20px\" aria-hidden=\"true\" class=\"wp-block-spacer\"><\/div>\n\n<h2 class=\"wp-block-heading\" id=\"verwendung\">Per cosa posso usare il Matcha?<\/h2>\n\n<p>Il Matcha viene tradizionalmente preparato come t\u00e8 con acqua calda. Inoltre, \u00e8 adatto per il Matcha latte, per dessert come torte o gelati, nonch\u00e9 per ricette di pasticceria. Pu\u00f2 essere utilizzato anche nei frullati o come ingrediente per dolci.<\/p>\n\n<h3 class=\"wp-block-heading\" id=\"rezepte\">Come si prepara il t\u00e8 Matcha?<\/h3>\n\n<p>Per la preparazione, la polvere va versata in acqua calda, ma non bollente (circa 70\u201380 \u00b0C), e montata con una frusta di bamb\u00f9 o una frusta da cucina fino a ottenere una schiuma. Si ottiene cos\u00ec una bevanda omogenea e aromatica.<\/p>\n\n\t\t\t<div class=\"wp-block-uagb-post-grid uagb-post-grid  uagb-post__image-position-top uagb-post__image-enabled uagb-block-27b66334     uagb-post__items uagb-post__columns-2 is-grid uagb-post__columns-tablet-2 uagb-post__columns-mobile-2 uagb-post__equal-height\" data-total=\"0\" style=\"\">\n\n\t\t\t\t\t\t\t\t\t<p class=\"uagb-post__no-posts\">\n\t\t\t\t\t\tNo post found!\t\t\t\t\t<\/p>\n\t\t\t\t\t\t\t\t<\/div>\n\t\t\t\n<div style=\"height:20px\" aria-hidden=\"true\" class=\"wp-block-spacer\"><\/div>\n\n<h2 class=\"wp-block-heading\" id=\"lagerung\">Come conservare correttamente il Matcha?<\/h2>\n\n<p>Il Matcha dovrebbe essere conservato in un contenitore ermetico, al fresco e al riparo dalla luce, idealmente in frigorifero. Una volta aperto, consumarlo il pi\u00f9 rapidamente possibile, poich\u00e9 la polvere \u00e8 sensibile alla luce e all&#8217;ossigeno e altrimenti perde aroma.<\/p>\n\n<h2 class=\"wp-block-heading\" id=\"h-deine-vorteile-und-unser-versprechen\">I tuoi vantaggi e la nostra promessa:<\/h2>\n\n<section class=\"wp-block-uagb-section uagb-section__wrap uagb-section__background-color uagb-block-85f7e9d2\"><div class=\"uagb-section__overlay\"><\/div><div class=\"uagb-section__inner-wrap\">\n<p>\u2764\ufe0f <strong>Veloce, semplice e affidabile:<\/strong> I clienti ci adorano! Con 4,9 stelle su 5 su Shopvote &#8211; dai un&#8217;occhiata <a href=\"https:\/\/www.shopvote.de\/bewertung_1mal1japan_de_23342.html\">qui alle recensioni dei nostri clienti<\/a>!<\/p>\n<\/div><\/section>\n\n<div style=\"height:20px\" aria-hidden=\"true\" class=\"wp-block-spacer\"><\/div>\n\n<section class=\"wp-block-uagb-section uagb-section__wrap uagb-section__background-color uagb-block-9e748e26\"><div class=\"uagb-section__overlay\"><\/div><div class=\"uagb-section__inner-wrap\">\n<p>\ud83c\udf31 <strong>Acquisti sostenibili:<\/strong> Spedizioni a impatto zero, imballaggi ecologici, fatture digitali di default.<\/p>\n<\/div><\/section>\n\n<div style=\"height:20px\" aria-hidden=\"true\" class=\"wp-block-spacer\"><\/div>\n\n<section class=\"wp-block-uagb-section uagb-section__wrap uagb-section__background-color uagb-block-11f9fc83\"><div class=\"uagb-section__overlay\"><\/div><div class=\"uagb-section__inner-wrap\">\n<p><strong>\ud83d\udd12 Acquisti al 100% senza rischi:<\/strong> Nessun importo minimo d&#8217;ordine, spedizione gratuita in Germania a partire da 59 \u20ac di spesa + diritto di recesso di 30 giorni con reso gratuito.<\/p>\n<\/div><\/section>\n\n<div style=\"height:20px\" aria-hidden=\"true\" class=\"wp-block-spacer\"><\/div>\n\n<section class=\"wp-block-uagb-section uagb-section__wrap uagb-section__background-color uagb-block-5b55bd83\"><div class=\"uagb-section__overlay\"><\/div><div class=\"uagb-section__inner-wrap\">\n<p>\ud83e\udd62 <strong>I migliori ingredienti per la tua esperienza culinaria e gustativa: <\/strong>Prodotti selezionati a mano che ci convincono personalmente in base a quattro criteri: (1) gusto, (2) autenticit\u00e0, (3) prezzo e (4) disponibilit\u00e0.<\/p>\n<\/div><\/section>\n\n<div style=\"height:20px\" aria-hidden=\"true\" class=\"wp-block-spacer\"><\/div>\n\n<section class=\"wp-block-uagb-section uagb-section__wrap uagb-section__background-color uagb-block-94ed5912\"><div class=\"uagb-section__overlay\"><\/div><div class=\"uagb-section__inner-wrap\">\n<p>\ud83d\udc4d <strong>Approfitta della nostra pluriennale esperienza<\/strong>: 1mal1japan.de esiste gi\u00e0 dal 2016. Da allora abbiamo avuto il piacere di accogliere milioni di visitatori sul nostro blog e nel nostro Shop e di servire oltre 50.000 clienti soddisfatti. Grazie di cuore a tutti i lettori e ai fan!<\/p>\n<\/div><\/section>\n","protected":false},"excerpt":{"rendered":"<p><strong>Polvere di Matcha giapponese per t\u00e8, dessert e pasticceria. <\/strong><\/p>\n<p>Questo Matcha di Otsuka Seicha \u00e8 una polvere di t\u00e8 verde finemente macinata proveniente dal Giappone, dall&#8217;aroma intenso e dal colore verde brillante. \u00c8 ideale da bere come Matcha, ma anche per dessert, ricette di pasticceria o bevande creative.<\/p>\n","protected":false},"featured_media":64525,"template":"","meta":{"_uag_custom_page_level_css":"","site-sidebar-layout":"default","site-content-layout":"","ast-site-content-layout":"default","site-content-style":"default","site-sidebar-style":"default","ast-global-header-display":"","ast-banner-title-visibility":"","ast-main-header-display":"","ast-hfb-above-header-display":"","ast-hfb-below-header-display":"","ast-hfb-mobile-header-display":"","site-post-title":"","ast-breadcrumbs-content":"","ast-featured-img":"","footer-sml-layout":"","ast-disable-related-posts":"","theme-transparent-header-meta":"","adv-header-id-meta":"","stick-header-meta":"","header-above-stick-meta":"","header-main-stick-meta":"","header-below-stick-meta":"","astra-migrate-meta-layouts":"default","ast-page-background-enabled":"default","ast-page-background-meta":{"desktop":{"background-color":"","background-image":"","background-repeat":"repeat","background-position":"center center","background-size":"auto","background-attachment":"scroll","background-type":"","background-media":"","overlay-type":"","overlay-color":"","overlay-opacity":"","overlay-gradient":""},"tablet":{"background-color":"","background-image":"","background-repeat":"repeat","background-position":"center center","background-size":"auto","background-attachment":"scroll","background-type":"","background-media":"","overlay-type":"","overlay-color":"","overlay-opacity":"","overlay-gradient":""},"mobile":{"background-color":"","background-image":"","background-repeat":"repeat","background-position":"center center","background-size":"auto","background-attachment":"scroll","background-type":"","background-media":"","overlay-type":"","overlay-color":"","overlay-opacity":"","overlay-gradient":""}},"ast-content-background-meta":{"desktop":{"background-color":"var(--ast-global-color-5)","background-image":"","background-repeat":"repeat","background-position":"center center","background-size":"auto","background-attachment":"scroll","background-type":"","background-media":"","overlay-type":"","overlay-color":"","overlay-opacity":"","overlay-gradient":""},"tablet":{"background-color":"var(--ast-global-color-5)","background-image":"","background-repeat":"repeat","background-position":"center center","background-size":"auto","background-attachment":"scroll","background-type":"","background-media":"","overlay-type":"","overlay-color":"","overlay-opacity":"","overlay-gradient":""},"mobile":{"background-color":"var(--ast-global-color-5)","background-image":"","background-repeat":"repeat","background-position":"center center","background-size":"auto","background-attachment":"scroll","background-type":"","background-media":"","overlay-type":"","overlay-color":"","overlay-opacity":"","overlay-gradient":""}}},"product_brand":[],"product_cat":[1558,1617,1611,1557],"product_tag":[1619],"class_list":{"0":"post-64520","1":"product","2":"type-product","3":"status-publish","4":"has-post-thumbnail","6":"product_cat-made-in-japan","7":"product_cat-neuheiten","8":"product_cat-sake-te-e-bevande","9":"product_cat-tutti-i-prodotti","10":"product_tag-mochi","11":"desktop-align-left","12":"tablet-align-left","13":"mobile-align-left","14":"ast-product-gallery-layout-horizontal-slider","15":"ast-magnify-disabled","16":"ast-product-tabs-layout-horizontal","18":"first","19":"instock","20":"taxable","21":"shipping-taxable","22":"purchasable","23":"product-type-simple"},"yoast_head":"<!-- This site is optimized with the Yoast SEO Premium plugin v27.5 (Yoast SEO v27.5) - https:\/\/yoast.com\/product\/yoast-seo-premium-wordpress\/ -->\n<title>Matcha (30 g) polvere di t\u00e8 verde giapponese, su 1mal1japan<\/title>\n<meta name=\"description\" content=\"I\u27a1 Matcha \u2714 polvere di t\u00e8 verde giapponese \u2714 da bere, per dolci e cucina \u2714 t\u00e8, latte, dessert, Mochi e Dango \u2714 intenso e aromatico \u2714 consegna veloce!\" \/>\n<meta name=\"robots\" content=\"index, follow, max-snippet:-1, max-image-preview:large, max-video-preview:-1\" \/>\n<link rel=\"canonical\" href=\"https:\/\/1mal1japan.de\/it\/produkt\/matcha-30-g-polvere-di-te-verde-giapponese-per-te-e-cucina\/\" \/>\n<meta property=\"og:locale\" content=\"it_IT\" \/>\n<meta property=\"og:type\" content=\"article\" \/>\n<meta property=\"og:title\" content=\"Matcha 30 g (polvere di t\u00e8 verde giapponese, per t\u00e8 e cucina)\" \/>\n<meta property=\"og:description\" content=\"Polvere di Matcha giapponese per t\u00e8, dessert e pasticceria. Questo Matcha di Otsuka Seicha \u00e8 una polvere di t\u00e8 verde finemente macinata proveniente dal Giappone, dall&#039;aroma intenso e dal colore verde brillante. \u00c8 ideale da bere come Matcha, ma anche per dessert, ricette di pasticceria o bevande creative.\" \/>\n<meta property=\"og:url\" content=\"https:\/\/1mal1japan.de\/it\/produkt\/matcha-30-g-polvere-di-te-verde-giapponese-per-te-e-cucina\/\" \/>\n<meta property=\"og:site_name\" content=\"1mal1japan.de\" \/>\n<meta property=\"article:modified_time\" content=\"2026-04-28T12:08:29+00:00\" \/>\n<meta property=\"og:image\" content=\"https:\/\/1mal1japan.de\/wp-content\/uploads\/2022\/01\/Kochmatcha-3.jpg\" \/>\n\t<meta property=\"og:image:width\" content=\"800\" \/>\n\t<meta property=\"og:image:height\" content=\"800\" \/>\n\t<meta property=\"og:image:type\" content=\"image\/jpeg\" \/>\n<script type=\"application\/ld+json\" class=\"yoast-schema-graph\">{\"@context\":\"https:\\\/\\\/schema.org\",\"@graph\":[{\"@type\":\"WebPage\",\"@id\":\"https:\\\/\\\/1mal1japan.de\\\/it\\\/produkt\\\/matcha-30-g-polvere-di-te-verde-giapponese-per-te-e-cucina\\\/\",\"url\":\"https:\\\/\\\/1mal1japan.de\\\/it\\\/produkt\\\/matcha-30-g-polvere-di-te-verde-giapponese-per-te-e-cucina\\\/\",\"name\":\"Matcha (30 g) polvere di t\u00e8 verde giapponese, su 1mal1japan\",\"isPartOf\":{\"@id\":\"https:\\\/\\\/1mal1japan.de\\\/it\\\/#website\"},\"primaryImageOfPage\":{\"@id\":\"https:\\\/\\\/1mal1japan.de\\\/it\\\/produkt\\\/matcha-30-g-polvere-di-te-verde-giapponese-per-te-e-cucina\\\/#primaryimage\"},\"image\":{\"@id\":\"https:\\\/\\\/1mal1japan.de\\\/it\\\/produkt\\\/matcha-30-g-polvere-di-te-verde-giapponese-per-te-e-cucina\\\/#primaryimage\"},\"thumbnailUrl\":\"https:\\\/\\\/1mal1japan.de\\\/wp-content\\\/uploads\\\/2022\\\/01\\\/Kochmatcha-3.jpg\",\"datePublished\":\"2022-01-14T12:45:09+00:00\",\"dateModified\":\"2026-04-28T12:08:29+00:00\",\"description\":\"I\u27a1 Matcha \u2714 polvere di t\u00e8 verde giapponese \u2714 da bere, per dolci e cucina \u2714 t\u00e8, latte, dessert, Mochi e Dango \u2714 intenso e aromatico \u2714 consegna veloce!\",\"breadcrumb\":{\"@id\":\"https:\\\/\\\/1mal1japan.de\\\/it\\\/produkt\\\/matcha-30-g-polvere-di-te-verde-giapponese-per-te-e-cucina\\\/#breadcrumb\"},\"inLanguage\":\"it-IT\",\"potentialAction\":[{\"@type\":\"ReadAction\",\"target\":[\"https:\\\/\\\/1mal1japan.de\\\/it\\\/produkt\\\/matcha-30-g-polvere-di-te-verde-giapponese-per-te-e-cucina\\\/\"]}]},{\"@type\":\"ImageObject\",\"inLanguage\":\"it-IT\",\"@id\":\"https:\\\/\\\/1mal1japan.de\\\/it\\\/produkt\\\/matcha-30-g-polvere-di-te-verde-giapponese-per-te-e-cucina\\\/#primaryimage\",\"url\":\"https:\\\/\\\/1mal1japan.de\\\/wp-content\\\/uploads\\\/2022\\\/01\\\/Kochmatcha-3.jpg\",\"contentUrl\":\"https:\\\/\\\/1mal1japan.de\\\/wp-content\\\/uploads\\\/2022\\\/01\\\/Kochmatcha-3.jpg\",\"width\":800,\"height\":800,\"caption\":\"Matcha 30 g \u2013 polvere di t\u00e8 verde giapponese per t\u00e8 e cucina | Otsuka Seicha\"},{\"@type\":\"BreadcrumbList\",\"@id\":\"https:\\\/\\\/1mal1japan.de\\\/it\\\/produkt\\\/matcha-30-g-polvere-di-te-verde-giapponese-per-te-e-cucina\\\/#breadcrumb\",\"itemListElement\":[{\"@type\":\"ListItem\",\"position\":1,\"name\":\"Startseite\",\"item\":\"https:\\\/\\\/1mal1japan.de\\\/it\\\/\"},{\"@type\":\"ListItem\",\"position\":2,\"name\":\"Negozio\",\"item\":\"https:\\\/\\\/1mal1japan.de\\\/it\\\/shop\\\/\"},{\"@type\":\"ListItem\",\"position\":3,\"name\":\"Matcha 30 g (polvere di t\u00e8 verde giapponese, per t\u00e8 e cucina)\"}]},{\"@type\":\"WebSite\",\"@id\":\"https:\\\/\\\/1mal1japan.de\\\/it\\\/#website\",\"url\":\"https:\\\/\\\/1mal1japan.de\\\/it\\\/\",\"name\":\"1mal1japan.de\",\"description\":\"japanisch kochen &amp; einkaufen\",\"publisher\":{\"@id\":\"https:\\\/\\\/1mal1japan.de\\\/it\\\/#\\\/schema\\\/person\\\/3b6eab913fce9065523e927d88b032b0\"},\"potentialAction\":[{\"@type\":\"SearchAction\",\"target\":{\"@type\":\"EntryPoint\",\"urlTemplate\":\"https:\\\/\\\/1mal1japan.de\\\/it\\\/?s={search_term_string}\"},\"query-input\":{\"@type\":\"PropertyValueSpecification\",\"valueRequired\":true,\"valueName\":\"search_term_string\"}}],\"inLanguage\":\"it-IT\"},{\"@type\":[\"Person\",\"Organization\"],\"@id\":\"https:\\\/\\\/1mal1japan.de\\\/it\\\/#\\\/schema\\\/person\\\/3b6eab913fce9065523e927d88b032b0\",\"name\":\"Elisa\",\"image\":{\"@type\":\"ImageObject\",\"inLanguage\":\"it-IT\",\"@id\":\"https:\\\/\\\/1mal1japan.de\\\/wp-content\\\/uploads\\\/2018\\\/09\\\/Profilbild_Elisa.png\",\"url\":\"https:\\\/\\\/1mal1japan.de\\\/wp-content\\\/uploads\\\/2018\\\/09\\\/Profilbild_Elisa.png\",\"contentUrl\":\"https:\\\/\\\/1mal1japan.de\\\/wp-content\\\/uploads\\\/2018\\\/09\\\/Profilbild_Elisa.png\",\"width\":200,\"height\":200,\"caption\":\"Elisa\"},\"logo\":{\"@id\":\"https:\\\/\\\/1mal1japan.de\\\/wp-content\\\/uploads\\\/2018\\\/09\\\/Profilbild_Elisa.png\"}}]}<\/script>\n<meta property=\"product:brand\" content=\"Otsuka Seicha\" \/>\n<meta property=\"product:price:amount\" content=\"8.99\" \/>\n<meta property=\"product:price:currency\" content=\"EUR\" \/>\n<meta property=\"og:availability\" content=\"instock\" \/>\n<meta property=\"product:availability\" content=\"instock\" \/>\n<meta property=\"product:retailer_item_id\" content=\"1112\" \/>\n<meta property=\"product:condition\" content=\"new\" \/>\n<!-- \/ Yoast SEO Premium plugin. -->","yoast_head_json":{"title":"Matcha (30 g) polvere di t\u00e8 verde giapponese, su 1mal1japan","description":"I\u27a1 Matcha \u2714 polvere di t\u00e8 verde giapponese \u2714 da bere, per dolci e cucina \u2714 t\u00e8, latte, dessert, Mochi e Dango \u2714 intenso e aromatico \u2714 consegna veloce!","robots":{"index":"index","follow":"follow","max-snippet":"max-snippet:-1","max-image-preview":"max-image-preview:large","max-video-preview":"max-video-preview:-1"},"canonical":"https:\/\/1mal1japan.de\/it\/produkt\/matcha-30-g-polvere-di-te-verde-giapponese-per-te-e-cucina\/","og_locale":"it_IT","og_type":"article","og_title":"Matcha 30 g (polvere di t\u00e8 verde giapponese, per t\u00e8 e cucina)","og_description":"Polvere di Matcha giapponese per t\u00e8, dessert e pasticceria. Questo Matcha di Otsuka Seicha \u00e8 una polvere di t\u00e8 verde finemente macinata proveniente dal Giappone, dall'aroma intenso e dal colore verde brillante. \u00c8 ideale da bere come Matcha, ma anche per dessert, ricette di pasticceria o bevande creative.","og_url":"https:\/\/1mal1japan.de\/it\/produkt\/matcha-30-g-polvere-di-te-verde-giapponese-per-te-e-cucina\/","og_site_name":"1mal1japan.de","article_modified_time":"2026-04-28T12:08:29+00:00","og_image":[{"width":800,"height":800,"url":"https:\/\/1mal1japan.de\/wp-content\/uploads\/2022\/01\/Kochmatcha-3.jpg","type":"image\/jpeg"}],"schema":{"@context":"https:\/\/schema.org","@graph":[{"@type":"WebPage","@id":"https:\/\/1mal1japan.de\/it\/produkt\/matcha-30-g-polvere-di-te-verde-giapponese-per-te-e-cucina\/","url":"https:\/\/1mal1japan.de\/it\/produkt\/matcha-30-g-polvere-di-te-verde-giapponese-per-te-e-cucina\/","name":"Matcha (30 g) polvere di t\u00e8 verde giapponese, su 1mal1japan","isPartOf":{"@id":"https:\/\/1mal1japan.de\/it\/#website"},"primaryImageOfPage":{"@id":"https:\/\/1mal1japan.de\/it\/produkt\/matcha-30-g-polvere-di-te-verde-giapponese-per-te-e-cucina\/#primaryimage"},"image":{"@id":"https:\/\/1mal1japan.de\/it\/produkt\/matcha-30-g-polvere-di-te-verde-giapponese-per-te-e-cucina\/#primaryimage"},"thumbnailUrl":"https:\/\/1mal1japan.de\/wp-content\/uploads\/2022\/01\/Kochmatcha-3.jpg","datePublished":"2022-01-14T12:45:09+00:00","dateModified":"2026-04-28T12:08:29+00:00","description":"I\u27a1 Matcha \u2714 polvere di t\u00e8 verde giapponese \u2714 da bere, per dolci e cucina \u2714 t\u00e8, latte, dessert, Mochi e Dango \u2714 intenso e aromatico \u2714 consegna veloce!","breadcrumb":{"@id":"https:\/\/1mal1japan.de\/it\/produkt\/matcha-30-g-polvere-di-te-verde-giapponese-per-te-e-cucina\/#breadcrumb"},"inLanguage":"it-IT","potentialAction":[{"@type":"ReadAction","target":["https:\/\/1mal1japan.de\/it\/produkt\/matcha-30-g-polvere-di-te-verde-giapponese-per-te-e-cucina\/"]}]},{"@type":"ImageObject","inLanguage":"it-IT","@id":"https:\/\/1mal1japan.de\/it\/produkt\/matcha-30-g-polvere-di-te-verde-giapponese-per-te-e-cucina\/#primaryimage","url":"https:\/\/1mal1japan.de\/wp-content\/uploads\/2022\/01\/Kochmatcha-3.jpg","contentUrl":"https:\/\/1mal1japan.de\/wp-content\/uploads\/2022\/01\/Kochmatcha-3.jpg","width":800,"height":800,"caption":"Matcha 30 g \u2013 polvere di t\u00e8 verde giapponese per t\u00e8 e cucina | Otsuka Seicha"},{"@type":"BreadcrumbList","@id":"https:\/\/1mal1japan.de\/it\/produkt\/matcha-30-g-polvere-di-te-verde-giapponese-per-te-e-cucina\/#breadcrumb","itemListElement":[{"@type":"ListItem","position":1,"name":"Startseite","item":"https:\/\/1mal1japan.de\/it\/"},{"@type":"ListItem","position":2,"name":"Negozio","item":"https:\/\/1mal1japan.de\/it\/shop\/"},{"@type":"ListItem","position":3,"name":"Matcha 30 g (polvere di t\u00e8 verde giapponese, per t\u00e8 e cucina)"}]},{"@type":"WebSite","@id":"https:\/\/1mal1japan.de\/it\/#website","url":"https:\/\/1mal1japan.de\/it\/","name":"1mal1japan.de","description":"japanisch kochen &amp; einkaufen","publisher":{"@id":"https:\/\/1mal1japan.de\/it\/#\/schema\/person\/3b6eab913fce9065523e927d88b032b0"},"potentialAction":[{"@type":"SearchAction","target":{"@type":"EntryPoint","urlTemplate":"https:\/\/1mal1japan.de\/it\/?s={search_term_string}"},"query-input":{"@type":"PropertyValueSpecification","valueRequired":true,"valueName":"search_term_string"}}],"inLanguage":"it-IT"},{"@type":["Person","Organization"],"@id":"https:\/\/1mal1japan.de\/it\/#\/schema\/person\/3b6eab913fce9065523e927d88b032b0","name":"Elisa","image":{"@type":"ImageObject","inLanguage":"it-IT","@id":"https:\/\/1mal1japan.de\/wp-content\/uploads\/2018\/09\/Profilbild_Elisa.png","url":"https:\/\/1mal1japan.de\/wp-content\/uploads\/2018\/09\/Profilbild_Elisa.png","contentUrl":"https:\/\/1mal1japan.de\/wp-content\/uploads\/2018\/09\/Profilbild_Elisa.png","width":200,"height":200,"caption":"Elisa"},"logo":{"@id":"https:\/\/1mal1japan.de\/wp-content\/uploads\/2018\/09\/Profilbild_Elisa.png"}}]},"product_brand":"Otsuka Seicha","product_price_amount":"8.99","product_price_currency":"EUR","og_availability":"instock","product_availability":"instock","product_retailer_item_id":"1112","product_condition":"new"},"uagb_featured_image_src":{"full":["https:\/\/1mal1japan.de\/wp-content\/uploads\/2022\/01\/Kochmatcha-3.jpg",800,800,false],"thumbnail":["https:\/\/1mal1japan.de\/wp-content\/uploads\/2022\/01\/Kochmatcha-3-150x150.jpg",150,150,true],"medium":["https:\/\/1mal1japan.de\/wp-content\/uploads\/2022\/01\/Kochmatcha-3-300x300.jpg",300,300,true],"medium_large":["https:\/\/1mal1japan.de\/wp-content\/uploads\/2022\/01\/Kochmatcha-3-768x768.jpg",768,768,true],"large":["https:\/\/1mal1japan.de\/wp-content\/uploads\/2022\/01\/Kochmatcha-3.jpg",800,800,false],"1536x1536":["https:\/\/1mal1japan.de\/wp-content\/uploads\/2022\/01\/Kochmatcha-3.jpg",800,800,false],"2048x2048":["https:\/\/1mal1japan.de\/wp-content\/uploads\/2022\/01\/Kochmatcha-3.jpg",800,800,false],"woocommerce_thumbnail":["https:\/\/1mal1japan.de\/wp-content\/uploads\/2022\/01\/Kochmatcha-3-600x600.jpg",600,600,true],"woocommerce_single":["https:\/\/1mal1japan.de\/wp-content\/uploads\/2022\/01\/Kochmatcha-3.jpg",800,800,false],"woocommerce_gallery_thumbnail":["https:\/\/1mal1japan.de\/wp-content\/uploads\/2022\/01\/Kochmatcha-3-100x100.jpg",100,100,true]},"uagb_author_info":{"display_name":"kiwi19901","author_link":"https:\/\/1mal1japan.de\/it\/author\/"},"uagb_comment_info":0,"uagb_excerpt":"Polvere di Matcha giapponese per t\u00e8, dessert e pasticceria. Questo Matcha di Otsuka Seicha \u00e8 una polvere di t\u00e8 verde finemente macinata proveniente dal Giappone, dall'aroma intenso e dal colore verde brillante. \u00c8 ideale da bere come Matcha, ma anche per dessert, ricette di pasticceria o bevande creative.","_links":{"self":[{"href":"https:\/\/1mal1japan.de\/it\/wp-json\/wp\/v2\/product\/64520","targetHints":{"allow":["GET"]}}],"collection":[{"href":"https:\/\/1mal1japan.de\/it\/wp-json\/wp\/v2\/product"}],"about":[{"href":"https:\/\/1mal1japan.de\/it\/wp-json\/wp\/v2\/types\/product"}],"wp:featuredmedia":[{"embeddable":true,"href":"https:\/\/1mal1japan.de\/it\/wp-json\/wp\/v2\/media\/64525"}],"wp:attachment":[{"href":"https:\/\/1mal1japan.de\/it\/wp-json\/wp\/v2\/media?parent=64520"}],"wp:term":[{"taxonomy":"product_brand","embeddable":true,"href":"https:\/\/1mal1japan.de\/it\/wp-json\/wp\/v2\/product_brand?post=64520"},{"taxonomy":"product_cat","embeddable":true,"href":"https:\/\/1mal1japan.de\/it\/wp-json\/wp\/v2\/product_cat?post=64520"},{"taxonomy":"product_tag","embeddable":true,"href":"https:\/\/1mal1japan.de\/it\/wp-json\/wp\/v2\/product_tag?post=64520"}],"curies":[{"name":"wp","href":"https:\/\/api.w.org\/{rel}","templated":true}]}}