{"id":64532,"date":"2021-12-06T20:35:13","date_gmt":"2021-12-06T19:35:13","guid":{"rendered":"https:\/\/1mal1japan.de\/produkt\/kiri-mochi-400-g-tortine-di-riso-mochi-quadrate-essiccate-sato\/"},"modified":"2026-04-28T14:08:36","modified_gmt":"2026-04-28T12:08:36","slug":"kiri-mochi-400-g-tortine-di-riso-mochi-quadrate-essiccate-sato","status":"publish","type":"product","link":"https:\/\/1mal1japan.de\/it\/produkt\/kiri-mochi-400-g-tortine-di-riso-mochi-quadrate-essiccate-sato\/","title":{"rendered":"Kiri Mochi 400 g (tortine di riso Mochi quadrate essiccate), Sato"},"content":{"rendered":"\n<section class=\"wp-block-uagb-section uagb-section__wrap uagb-section__background-color uagb-block-a267a203\"><div class=\"uagb-section__overlay\"><\/div><div class=\"uagb-section__inner-wrap\">\n<p>\u2705 Blocchi di Mochi secchi di forma quadrata<br\/>\u2705 Dolci di riso giapponesi per ricette dolci e salate<br\/>\u2705 Con pratica perforazione per una facile preparazione<br\/>\u2705 Vegani e senza glutine<br\/>\u2705 Origine autentica, direttamente dal Giappone<\/p>\n<\/div><\/section>\n\n<p>Molti conoscono i Mochi come un delizioso dolce giapponese. Ad esempio come gelato al Mochi, daifuku ripieni di pasta di fagioli azuki o colorati spiedini di Dango. <strong>Ma attenzione, i Mochi possono fare molto di pi\u00f9!<\/strong><\/p>\n\n<p>Nella cucina giapponese, i Mochi, ovvero tortine di riso glutinoso pestato, non vengono preparati solo in versione dolce, ma anche in deliziose varianti salate. <strong>L&#8217;ingrediente principale per le ricette salate a base di Mochi \u00e8 il tipico Kiri Mochi giapponese, composto al 100% da farina di riso!<\/strong><\/p>\n\n<p>I kirimochi si ottengono pestando il riso glutinoso fino a ottenere una pasta fine e successivamente pressandola ed essiccandola per darle una forma solida. Vengono consumati tutto l\u2019anno in molte occasioni diverse, ma in particolare nei mesi freddi. Rimarrai sorpreso dalla versatilit\u00e0 dei kirimochi.<\/p>\n\n<p><strong>Di solito i kirimochi vengono grigliati, bolliti o fritti: non possono essere mangiati crudi, ma devono essere riscaldati prima. <\/strong>Il metodo di preparazione pi\u00f9 popolare \u00e8 quello dei kiri mochi alla griglia. In Giappone si usa un semplice tostapane o addirittura il fuoco aperto.<\/p>\n\n<p>In alternativa, per\u00f2, si pu\u00f2 usare anche un forno classico o una padella antiaderente. <strong>All&#8217;esterno i kirimochi diventano croccanti e mi ricordano sempre molto i biscotti di riso giapponesi \u2013 all&#8217;interno si \u00e8 sorpresi da una consistenza morbida e leggermente gommosa.<\/strong><\/p>\n\n<p><em>Suggerimento: i kirimochi hanno solitamente una delicata perforazione. In questo modo, ogni blocco di riso kirimochi pu\u00f2 essere tagliato a met\u00e0 o in quarti con un coltello grande e affilato!<\/em><\/p>\n\n<h2 class=\"wp-block-heading\" id=\"h-das-kannst-du-damit-kochen\">Cosa puoi cucinare con questo:<\/h2>\n\n\t\t\t<div class=\"wp-block-uagb-post-grid uagb-post-grid  uagb-post__image-position-top uagb-post__image-enabled uagb-block-27b66334     uagb-post__items uagb-post__columns-2 is-grid uagb-post__columns-tablet-2 uagb-post__columns-mobile-2 uagb-post__equal-height\" data-total=\"0\" style=\"\">\n\n\t\t\t\t\t\t\t\t\t<p class=\"uagb-post__no-posts\">\n\t\t\t\t\t\tNo post found!\t\t\t\t\t<\/p>\n\t\t\t\t\t\t\t\t<\/div>\n\t\t\t\n<div style=\"height:20px\" aria-hidden=\"true\" class=\"wp-block-spacer\"><\/div>\n\n<h2 class=\"wp-block-heading\" id=\"h-haltbarkeit-und-lagerung\">Conservazione e durata:<\/h2>\n\n<p>Conserva i Kiri Mochi in un luogo asciutto e al riparo dalla luce diretta del sole. Togli dalla confezione solo il numero di Kirimochi necessario!<\/p>\n\n<h2 class=\"wp-block-heading\" id=\"h-deine-vorteile-und-unser-versprechen\">I tuoi vantaggi e la nostra promessa:<\/h2>\n\n<section class=\"wp-block-uagb-section uagb-section__wrap uagb-section__background-color uagb-block-85f7e9d2\"><div class=\"uagb-section__overlay\"><\/div><div class=\"uagb-section__inner-wrap\">\n<p>\u2764\ufe0f <strong>Veloce, semplice e affidabile:<\/strong> I clienti ci adorano! Con 4,9 stelle su 5 su Shopvote &#8211; dai un&#8217;occhiata <a href=\"https:\/\/www.shopvote.de\/bewertung_1mal1japan_de_23342.html\">qui alle recensioni dei nostri clienti<\/a>!<\/p>\n<\/div><\/section>\n\n<div style=\"height:20px\" aria-hidden=\"true\" class=\"wp-block-spacer\"><\/div>\n\n<section class=\"wp-block-uagb-section uagb-section__wrap uagb-section__background-color uagb-block-9e748e26\"><div class=\"uagb-section__overlay\"><\/div><div class=\"uagb-section__inner-wrap\">\n<p>\ud83c\udf31 <strong>Acquisti sostenibili:<\/strong> Spedizioni a impatto zero, imballaggi ecologici, fatture digitali di default.<\/p>\n<\/div><\/section>\n\n<div style=\"height:20px\" aria-hidden=\"true\" class=\"wp-block-spacer\"><\/div>\n\n<section class=\"wp-block-uagb-section uagb-section__wrap uagb-section__background-color uagb-block-11f9fc83\"><div class=\"uagb-section__overlay\"><\/div><div class=\"uagb-section__inner-wrap\">\n<p><strong>\ud83d\udd12 Acquisti al 100% senza rischi:<\/strong> Nessun importo minimo d&#8217;ordine, spedizione gratuita in Germania a partire da 59 \u20ac di spesa + diritto di recesso di 30 giorni con reso gratuito.<\/p>\n<\/div><\/section>\n\n<div style=\"height:20px\" aria-hidden=\"true\" class=\"wp-block-spacer\"><\/div>\n\n<section class=\"wp-block-uagb-section uagb-section__wrap uagb-section__background-color uagb-block-5b55bd83\"><div class=\"uagb-section__overlay\"><\/div><div class=\"uagb-section__inner-wrap\">\n<p>\ud83e\udd62 <strong>I migliori ingredienti per la tua esperienza culinaria e gustativa: <\/strong>Prodotti selezionati a mano che ci convincono personalmente in base a quattro criteri: (1) gusto, (2) autenticit\u00e0, (3) prezzo e (4) disponibilit\u00e0.<\/p>\n<\/div><\/section>\n\n<div style=\"height:20px\" aria-hidden=\"true\" class=\"wp-block-spacer\"><\/div>\n\n<section class=\"wp-block-uagb-section uagb-section__wrap uagb-section__background-color uagb-block-94ed5912\"><div class=\"uagb-section__overlay\"><\/div><div class=\"uagb-section__inner-wrap\">\n<p>\ud83d\udc4d <strong>Approfitta della nostra pluriennale esperienza<\/strong>: 1mal1japan.de esiste gi\u00e0 dal 2016. Da allora abbiamo avuto il piacere di accogliere milioni di visitatori sul nostro blog e nel nostro Shop e di servire oltre 50.000 clienti soddisfatti. Grazie di cuore a tutti i lettori e ai fan!<\/p>\n<\/div><\/section>\n\n<p><\/p>\n","protected":false},"excerpt":{"rendered":"<p>Il Kiri Mochi \u00e8 l&#8217;ingrediente principale per le ricette salate a base di mochi. Viene grigliato, cotto o fritto ed \u00e8 uno degli alimenti pi\u00f9 versatili della cucina giapponese. Ad esempio, come zuppa di mochi o snack aromatico!<\/p>\n","protected":false},"featured_media":64535,"template":"","meta":{"_uag_custom_page_level_css":"","site-sidebar-layout":"default","site-content-layout":"","ast-site-content-layout":"default","site-content-style":"default","site-sidebar-style":"default","ast-global-header-display":"","ast-banner-title-visibility":"","ast-main-header-display":"","ast-hfb-above-header-display":"","ast-hfb-below-header-display":"","ast-hfb-mobile-header-display":"","site-post-title":"","ast-breadcrumbs-content":"","ast-featured-img":"","footer-sml-layout":"","ast-disable-related-posts":"","theme-transparent-header-meta":"","adv-header-id-meta":"","stick-header-meta":"","header-above-stick-meta":"","header-main-stick-meta":"","header-below-stick-meta":"","astra-migrate-meta-layouts":"default","ast-page-background-enabled":"default","ast-page-background-meta":{"desktop":{"background-color":"","background-image":"","background-repeat":"repeat","background-position":"center center","background-size":"auto","background-attachment":"scroll","background-type":"","background-media":"","overlay-type":"","overlay-color":"","overlay-opacity":"","overlay-gradient":""},"tablet":{"background-color":"","background-image":"","background-repeat":"repeat","background-position":"center center","background-size":"auto","background-attachment":"scroll","background-type":"","background-media":"","overlay-type":"","overlay-color":"","overlay-opacity":"","overlay-gradient":""},"mobile":{"background-color":"","background-image":"","background-repeat":"repeat","background-position":"center center","background-size":"auto","background-attachment":"scroll","background-type":"","background-media":"","overlay-type":"","overlay-color":"","overlay-opacity":"","overlay-gradient":""}},"ast-content-background-meta":{"desktop":{"background-color":"var(--ast-global-color-5)","background-image":"","background-repeat":"repeat","background-position":"center center","background-size":"auto","background-attachment":"scroll","background-type":"","background-media":"","overlay-type":"","overlay-color":"","overlay-opacity":"","overlay-gradient":""},"tablet":{"background-color":"var(--ast-global-color-5)","background-image":"","background-repeat":"repeat","background-position":"center center","background-size":"auto","background-attachment":"scroll","background-type":"","background-media":"","overlay-type":"","overlay-color":"","overlay-opacity":"","overlay-gradient":""},"mobile":{"background-color":"var(--ast-global-color-5)","background-image":"","background-repeat":"repeat","background-position":"center center","background-size":"auto","background-attachment":"scroll","background-type":"","background-media":"","overlay-type":"","overlay-color":"","overlay-opacity":"","overlay-gradient":""}}},"product_brand":[],"product_cat":[1558,1597,1899,1557],"product_tag":[1619],"class_list":{"0":"post-64532","1":"product","2":"type-product","3":"status-publish","4":"has-post-thumbnail","6":"product_cat-made-in-japan","7":"product_cat-riso-noodles-e-farina","8":"product_cat-snack-dolciumi-e-dessert","9":"product_cat-tutti-i-prodotti","10":"product_tag-mochi","11":"desktop-align-left","12":"tablet-align-left","13":"mobile-align-left","14":"ast-product-gallery-layout-horizontal-slider","15":"ast-magnify-disabled","16":"ast-product-tabs-layout-horizontal","18":"first","19":"instock","20":"taxable","21":"shipping-taxable","22":"purchasable","23":"product-type-simple"},"yoast_head":"<!-- This site is optimized with the Yoast SEO Premium plugin v27.5 (Yoast SEO v27.5) - https:\/\/yoast.com\/product\/yoast-seo-premium-wordpress\/ -->\n<title>Kiri Mochi (400 g) Tortine di riso Mochi, su 1mal1japan<\/title>\n<meta name=\"description\" content=\"I\u27a1 Acquista Kiri Mochi \u2714 Blocchi di mochi | Kirimochi | Dolci di riso mochi \u2714 Versatili per ricette dolci e salate \u2714 Consegna rapida tramite DHL!\" \/>\n<meta name=\"robots\" content=\"index, follow, max-snippet:-1, max-image-preview:large, max-video-preview:-1\" \/>\n<link rel=\"canonical\" href=\"https:\/\/1mal1japan.de\/it\/produkt\/kiri-mochi-400-g-tortine-di-riso-mochi-quadrate-essiccate-sato\/\" \/>\n<meta property=\"og:locale\" content=\"it_IT\" \/>\n<meta property=\"og:type\" content=\"article\" \/>\n<meta property=\"og:title\" content=\"Kiri Mochi 400 g (tortine di riso Mochi quadrate essiccate), Sato\" \/>\n<meta property=\"og:description\" content=\"Il Kiri Mochi \u00e8 l&#039;ingrediente principale per le ricette salate a base di mochi. Viene grigliato, cotto o fritto ed \u00e8 uno degli alimenti pi\u00f9 versatili della cucina giapponese. Ad esempio, come zuppa di mochi o snack aromatico!\" \/>\n<meta property=\"og:url\" content=\"https:\/\/1mal1japan.de\/it\/produkt\/kiri-mochi-400-g-tortine-di-riso-mochi-quadrate-essiccate-sato\/\" \/>\n<meta property=\"og:site_name\" content=\"1mal1japan.de\" \/>\n<meta property=\"article:modified_time\" content=\"2026-04-28T12:08:36+00:00\" \/>\n<meta property=\"og:image\" content=\"https:\/\/1mal1japan.de\/wp-content\/uploads\/2021\/12\/Kirimochi-1.jpg\" \/>\n\t<meta property=\"og:image:width\" content=\"1200\" \/>\n\t<meta property=\"og:image:height\" content=\"1200\" \/>\n\t<meta property=\"og:image:type\" content=\"image\/jpeg\" \/>\n<script type=\"application\/ld+json\" class=\"yoast-schema-graph\">{\"@context\":\"https:\\\/\\\/schema.org\",\"@graph\":[{\"@type\":\"WebPage\",\"@id\":\"https:\\\/\\\/1mal1japan.de\\\/it\\\/produkt\\\/kiri-mochi-400-g-tortine-di-riso-mochi-quadrate-essiccate-sato\\\/\",\"url\":\"https:\\\/\\\/1mal1japan.de\\\/it\\\/produkt\\\/kiri-mochi-400-g-tortine-di-riso-mochi-quadrate-essiccate-sato\\\/\",\"name\":\"Kiri Mochi (400 g) Tortine di riso Mochi, su 1mal1japan\",\"isPartOf\":{\"@id\":\"https:\\\/\\\/1mal1japan.de\\\/it\\\/#website\"},\"primaryImageOfPage\":{\"@id\":\"https:\\\/\\\/1mal1japan.de\\\/it\\\/produkt\\\/kiri-mochi-400-g-tortine-di-riso-mochi-quadrate-essiccate-sato\\\/#primaryimage\"},\"image\":{\"@id\":\"https:\\\/\\\/1mal1japan.de\\\/it\\\/produkt\\\/kiri-mochi-400-g-tortine-di-riso-mochi-quadrate-essiccate-sato\\\/#primaryimage\"},\"thumbnailUrl\":\"https:\\\/\\\/1mal1japan.de\\\/wp-content\\\/uploads\\\/2021\\\/12\\\/Kirimochi-1.jpg\",\"datePublished\":\"2021-12-06T19:35:13+00:00\",\"dateModified\":\"2026-04-28T12:08:36+00:00\",\"description\":\"I\u27a1 Acquista Kiri Mochi \u2714 Blocchi di mochi | Kirimochi | Dolci di riso mochi \u2714 Versatili per ricette dolci e salate \u2714 Consegna rapida tramite DHL!\",\"breadcrumb\":{\"@id\":\"https:\\\/\\\/1mal1japan.de\\\/it\\\/produkt\\\/kiri-mochi-400-g-tortine-di-riso-mochi-quadrate-essiccate-sato\\\/#breadcrumb\"},\"inLanguage\":\"it-IT\",\"potentialAction\":[{\"@type\":\"ReadAction\",\"target\":[\"https:\\\/\\\/1mal1japan.de\\\/it\\\/produkt\\\/kiri-mochi-400-g-tortine-di-riso-mochi-quadrate-essiccate-sato\\\/\"]}]},{\"@type\":\"ImageObject\",\"inLanguage\":\"it-IT\",\"@id\":\"https:\\\/\\\/1mal1japan.de\\\/it\\\/produkt\\\/kiri-mochi-400-g-tortine-di-riso-mochi-quadrate-essiccate-sato\\\/#primaryimage\",\"url\":\"https:\\\/\\\/1mal1japan.de\\\/wp-content\\\/uploads\\\/2021\\\/12\\\/Kirimochi-1.jpg\",\"contentUrl\":\"https:\\\/\\\/1mal1japan.de\\\/wp-content\\\/uploads\\\/2021\\\/12\\\/Kirimochi-1.jpg\",\"width\":1200,\"height\":1200,\"caption\":\"Kirimochi (10 pezzi di tortine di riso quadrate, essiccate) 400 g, SATO\"},{\"@type\":\"BreadcrumbList\",\"@id\":\"https:\\\/\\\/1mal1japan.de\\\/it\\\/produkt\\\/kiri-mochi-400-g-tortine-di-riso-mochi-quadrate-essiccate-sato\\\/#breadcrumb\",\"itemListElement\":[{\"@type\":\"ListItem\",\"position\":1,\"name\":\"Startseite\",\"item\":\"https:\\\/\\\/1mal1japan.de\\\/it\\\/\"},{\"@type\":\"ListItem\",\"position\":2,\"name\":\"Negozio\",\"item\":\"https:\\\/\\\/1mal1japan.de\\\/it\\\/shop\\\/\"},{\"@type\":\"ListItem\",\"position\":3,\"name\":\"Kiri Mochi 400 g (tortine di riso Mochi quadrate essiccate), Sato\"}]},{\"@type\":\"WebSite\",\"@id\":\"https:\\\/\\\/1mal1japan.de\\\/it\\\/#website\",\"url\":\"https:\\\/\\\/1mal1japan.de\\\/it\\\/\",\"name\":\"1mal1japan.de\",\"description\":\"japanisch kochen &amp; einkaufen\",\"publisher\":{\"@id\":\"https:\\\/\\\/1mal1japan.de\\\/it\\\/#\\\/schema\\\/person\\\/3b6eab913fce9065523e927d88b032b0\"},\"potentialAction\":[{\"@type\":\"SearchAction\",\"target\":{\"@type\":\"EntryPoint\",\"urlTemplate\":\"https:\\\/\\\/1mal1japan.de\\\/it\\\/?s={search_term_string}\"},\"query-input\":{\"@type\":\"PropertyValueSpecification\",\"valueRequired\":true,\"valueName\":\"search_term_string\"}}],\"inLanguage\":\"it-IT\"},{\"@type\":[\"Person\",\"Organization\"],\"@id\":\"https:\\\/\\\/1mal1japan.de\\\/it\\\/#\\\/schema\\\/person\\\/3b6eab913fce9065523e927d88b032b0\",\"name\":\"Elisa\",\"image\":{\"@type\":\"ImageObject\",\"inLanguage\":\"it-IT\",\"@id\":\"https:\\\/\\\/1mal1japan.de\\\/wp-content\\\/uploads\\\/2018\\\/09\\\/Profilbild_Elisa.png\",\"url\":\"https:\\\/\\\/1mal1japan.de\\\/wp-content\\\/uploads\\\/2018\\\/09\\\/Profilbild_Elisa.png\",\"contentUrl\":\"https:\\\/\\\/1mal1japan.de\\\/wp-content\\\/uploads\\\/2018\\\/09\\\/Profilbild_Elisa.png\",\"width\":200,\"height\":200,\"caption\":\"Elisa\"},\"logo\":{\"@id\":\"https:\\\/\\\/1mal1japan.de\\\/wp-content\\\/uploads\\\/2018\\\/09\\\/Profilbild_Elisa.png\"}}]}<\/script>\n<meta property=\"product:brand\" content=\"Sato\" \/>\n<meta property=\"product:price:amount\" content=\"11.99\" \/>\n<meta property=\"product:price:currency\" content=\"EUR\" \/>\n<meta property=\"og:availability\" content=\"instock\" \/>\n<meta property=\"product:availability\" content=\"instock\" \/>\n<meta property=\"product:retailer_item_id\" content=\"1111\" \/>\n<meta property=\"product:condition\" content=\"new\" \/>\n<!-- \/ Yoast SEO Premium plugin. -->","yoast_head_json":{"title":"Kiri Mochi (400 g) Tortine di riso Mochi, su 1mal1japan","description":"I\u27a1 Acquista Kiri Mochi \u2714 Blocchi di mochi | Kirimochi | Dolci di riso mochi \u2714 Versatili per ricette dolci e salate \u2714 Consegna rapida tramite DHL!","robots":{"index":"index","follow":"follow","max-snippet":"max-snippet:-1","max-image-preview":"max-image-preview:large","max-video-preview":"max-video-preview:-1"},"canonical":"https:\/\/1mal1japan.de\/it\/produkt\/kiri-mochi-400-g-tortine-di-riso-mochi-quadrate-essiccate-sato\/","og_locale":"it_IT","og_type":"article","og_title":"Kiri Mochi 400 g (tortine di riso Mochi quadrate essiccate), Sato","og_description":"Il Kiri Mochi \u00e8 l'ingrediente principale per le ricette salate a base di mochi. Viene grigliato, cotto o fritto ed \u00e8 uno degli alimenti pi\u00f9 versatili della cucina giapponese. Ad esempio, come zuppa di mochi o snack aromatico!","og_url":"https:\/\/1mal1japan.de\/it\/produkt\/kiri-mochi-400-g-tortine-di-riso-mochi-quadrate-essiccate-sato\/","og_site_name":"1mal1japan.de","article_modified_time":"2026-04-28T12:08:36+00:00","og_image":[{"width":1200,"height":1200,"url":"https:\/\/1mal1japan.de\/wp-content\/uploads\/2021\/12\/Kirimochi-1.jpg","type":"image\/jpeg"}],"schema":{"@context":"https:\/\/schema.org","@graph":[{"@type":"WebPage","@id":"https:\/\/1mal1japan.de\/it\/produkt\/kiri-mochi-400-g-tortine-di-riso-mochi-quadrate-essiccate-sato\/","url":"https:\/\/1mal1japan.de\/it\/produkt\/kiri-mochi-400-g-tortine-di-riso-mochi-quadrate-essiccate-sato\/","name":"Kiri Mochi (400 g) Tortine di riso Mochi, su 1mal1japan","isPartOf":{"@id":"https:\/\/1mal1japan.de\/it\/#website"},"primaryImageOfPage":{"@id":"https:\/\/1mal1japan.de\/it\/produkt\/kiri-mochi-400-g-tortine-di-riso-mochi-quadrate-essiccate-sato\/#primaryimage"},"image":{"@id":"https:\/\/1mal1japan.de\/it\/produkt\/kiri-mochi-400-g-tortine-di-riso-mochi-quadrate-essiccate-sato\/#primaryimage"},"thumbnailUrl":"https:\/\/1mal1japan.de\/wp-content\/uploads\/2021\/12\/Kirimochi-1.jpg","datePublished":"2021-12-06T19:35:13+00:00","dateModified":"2026-04-28T12:08:36+00:00","description":"I\u27a1 Acquista Kiri Mochi \u2714 Blocchi di mochi | Kirimochi | Dolci di riso mochi \u2714 Versatili per ricette dolci e salate \u2714 Consegna rapida tramite DHL!","breadcrumb":{"@id":"https:\/\/1mal1japan.de\/it\/produkt\/kiri-mochi-400-g-tortine-di-riso-mochi-quadrate-essiccate-sato\/#breadcrumb"},"inLanguage":"it-IT","potentialAction":[{"@type":"ReadAction","target":["https:\/\/1mal1japan.de\/it\/produkt\/kiri-mochi-400-g-tortine-di-riso-mochi-quadrate-essiccate-sato\/"]}]},{"@type":"ImageObject","inLanguage":"it-IT","@id":"https:\/\/1mal1japan.de\/it\/produkt\/kiri-mochi-400-g-tortine-di-riso-mochi-quadrate-essiccate-sato\/#primaryimage","url":"https:\/\/1mal1japan.de\/wp-content\/uploads\/2021\/12\/Kirimochi-1.jpg","contentUrl":"https:\/\/1mal1japan.de\/wp-content\/uploads\/2021\/12\/Kirimochi-1.jpg","width":1200,"height":1200,"caption":"Kirimochi (10 pezzi di tortine di riso quadrate, essiccate) 400 g, SATO"},{"@type":"BreadcrumbList","@id":"https:\/\/1mal1japan.de\/it\/produkt\/kiri-mochi-400-g-tortine-di-riso-mochi-quadrate-essiccate-sato\/#breadcrumb","itemListElement":[{"@type":"ListItem","position":1,"name":"Startseite","item":"https:\/\/1mal1japan.de\/it\/"},{"@type":"ListItem","position":2,"name":"Negozio","item":"https:\/\/1mal1japan.de\/it\/shop\/"},{"@type":"ListItem","position":3,"name":"Kiri Mochi 400 g (tortine di riso Mochi quadrate essiccate), Sato"}]},{"@type":"WebSite","@id":"https:\/\/1mal1japan.de\/it\/#website","url":"https:\/\/1mal1japan.de\/it\/","name":"1mal1japan.de","description":"japanisch kochen &amp; einkaufen","publisher":{"@id":"https:\/\/1mal1japan.de\/it\/#\/schema\/person\/3b6eab913fce9065523e927d88b032b0"},"potentialAction":[{"@type":"SearchAction","target":{"@type":"EntryPoint","urlTemplate":"https:\/\/1mal1japan.de\/it\/?s={search_term_string}"},"query-input":{"@type":"PropertyValueSpecification","valueRequired":true,"valueName":"search_term_string"}}],"inLanguage":"it-IT"},{"@type":["Person","Organization"],"@id":"https:\/\/1mal1japan.de\/it\/#\/schema\/person\/3b6eab913fce9065523e927d88b032b0","name":"Elisa","image":{"@type":"ImageObject","inLanguage":"it-IT","@id":"https:\/\/1mal1japan.de\/wp-content\/uploads\/2018\/09\/Profilbild_Elisa.png","url":"https:\/\/1mal1japan.de\/wp-content\/uploads\/2018\/09\/Profilbild_Elisa.png","contentUrl":"https:\/\/1mal1japan.de\/wp-content\/uploads\/2018\/09\/Profilbild_Elisa.png","width":200,"height":200,"caption":"Elisa"},"logo":{"@id":"https:\/\/1mal1japan.de\/wp-content\/uploads\/2018\/09\/Profilbild_Elisa.png"}}]},"product_brand":"Sato","product_price_amount":"11.99","product_price_currency":"EUR","og_availability":"instock","product_availability":"instock","product_retailer_item_id":"1111","product_condition":"new"},"uagb_featured_image_src":{"full":["https:\/\/1mal1japan.de\/wp-content\/uploads\/2021\/12\/Kirimochi-1.jpg",1200,1200,false],"thumbnail":["https:\/\/1mal1japan.de\/wp-content\/uploads\/2021\/12\/Kirimochi-1-150x150.jpg",150,150,true],"medium":["https:\/\/1mal1japan.de\/wp-content\/uploads\/2021\/12\/Kirimochi-1-300x300.jpg",300,300,true],"medium_large":["https:\/\/1mal1japan.de\/wp-content\/uploads\/2021\/12\/Kirimochi-1-768x768.jpg",768,768,true],"large":["https:\/\/1mal1japan.de\/wp-content\/uploads\/2021\/12\/Kirimochi-1-1024x1024.jpg",1024,1024,true],"1536x1536":["https:\/\/1mal1japan.de\/wp-content\/uploads\/2021\/12\/Kirimochi-1.jpg",1200,1200,false],"2048x2048":["https:\/\/1mal1japan.de\/wp-content\/uploads\/2021\/12\/Kirimochi-1.jpg",1200,1200,false],"woocommerce_thumbnail":["https:\/\/1mal1japan.de\/wp-content\/uploads\/2021\/12\/Kirimochi-1-600x600.jpg",600,600,true],"woocommerce_single":["https:\/\/1mal1japan.de\/wp-content\/uploads\/2021\/12\/Kirimochi-1.jpg",1200,1200,false],"woocommerce_gallery_thumbnail":["https:\/\/1mal1japan.de\/wp-content\/uploads\/2021\/12\/Kirimochi-1-100x100.jpg",100,100,true]},"uagb_author_info":{"display_name":"kiwi19901","author_link":"https:\/\/1mal1japan.de\/it\/author\/"},"uagb_comment_info":0,"uagb_excerpt":"Il Kiri Mochi \u00e8 l'ingrediente principale per le ricette salate a base di mochi. Viene grigliato, cotto o fritto ed \u00e8 uno degli alimenti pi\u00f9 versatili della cucina giapponese. Ad esempio, come zuppa di mochi o snack aromatico!","_links":{"self":[{"href":"https:\/\/1mal1japan.de\/it\/wp-json\/wp\/v2\/product\/64532","targetHints":{"allow":["GET"]}}],"collection":[{"href":"https:\/\/1mal1japan.de\/it\/wp-json\/wp\/v2\/product"}],"about":[{"href":"https:\/\/1mal1japan.de\/it\/wp-json\/wp\/v2\/types\/product"}],"wp:featuredmedia":[{"embeddable":true,"href":"https:\/\/1mal1japan.de\/it\/wp-json\/wp\/v2\/media\/64535"}],"wp:attachment":[{"href":"https:\/\/1mal1japan.de\/it\/wp-json\/wp\/v2\/media?parent=64532"}],"wp:term":[{"taxonomy":"product_brand","embeddable":true,"href":"https:\/\/1mal1japan.de\/it\/wp-json\/wp\/v2\/product_brand?post=64532"},{"taxonomy":"product_cat","embeddable":true,"href":"https:\/\/1mal1japan.de\/it\/wp-json\/wp\/v2\/product_cat?post=64532"},{"taxonomy":"product_tag","embeddable":true,"href":"https:\/\/1mal1japan.de\/it\/wp-json\/wp\/v2\/product_tag?post=64532"}],"curies":[{"name":"wp","href":"https:\/\/api.w.org\/{rel}","templated":true}]}}