{"id":64593,"date":"2023-01-26T14:21:22","date_gmt":"2023-01-26T13:21:22","guid":{"rendered":"https:\/\/1mal1japan.de\/produkt\/inserto-per-cottura-a-vapore-colino-pieghevole-per-pentole-in-acciaio-inossidabile-ad-es-per-impasto-mochi\/"},"modified":"2026-04-28T14:13:04","modified_gmt":"2026-04-28T12:13:04","slug":"inserto-per-cottura-a-vapore-colino-pieghevole-per-pentole-in-acciaio-inossidabile-ad-es-per-impasto-mochi","status":"publish","type":"product","link":"https:\/\/1mal1japan.de\/it\/produkt\/inserto-per-cottura-a-vapore-colino-pieghevole-per-pentole-in-acciaio-inossidabile-ad-es-per-impasto-mochi\/","title":{"rendered":"Inserto per cottura a vapore (colino pieghevole per pentole in acciaio inossidabile, ad es. per impasto Mochi)"},"content":{"rendered":"\n<section class=\"wp-block-uagb-section uagb-section__wrap uagb-section__background-color uagb-block-8b6ee948\"><div class=\"uagb-section__overlay\"><\/div><div class=\"uagb-section__inner-wrap\">\n<p>\u2705 Colino pieghevole e versatile per pentole<br\/>\u2705 Ideale per preparare l&#8217;impasto dei Mochi<br\/>\u2705 Adatto anche per cuocere delicatamente le verdure al vapore<br\/> \u2705 un must in ogni casa tipicamente giapponese<br\/>\u2705 resistente al calore e lavabile in lavastoviglie<\/p>\n<\/div><\/section>\n\n<p><strong>Quando si parla di dolci tradizionali giapponesi, il Mochi \u00e8 sicuramente sempre l&#8217;opzione migliore, perch\u00e9 i Mochi sono di gran lunga il dolce giapponese pi\u00f9 popolare! <\/strong><\/p>\n\n<p>I Mochi sono fatti in modo che l&#8217;involucro sia costituito da un sottile strato di pasta di farina di riso glutinoso e che all&#8217;interno si nasconda un ripieno delizioso e dal sapore intenso, ad esempio una pasta dolce di fagioli rossi adzuki o persino fragole intere.<\/p>\n\n<p>I dolci giapponesi di riso glutinoso si preparano cuocendo al vapore il riso glutinoso a chicco corto macinato in farina. Per la cottura dell&#8217;impasto dei Mochi esistono metodi molto diversi. Il mio metodo preferito \u00e8 cuocere l&#8217;impasto dei Mochi utilizzando un classico cestello per la cottura a vapore in una pentola.<\/p>\n\n<p><strong>E per questo, ovviamente, ti serve un cestello per la cottura a vapore! Come puoi vedere anche nelle mie ricette, uso sempre questo cestello pieghevole per pentole in acciaio inossidabile.<\/strong><\/p>\n\n<p class=\"has-background\" style=\"background-color:#ffdddd\"><em><strong>Suggerimento: <\/strong>Il manico al centro \u00e8 svitabile!<\/em><\/p>\n\n<p>Per cuocere l&#8217;impasto dei tortini di riso nella pentola, metti la ciotola con l&#8217;impasto nel cestello per la cottura a vapore. Avvolgi il coperchio della pentola con un canovaccio da cucina, in modo che la condensa non goccioli sull&#8217;impasto, e cuoci l&#8217;impasto dei mochi a vapore per 15 minuti. A met\u00e0 cottura, mescola l&#8217;impasto una volta con un cucchiaio leggermente umido \u2013 e voil\u00e0!<\/p>\n\n<p><em>Semplicemente un aiutante in cucina perfetto, non solo per l&#8217;impasto del moch, ma anche per cuocere al vapore le verdure<\/em>.<\/p>\n\n<h2 class=\"wp-block-heading\" id=\"h-produktdetails\">Dettagli del prodotto:<\/h2>\n\n<figure class=\"wp-block-table is-style-stripes\" style=\"font-size:16px\"><table style=\"border-style:none;border-width:0px\"><tbody><tr><td><em>Materiale:<\/em><\/td><td>Acciaio inossidabile<\/td><\/tr><tr><td><em>Dimensioni:<\/em><\/td><td>\u2300 25 cm<\/td><\/tr><\/tbody><\/table><\/figure>\n\n<h2 class=\"wp-block-heading\" id=\"h-das-kannst-du-damit-zubereiten\">Ecco cosa puoi preparare con questo:<\/h2>\n\n<p><strong>Vuoi preparare piatti giapponesi con questo colino? <\/strong>Allora non perderti le nostre ricette pi\u00f9 popolari:<\/p>\n\n\t\t\t<div class=\"wp-block-uagb-post-grid uagb-post-grid  uagb-post__image-position-top uagb-post__image-enabled uagb-block-27b66334     uagb-post__items uagb-post__columns-2 is-grid uagb-post__columns-tablet-2 uagb-post__columns-mobile-2 uagb-post__equal-height\" data-total=\"0\" style=\"\">\n\n\t\t\t\t\t\t\t\t\t<p class=\"uagb-post__no-posts\">\n\t\t\t\t\t\tNo post found!\t\t\t\t\t<\/p>\n\t\t\t\t\t\t\t\t<\/div>\n\t\t\t\n<div style=\"height:20px\" aria-hidden=\"true\" class=\"wp-block-spacer\"><\/div>\n\n<h2 class=\"wp-block-heading\" id=\"h-deine-vorteile-und-unser-versprechen\">I tuoi vantaggi e la nostra promessa:<\/h2>\n\n<section class=\"wp-block-uagb-section uagb-section__wrap uagb-section__background-color uagb-block-85f7e9d2\"><div class=\"uagb-section__overlay\"><\/div><div class=\"uagb-section__inner-wrap\">\n<p>\u2764\ufe0f <strong>Veloce, semplice e affidabile:<\/strong> I clienti ci adorano! Con 4,9 stelle su 5 su Shopvote &#8211; dai un&#8217;occhiata <a href=\"https:\/\/www.shopvote.de\/bewertung_1mal1japan_de_23342.html\">qui alle recensioni dei nostri clienti<\/a>!<\/p>\n<\/div><\/section>\n\n<div style=\"height:20px\" aria-hidden=\"true\" class=\"wp-block-spacer\"><\/div>\n\n<section class=\"wp-block-uagb-section uagb-section__wrap uagb-section__background-color uagb-block-9e748e26\"><div class=\"uagb-section__overlay\"><\/div><div class=\"uagb-section__inner-wrap\">\n<p>\ud83c\udf31 <strong>Acquisti sostenibili:<\/strong> Spedizioni a impatto zero, imballaggi ecologici, fatture digitali di default.<\/p>\n<\/div><\/section>\n\n<div style=\"height:20px\" aria-hidden=\"true\" class=\"wp-block-spacer\"><\/div>\n\n<section class=\"wp-block-uagb-section uagb-section__wrap uagb-section__background-color uagb-block-11f9fc83\"><div class=\"uagb-section__overlay\"><\/div><div class=\"uagb-section__inner-wrap\">\n<p><strong>\ud83d\udd12 Acquisti al 100% senza rischi:<\/strong> Nessun importo minimo d&#8217;ordine, spedizione gratuita in Germania a partire da 59 \u20ac di spesa + diritto di recesso di 30 giorni con reso gratuito.<\/p>\n<\/div><\/section>\n\n<div style=\"height:20px\" aria-hidden=\"true\" class=\"wp-block-spacer\"><\/div>\n\n<section class=\"wp-block-uagb-section uagb-section__wrap uagb-section__background-color uagb-block-5b55bd83\"><div class=\"uagb-section__overlay\"><\/div><div class=\"uagb-section__inner-wrap\">\n<p>\ud83e\udd62 <strong>I migliori ingredienti per la tua esperienza culinaria e gustativa: <\/strong>Prodotti selezionati a mano che ci convincono personalmente in base a quattro criteri: (1) gusto, (2) autenticit\u00e0, (3) prezzo e (4) disponibilit\u00e0.<\/p>\n<\/div><\/section>\n\n<div style=\"height:20px\" aria-hidden=\"true\" class=\"wp-block-spacer\"><\/div>\n\n<section class=\"wp-block-uagb-section uagb-section__wrap uagb-section__background-color uagb-block-94ed5912\"><div class=\"uagb-section__overlay\"><\/div><div class=\"uagb-section__inner-wrap\">\n<p>\ud83d\udc4d <strong>Approfitta della nostra pluriennale esperienza<\/strong>: 1mal1japan.de esiste gi\u00e0 dal 2016. Da allora abbiamo avuto il piacere di accogliere milioni di visitatori sul nostro blog e nel nostro Shop e di servire oltre 50.000 clienti soddisfatti. Grazie di cuore a tutti i lettori e ai fan!<\/p>\n<\/div><\/section>\n","protected":false},"excerpt":{"rendered":"<p>Un cestello di cottura pieghevole e versatile per pentole, ideale per la preparazione dell&#8217;impasto per Mochi. Ma viene utilizzato volentieri anche per la cottura a vapore delicata delle verdure. \u00c8 resistente al calore e lavabile in lavastoviglie.<\/p>\n","protected":false},"featured_media":64594,"template":"","meta":{"_uag_custom_page_level_css":"","site-sidebar-layout":"default","site-content-layout":"","ast-site-content-layout":"default","site-content-style":"default","site-sidebar-style":"default","ast-global-header-display":"","ast-banner-title-visibility":"","ast-main-header-display":"","ast-hfb-above-header-display":"","ast-hfb-below-header-display":"","ast-hfb-mobile-header-display":"","site-post-title":"","ast-breadcrumbs-content":"","ast-featured-img":"","footer-sml-layout":"","ast-disable-related-posts":"","theme-transparent-header-meta":"","adv-header-id-meta":"","stick-header-meta":"","header-above-stick-meta":"","header-main-stick-meta":"","header-below-stick-meta":"","astra-migrate-meta-layouts":"default","ast-page-background-enabled":"default","ast-page-background-meta":{"desktop":{"background-color":"","background-image":"","background-repeat":"repeat","background-position":"center center","background-size":"auto","background-attachment":"scroll","background-type":"","background-media":"","overlay-type":"","overlay-color":"","overlay-opacity":"","overlay-gradient":""},"tablet":{"background-color":"","background-image":"","background-repeat":"repeat","background-position":"center center","background-size":"auto","background-attachment":"scroll","background-type":"","background-media":"","overlay-type":"","overlay-color":"","overlay-opacity":"","overlay-gradient":""},"mobile":{"background-color":"","background-image":"","background-repeat":"repeat","background-position":"center center","background-size":"auto","background-attachment":"scroll","background-type":"","background-media":"","overlay-type":"","overlay-color":"","overlay-opacity":"","overlay-gradient":""}},"ast-content-background-meta":{"desktop":{"background-color":"var(--ast-global-color-5)","background-image":"","background-repeat":"repeat","background-position":"center center","background-size":"auto","background-attachment":"scroll","background-type":"","background-media":"","overlay-type":"","overlay-color":"","overlay-opacity":"","overlay-gradient":""},"tablet":{"background-color":"var(--ast-global-color-5)","background-image":"","background-repeat":"repeat","background-position":"center center","background-size":"auto","background-attachment":"scroll","background-type":"","background-media":"","overlay-type":"","overlay-color":"","overlay-opacity":"","overlay-gradient":""},"mobile":{"background-color":"var(--ast-global-color-5)","background-image":"","background-repeat":"repeat","background-position":"center center","background-size":"auto","background-attachment":"scroll","background-type":"","background-media":"","overlay-type":"","overlay-color":"","overlay-opacity":"","overlay-gradient":""}}},"product_brand":[],"product_cat":[1557,1624],"product_tag":[1619],"class_list":{"0":"post-64593","1":"product","2":"type-product","3":"status-publish","4":"has-post-thumbnail","6":"product_cat-tutti-i-prodotti","7":"product_cat-utensilien-zubehoer","8":"product_tag-mochi","9":"desktop-align-left","10":"tablet-align-left","11":"mobile-align-left","12":"ast-product-gallery-layout-horizontal-slider","13":"ast-magnify-disabled","14":"ast-product-tabs-layout-horizontal","16":"first","17":"instock","18":"taxable","19":"shipping-taxable","20":"purchasable","21":"product-type-simple"},"yoast_head":"<!-- This site is optimized with the Yoast SEO Premium plugin v27.5 (Yoast SEO v27.5) - https:\/\/yoast.com\/product\/yoast-seo-premium-wordpress\/ -->\n<title>Inserto per cottura a vapore (pieghevole, ad es. per impasto Mochi) 1mal1japan<\/title>\n<meta name=\"description\" content=\"I\u27a1 Acquista il cestello per cottura a vapore \u2714 Utensile da cucina per impasto Mochi \u2714 Versatile, pieghevole e resistente al calore \u2714 Per la cottura a vapore \u2714 Consegna rapida!\" \/>\n<meta name=\"robots\" content=\"index, follow, max-snippet:-1, max-image-preview:large, max-video-preview:-1\" \/>\n<link rel=\"canonical\" href=\"https:\/\/1mal1japan.de\/it\/produkt\/inserto-per-cottura-a-vapore-colino-pieghevole-per-pentole-in-acciaio-inossidabile-ad-es-per-impasto-mochi\/\" \/>\n<meta property=\"og:locale\" content=\"it_IT\" \/>\n<meta property=\"og:type\" content=\"article\" \/>\n<meta property=\"og:title\" content=\"Inserto per cottura a vapore (colino pieghevole per pentole in acciaio inossidabile, ad es. per impasto Mochi)\" \/>\n<meta property=\"og:description\" content=\"Un cestello di cottura pieghevole e versatile per pentole, ideale per la preparazione dell&#039;impasto per Mochi. Ma viene utilizzato volentieri anche per la cottura a vapore delicata delle verdure. \u00c8 resistente al calore e lavabile in lavastoviglie.\" \/>\n<meta property=\"og:url\" content=\"https:\/\/1mal1japan.de\/it\/produkt\/inserto-per-cottura-a-vapore-colino-pieghevole-per-pentole-in-acciaio-inossidabile-ad-es-per-impasto-mochi\/\" \/>\n<meta property=\"og:site_name\" content=\"1mal1japan.de\" \/>\n<meta property=\"article:modified_time\" content=\"2026-04-28T12:13:04+00:00\" \/>\n<meta property=\"og:image\" content=\"https:\/\/1mal1japan.de\/wp-content\/uploads\/2023\/01\/Daempfkorb_1.jpg\" \/>\n\t<meta property=\"og:image:width\" content=\"800\" \/>\n\t<meta property=\"og:image:height\" content=\"800\" \/>\n\t<meta property=\"og:image:type\" content=\"image\/jpeg\" \/>\n<script type=\"application\/ld+json\" class=\"yoast-schema-graph\">{\"@context\":\"https:\\\/\\\/schema.org\",\"@graph\":[{\"@type\":\"WebPage\",\"@id\":\"https:\\\/\\\/1mal1japan.de\\\/it\\\/produkt\\\/inserto-per-cottura-a-vapore-colino-pieghevole-per-pentole-in-acciaio-inossidabile-ad-es-per-impasto-mochi\\\/\",\"url\":\"https:\\\/\\\/1mal1japan.de\\\/it\\\/produkt\\\/inserto-per-cottura-a-vapore-colino-pieghevole-per-pentole-in-acciaio-inossidabile-ad-es-per-impasto-mochi\\\/\",\"name\":\"Inserto per cottura a vapore (pieghevole, ad es. per impasto Mochi) 1mal1japan\",\"isPartOf\":{\"@id\":\"https:\\\/\\\/1mal1japan.de\\\/it\\\/#website\"},\"primaryImageOfPage\":{\"@id\":\"https:\\\/\\\/1mal1japan.de\\\/it\\\/produkt\\\/inserto-per-cottura-a-vapore-colino-pieghevole-per-pentole-in-acciaio-inossidabile-ad-es-per-impasto-mochi\\\/#primaryimage\"},\"image\":{\"@id\":\"https:\\\/\\\/1mal1japan.de\\\/it\\\/produkt\\\/inserto-per-cottura-a-vapore-colino-pieghevole-per-pentole-in-acciaio-inossidabile-ad-es-per-impasto-mochi\\\/#primaryimage\"},\"thumbnailUrl\":\"https:\\\/\\\/1mal1japan.de\\\/wp-content\\\/uploads\\\/2023\\\/01\\\/Daempfkorb_1.jpg\",\"datePublished\":\"2023-01-26T13:21:22+00:00\",\"dateModified\":\"2026-04-28T12:13:04+00:00\",\"description\":\"I\u27a1 Acquista il cestello per cottura a vapore \u2714 Utensile da cucina per impasto Mochi \u2714 Versatile, pieghevole e resistente al calore \u2714 Per la cottura a vapore \u2714 Consegna rapida!\",\"breadcrumb\":{\"@id\":\"https:\\\/\\\/1mal1japan.de\\\/it\\\/produkt\\\/inserto-per-cottura-a-vapore-colino-pieghevole-per-pentole-in-acciaio-inossidabile-ad-es-per-impasto-mochi\\\/#breadcrumb\"},\"inLanguage\":\"it-IT\",\"potentialAction\":[{\"@type\":\"ReadAction\",\"target\":[\"https:\\\/\\\/1mal1japan.de\\\/it\\\/produkt\\\/inserto-per-cottura-a-vapore-colino-pieghevole-per-pentole-in-acciaio-inossidabile-ad-es-per-impasto-mochi\\\/\"]}]},{\"@type\":\"ImageObject\",\"inLanguage\":\"it-IT\",\"@id\":\"https:\\\/\\\/1mal1japan.de\\\/it\\\/produkt\\\/inserto-per-cottura-a-vapore-colino-pieghevole-per-pentole-in-acciaio-inossidabile-ad-es-per-impasto-mochi\\\/#primaryimage\",\"url\":\"https:\\\/\\\/1mal1japan.de\\\/wp-content\\\/uploads\\\/2023\\\/01\\\/Daempfkorb_1.jpg\",\"contentUrl\":\"https:\\\/\\\/1mal1japan.de\\\/wp-content\\\/uploads\\\/2023\\\/01\\\/Daempfkorb_1.jpg\",\"width\":800,\"height\":800,\"caption\":\"Inserto per cottura a vapore\"},{\"@type\":\"BreadcrumbList\",\"@id\":\"https:\\\/\\\/1mal1japan.de\\\/it\\\/produkt\\\/inserto-per-cottura-a-vapore-colino-pieghevole-per-pentole-in-acciaio-inossidabile-ad-es-per-impasto-mochi\\\/#breadcrumb\",\"itemListElement\":[{\"@type\":\"ListItem\",\"position\":1,\"name\":\"Startseite\",\"item\":\"https:\\\/\\\/1mal1japan.de\\\/it\\\/\"},{\"@type\":\"ListItem\",\"position\":2,\"name\":\"Negozio\",\"item\":\"https:\\\/\\\/1mal1japan.de\\\/it\\\/shop\\\/\"},{\"@type\":\"ListItem\",\"position\":3,\"name\":\"Inserto per cottura a vapore (colino pieghevole per pentole in acciaio inossidabile, ad es. per impasto Mochi)\"}]},{\"@type\":\"WebSite\",\"@id\":\"https:\\\/\\\/1mal1japan.de\\\/it\\\/#website\",\"url\":\"https:\\\/\\\/1mal1japan.de\\\/it\\\/\",\"name\":\"1mal1japan.de\",\"description\":\"japanisch kochen &amp; einkaufen\",\"publisher\":{\"@id\":\"https:\\\/\\\/1mal1japan.de\\\/it\\\/#\\\/schema\\\/person\\\/3b6eab913fce9065523e927d88b032b0\"},\"potentialAction\":[{\"@type\":\"SearchAction\",\"target\":{\"@type\":\"EntryPoint\",\"urlTemplate\":\"https:\\\/\\\/1mal1japan.de\\\/it\\\/?s={search_term_string}\"},\"query-input\":{\"@type\":\"PropertyValueSpecification\",\"valueRequired\":true,\"valueName\":\"search_term_string\"}}],\"inLanguage\":\"it-IT\"},{\"@type\":[\"Person\",\"Organization\"],\"@id\":\"https:\\\/\\\/1mal1japan.de\\\/it\\\/#\\\/schema\\\/person\\\/3b6eab913fce9065523e927d88b032b0\",\"name\":\"Elisa\",\"image\":{\"@type\":\"ImageObject\",\"inLanguage\":\"it-IT\",\"@id\":\"https:\\\/\\\/1mal1japan.de\\\/wp-content\\\/uploads\\\/2018\\\/09\\\/Profilbild_Elisa.png\",\"url\":\"https:\\\/\\\/1mal1japan.de\\\/wp-content\\\/uploads\\\/2018\\\/09\\\/Profilbild_Elisa.png\",\"contentUrl\":\"https:\\\/\\\/1mal1japan.de\\\/wp-content\\\/uploads\\\/2018\\\/09\\\/Profilbild_Elisa.png\",\"width\":200,\"height\":200,\"caption\":\"Elisa\"},\"logo\":{\"@id\":\"https:\\\/\\\/1mal1japan.de\\\/wp-content\\\/uploads\\\/2018\\\/09\\\/Profilbild_Elisa.png\"}}]}<\/script>\n<meta property=\"product:price:amount\" content=\"7.59\" \/>\n<meta property=\"product:price:currency\" content=\"EUR\" \/>\n<meta property=\"og:availability\" content=\"instock\" \/>\n<meta property=\"product:availability\" content=\"instock\" \/>\n<meta property=\"product:retailer_item_id\" content=\"2017\" \/>\n<meta property=\"product:condition\" content=\"new\" \/>\n<!-- \/ Yoast SEO Premium plugin. -->","yoast_head_json":{"title":"Inserto per cottura a vapore (pieghevole, ad es. per impasto Mochi) 1mal1japan","description":"I\u27a1 Acquista il cestello per cottura a vapore \u2714 Utensile da cucina per impasto Mochi \u2714 Versatile, pieghevole e resistente al calore \u2714 Per la cottura a vapore \u2714 Consegna rapida!","robots":{"index":"index","follow":"follow","max-snippet":"max-snippet:-1","max-image-preview":"max-image-preview:large","max-video-preview":"max-video-preview:-1"},"canonical":"https:\/\/1mal1japan.de\/it\/produkt\/inserto-per-cottura-a-vapore-colino-pieghevole-per-pentole-in-acciaio-inossidabile-ad-es-per-impasto-mochi\/","og_locale":"it_IT","og_type":"article","og_title":"Inserto per cottura a vapore (colino pieghevole per pentole in acciaio inossidabile, ad es. per impasto Mochi)","og_description":"Un cestello di cottura pieghevole e versatile per pentole, ideale per la preparazione dell'impasto per Mochi. Ma viene utilizzato volentieri anche per la cottura a vapore delicata delle verdure. \u00c8 resistente al calore e lavabile in lavastoviglie.","og_url":"https:\/\/1mal1japan.de\/it\/produkt\/inserto-per-cottura-a-vapore-colino-pieghevole-per-pentole-in-acciaio-inossidabile-ad-es-per-impasto-mochi\/","og_site_name":"1mal1japan.de","article_modified_time":"2026-04-28T12:13:04+00:00","og_image":[{"width":800,"height":800,"url":"https:\/\/1mal1japan.de\/wp-content\/uploads\/2023\/01\/Daempfkorb_1.jpg","type":"image\/jpeg"}],"schema":{"@context":"https:\/\/schema.org","@graph":[{"@type":"WebPage","@id":"https:\/\/1mal1japan.de\/it\/produkt\/inserto-per-cottura-a-vapore-colino-pieghevole-per-pentole-in-acciaio-inossidabile-ad-es-per-impasto-mochi\/","url":"https:\/\/1mal1japan.de\/it\/produkt\/inserto-per-cottura-a-vapore-colino-pieghevole-per-pentole-in-acciaio-inossidabile-ad-es-per-impasto-mochi\/","name":"Inserto per cottura a vapore (pieghevole, ad es. per impasto Mochi) 1mal1japan","isPartOf":{"@id":"https:\/\/1mal1japan.de\/it\/#website"},"primaryImageOfPage":{"@id":"https:\/\/1mal1japan.de\/it\/produkt\/inserto-per-cottura-a-vapore-colino-pieghevole-per-pentole-in-acciaio-inossidabile-ad-es-per-impasto-mochi\/#primaryimage"},"image":{"@id":"https:\/\/1mal1japan.de\/it\/produkt\/inserto-per-cottura-a-vapore-colino-pieghevole-per-pentole-in-acciaio-inossidabile-ad-es-per-impasto-mochi\/#primaryimage"},"thumbnailUrl":"https:\/\/1mal1japan.de\/wp-content\/uploads\/2023\/01\/Daempfkorb_1.jpg","datePublished":"2023-01-26T13:21:22+00:00","dateModified":"2026-04-28T12:13:04+00:00","description":"I\u27a1 Acquista il cestello per cottura a vapore \u2714 Utensile da cucina per impasto Mochi \u2714 Versatile, pieghevole e resistente al calore \u2714 Per la cottura a vapore \u2714 Consegna rapida!","breadcrumb":{"@id":"https:\/\/1mal1japan.de\/it\/produkt\/inserto-per-cottura-a-vapore-colino-pieghevole-per-pentole-in-acciaio-inossidabile-ad-es-per-impasto-mochi\/#breadcrumb"},"inLanguage":"it-IT","potentialAction":[{"@type":"ReadAction","target":["https:\/\/1mal1japan.de\/it\/produkt\/inserto-per-cottura-a-vapore-colino-pieghevole-per-pentole-in-acciaio-inossidabile-ad-es-per-impasto-mochi\/"]}]},{"@type":"ImageObject","inLanguage":"it-IT","@id":"https:\/\/1mal1japan.de\/it\/produkt\/inserto-per-cottura-a-vapore-colino-pieghevole-per-pentole-in-acciaio-inossidabile-ad-es-per-impasto-mochi\/#primaryimage","url":"https:\/\/1mal1japan.de\/wp-content\/uploads\/2023\/01\/Daempfkorb_1.jpg","contentUrl":"https:\/\/1mal1japan.de\/wp-content\/uploads\/2023\/01\/Daempfkorb_1.jpg","width":800,"height":800,"caption":"Inserto per cottura a vapore"},{"@type":"BreadcrumbList","@id":"https:\/\/1mal1japan.de\/it\/produkt\/inserto-per-cottura-a-vapore-colino-pieghevole-per-pentole-in-acciaio-inossidabile-ad-es-per-impasto-mochi\/#breadcrumb","itemListElement":[{"@type":"ListItem","position":1,"name":"Startseite","item":"https:\/\/1mal1japan.de\/it\/"},{"@type":"ListItem","position":2,"name":"Negozio","item":"https:\/\/1mal1japan.de\/it\/shop\/"},{"@type":"ListItem","position":3,"name":"Inserto per cottura a vapore (colino pieghevole per pentole in acciaio inossidabile, ad es. per impasto Mochi)"}]},{"@type":"WebSite","@id":"https:\/\/1mal1japan.de\/it\/#website","url":"https:\/\/1mal1japan.de\/it\/","name":"1mal1japan.de","description":"japanisch kochen &amp; einkaufen","publisher":{"@id":"https:\/\/1mal1japan.de\/it\/#\/schema\/person\/3b6eab913fce9065523e927d88b032b0"},"potentialAction":[{"@type":"SearchAction","target":{"@type":"EntryPoint","urlTemplate":"https:\/\/1mal1japan.de\/it\/?s={search_term_string}"},"query-input":{"@type":"PropertyValueSpecification","valueRequired":true,"valueName":"search_term_string"}}],"inLanguage":"it-IT"},{"@type":["Person","Organization"],"@id":"https:\/\/1mal1japan.de\/it\/#\/schema\/person\/3b6eab913fce9065523e927d88b032b0","name":"Elisa","image":{"@type":"ImageObject","inLanguage":"it-IT","@id":"https:\/\/1mal1japan.de\/wp-content\/uploads\/2018\/09\/Profilbild_Elisa.png","url":"https:\/\/1mal1japan.de\/wp-content\/uploads\/2018\/09\/Profilbild_Elisa.png","contentUrl":"https:\/\/1mal1japan.de\/wp-content\/uploads\/2018\/09\/Profilbild_Elisa.png","width":200,"height":200,"caption":"Elisa"},"logo":{"@id":"https:\/\/1mal1japan.de\/wp-content\/uploads\/2018\/09\/Profilbild_Elisa.png"}}]},"product_price_amount":"7.59","product_price_currency":"EUR","og_availability":"instock","product_availability":"instock","product_retailer_item_id":"2017","product_condition":"new"},"uagb_featured_image_src":{"full":["https:\/\/1mal1japan.de\/wp-content\/uploads\/2023\/01\/Daempfkorb_1.jpg",800,800,false],"thumbnail":["https:\/\/1mal1japan.de\/wp-content\/uploads\/2023\/01\/Daempfkorb_1-150x150.jpg",150,150,true],"medium":["https:\/\/1mal1japan.de\/wp-content\/uploads\/2023\/01\/Daempfkorb_1-300x300.jpg",300,300,true],"medium_large":["https:\/\/1mal1japan.de\/wp-content\/uploads\/2023\/01\/Daempfkorb_1-768x768.jpg",768,768,true],"large":["https:\/\/1mal1japan.de\/wp-content\/uploads\/2023\/01\/Daempfkorb_1.jpg",800,800,false],"1536x1536":["https:\/\/1mal1japan.de\/wp-content\/uploads\/2023\/01\/Daempfkorb_1.jpg",800,800,false],"2048x2048":["https:\/\/1mal1japan.de\/wp-content\/uploads\/2023\/01\/Daempfkorb_1.jpg",800,800,false],"woocommerce_thumbnail":["https:\/\/1mal1japan.de\/wp-content\/uploads\/2023\/01\/Daempfkorb_1-600x600.jpg",600,600,true],"woocommerce_single":["https:\/\/1mal1japan.de\/wp-content\/uploads\/2023\/01\/Daempfkorb_1.jpg",800,800,false],"woocommerce_gallery_thumbnail":["https:\/\/1mal1japan.de\/wp-content\/uploads\/2023\/01\/Daempfkorb_1-100x100.jpg",100,100,true]},"uagb_author_info":{"display_name":"kiwi19901","author_link":"https:\/\/1mal1japan.de\/it\/author\/"},"uagb_comment_info":0,"uagb_excerpt":"Un cestello di cottura pieghevole e versatile per pentole, ideale per la preparazione dell'impasto per Mochi. Ma viene utilizzato volentieri anche per la cottura a vapore delicata delle verdure. \u00c8 resistente al calore e lavabile in lavastoviglie.","_links":{"self":[{"href":"https:\/\/1mal1japan.de\/it\/wp-json\/wp\/v2\/product\/64593","targetHints":{"allow":["GET"]}}],"collection":[{"href":"https:\/\/1mal1japan.de\/it\/wp-json\/wp\/v2\/product"}],"about":[{"href":"https:\/\/1mal1japan.de\/it\/wp-json\/wp\/v2\/types\/product"}],"wp:featuredmedia":[{"embeddable":true,"href":"https:\/\/1mal1japan.de\/it\/wp-json\/wp\/v2\/media\/64594"}],"wp:attachment":[{"href":"https:\/\/1mal1japan.de\/it\/wp-json\/wp\/v2\/media?parent=64593"}],"wp:term":[{"taxonomy":"product_brand","embeddable":true,"href":"https:\/\/1mal1japan.de\/it\/wp-json\/wp\/v2\/product_brand?post=64593"},{"taxonomy":"product_cat","embeddable":true,"href":"https:\/\/1mal1japan.de\/it\/wp-json\/wp\/v2\/product_cat?post=64593"},{"taxonomy":"product_tag","embeddable":true,"href":"https:\/\/1mal1japan.de\/it\/wp-json\/wp\/v2\/product_tag?post=64593"}],"curies":[{"name":"wp","href":"https:\/\/api.w.org\/{rel}","templated":true}]}}