{"id":64616,"date":"2023-01-26T14:21:21","date_gmt":"2023-01-26T13:21:21","guid":{"rendered":"https:\/\/1mal1japan.de\/produkt\/padella-per-tamagoyaki-makiyakinabe-20x15-cm-padella-rettangolare-per-omelette-adatta-allinduzione\/"},"modified":"2026-04-28T14:12:24","modified_gmt":"2026-04-28T12:12:24","slug":"padella-per-tamagoyaki-makiyakinabe-20x15-cm-padella-rettangolare-per-omelette-adatta-allinduzione","status":"publish","type":"product","link":"https:\/\/1mal1japan.de\/it\/produkt\/padella-per-tamagoyaki-makiyakinabe-20x15-cm-padella-rettangolare-per-omelette-adatta-allinduzione\/","title":{"rendered":"Padella per tamagoyaki \u201cMakiyakinabe\u201d 20\u00d715 cm (padella rettangolare per omelette, adatta all&#8217;induzione)"},"content":{"rendered":"\n<section class=\"wp-block-uagb-section uagb-section__wrap uagb-section__background-color uagb-block-48d78262\"><div class=\"uagb-section__overlay\"><\/div><div class=\"uagb-section__inner-wrap\">\n<p>\u2705 Padella rettangolare per il tamagoyaki giapponese originale<br\/>\u2705 adatta all&#8217;induzione \u2013 anche per fornelli a gas e elettrici<br\/>\u2705 forma ottimale per stendere e arrotolare la pastella<br\/>\u2705 con manico in legno: comoda da impugnare<br\/>\u2705 robusta, semplice e funzionale: ideale per l&#8217;uso quotidiano<br\/>\u2705 realizzata in modo robusto secondo il modello giapponese, prodotta in Cina<\/p>\n<\/div><\/section>\n\n<p>Questa padella rettangolare dalle dimensioni di 20 \u00d7 15 cm \u00e8 particolarmente adatta alla preparazione del tamagoyaki, un&#8217;omelette giapponese che viene cotta in pi\u00f9 strati e arrotolata.<\/p>\n\n<div style=\"height:20px\" aria-hidden=\"true\" class=\"wp-block-spacer\"><\/div>\n\n<section class=\"wp-block-uagb-section uagb-section__wrap uagb-section__background-none uagb-block-6492d650\"><div class=\"uagb-section__overlay\"><\/div><div class=\"uagb-section__inner-wrap\">\n<section class=\"wp-block-uagb-section uagb-section__wrap uagb-section__background-none uagb-block-89760efc\"><div class=\"uagb-section__overlay\"><\/div><div class=\"uagb-section__inner-wrap\">\n<figure class=\"wp-block-image alignleft size-full is-resized\"><img decoding=\"async\" width=\"2000\" height=\"2000\" src=\"https:\/\/1mal1japan.de\/wp-content\/uploads\/2024\/01\/Logo-Onigiri-Reisball-2000px.png\" alt=\"\" class=\"wp-image-36793\" style=\"width:100px\" srcset=\"https:\/\/1mal1japan.de\/wp-content\/uploads\/2024\/01\/Logo-Onigiri-Reisball-2000px.png 2000w, https:\/\/1mal1japan.de\/wp-content\/uploads\/2024\/01\/Logo-Onigiri-Reisball-2000px-300x300.png 300w, https:\/\/1mal1japan.de\/wp-content\/uploads\/2024\/01\/Logo-Onigiri-Reisball-2000px-1024x1024.png 1024w, https:\/\/1mal1japan.de\/wp-content\/uploads\/2024\/01\/Logo-Onigiri-Reisball-2000px-150x150.png 150w, https:\/\/1mal1japan.de\/wp-content\/uploads\/2024\/01\/Logo-Onigiri-Reisball-2000px-768x768.png 768w, https:\/\/1mal1japan.de\/wp-content\/uploads\/2024\/01\/Logo-Onigiri-Reisball-2000px-1536x1536.png 1536w, https:\/\/1mal1japan.de\/wp-content\/uploads\/2024\/01\/Logo-Onigiri-Reisball-2000px-600x600.png 600w, https:\/\/1mal1japan.de\/wp-content\/uploads\/2024\/01\/Logo-Onigiri-Reisball-2000px-1200x1200.png 1200w, https:\/\/1mal1japan.de\/wp-content\/uploads\/2024\/01\/Logo-Onigiri-Reisball-2000px-100x100.png 100w\" sizes=\"(max-width: 2000px) 100vw, 2000px\" \/><\/figure>\n<\/div><\/section>\n\n\n\n<section class=\"wp-block-uagb-section uagb-section__wrap uagb-section__background-none uagb-block-6d656dd4\"><div class=\"uagb-section__overlay\"><\/div><div class=\"uagb-section__inner-wrap\">\n<h2 class=\"wp-block-heading has-text-align-left\" id=\"h-was-ist-tamagoyaki\" style=\"margin-top:0px;margin-bottom:0px\">Cos&#8217;\u00e8 il tamagoyaki?<\/h2>\n\n\n\n<p class=\"has-text-align-left\"><em>Il tamagoyaki \u00e8 un&#8217;omelette arrotolata originaria del Giappone. \u00c8 composta da uova sbattute, solitamente condite con salsa di soia, Dashi e zucchero. Il composto di uova viene cotto in diversi strati sottili e arrotolato uno alla volta. L&#8217;omelette finita viene tagliata a fette e spesso servita come contorno, nelle Bento Box o come condimento per il Sushi. Per la preparazione si utilizza tradizionalmente una padella rettangolare, la cosiddetta makiyakinabe.<\/em><\/p>\n<\/div><\/section>\n<\/div><\/section>\n\n<div style=\"height:20px\" aria-hidden=\"true\" class=\"wp-block-spacer\"><\/div>\n\n<p>Grazie alla forma rettangolare, la pastella pu\u00f2 essere versata in modo uniforme e modellata gradualmente in un rotolo di omelette. Il manico in legno garantisce una buona maneggevolezza e rimane freddo durante la cottura. La padella \u00e8 adatta all&#8217;induzione e pu\u00f2 essere utilizzata anche su fornelli a gas o elettrici.<\/p>\n\n<p>\u00c8 prodotta in Cina ed \u00e8 realizzata in un materiale rivestito che riduce l&#8217;adesione della pastella e ne facilita la pulizia. La padella per tamagoyaki \u00e8 adatta all&#8217;uso quotidiano e pu\u00f2 essere utilizzata anche per altri semplici piatti a base di uova o snack in padella.<\/p>\n\n<h2 class=\"wp-block-heading\" id=\"h-produktdetails\">Dettagli del prodotto:<\/h2>\n\n<figure class=\"wp-block-table is-style-stripes\" style=\"font-size:16px\"><table style=\"border-style:none;border-width:0px\"><tbody><tr><td><em>Forma:<\/em><\/td><td>rettangolare<\/td><\/tr><tr><td><em>Dimensioni:<\/em><\/td><td>20 x 15 cm<\/td><\/tr><tr><td><em>Compatibilit\u00e0:<\/em><\/td><td>Induzione, gas, elettrico, vetroceramica<\/td><\/tr><\/tbody><\/table><\/figure>\n\n<h2 class=\"wp-block-heading\" id=\"h-das-kannst-du-damit-zubereiten\">Ecco cosa puoi preparare con questa padella:<\/h2>\n\n<p><strong>Vuoi mettere in risalto questa padella? <\/strong>Allora non perderti la nostra famosa ricetta del Tamagoyaki:<\/p>\n\n\t\t\t<div class=\"wp-block-uagb-post-grid uagb-post-grid  uagb-post__image-position-top uagb-post__image-enabled uagb-block-27b66334     uagb-post__items uagb-post__columns-2 is-grid uagb-post__columns-tablet-2 uagb-post__columns-mobile-2 uagb-post__equal-height\" data-total=\"0\" style=\"\">\n\n\t\t\t\t\t\t\t\t\t<p class=\"uagb-post__no-posts\">\n\t\t\t\t\t\tNo post found!\t\t\t\t\t<\/p>\n\t\t\t\t\t\t\t\t<\/div>\n\t\t\t\n<div style=\"height:20px\" aria-hidden=\"true\" class=\"wp-block-spacer\"><\/div>\n\n<h2 class=\"wp-block-heading\" id=\"h-deine-vorteile-und-unser-versprechen\">I tuoi vantaggi e la nostra promessa:<\/h2>\n\n<section class=\"wp-block-uagb-section uagb-section__wrap uagb-section__background-color uagb-block-85f7e9d2\"><div class=\"uagb-section__overlay\"><\/div><div class=\"uagb-section__inner-wrap\">\n<p>\u2764\ufe0f <strong>Veloce, semplice e affidabile:<\/strong> I clienti ci adorano! Con 4,9 stelle su 5 su Shopvote &#8211; dai un&#8217;occhiata <a href=\"https:\/\/www.shopvote.de\/bewertung_1mal1japan_de_23342.html\">qui alle recensioni dei nostri clienti<\/a>!<\/p>\n<\/div><\/section>\n\n<div style=\"height:20px\" aria-hidden=\"true\" class=\"wp-block-spacer\"><\/div>\n\n<section class=\"wp-block-uagb-section uagb-section__wrap uagb-section__background-color uagb-block-9e748e26\"><div class=\"uagb-section__overlay\"><\/div><div class=\"uagb-section__inner-wrap\">\n<p>\ud83c\udf31 <strong>Acquisti sostenibili:<\/strong> Spedizioni a impatto zero, imballaggi ecologici, fatture digitali di default.<\/p>\n<\/div><\/section>\n\n<div style=\"height:20px\" aria-hidden=\"true\" class=\"wp-block-spacer\"><\/div>\n\n<section class=\"wp-block-uagb-section uagb-section__wrap uagb-section__background-color uagb-block-11f9fc83\"><div class=\"uagb-section__overlay\"><\/div><div class=\"uagb-section__inner-wrap\">\n<p><strong>\ud83d\udd12 Acquisti al 100% senza rischi:<\/strong> Nessun importo minimo d&#8217;ordine, spedizione gratuita in Germania a partire da 59 \u20ac di spesa + diritto di recesso di 30 giorni con reso gratuito.<\/p>\n<\/div><\/section>\n\n<div style=\"height:20px\" aria-hidden=\"true\" class=\"wp-block-spacer\"><\/div>\n\n<section class=\"wp-block-uagb-section uagb-section__wrap uagb-section__background-color uagb-block-5b55bd83\"><div class=\"uagb-section__overlay\"><\/div><div class=\"uagb-section__inner-wrap\">\n<p>\ud83e\udd62 <strong>I migliori ingredienti per la tua esperienza culinaria e gustativa: <\/strong>Prodotti selezionati a mano che ci convincono personalmente in base a quattro criteri: (1) gusto, (2) autenticit\u00e0, (3) prezzo e (4) disponibilit\u00e0.<\/p>\n<\/div><\/section>\n\n<div style=\"height:20px\" aria-hidden=\"true\" class=\"wp-block-spacer\"><\/div>\n\n<section class=\"wp-block-uagb-section uagb-section__wrap uagb-section__background-color uagb-block-94ed5912\"><div class=\"uagb-section__overlay\"><\/div><div class=\"uagb-section__inner-wrap\">\n<p>\ud83d\udc4d <strong>Approfitta della nostra pluriennale esperienza<\/strong>: 1mal1japan.de esiste gi\u00e0 dal 2016. Da allora abbiamo avuto il piacere di accogliere milioni di visitatori sul nostro blog e nel nostro Shop e di servire oltre 50.000 clienti soddisfatti. Grazie di cuore a tutti i lettori e ai fan!<\/p>\n<\/div><\/section>\n","protected":false},"excerpt":{"rendered":"<p>Con questa padella rettangolare potrai preparare facilmente omelette giapponesi come il Tamagoyaki. La forma speciale aiuta ad arrotolarla in modo pulito, mentre il manico in legno offre una presa comoda. Ora adatta anche all&#8217;induzione: ideale per chi desidera cucinare alla giapponese.<\/p>\n","protected":false},"featured_media":64622,"template":"","meta":{"_uag_custom_page_level_css":"","site-sidebar-layout":"default","site-content-layout":"","ast-site-content-layout":"default","site-content-style":"default","site-sidebar-style":"default","ast-global-header-display":"","ast-banner-title-visibility":"","ast-main-header-display":"","ast-hfb-above-header-display":"","ast-hfb-below-header-display":"","ast-hfb-mobile-header-display":"","site-post-title":"","ast-breadcrumbs-content":"","ast-featured-img":"","footer-sml-layout":"","ast-disable-related-posts":"","theme-transparent-header-meta":"","adv-header-id-meta":"","stick-header-meta":"","header-above-stick-meta":"","header-main-stick-meta":"","header-below-stick-meta":"","astra-migrate-meta-layouts":"default","ast-page-background-enabled":"default","ast-page-background-meta":{"desktop":{"background-color":"","background-image":"","background-repeat":"repeat","background-position":"center center","background-size":"auto","background-attachment":"scroll","background-type":"","background-media":"","overlay-type":"","overlay-color":"","overlay-opacity":"","overlay-gradient":""},"tablet":{"background-color":"","background-image":"","background-repeat":"repeat","background-position":"center center","background-size":"auto","background-attachment":"scroll","background-type":"","background-media":"","overlay-type":"","overlay-color":"","overlay-opacity":"","overlay-gradient":""},"mobile":{"background-color":"","background-image":"","background-repeat":"repeat","background-position":"center center","background-size":"auto","background-attachment":"scroll","background-type":"","background-media":"","overlay-type":"","overlay-color":"","overlay-opacity":"","overlay-gradient":""}},"ast-content-background-meta":{"desktop":{"background-color":"var(--ast-global-color-5)","background-image":"","background-repeat":"repeat","background-position":"center center","background-size":"auto","background-attachment":"scroll","background-type":"","background-media":"","overlay-type":"","overlay-color":"","overlay-opacity":"","overlay-gradient":""},"tablet":{"background-color":"var(--ast-global-color-5)","background-image":"","background-repeat":"repeat","background-position":"center center","background-size":"auto","background-attachment":"scroll","background-type":"","background-media":"","overlay-type":"","overlay-color":"","overlay-opacity":"","overlay-gradient":""},"mobile":{"background-color":"var(--ast-global-color-5)","background-image":"","background-repeat":"repeat","background-position":"center center","background-size":"auto","background-attachment":"scroll","background-type":"","background-media":"","overlay-type":"","overlay-color":"","overlay-opacity":"","overlay-gradient":""}}},"product_brand":[],"product_cat":[1625,1557,1624],"product_tag":[1645,1906],"class_list":{"0":"post-64616","1":"product","2":"type-product","3":"status-publish","4":"has-post-thumbnail","6":"product_cat-geschenkideen","7":"product_cat-tutti-i-prodotti","8":"product_cat-utensilien-zubehoer","9":"product_tag-sushi","10":"product_tag-tamagoyaki","11":"desktop-align-left","12":"tablet-align-left","13":"mobile-align-left","14":"ast-product-gallery-layout-horizontal-slider","15":"ast-magnify-disabled","16":"ast-product-tabs-layout-horizontal","18":"first","19":"instock","20":"taxable","21":"shipping-taxable","22":"purchasable","23":"product-type-simple"},"yoast_head":"<!-- This site is optimized with the Yoast SEO Premium plugin v27.5 (Yoast SEO v27.5) - https:\/\/yoast.com\/product\/yoast-seo-premium-wordpress\/ -->\n<title>Padella per tamagoyaki (rettangolare, 20\u00d715 cm) | su 1mal1japan<\/title>\n<meta name=\"description\" content=\"I\u27a1 Acquista la padella per tamagoyaki \u2714 Padella giapponese per uova Makiyakinabe per omelette \u2714 Adatta all&#039;induzione, con manico in legno \u2714 Design semplice \u2714 Consegna rapida!\" \/>\n<meta name=\"robots\" content=\"index, follow, max-snippet:-1, max-image-preview:large, max-video-preview:-1\" \/>\n<link rel=\"canonical\" href=\"https:\/\/1mal1japan.de\/it\/produkt\/padella-per-tamagoyaki-makiyakinabe-20x15-cm-padella-rettangolare-per-omelette-adatta-allinduzione\/\" \/>\n<meta property=\"og:locale\" content=\"it_IT\" \/>\n<meta property=\"og:type\" content=\"article\" \/>\n<meta property=\"og:title\" content=\"Padella per tamagoyaki \u201cMakiyakinabe\u201d 20\u00d715 cm (padella rettangolare per omelette, adatta all&#039;induzione)\" \/>\n<meta property=\"og:description\" content=\"Con questa padella rettangolare potrai preparare facilmente omelette giapponesi come il Tamagoyaki. La forma speciale aiuta ad arrotolarla in modo pulito, mentre il manico in legno offre una presa comoda. Ora adatta anche all&#039;induzione: ideale per chi desidera cucinare alla giapponese.\" \/>\n<meta property=\"og:url\" content=\"https:\/\/1mal1japan.de\/it\/produkt\/padella-per-tamagoyaki-makiyakinabe-20x15-cm-padella-rettangolare-per-omelette-adatta-allinduzione\/\" \/>\n<meta property=\"og:site_name\" content=\"1mal1japan.de\" \/>\n<meta property=\"article:modified_time\" content=\"2026-04-28T12:12:24+00:00\" \/>\n<meta property=\"og:image\" content=\"https:\/\/1mal1japan.de\/wp-content\/uploads\/2023\/01\/Tamagoyaki-Pfanne_4.jpg\" \/>\n\t<meta property=\"og:image:width\" content=\"800\" \/>\n\t<meta property=\"og:image:height\" content=\"800\" \/>\n\t<meta property=\"og:image:type\" content=\"image\/jpeg\" \/>\n<script type=\"application\/ld+json\" class=\"yoast-schema-graph\">{\"@context\":\"https:\\\/\\\/schema.org\",\"@graph\":[{\"@type\":\"WebPage\",\"@id\":\"https:\\\/\\\/1mal1japan.de\\\/it\\\/produkt\\\/padella-per-tamagoyaki-makiyakinabe-20x15-cm-padella-rettangolare-per-omelette-adatta-allinduzione\\\/\",\"url\":\"https:\\\/\\\/1mal1japan.de\\\/it\\\/produkt\\\/padella-per-tamagoyaki-makiyakinabe-20x15-cm-padella-rettangolare-per-omelette-adatta-allinduzione\\\/\",\"name\":\"Padella per tamagoyaki (rettangolare, 20\u00d715 cm) | su 1mal1japan\",\"isPartOf\":{\"@id\":\"https:\\\/\\\/1mal1japan.de\\\/it\\\/#website\"},\"primaryImageOfPage\":{\"@id\":\"https:\\\/\\\/1mal1japan.de\\\/it\\\/produkt\\\/padella-per-tamagoyaki-makiyakinabe-20x15-cm-padella-rettangolare-per-omelette-adatta-allinduzione\\\/#primaryimage\"},\"image\":{\"@id\":\"https:\\\/\\\/1mal1japan.de\\\/it\\\/produkt\\\/padella-per-tamagoyaki-makiyakinabe-20x15-cm-padella-rettangolare-per-omelette-adatta-allinduzione\\\/#primaryimage\"},\"thumbnailUrl\":\"https:\\\/\\\/1mal1japan.de\\\/wp-content\\\/uploads\\\/2023\\\/01\\\/Tamagoyaki-Pfanne_4.jpg\",\"datePublished\":\"2023-01-26T13:21:21+00:00\",\"dateModified\":\"2026-04-28T12:12:24+00:00\",\"description\":\"I\u27a1 Acquista la padella per tamagoyaki \u2714 Padella giapponese per uova Makiyakinabe per omelette \u2714 Adatta all'induzione, con manico in legno \u2714 Design semplice \u2714 Consegna rapida!\",\"breadcrumb\":{\"@id\":\"https:\\\/\\\/1mal1japan.de\\\/it\\\/produkt\\\/padella-per-tamagoyaki-makiyakinabe-20x15-cm-padella-rettangolare-per-omelette-adatta-allinduzione\\\/#breadcrumb\"},\"inLanguage\":\"it-IT\",\"potentialAction\":[{\"@type\":\"ReadAction\",\"target\":[\"https:\\\/\\\/1mal1japan.de\\\/it\\\/produkt\\\/padella-per-tamagoyaki-makiyakinabe-20x15-cm-padella-rettangolare-per-omelette-adatta-allinduzione\\\/\"]}]},{\"@type\":\"ImageObject\",\"inLanguage\":\"it-IT\",\"@id\":\"https:\\\/\\\/1mal1japan.de\\\/it\\\/produkt\\\/padella-per-tamagoyaki-makiyakinabe-20x15-cm-padella-rettangolare-per-omelette-adatta-allinduzione\\\/#primaryimage\",\"url\":\"https:\\\/\\\/1mal1japan.de\\\/wp-content\\\/uploads\\\/2023\\\/01\\\/Tamagoyaki-Pfanne_4.jpg\",\"contentUrl\":\"https:\\\/\\\/1mal1japan.de\\\/wp-content\\\/uploads\\\/2023\\\/01\\\/Tamagoyaki-Pfanne_4.jpg\",\"width\":800,\"height\":800,\"caption\":\"Padella per Tamagoyaki\"},{\"@type\":\"BreadcrumbList\",\"@id\":\"https:\\\/\\\/1mal1japan.de\\\/it\\\/produkt\\\/padella-per-tamagoyaki-makiyakinabe-20x15-cm-padella-rettangolare-per-omelette-adatta-allinduzione\\\/#breadcrumb\",\"itemListElement\":[{\"@type\":\"ListItem\",\"position\":1,\"name\":\"Startseite\",\"item\":\"https:\\\/\\\/1mal1japan.de\\\/it\\\/\"},{\"@type\":\"ListItem\",\"position\":2,\"name\":\"Negozio\",\"item\":\"https:\\\/\\\/1mal1japan.de\\\/it\\\/shop\\\/\"},{\"@type\":\"ListItem\",\"position\":3,\"name\":\"Padella per tamagoyaki \u201cMakiyakinabe\u201d 20\u00d715 cm (padella rettangolare per omelette, adatta all&#8217;induzione)\"}]},{\"@type\":\"WebSite\",\"@id\":\"https:\\\/\\\/1mal1japan.de\\\/it\\\/#website\",\"url\":\"https:\\\/\\\/1mal1japan.de\\\/it\\\/\",\"name\":\"1mal1japan.de\",\"description\":\"japanisch kochen &amp; einkaufen\",\"publisher\":{\"@id\":\"https:\\\/\\\/1mal1japan.de\\\/it\\\/#\\\/schema\\\/person\\\/3b6eab913fce9065523e927d88b032b0\"},\"potentialAction\":[{\"@type\":\"SearchAction\",\"target\":{\"@type\":\"EntryPoint\",\"urlTemplate\":\"https:\\\/\\\/1mal1japan.de\\\/it\\\/?s={search_term_string}\"},\"query-input\":{\"@type\":\"PropertyValueSpecification\",\"valueRequired\":true,\"valueName\":\"search_term_string\"}}],\"inLanguage\":\"it-IT\"},{\"@type\":[\"Person\",\"Organization\"],\"@id\":\"https:\\\/\\\/1mal1japan.de\\\/it\\\/#\\\/schema\\\/person\\\/3b6eab913fce9065523e927d88b032b0\",\"name\":\"Elisa\",\"image\":{\"@type\":\"ImageObject\",\"inLanguage\":\"it-IT\",\"@id\":\"https:\\\/\\\/1mal1japan.de\\\/wp-content\\\/uploads\\\/2018\\\/09\\\/Profilbild_Elisa.png\",\"url\":\"https:\\\/\\\/1mal1japan.de\\\/wp-content\\\/uploads\\\/2018\\\/09\\\/Profilbild_Elisa.png\",\"contentUrl\":\"https:\\\/\\\/1mal1japan.de\\\/wp-content\\\/uploads\\\/2018\\\/09\\\/Profilbild_Elisa.png\",\"width\":200,\"height\":200,\"caption\":\"Elisa\"},\"logo\":{\"@id\":\"https:\\\/\\\/1mal1japan.de\\\/wp-content\\\/uploads\\\/2018\\\/09\\\/Profilbild_Elisa.png\"}}]}<\/script>\n<meta property=\"product:price:amount\" content=\"23.99\" \/>\n<meta property=\"product:price:currency\" content=\"EUR\" \/>\n<meta property=\"og:availability\" content=\"instock\" \/>\n<meta property=\"product:availability\" content=\"instock\" \/>\n<meta property=\"product:retailer_item_id\" content=\"2010\" \/>\n<meta property=\"product:condition\" content=\"new\" \/>\n<!-- \/ Yoast SEO Premium plugin. -->","yoast_head_json":{"title":"Padella per tamagoyaki (rettangolare, 20\u00d715 cm) | su 1mal1japan","description":"I\u27a1 Acquista la padella per tamagoyaki \u2714 Padella giapponese per uova Makiyakinabe per omelette \u2714 Adatta all'induzione, con manico in legno \u2714 Design semplice \u2714 Consegna rapida!","robots":{"index":"index","follow":"follow","max-snippet":"max-snippet:-1","max-image-preview":"max-image-preview:large","max-video-preview":"max-video-preview:-1"},"canonical":"https:\/\/1mal1japan.de\/it\/produkt\/padella-per-tamagoyaki-makiyakinabe-20x15-cm-padella-rettangolare-per-omelette-adatta-allinduzione\/","og_locale":"it_IT","og_type":"article","og_title":"Padella per tamagoyaki \u201cMakiyakinabe\u201d 20\u00d715 cm (padella rettangolare per omelette, adatta all'induzione)","og_description":"Con questa padella rettangolare potrai preparare facilmente omelette giapponesi come il Tamagoyaki. La forma speciale aiuta ad arrotolarla in modo pulito, mentre il manico in legno offre una presa comoda. Ora adatta anche all'induzione: ideale per chi desidera cucinare alla giapponese.","og_url":"https:\/\/1mal1japan.de\/it\/produkt\/padella-per-tamagoyaki-makiyakinabe-20x15-cm-padella-rettangolare-per-omelette-adatta-allinduzione\/","og_site_name":"1mal1japan.de","article_modified_time":"2026-04-28T12:12:24+00:00","og_image":[{"width":800,"height":800,"url":"https:\/\/1mal1japan.de\/wp-content\/uploads\/2023\/01\/Tamagoyaki-Pfanne_4.jpg","type":"image\/jpeg"}],"schema":{"@context":"https:\/\/schema.org","@graph":[{"@type":"WebPage","@id":"https:\/\/1mal1japan.de\/it\/produkt\/padella-per-tamagoyaki-makiyakinabe-20x15-cm-padella-rettangolare-per-omelette-adatta-allinduzione\/","url":"https:\/\/1mal1japan.de\/it\/produkt\/padella-per-tamagoyaki-makiyakinabe-20x15-cm-padella-rettangolare-per-omelette-adatta-allinduzione\/","name":"Padella per tamagoyaki (rettangolare, 20\u00d715 cm) | su 1mal1japan","isPartOf":{"@id":"https:\/\/1mal1japan.de\/it\/#website"},"primaryImageOfPage":{"@id":"https:\/\/1mal1japan.de\/it\/produkt\/padella-per-tamagoyaki-makiyakinabe-20x15-cm-padella-rettangolare-per-omelette-adatta-allinduzione\/#primaryimage"},"image":{"@id":"https:\/\/1mal1japan.de\/it\/produkt\/padella-per-tamagoyaki-makiyakinabe-20x15-cm-padella-rettangolare-per-omelette-adatta-allinduzione\/#primaryimage"},"thumbnailUrl":"https:\/\/1mal1japan.de\/wp-content\/uploads\/2023\/01\/Tamagoyaki-Pfanne_4.jpg","datePublished":"2023-01-26T13:21:21+00:00","dateModified":"2026-04-28T12:12:24+00:00","description":"I\u27a1 Acquista la padella per tamagoyaki \u2714 Padella giapponese per uova Makiyakinabe per omelette \u2714 Adatta all'induzione, con manico in legno \u2714 Design semplice \u2714 Consegna rapida!","breadcrumb":{"@id":"https:\/\/1mal1japan.de\/it\/produkt\/padella-per-tamagoyaki-makiyakinabe-20x15-cm-padella-rettangolare-per-omelette-adatta-allinduzione\/#breadcrumb"},"inLanguage":"it-IT","potentialAction":[{"@type":"ReadAction","target":["https:\/\/1mal1japan.de\/it\/produkt\/padella-per-tamagoyaki-makiyakinabe-20x15-cm-padella-rettangolare-per-omelette-adatta-allinduzione\/"]}]},{"@type":"ImageObject","inLanguage":"it-IT","@id":"https:\/\/1mal1japan.de\/it\/produkt\/padella-per-tamagoyaki-makiyakinabe-20x15-cm-padella-rettangolare-per-omelette-adatta-allinduzione\/#primaryimage","url":"https:\/\/1mal1japan.de\/wp-content\/uploads\/2023\/01\/Tamagoyaki-Pfanne_4.jpg","contentUrl":"https:\/\/1mal1japan.de\/wp-content\/uploads\/2023\/01\/Tamagoyaki-Pfanne_4.jpg","width":800,"height":800,"caption":"Padella per Tamagoyaki"},{"@type":"BreadcrumbList","@id":"https:\/\/1mal1japan.de\/it\/produkt\/padella-per-tamagoyaki-makiyakinabe-20x15-cm-padella-rettangolare-per-omelette-adatta-allinduzione\/#breadcrumb","itemListElement":[{"@type":"ListItem","position":1,"name":"Startseite","item":"https:\/\/1mal1japan.de\/it\/"},{"@type":"ListItem","position":2,"name":"Negozio","item":"https:\/\/1mal1japan.de\/it\/shop\/"},{"@type":"ListItem","position":3,"name":"Padella per tamagoyaki \u201cMakiyakinabe\u201d 20\u00d715 cm (padella rettangolare per omelette, adatta all&#8217;induzione)"}]},{"@type":"WebSite","@id":"https:\/\/1mal1japan.de\/it\/#website","url":"https:\/\/1mal1japan.de\/it\/","name":"1mal1japan.de","description":"japanisch kochen &amp; einkaufen","publisher":{"@id":"https:\/\/1mal1japan.de\/it\/#\/schema\/person\/3b6eab913fce9065523e927d88b032b0"},"potentialAction":[{"@type":"SearchAction","target":{"@type":"EntryPoint","urlTemplate":"https:\/\/1mal1japan.de\/it\/?s={search_term_string}"},"query-input":{"@type":"PropertyValueSpecification","valueRequired":true,"valueName":"search_term_string"}}],"inLanguage":"it-IT"},{"@type":["Person","Organization"],"@id":"https:\/\/1mal1japan.de\/it\/#\/schema\/person\/3b6eab913fce9065523e927d88b032b0","name":"Elisa","image":{"@type":"ImageObject","inLanguage":"it-IT","@id":"https:\/\/1mal1japan.de\/wp-content\/uploads\/2018\/09\/Profilbild_Elisa.png","url":"https:\/\/1mal1japan.de\/wp-content\/uploads\/2018\/09\/Profilbild_Elisa.png","contentUrl":"https:\/\/1mal1japan.de\/wp-content\/uploads\/2018\/09\/Profilbild_Elisa.png","width":200,"height":200,"caption":"Elisa"},"logo":{"@id":"https:\/\/1mal1japan.de\/wp-content\/uploads\/2018\/09\/Profilbild_Elisa.png"}}]},"product_price_amount":"23.99","product_price_currency":"EUR","og_availability":"instock","product_availability":"instock","product_retailer_item_id":"2010","product_condition":"new"},"uagb_featured_image_src":{"full":["https:\/\/1mal1japan.de\/wp-content\/uploads\/2023\/01\/Tamagoyaki-Pfanne_4.jpg",800,800,false],"thumbnail":["https:\/\/1mal1japan.de\/wp-content\/uploads\/2023\/01\/Tamagoyaki-Pfanne_4-150x150.jpg",150,150,true],"medium":["https:\/\/1mal1japan.de\/wp-content\/uploads\/2023\/01\/Tamagoyaki-Pfanne_4-300x300.jpg",300,300,true],"medium_large":["https:\/\/1mal1japan.de\/wp-content\/uploads\/2023\/01\/Tamagoyaki-Pfanne_4-768x768.jpg",768,768,true],"large":["https:\/\/1mal1japan.de\/wp-content\/uploads\/2023\/01\/Tamagoyaki-Pfanne_4.jpg",800,800,false],"1536x1536":["https:\/\/1mal1japan.de\/wp-content\/uploads\/2023\/01\/Tamagoyaki-Pfanne_4.jpg",800,800,false],"2048x2048":["https:\/\/1mal1japan.de\/wp-content\/uploads\/2023\/01\/Tamagoyaki-Pfanne_4.jpg",800,800,false],"woocommerce_thumbnail":["https:\/\/1mal1japan.de\/wp-content\/uploads\/2023\/01\/Tamagoyaki-Pfanne_4-600x600.jpg",600,600,true],"woocommerce_single":["https:\/\/1mal1japan.de\/wp-content\/uploads\/2023\/01\/Tamagoyaki-Pfanne_4.jpg",800,800,false],"woocommerce_gallery_thumbnail":["https:\/\/1mal1japan.de\/wp-content\/uploads\/2023\/01\/Tamagoyaki-Pfanne_4-100x100.jpg",100,100,true]},"uagb_author_info":{"display_name":"kiwi19901","author_link":"https:\/\/1mal1japan.de\/it\/author\/"},"uagb_comment_info":0,"uagb_excerpt":"Con questa padella rettangolare potrai preparare facilmente omelette giapponesi come il Tamagoyaki. La forma speciale aiuta ad arrotolarla in modo pulito, mentre il manico in legno offre una presa comoda. Ora adatta anche all'induzione: ideale per chi desidera cucinare alla giapponese.","_links":{"self":[{"href":"https:\/\/1mal1japan.de\/it\/wp-json\/wp\/v2\/product\/64616","targetHints":{"allow":["GET"]}}],"collection":[{"href":"https:\/\/1mal1japan.de\/it\/wp-json\/wp\/v2\/product"}],"about":[{"href":"https:\/\/1mal1japan.de\/it\/wp-json\/wp\/v2\/types\/product"}],"wp:featuredmedia":[{"embeddable":true,"href":"https:\/\/1mal1japan.de\/it\/wp-json\/wp\/v2\/media\/64622"}],"wp:attachment":[{"href":"https:\/\/1mal1japan.de\/it\/wp-json\/wp\/v2\/media?parent=64616"}],"wp:term":[{"taxonomy":"product_brand","embeddable":true,"href":"https:\/\/1mal1japan.de\/it\/wp-json\/wp\/v2\/product_brand?post=64616"},{"taxonomy":"product_cat","embeddable":true,"href":"https:\/\/1mal1japan.de\/it\/wp-json\/wp\/v2\/product_cat?post=64616"},{"taxonomy":"product_tag","embeddable":true,"href":"https:\/\/1mal1japan.de\/it\/wp-json\/wp\/v2\/product_tag?post=64616"}],"curies":[{"name":"wp","href":"https:\/\/api.w.org\/{rel}","templated":true}]}}