{"id":64630,"date":"2023-01-26T14:21:21","date_gmt":"2023-01-26T13:21:21","guid":{"rendered":"https:\/\/1mal1japan.de\/produkt\/colino-a-maglia-fine-dal-giappone-colino-e-schiumarola-2-in-1-per-pasta-di-miso-e-zuppe-colino-in-metallo\/"},"modified":"2026-04-28T14:12:24","modified_gmt":"2026-04-28T12:12:24","slug":"colino-a-maglia-fine-dal-giappone-colino-e-schiumarola-2-in-1-per-pasta-di-miso-e-zuppe-colino-in-metallo","status":"publish","type":"product","link":"https:\/\/1mal1japan.de\/it\/produkt\/colino-a-maglia-fine-dal-giappone-colino-e-schiumarola-2-in-1-per-pasta-di-miso-e-zuppe-colino-in-metallo\/","title":{"rendered":"Colino a maglia fine dal Giappone (colino e schiumarola 2 in 1, per pasta di Miso e zuppe, colino in metallo)"},"content":{"rendered":"\n<section class=\"wp-block-uagb-section uagb-section__wrap uagb-section__background-color uagb-block-560237ee\"><div class=\"uagb-section__overlay\"><\/div><div class=\"uagb-section__inner-wrap\">\n<p>\u2705 Colino in metallo a maglie molto fini, prodotto in Giappone<br\/>\u2705 resistente al calore e facile da pulire<br\/>\u2705 ideale per sciogliere la pasta di Miso e per schiumare i brodi<br\/>\u2705 un must in ogni casa tipicamente giapponese<br\/>\u2705 Colino e schiumarola 2in1 per ricette giapponesi<\/p>\n<\/div><\/section>\n\n<p>La pasta di Miso \u00e8 una pasta di soia fermentata ed \u00e8 uno degli ingredienti pi\u00f9 famosi al mondo della cucina giapponese. La pasta \u00e8 molto versatile e pu\u00f2 essere utilizzata in molti modi: serve a preparare piatti sia salati che dolci e funge da condimento, marinata o salsa.<\/p>\n\n<p><strong>Ma quante volte ti sei trovato di fronte al dilemma di come sciogliere bene la delicata pasta di Miso&#8230;? Soprattutto con zuppe e brodi questo diventa spesso un problema. Ecco perch\u00e9 hai bisogno di questo colino a maglia fine<\/strong>!<\/p>\n\n<p>Con questo colino in metallo resistente al calore puoi sciogliere molto bene la pasta nel brodo bollente, passando la pasta attraverso il colino con un normale cucchiaio.<\/p>\n\n<p><strong>Inoltre, in tutte le ricette giapponesi \u00e8 consuetudine, non appena la carne viene cotta o stufata, rimuovere la schiuma marrone che sale in superficie. Anche in questo caso questo colino ti sar\u00e0 di grande aiuto, poich\u00e9 le maglie fini sono perfette per questo compito!<\/strong><\/p>\n\n<h2 class=\"wp-block-heading\" id=\"h-produktdetails\">Dettagli del prodotto:<\/h2>\n\n<figure class=\"wp-block-table is-style-stripes\" style=\"font-size:16px\"><table style=\"border-style:none;border-width:0px\"><tbody><tr><td><em>Materiale:<\/em><\/td><td>Tessuto in acciaio inossidabile 18-8<\/td><\/tr><tr><td><em>Dimensioni:<\/em><\/td><td>\u2300 11 cm<\/td><\/tr><\/tbody><\/table><\/figure>\n\n<h2 class=\"wp-block-heading\" id=\"h-das-kannst-du-damit-zubereiten\">Ecco cosa puoi preparare con questo prodotto:<\/h2>\n\n<p><strong>Vuoi preparare piatti giapponesi con questo colino? <\/strong>Allora non perderti le nostre ricette pi\u00f9 amate:<\/p>\n\n\t\t\t<div class=\"wp-block-uagb-post-grid uagb-post-grid  uagb-post__image-position-top uagb-post__image-enabled uagb-block-27b66334     uagb-post__items uagb-post__columns-2 is-grid uagb-post__columns-tablet-2 uagb-post__columns-mobile-2 uagb-post__equal-height\" data-total=\"1\" style=\"\">\n\n\t\t\t\t\t\t\t\t\t\t\t\t<article class=\"uagb-post__inner-wrap\">\t\t\t\t\t\t\t\t<div class='uagb-post__image'>\n\t\t\t\t\t\t\t\t\t<a href=\"https:\/\/1mal1japan.de\/it\/rezepte\/miso-ramen\/\" target=\"_self\" rel=\"bookmark noopener noreferrer\" class='uagb-image-ratio-inherit'><img decoding=\"async\" width=\"1024\" height=\"683\" src=\"https:\/\/1mal1japan.de\/wp-content\/uploads\/2020\/04\/Miso-Ramen-Veggie-Titelbild-1024x683.jpg\" class=\"attachment-large size-large\" alt=\"Miso Ramen Veggie Titelbild\" srcset=\"https:\/\/1mal1japan.de\/wp-content\/uploads\/2020\/04\/Miso-Ramen-Veggie-Titelbild-1024x683.jpg 1024w, https:\/\/1mal1japan.de\/wp-content\/uploads\/2020\/04\/Miso-Ramen-Veggie-Titelbild-300x200.jpg 300w, https:\/\/1mal1japan.de\/wp-content\/uploads\/2020\/04\/Miso-Ramen-Veggie-Titelbild-768x512.jpg 768w, https:\/\/1mal1japan.de\/wp-content\/uploads\/2020\/04\/Miso-Ramen-Veggie-Titelbild.jpg 1200w\" sizes=\"(max-width: 1024px) 100vw, 1024px\" \/>\t\t\t\t\t<\/a>\n\t\t\t\t\t\t\t<\/div>\n\t\t\t\t\t\t<p class=\"uagb-post__title uagb-post__text\">\n\t\t\t\t<a href=\"https:\/\/1mal1japan.de\/it\/rezepte\/miso-ramen\/\" target=\"_self\" rel=\"bookmark noopener noreferrer\">Una bowl piena di felicit\u00e0: Miso Ramen con 7 topping vari \u2013 vegetariano, piccante e semplicissimo<\/a>\n\t\t\t<\/p>\n\t\t\t\t\t\t<div class='uagb-post__text uagb-post-grid-byline'>\n\t\t\t\t\t\t\t\t<time datetime=\"2023-08-01T09:50:45+02:00\" class=\"uagb-post__date\">\n\t\t\t\t<span class=\"dashicons-calendar dashicons\"><\/span>\t\t\t\t\t1. Agosto 2023\t\t\t\t<\/time>\n\t\t\t\t\t\t<\/div>\n\t\t\t\t\t\t\t<div class='uagb-post__text uagb-post__excerpt'>\n\t\t\t\t\t<p>Immergiti nel mondo dei sapori della cucina giapponese con la nostra bowl della felicit\u00e0! Qui&#8230;\t\t\t\t<\/div>\n\t\t\t\t\t\t<div class=\"uagb-post__text uagb-post__cta wp-block-button\">\n\t\t\t\t<a class=\"wp-block-button__link uagb-text-link\" style=\"\" href=\"https:\/\/1mal1japan.de\/it\/rezepte\/miso-ramen\/\" target=\"_self\" rel=\"bookmark noopener noreferrer\">\u279f Vai alla ricetta<\/a>\n\t\t\t<\/div>\n\t\t\t\n\t\t\t\t\t\t\t\t\t<\/article>\n\t\t\t\t\t\t\t\t\t\t\t<\/div>\n\t\t\t\n<div style=\"height:20px\" aria-hidden=\"true\" class=\"wp-block-spacer\"><\/div>\n\n<h2 class=\"wp-block-heading\" id=\"h-deine-vorteile-und-unser-versprechen\">I tuoi vantaggi e la nostra promessa:<\/h2>\n\n<section class=\"wp-block-uagb-section uagb-section__wrap uagb-section__background-color uagb-block-85f7e9d2\"><div class=\"uagb-section__overlay\"><\/div><div class=\"uagb-section__inner-wrap\">\n<p>\u2764\ufe0f <strong>Veloce, semplice e affidabile:<\/strong> I clienti ci adorano! Con 4,9 stelle su 5 su Shopvote &#8211; dai un&#8217;occhiata <a href=\"https:\/\/www.shopvote.de\/bewertung_1mal1japan_de_23342.html\">qui alle recensioni dei nostri clienti<\/a>!<\/p>\n<\/div><\/section>\n\n<div style=\"height:20px\" aria-hidden=\"true\" class=\"wp-block-spacer\"><\/div>\n\n<section class=\"wp-block-uagb-section uagb-section__wrap uagb-section__background-color uagb-block-9e748e26\"><div class=\"uagb-section__overlay\"><\/div><div class=\"uagb-section__inner-wrap\">\n<p>\ud83c\udf31 <strong>Acquisti sostenibili:<\/strong> Spedizioni a impatto zero, imballaggi ecologici, fatture digitali di default.<\/p>\n<\/div><\/section>\n\n<div style=\"height:20px\" aria-hidden=\"true\" class=\"wp-block-spacer\"><\/div>\n\n<section class=\"wp-block-uagb-section uagb-section__wrap uagb-section__background-color uagb-block-11f9fc83\"><div class=\"uagb-section__overlay\"><\/div><div class=\"uagb-section__inner-wrap\">\n<p><strong>\ud83d\udd12 Acquisti al 100% senza rischi:<\/strong> Nessun importo minimo d&#8217;ordine, spedizione gratuita in Germania a partire da 59 \u20ac di spesa + diritto di recesso di 30 giorni con reso gratuito.<\/p>\n<\/div><\/section>\n\n<div style=\"height:20px\" aria-hidden=\"true\" class=\"wp-block-spacer\"><\/div>\n\n<section class=\"wp-block-uagb-section uagb-section__wrap uagb-section__background-color uagb-block-5b55bd83\"><div class=\"uagb-section__overlay\"><\/div><div class=\"uagb-section__inner-wrap\">\n<p>\ud83e\udd62 <strong>I migliori ingredienti per la tua esperienza culinaria e gustativa: <\/strong>Prodotti selezionati a mano che ci convincono personalmente in base a quattro criteri: (1) gusto, (2) autenticit\u00e0, (3) prezzo e (4) disponibilit\u00e0.<\/p>\n<\/div><\/section>\n\n<div style=\"height:20px\" aria-hidden=\"true\" class=\"wp-block-spacer\"><\/div>\n\n<section class=\"wp-block-uagb-section uagb-section__wrap uagb-section__background-color uagb-block-94ed5912\"><div class=\"uagb-section__overlay\"><\/div><div class=\"uagb-section__inner-wrap\">\n<p>\ud83d\udc4d <strong>Approfitta della nostra pluriennale esperienza<\/strong>: 1mal1japan.de esiste gi\u00e0 dal 2016. Da allora abbiamo avuto il piacere di accogliere milioni di visitatori sul nostro blog e nel nostro Shop e di servire oltre 50.000 clienti soddisfatti. Grazie di cuore a tutti i lettori e ai fan!<\/p>\n<\/div><\/section>\n","protected":false},"excerpt":{"rendered":"<p>Questo colino in metallo 2in1 proveniente dal Giappone ha maglie molto fini, \u00e8 resistente al calore e facile da pulire! \u00c8 quindi ideale per sciogliere la pasta di Miso e per schiumare i brodi giapponesi.<\/p>\n","protected":false},"featured_media":64636,"template":"","meta":{"_uag_custom_page_level_css":"","site-sidebar-layout":"default","site-content-layout":"","ast-site-content-layout":"default","site-content-style":"default","site-sidebar-style":"default","ast-global-header-display":"","ast-banner-title-visibility":"","ast-main-header-display":"","ast-hfb-above-header-display":"","ast-hfb-below-header-display":"","ast-hfb-mobile-header-display":"","site-post-title":"","ast-breadcrumbs-content":"","ast-featured-img":"","footer-sml-layout":"","ast-disable-related-posts":"","theme-transparent-header-meta":"","adv-header-id-meta":"","stick-header-meta":"","header-above-stick-meta":"","header-main-stick-meta":"","header-below-stick-meta":"","astra-migrate-meta-layouts":"default","ast-page-background-enabled":"default","ast-page-background-meta":{"desktop":{"background-color":"","background-image":"","background-repeat":"repeat","background-position":"center center","background-size":"auto","background-attachment":"scroll","background-type":"","background-media":"","overlay-type":"","overlay-color":"","overlay-opacity":"","overlay-gradient":""},"tablet":{"background-color":"","background-image":"","background-repeat":"repeat","background-position":"center center","background-size":"auto","background-attachment":"scroll","background-type":"","background-media":"","overlay-type":"","overlay-color":"","overlay-opacity":"","overlay-gradient":""},"mobile":{"background-color":"","background-image":"","background-repeat":"repeat","background-position":"center center","background-size":"auto","background-attachment":"scroll","background-type":"","background-media":"","overlay-type":"","overlay-color":"","overlay-opacity":"","overlay-gradient":""}},"ast-content-background-meta":{"desktop":{"background-color":"var(--ast-global-color-5)","background-image":"","background-repeat":"repeat","background-position":"center center","background-size":"auto","background-attachment":"scroll","background-type":"","background-media":"","overlay-type":"","overlay-color":"","overlay-opacity":"","overlay-gradient":""},"tablet":{"background-color":"var(--ast-global-color-5)","background-image":"","background-repeat":"repeat","background-position":"center center","background-size":"auto","background-attachment":"scroll","background-type":"","background-media":"","overlay-type":"","overlay-color":"","overlay-opacity":"","overlay-gradient":""},"mobile":{"background-color":"var(--ast-global-color-5)","background-image":"","background-repeat":"repeat","background-position":"center center","background-size":"auto","background-attachment":"scroll","background-type":"","background-media":"","overlay-type":"","overlay-color":"","overlay-opacity":"","overlay-gradient":""}}},"product_brand":[],"product_cat":[1558,1557,1624],"product_tag":[1586,1560],"class_list":{"0":"post-64630","1":"product","2":"type-product","3":"status-publish","4":"has-post-thumbnail","6":"product_cat-made-in-japan","7":"product_cat-tutti-i-prodotti","8":"product_cat-utensilien-zubehoer","9":"product_tag-zuppa-di-miso","10":"product_tag-zuppe-di-noodles","11":"desktop-align-left","12":"tablet-align-left","13":"mobile-align-left","14":"ast-product-gallery-layout-horizontal-slider","15":"ast-magnify-disabled","16":"ast-product-tabs-layout-horizontal","18":"first","19":"instock","20":"taxable","21":"shipping-taxable","22":"purchasable","23":"product-type-simple"},"yoast_head":"<!-- This site is optimized with the Yoast SEO Premium plugin v27.6 (Yoast SEO v27.6) - https:\/\/yoast.com\/product\/yoast-seo-premium-wordpress\/ -->\n<title>Colino e schiumarola 2 in 1 (colino a maglia fine) 1mal1japan<\/title>\n<meta name=\"description\" content=\"I\u27a1 setaccio a maglia fine per piatti tipici giapponesi \u2714 per sciogliere e schiumare \u2714 colino e schiumarola \u2714 resistente al calore \u2714 consegna veloce!\" \/>\n<meta name=\"robots\" content=\"index, follow, max-snippet:-1, max-image-preview:large, max-video-preview:-1\" \/>\n<link rel=\"canonical\" href=\"https:\/\/1mal1japan.de\/it\/produkt\/colino-a-maglia-fine-dal-giappone-colino-e-schiumarola-2-in-1-per-pasta-di-miso-e-zuppe-colino-in-metallo\/\" \/>\n<meta property=\"og:locale\" content=\"it_IT\" \/>\n<meta property=\"og:type\" content=\"article\" \/>\n<meta property=\"og:title\" content=\"Colino a maglia fine dal Giappone (colino e schiumarola 2 in 1, per pasta di Miso e zuppe, colino in metallo)\" \/>\n<meta property=\"og:description\" content=\"Questo colino in metallo 2in1 proveniente dal Giappone ha maglie molto fini, \u00e8 resistente al calore e facile da pulire! \u00c8 quindi ideale per sciogliere la pasta di Miso e per schiumare i brodi giapponesi.\" \/>\n<meta property=\"og:url\" content=\"https:\/\/1mal1japan.de\/it\/produkt\/colino-a-maglia-fine-dal-giappone-colino-e-schiumarola-2-in-1-per-pasta-di-miso-e-zuppe-colino-in-metallo\/\" \/>\n<meta property=\"og:site_name\" content=\"1mal1japan.de\" \/>\n<meta property=\"article:modified_time\" content=\"2026-04-28T12:12:24+00:00\" \/>\n<meta property=\"og:image\" content=\"https:\/\/1mal1japan.de\/wp-content\/uploads\/2023\/01\/Sieb-fuer-Miso-Paste_5.jpg\" \/>\n\t<meta property=\"og:image:width\" content=\"800\" \/>\n\t<meta property=\"og:image:height\" content=\"800\" \/>\n\t<meta property=\"og:image:type\" content=\"image\/jpeg\" \/>\n<script type=\"application\/ld+json\" class=\"yoast-schema-graph\">{\"@context\":\"https:\\\/\\\/schema.org\",\"@graph\":[{\"@type\":\"WebPage\",\"@id\":\"https:\\\/\\\/1mal1japan.de\\\/it\\\/produkt\\\/colino-a-maglia-fine-dal-giappone-colino-e-schiumarola-2-in-1-per-pasta-di-miso-e-zuppe-colino-in-metallo\\\/\",\"url\":\"https:\\\/\\\/1mal1japan.de\\\/it\\\/produkt\\\/colino-a-maglia-fine-dal-giappone-colino-e-schiumarola-2-in-1-per-pasta-di-miso-e-zuppe-colino-in-metallo\\\/\",\"name\":\"Colino e schiumarola 2 in 1 (colino a maglia fine) 1mal1japan\",\"isPartOf\":{\"@id\":\"https:\\\/\\\/1mal1japan.de\\\/it\\\/#website\"},\"primaryImageOfPage\":{\"@id\":\"https:\\\/\\\/1mal1japan.de\\\/it\\\/produkt\\\/colino-a-maglia-fine-dal-giappone-colino-e-schiumarola-2-in-1-per-pasta-di-miso-e-zuppe-colino-in-metallo\\\/#primaryimage\"},\"image\":{\"@id\":\"https:\\\/\\\/1mal1japan.de\\\/it\\\/produkt\\\/colino-a-maglia-fine-dal-giappone-colino-e-schiumarola-2-in-1-per-pasta-di-miso-e-zuppe-colino-in-metallo\\\/#primaryimage\"},\"thumbnailUrl\":\"https:\\\/\\\/1mal1japan.de\\\/wp-content\\\/uploads\\\/2023\\\/01\\\/Sieb-fuer-Miso-Paste_5.jpg\",\"datePublished\":\"2023-01-26T13:21:21+00:00\",\"dateModified\":\"2026-04-28T12:12:24+00:00\",\"description\":\"I\u27a1 setaccio a maglia fine per piatti tipici giapponesi \u2714 per sciogliere e schiumare \u2714 colino e schiumarola \u2714 resistente al calore \u2714 consegna veloce!\",\"breadcrumb\":{\"@id\":\"https:\\\/\\\/1mal1japan.de\\\/it\\\/produkt\\\/colino-a-maglia-fine-dal-giappone-colino-e-schiumarola-2-in-1-per-pasta-di-miso-e-zuppe-colino-in-metallo\\\/#breadcrumb\"},\"inLanguage\":\"it-IT\",\"potentialAction\":[{\"@type\":\"ReadAction\",\"target\":[\"https:\\\/\\\/1mal1japan.de\\\/it\\\/produkt\\\/colino-a-maglia-fine-dal-giappone-colino-e-schiumarola-2-in-1-per-pasta-di-miso-e-zuppe-colino-in-metallo\\\/\"]}]},{\"@type\":\"ImageObject\",\"inLanguage\":\"it-IT\",\"@id\":\"https:\\\/\\\/1mal1japan.de\\\/it\\\/produkt\\\/colino-a-maglia-fine-dal-giappone-colino-e-schiumarola-2-in-1-per-pasta-di-miso-e-zuppe-colino-in-metallo\\\/#primaryimage\",\"url\":\"https:\\\/\\\/1mal1japan.de\\\/wp-content\\\/uploads\\\/2023\\\/01\\\/Sieb-fuer-Miso-Paste_5.jpg\",\"contentUrl\":\"https:\\\/\\\/1mal1japan.de\\\/wp-content\\\/uploads\\\/2023\\\/01\\\/Sieb-fuer-Miso-Paste_5.jpg\",\"width\":800,\"height\":800,\"caption\":\"Setaccio per pasta di miso\"},{\"@type\":\"BreadcrumbList\",\"@id\":\"https:\\\/\\\/1mal1japan.de\\\/it\\\/produkt\\\/colino-a-maglia-fine-dal-giappone-colino-e-schiumarola-2-in-1-per-pasta-di-miso-e-zuppe-colino-in-metallo\\\/#breadcrumb\",\"itemListElement\":[{\"@type\":\"ListItem\",\"position\":1,\"name\":\"Startseite\",\"item\":\"https:\\\/\\\/1mal1japan.de\\\/it\\\/\"},{\"@type\":\"ListItem\",\"position\":2,\"name\":\"Negozio\",\"item\":\"https:\\\/\\\/1mal1japan.de\\\/it\\\/shop\\\/\"},{\"@type\":\"ListItem\",\"position\":3,\"name\":\"Colino a maglia fine dal Giappone (colino e schiumarola 2 in 1, per pasta di Miso e zuppe, colino in metallo)\"}]},{\"@type\":\"WebSite\",\"@id\":\"https:\\\/\\\/1mal1japan.de\\\/it\\\/#website\",\"url\":\"https:\\\/\\\/1mal1japan.de\\\/it\\\/\",\"name\":\"1mal1japan.de\",\"description\":\"japanisch kochen &amp; einkaufen\",\"publisher\":{\"@id\":\"https:\\\/\\\/1mal1japan.de\\\/it\\\/#\\\/schema\\\/person\\\/3b6eab913fce9065523e927d88b032b0\"},\"potentialAction\":[{\"@type\":\"SearchAction\",\"target\":{\"@type\":\"EntryPoint\",\"urlTemplate\":\"https:\\\/\\\/1mal1japan.de\\\/it\\\/?s={search_term_string}\"},\"query-input\":{\"@type\":\"PropertyValueSpecification\",\"valueRequired\":true,\"valueName\":\"search_term_string\"}}],\"inLanguage\":\"it-IT\"},{\"@type\":[\"Person\",\"Organization\"],\"@id\":\"https:\\\/\\\/1mal1japan.de\\\/it\\\/#\\\/schema\\\/person\\\/3b6eab913fce9065523e927d88b032b0\",\"name\":\"Elisa\",\"image\":{\"@type\":\"ImageObject\",\"inLanguage\":\"it-IT\",\"@id\":\"https:\\\/\\\/1mal1japan.de\\\/wp-content\\\/uploads\\\/2018\\\/09\\\/Profilbild_Elisa.png\",\"url\":\"https:\\\/\\\/1mal1japan.de\\\/wp-content\\\/uploads\\\/2018\\\/09\\\/Profilbild_Elisa.png\",\"contentUrl\":\"https:\\\/\\\/1mal1japan.de\\\/wp-content\\\/uploads\\\/2018\\\/09\\\/Profilbild_Elisa.png\",\"width\":200,\"height\":200,\"caption\":\"Elisa\"},\"logo\":{\"@id\":\"https:\\\/\\\/1mal1japan.de\\\/wp-content\\\/uploads\\\/2018\\\/09\\\/Profilbild_Elisa.png\"}}]}<\/script>\n<meta property=\"product:price:amount\" content=\"4.99\" \/>\n<meta property=\"product:price:currency\" content=\"EUR\" \/>\n<meta property=\"og:availability\" content=\"instock\" \/>\n<meta property=\"product:availability\" content=\"instock\" \/>\n<meta property=\"product:retailer_item_id\" content=\"2014\" \/>\n<meta property=\"product:condition\" content=\"new\" \/>\n<!-- \/ Yoast SEO Premium plugin. -->","yoast_head_json":{"title":"Colino e schiumarola 2 in 1 (colino a maglia fine) 1mal1japan","description":"I\u27a1 setaccio a maglia fine per piatti tipici giapponesi \u2714 per sciogliere e schiumare \u2714 colino e schiumarola \u2714 resistente al calore \u2714 consegna veloce!","robots":{"index":"index","follow":"follow","max-snippet":"max-snippet:-1","max-image-preview":"max-image-preview:large","max-video-preview":"max-video-preview:-1"},"canonical":"https:\/\/1mal1japan.de\/it\/produkt\/colino-a-maglia-fine-dal-giappone-colino-e-schiumarola-2-in-1-per-pasta-di-miso-e-zuppe-colino-in-metallo\/","og_locale":"it_IT","og_type":"article","og_title":"Colino a maglia fine dal Giappone (colino e schiumarola 2 in 1, per pasta di Miso e zuppe, colino in metallo)","og_description":"Questo colino in metallo 2in1 proveniente dal Giappone ha maglie molto fini, \u00e8 resistente al calore e facile da pulire! \u00c8 quindi ideale per sciogliere la pasta di Miso e per schiumare i brodi giapponesi.","og_url":"https:\/\/1mal1japan.de\/it\/produkt\/colino-a-maglia-fine-dal-giappone-colino-e-schiumarola-2-in-1-per-pasta-di-miso-e-zuppe-colino-in-metallo\/","og_site_name":"1mal1japan.de","article_modified_time":"2026-04-28T12:12:24+00:00","og_image":[{"width":800,"height":800,"url":"https:\/\/1mal1japan.de\/wp-content\/uploads\/2023\/01\/Sieb-fuer-Miso-Paste_5.jpg","type":"image\/jpeg"}],"schema":{"@context":"https:\/\/schema.org","@graph":[{"@type":"WebPage","@id":"https:\/\/1mal1japan.de\/it\/produkt\/colino-a-maglia-fine-dal-giappone-colino-e-schiumarola-2-in-1-per-pasta-di-miso-e-zuppe-colino-in-metallo\/","url":"https:\/\/1mal1japan.de\/it\/produkt\/colino-a-maglia-fine-dal-giappone-colino-e-schiumarola-2-in-1-per-pasta-di-miso-e-zuppe-colino-in-metallo\/","name":"Colino e schiumarola 2 in 1 (colino a maglia fine) 1mal1japan","isPartOf":{"@id":"https:\/\/1mal1japan.de\/it\/#website"},"primaryImageOfPage":{"@id":"https:\/\/1mal1japan.de\/it\/produkt\/colino-a-maglia-fine-dal-giappone-colino-e-schiumarola-2-in-1-per-pasta-di-miso-e-zuppe-colino-in-metallo\/#primaryimage"},"image":{"@id":"https:\/\/1mal1japan.de\/it\/produkt\/colino-a-maglia-fine-dal-giappone-colino-e-schiumarola-2-in-1-per-pasta-di-miso-e-zuppe-colino-in-metallo\/#primaryimage"},"thumbnailUrl":"https:\/\/1mal1japan.de\/wp-content\/uploads\/2023\/01\/Sieb-fuer-Miso-Paste_5.jpg","datePublished":"2023-01-26T13:21:21+00:00","dateModified":"2026-04-28T12:12:24+00:00","description":"I\u27a1 setaccio a maglia fine per piatti tipici giapponesi \u2714 per sciogliere e schiumare \u2714 colino e schiumarola \u2714 resistente al calore \u2714 consegna veloce!","breadcrumb":{"@id":"https:\/\/1mal1japan.de\/it\/produkt\/colino-a-maglia-fine-dal-giappone-colino-e-schiumarola-2-in-1-per-pasta-di-miso-e-zuppe-colino-in-metallo\/#breadcrumb"},"inLanguage":"it-IT","potentialAction":[{"@type":"ReadAction","target":["https:\/\/1mal1japan.de\/it\/produkt\/colino-a-maglia-fine-dal-giappone-colino-e-schiumarola-2-in-1-per-pasta-di-miso-e-zuppe-colino-in-metallo\/"]}]},{"@type":"ImageObject","inLanguage":"it-IT","@id":"https:\/\/1mal1japan.de\/it\/produkt\/colino-a-maglia-fine-dal-giappone-colino-e-schiumarola-2-in-1-per-pasta-di-miso-e-zuppe-colino-in-metallo\/#primaryimage","url":"https:\/\/1mal1japan.de\/wp-content\/uploads\/2023\/01\/Sieb-fuer-Miso-Paste_5.jpg","contentUrl":"https:\/\/1mal1japan.de\/wp-content\/uploads\/2023\/01\/Sieb-fuer-Miso-Paste_5.jpg","width":800,"height":800,"caption":"Setaccio per pasta di miso"},{"@type":"BreadcrumbList","@id":"https:\/\/1mal1japan.de\/it\/produkt\/colino-a-maglia-fine-dal-giappone-colino-e-schiumarola-2-in-1-per-pasta-di-miso-e-zuppe-colino-in-metallo\/#breadcrumb","itemListElement":[{"@type":"ListItem","position":1,"name":"Startseite","item":"https:\/\/1mal1japan.de\/it\/"},{"@type":"ListItem","position":2,"name":"Negozio","item":"https:\/\/1mal1japan.de\/it\/shop\/"},{"@type":"ListItem","position":3,"name":"Colino a maglia fine dal Giappone (colino e schiumarola 2 in 1, per pasta di Miso e zuppe, colino in metallo)"}]},{"@type":"WebSite","@id":"https:\/\/1mal1japan.de\/it\/#website","url":"https:\/\/1mal1japan.de\/it\/","name":"1mal1japan.de","description":"japanisch kochen &amp; einkaufen","publisher":{"@id":"https:\/\/1mal1japan.de\/it\/#\/schema\/person\/3b6eab913fce9065523e927d88b032b0"},"potentialAction":[{"@type":"SearchAction","target":{"@type":"EntryPoint","urlTemplate":"https:\/\/1mal1japan.de\/it\/?s={search_term_string}"},"query-input":{"@type":"PropertyValueSpecification","valueRequired":true,"valueName":"search_term_string"}}],"inLanguage":"it-IT"},{"@type":["Person","Organization"],"@id":"https:\/\/1mal1japan.de\/it\/#\/schema\/person\/3b6eab913fce9065523e927d88b032b0","name":"Elisa","image":{"@type":"ImageObject","inLanguage":"it-IT","@id":"https:\/\/1mal1japan.de\/wp-content\/uploads\/2018\/09\/Profilbild_Elisa.png","url":"https:\/\/1mal1japan.de\/wp-content\/uploads\/2018\/09\/Profilbild_Elisa.png","contentUrl":"https:\/\/1mal1japan.de\/wp-content\/uploads\/2018\/09\/Profilbild_Elisa.png","width":200,"height":200,"caption":"Elisa"},"logo":{"@id":"https:\/\/1mal1japan.de\/wp-content\/uploads\/2018\/09\/Profilbild_Elisa.png"}}]},"product_price_amount":"4.99","product_price_currency":"EUR","og_availability":"instock","product_availability":"instock","product_retailer_item_id":"2014","product_condition":"new"},"uagb_featured_image_src":{"full":["https:\/\/1mal1japan.de\/wp-content\/uploads\/2023\/01\/Sieb-fuer-Miso-Paste_5.jpg",800,800,false],"thumbnail":["https:\/\/1mal1japan.de\/wp-content\/uploads\/2023\/01\/Sieb-fuer-Miso-Paste_5-150x150.jpg",150,150,true],"medium":["https:\/\/1mal1japan.de\/wp-content\/uploads\/2023\/01\/Sieb-fuer-Miso-Paste_5-300x300.jpg",300,300,true],"medium_large":["https:\/\/1mal1japan.de\/wp-content\/uploads\/2023\/01\/Sieb-fuer-Miso-Paste_5-768x768.jpg",768,768,true],"large":["https:\/\/1mal1japan.de\/wp-content\/uploads\/2023\/01\/Sieb-fuer-Miso-Paste_5.jpg",800,800,false],"1536x1536":["https:\/\/1mal1japan.de\/wp-content\/uploads\/2023\/01\/Sieb-fuer-Miso-Paste_5.jpg",800,800,false],"2048x2048":["https:\/\/1mal1japan.de\/wp-content\/uploads\/2023\/01\/Sieb-fuer-Miso-Paste_5.jpg",800,800,false],"woocommerce_thumbnail":["https:\/\/1mal1japan.de\/wp-content\/uploads\/2023\/01\/Sieb-fuer-Miso-Paste_5-600x600.jpg",600,600,true],"woocommerce_single":["https:\/\/1mal1japan.de\/wp-content\/uploads\/2023\/01\/Sieb-fuer-Miso-Paste_5.jpg",800,800,false],"woocommerce_gallery_thumbnail":["https:\/\/1mal1japan.de\/wp-content\/uploads\/2023\/01\/Sieb-fuer-Miso-Paste_5-100x100.jpg",100,100,true]},"uagb_author_info":{"display_name":"Elisa","author_link":"https:\/\/1mal1japan.de\/it\/author\/"},"uagb_comment_info":0,"uagb_excerpt":"Questo colino in metallo 2in1 proveniente dal Giappone ha maglie molto fini, \u00e8 resistente al calore e facile da pulire! \u00c8 quindi ideale per sciogliere la pasta di Miso e per schiumare i brodi giapponesi.","_links":{"self":[{"href":"https:\/\/1mal1japan.de\/it\/wp-json\/wp\/v2\/product\/64630","targetHints":{"allow":["GET"]}}],"collection":[{"href":"https:\/\/1mal1japan.de\/it\/wp-json\/wp\/v2\/product"}],"about":[{"href":"https:\/\/1mal1japan.de\/it\/wp-json\/wp\/v2\/types\/product"}],"wp:featuredmedia":[{"embeddable":true,"href":"https:\/\/1mal1japan.de\/it\/wp-json\/wp\/v2\/media\/64636"}],"wp:attachment":[{"href":"https:\/\/1mal1japan.de\/it\/wp-json\/wp\/v2\/media?parent=64630"}],"wp:term":[{"taxonomy":"product_brand","embeddable":true,"href":"https:\/\/1mal1japan.de\/it\/wp-json\/wp\/v2\/product_brand?post=64630"},{"taxonomy":"product_cat","embeddable":true,"href":"https:\/\/1mal1japan.de\/it\/wp-json\/wp\/v2\/product_cat?post=64630"},{"taxonomy":"product_tag","embeddable":true,"href":"https:\/\/1mal1japan.de\/it\/wp-json\/wp\/v2\/product_tag?post=64630"}],"curies":[{"name":"wp","href":"https:\/\/api.w.org\/{rel}","templated":true}]}}