{"id":64662,"date":"2024-06-04T09:56:22","date_gmt":"2024-06-04T07:56:22","guid":{"rendered":"https:\/\/1mal1japan.de\/produkt\/farina-per-pasta-di-gyoza-300-g-per-sfoglie-di-gyoza-fujiman\/"},"modified":"2026-04-28T14:16:03","modified_gmt":"2026-04-28T12:16:03","slug":"farina-per-pasta-di-gyoza-300-g-per-sfoglie-di-gyoza-fujiman","status":"publish","type":"product","link":"https:\/\/1mal1japan.de\/it\/produkt\/farina-per-pasta-di-gyoza-300-g-per-sfoglie-di-gyoza-fujiman\/","title":{"rendered":"Farina per pasta di gyoza 300 g (per sfoglie di gyoza), Fujiman"},"content":{"rendered":"\n<section class=\"wp-block-uagb-section uagb-section__wrap uagb-section__background-color uagb-block-714b6646\"><div class=\"uagb-section__overlay\"><\/div><div class=\"uagb-section__inner-wrap\">\n<p class=\"has-ast-global-color-5-color has-text-color has-link-color wp-elements-efa039fcc952fb69539da791ed9a34e9\">\u2705 Miscela di farina speciale per sfoglie di Gyoza<br\/>\u2705 Impasto elastico e morbido per sfoglie sottili<br\/>\u2705 Ideale per Gyoza, dumpling, mandu e wonton<br\/>\u2705 Facile da preparare solo con acqua<br\/>\u2705 Vegano e senza additivi<\/p>\n<\/div><\/section>\n\n<h2 class=\"wp-block-heading\" id=\"wissen\">Cos&#8217;\u00e8 la farina per pasta di Gyoza?<\/h2>\n\n<p>La farina per pasta di Gyoza \u00e8 una miscela di farine appositamente studiata per la preparazione di sfoglie sottili ed elastiche. Semplifica notevolmente la preparazione dei Gyoza e garantisce una struttura dell&#8217;impasto omogenea e facilmente modellabile.<\/p>\n\n<h3 class=\"wp-block-heading\" id=\"zubereitung\">Come si prepara l&#8217;impasto per Gyoza?<\/h3>\n\n<p>Basta impastare la farina con acqua fino a ottenere un impasto liscio. Dopo un breve tempo di riposo, l&#8217;impasto pu\u00f2 essere steso sottile e tagliato a cerchi. In questo modo si ottengono sfoglie di pasta facili da farcire e da chiudere in modo pulito.<\/p>\n\n<h2 class=\"wp-block-heading\" id=\"verwendung\">Per cosa posso usare questa farina?<\/h2>\n\n<p>La miscela \u00e8 adatta per i classici Gyoza, ma anche per dumpling, mandu o wonton. L&#8217;impasto rimane stabile durante la frittura e la cottura al vapore e garantisce un involucro sottile e leggermente elastico.<\/p>\n\n<h3 class=\"wp-block-heading\" id=\"rezepte\">Ecco cosa puoi cucinare con questa miscela:<\/h3>\n\n\t\t\t<div class=\"wp-block-uagb-post-grid uagb-post-grid  uagb-post__image-position-top uagb-post__image-enabled uagb-block-27b66334     uagb-post__items uagb-post__columns-2 is-grid uagb-post__columns-tablet-2 uagb-post__columns-mobile-2 uagb-post__equal-height\" data-total=\"0\" style=\"\">\n\n\t\t\t\t\t\t\t\t\t<p class=\"uagb-post__no-posts\">\n\t\t\t\t\t\tNo post found!\t\t\t\t\t<\/p>\n\t\t\t\t\t\t\t\t<\/div>\n\t\t\t\n<div style=\"height:20px\" aria-hidden=\"true\" class=\"wp-block-spacer\"><\/div>\n\n<h3 class=\"wp-block-heading\" id=\"besonderheiten\">Cosa rende speciale questa farina per Gyoza?<\/h3>\n\n<p>La miscela \u00e8 studiata per essere facile da lavorare e garantire risultati affidabili. L&#8217;impasto diventa elastico, non si strappa durante la formatura e rimane stabile anche durante la cottura.<\/p>\n\n<div style=\"height:20px\" aria-hidden=\"true\" class=\"wp-block-spacer\"><\/div>\n\n<section class=\"wp-block-uagb-section uagb-section__wrap uagb-section__background-none uagb-block-6492d650\"><div class=\"uagb-section__overlay\"><\/div><div class=\"uagb-section__inner-wrap\">\n<section class=\"wp-block-uagb-section uagb-section__wrap uagb-section__background-none uagb-block-89760efc\"><div class=\"uagb-section__overlay\"><\/div><div class=\"uagb-section__inner-wrap\">\n<figure class=\"wp-block-image alignleft size-full is-resized\"><img decoding=\"async\" width=\"2000\" height=\"2000\" src=\"https:\/\/1mal1japan.de\/wp-content\/uploads\/2024\/01\/Logo-Onigiri-Reisball-2000px.png\" alt=\"\" class=\"wp-image-36793\" style=\"width:100px\" srcset=\"https:\/\/1mal1japan.de\/wp-content\/uploads\/2024\/01\/Logo-Onigiri-Reisball-2000px.png 2000w, https:\/\/1mal1japan.de\/wp-content\/uploads\/2024\/01\/Logo-Onigiri-Reisball-2000px-300x300.png 300w, https:\/\/1mal1japan.de\/wp-content\/uploads\/2024\/01\/Logo-Onigiri-Reisball-2000px-1024x1024.png 1024w, https:\/\/1mal1japan.de\/wp-content\/uploads\/2024\/01\/Logo-Onigiri-Reisball-2000px-150x150.png 150w, https:\/\/1mal1japan.de\/wp-content\/uploads\/2024\/01\/Logo-Onigiri-Reisball-2000px-768x768.png 768w, https:\/\/1mal1japan.de\/wp-content\/uploads\/2024\/01\/Logo-Onigiri-Reisball-2000px-1536x1536.png 1536w, https:\/\/1mal1japan.de\/wp-content\/uploads\/2024\/01\/Logo-Onigiri-Reisball-2000px-600x600.png 600w, https:\/\/1mal1japan.de\/wp-content\/uploads\/2024\/01\/Logo-Onigiri-Reisball-2000px-1200x1200.png 1200w, https:\/\/1mal1japan.de\/wp-content\/uploads\/2024\/01\/Logo-Onigiri-Reisball-2000px-100x100.png 100w\" sizes=\"(max-width: 2000px) 100vw, 2000px\" \/><\/figure>\n<\/div><\/section>\n\n\n\n<section class=\"wp-block-uagb-section uagb-section__wrap uagb-section__background-none uagb-block-6d656dd4\"><div class=\"uagb-section__overlay\"><\/div><div class=\"uagb-section__inner-wrap\">\n<h3 class=\"wp-block-heading has-text-align-left\" id=\"vegan\" style=\"margin-top:0px;margin-bottom:0px\">La farina \u00e8 vegana?<\/h3>\n\n\n\n<p class=\"has-text-align-left\"><em>S\u00ec, la farina per Gyoza \u00e8 vegana e non contiene additivi n\u00e9 conservanti. \u00c8 costituita da una miscela chiara e funzionale per la preparazione dell&#8217;impasto. <\/em><\/p>\n<\/div><\/section>\n<\/div><\/section>\n\n<div style=\"height:20px\" aria-hidden=\"true\" class=\"wp-block-spacer\"><\/div>\n\n<h3 class=\"wp-block-heading\" id=\"lagerung\">Come si conserva la farina?<\/h3>\n\n<p>La farina va conservata in un luogo asciutto, fresco e ben chiuso. In questo modo si mantiene a lungo e conserva le sue propriet\u00e0 di cottura.<\/p>\n\n<h2 class=\"wp-block-heading\" id=\"h-deine-vorteile-und-unser-versprechen\">I tuoi vantaggi e la nostra promessa:<\/h2>\n\n<section class=\"wp-block-uagb-section uagb-section__wrap uagb-section__background-color uagb-block-85f7e9d2\"><div class=\"uagb-section__overlay\"><\/div><div class=\"uagb-section__inner-wrap\">\n<p>\u2764\ufe0f <strong>Veloce, semplice e affidabile:<\/strong> I clienti ci adorano! Con 4,9 stelle su 5 su Shopvote &#8211; dai un&#8217;occhiata <a href=\"https:\/\/www.shopvote.de\/bewertung_1mal1japan_de_23342.html\">qui alle recensioni dei nostri clienti<\/a>!<\/p>\n<\/div><\/section>\n\n<div style=\"height:20px\" aria-hidden=\"true\" class=\"wp-block-spacer\"><\/div>\n\n<section class=\"wp-block-uagb-section uagb-section__wrap uagb-section__background-color uagb-block-9e748e26\"><div class=\"uagb-section__overlay\"><\/div><div class=\"uagb-section__inner-wrap\">\n<p>\ud83c\udf31 <strong>Acquisti sostenibili:<\/strong> Spedizioni a impatto zero, imballaggi ecologici, fatture digitali di default.<\/p>\n<\/div><\/section>\n\n<div style=\"height:20px\" aria-hidden=\"true\" class=\"wp-block-spacer\"><\/div>\n\n<section class=\"wp-block-uagb-section uagb-section__wrap uagb-section__background-color uagb-block-11f9fc83\"><div class=\"uagb-section__overlay\"><\/div><div class=\"uagb-section__inner-wrap\">\n<p><strong>\ud83d\udd12 Acquisti al 100% senza rischi:<\/strong> Nessun importo minimo d&#8217;ordine, spedizione gratuita in Germania a partire da 59 \u20ac di spesa + diritto di recesso di 30 giorni con reso gratuito.<\/p>\n<\/div><\/section>\n\n<div style=\"height:20px\" aria-hidden=\"true\" class=\"wp-block-spacer\"><\/div>\n\n<section class=\"wp-block-uagb-section uagb-section__wrap uagb-section__background-color uagb-block-5b55bd83\"><div class=\"uagb-section__overlay\"><\/div><div class=\"uagb-section__inner-wrap\">\n<p>\ud83e\udd62 <strong>I migliori ingredienti per la tua esperienza culinaria e gustativa: <\/strong>Prodotti selezionati a mano che ci convincono personalmente in base a quattro criteri: (1) gusto, (2) autenticit\u00e0, (3) prezzo e (4) disponibilit\u00e0.<\/p>\n<\/div><\/section>\n\n<div style=\"height:20px\" aria-hidden=\"true\" class=\"wp-block-spacer\"><\/div>\n\n<section class=\"wp-block-uagb-section uagb-section__wrap uagb-section__background-color uagb-block-94ed5912\"><div class=\"uagb-section__overlay\"><\/div><div class=\"uagb-section__inner-wrap\">\n<p>\ud83d\udc4d <strong>Approfitta della nostra pluriennale esperienza<\/strong>: 1mal1japan.de esiste gi\u00e0 dal 2016. Da allora abbiamo avuto il piacere di accogliere milioni di visitatori sul nostro blog e nel nostro Shop e di servire oltre 50.000 clienti soddisfatti. Grazie di cuore a tutti i lettori e ai fan!<\/p>\n<\/div><\/section>\n","protected":false},"excerpt":{"rendered":"<p><strong>Miscela di farina per Gyoza, ravioli e sfoglie fatte in casa.<\/strong> <\/p>\n<p>Questa farina per Gyoza di Fujiman \u00e8 una miscela bilanciata per sfoglie sottili ed elastiche. \u00c8 facile da lavorare ed \u00e8 ideale per Gyoza, ravioli o altri fagottini ripieni.<\/p>\n","protected":false},"featured_media":64672,"template":"","meta":{"_uag_custom_page_level_css":"","site-sidebar-layout":"default","site-content-layout":"","ast-site-content-layout":"default","site-content-style":"default","site-sidebar-style":"default","ast-global-header-display":"","ast-banner-title-visibility":"","ast-main-header-display":"","ast-hfb-above-header-display":"","ast-hfb-below-header-display":"","ast-hfb-mobile-header-display":"","site-post-title":"","ast-breadcrumbs-content":"","ast-featured-img":"","footer-sml-layout":"","ast-disable-related-posts":"","theme-transparent-header-meta":"","adv-header-id-meta":"","stick-header-meta":"","header-above-stick-meta":"","header-main-stick-meta":"","header-below-stick-meta":"","astra-migrate-meta-layouts":"default","ast-page-background-enabled":"default","ast-page-background-meta":{"desktop":{"background-color":"","background-image":"","background-repeat":"repeat","background-position":"center center","background-size":"auto","background-attachment":"scroll","background-type":"","background-media":"","overlay-type":"","overlay-color":"","overlay-opacity":"","overlay-gradient":""},"tablet":{"background-color":"","background-image":"","background-repeat":"repeat","background-position":"center center","background-size":"auto","background-attachment":"scroll","background-type":"","background-media":"","overlay-type":"","overlay-color":"","overlay-opacity":"","overlay-gradient":""},"mobile":{"background-color":"","background-image":"","background-repeat":"repeat","background-position":"center center","background-size":"auto","background-attachment":"scroll","background-type":"","background-media":"","overlay-type":"","overlay-color":"","overlay-opacity":"","overlay-gradient":""}},"ast-content-background-meta":{"desktop":{"background-color":"var(--ast-global-color-5)","background-image":"","background-repeat":"repeat","background-position":"center center","background-size":"auto","background-attachment":"scroll","background-type":"","background-media":"","overlay-type":"","overlay-color":"","overlay-opacity":"","overlay-gradient":""},"tablet":{"background-color":"var(--ast-global-color-5)","background-image":"","background-repeat":"repeat","background-position":"center center","background-size":"auto","background-attachment":"scroll","background-type":"","background-media":"","overlay-type":"","overlay-color":"","overlay-opacity":"","overlay-gradient":""},"mobile":{"background-color":"var(--ast-global-color-5)","background-image":"","background-repeat":"repeat","background-position":"center center","background-size":"auto","background-attachment":"scroll","background-type":"","background-media":"","overlay-type":"","overlay-color":"","overlay-opacity":"","overlay-gradient":""}}},"product_brand":[],"product_cat":[1455,1569,1597,1557],"product_tag":[1913],"class_list":{"0":"post-64662","1":"product","2":"type-product","3":"status-publish","4":"has-post-thumbnail","6":"product_cat-senza-categoria","7":"product_cat-fujiman","8":"product_cat-riso-noodles-e-farina","9":"product_cat-tutti-i-prodotti","10":"product_tag-gyoza","11":"desktop-align-left","12":"tablet-align-left","13":"mobile-align-left","14":"ast-product-gallery-layout-horizontal-slider","15":"ast-magnify-disabled","16":"ast-product-tabs-layout-horizontal","18":"first","19":"instock","20":"taxable","21":"shipping-taxable","22":"purchasable","23":"product-type-simple"},"yoast_head":"<!-- This site is optimized with the Yoast SEO Premium plugin v27.4 (Yoast SEO v27.4) - https:\/\/yoast.com\/product\/yoast-seo-premium-wordpress\/ -->\n<title>Farina per gyoza 300 g (pasta per gyoza e ravioli), Fujiman<\/title>\n<meta name=\"description\" content=\"|\u27a1 Farina per Gyoza Fujiman di alta qualit\u00e0 \u2714 ideale per preparare in casa la pasta per Gyoza \u2714 vegana, senza additivi e facile da lavorare \u2714 consegna rapida!\" \/>\n<meta name=\"robots\" content=\"index, follow, max-snippet:-1, max-image-preview:large, max-video-preview:-1\" \/>\n<link rel=\"canonical\" href=\"https:\/\/1mal1japan.de\/it\/produkt\/farina-per-pasta-di-gyoza-300-g-per-sfoglie-di-gyoza-fujiman\/\" \/>\n<meta property=\"og:locale\" content=\"it_IT\" \/>\n<meta property=\"og:type\" content=\"article\" \/>\n<meta property=\"og:title\" content=\"Farina per pasta di gyoza 300 g (per sfoglie di gyoza), Fujiman\" \/>\n<meta property=\"og:description\" content=\"Miscela di farina per Gyoza, ravioli e sfoglie fatte in casa. Questa farina per Gyoza di Fujiman \u00e8 una miscela bilanciata per sfoglie sottili ed elastiche. \u00c8 facile da lavorare ed \u00e8 ideale per Gyoza, ravioli o altri fagottini ripieni.\" \/>\n<meta property=\"og:url\" content=\"https:\/\/1mal1japan.de\/it\/produkt\/farina-per-pasta-di-gyoza-300-g-per-sfoglie-di-gyoza-fujiman\/\" \/>\n<meta property=\"og:site_name\" content=\"1mal1japan.de\" \/>\n<meta property=\"article:modified_time\" content=\"2026-04-28T12:16:03+00:00\" \/>\n<meta property=\"og:image\" content=\"https:\/\/1mal1japan.de\/wp-content\/uploads\/2024\/06\/Gyoza-Mehl-mit-Schatten-komp-1.png\" \/>\n\t<meta property=\"og:image:width\" content=\"800\" \/>\n\t<meta property=\"og:image:height\" content=\"800\" \/>\n\t<meta property=\"og:image:type\" content=\"image\/png\" \/>\n<script type=\"application\/ld+json\" class=\"yoast-schema-graph\">{\"@context\":\"https:\\\/\\\/schema.org\",\"@graph\":[{\"@type\":\"WebPage\",\"@id\":\"https:\\\/\\\/1mal1japan.de\\\/it\\\/produkt\\\/farina-per-pasta-di-gyoza-300-g-per-sfoglie-di-gyoza-fujiman\\\/\",\"url\":\"https:\\\/\\\/1mal1japan.de\\\/it\\\/produkt\\\/farina-per-pasta-di-gyoza-300-g-per-sfoglie-di-gyoza-fujiman\\\/\",\"name\":\"Farina per gyoza 300 g (pasta per gyoza e ravioli), Fujiman\",\"isPartOf\":{\"@id\":\"https:\\\/\\\/1mal1japan.de\\\/it\\\/#website\"},\"primaryImageOfPage\":{\"@id\":\"https:\\\/\\\/1mal1japan.de\\\/it\\\/produkt\\\/farina-per-pasta-di-gyoza-300-g-per-sfoglie-di-gyoza-fujiman\\\/#primaryimage\"},\"image\":{\"@id\":\"https:\\\/\\\/1mal1japan.de\\\/it\\\/produkt\\\/farina-per-pasta-di-gyoza-300-g-per-sfoglie-di-gyoza-fujiman\\\/#primaryimage\"},\"thumbnailUrl\":\"https:\\\/\\\/1mal1japan.de\\\/wp-content\\\/uploads\\\/2024\\\/06\\\/Gyoza-Mehl-mit-Schatten-komp-1.png\",\"datePublished\":\"2024-06-04T07:56:22+00:00\",\"dateModified\":\"2026-04-28T12:16:03+00:00\",\"description\":\"|\u27a1 Farina per Gyoza Fujiman di alta qualit\u00e0 \u2714 ideale per preparare in casa la pasta per Gyoza \u2714 vegana, senza additivi e facile da lavorare \u2714 consegna rapida!\",\"breadcrumb\":{\"@id\":\"https:\\\/\\\/1mal1japan.de\\\/it\\\/produkt\\\/farina-per-pasta-di-gyoza-300-g-per-sfoglie-di-gyoza-fujiman\\\/#breadcrumb\"},\"inLanguage\":\"it-IT\",\"potentialAction\":[{\"@type\":\"ReadAction\",\"target\":[\"https:\\\/\\\/1mal1japan.de\\\/it\\\/produkt\\\/farina-per-pasta-di-gyoza-300-g-per-sfoglie-di-gyoza-fujiman\\\/\"]}]},{\"@type\":\"ImageObject\",\"inLanguage\":\"it-IT\",\"@id\":\"https:\\\/\\\/1mal1japan.de\\\/it\\\/produkt\\\/farina-per-pasta-di-gyoza-300-g-per-sfoglie-di-gyoza-fujiman\\\/#primaryimage\",\"url\":\"https:\\\/\\\/1mal1japan.de\\\/wp-content\\\/uploads\\\/2024\\\/06\\\/Gyoza-Mehl-mit-Schatten-komp-1.png\",\"contentUrl\":\"https:\\\/\\\/1mal1japan.de\\\/wp-content\\\/uploads\\\/2024\\\/06\\\/Gyoza-Mehl-mit-Schatten-komp-1.png\",\"width\":800,\"height\":800,\"caption\":\"Farina per pasta Gyoza 300 g (miscela di farina per sfoglie di pasta Gyoza fai da te), Fujiman\"},{\"@type\":\"BreadcrumbList\",\"@id\":\"https:\\\/\\\/1mal1japan.de\\\/it\\\/produkt\\\/farina-per-pasta-di-gyoza-300-g-per-sfoglie-di-gyoza-fujiman\\\/#breadcrumb\",\"itemListElement\":[{\"@type\":\"ListItem\",\"position\":1,\"name\":\"Startseite\",\"item\":\"https:\\\/\\\/1mal1japan.de\\\/it\\\/\"},{\"@type\":\"ListItem\",\"position\":2,\"name\":\"Negozio\",\"item\":\"https:\\\/\\\/1mal1japan.de\\\/it\\\/shop\\\/\"},{\"@type\":\"ListItem\",\"position\":3,\"name\":\"Farina per pasta di gyoza 300 g (per sfoglie di gyoza), Fujiman\"}]},{\"@type\":\"WebSite\",\"@id\":\"https:\\\/\\\/1mal1japan.de\\\/it\\\/#website\",\"url\":\"https:\\\/\\\/1mal1japan.de\\\/it\\\/\",\"name\":\"1mal1japan.de\",\"description\":\"japanisch kochen &amp; einkaufen\",\"publisher\":{\"@id\":\"https:\\\/\\\/1mal1japan.de\\\/it\\\/#\\\/schema\\\/person\\\/3b6eab913fce9065523e927d88b032b0\"},\"potentialAction\":[{\"@type\":\"SearchAction\",\"target\":{\"@type\":\"EntryPoint\",\"urlTemplate\":\"https:\\\/\\\/1mal1japan.de\\\/it\\\/?s={search_term_string}\"},\"query-input\":{\"@type\":\"PropertyValueSpecification\",\"valueRequired\":true,\"valueName\":\"search_term_string\"}}],\"inLanguage\":\"it-IT\"},{\"@type\":[\"Person\",\"Organization\"],\"@id\":\"https:\\\/\\\/1mal1japan.de\\\/it\\\/#\\\/schema\\\/person\\\/3b6eab913fce9065523e927d88b032b0\",\"name\":\"Elisa\",\"image\":{\"@type\":\"ImageObject\",\"inLanguage\":\"it-IT\",\"@id\":\"https:\\\/\\\/1mal1japan.de\\\/wp-content\\\/uploads\\\/2018\\\/09\\\/Profilbild_Elisa.png\",\"url\":\"https:\\\/\\\/1mal1japan.de\\\/wp-content\\\/uploads\\\/2018\\\/09\\\/Profilbild_Elisa.png\",\"contentUrl\":\"https:\\\/\\\/1mal1japan.de\\\/wp-content\\\/uploads\\\/2018\\\/09\\\/Profilbild_Elisa.png\",\"width\":200,\"height\":200,\"caption\":\"Elisa\"},\"logo\":{\"@id\":\"https:\\\/\\\/1mal1japan.de\\\/wp-content\\\/uploads\\\/2018\\\/09\\\/Profilbild_Elisa.png\"}}]}<\/script>\n<meta property=\"product:brand\" content=\"Fujiman\" \/>\n<meta property=\"product:price:amount\" content=\"4.99\" \/>\n<meta property=\"product:price:currency\" content=\"EUR\" \/>\n<meta property=\"og:availability\" content=\"instock\" \/>\n<meta property=\"product:availability\" content=\"instock\" \/>\n<meta property=\"product:retailer_item_id\" content=\"1171\" \/>\n<meta property=\"product:condition\" content=\"new\" \/>\n<!-- \/ Yoast SEO Premium plugin. -->","yoast_head_json":{"title":"Farina per gyoza 300 g (pasta per gyoza e ravioli), Fujiman","description":"|\u27a1 Farina per Gyoza Fujiman di alta qualit\u00e0 \u2714 ideale per preparare in casa la pasta per Gyoza \u2714 vegana, senza additivi e facile da lavorare \u2714 consegna rapida!","robots":{"index":"index","follow":"follow","max-snippet":"max-snippet:-1","max-image-preview":"max-image-preview:large","max-video-preview":"max-video-preview:-1"},"canonical":"https:\/\/1mal1japan.de\/it\/produkt\/farina-per-pasta-di-gyoza-300-g-per-sfoglie-di-gyoza-fujiman\/","og_locale":"it_IT","og_type":"article","og_title":"Farina per pasta di gyoza 300 g (per sfoglie di gyoza), Fujiman","og_description":"Miscela di farina per Gyoza, ravioli e sfoglie fatte in casa. Questa farina per Gyoza di Fujiman \u00e8 una miscela bilanciata per sfoglie sottili ed elastiche. \u00c8 facile da lavorare ed \u00e8 ideale per Gyoza, ravioli o altri fagottini ripieni.","og_url":"https:\/\/1mal1japan.de\/it\/produkt\/farina-per-pasta-di-gyoza-300-g-per-sfoglie-di-gyoza-fujiman\/","og_site_name":"1mal1japan.de","article_modified_time":"2026-04-28T12:16:03+00:00","og_image":[{"width":800,"height":800,"url":"https:\/\/1mal1japan.de\/wp-content\/uploads\/2024\/06\/Gyoza-Mehl-mit-Schatten-komp-1.png","type":"image\/png"}],"schema":{"@context":"https:\/\/schema.org","@graph":[{"@type":"WebPage","@id":"https:\/\/1mal1japan.de\/it\/produkt\/farina-per-pasta-di-gyoza-300-g-per-sfoglie-di-gyoza-fujiman\/","url":"https:\/\/1mal1japan.de\/it\/produkt\/farina-per-pasta-di-gyoza-300-g-per-sfoglie-di-gyoza-fujiman\/","name":"Farina per gyoza 300 g (pasta per gyoza e ravioli), Fujiman","isPartOf":{"@id":"https:\/\/1mal1japan.de\/it\/#website"},"primaryImageOfPage":{"@id":"https:\/\/1mal1japan.de\/it\/produkt\/farina-per-pasta-di-gyoza-300-g-per-sfoglie-di-gyoza-fujiman\/#primaryimage"},"image":{"@id":"https:\/\/1mal1japan.de\/it\/produkt\/farina-per-pasta-di-gyoza-300-g-per-sfoglie-di-gyoza-fujiman\/#primaryimage"},"thumbnailUrl":"https:\/\/1mal1japan.de\/wp-content\/uploads\/2024\/06\/Gyoza-Mehl-mit-Schatten-komp-1.png","datePublished":"2024-06-04T07:56:22+00:00","dateModified":"2026-04-28T12:16:03+00:00","description":"|\u27a1 Farina per Gyoza Fujiman di alta qualit\u00e0 \u2714 ideale per preparare in casa la pasta per Gyoza \u2714 vegana, senza additivi e facile da lavorare \u2714 consegna rapida!","breadcrumb":{"@id":"https:\/\/1mal1japan.de\/it\/produkt\/farina-per-pasta-di-gyoza-300-g-per-sfoglie-di-gyoza-fujiman\/#breadcrumb"},"inLanguage":"it-IT","potentialAction":[{"@type":"ReadAction","target":["https:\/\/1mal1japan.de\/it\/produkt\/farina-per-pasta-di-gyoza-300-g-per-sfoglie-di-gyoza-fujiman\/"]}]},{"@type":"ImageObject","inLanguage":"it-IT","@id":"https:\/\/1mal1japan.de\/it\/produkt\/farina-per-pasta-di-gyoza-300-g-per-sfoglie-di-gyoza-fujiman\/#primaryimage","url":"https:\/\/1mal1japan.de\/wp-content\/uploads\/2024\/06\/Gyoza-Mehl-mit-Schatten-komp-1.png","contentUrl":"https:\/\/1mal1japan.de\/wp-content\/uploads\/2024\/06\/Gyoza-Mehl-mit-Schatten-komp-1.png","width":800,"height":800,"caption":"Farina per pasta Gyoza 300 g (miscela di farina per sfoglie di pasta Gyoza fai da te), Fujiman"},{"@type":"BreadcrumbList","@id":"https:\/\/1mal1japan.de\/it\/produkt\/farina-per-pasta-di-gyoza-300-g-per-sfoglie-di-gyoza-fujiman\/#breadcrumb","itemListElement":[{"@type":"ListItem","position":1,"name":"Startseite","item":"https:\/\/1mal1japan.de\/it\/"},{"@type":"ListItem","position":2,"name":"Negozio","item":"https:\/\/1mal1japan.de\/it\/shop\/"},{"@type":"ListItem","position":3,"name":"Farina per pasta di gyoza 300 g (per sfoglie di gyoza), Fujiman"}]},{"@type":"WebSite","@id":"https:\/\/1mal1japan.de\/it\/#website","url":"https:\/\/1mal1japan.de\/it\/","name":"1mal1japan.de","description":"japanisch kochen &amp; einkaufen","publisher":{"@id":"https:\/\/1mal1japan.de\/it\/#\/schema\/person\/3b6eab913fce9065523e927d88b032b0"},"potentialAction":[{"@type":"SearchAction","target":{"@type":"EntryPoint","urlTemplate":"https:\/\/1mal1japan.de\/it\/?s={search_term_string}"},"query-input":{"@type":"PropertyValueSpecification","valueRequired":true,"valueName":"search_term_string"}}],"inLanguage":"it-IT"},{"@type":["Person","Organization"],"@id":"https:\/\/1mal1japan.de\/it\/#\/schema\/person\/3b6eab913fce9065523e927d88b032b0","name":"Elisa","image":{"@type":"ImageObject","inLanguage":"it-IT","@id":"https:\/\/1mal1japan.de\/wp-content\/uploads\/2018\/09\/Profilbild_Elisa.png","url":"https:\/\/1mal1japan.de\/wp-content\/uploads\/2018\/09\/Profilbild_Elisa.png","contentUrl":"https:\/\/1mal1japan.de\/wp-content\/uploads\/2018\/09\/Profilbild_Elisa.png","width":200,"height":200,"caption":"Elisa"},"logo":{"@id":"https:\/\/1mal1japan.de\/wp-content\/uploads\/2018\/09\/Profilbild_Elisa.png"}}]},"product_brand":"Fujiman","product_price_amount":"4.99","product_price_currency":"EUR","og_availability":"instock","product_availability":"instock","product_retailer_item_id":"1171","product_condition":"new"},"uagb_featured_image_src":{"full":["https:\/\/1mal1japan.de\/wp-content\/uploads\/2024\/06\/Gyoza-Mehl-mit-Schatten-komp-1.png",800,800,false],"thumbnail":["https:\/\/1mal1japan.de\/wp-content\/uploads\/2024\/06\/Gyoza-Mehl-mit-Schatten-komp-1-150x150.png",150,150,true],"medium":["https:\/\/1mal1japan.de\/wp-content\/uploads\/2024\/06\/Gyoza-Mehl-mit-Schatten-komp-1-300x300.png",300,300,true],"medium_large":["https:\/\/1mal1japan.de\/wp-content\/uploads\/2024\/06\/Gyoza-Mehl-mit-Schatten-komp-1-768x768.png",768,768,true],"large":["https:\/\/1mal1japan.de\/wp-content\/uploads\/2024\/06\/Gyoza-Mehl-mit-Schatten-komp-1.png",800,800,false],"1536x1536":["https:\/\/1mal1japan.de\/wp-content\/uploads\/2024\/06\/Gyoza-Mehl-mit-Schatten-komp-1.png",800,800,false],"2048x2048":["https:\/\/1mal1japan.de\/wp-content\/uploads\/2024\/06\/Gyoza-Mehl-mit-Schatten-komp-1.png",800,800,false],"woocommerce_thumbnail":["https:\/\/1mal1japan.de\/wp-content\/uploads\/2024\/06\/Gyoza-Mehl-mit-Schatten-komp-1-600x600.png",600,600,true],"woocommerce_single":["https:\/\/1mal1japan.de\/wp-content\/uploads\/2024\/06\/Gyoza-Mehl-mit-Schatten-komp-1.png",800,800,false],"woocommerce_gallery_thumbnail":["https:\/\/1mal1japan.de\/wp-content\/uploads\/2024\/06\/Gyoza-Mehl-mit-Schatten-komp-1-100x100.png",100,100,true]},"uagb_author_info":{"display_name":"kiwi19901","author_link":"https:\/\/1mal1japan.de\/it\/author\/"},"uagb_comment_info":0,"uagb_excerpt":"Miscela di farina per Gyoza, ravioli e sfoglie fatte in casa. Questa farina per Gyoza di Fujiman \u00e8 una miscela bilanciata per sfoglie sottili ed elastiche. \u00c8 facile da lavorare ed \u00e8 ideale per Gyoza, ravioli o altri fagottini ripieni.","_links":{"self":[{"href":"https:\/\/1mal1japan.de\/it\/wp-json\/wp\/v2\/product\/64662","targetHints":{"allow":["GET"]}}],"collection":[{"href":"https:\/\/1mal1japan.de\/it\/wp-json\/wp\/v2\/product"}],"about":[{"href":"https:\/\/1mal1japan.de\/it\/wp-json\/wp\/v2\/types\/product"}],"wp:featuredmedia":[{"embeddable":true,"href":"https:\/\/1mal1japan.de\/it\/wp-json\/wp\/v2\/media\/64672"}],"wp:attachment":[{"href":"https:\/\/1mal1japan.de\/it\/wp-json\/wp\/v2\/media?parent=64662"}],"wp:term":[{"taxonomy":"product_brand","embeddable":true,"href":"https:\/\/1mal1japan.de\/it\/wp-json\/wp\/v2\/product_brand?post=64662"},{"taxonomy":"product_cat","embeddable":true,"href":"https:\/\/1mal1japan.de\/it\/wp-json\/wp\/v2\/product_cat?post=64662"},{"taxonomy":"product_tag","embeddable":true,"href":"https:\/\/1mal1japan.de\/it\/wp-json\/wp\/v2\/product_tag?post=64662"}],"curies":[{"name":"wp","href":"https:\/\/api.w.org\/{rel}","templated":true}]}}