{"id":64700,"date":"2024-04-10T13:13:40","date_gmt":"2024-04-10T11:13:40","guid":{"rendered":"https:\/\/1mal1japan.de\/produkt\/te-dorzo-giapponese-mugicha-5-x-15-g-pratiche-bustine-per-mugicha-cold-brew-marubishi\/"},"modified":"2026-04-28T14:15:30","modified_gmt":"2026-04-28T12:15:30","slug":"te-dorzo-giapponese-mugicha-5-x-15-g-pratiche-bustine-per-mugicha-cold-brew-marubishi","status":"publish","type":"product","link":"https:\/\/1mal1japan.de\/it\/produkt\/te-dorzo-giapponese-mugicha-5-x-15-g-pratiche-bustine-per-mugicha-cold-brew-marubishi\/","title":{"rendered":"T\u00e8 d&#8217;orzo giapponese Mugicha 5 x 15 g (pratiche bustine per Mugicha Cold Brew), Marubishi"},"content":{"rendered":"\n<section class=\"wp-block-uagb-section uagb-section__wrap uagb-section__background-color uagb-block-714b6646\"><div class=\"uagb-section__overlay\"><\/div><div class=\"uagb-section__inner-wrap\">\n<p>\u2705 <strong>Autentico giapponese<\/strong>: Marubishi Mugicha tostato tradizionalmente direttamente dal Giappone. <br\/>\u2705 <strong>Senza caffeina e salutare<\/strong>: Ideale per tutte le et\u00e0, senza caffeina, zucchero e calorie.<br\/>\u2705 <strong>Facile da preparare<\/strong>: 1 bustina per 2 litri; basta lasciarla in infusione in acqua fredda. <br\/>\u2705 <strong>Riduce lo stress<\/strong>: l&#8217;aroma naturale della tostatura ha un effetto calmante e migliora l&#8217;umore.<br\/>\u2705 <strong>Ideale per l&#8217;estate<\/strong>: effetto rinfrescante e ricco di importanti sostanze nutritive.<\/p>\n<\/div><\/section>\n\n<h2 class=\"wp-block-heading\" id=\"h-erlebe-die-erfrischende-tradition-japans-mit-marubishi-mugicha-gerstentee\">Scopri la rinfrescante tradizione giapponese con il t\u00e8 d&#8217;orzo Marubishi Mugicha<\/h2>\n\n<p>Immergiti nel mondo della cultura del t\u00e8 giapponese con il <strong>t\u00e8 d&#8217;orzo Marubishi Mugicha 5 x 15 g<\/strong>. Questo tradizionale t\u00e8 d&#8217;orzo senza caffeina offre un aroma rinfrescante e propriet\u00e0 calmanti, perfette per ogni momento della giornata. Che sia come bevanda rinfrescante nelle calde giornate estive o come t\u00e8 rilassante la sera, il Mugicha \u00e8 sempre la scelta giusta.<\/p>\n\n<h2 class=\"wp-block-heading\" id=\"h-erfrischend-und-beruhigend\">Rinfrescante e calmante<\/h2>\n\n<p>Il Mugicha \u00e8 noto per il suo aroma rinfrescante, leggermente nocciolato, e per le sue propriet\u00e0 calmanti. Questo t\u00e8 \u00e8 particolarmente apprezzato in estate, poich\u00e9 \u00e8 ottimo preparato come cold brew.<\/p>\n\n<h2 class=\"wp-block-heading\" id=\"h-praktische-teebeutel-fur-einfachen-genuss\">Pratiche bustine di t\u00e8 per un consumo facile<\/h2>\n\n<p>Il Mugicha Marubishi \u00e8 confezionato in modo particolarmente pratico: ogni bustina \u00e8 dosata alla perfezione per preparare fino a 2 litri di t\u00e8. Basta mettere la bustina in acqua fredda, lasciarla in infusione per un&#8217;ora e gustarlo. Questa preparazione semplice lo rende ideale per quando si \u00e8 in viaggio e per l&#8217;uso quotidiano.<\/p>\n\n<figure class=\"wp-block-image aligncenter size-full\"><img decoding=\"async\" width=\"1214\" height=\"800\" src=\"https:\/\/1mal1japan.de\/wp-content\/uploads\/2020\/03\/Mugicha-selber-machen.jpg\" alt=\"Preparare il Mugicha in casa\" class=\"wp-image-39393\" srcset=\"https:\/\/1mal1japan.de\/wp-content\/uploads\/2020\/03\/Mugicha-selber-machen.jpg 1214w, https:\/\/1mal1japan.de\/wp-content\/uploads\/2020\/03\/Mugicha-selber-machen-300x198.jpg 300w, https:\/\/1mal1japan.de\/wp-content\/uploads\/2020\/03\/Mugicha-selber-machen-1024x675.jpg 1024w, https:\/\/1mal1japan.de\/wp-content\/uploads\/2020\/03\/Mugicha-selber-machen-768x506.jpg 768w, https:\/\/1mal1japan.de\/wp-content\/uploads\/2020\/03\/Mugicha-selber-machen-1200x791.jpg 1200w\" sizes=\"(max-width: 1214px) 100vw, 1214px\" \/><\/figure>\n\n<h2 class=\"wp-block-heading\" id=\"h-koffeinfrei-und-gesund\">Senza caffeina e salutare<\/h2>\n\n<p>Il mugicha \u00e8 un&#8217;alternativa salutare alle bevande contenenti caffeina. \u00c8 ricco di antiossidanti e non contiene caffeina, il che lo rende ideale per i bambini, le donne in gravidanza e tutti coloro che desiderano rinunciare alla caffeina. Goditi una bevanda che non \u00e8 solo deliziosa, ma fa anche bene al tuo corpo.<\/p>\n\n<h2 class=\"wp-block-heading\" id=\"h-erlebe-die-japanische-teekultur\">Scopri la cultura del t\u00e8 giapponese<\/h2>\n\n<p>Con il t\u00e8 d&#8217;orzo Marubishi Mugicha porti un pezzo di cultura del t\u00e8 giapponese a casa tua. Provalo e lasciati conquistare dalla qualit\u00e0 e dal gusto rinfrescante di questa bevanda tradizionale.<\/p>\n\n<h2 class=\"wp-block-heading\" id=\"h-das-kannst-du-damit-kochen\">Ecco cosa puoi cucinare con questo:<\/h2>\n\n<p><strong>Vuoi cucinare in vero stile giapponese con il t\u00e8 d&#8217;orzo? <\/strong>Allora non perderti le nostre ricette pi\u00f9 amate:<\/p>\n\n\t\t\t<div class=\"wp-block-uagb-post-grid uagb-post-grid  uagb-post__image-position-top uagb-post__image-enabled uagb-block-27b66334     uagb-post__items uagb-post__columns-2 is-grid uagb-post__columns-tablet-2 uagb-post__columns-mobile-2 uagb-post__equal-height\" data-total=\"0\" style=\"\">\n\n\t\t\t\t\t\t\t\t\t<p class=\"uagb-post__no-posts\">\n\t\t\t\t\t\tNo post found!\t\t\t\t\t<\/p>\n\t\t\t\t\t\t\t\t<\/div>\n\t\t\t\n<div style=\"height:20px\" aria-hidden=\"true\" class=\"wp-block-spacer\"><\/div>\n\n<h2 class=\"wp-block-heading\" id=\"h-haltbarkeit-und-lagerung\">Conservazione e durata:<\/h2>\n\n<p>Il t\u00e8 d&#8217;orzo si conserva a lungo. \u00c8 preferibile conservarlo in un luogo asciutto e al riparo dalla luce diretta del sole.<\/p>\n\n<h2 class=\"wp-block-heading\" id=\"h-deine-vorteile-und-unser-versprechen\">I tuoi vantaggi e la nostra promessa:<\/h2>\n\n<section class=\"wp-block-uagb-section uagb-section__wrap uagb-section__background-color uagb-block-85f7e9d2\"><div class=\"uagb-section__overlay\"><\/div><div class=\"uagb-section__inner-wrap\">\n<p>\u2764\ufe0f <strong>Veloce, semplice e affidabile:<\/strong> I clienti ci adorano! Con 4,9 stelle su 5 su Shopvote &#8211; dai un&#8217;occhiata <a href=\"https:\/\/www.shopvote.de\/bewertung_1mal1japan_de_23342.html\">qui alle recensioni dei nostri clienti<\/a>!<\/p>\n<\/div><\/section>\n\n<div style=\"height:20px\" aria-hidden=\"true\" class=\"wp-block-spacer\"><\/div>\n\n<section class=\"wp-block-uagb-section uagb-section__wrap uagb-section__background-color uagb-block-9e748e26\"><div class=\"uagb-section__overlay\"><\/div><div class=\"uagb-section__inner-wrap\">\n<p>\ud83c\udf31 <strong>Acquisti sostenibili:<\/strong> Spedizioni a impatto zero, imballaggi ecologici, fatture digitali di default.<\/p>\n<\/div><\/section>\n\n<div style=\"height:20px\" aria-hidden=\"true\" class=\"wp-block-spacer\"><\/div>\n\n<section class=\"wp-block-uagb-section uagb-section__wrap uagb-section__background-color uagb-block-11f9fc83\"><div class=\"uagb-section__overlay\"><\/div><div class=\"uagb-section__inner-wrap\">\n<p><strong>\ud83d\udd12 Acquisti al 100% senza rischi:<\/strong> Nessun importo minimo d&#8217;ordine, spedizione gratuita in Germania a partire da 59 \u20ac di spesa + diritto di recesso di 30 giorni con reso gratuito.<\/p>\n<\/div><\/section>\n\n<div style=\"height:20px\" aria-hidden=\"true\" class=\"wp-block-spacer\"><\/div>\n\n<section class=\"wp-block-uagb-section uagb-section__wrap uagb-section__background-color uagb-block-5b55bd83\"><div class=\"uagb-section__overlay\"><\/div><div class=\"uagb-section__inner-wrap\">\n<p>\ud83e\udd62 <strong>I migliori ingredienti per la tua esperienza culinaria e gustativa: <\/strong>Prodotti selezionati a mano che ci convincono personalmente in base a quattro criteri: (1) gusto, (2) autenticit\u00e0, (3) prezzo e (4) disponibilit\u00e0.<\/p>\n<\/div><\/section>\n\n<div style=\"height:20px\" aria-hidden=\"true\" class=\"wp-block-spacer\"><\/div>\n\n<section class=\"wp-block-uagb-section uagb-section__wrap uagb-section__background-color uagb-block-94ed5912\"><div class=\"uagb-section__overlay\"><\/div><div class=\"uagb-section__inner-wrap\">\n<p>\ud83d\udc4d <strong>Approfitta della nostra pluriennale esperienza<\/strong>: 1mal1japan.de esiste gi\u00e0 dal 2016. Da allora abbiamo avuto il piacere di accogliere milioni di visitatori sul nostro blog e nel nostro Shop e di servire oltre 50.000 clienti soddisfatti. Grazie di cuore a tutti i lettori e ai fan!<\/p>\n<\/div><\/section>\n","protected":false},"excerpt":{"rendered":"<p>Scopri la magia della cerimonia del t\u00e8 giapponese con il t\u00e8 d&#8217;orzo Mugicha di Marubishi. Goditi l&#8217;aroma rinfrescante e le propriet\u00e0 calmanti di questa bevanda tradizionale senza caffeina, perfetta per ogni momento della giornata. Ora disponibile nel nostro assortimento!<\/p>\n","protected":false},"featured_media":64704,"template":"","meta":{"_uag_custom_page_level_css":"","site-sidebar-layout":"default","site-content-layout":"","ast-site-content-layout":"default","site-content-style":"default","site-sidebar-style":"default","ast-global-header-display":"","ast-banner-title-visibility":"","ast-main-header-display":"","ast-hfb-above-header-display":"","ast-hfb-below-header-display":"","ast-hfb-mobile-header-display":"","site-post-title":"","ast-breadcrumbs-content":"","ast-featured-img":"","footer-sml-layout":"","ast-disable-related-posts":"","theme-transparent-header-meta":"","adv-header-id-meta":"","stick-header-meta":"","header-above-stick-meta":"","header-main-stick-meta":"","header-below-stick-meta":"","astra-migrate-meta-layouts":"default","ast-page-background-enabled":"default","ast-page-background-meta":{"desktop":{"background-color":"","background-image":"","background-repeat":"repeat","background-position":"center center","background-size":"auto","background-attachment":"scroll","background-type":"","background-media":"","overlay-type":"","overlay-color":"","overlay-opacity":"","overlay-gradient":""},"tablet":{"background-color":"","background-image":"","background-repeat":"repeat","background-position":"center center","background-size":"auto","background-attachment":"scroll","background-type":"","background-media":"","overlay-type":"","overlay-color":"","overlay-opacity":"","overlay-gradient":""},"mobile":{"background-color":"","background-image":"","background-repeat":"repeat","background-position":"center center","background-size":"auto","background-attachment":"scroll","background-type":"","background-media":"","overlay-type":"","overlay-color":"","overlay-opacity":"","overlay-gradient":""}},"ast-content-background-meta":{"desktop":{"background-color":"var(--ast-global-color-5)","background-image":"","background-repeat":"repeat","background-position":"center center","background-size":"auto","background-attachment":"scroll","background-type":"","background-media":"","overlay-type":"","overlay-color":"","overlay-opacity":"","overlay-gradient":""},"tablet":{"background-color":"var(--ast-global-color-5)","background-image":"","background-repeat":"repeat","background-position":"center center","background-size":"auto","background-attachment":"scroll","background-type":"","background-media":"","overlay-type":"","overlay-color":"","overlay-opacity":"","overlay-gradient":""},"mobile":{"background-color":"var(--ast-global-color-5)","background-image":"","background-repeat":"repeat","background-position":"center center","background-size":"auto","background-attachment":"scroll","background-type":"","background-media":"","overlay-type":"","overlay-color":"","overlay-opacity":"","overlay-gradient":""}}},"product_brand":[],"product_cat":[1455,1558,1611,1557],"product_tag":[1916],"class_list":{"0":"post-64700","1":"product","2":"type-product","3":"status-publish","4":"has-post-thumbnail","6":"product_cat-senza-categoria","7":"product_cat-made-in-japan","8":"product_cat-sake-te-e-bevande","9":"product_cat-tutti-i-prodotti","10":"product_tag-mugicha","11":"desktop-align-left","12":"tablet-align-left","13":"mobile-align-left","14":"ast-product-gallery-layout-horizontal-slider","15":"ast-magnify-disabled","16":"ast-product-tabs-layout-horizontal","18":"first","19":"instock","20":"taxable","21":"shipping-taxable","22":"purchasable","23":"product-type-simple"},"yoast_head":"<!-- This site is optimized with the Yoast SEO Premium plugin v27.4 (Yoast SEO v27.4) - https:\/\/yoast.com\/product\/yoast-seo-premium-wordpress\/ -->\n<title>T\u00e8 d&#039;orzo Mugicha 5 x 15 g (bustine per Cold Brew), Marubishi<\/title>\n<meta name=\"description\" content=\"I\u27a1 T\u00e8 d&#039;orzo Mugicha Marubishi \u2714 senza caffeina, antistress e ideale per tutti i giorni \u2714 facile da preparare e da gustare \u2714 consegna veloce!\" \/>\n<meta name=\"robots\" content=\"index, follow, max-snippet:-1, max-image-preview:large, max-video-preview:-1\" \/>\n<link rel=\"canonical\" href=\"https:\/\/1mal1japan.de\/it\/produkt\/te-dorzo-giapponese-mugicha-5-x-15-g-pratiche-bustine-per-mugicha-cold-brew-marubishi\/\" \/>\n<meta property=\"og:locale\" content=\"it_IT\" \/>\n<meta property=\"og:type\" content=\"article\" \/>\n<meta property=\"og:title\" content=\"T\u00e8 d&#039;orzo giapponese Mugicha 5 x 15 g (pratiche bustine per Mugicha Cold Brew), Marubishi\" \/>\n<meta property=\"og:description\" content=\"Scopri la magia della cerimonia del t\u00e8 giapponese con il t\u00e8 d&#039;orzo Mugicha di Marubishi. Goditi l&#039;aroma rinfrescante e le propriet\u00e0 calmanti di questa bevanda tradizionale senza caffeina, perfetta per ogni momento della giornata. Ora disponibile nel nostro assortimento!\" \/>\n<meta property=\"og:url\" content=\"https:\/\/1mal1japan.de\/it\/produkt\/te-dorzo-giapponese-mugicha-5-x-15-g-pratiche-bustine-per-mugicha-cold-brew-marubishi\/\" \/>\n<meta property=\"og:site_name\" content=\"1mal1japan.de\" \/>\n<meta property=\"article:modified_time\" content=\"2026-04-28T12:15:30+00:00\" \/>\n<meta property=\"og:image\" content=\"https:\/\/1mal1japan.de\/wp-content\/uploads\/2024\/04\/Mugicha-1.jpg\" \/>\n\t<meta property=\"og:image:width\" content=\"800\" \/>\n\t<meta property=\"og:image:height\" content=\"800\" \/>\n\t<meta property=\"og:image:type\" content=\"image\/jpeg\" \/>\n<script type=\"application\/ld+json\" class=\"yoast-schema-graph\">{\"@context\":\"https:\\\/\\\/schema.org\",\"@graph\":[{\"@type\":\"WebPage\",\"@id\":\"https:\\\/\\\/1mal1japan.de\\\/it\\\/produkt\\\/te-dorzo-giapponese-mugicha-5-x-15-g-pratiche-bustine-per-mugicha-cold-brew-marubishi\\\/\",\"url\":\"https:\\\/\\\/1mal1japan.de\\\/it\\\/produkt\\\/te-dorzo-giapponese-mugicha-5-x-15-g-pratiche-bustine-per-mugicha-cold-brew-marubishi\\\/\",\"name\":\"T\u00e8 d'orzo Mugicha 5 x 15 g (bustine per Cold Brew), Marubishi\",\"isPartOf\":{\"@id\":\"https:\\\/\\\/1mal1japan.de\\\/it\\\/#website\"},\"primaryImageOfPage\":{\"@id\":\"https:\\\/\\\/1mal1japan.de\\\/it\\\/produkt\\\/te-dorzo-giapponese-mugicha-5-x-15-g-pratiche-bustine-per-mugicha-cold-brew-marubishi\\\/#primaryimage\"},\"image\":{\"@id\":\"https:\\\/\\\/1mal1japan.de\\\/it\\\/produkt\\\/te-dorzo-giapponese-mugicha-5-x-15-g-pratiche-bustine-per-mugicha-cold-brew-marubishi\\\/#primaryimage\"},\"thumbnailUrl\":\"https:\\\/\\\/1mal1japan.de\\\/wp-content\\\/uploads\\\/2024\\\/04\\\/Mugicha-1.jpg\",\"datePublished\":\"2024-04-10T11:13:40+00:00\",\"dateModified\":\"2026-04-28T12:15:30+00:00\",\"description\":\"I\u27a1 T\u00e8 d'orzo Mugicha Marubishi \u2714 senza caffeina, antistress e ideale per tutti i giorni \u2714 facile da preparare e da gustare \u2714 consegna veloce!\",\"breadcrumb\":{\"@id\":\"https:\\\/\\\/1mal1japan.de\\\/it\\\/produkt\\\/te-dorzo-giapponese-mugicha-5-x-15-g-pratiche-bustine-per-mugicha-cold-brew-marubishi\\\/#breadcrumb\"},\"inLanguage\":\"it-IT\",\"potentialAction\":[{\"@type\":\"ReadAction\",\"target\":[\"https:\\\/\\\/1mal1japan.de\\\/it\\\/produkt\\\/te-dorzo-giapponese-mugicha-5-x-15-g-pratiche-bustine-per-mugicha-cold-brew-marubishi\\\/\"]}]},{\"@type\":\"ImageObject\",\"inLanguage\":\"it-IT\",\"@id\":\"https:\\\/\\\/1mal1japan.de\\\/it\\\/produkt\\\/te-dorzo-giapponese-mugicha-5-x-15-g-pratiche-bustine-per-mugicha-cold-brew-marubishi\\\/#primaryimage\",\"url\":\"https:\\\/\\\/1mal1japan.de\\\/wp-content\\\/uploads\\\/2024\\\/04\\\/Mugicha-1.jpg\",\"contentUrl\":\"https:\\\/\\\/1mal1japan.de\\\/wp-content\\\/uploads\\\/2024\\\/04\\\/Mugicha-1.jpg\",\"width\":800,\"height\":800,\"caption\":\"Mugicha\"},{\"@type\":\"BreadcrumbList\",\"@id\":\"https:\\\/\\\/1mal1japan.de\\\/it\\\/produkt\\\/te-dorzo-giapponese-mugicha-5-x-15-g-pratiche-bustine-per-mugicha-cold-brew-marubishi\\\/#breadcrumb\",\"itemListElement\":[{\"@type\":\"ListItem\",\"position\":1,\"name\":\"Startseite\",\"item\":\"https:\\\/\\\/1mal1japan.de\\\/it\\\/\"},{\"@type\":\"ListItem\",\"position\":2,\"name\":\"Negozio\",\"item\":\"https:\\\/\\\/1mal1japan.de\\\/it\\\/shop\\\/\"},{\"@type\":\"ListItem\",\"position\":3,\"name\":\"T\u00e8 d&#8217;orzo giapponese Mugicha 5 x 15 g (pratiche bustine per Mugicha Cold Brew), Marubishi\"}]},{\"@type\":\"WebSite\",\"@id\":\"https:\\\/\\\/1mal1japan.de\\\/it\\\/#website\",\"url\":\"https:\\\/\\\/1mal1japan.de\\\/it\\\/\",\"name\":\"1mal1japan.de\",\"description\":\"japanisch kochen &amp; einkaufen\",\"publisher\":{\"@id\":\"https:\\\/\\\/1mal1japan.de\\\/it\\\/#\\\/schema\\\/person\\\/3b6eab913fce9065523e927d88b032b0\"},\"potentialAction\":[{\"@type\":\"SearchAction\",\"target\":{\"@type\":\"EntryPoint\",\"urlTemplate\":\"https:\\\/\\\/1mal1japan.de\\\/it\\\/?s={search_term_string}\"},\"query-input\":{\"@type\":\"PropertyValueSpecification\",\"valueRequired\":true,\"valueName\":\"search_term_string\"}}],\"inLanguage\":\"it-IT\"},{\"@type\":[\"Person\",\"Organization\"],\"@id\":\"https:\\\/\\\/1mal1japan.de\\\/it\\\/#\\\/schema\\\/person\\\/3b6eab913fce9065523e927d88b032b0\",\"name\":\"Elisa\",\"image\":{\"@type\":\"ImageObject\",\"inLanguage\":\"it-IT\",\"@id\":\"https:\\\/\\\/1mal1japan.de\\\/wp-content\\\/uploads\\\/2018\\\/09\\\/Profilbild_Elisa.png\",\"url\":\"https:\\\/\\\/1mal1japan.de\\\/wp-content\\\/uploads\\\/2018\\\/09\\\/Profilbild_Elisa.png\",\"contentUrl\":\"https:\\\/\\\/1mal1japan.de\\\/wp-content\\\/uploads\\\/2018\\\/09\\\/Profilbild_Elisa.png\",\"width\":200,\"height\":200,\"caption\":\"Elisa\"},\"logo\":{\"@id\":\"https:\\\/\\\/1mal1japan.de\\\/wp-content\\\/uploads\\\/2018\\\/09\\\/Profilbild_Elisa.png\"}}]}<\/script>\n<meta property=\"product:brand\" content=\"Marubishi\" \/>\n<meta property=\"product:price:amount\" content=\"3.49\" \/>\n<meta property=\"product:price:currency\" content=\"EUR\" \/>\n<meta property=\"og:availability\" content=\"instock\" \/>\n<meta property=\"product:availability\" content=\"instock\" \/>\n<meta property=\"product:retailer_item_id\" content=\"1158\" \/>\n<meta property=\"product:condition\" content=\"new\" \/>\n<!-- \/ Yoast SEO Premium plugin. -->","yoast_head_json":{"title":"T\u00e8 d'orzo Mugicha 5 x 15 g (bustine per Cold Brew), Marubishi","description":"I\u27a1 T\u00e8 d'orzo Mugicha Marubishi \u2714 senza caffeina, antistress e ideale per tutti i giorni \u2714 facile da preparare e da gustare \u2714 consegna veloce!","robots":{"index":"index","follow":"follow","max-snippet":"max-snippet:-1","max-image-preview":"max-image-preview:large","max-video-preview":"max-video-preview:-1"},"canonical":"https:\/\/1mal1japan.de\/it\/produkt\/te-dorzo-giapponese-mugicha-5-x-15-g-pratiche-bustine-per-mugicha-cold-brew-marubishi\/","og_locale":"it_IT","og_type":"article","og_title":"T\u00e8 d'orzo giapponese Mugicha 5 x 15 g (pratiche bustine per Mugicha Cold Brew), Marubishi","og_description":"Scopri la magia della cerimonia del t\u00e8 giapponese con il t\u00e8 d'orzo Mugicha di Marubishi. Goditi l'aroma rinfrescante e le propriet\u00e0 calmanti di questa bevanda tradizionale senza caffeina, perfetta per ogni momento della giornata. Ora disponibile nel nostro assortimento!","og_url":"https:\/\/1mal1japan.de\/it\/produkt\/te-dorzo-giapponese-mugicha-5-x-15-g-pratiche-bustine-per-mugicha-cold-brew-marubishi\/","og_site_name":"1mal1japan.de","article_modified_time":"2026-04-28T12:15:30+00:00","og_image":[{"width":800,"height":800,"url":"https:\/\/1mal1japan.de\/wp-content\/uploads\/2024\/04\/Mugicha-1.jpg","type":"image\/jpeg"}],"schema":{"@context":"https:\/\/schema.org","@graph":[{"@type":"WebPage","@id":"https:\/\/1mal1japan.de\/it\/produkt\/te-dorzo-giapponese-mugicha-5-x-15-g-pratiche-bustine-per-mugicha-cold-brew-marubishi\/","url":"https:\/\/1mal1japan.de\/it\/produkt\/te-dorzo-giapponese-mugicha-5-x-15-g-pratiche-bustine-per-mugicha-cold-brew-marubishi\/","name":"T\u00e8 d'orzo Mugicha 5 x 15 g (bustine per Cold Brew), Marubishi","isPartOf":{"@id":"https:\/\/1mal1japan.de\/it\/#website"},"primaryImageOfPage":{"@id":"https:\/\/1mal1japan.de\/it\/produkt\/te-dorzo-giapponese-mugicha-5-x-15-g-pratiche-bustine-per-mugicha-cold-brew-marubishi\/#primaryimage"},"image":{"@id":"https:\/\/1mal1japan.de\/it\/produkt\/te-dorzo-giapponese-mugicha-5-x-15-g-pratiche-bustine-per-mugicha-cold-brew-marubishi\/#primaryimage"},"thumbnailUrl":"https:\/\/1mal1japan.de\/wp-content\/uploads\/2024\/04\/Mugicha-1.jpg","datePublished":"2024-04-10T11:13:40+00:00","dateModified":"2026-04-28T12:15:30+00:00","description":"I\u27a1 T\u00e8 d'orzo Mugicha Marubishi \u2714 senza caffeina, antistress e ideale per tutti i giorni \u2714 facile da preparare e da gustare \u2714 consegna veloce!","breadcrumb":{"@id":"https:\/\/1mal1japan.de\/it\/produkt\/te-dorzo-giapponese-mugicha-5-x-15-g-pratiche-bustine-per-mugicha-cold-brew-marubishi\/#breadcrumb"},"inLanguage":"it-IT","potentialAction":[{"@type":"ReadAction","target":["https:\/\/1mal1japan.de\/it\/produkt\/te-dorzo-giapponese-mugicha-5-x-15-g-pratiche-bustine-per-mugicha-cold-brew-marubishi\/"]}]},{"@type":"ImageObject","inLanguage":"it-IT","@id":"https:\/\/1mal1japan.de\/it\/produkt\/te-dorzo-giapponese-mugicha-5-x-15-g-pratiche-bustine-per-mugicha-cold-brew-marubishi\/#primaryimage","url":"https:\/\/1mal1japan.de\/wp-content\/uploads\/2024\/04\/Mugicha-1.jpg","contentUrl":"https:\/\/1mal1japan.de\/wp-content\/uploads\/2024\/04\/Mugicha-1.jpg","width":800,"height":800,"caption":"Mugicha"},{"@type":"BreadcrumbList","@id":"https:\/\/1mal1japan.de\/it\/produkt\/te-dorzo-giapponese-mugicha-5-x-15-g-pratiche-bustine-per-mugicha-cold-brew-marubishi\/#breadcrumb","itemListElement":[{"@type":"ListItem","position":1,"name":"Startseite","item":"https:\/\/1mal1japan.de\/it\/"},{"@type":"ListItem","position":2,"name":"Negozio","item":"https:\/\/1mal1japan.de\/it\/shop\/"},{"@type":"ListItem","position":3,"name":"T\u00e8 d&#8217;orzo giapponese Mugicha 5 x 15 g (pratiche bustine per Mugicha Cold Brew), Marubishi"}]},{"@type":"WebSite","@id":"https:\/\/1mal1japan.de\/it\/#website","url":"https:\/\/1mal1japan.de\/it\/","name":"1mal1japan.de","description":"japanisch kochen &amp; einkaufen","publisher":{"@id":"https:\/\/1mal1japan.de\/it\/#\/schema\/person\/3b6eab913fce9065523e927d88b032b0"},"potentialAction":[{"@type":"SearchAction","target":{"@type":"EntryPoint","urlTemplate":"https:\/\/1mal1japan.de\/it\/?s={search_term_string}"},"query-input":{"@type":"PropertyValueSpecification","valueRequired":true,"valueName":"search_term_string"}}],"inLanguage":"it-IT"},{"@type":["Person","Organization"],"@id":"https:\/\/1mal1japan.de\/it\/#\/schema\/person\/3b6eab913fce9065523e927d88b032b0","name":"Elisa","image":{"@type":"ImageObject","inLanguage":"it-IT","@id":"https:\/\/1mal1japan.de\/wp-content\/uploads\/2018\/09\/Profilbild_Elisa.png","url":"https:\/\/1mal1japan.de\/wp-content\/uploads\/2018\/09\/Profilbild_Elisa.png","contentUrl":"https:\/\/1mal1japan.de\/wp-content\/uploads\/2018\/09\/Profilbild_Elisa.png","width":200,"height":200,"caption":"Elisa"},"logo":{"@id":"https:\/\/1mal1japan.de\/wp-content\/uploads\/2018\/09\/Profilbild_Elisa.png"}}]},"product_brand":"Marubishi","product_price_amount":"3.49","product_price_currency":"EUR","og_availability":"instock","product_availability":"instock","product_retailer_item_id":"1158","product_condition":"new"},"uagb_featured_image_src":{"full":["https:\/\/1mal1japan.de\/wp-content\/uploads\/2024\/04\/Mugicha-1.jpg",800,800,false],"thumbnail":["https:\/\/1mal1japan.de\/wp-content\/uploads\/2024\/04\/Mugicha-1-150x150.jpg",150,150,true],"medium":["https:\/\/1mal1japan.de\/wp-content\/uploads\/2024\/04\/Mugicha-1-300x300.jpg",300,300,true],"medium_large":["https:\/\/1mal1japan.de\/wp-content\/uploads\/2024\/04\/Mugicha-1-768x768.jpg",768,768,true],"large":["https:\/\/1mal1japan.de\/wp-content\/uploads\/2024\/04\/Mugicha-1.jpg",800,800,false],"1536x1536":["https:\/\/1mal1japan.de\/wp-content\/uploads\/2024\/04\/Mugicha-1.jpg",800,800,false],"2048x2048":["https:\/\/1mal1japan.de\/wp-content\/uploads\/2024\/04\/Mugicha-1.jpg",800,800,false],"woocommerce_thumbnail":["https:\/\/1mal1japan.de\/wp-content\/uploads\/2024\/04\/Mugicha-1-600x600.jpg",600,600,true],"woocommerce_single":["https:\/\/1mal1japan.de\/wp-content\/uploads\/2024\/04\/Mugicha-1.jpg",800,800,false],"woocommerce_gallery_thumbnail":["https:\/\/1mal1japan.de\/wp-content\/uploads\/2024\/04\/Mugicha-1-100x100.jpg",100,100,true]},"uagb_author_info":{"display_name":"kiwi19901","author_link":"https:\/\/1mal1japan.de\/it\/author\/"},"uagb_comment_info":0,"uagb_excerpt":"Scopri la magia della cerimonia del t\u00e8 giapponese con il t\u00e8 d'orzo Mugicha di Marubishi. Goditi l'aroma rinfrescante e le propriet\u00e0 calmanti di questa bevanda tradizionale senza caffeina, perfetta per ogni momento della giornata. Ora disponibile nel nostro assortimento!","_links":{"self":[{"href":"https:\/\/1mal1japan.de\/it\/wp-json\/wp\/v2\/product\/64700","targetHints":{"allow":["GET"]}}],"collection":[{"href":"https:\/\/1mal1japan.de\/it\/wp-json\/wp\/v2\/product"}],"about":[{"href":"https:\/\/1mal1japan.de\/it\/wp-json\/wp\/v2\/types\/product"}],"wp:featuredmedia":[{"embeddable":true,"href":"https:\/\/1mal1japan.de\/it\/wp-json\/wp\/v2\/media\/64704"}],"wp:attachment":[{"href":"https:\/\/1mal1japan.de\/it\/wp-json\/wp\/v2\/media?parent=64700"}],"wp:term":[{"taxonomy":"product_brand","embeddable":true,"href":"https:\/\/1mal1japan.de\/it\/wp-json\/wp\/v2\/product_brand?post=64700"},{"taxonomy":"product_cat","embeddable":true,"href":"https:\/\/1mal1japan.de\/it\/wp-json\/wp\/v2\/product_cat?post=64700"},{"taxonomy":"product_tag","embeddable":true,"href":"https:\/\/1mal1japan.de\/it\/wp-json\/wp\/v2\/product_tag?post=64700"}],"curies":[{"name":"wp","href":"https:\/\/api.w.org\/{rel}","templated":true}]}}