{"id":64715,"date":"2024-02-27T09:27:14","date_gmt":"2024-02-27T08:27:14","guid":{"rendered":"https:\/\/1mal1japan.de\/produkt\/salsa-teriyaki-185-g-per-carne-pesce-tofu-e-verdure-morita\/"},"modified":"2026-04-28T14:15:31","modified_gmt":"2026-04-28T12:15:31","slug":"salsa-teriyaki-185-g-per-carne-pesce-tofu-e-verdure-morita","status":"publish","type":"product","link":"https:\/\/1mal1japan.de\/it\/produkt\/salsa-teriyaki-185-g-per-carne-pesce-tofu-e-verdure-morita\/","title":{"rendered":"Salsa Teriyaki 185 g (per carne, pesce, Tofu e verdure), Morita"},"content":{"rendered":"\n<section class=\"wp-block-uagb-section uagb-section__wrap uagb-section__background-color uagb-block-714b6646\"><div class=\"uagb-section__overlay\"><\/div><div class=\"uagb-section__inner-wrap\">\n<p>\u2705 <strong>Autentico giapponese: <\/strong>Direttamente dal Giappone, promette un&#8217;esperienza di gusto autentica.<br\/>\u2705 <strong>Consistenza densa: <\/strong>Ideale per marinare, glassare e come salsa di accompagnamento.<br\/>\u2705 <strong>Versatile:<\/strong> Perfetta per carne, pesce, Tofu e verdure.<br\/>\u2705 <strong>Ingredienti naturali: <\/strong>Salsa di soia, Mirin, zucchero e spezie, senza additivi artificiali. <br\/>\u2705 <strong>Sapore intenso:<\/strong> Perfetto equilibrio tra dolcezza, sapidit\u00e0 e Umami.<\/p>\n<\/div><\/section>\n\n<h2 class=\"wp-block-heading\" id=\"h-verfeinere-deine-gerichte-mit-der-teriyaki-sauce-von-morita\">Arricchisci i tuoi piatti con la salsa Teriyaki di Morita<\/h2>\n\n<p>Porta il gusto autentico del Giappone nella tua cucina con la nostra <strong>salsa Teriyaki<\/strong> di Morita. Questa salsa di alta qualit\u00e0 \u00e8 prodotta direttamente in Giappone e unisce la maestria tradizionale a ingredienti di prima scelta per dare ai tuoi piatti un tocco speciale. Che si tratti di carne, pesce, Tofu o verdure, la nostra salsa Teriyaki porta ogni piatto a un livello superiore.<\/p>\n\n<h2 class=\"wp-block-heading\" id=\"h-vielseitiger-genuss\">Un piacere versatile<\/h2>\n\n<p>La salsa Teriyaki di Morita \u00e8 perfetta per una vasta gamma di piatti. Usala come marinata per succulenti tagli di carne, come glassa per il pesce alla griglia o come condimento per verdure e Tofu saltati in padella. Il suo equilibrio tra dolcezza e Umami trasforma ogni piatto in un&#8217;esperienza culinaria.<\/p>\n\n<h2 class=\"wp-block-heading\" id=\"h-hochwertige-zutaten\">Ingredienti di alta qualit\u00e0<\/h2>\n\n<p>La nostra salsa Teriyaki \u00e8 prodotta con ingredienti accuratamente selezionati. Salsa di soia, zucchero, Mirin e altri ingredienti di alta qualit\u00e0 vengono combinati secondo ricette tradizionali per creare il gusto inconfondibile che contraddistingue la cucina giapponese.<\/p>\n\n<h2 class=\"wp-block-heading\" id=\"h-einfach-in-der-anwendung\">Facile da usare<\/h2>\n\n<p>Con la nostra salsa Teriyaki, preparare autentici piatti giapponesi \u00e8 semplicissimo. La salsa \u00e8 pronta all&#8217;uso e pu\u00f2 essere utilizzata direttamente dalla bottiglia. \u00c8 ottima per marinare, glassare o come salsa da intingere.<\/p>\n\n<h2 class=\"wp-block-heading\" id=\"h-perfekte-balance\">Equilibrio perfetto<\/h2>\n\n<p>La salsa Teriyaki di Morita offre un equilibrio perfetto tra dolcezza e Umami, che conferisce ai tuoi piatti una nota profonda e ricca. La sua versatilit\u00e0 la rende un ingrediente indispensabile nella tua cucina.<\/p>\n\n<h2 class=\"wp-block-heading\" id=\"h-das-kannst-du-damit-kochen\">Ecco cosa puoi cucinare con questa salsa:<\/h2>\n\n<p><strong>Vuoi cucinare in vero stile giapponese con gli Udon? <\/strong>Allora non perderti le nostre ricette pi\u00f9 popolari:<\/p>\n\n\t\t\t<div class=\"wp-block-uagb-post-grid uagb-post-grid  uagb-post__image-position-top uagb-post__image-enabled uagb-block-27b66334     uagb-post__items uagb-post__columns-2 is-grid uagb-post__columns-tablet-2 uagb-post__columns-mobile-2 uagb-post__equal-height\" data-total=\"0\" style=\"\">\n\n\t\t\t\t\t\t\t\t\t<p class=\"uagb-post__no-posts\">\n\t\t\t\t\t\tNo post found!\t\t\t\t\t<\/p>\n\t\t\t\t\t\t\t\t<\/div>\n\t\t\t\n<div style=\"height:20px\" aria-hidden=\"true\" class=\"wp-block-spacer\"><\/div>\n\n<h2 class=\"wp-block-heading\" id=\"h-haltbarkeit-und-lagerung\">Conservazione e durata:<\/h2>\n\n<p>La salsa Teriyaki si conserva a lungo. \u00c8 preferibile conservarla in un luogo asciutto e al riparo dalla luce diretta del sole. Una volta aperta, conservarla in frigorifero.<\/p>\n\n<h2 class=\"wp-block-heading\" id=\"h-deine-vorteile-und-unser-versprechen\">I tuoi vantaggi e la nostra promessa:<\/h2>\n\n<section class=\"wp-block-uagb-section uagb-section__wrap uagb-section__background-color uagb-block-85f7e9d2\"><div class=\"uagb-section__overlay\"><\/div><div class=\"uagb-section__inner-wrap\">\n<p>\u2764\ufe0f <strong>Veloce, semplice e affidabile:<\/strong> I clienti ci adorano! Con 4,9 stelle su 5 su Shopvote &#8211; dai un&#8217;occhiata <a href=\"https:\/\/www.shopvote.de\/bewertung_1mal1japan_de_23342.html\">qui alle recensioni dei nostri clienti<\/a>!<\/p>\n<\/div><\/section>\n\n<div style=\"height:20px\" aria-hidden=\"true\" class=\"wp-block-spacer\"><\/div>\n\n<section class=\"wp-block-uagb-section uagb-section__wrap uagb-section__background-color uagb-block-9e748e26\"><div class=\"uagb-section__overlay\"><\/div><div class=\"uagb-section__inner-wrap\">\n<p>\ud83c\udf31 <strong>Acquisti sostenibili:<\/strong> Spedizioni a impatto zero, imballaggi ecologici, fatture digitali di default.<\/p>\n<\/div><\/section>\n\n<div style=\"height:20px\" aria-hidden=\"true\" class=\"wp-block-spacer\"><\/div>\n\n<section class=\"wp-block-uagb-section uagb-section__wrap uagb-section__background-color uagb-block-11f9fc83\"><div class=\"uagb-section__overlay\"><\/div><div class=\"uagb-section__inner-wrap\">\n<p><strong>\ud83d\udd12 Acquisti al 100% senza rischi:<\/strong> Nessun importo minimo d&#8217;ordine, spedizione gratuita in Germania a partire da 59 \u20ac di spesa + diritto di recesso di 30 giorni con reso gratuito.<\/p>\n<\/div><\/section>\n\n<div style=\"height:20px\" aria-hidden=\"true\" class=\"wp-block-spacer\"><\/div>\n\n<section class=\"wp-block-uagb-section uagb-section__wrap uagb-section__background-color uagb-block-5b55bd83\"><div class=\"uagb-section__overlay\"><\/div><div class=\"uagb-section__inner-wrap\">\n<p>\ud83e\udd62 <strong>I migliori ingredienti per la tua esperienza culinaria e gustativa: <\/strong>Prodotti selezionati a mano che ci convincono personalmente in base a quattro criteri: (1) gusto, (2) autenticit\u00e0, (3) prezzo e (4) disponibilit\u00e0.<\/p>\n<\/div><\/section>\n\n<div style=\"height:20px\" aria-hidden=\"true\" class=\"wp-block-spacer\"><\/div>\n\n<section class=\"wp-block-uagb-section uagb-section__wrap uagb-section__background-color uagb-block-94ed5912\"><div class=\"uagb-section__overlay\"><\/div><div class=\"uagb-section__inner-wrap\">\n<p>\ud83d\udc4d <strong>Approfitta della nostra pluriennale esperienza<\/strong>: 1mal1japan.de esiste gi\u00e0 dal 2016. Da allora abbiamo avuto il piacere di accogliere milioni di visitatori sul nostro blog e nel nostro Shop e di servire oltre 50.000 clienti soddisfatti. Grazie di cuore a tutti i lettori e ai fan!<\/p>\n<\/div><\/section>\n","protected":false},"excerpt":{"rendered":"<p>Porta il gusto del Giappone nella tua cucina con la salsa Teriyaki di Morita. Ideale per carne, pesce, Tofu e verdure. Ora disponibile su 1mal1japan!<\/p>\n","protected":false},"featured_media":64716,"template":"","meta":{"_uag_custom_page_level_css":"","site-sidebar-layout":"default","site-content-layout":"","ast-site-content-layout":"default","site-content-style":"default","site-sidebar-style":"default","ast-global-header-display":"","ast-banner-title-visibility":"","ast-main-header-display":"","ast-hfb-above-header-display":"","ast-hfb-below-header-display":"","ast-hfb-mobile-header-display":"","site-post-title":"","ast-breadcrumbs-content":"","ast-featured-img":"","footer-sml-layout":"","ast-disable-related-posts":"","theme-transparent-header-meta":"","adv-header-id-meta":"","stick-header-meta":"","header-above-stick-meta":"","header-main-stick-meta":"","header-below-stick-meta":"","astra-migrate-meta-layouts":"default","ast-page-background-enabled":"default","ast-page-background-meta":{"desktop":{"background-color":"","background-image":"","background-repeat":"repeat","background-position":"center center","background-size":"auto","background-attachment":"scroll","background-type":"","background-media":"","overlay-type":"","overlay-color":"","overlay-opacity":"","overlay-gradient":""},"tablet":{"background-color":"","background-image":"","background-repeat":"repeat","background-position":"center center","background-size":"auto","background-attachment":"scroll","background-type":"","background-media":"","overlay-type":"","overlay-color":"","overlay-opacity":"","overlay-gradient":""},"mobile":{"background-color":"","background-image":"","background-repeat":"repeat","background-position":"center center","background-size":"auto","background-attachment":"scroll","background-type":"","background-media":"","overlay-type":"","overlay-color":"","overlay-opacity":"","overlay-gradient":""}},"ast-content-background-meta":{"desktop":{"background-color":"var(--ast-global-color-5)","background-image":"","background-repeat":"repeat","background-position":"center center","background-size":"auto","background-attachment":"scroll","background-type":"","background-media":"","overlay-type":"","overlay-color":"","overlay-opacity":"","overlay-gradient":""},"tablet":{"background-color":"var(--ast-global-color-5)","background-image":"","background-repeat":"repeat","background-position":"center center","background-size":"auto","background-attachment":"scroll","background-type":"","background-media":"","overlay-type":"","overlay-color":"","overlay-opacity":"","overlay-gradient":""},"mobile":{"background-color":"var(--ast-global-color-5)","background-image":"","background-repeat":"repeat","background-position":"center center","background-size":"auto","background-attachment":"scroll","background-type":"","background-media":"","overlay-type":"","overlay-color":"","overlay-opacity":"","overlay-gradient":""}}},"product_brand":[],"product_cat":[1455,1558,1556,1557],"product_tag":[1920],"class_list":{"0":"post-64715","1":"product","2":"type-product","3":"status-publish","4":"has-post-thumbnail","6":"product_cat-senza-categoria","7":"product_cat-made-in-japan","8":"product_cat-olio-aceto-paste-e-salse","9":"product_cat-tutti-i-prodotti","10":"product_tag-teriyaki","11":"desktop-align-left","12":"tablet-align-left","13":"mobile-align-left","14":"ast-product-gallery-layout-horizontal-slider","15":"ast-magnify-disabled","16":"ast-product-tabs-layout-horizontal","18":"first","19":"instock","20":"taxable","21":"shipping-taxable","22":"purchasable","23":"product-type-simple"},"yoast_head":"<!-- This site is optimized with the Yoast SEO Premium plugin v27.5 (Yoast SEO v27.5) - https:\/\/yoast.com\/product\/yoast-seo-premium-wordpress\/ -->\n<title>Salsa Teriyaki dal Giappone (per carne, pesce, Tofu e molto altro), Morita<\/title>\n<meta name=\"description\" content=\"I\u27a1 Autentica salsa Teriyaki giapponese \u2714 densa, versatile e ricca di Umami \u2714 esperienza di gusto incomparabile \u2714 consegna rapida!\" \/>\n<meta name=\"robots\" content=\"index, follow, max-snippet:-1, max-image-preview:large, max-video-preview:-1\" \/>\n<link rel=\"canonical\" href=\"https:\/\/1mal1japan.de\/it\/produkt\/salsa-teriyaki-185-g-per-carne-pesce-tofu-e-verdure-morita\/\" \/>\n<meta property=\"og:locale\" content=\"it_IT\" \/>\n<meta property=\"og:type\" content=\"article\" \/>\n<meta property=\"og:title\" content=\"Salsa Teriyaki 185 g (per carne, pesce, Tofu e verdure), Morita\" \/>\n<meta property=\"og:description\" content=\"Porta il gusto del Giappone nella tua cucina con la salsa Teriyaki di Morita. Ideale per carne, pesce, Tofu e verdure. Ora disponibile su 1mal1japan!\" \/>\n<meta property=\"og:url\" content=\"https:\/\/1mal1japan.de\/it\/produkt\/salsa-teriyaki-185-g-per-carne-pesce-tofu-e-verdure-morita\/\" \/>\n<meta property=\"og:site_name\" content=\"1mal1japan.de\" \/>\n<meta property=\"article:modified_time\" content=\"2026-04-28T12:15:31+00:00\" \/>\n<meta property=\"og:image\" content=\"https:\/\/1mal1japan.de\/wp-content\/uploads\/2024\/02\/Teriyaki-Sauce-1.jpg\" \/>\n\t<meta property=\"og:image:width\" content=\"800\" \/>\n\t<meta property=\"og:image:height\" content=\"800\" \/>\n\t<meta property=\"og:image:type\" content=\"image\/jpeg\" \/>\n<script type=\"application\/ld+json\" class=\"yoast-schema-graph\">{\"@context\":\"https:\\\/\\\/schema.org\",\"@graph\":[{\"@type\":\"WebPage\",\"@id\":\"https:\\\/\\\/1mal1japan.de\\\/it\\\/produkt\\\/salsa-teriyaki-185-g-per-carne-pesce-tofu-e-verdure-morita\\\/\",\"url\":\"https:\\\/\\\/1mal1japan.de\\\/it\\\/produkt\\\/salsa-teriyaki-185-g-per-carne-pesce-tofu-e-verdure-morita\\\/\",\"name\":\"Salsa Teriyaki dal Giappone (per carne, pesce, Tofu e molto altro), Morita\",\"isPartOf\":{\"@id\":\"https:\\\/\\\/1mal1japan.de\\\/it\\\/#website\"},\"primaryImageOfPage\":{\"@id\":\"https:\\\/\\\/1mal1japan.de\\\/it\\\/produkt\\\/salsa-teriyaki-185-g-per-carne-pesce-tofu-e-verdure-morita\\\/#primaryimage\"},\"image\":{\"@id\":\"https:\\\/\\\/1mal1japan.de\\\/it\\\/produkt\\\/salsa-teriyaki-185-g-per-carne-pesce-tofu-e-verdure-morita\\\/#primaryimage\"},\"thumbnailUrl\":\"https:\\\/\\\/1mal1japan.de\\\/wp-content\\\/uploads\\\/2024\\\/02\\\/Teriyaki-Sauce-1.jpg\",\"datePublished\":\"2024-02-27T08:27:14+00:00\",\"dateModified\":\"2026-04-28T12:15:31+00:00\",\"description\":\"I\u27a1 Autentica salsa Teriyaki giapponese \u2714 densa, versatile e ricca di Umami \u2714 esperienza di gusto incomparabile \u2714 consegna rapida!\",\"breadcrumb\":{\"@id\":\"https:\\\/\\\/1mal1japan.de\\\/it\\\/produkt\\\/salsa-teriyaki-185-g-per-carne-pesce-tofu-e-verdure-morita\\\/#breadcrumb\"},\"inLanguage\":\"it-IT\",\"potentialAction\":[{\"@type\":\"ReadAction\",\"target\":[\"https:\\\/\\\/1mal1japan.de\\\/it\\\/produkt\\\/salsa-teriyaki-185-g-per-carne-pesce-tofu-e-verdure-morita\\\/\"]}]},{\"@type\":\"ImageObject\",\"inLanguage\":\"it-IT\",\"@id\":\"https:\\\/\\\/1mal1japan.de\\\/it\\\/produkt\\\/salsa-teriyaki-185-g-per-carne-pesce-tofu-e-verdure-morita\\\/#primaryimage\",\"url\":\"https:\\\/\\\/1mal1japan.de\\\/wp-content\\\/uploads\\\/2024\\\/02\\\/Teriyaki-Sauce-1.jpg\",\"contentUrl\":\"https:\\\/\\\/1mal1japan.de\\\/wp-content\\\/uploads\\\/2024\\\/02\\\/Teriyaki-Sauce-1.jpg\",\"width\":800,\"height\":800,\"caption\":\"Salsa Teriyaki\"},{\"@type\":\"BreadcrumbList\",\"@id\":\"https:\\\/\\\/1mal1japan.de\\\/it\\\/produkt\\\/salsa-teriyaki-185-g-per-carne-pesce-tofu-e-verdure-morita\\\/#breadcrumb\",\"itemListElement\":[{\"@type\":\"ListItem\",\"position\":1,\"name\":\"Startseite\",\"item\":\"https:\\\/\\\/1mal1japan.de\\\/it\\\/\"},{\"@type\":\"ListItem\",\"position\":2,\"name\":\"Negozio\",\"item\":\"https:\\\/\\\/1mal1japan.de\\\/it\\\/shop\\\/\"},{\"@type\":\"ListItem\",\"position\":3,\"name\":\"Salsa Teriyaki 185 g (per carne, pesce, Tofu e verdure), Morita\"}]},{\"@type\":\"WebSite\",\"@id\":\"https:\\\/\\\/1mal1japan.de\\\/it\\\/#website\",\"url\":\"https:\\\/\\\/1mal1japan.de\\\/it\\\/\",\"name\":\"1mal1japan.de\",\"description\":\"japanisch kochen &amp; einkaufen\",\"publisher\":{\"@id\":\"https:\\\/\\\/1mal1japan.de\\\/it\\\/#\\\/schema\\\/person\\\/3b6eab913fce9065523e927d88b032b0\"},\"potentialAction\":[{\"@type\":\"SearchAction\",\"target\":{\"@type\":\"EntryPoint\",\"urlTemplate\":\"https:\\\/\\\/1mal1japan.de\\\/it\\\/?s={search_term_string}\"},\"query-input\":{\"@type\":\"PropertyValueSpecification\",\"valueRequired\":true,\"valueName\":\"search_term_string\"}}],\"inLanguage\":\"it-IT\"},{\"@type\":[\"Person\",\"Organization\"],\"@id\":\"https:\\\/\\\/1mal1japan.de\\\/it\\\/#\\\/schema\\\/person\\\/3b6eab913fce9065523e927d88b032b0\",\"name\":\"Elisa\",\"image\":{\"@type\":\"ImageObject\",\"inLanguage\":\"it-IT\",\"@id\":\"https:\\\/\\\/1mal1japan.de\\\/wp-content\\\/uploads\\\/2018\\\/09\\\/Profilbild_Elisa.png\",\"url\":\"https:\\\/\\\/1mal1japan.de\\\/wp-content\\\/uploads\\\/2018\\\/09\\\/Profilbild_Elisa.png\",\"contentUrl\":\"https:\\\/\\\/1mal1japan.de\\\/wp-content\\\/uploads\\\/2018\\\/09\\\/Profilbild_Elisa.png\",\"width\":200,\"height\":200,\"caption\":\"Elisa\"},\"logo\":{\"@id\":\"https:\\\/\\\/1mal1japan.de\\\/wp-content\\\/uploads\\\/2018\\\/09\\\/Profilbild_Elisa.png\"}}]}<\/script>\n<meta property=\"product:brand\" content=\"Morita\" \/>\n<meta property=\"product:price:amount\" content=\"3.99\" \/>\n<meta property=\"product:price:currency\" content=\"EUR\" \/>\n<meta property=\"og:availability\" content=\"instock\" \/>\n<meta property=\"product:availability\" content=\"instock\" \/>\n<meta property=\"product:retailer_item_id\" content=\"1150\" \/>\n<meta property=\"product:condition\" content=\"new\" \/>\n<!-- \/ Yoast SEO Premium plugin. -->","yoast_head_json":{"title":"Salsa Teriyaki dal Giappone (per carne, pesce, Tofu e molto altro), Morita","description":"I\u27a1 Autentica salsa Teriyaki giapponese \u2714 densa, versatile e ricca di Umami \u2714 esperienza di gusto incomparabile \u2714 consegna rapida!","robots":{"index":"index","follow":"follow","max-snippet":"max-snippet:-1","max-image-preview":"max-image-preview:large","max-video-preview":"max-video-preview:-1"},"canonical":"https:\/\/1mal1japan.de\/it\/produkt\/salsa-teriyaki-185-g-per-carne-pesce-tofu-e-verdure-morita\/","og_locale":"it_IT","og_type":"article","og_title":"Salsa Teriyaki 185 g (per carne, pesce, Tofu e verdure), Morita","og_description":"Porta il gusto del Giappone nella tua cucina con la salsa Teriyaki di Morita. Ideale per carne, pesce, Tofu e verdure. Ora disponibile su 1mal1japan!","og_url":"https:\/\/1mal1japan.de\/it\/produkt\/salsa-teriyaki-185-g-per-carne-pesce-tofu-e-verdure-morita\/","og_site_name":"1mal1japan.de","article_modified_time":"2026-04-28T12:15:31+00:00","og_image":[{"width":800,"height":800,"url":"https:\/\/1mal1japan.de\/wp-content\/uploads\/2024\/02\/Teriyaki-Sauce-1.jpg","type":"image\/jpeg"}],"schema":{"@context":"https:\/\/schema.org","@graph":[{"@type":"WebPage","@id":"https:\/\/1mal1japan.de\/it\/produkt\/salsa-teriyaki-185-g-per-carne-pesce-tofu-e-verdure-morita\/","url":"https:\/\/1mal1japan.de\/it\/produkt\/salsa-teriyaki-185-g-per-carne-pesce-tofu-e-verdure-morita\/","name":"Salsa Teriyaki dal Giappone (per carne, pesce, Tofu e molto altro), Morita","isPartOf":{"@id":"https:\/\/1mal1japan.de\/it\/#website"},"primaryImageOfPage":{"@id":"https:\/\/1mal1japan.de\/it\/produkt\/salsa-teriyaki-185-g-per-carne-pesce-tofu-e-verdure-morita\/#primaryimage"},"image":{"@id":"https:\/\/1mal1japan.de\/it\/produkt\/salsa-teriyaki-185-g-per-carne-pesce-tofu-e-verdure-morita\/#primaryimage"},"thumbnailUrl":"https:\/\/1mal1japan.de\/wp-content\/uploads\/2024\/02\/Teriyaki-Sauce-1.jpg","datePublished":"2024-02-27T08:27:14+00:00","dateModified":"2026-04-28T12:15:31+00:00","description":"I\u27a1 Autentica salsa Teriyaki giapponese \u2714 densa, versatile e ricca di Umami \u2714 esperienza di gusto incomparabile \u2714 consegna rapida!","breadcrumb":{"@id":"https:\/\/1mal1japan.de\/it\/produkt\/salsa-teriyaki-185-g-per-carne-pesce-tofu-e-verdure-morita\/#breadcrumb"},"inLanguage":"it-IT","potentialAction":[{"@type":"ReadAction","target":["https:\/\/1mal1japan.de\/it\/produkt\/salsa-teriyaki-185-g-per-carne-pesce-tofu-e-verdure-morita\/"]}]},{"@type":"ImageObject","inLanguage":"it-IT","@id":"https:\/\/1mal1japan.de\/it\/produkt\/salsa-teriyaki-185-g-per-carne-pesce-tofu-e-verdure-morita\/#primaryimage","url":"https:\/\/1mal1japan.de\/wp-content\/uploads\/2024\/02\/Teriyaki-Sauce-1.jpg","contentUrl":"https:\/\/1mal1japan.de\/wp-content\/uploads\/2024\/02\/Teriyaki-Sauce-1.jpg","width":800,"height":800,"caption":"Salsa Teriyaki"},{"@type":"BreadcrumbList","@id":"https:\/\/1mal1japan.de\/it\/produkt\/salsa-teriyaki-185-g-per-carne-pesce-tofu-e-verdure-morita\/#breadcrumb","itemListElement":[{"@type":"ListItem","position":1,"name":"Startseite","item":"https:\/\/1mal1japan.de\/it\/"},{"@type":"ListItem","position":2,"name":"Negozio","item":"https:\/\/1mal1japan.de\/it\/shop\/"},{"@type":"ListItem","position":3,"name":"Salsa Teriyaki 185 g (per carne, pesce, Tofu e verdure), Morita"}]},{"@type":"WebSite","@id":"https:\/\/1mal1japan.de\/it\/#website","url":"https:\/\/1mal1japan.de\/it\/","name":"1mal1japan.de","description":"japanisch kochen &amp; einkaufen","publisher":{"@id":"https:\/\/1mal1japan.de\/it\/#\/schema\/person\/3b6eab913fce9065523e927d88b032b0"},"potentialAction":[{"@type":"SearchAction","target":{"@type":"EntryPoint","urlTemplate":"https:\/\/1mal1japan.de\/it\/?s={search_term_string}"},"query-input":{"@type":"PropertyValueSpecification","valueRequired":true,"valueName":"search_term_string"}}],"inLanguage":"it-IT"},{"@type":["Person","Organization"],"@id":"https:\/\/1mal1japan.de\/it\/#\/schema\/person\/3b6eab913fce9065523e927d88b032b0","name":"Elisa","image":{"@type":"ImageObject","inLanguage":"it-IT","@id":"https:\/\/1mal1japan.de\/wp-content\/uploads\/2018\/09\/Profilbild_Elisa.png","url":"https:\/\/1mal1japan.de\/wp-content\/uploads\/2018\/09\/Profilbild_Elisa.png","contentUrl":"https:\/\/1mal1japan.de\/wp-content\/uploads\/2018\/09\/Profilbild_Elisa.png","width":200,"height":200,"caption":"Elisa"},"logo":{"@id":"https:\/\/1mal1japan.de\/wp-content\/uploads\/2018\/09\/Profilbild_Elisa.png"}}]},"product_brand":"Morita","product_price_amount":"3.99","product_price_currency":"EUR","og_availability":"instock","product_availability":"instock","product_retailer_item_id":"1150","product_condition":"new"},"uagb_featured_image_src":{"full":["https:\/\/1mal1japan.de\/wp-content\/uploads\/2024\/02\/Teriyaki-Sauce-1.jpg",800,800,false],"thumbnail":["https:\/\/1mal1japan.de\/wp-content\/uploads\/2024\/02\/Teriyaki-Sauce-1-150x150.jpg",150,150,true],"medium":["https:\/\/1mal1japan.de\/wp-content\/uploads\/2024\/02\/Teriyaki-Sauce-1-300x300.jpg",300,300,true],"medium_large":["https:\/\/1mal1japan.de\/wp-content\/uploads\/2024\/02\/Teriyaki-Sauce-1-768x768.jpg",768,768,true],"large":["https:\/\/1mal1japan.de\/wp-content\/uploads\/2024\/02\/Teriyaki-Sauce-1.jpg",800,800,false],"1536x1536":["https:\/\/1mal1japan.de\/wp-content\/uploads\/2024\/02\/Teriyaki-Sauce-1.jpg",800,800,false],"2048x2048":["https:\/\/1mal1japan.de\/wp-content\/uploads\/2024\/02\/Teriyaki-Sauce-1.jpg",800,800,false],"woocommerce_thumbnail":["https:\/\/1mal1japan.de\/wp-content\/uploads\/2024\/02\/Teriyaki-Sauce-1-600x600.jpg",600,600,true],"woocommerce_single":["https:\/\/1mal1japan.de\/wp-content\/uploads\/2024\/02\/Teriyaki-Sauce-1.jpg",800,800,false],"woocommerce_gallery_thumbnail":["https:\/\/1mal1japan.de\/wp-content\/uploads\/2024\/02\/Teriyaki-Sauce-1-100x100.jpg",100,100,true]},"uagb_author_info":{"display_name":"kiwi19901","author_link":"https:\/\/1mal1japan.de\/it\/author\/"},"uagb_comment_info":0,"uagb_excerpt":"Porta il gusto del Giappone nella tua cucina con la salsa Teriyaki di Morita. Ideale per carne, pesce, Tofu e verdure. Ora disponibile su 1mal1japan!","_links":{"self":[{"href":"https:\/\/1mal1japan.de\/it\/wp-json\/wp\/v2\/product\/64715","targetHints":{"allow":["GET"]}}],"collection":[{"href":"https:\/\/1mal1japan.de\/it\/wp-json\/wp\/v2\/product"}],"about":[{"href":"https:\/\/1mal1japan.de\/it\/wp-json\/wp\/v2\/types\/product"}],"wp:featuredmedia":[{"embeddable":true,"href":"https:\/\/1mal1japan.de\/it\/wp-json\/wp\/v2\/media\/64716"}],"wp:attachment":[{"href":"https:\/\/1mal1japan.de\/it\/wp-json\/wp\/v2\/media?parent=64715"}],"wp:term":[{"taxonomy":"product_brand","embeddable":true,"href":"https:\/\/1mal1japan.de\/it\/wp-json\/wp\/v2\/product_brand?post=64715"},{"taxonomy":"product_cat","embeddable":true,"href":"https:\/\/1mal1japan.de\/it\/wp-json\/wp\/v2\/product_cat?post=64715"},{"taxonomy":"product_tag","embeddable":true,"href":"https:\/\/1mal1japan.de\/it\/wp-json\/wp\/v2\/product_tag?post=64715"}],"curies":[{"name":"wp","href":"https:\/\/api.w.org\/{rel}","templated":true}]}}