{"id":64767,"date":"2023-09-08T10:29:48","date_gmt":"2023-09-08T08:29:48","guid":{"rendered":"https:\/\/1mal1japan.de\/produkt\/stampo-per-gyoza-%e2%8c%8010-cm-ideale-per-ravioli-giapponesi-e-gyoza\/"},"modified":"2026-04-28T14:13:38","modified_gmt":"2026-04-28T12:13:38","slug":"stampo-per-gyoza-%e2%8c%8010-cm-ideale-per-ravioli-giapponesi-e-gyoza","status":"publish","type":"product","link":"https:\/\/1mal1japan.de\/it\/produkt\/stampo-per-gyoza-%e2%8c%8010-cm-ideale-per-ravioli-giapponesi-e-gyoza\/","title":{"rendered":"Stampo per Gyoza \u230010 cm (ideale per ravioli giapponesi e Gyoza)"},"content":{"rendered":"\n<section class=\"wp-block-uagb-section uagb-section__wrap uagb-section__background-color uagb-block-f6727cbc\"><div class=\"uagb-section__overlay\"><\/div><div class=\"uagb-section__inner-wrap\">\n<p>\u2705 Forma autentica: bordo dentellato perfetto per Gyoza tradizionali. <br\/>\u2705 Facile da usare: il design pieghevole chiude e modella in un unico passaggio. <br\/>\u2705 Cottura uniforme: il bordo dentellato garantisce una consistenza e una cottura ottimali.<br\/>\u2705 Compatto e pratico: facile da pulire e riporre.<br\/>\u2705 Per i maestri del Gyoza: trasforma ogni cucina in un&#8217;oasi gastronomica giapponese.<\/p>\n<\/div><\/section>\n\n<h3 class=\"wp-block-heading\" id=\"h-gyoza-former-dein-perfekter-helfer-fur-authentische-japanische-dumplings\">Stampo per Gyoza \u2013 Il tuo aiutante perfetto per autentici ravioli giapponesi!<\/h3>\n\n<p>Sei un fan dei deliziosi gyoza giapponesi e vorresti prepararli a casa tua? La chiave per gyoza perfetti e dalla forma uniforme sta nel nostro stampo per Gyoza. Semplice, efficiente e tradizionale: questo strumento \u00e8 un must per tutti gli amanti della cucina giapponese.<\/p>\n\n<p>Il nostro stampo pieghevole per Gyoza \u00e8 stato progettato appositamente per chiudere l&#8217;impasto e il ripieno in un unico passaggio. Allo stesso tempo, assicura che ogni raviolo abbia il caratteristico bordo dentellato. Il risultato? Gyoza dalla forma perfetta, convincenti non solo nel gusto, ma anche nell&#8217;aspetto!<\/p>\n\n<p>Grazie al suo design intuitivo, lo stampo per Gyoza \u00e8 facile da usare. Basta posizionare la pasta stesa su un lato dello stampo, aggiungere il ripieno e chiuderlo. Una leggera pressione \u2013 e voil\u00e0, il tuo Gyoza \u00e8 pronto per essere cotto o fritto! Dimentica la faticosa operazione di piegare e chiudere a mano. Con questo strumento riuscirai a preparare qualsiasi tipo di raviolo.<\/p>\n\n<p>Ma perch\u00e9 il tipico bordo dentellato \u00e8 cos\u00ec importante? Non solo perch\u00e9 \u00e8 bello da vedere, ma contribuisce anche a una cottura uniforme e conferisce ai gyoza la loro consistenza inconfondibile. Grazie al nostro stampo per gyoza, otterrai questa forma tradizionale in un batter d&#8217;occhio.<\/p>\n\n<p>I Gyoza sono famosi per il loro gusto delizioso non solo in Giappone, ma in tutto il mondo. Con lo strumento giusto, anche tu potrai prepararli alla perfezione nella tua cucina. Che siano con carne, verdure o un altro ripieno preferito, lo stampo per Gyoza \u00e8 il tuo fedele compagno nel viaggio culinario nel mondo delle prelibatezze giapponesi.<\/p>\n\n<p>Inoltre, il nostro stampo per Gyoza \u00e8 facile da pulire e si ripone senza occupare spazio. Un utensile pratico che non dovrebbe mancare in nessuna cucina che dia importanza ai piatti giapponesi autentici.<\/p>\n\n<p>Scopri il maestro di cucina che \u00e8 in te e stupisci la famiglia e gli amici con gyoza fatti in casa e dalla forma perfetta. Con il nostro stampo per Gyoza, la preparazione non \u00e8 mai stata cos\u00ec facile!<\/p>\n\n<h2 class=\"wp-block-heading\" id=\"h-das-kannst-du-damit-kochen\">Ecco cosa puoi cucinare con questo:<\/h2>\n\n\t\t\t<div class=\"wp-block-uagb-post-grid uagb-post-grid  uagb-post__image-position-top uagb-post__image-enabled uagb-block-27b66334     uagb-post__items uagb-post__columns-2 is-grid uagb-post__columns-tablet-2 uagb-post__columns-mobile-2 uagb-post__equal-height\" data-total=\"0\" style=\"\">\n\n\t\t\t\t\t\t\t\t\t<p class=\"uagb-post__no-posts\">\n\t\t\t\t\t\tNo post found!\t\t\t\t\t<\/p>\n\t\t\t\t\t\t\t\t<\/div>\n\t\t\t\n<div style=\"height:20px\" aria-hidden=\"true\" class=\"wp-block-spacer\"><\/div>\n\n<h2 class=\"wp-block-heading\" id=\"h-deine-vorteile-und-unser-versprechen\">I tuoi vantaggi e la nostra promessa:<\/h2>\n\n<section class=\"wp-block-uagb-section uagb-section__wrap uagb-section__background-color uagb-block-85f7e9d2\"><div class=\"uagb-section__overlay\"><\/div><div class=\"uagb-section__inner-wrap\">\n<p>\u2764\ufe0f <strong>Veloce, semplice e affidabile:<\/strong> I clienti ci adorano! Con 4,9 stelle su 5 su Shopvote &#8211; dai un&#8217;occhiata <a href=\"https:\/\/www.shopvote.de\/bewertung_1mal1japan_de_23342.html\">qui alle recensioni dei nostri clienti<\/a>!<\/p>\n<\/div><\/section>\n\n<div style=\"height:20px\" aria-hidden=\"true\" class=\"wp-block-spacer\"><\/div>\n\n<section class=\"wp-block-uagb-section uagb-section__wrap uagb-section__background-color uagb-block-9e748e26\"><div class=\"uagb-section__overlay\"><\/div><div class=\"uagb-section__inner-wrap\">\n<p>\ud83c\udf31 <strong>Acquisti sostenibili:<\/strong> Spedizioni a impatto zero, imballaggi ecologici, fatture digitali di default.<\/p>\n<\/div><\/section>\n\n<div style=\"height:20px\" aria-hidden=\"true\" class=\"wp-block-spacer\"><\/div>\n\n<section class=\"wp-block-uagb-section uagb-section__wrap uagb-section__background-color uagb-block-11f9fc83\"><div class=\"uagb-section__overlay\"><\/div><div class=\"uagb-section__inner-wrap\">\n<p><strong>\ud83d\udd12 Acquisti al 100% senza rischi:<\/strong> Nessun importo minimo d&#8217;ordine, spedizione gratuita in Germania a partire da 59 \u20ac di spesa + diritto di recesso di 30 giorni con reso gratuito.<\/p>\n<\/div><\/section>\n\n<div style=\"height:20px\" aria-hidden=\"true\" class=\"wp-block-spacer\"><\/div>\n\n<section class=\"wp-block-uagb-section uagb-section__wrap uagb-section__background-color uagb-block-5b55bd83\"><div class=\"uagb-section__overlay\"><\/div><div class=\"uagb-section__inner-wrap\">\n<p>\ud83e\udd62 <strong>I migliori ingredienti per la tua esperienza culinaria e gustativa: <\/strong>Prodotti selezionati a mano che ci convincono personalmente in base a quattro criteri: (1) gusto, (2) autenticit\u00e0, (3) prezzo e (4) disponibilit\u00e0.<\/p>\n<\/div><\/section>\n\n<div style=\"height:20px\" aria-hidden=\"true\" class=\"wp-block-spacer\"><\/div>\n\n<section class=\"wp-block-uagb-section uagb-section__wrap uagb-section__background-color uagb-block-94ed5912\"><div class=\"uagb-section__overlay\"><\/div><div class=\"uagb-section__inner-wrap\">\n<p>\ud83d\udc4d <strong>Approfitta della nostra pluriennale esperienza<\/strong>: 1mal1japan.de esiste gi\u00e0 dal 2016. Da allora abbiamo avuto il piacere di accogliere milioni di visitatori sul nostro blog e nel nostro Shop e di servire oltre 50.000 clienti soddisfatti. Grazie di cuore a tutti i lettori e ai fan!<\/p>\n<\/div><\/section>\n","protected":false},"excerpt":{"rendered":"<p>Scopri l&#8217;autenticit\u00e0 della cucina giapponese con il nostro stampo per Gyoza! Con questo strumento pieghevole potrai creare in un attimo ravioli dalla forma perfetta e dai bordi dentellati. Trasforma semplici ravioli in capolavori culinari e gusta i Gyoza come in Giappone!<\/p>\n","protected":false},"featured_media":64775,"template":"","meta":{"_uag_custom_page_level_css":"","site-sidebar-layout":"default","site-content-layout":"","ast-site-content-layout":"default","site-content-style":"default","site-sidebar-style":"default","ast-global-header-display":"","ast-banner-title-visibility":"","ast-main-header-display":"","ast-hfb-above-header-display":"","ast-hfb-below-header-display":"","ast-hfb-mobile-header-display":"","site-post-title":"","ast-breadcrumbs-content":"","ast-featured-img":"","footer-sml-layout":"","ast-disable-related-posts":"","theme-transparent-header-meta":"","adv-header-id-meta":"","stick-header-meta":"","header-above-stick-meta":"","header-main-stick-meta":"","header-below-stick-meta":"","astra-migrate-meta-layouts":"default","ast-page-background-enabled":"default","ast-page-background-meta":{"desktop":{"background-color":"","background-image":"","background-repeat":"repeat","background-position":"center center","background-size":"auto","background-attachment":"scroll","background-type":"","background-media":"","overlay-type":"","overlay-color":"","overlay-opacity":"","overlay-gradient":""},"tablet":{"background-color":"","background-image":"","background-repeat":"repeat","background-position":"center center","background-size":"auto","background-attachment":"scroll","background-type":"","background-media":"","overlay-type":"","overlay-color":"","overlay-opacity":"","overlay-gradient":""},"mobile":{"background-color":"","background-image":"","background-repeat":"repeat","background-position":"center center","background-size":"auto","background-attachment":"scroll","background-type":"","background-media":"","overlay-type":"","overlay-color":"","overlay-opacity":"","overlay-gradient":""}},"ast-content-background-meta":{"desktop":{"background-color":"var(--ast-global-color-5)","background-image":"","background-repeat":"repeat","background-position":"center center","background-size":"auto","background-attachment":"scroll","background-type":"","background-media":"","overlay-type":"","overlay-color":"","overlay-opacity":"","overlay-gradient":""},"tablet":{"background-color":"var(--ast-global-color-5)","background-image":"","background-repeat":"repeat","background-position":"center center","background-size":"auto","background-attachment":"scroll","background-type":"","background-media":"","overlay-type":"","overlay-color":"","overlay-opacity":"","overlay-gradient":""},"mobile":{"background-color":"var(--ast-global-color-5)","background-image":"","background-repeat":"repeat","background-position":"center center","background-size":"auto","background-attachment":"scroll","background-type":"","background-media":"","overlay-type":"","overlay-color":"","overlay-opacity":"","overlay-gradient":""}}},"product_brand":[],"product_cat":[1558,1623,1557,1624],"product_tag":[1913],"class_list":{"0":"post-64767","1":"product","2":"type-product","3":"status-publish","4":"has-post-thumbnail","6":"product_cat-made-in-japan","7":"product_cat-geschirr-zubehoer","8":"product_cat-tutti-i-prodotti","9":"product_cat-utensilien-zubehoer","10":"product_tag-gyoza","11":"desktop-align-left","12":"tablet-align-left","13":"mobile-align-left","14":"ast-product-gallery-layout-horizontal-slider","15":"ast-magnify-disabled","16":"ast-product-tabs-layout-horizontal","18":"first","19":"instock","20":"taxable","21":"shipping-taxable","22":"purchasable","23":"product-type-simple"},"yoast_head":"<!-- This site is optimized with the Yoast SEO Premium plugin v27.4 (Yoast SEO v27.4) - https:\/\/yoast.com\/product\/yoast-seo-premium-wordpress\/ -->\n<title>Stampo per Gyoza (ideale per ravioli e Gyoza), 1mal1japan<\/title>\n<meta name=\"description\" content=\"I\u27a1 Stampo per Gyoza \u2013 scopri l&#039;arte culinaria giapponese! \u2728 Bordi perfetti per ravioli autentici. \ud83e\udd5f Fai come i professionisti! \u2714 Consegna veloce!\" \/>\n<meta name=\"robots\" content=\"index, follow, max-snippet:-1, max-image-preview:large, max-video-preview:-1\" \/>\n<link rel=\"canonical\" href=\"https:\/\/1mal1japan.de\/it\/produkt\/stampo-per-gyoza-%e2%8c%8010-cm-ideale-per-ravioli-giapponesi-e-gyoza\/\" \/>\n<meta property=\"og:locale\" content=\"it_IT\" \/>\n<meta property=\"og:type\" content=\"article\" \/>\n<meta property=\"og:title\" content=\"Stampo per Gyoza \u230010 cm (ideale per ravioli giapponesi e Gyoza)\" \/>\n<meta property=\"og:description\" content=\"Scopri l&#039;autenticit\u00e0 della cucina giapponese con il nostro stampo per Gyoza! Con questo strumento pieghevole potrai creare in un attimo ravioli dalla forma perfetta e dai bordi dentellati. Trasforma semplici ravioli in capolavori culinari e gusta i Gyoza come in Giappone!\" \/>\n<meta property=\"og:url\" content=\"https:\/\/1mal1japan.de\/it\/produkt\/stampo-per-gyoza-%e2%8c%8010-cm-ideale-per-ravioli-giapponesi-e-gyoza\/\" \/>\n<meta property=\"og:site_name\" content=\"1mal1japan.de\" \/>\n<meta property=\"article:modified_time\" content=\"2026-04-28T12:13:38+00:00\" \/>\n<meta property=\"og:image\" content=\"https:\/\/1mal1japan.de\/wp-content\/uploads\/2023\/09\/Gyoza-Former-7-1.jpg\" \/>\n\t<meta property=\"og:image:width\" content=\"800\" \/>\n\t<meta property=\"og:image:height\" content=\"800\" \/>\n\t<meta property=\"og:image:type\" content=\"image\/jpeg\" \/>\n<script type=\"application\/ld+json\" class=\"yoast-schema-graph\">{\"@context\":\"https:\\\/\\\/schema.org\",\"@graph\":[{\"@type\":\"WebPage\",\"@id\":\"https:\\\/\\\/1mal1japan.de\\\/it\\\/produkt\\\/stampo-per-gyoza-%e2%8c%8010-cm-ideale-per-ravioli-giapponesi-e-gyoza\\\/\",\"url\":\"https:\\\/\\\/1mal1japan.de\\\/it\\\/produkt\\\/stampo-per-gyoza-%e2%8c%8010-cm-ideale-per-ravioli-giapponesi-e-gyoza\\\/\",\"name\":\"Stampo per Gyoza (ideale per ravioli e Gyoza), 1mal1japan\",\"isPartOf\":{\"@id\":\"https:\\\/\\\/1mal1japan.de\\\/it\\\/#website\"},\"primaryImageOfPage\":{\"@id\":\"https:\\\/\\\/1mal1japan.de\\\/it\\\/produkt\\\/stampo-per-gyoza-%e2%8c%8010-cm-ideale-per-ravioli-giapponesi-e-gyoza\\\/#primaryimage\"},\"image\":{\"@id\":\"https:\\\/\\\/1mal1japan.de\\\/it\\\/produkt\\\/stampo-per-gyoza-%e2%8c%8010-cm-ideale-per-ravioli-giapponesi-e-gyoza\\\/#primaryimage\"},\"thumbnailUrl\":\"https:\\\/\\\/1mal1japan.de\\\/wp-content\\\/uploads\\\/2023\\\/09\\\/Gyoza-Former-7-1.jpg\",\"datePublished\":\"2023-09-08T08:29:48+00:00\",\"dateModified\":\"2026-04-28T12:13:38+00:00\",\"description\":\"I\u27a1 Stampo per Gyoza \u2013 scopri l'arte culinaria giapponese! \u2728 Bordi perfetti per ravioli autentici. \ud83e\udd5f Fai come i professionisti! \u2714 Consegna veloce!\",\"breadcrumb\":{\"@id\":\"https:\\\/\\\/1mal1japan.de\\\/it\\\/produkt\\\/stampo-per-gyoza-%e2%8c%8010-cm-ideale-per-ravioli-giapponesi-e-gyoza\\\/#breadcrumb\"},\"inLanguage\":\"it-IT\",\"potentialAction\":[{\"@type\":\"ReadAction\",\"target\":[\"https:\\\/\\\/1mal1japan.de\\\/it\\\/produkt\\\/stampo-per-gyoza-%e2%8c%8010-cm-ideale-per-ravioli-giapponesi-e-gyoza\\\/\"]}]},{\"@type\":\"ImageObject\",\"inLanguage\":\"it-IT\",\"@id\":\"https:\\\/\\\/1mal1japan.de\\\/it\\\/produkt\\\/stampo-per-gyoza-%e2%8c%8010-cm-ideale-per-ravioli-giapponesi-e-gyoza\\\/#primaryimage\",\"url\":\"https:\\\/\\\/1mal1japan.de\\\/wp-content\\\/uploads\\\/2023\\\/09\\\/Gyoza-Former-7-1.jpg\",\"contentUrl\":\"https:\\\/\\\/1mal1japan.de\\\/wp-content\\\/uploads\\\/2023\\\/09\\\/Gyoza-Former-7-1.jpg\",\"width\":800,\"height\":800,\"caption\":\"Stampo per Gyoza (ideale per ravioli giapponesi e gnocchi)\"},{\"@type\":\"BreadcrumbList\",\"@id\":\"https:\\\/\\\/1mal1japan.de\\\/it\\\/produkt\\\/stampo-per-gyoza-%e2%8c%8010-cm-ideale-per-ravioli-giapponesi-e-gyoza\\\/#breadcrumb\",\"itemListElement\":[{\"@type\":\"ListItem\",\"position\":1,\"name\":\"Startseite\",\"item\":\"https:\\\/\\\/1mal1japan.de\\\/it\\\/\"},{\"@type\":\"ListItem\",\"position\":2,\"name\":\"Negozio\",\"item\":\"https:\\\/\\\/1mal1japan.de\\\/it\\\/shop\\\/\"},{\"@type\":\"ListItem\",\"position\":3,\"name\":\"Stampo per Gyoza \u230010 cm (ideale per ravioli giapponesi e Gyoza)\"}]},{\"@type\":\"WebSite\",\"@id\":\"https:\\\/\\\/1mal1japan.de\\\/it\\\/#website\",\"url\":\"https:\\\/\\\/1mal1japan.de\\\/it\\\/\",\"name\":\"1mal1japan.de\",\"description\":\"japanisch kochen &amp; einkaufen\",\"publisher\":{\"@id\":\"https:\\\/\\\/1mal1japan.de\\\/it\\\/#\\\/schema\\\/person\\\/3b6eab913fce9065523e927d88b032b0\"},\"potentialAction\":[{\"@type\":\"SearchAction\",\"target\":{\"@type\":\"EntryPoint\",\"urlTemplate\":\"https:\\\/\\\/1mal1japan.de\\\/it\\\/?s={search_term_string}\"},\"query-input\":{\"@type\":\"PropertyValueSpecification\",\"valueRequired\":true,\"valueName\":\"search_term_string\"}}],\"inLanguage\":\"it-IT\"},{\"@type\":[\"Person\",\"Organization\"],\"@id\":\"https:\\\/\\\/1mal1japan.de\\\/it\\\/#\\\/schema\\\/person\\\/3b6eab913fce9065523e927d88b032b0\",\"name\":\"Elisa\",\"image\":{\"@type\":\"ImageObject\",\"inLanguage\":\"it-IT\",\"@id\":\"https:\\\/\\\/1mal1japan.de\\\/wp-content\\\/uploads\\\/2018\\\/09\\\/Profilbild_Elisa.png\",\"url\":\"https:\\\/\\\/1mal1japan.de\\\/wp-content\\\/uploads\\\/2018\\\/09\\\/Profilbild_Elisa.png\",\"contentUrl\":\"https:\\\/\\\/1mal1japan.de\\\/wp-content\\\/uploads\\\/2018\\\/09\\\/Profilbild_Elisa.png\",\"width\":200,\"height\":200,\"caption\":\"Elisa\"},\"logo\":{\"@id\":\"https:\\\/\\\/1mal1japan.de\\\/wp-content\\\/uploads\\\/2018\\\/09\\\/Profilbild_Elisa.png\"}}]}<\/script>\n<meta property=\"product:price:amount\" content=\"1.99\" \/>\n<meta property=\"product:price:currency\" content=\"EUR\" \/>\n<meta property=\"og:availability\" content=\"instock\" \/>\n<meta property=\"product:availability\" content=\"instock\" \/>\n<meta property=\"product:retailer_item_id\" content=\"2029\" \/>\n<meta property=\"product:condition\" content=\"new\" \/>\n<!-- \/ Yoast SEO Premium plugin. -->","yoast_head_json":{"title":"Stampo per Gyoza (ideale per ravioli e Gyoza), 1mal1japan","description":"I\u27a1 Stampo per Gyoza \u2013 scopri l'arte culinaria giapponese! \u2728 Bordi perfetti per ravioli autentici. \ud83e\udd5f Fai come i professionisti! \u2714 Consegna veloce!","robots":{"index":"index","follow":"follow","max-snippet":"max-snippet:-1","max-image-preview":"max-image-preview:large","max-video-preview":"max-video-preview:-1"},"canonical":"https:\/\/1mal1japan.de\/it\/produkt\/stampo-per-gyoza-%e2%8c%8010-cm-ideale-per-ravioli-giapponesi-e-gyoza\/","og_locale":"it_IT","og_type":"article","og_title":"Stampo per Gyoza \u230010 cm (ideale per ravioli giapponesi e Gyoza)","og_description":"Scopri l'autenticit\u00e0 della cucina giapponese con il nostro stampo per Gyoza! Con questo strumento pieghevole potrai creare in un attimo ravioli dalla forma perfetta e dai bordi dentellati. Trasforma semplici ravioli in capolavori culinari e gusta i Gyoza come in Giappone!","og_url":"https:\/\/1mal1japan.de\/it\/produkt\/stampo-per-gyoza-%e2%8c%8010-cm-ideale-per-ravioli-giapponesi-e-gyoza\/","og_site_name":"1mal1japan.de","article_modified_time":"2026-04-28T12:13:38+00:00","og_image":[{"width":800,"height":800,"url":"https:\/\/1mal1japan.de\/wp-content\/uploads\/2023\/09\/Gyoza-Former-7-1.jpg","type":"image\/jpeg"}],"schema":{"@context":"https:\/\/schema.org","@graph":[{"@type":"WebPage","@id":"https:\/\/1mal1japan.de\/it\/produkt\/stampo-per-gyoza-%e2%8c%8010-cm-ideale-per-ravioli-giapponesi-e-gyoza\/","url":"https:\/\/1mal1japan.de\/it\/produkt\/stampo-per-gyoza-%e2%8c%8010-cm-ideale-per-ravioli-giapponesi-e-gyoza\/","name":"Stampo per Gyoza (ideale per ravioli e Gyoza), 1mal1japan","isPartOf":{"@id":"https:\/\/1mal1japan.de\/it\/#website"},"primaryImageOfPage":{"@id":"https:\/\/1mal1japan.de\/it\/produkt\/stampo-per-gyoza-%e2%8c%8010-cm-ideale-per-ravioli-giapponesi-e-gyoza\/#primaryimage"},"image":{"@id":"https:\/\/1mal1japan.de\/it\/produkt\/stampo-per-gyoza-%e2%8c%8010-cm-ideale-per-ravioli-giapponesi-e-gyoza\/#primaryimage"},"thumbnailUrl":"https:\/\/1mal1japan.de\/wp-content\/uploads\/2023\/09\/Gyoza-Former-7-1.jpg","datePublished":"2023-09-08T08:29:48+00:00","dateModified":"2026-04-28T12:13:38+00:00","description":"I\u27a1 Stampo per Gyoza \u2013 scopri l'arte culinaria giapponese! \u2728 Bordi perfetti per ravioli autentici. \ud83e\udd5f Fai come i professionisti! \u2714 Consegna veloce!","breadcrumb":{"@id":"https:\/\/1mal1japan.de\/it\/produkt\/stampo-per-gyoza-%e2%8c%8010-cm-ideale-per-ravioli-giapponesi-e-gyoza\/#breadcrumb"},"inLanguage":"it-IT","potentialAction":[{"@type":"ReadAction","target":["https:\/\/1mal1japan.de\/it\/produkt\/stampo-per-gyoza-%e2%8c%8010-cm-ideale-per-ravioli-giapponesi-e-gyoza\/"]}]},{"@type":"ImageObject","inLanguage":"it-IT","@id":"https:\/\/1mal1japan.de\/it\/produkt\/stampo-per-gyoza-%e2%8c%8010-cm-ideale-per-ravioli-giapponesi-e-gyoza\/#primaryimage","url":"https:\/\/1mal1japan.de\/wp-content\/uploads\/2023\/09\/Gyoza-Former-7-1.jpg","contentUrl":"https:\/\/1mal1japan.de\/wp-content\/uploads\/2023\/09\/Gyoza-Former-7-1.jpg","width":800,"height":800,"caption":"Stampo per Gyoza (ideale per ravioli giapponesi e gnocchi)"},{"@type":"BreadcrumbList","@id":"https:\/\/1mal1japan.de\/it\/produkt\/stampo-per-gyoza-%e2%8c%8010-cm-ideale-per-ravioli-giapponesi-e-gyoza\/#breadcrumb","itemListElement":[{"@type":"ListItem","position":1,"name":"Startseite","item":"https:\/\/1mal1japan.de\/it\/"},{"@type":"ListItem","position":2,"name":"Negozio","item":"https:\/\/1mal1japan.de\/it\/shop\/"},{"@type":"ListItem","position":3,"name":"Stampo per Gyoza \u230010 cm (ideale per ravioli giapponesi e Gyoza)"}]},{"@type":"WebSite","@id":"https:\/\/1mal1japan.de\/it\/#website","url":"https:\/\/1mal1japan.de\/it\/","name":"1mal1japan.de","description":"japanisch kochen &amp; einkaufen","publisher":{"@id":"https:\/\/1mal1japan.de\/it\/#\/schema\/person\/3b6eab913fce9065523e927d88b032b0"},"potentialAction":[{"@type":"SearchAction","target":{"@type":"EntryPoint","urlTemplate":"https:\/\/1mal1japan.de\/it\/?s={search_term_string}"},"query-input":{"@type":"PropertyValueSpecification","valueRequired":true,"valueName":"search_term_string"}}],"inLanguage":"it-IT"},{"@type":["Person","Organization"],"@id":"https:\/\/1mal1japan.de\/it\/#\/schema\/person\/3b6eab913fce9065523e927d88b032b0","name":"Elisa","image":{"@type":"ImageObject","inLanguage":"it-IT","@id":"https:\/\/1mal1japan.de\/wp-content\/uploads\/2018\/09\/Profilbild_Elisa.png","url":"https:\/\/1mal1japan.de\/wp-content\/uploads\/2018\/09\/Profilbild_Elisa.png","contentUrl":"https:\/\/1mal1japan.de\/wp-content\/uploads\/2018\/09\/Profilbild_Elisa.png","width":200,"height":200,"caption":"Elisa"},"logo":{"@id":"https:\/\/1mal1japan.de\/wp-content\/uploads\/2018\/09\/Profilbild_Elisa.png"}}]},"product_price_amount":"1.99","product_price_currency":"EUR","og_availability":"instock","product_availability":"instock","product_retailer_item_id":"2029","product_condition":"new"},"uagb_featured_image_src":{"full":["https:\/\/1mal1japan.de\/wp-content\/uploads\/2023\/09\/Gyoza-Former-7-1.jpg",800,800,false],"thumbnail":["https:\/\/1mal1japan.de\/wp-content\/uploads\/2023\/09\/Gyoza-Former-7-1-150x150.jpg",150,150,true],"medium":["https:\/\/1mal1japan.de\/wp-content\/uploads\/2023\/09\/Gyoza-Former-7-1-300x300.jpg",300,300,true],"medium_large":["https:\/\/1mal1japan.de\/wp-content\/uploads\/2023\/09\/Gyoza-Former-7-1-768x768.jpg",768,768,true],"large":["https:\/\/1mal1japan.de\/wp-content\/uploads\/2023\/09\/Gyoza-Former-7-1.jpg",800,800,false],"1536x1536":["https:\/\/1mal1japan.de\/wp-content\/uploads\/2023\/09\/Gyoza-Former-7-1.jpg",800,800,false],"2048x2048":["https:\/\/1mal1japan.de\/wp-content\/uploads\/2023\/09\/Gyoza-Former-7-1.jpg",800,800,false],"woocommerce_thumbnail":["https:\/\/1mal1japan.de\/wp-content\/uploads\/2023\/09\/Gyoza-Former-7-1-600x600.jpg",600,600,true],"woocommerce_single":["https:\/\/1mal1japan.de\/wp-content\/uploads\/2023\/09\/Gyoza-Former-7-1.jpg",800,800,false],"woocommerce_gallery_thumbnail":["https:\/\/1mal1japan.de\/wp-content\/uploads\/2023\/09\/Gyoza-Former-7-1-100x100.jpg",100,100,true]},"uagb_author_info":{"display_name":"kiwi19901","author_link":"https:\/\/1mal1japan.de\/it\/author\/"},"uagb_comment_info":0,"uagb_excerpt":"Scopri l'autenticit\u00e0 della cucina giapponese con il nostro stampo per Gyoza! Con questo strumento pieghevole potrai creare in un attimo ravioli dalla forma perfetta e dai bordi dentellati. Trasforma semplici ravioli in capolavori culinari e gusta i Gyoza come in Giappone!","_links":{"self":[{"href":"https:\/\/1mal1japan.de\/it\/wp-json\/wp\/v2\/product\/64767","targetHints":{"allow":["GET"]}}],"collection":[{"href":"https:\/\/1mal1japan.de\/it\/wp-json\/wp\/v2\/product"}],"about":[{"href":"https:\/\/1mal1japan.de\/it\/wp-json\/wp\/v2\/types\/product"}],"wp:featuredmedia":[{"embeddable":true,"href":"https:\/\/1mal1japan.de\/it\/wp-json\/wp\/v2\/media\/64775"}],"wp:attachment":[{"href":"https:\/\/1mal1japan.de\/it\/wp-json\/wp\/v2\/media?parent=64767"}],"wp:term":[{"taxonomy":"product_brand","embeddable":true,"href":"https:\/\/1mal1japan.de\/it\/wp-json\/wp\/v2\/product_brand?post=64767"},{"taxonomy":"product_cat","embeddable":true,"href":"https:\/\/1mal1japan.de\/it\/wp-json\/wp\/v2\/product_cat?post=64767"},{"taxonomy":"product_tag","embeddable":true,"href":"https:\/\/1mal1japan.de\/it\/wp-json\/wp\/v2\/product_tag?post=64767"}],"curies":[{"name":"wp","href":"https:\/\/api.w.org\/{rel}","templated":true}]}}