{"id":64824,"date":"2024-01-30T09:51:55","date_gmt":"2024-01-30T08:51:55","guid":{"rendered":"https:\/\/1mal1japan.de\/produkt\/grattugia-giapponese-per-daikon-e-verdure-prodotta-in-giappone\/"},"modified":"2026-04-28T14:14:26","modified_gmt":"2026-04-28T12:14:26","slug":"grattugia-giapponese-per-daikon-e-verdure-prodotta-in-giappone","status":"publish","type":"product","link":"https:\/\/1mal1japan.de\/it\/produkt\/grattugia-giapponese-per-daikon-e-verdure-prodotta-in-giappone\/","title":{"rendered":"Grattugia giapponese per daikon e verdure, prodotta in Giappone"},"content":{"rendered":"\n<section class=\"wp-block-uagb-section uagb-section__wrap uagb-section__background-color uagb-block-dca2d69f\"><div class=\"uagb-section__overlay\"><\/div><div class=\"uagb-section__inner-wrap\">\n<p>\u2705 Autentica grattugia giapponese, prodotta in Giappone<br\/>\u2705 Ideale per daikon, zenzero e altre verdure<br\/>\u2705 Superficie di grattugiatura fine per risultati perfetti<br\/>\u2705 Facile da usare e da pulire<br\/>\u2705 Compatta e resistente, ideale per l&#8217;uso quotidiano<\/p>\n<\/div><\/section>\n\n<h2 class=\"wp-block-heading\" id=\"h-japanische-reibe-fur-daikon-amp-gemuse-made-in-japan-von-juicing-grater\">Grattugia giapponese per daikon e verdure, prodotta in Giappone, da Juicing Grater<\/h2>\n\n<p>Lasciati conquistare dalla perfetta combinazione di funzionalit\u00e0 e tradizione che ti offre la grattugia giapponese di Juicing Grater. Questa grattugia di alta qualit\u00e0 \u00e8 stata sviluppata appositamente per renderti il pi\u00f9 semplice possibile la preparazione di verdure grattugiate finemente per una vasta gamma di piatti giapponesi. Che tu voglia grattugiare il daikon o altre verdure, con questa grattugia ci riuscirai senza alcuno sforzo. Questa grattugia \u00e8 perfetta per preparare daikon orshi fresco, pasta di zenzero fine o carote grattugiate. Con essa riuscirai in un batter d&#8217;occhio a portare il gusto autentico della cucina giapponese a casa tua.<\/p>\n\n<p>Questa grattugia \u00e8 un vero prodotto di qualit\u00e0, realizzato in Giappone. Puoi quindi contare sulla massima qualit\u00e0 e su una lavorazione durevole. La lama affilata garantisce un risultato uniforme e fine, mentre il design ergonomico assicura un comodo utilizzo. Questa grattugia giapponese \u00e8 ideale per l&#8217;uso quotidiano ed \u00e8 un must assoluto per tutti gli amanti della cucina giapponese.<\/p>\n\n<div style=\"height:20px\" aria-hidden=\"true\" class=\"wp-block-spacer\"><\/div>\n\n<h2 class=\"wp-block-heading\" id=\"h-deine-vorteile-und-unser-versprechen\">I tuoi vantaggi e la nostra promessa:<\/h2>\n\n<section class=\"wp-block-uagb-section uagb-section__wrap uagb-section__background-color uagb-block-85f7e9d2\"><div class=\"uagb-section__overlay\"><\/div><div class=\"uagb-section__inner-wrap\">\n<p>\u2764\ufe0f <strong>Veloce, semplice e affidabile:<\/strong> I clienti ci adorano! Con 4,9 stelle su 5 su Shopvote &#8211; dai un&#8217;occhiata <a href=\"https:\/\/www.shopvote.de\/bewertung_1mal1japan_de_23342.html\">qui alle recensioni dei nostri clienti<\/a>!<\/p>\n<\/div><\/section>\n\n<div style=\"height:20px\" aria-hidden=\"true\" class=\"wp-block-spacer\"><\/div>\n\n<section class=\"wp-block-uagb-section uagb-section__wrap uagb-section__background-color uagb-block-9e748e26\"><div class=\"uagb-section__overlay\"><\/div><div class=\"uagb-section__inner-wrap\">\n<p>\ud83c\udf31 <strong>Acquisti sostenibili:<\/strong> Spedizioni a impatto zero, imballaggi ecologici, fatture digitali di default.<\/p>\n<\/div><\/section>\n\n<div style=\"height:20px\" aria-hidden=\"true\" class=\"wp-block-spacer\"><\/div>\n\n<section class=\"wp-block-uagb-section uagb-section__wrap uagb-section__background-color uagb-block-11f9fc83\"><div class=\"uagb-section__overlay\"><\/div><div class=\"uagb-section__inner-wrap\">\n<p><strong>\ud83d\udd12 Acquisti al 100% senza rischi:<\/strong> Nessun importo minimo d&#8217;ordine, spedizione gratuita in Germania a partire da 59 \u20ac di spesa + diritto di recesso di 30 giorni con reso gratuito.<\/p>\n<\/div><\/section>\n\n<div style=\"height:20px\" aria-hidden=\"true\" class=\"wp-block-spacer\"><\/div>\n\n<section class=\"wp-block-uagb-section uagb-section__wrap uagb-section__background-color uagb-block-5b55bd83\"><div class=\"uagb-section__overlay\"><\/div><div class=\"uagb-section__inner-wrap\">\n<p>\ud83e\udd62 <strong>I migliori ingredienti per la tua esperienza culinaria e gustativa: <\/strong>Prodotti selezionati a mano che ci convincono personalmente in base a quattro criteri: (1) gusto, (2) autenticit\u00e0, (3) prezzo e (4) disponibilit\u00e0.<\/p>\n<\/div><\/section>\n\n<div style=\"height:20px\" aria-hidden=\"true\" class=\"wp-block-spacer\"><\/div>\n\n<section class=\"wp-block-uagb-section uagb-section__wrap uagb-section__background-color uagb-block-94ed5912\"><div class=\"uagb-section__overlay\"><\/div><div class=\"uagb-section__inner-wrap\">\n<p>\ud83d\udc4d <strong>Approfitta della nostra pluriennale esperienza<\/strong>: 1mal1japan.de esiste gi\u00e0 dal 2016. Da allora abbiamo avuto il piacere di accogliere milioni di visitatori sul nostro blog e nel nostro Shop e di servire oltre 50.000 clienti soddisfatti. Grazie di cuore a tutti i lettori e ai fan!<\/p>\n<\/div><\/section>\n","protected":false},"excerpt":{"rendered":"<p>Scopri l&#8217;arte della grattugiatura fine con la nostra autentica grattugia giapponese. Perfetta per il daikon, lo zenzero e altro ancora, questa grattugia prodotta in Giappone \u00e8 un must per ogni cucina che ama la vera cucina giapponese. Facile da usare, facile da pulire e resistente, diventer\u00e0 un aiuto indispensabile nella preparazione di autentici piatti giapponesi.<\/p>\n","protected":false},"featured_media":44139,"template":"","meta":{"_uag_custom_page_level_css":"","site-sidebar-layout":"default","site-content-layout":"","ast-site-content-layout":"default","site-content-style":"default","site-sidebar-style":"default","ast-global-header-display":"","ast-banner-title-visibility":"","ast-main-header-display":"","ast-hfb-above-header-display":"","ast-hfb-below-header-display":"","ast-hfb-mobile-header-display":"","site-post-title":"","ast-breadcrumbs-content":"","ast-featured-img":"","footer-sml-layout":"","ast-disable-related-posts":"","theme-transparent-header-meta":"","adv-header-id-meta":"","stick-header-meta":"","header-above-stick-meta":"","header-main-stick-meta":"","header-below-stick-meta":"","astra-migrate-meta-layouts":"default","ast-page-background-enabled":"default","ast-page-background-meta":{"desktop":{"background-color":"","background-image":"","background-repeat":"repeat","background-position":"center center","background-size":"auto","background-attachment":"scroll","background-type":"","background-media":"","overlay-type":"","overlay-color":"","overlay-opacity":"","overlay-gradient":""},"tablet":{"background-color":"","background-image":"","background-repeat":"repeat","background-position":"center center","background-size":"auto","background-attachment":"scroll","background-type":"","background-media":"","overlay-type":"","overlay-color":"","overlay-opacity":"","overlay-gradient":""},"mobile":{"background-color":"","background-image":"","background-repeat":"repeat","background-position":"center center","background-size":"auto","background-attachment":"scroll","background-type":"","background-media":"","overlay-type":"","overlay-color":"","overlay-opacity":"","overlay-gradient":""}},"ast-content-background-meta":{"desktop":{"background-color":"var(--ast-global-color-5)","background-image":"","background-repeat":"repeat","background-position":"center center","background-size":"auto","background-attachment":"scroll","background-type":"","background-media":"","overlay-type":"","overlay-color":"","overlay-opacity":"","overlay-gradient":""},"tablet":{"background-color":"var(--ast-global-color-5)","background-image":"","background-repeat":"repeat","background-position":"center center","background-size":"auto","background-attachment":"scroll","background-type":"","background-media":"","overlay-type":"","overlay-color":"","overlay-opacity":"","overlay-gradient":""},"mobile":{"background-color":"var(--ast-global-color-5)","background-image":"","background-repeat":"repeat","background-position":"center center","background-size":"auto","background-attachment":"scroll","background-type":"","background-media":"","overlay-type":"","overlay-color":"","overlay-opacity":"","overlay-gradient":""}}},"product_brand":[],"product_cat":[1558,1623,1557,1624],"product_tag":[],"class_list":{"0":"post-64824","1":"product","2":"type-product","3":"status-publish","4":"has-post-thumbnail","6":"product_cat-made-in-japan","7":"product_cat-geschirr-zubehoer","8":"product_cat-tutti-i-prodotti","9":"product_cat-utensilien-zubehoer","10":"desktop-align-left","11":"tablet-align-left","12":"mobile-align-left","13":"ast-product-gallery-layout-horizontal-slider","14":"ast-magnify-disabled","15":"ast-product-tabs-layout-horizontal","17":"first","18":"outofstock","19":"taxable","20":"shipping-taxable","21":"purchasable","22":"product-type-simple"},"yoast_head":"<!-- This site is optimized with the Yoast SEO Premium plugin v27.4 (Yoast SEO v27.4) - https:\/\/yoast.com\/product\/yoast-seo-premium-wordpress\/ -->\n<title>Grattugia giapponese per daikon e verdure, 25 cm, prodotta in Giappone<\/title>\n<meta name=\"description\" content=\"I\u27a1 Acquista la grattugia \u2714 per preparare verdure grattugiate \u2714 daikon, zenzero e cipolla \u2714 facile da pulire \u2714 consegna veloce!\" \/>\n<meta name=\"robots\" content=\"index, follow, max-snippet:-1, max-image-preview:large, max-video-preview:-1\" \/>\n<link rel=\"canonical\" href=\"https:\/\/1mal1japan.de\/it\/produkt\/grattugia-giapponese-per-daikon-e-verdure-prodotta-in-giappone\/\" \/>\n<meta property=\"og:locale\" content=\"it_IT\" \/>\n<meta property=\"og:type\" content=\"article\" \/>\n<meta property=\"og:title\" content=\"Grattugia giapponese per daikon e verdure, prodotta in Giappone\" \/>\n<meta property=\"og:description\" content=\"Scopri l&#039;arte della grattugiatura fine con la nostra autentica grattugia giapponese. Perfetta per il daikon, lo zenzero e altro ancora, questa grattugia prodotta in Giappone \u00e8 un must per ogni cucina che ama la vera cucina giapponese. Facile da usare, facile da pulire e resistente, diventer\u00e0 un aiuto indispensabile nella preparazione di autentici piatti giapponesi.\" \/>\n<meta property=\"og:url\" content=\"https:\/\/1mal1japan.de\/it\/produkt\/grattugia-giapponese-per-daikon-e-verdure-prodotta-in-giappone\/\" \/>\n<meta property=\"og:site_name\" content=\"1mal1japan.de\" \/>\n<meta property=\"article:modified_time\" content=\"2026-04-28T12:14:26+00:00\" \/>\n<script type=\"application\/ld+json\" class=\"yoast-schema-graph\">{\"@context\":\"https:\\\/\\\/schema.org\",\"@graph\":[{\"@type\":\"WebPage\",\"@id\":\"https:\\\/\\\/1mal1japan.de\\\/it\\\/produkt\\\/grattugia-giapponese-per-daikon-e-verdure-prodotta-in-giappone\\\/\",\"url\":\"https:\\\/\\\/1mal1japan.de\\\/it\\\/produkt\\\/grattugia-giapponese-per-daikon-e-verdure-prodotta-in-giappone\\\/\",\"name\":\"Grattugia giapponese per daikon e verdure, 25 cm, prodotta in Giappone\",\"isPartOf\":{\"@id\":\"https:\\\/\\\/1mal1japan.de\\\/it\\\/#website\"},\"primaryImageOfPage\":{\"@id\":\"https:\\\/\\\/1mal1japan.de\\\/it\\\/produkt\\\/grattugia-giapponese-per-daikon-e-verdure-prodotta-in-giappone\\\/#primaryimage\"},\"image\":{\"@id\":\"https:\\\/\\\/1mal1japan.de\\\/it\\\/produkt\\\/grattugia-giapponese-per-daikon-e-verdure-prodotta-in-giappone\\\/#primaryimage\"},\"thumbnailUrl\":\"https:\\\/\\\/1mal1japan.de\\\/wp-content\\\/uploads\\\/2024\\\/01\\\/Reibe-neu-1.jpg\",\"datePublished\":\"2024-01-30T08:51:55+00:00\",\"dateModified\":\"2026-04-28T12:14:26+00:00\",\"description\":\"I\u27a1 Acquista la grattugia \u2714 per preparare verdure grattugiate \u2714 daikon, zenzero e cipolla \u2714 facile da pulire \u2714 consegna veloce!\",\"breadcrumb\":{\"@id\":\"https:\\\/\\\/1mal1japan.de\\\/it\\\/produkt\\\/grattugia-giapponese-per-daikon-e-verdure-prodotta-in-giappone\\\/#breadcrumb\"},\"inLanguage\":\"it-IT\",\"potentialAction\":[{\"@type\":\"ReadAction\",\"target\":[\"https:\\\/\\\/1mal1japan.de\\\/it\\\/produkt\\\/grattugia-giapponese-per-daikon-e-verdure-prodotta-in-giappone\\\/\"]}]},{\"@type\":\"ImageObject\",\"inLanguage\":\"it-IT\",\"@id\":\"https:\\\/\\\/1mal1japan.de\\\/it\\\/produkt\\\/grattugia-giapponese-per-daikon-e-verdure-prodotta-in-giappone\\\/#primaryimage\",\"url\":\"https:\\\/\\\/1mal1japan.de\\\/wp-content\\\/uploads\\\/2024\\\/01\\\/Reibe-neu-1.jpg\",\"contentUrl\":\"https:\\\/\\\/1mal1japan.de\\\/wp-content\\\/uploads\\\/2024\\\/01\\\/Reibe-neu-1.jpg\",\"width\":800,\"height\":800,\"caption\":\"Japanische Reibe f\u00fcr Daikon & Gem\u00fcse, made in Japan\"},{\"@type\":\"BreadcrumbList\",\"@id\":\"https:\\\/\\\/1mal1japan.de\\\/it\\\/produkt\\\/grattugia-giapponese-per-daikon-e-verdure-prodotta-in-giappone\\\/#breadcrumb\",\"itemListElement\":[{\"@type\":\"ListItem\",\"position\":1,\"name\":\"Startseite\",\"item\":\"https:\\\/\\\/1mal1japan.de\\\/it\\\/\"},{\"@type\":\"ListItem\",\"position\":2,\"name\":\"Negozio\",\"item\":\"https:\\\/\\\/1mal1japan.de\\\/it\\\/shop\\\/\"},{\"@type\":\"ListItem\",\"position\":3,\"name\":\"Grattugia giapponese per daikon e verdure, prodotta in Giappone\"}]},{\"@type\":\"WebSite\",\"@id\":\"https:\\\/\\\/1mal1japan.de\\\/it\\\/#website\",\"url\":\"https:\\\/\\\/1mal1japan.de\\\/it\\\/\",\"name\":\"1mal1japan.de\",\"description\":\"japanisch kochen &amp; einkaufen\",\"publisher\":{\"@id\":\"https:\\\/\\\/1mal1japan.de\\\/it\\\/#\\\/schema\\\/person\\\/3b6eab913fce9065523e927d88b032b0\"},\"potentialAction\":[{\"@type\":\"SearchAction\",\"target\":{\"@type\":\"EntryPoint\",\"urlTemplate\":\"https:\\\/\\\/1mal1japan.de\\\/it\\\/?s={search_term_string}\"},\"query-input\":{\"@type\":\"PropertyValueSpecification\",\"valueRequired\":true,\"valueName\":\"search_term_string\"}}],\"inLanguage\":\"it-IT\"},{\"@type\":[\"Person\",\"Organization\"],\"@id\":\"https:\\\/\\\/1mal1japan.de\\\/it\\\/#\\\/schema\\\/person\\\/3b6eab913fce9065523e927d88b032b0\",\"name\":\"Elisa\",\"image\":{\"@type\":\"ImageObject\",\"inLanguage\":\"it-IT\",\"@id\":\"https:\\\/\\\/1mal1japan.de\\\/wp-content\\\/uploads\\\/2018\\\/09\\\/Profilbild_Elisa.png\",\"url\":\"https:\\\/\\\/1mal1japan.de\\\/wp-content\\\/uploads\\\/2018\\\/09\\\/Profilbild_Elisa.png\",\"contentUrl\":\"https:\\\/\\\/1mal1japan.de\\\/wp-content\\\/uploads\\\/2018\\\/09\\\/Profilbild_Elisa.png\",\"width\":200,\"height\":200,\"caption\":\"Elisa\"},\"logo\":{\"@id\":\"https:\\\/\\\/1mal1japan.de\\\/wp-content\\\/uploads\\\/2018\\\/09\\\/Profilbild_Elisa.png\"}}]}<\/script>\n<meta property=\"product:price:amount\" content=\"4.99\" \/>\n<meta property=\"product:price:currency\" content=\"EUR\" \/>\n<meta property=\"og:availability\" content=\"out of stock\" \/>\n<meta property=\"product:availability\" content=\"out of stock\" \/>\n<meta property=\"product:retailer_item_id\" content=\"2040\" \/>\n<meta property=\"product:condition\" content=\"new\" \/>\n<!-- \/ Yoast SEO Premium plugin. -->","yoast_head_json":{"title":"Grattugia giapponese per daikon e verdure, 25 cm, prodotta in Giappone","description":"I\u27a1 Acquista la grattugia \u2714 per preparare verdure grattugiate \u2714 daikon, zenzero e cipolla \u2714 facile da pulire \u2714 consegna veloce!","robots":{"index":"index","follow":"follow","max-snippet":"max-snippet:-1","max-image-preview":"max-image-preview:large","max-video-preview":"max-video-preview:-1"},"canonical":"https:\/\/1mal1japan.de\/it\/produkt\/grattugia-giapponese-per-daikon-e-verdure-prodotta-in-giappone\/","og_locale":"it_IT","og_type":"article","og_title":"Grattugia giapponese per daikon e verdure, prodotta in Giappone","og_description":"Scopri l'arte della grattugiatura fine con la nostra autentica grattugia giapponese. Perfetta per il daikon, lo zenzero e altro ancora, questa grattugia prodotta in Giappone \u00e8 un must per ogni cucina che ama la vera cucina giapponese. Facile da usare, facile da pulire e resistente, diventer\u00e0 un aiuto indispensabile nella preparazione di autentici piatti giapponesi.","og_url":"https:\/\/1mal1japan.de\/it\/produkt\/grattugia-giapponese-per-daikon-e-verdure-prodotta-in-giappone\/","og_site_name":"1mal1japan.de","article_modified_time":"2026-04-28T12:14:26+00:00","schema":{"@context":"https:\/\/schema.org","@graph":[{"@type":"WebPage","@id":"https:\/\/1mal1japan.de\/it\/produkt\/grattugia-giapponese-per-daikon-e-verdure-prodotta-in-giappone\/","url":"https:\/\/1mal1japan.de\/it\/produkt\/grattugia-giapponese-per-daikon-e-verdure-prodotta-in-giappone\/","name":"Grattugia giapponese per daikon e verdure, 25 cm, prodotta in Giappone","isPartOf":{"@id":"https:\/\/1mal1japan.de\/it\/#website"},"primaryImageOfPage":{"@id":"https:\/\/1mal1japan.de\/it\/produkt\/grattugia-giapponese-per-daikon-e-verdure-prodotta-in-giappone\/#primaryimage"},"image":{"@id":"https:\/\/1mal1japan.de\/it\/produkt\/grattugia-giapponese-per-daikon-e-verdure-prodotta-in-giappone\/#primaryimage"},"thumbnailUrl":"https:\/\/1mal1japan.de\/wp-content\/uploads\/2024\/01\/Reibe-neu-1.jpg","datePublished":"2024-01-30T08:51:55+00:00","dateModified":"2026-04-28T12:14:26+00:00","description":"I\u27a1 Acquista la grattugia \u2714 per preparare verdure grattugiate \u2714 daikon, zenzero e cipolla \u2714 facile da pulire \u2714 consegna veloce!","breadcrumb":{"@id":"https:\/\/1mal1japan.de\/it\/produkt\/grattugia-giapponese-per-daikon-e-verdure-prodotta-in-giappone\/#breadcrumb"},"inLanguage":"it-IT","potentialAction":[{"@type":"ReadAction","target":["https:\/\/1mal1japan.de\/it\/produkt\/grattugia-giapponese-per-daikon-e-verdure-prodotta-in-giappone\/"]}]},{"@type":"ImageObject","inLanguage":"it-IT","@id":"https:\/\/1mal1japan.de\/it\/produkt\/grattugia-giapponese-per-daikon-e-verdure-prodotta-in-giappone\/#primaryimage","url":"https:\/\/1mal1japan.de\/wp-content\/uploads\/2024\/01\/Reibe-neu-1.jpg","contentUrl":"https:\/\/1mal1japan.de\/wp-content\/uploads\/2024\/01\/Reibe-neu-1.jpg","width":800,"height":800,"caption":"Japanische Reibe f\u00fcr Daikon & Gem\u00fcse, made in Japan"},{"@type":"BreadcrumbList","@id":"https:\/\/1mal1japan.de\/it\/produkt\/grattugia-giapponese-per-daikon-e-verdure-prodotta-in-giappone\/#breadcrumb","itemListElement":[{"@type":"ListItem","position":1,"name":"Startseite","item":"https:\/\/1mal1japan.de\/it\/"},{"@type":"ListItem","position":2,"name":"Negozio","item":"https:\/\/1mal1japan.de\/it\/shop\/"},{"@type":"ListItem","position":3,"name":"Grattugia giapponese per daikon e verdure, prodotta in Giappone"}]},{"@type":"WebSite","@id":"https:\/\/1mal1japan.de\/it\/#website","url":"https:\/\/1mal1japan.de\/it\/","name":"1mal1japan.de","description":"japanisch kochen &amp; einkaufen","publisher":{"@id":"https:\/\/1mal1japan.de\/it\/#\/schema\/person\/3b6eab913fce9065523e927d88b032b0"},"potentialAction":[{"@type":"SearchAction","target":{"@type":"EntryPoint","urlTemplate":"https:\/\/1mal1japan.de\/it\/?s={search_term_string}"},"query-input":{"@type":"PropertyValueSpecification","valueRequired":true,"valueName":"search_term_string"}}],"inLanguage":"it-IT"},{"@type":["Person","Organization"],"@id":"https:\/\/1mal1japan.de\/it\/#\/schema\/person\/3b6eab913fce9065523e927d88b032b0","name":"Elisa","image":{"@type":"ImageObject","inLanguage":"it-IT","@id":"https:\/\/1mal1japan.de\/wp-content\/uploads\/2018\/09\/Profilbild_Elisa.png","url":"https:\/\/1mal1japan.de\/wp-content\/uploads\/2018\/09\/Profilbild_Elisa.png","contentUrl":"https:\/\/1mal1japan.de\/wp-content\/uploads\/2018\/09\/Profilbild_Elisa.png","width":200,"height":200,"caption":"Elisa"},"logo":{"@id":"https:\/\/1mal1japan.de\/wp-content\/uploads\/2018\/09\/Profilbild_Elisa.png"}}]},"product_price_amount":"4.99","product_price_currency":"EUR","og_availability":"out of stock","product_availability":"out of stock","product_retailer_item_id":"2040","product_condition":"new"},"uagb_featured_image_src":{"full":["https:\/\/1mal1japan.de\/wp-content\/uploads\/2024\/01\/Reibe-neu-1.jpg",800,800,false],"thumbnail":["https:\/\/1mal1japan.de\/wp-content\/uploads\/2024\/01\/Reibe-neu-1-150x150.jpg",150,150,true],"medium":["https:\/\/1mal1japan.de\/wp-content\/uploads\/2024\/01\/Reibe-neu-1-300x300.jpg",300,300,true],"medium_large":["https:\/\/1mal1japan.de\/wp-content\/uploads\/2024\/01\/Reibe-neu-1-768x768.jpg",768,768,true],"large":["https:\/\/1mal1japan.de\/wp-content\/uploads\/2024\/01\/Reibe-neu-1.jpg",800,800,false],"1536x1536":["https:\/\/1mal1japan.de\/wp-content\/uploads\/2024\/01\/Reibe-neu-1.jpg",800,800,false],"2048x2048":["https:\/\/1mal1japan.de\/wp-content\/uploads\/2024\/01\/Reibe-neu-1.jpg",800,800,false],"woocommerce_thumbnail":["https:\/\/1mal1japan.de\/wp-content\/uploads\/2024\/01\/Reibe-neu-1-600x600.jpg",600,600,true],"woocommerce_single":["https:\/\/1mal1japan.de\/wp-content\/uploads\/2024\/01\/Reibe-neu-1.jpg",800,800,false],"woocommerce_gallery_thumbnail":["https:\/\/1mal1japan.de\/wp-content\/uploads\/2024\/01\/Reibe-neu-1-100x100.jpg",100,100,true]},"uagb_author_info":{"display_name":"Max","author_link":"https:\/\/1mal1japan.de\/it\/author\/"},"uagb_comment_info":0,"uagb_excerpt":"Scopri l'arte della grattugiatura fine con la nostra autentica grattugia giapponese. Perfetta per il daikon, lo zenzero e altro ancora, questa grattugia prodotta in Giappone \u00e8 un must per ogni cucina che ama la vera cucina giapponese. Facile da usare, facile da pulire e resistente, diventer\u00e0 un aiuto indispensabile nella preparazione di autentici piatti giapponesi.","_links":{"self":[{"href":"https:\/\/1mal1japan.de\/it\/wp-json\/wp\/v2\/product\/64824","targetHints":{"allow":["GET"]}}],"collection":[{"href":"https:\/\/1mal1japan.de\/it\/wp-json\/wp\/v2\/product"}],"about":[{"href":"https:\/\/1mal1japan.de\/it\/wp-json\/wp\/v2\/types\/product"}],"wp:featuredmedia":[{"embeddable":true,"href":"https:\/\/1mal1japan.de\/it\/wp-json\/wp\/v2\/media\/44139"}],"wp:attachment":[{"href":"https:\/\/1mal1japan.de\/it\/wp-json\/wp\/v2\/media?parent=64824"}],"wp:term":[{"taxonomy":"product_brand","embeddable":true,"href":"https:\/\/1mal1japan.de\/it\/wp-json\/wp\/v2\/product_brand?post=64824"},{"taxonomy":"product_cat","embeddable":true,"href":"https:\/\/1mal1japan.de\/it\/wp-json\/wp\/v2\/product_cat?post=64824"},{"taxonomy":"product_tag","embeddable":true,"href":"https:\/\/1mal1japan.de\/it\/wp-json\/wp\/v2\/product_tag?post=64824"}],"curies":[{"name":"wp","href":"https:\/\/api.w.org\/{rel}","templated":true}]}}