{"id":64829,"date":"2024-01-30T09:46:47","date_gmt":"2024-01-30T08:46:47","guid":{"rendered":"https:\/\/1mal1japan.de\/produkt\/ciotola-per-zuppa-di-miso-con-coperchio-nera-e-rossa-105-x-11-cm\/"},"modified":"2026-04-28T14:14:27","modified_gmt":"2026-04-28T12:14:27","slug":"ciotola-per-zuppa-di-miso-con-coperchio-nera-e-rossa-105-x-11-cm","status":"publish","type":"product","link":"https:\/\/1mal1japan.de\/it\/produkt\/ciotola-per-zuppa-di-miso-con-coperchio-nera-e-rossa-105-x-11-cm\/","title":{"rendered":"Ciotola per zuppa di Miso con coperchio (nera e rossa) 10,5 x 11 cm"},"content":{"rendered":"\n<section class=\"wp-block-uagb-section uagb-section__wrap uagb-section__background-color uagb-block-dca2d69f\"><div class=\"uagb-section__overlay\"><\/div><div class=\"uagb-section__inner-wrap\">\n<p>\u2705 Autentica ciotola da zuppa giapponese<br\/>\u2705 Design classico in nero e rosso, tipico delle ciotole giapponesi per il Miso<br\/>\u2705 Ideale per la zuppa di Miso e altre zuppe giapponesi<br\/>\u2705 Coperchio incluso per un&#8217;esperienza culinaria tradizionale e un calore pi\u00f9 duraturo<\/p>\n<\/div><\/section>\n\n<p>Immergiti nel mondo della cucina tradizionale giapponese con la nostra ciotola da zuppa. Questa ciotola \u00e8 ideale per preparare e servire la zuppa di Miso e altre zuppe giapponesi.<\/p>\n\n<p>Questa ciotola colpisce per il suo design classico in nero e rosso, tipico degli oggetti laccati giapponesi. Il coperchio in dotazione mantiene la tua zuppa calda pi\u00f9 a lungo e sottolinea l&#8217;esperienza culinaria tradizionale.<\/p>\n\n<p>La ciotola \u00e8 perfetta per una vasta gamma di zuppe giapponesi, dalla calda zuppa di Miso ai sostanziosi piatti nabe. La sua capienza \u00e8 ideale per una porzione e, grazie al coperchio, il contenuto rimane caldo e aromatico pi\u00f9 a lungo.<\/p>\n\n<p>Oltre alla sua praticit\u00e0, questa ciotola da zuppa \u00e8 anche un pezzo di cultura giapponese. Trasforma ogni pasto a base di zuppa in un&#8217;esperienza speciale con la nostra ciotola da zuppa. Che sia per l&#8217;uso quotidiano o per occasioni speciali, questa ciotola \u00e8 un must per ogni amante della cucina e della cultura giapponese.<\/p>\n\n<div style=\"height:20px\" aria-hidden=\"true\" class=\"wp-block-spacer\"><\/div>\n\n<h2 class=\"wp-block-heading\" id=\"h-deine-vorteile-und-unser-versprechen\">I tuoi vantaggi e la nostra promessa:<\/h2>\n\n<section class=\"wp-block-uagb-section uagb-section__wrap uagb-section__background-color uagb-block-85f7e9d2\"><div class=\"uagb-section__overlay\"><\/div><div class=\"uagb-section__inner-wrap\">\n<p>\u2764\ufe0f <strong>Veloce, semplice e affidabile:<\/strong> I clienti ci adorano! Con 4,9 stelle su 5 su Shopvote &#8211; dai un&#8217;occhiata <a href=\"https:\/\/www.shopvote.de\/bewertung_1mal1japan_de_23342.html\">qui alle recensioni dei nostri clienti<\/a>!<\/p>\n<\/div><\/section>\n\n<div style=\"height:20px\" aria-hidden=\"true\" class=\"wp-block-spacer\"><\/div>\n\n<section class=\"wp-block-uagb-section uagb-section__wrap uagb-section__background-color uagb-block-9e748e26\"><div class=\"uagb-section__overlay\"><\/div><div class=\"uagb-section__inner-wrap\">\n<p>\ud83c\udf31 <strong>Acquisti sostenibili:<\/strong> Spedizioni a impatto zero, imballaggi ecologici, fatture digitali di default.<\/p>\n<\/div><\/section>\n\n<div style=\"height:20px\" aria-hidden=\"true\" class=\"wp-block-spacer\"><\/div>\n\n<section class=\"wp-block-uagb-section uagb-section__wrap uagb-section__background-color uagb-block-11f9fc83\"><div class=\"uagb-section__overlay\"><\/div><div class=\"uagb-section__inner-wrap\">\n<p><strong>\ud83d\udd12 Acquisti al 100% senza rischi:<\/strong> Nessun importo minimo d&#8217;ordine, spedizione gratuita in Germania a partire da 59 \u20ac di spesa + diritto di recesso di 30 giorni con reso gratuito.<\/p>\n<\/div><\/section>\n\n<div style=\"height:20px\" aria-hidden=\"true\" class=\"wp-block-spacer\"><\/div>\n\n<section class=\"wp-block-uagb-section uagb-section__wrap uagb-section__background-color uagb-block-5b55bd83\"><div class=\"uagb-section__overlay\"><\/div><div class=\"uagb-section__inner-wrap\">\n<p>\ud83e\udd62 <strong>I migliori ingredienti per la tua esperienza culinaria e gustativa: <\/strong>Prodotti selezionati a mano che ci convincono personalmente in base a quattro criteri: (1) gusto, (2) autenticit\u00e0, (3) prezzo e (4) disponibilit\u00e0.<\/p>\n<\/div><\/section>\n\n<div style=\"height:20px\" aria-hidden=\"true\" class=\"wp-block-spacer\"><\/div>\n\n<section class=\"wp-block-uagb-section uagb-section__wrap uagb-section__background-color uagb-block-94ed5912\"><div class=\"uagb-section__overlay\"><\/div><div class=\"uagb-section__inner-wrap\">\n<p>\ud83d\udc4d <strong>Approfitta della nostra pluriennale esperienza<\/strong>: 1mal1japan.de esiste gi\u00e0 dal 2016. Da allora abbiamo avuto il piacere di accogliere milioni di visitatori sul nostro blog e nel nostro Shop e di servire oltre 50.000 clienti soddisfatti. Grazie di cuore a tutti i lettori e ai fan!<\/p>\n<\/div><\/section>\n","protected":false},"excerpt":{"rendered":"<p>Scopri l&#8217;autentica cultura giapponese della zuppa con la nostra elegante ciotola giapponese. Perfetta per la zuppa di Miso e altre zuppe giapponesi, porta lo stile tradizionale giapponese direttamente sulla tua tavola. Questa ciotola prodotta in Giappone in lacca di alta qualit\u00e0 nei colori nero e rosso, con coperchio incluso, non \u00e8 solo un elemento di grande impatto visivo, ma mantiene anche le tue zuppe calde pi\u00f9 a lungo. Ideale per gli amanti della cucina e della cultura giapponese.<\/p>\n","protected":false},"featured_media":38042,"template":"","meta":{"_uag_custom_page_level_css":"","site-sidebar-layout":"default","site-content-layout":"","ast-site-content-layout":"default","site-content-style":"default","site-sidebar-style":"default","ast-global-header-display":"","ast-banner-title-visibility":"","ast-main-header-display":"","ast-hfb-above-header-display":"","ast-hfb-below-header-display":"","ast-hfb-mobile-header-display":"","site-post-title":"","ast-breadcrumbs-content":"","ast-featured-img":"","footer-sml-layout":"","ast-disable-related-posts":"","theme-transparent-header-meta":"","adv-header-id-meta":"","stick-header-meta":"","header-above-stick-meta":"","header-main-stick-meta":"","header-below-stick-meta":"","astra-migrate-meta-layouts":"default","ast-page-background-enabled":"default","ast-page-background-meta":{"desktop":{"background-color":"","background-image":"","background-repeat":"repeat","background-position":"center center","background-size":"auto","background-attachment":"scroll","background-type":"","background-media":"","overlay-type":"","overlay-color":"","overlay-opacity":"","overlay-gradient":""},"tablet":{"background-color":"","background-image":"","background-repeat":"repeat","background-position":"center center","background-size":"auto","background-attachment":"scroll","background-type":"","background-media":"","overlay-type":"","overlay-color":"","overlay-opacity":"","overlay-gradient":""},"mobile":{"background-color":"","background-image":"","background-repeat":"repeat","background-position":"center center","background-size":"auto","background-attachment":"scroll","background-type":"","background-media":"","overlay-type":"","overlay-color":"","overlay-opacity":"","overlay-gradient":""}},"ast-content-background-meta":{"desktop":{"background-color":"var(--ast-global-color-5)","background-image":"","background-repeat":"repeat","background-position":"center center","background-size":"auto","background-attachment":"scroll","background-type":"","background-media":"","overlay-type":"","overlay-color":"","overlay-opacity":"","overlay-gradient":""},"tablet":{"background-color":"var(--ast-global-color-5)","background-image":"","background-repeat":"repeat","background-position":"center center","background-size":"auto","background-attachment":"scroll","background-type":"","background-media":"","overlay-type":"","overlay-color":"","overlay-opacity":"","overlay-gradient":""},"mobile":{"background-color":"var(--ast-global-color-5)","background-image":"","background-repeat":"repeat","background-position":"center center","background-size":"auto","background-attachment":"scroll","background-type":"","background-media":"","overlay-type":"","overlay-color":"","overlay-opacity":"","overlay-gradient":""}}},"product_brand":[],"product_cat":[1590,1623,1665,1557],"product_tag":[1927,1586],"class_list":{"0":"post-64829","1":"product","2":"type-product","3":"status-publish","4":"has-post-thumbnail","6":"product_cat-best-seller","7":"product_cat-geschirr-zubehoer","8":"product_cat-geschirr-sets","9":"product_cat-tutti-i-prodotti","10":"product_tag-nuovo","11":"product_tag-zuppa-di-miso","12":"desktop-align-left","13":"tablet-align-left","14":"mobile-align-left","15":"ast-product-gallery-layout-horizontal-slider","16":"ast-magnify-disabled","17":"ast-product-tabs-layout-horizontal","19":"first","20":"outofstock","21":"taxable","22":"shipping-taxable","23":"purchasable","24":"product-type-simple"},"yoast_head":"<!-- This site is optimized with the Yoast SEO Premium plugin v27.5 (Yoast SEO v27.5) - https:\/\/yoast.com\/product\/yoast-seo-premium-wordpress\/ -->\n<title>Ciotola per zuppa di miso con coperchio (laccata)<\/title>\n<meta name=\"description\" content=\"I\u27a1 Acquista ciotola per zuppa di miso \u2714 per zuppa di miso e altre ricette giapponesi \u2714 con coperchio | laccata | nero e rosso \u2714 consegna veloce!\" \/>\n<meta name=\"robots\" content=\"index, follow, max-snippet:-1, max-image-preview:large, max-video-preview:-1\" \/>\n<link rel=\"canonical\" href=\"https:\/\/1mal1japan.de\/it\/produkt\/ciotola-per-zuppa-di-miso-con-coperchio-nera-e-rossa-105-x-11-cm\/\" \/>\n<meta property=\"og:locale\" content=\"it_IT\" \/>\n<meta property=\"og:type\" content=\"article\" \/>\n<meta property=\"og:title\" content=\"Ciotola per zuppa di Miso con coperchio (nera e rossa) 10,5 x 11 cm\" \/>\n<meta property=\"og:description\" content=\"Scopri l&#039;autentica cultura giapponese della zuppa con la nostra elegante ciotola giapponese. Perfetta per la zuppa di Miso e altre zuppe giapponesi, porta lo stile tradizionale giapponese direttamente sulla tua tavola. Questa ciotola prodotta in Giappone in lacca di alta qualit\u00e0 nei colori nero e rosso, con coperchio incluso, non \u00e8 solo un elemento di grande impatto visivo, ma mantiene anche le tue zuppe calde pi\u00f9 a lungo. Ideale per gli amanti della cucina e della cultura giapponese.\" \/>\n<meta property=\"og:url\" content=\"https:\/\/1mal1japan.de\/it\/produkt\/ciotola-per-zuppa-di-miso-con-coperchio-nera-e-rossa-105-x-11-cm\/\" \/>\n<meta property=\"og:site_name\" content=\"1mal1japan.de\" \/>\n<meta property=\"article:modified_time\" content=\"2026-04-28T12:14:27+00:00\" \/>\n<script type=\"application\/ld+json\" class=\"yoast-schema-graph\">{\"@context\":\"https:\\\/\\\/schema.org\",\"@graph\":[{\"@type\":\"WebPage\",\"@id\":\"https:\\\/\\\/1mal1japan.de\\\/it\\\/produkt\\\/ciotola-per-zuppa-di-miso-con-coperchio-nera-e-rossa-105-x-11-cm\\\/\",\"url\":\"https:\\\/\\\/1mal1japan.de\\\/it\\\/produkt\\\/ciotola-per-zuppa-di-miso-con-coperchio-nera-e-rossa-105-x-11-cm\\\/\",\"name\":\"Ciotola per zuppa di miso con coperchio (laccata)\",\"isPartOf\":{\"@id\":\"https:\\\/\\\/1mal1japan.de\\\/it\\\/#website\"},\"primaryImageOfPage\":{\"@id\":\"https:\\\/\\\/1mal1japan.de\\\/it\\\/produkt\\\/ciotola-per-zuppa-di-miso-con-coperchio-nera-e-rossa-105-x-11-cm\\\/#primaryimage\"},\"image\":{\"@id\":\"https:\\\/\\\/1mal1japan.de\\\/it\\\/produkt\\\/ciotola-per-zuppa-di-miso-con-coperchio-nera-e-rossa-105-x-11-cm\\\/#primaryimage\"},\"thumbnailUrl\":\"https:\\\/\\\/1mal1japan.de\\\/wp-content\\\/uploads\\\/2024\\\/01\\\/Miso-Suppe-Schuessel-1.jpg\",\"datePublished\":\"2024-01-30T08:46:47+00:00\",\"dateModified\":\"2026-04-28T12:14:27+00:00\",\"description\":\"I\u27a1 Acquista ciotola per zuppa di miso \u2714 per zuppa di miso e altre ricette giapponesi \u2714 con coperchio | laccata | nero e rosso \u2714 consegna veloce!\",\"breadcrumb\":{\"@id\":\"https:\\\/\\\/1mal1japan.de\\\/it\\\/produkt\\\/ciotola-per-zuppa-di-miso-con-coperchio-nera-e-rossa-105-x-11-cm\\\/#breadcrumb\"},\"inLanguage\":\"it-IT\",\"potentialAction\":[{\"@type\":\"ReadAction\",\"target\":[\"https:\\\/\\\/1mal1japan.de\\\/it\\\/produkt\\\/ciotola-per-zuppa-di-miso-con-coperchio-nera-e-rossa-105-x-11-cm\\\/\"]}]},{\"@type\":\"ImageObject\",\"inLanguage\":\"it-IT\",\"@id\":\"https:\\\/\\\/1mal1japan.de\\\/it\\\/produkt\\\/ciotola-per-zuppa-di-miso-con-coperchio-nera-e-rossa-105-x-11-cm\\\/#primaryimage\",\"url\":\"https:\\\/\\\/1mal1japan.de\\\/wp-content\\\/uploads\\\/2024\\\/01\\\/Miso-Suppe-Schuessel-1.jpg\",\"contentUrl\":\"https:\\\/\\\/1mal1japan.de\\\/wp-content\\\/uploads\\\/2024\\\/01\\\/Miso-Suppe-Schuessel-1.jpg\",\"width\":800,\"height\":800,\"caption\":\"Miso Suppe Sch\u00fcssel\"},{\"@type\":\"BreadcrumbList\",\"@id\":\"https:\\\/\\\/1mal1japan.de\\\/it\\\/produkt\\\/ciotola-per-zuppa-di-miso-con-coperchio-nera-e-rossa-105-x-11-cm\\\/#breadcrumb\",\"itemListElement\":[{\"@type\":\"ListItem\",\"position\":1,\"name\":\"Startseite\",\"item\":\"https:\\\/\\\/1mal1japan.de\\\/it\\\/\"},{\"@type\":\"ListItem\",\"position\":2,\"name\":\"Negozio\",\"item\":\"https:\\\/\\\/1mal1japan.de\\\/it\\\/shop\\\/\"},{\"@type\":\"ListItem\",\"position\":3,\"name\":\"Ciotola per zuppa di Miso con coperchio (nera e rossa) 10,5 x 11 cm\"}]},{\"@type\":\"WebSite\",\"@id\":\"https:\\\/\\\/1mal1japan.de\\\/it\\\/#website\",\"url\":\"https:\\\/\\\/1mal1japan.de\\\/it\\\/\",\"name\":\"1mal1japan.de\",\"description\":\"japanisch kochen &amp; einkaufen\",\"publisher\":{\"@id\":\"https:\\\/\\\/1mal1japan.de\\\/it\\\/#\\\/schema\\\/person\\\/3b6eab913fce9065523e927d88b032b0\"},\"potentialAction\":[{\"@type\":\"SearchAction\",\"target\":{\"@type\":\"EntryPoint\",\"urlTemplate\":\"https:\\\/\\\/1mal1japan.de\\\/it\\\/?s={search_term_string}\"},\"query-input\":{\"@type\":\"PropertyValueSpecification\",\"valueRequired\":true,\"valueName\":\"search_term_string\"}}],\"inLanguage\":\"it-IT\"},{\"@type\":[\"Person\",\"Organization\"],\"@id\":\"https:\\\/\\\/1mal1japan.de\\\/it\\\/#\\\/schema\\\/person\\\/3b6eab913fce9065523e927d88b032b0\",\"name\":\"Elisa\",\"image\":{\"@type\":\"ImageObject\",\"inLanguage\":\"it-IT\",\"@id\":\"https:\\\/\\\/1mal1japan.de\\\/wp-content\\\/uploads\\\/2018\\\/09\\\/Profilbild_Elisa.png\",\"url\":\"https:\\\/\\\/1mal1japan.de\\\/wp-content\\\/uploads\\\/2018\\\/09\\\/Profilbild_Elisa.png\",\"contentUrl\":\"https:\\\/\\\/1mal1japan.de\\\/wp-content\\\/uploads\\\/2018\\\/09\\\/Profilbild_Elisa.png\",\"width\":200,\"height\":200,\"caption\":\"Elisa\"},\"logo\":{\"@id\":\"https:\\\/\\\/1mal1japan.de\\\/wp-content\\\/uploads\\\/2018\\\/09\\\/Profilbild_Elisa.png\"}}]}<\/script>\n<meta property=\"product:price:amount\" content=\"4.99\" \/>\n<meta property=\"product:price:currency\" content=\"EUR\" \/>\n<meta property=\"og:availability\" content=\"out of stock\" \/>\n<meta property=\"product:availability\" content=\"out of stock\" \/>\n<meta property=\"product:retailer_item_id\" content=\"2038\" \/>\n<meta property=\"product:condition\" content=\"new\" \/>\n<!-- \/ Yoast SEO Premium plugin. -->","yoast_head_json":{"title":"Ciotola per zuppa di miso con coperchio (laccata)","description":"I\u27a1 Acquista ciotola per zuppa di miso \u2714 per zuppa di miso e altre ricette giapponesi \u2714 con coperchio | laccata | nero e rosso \u2714 consegna veloce!","robots":{"index":"index","follow":"follow","max-snippet":"max-snippet:-1","max-image-preview":"max-image-preview:large","max-video-preview":"max-video-preview:-1"},"canonical":"https:\/\/1mal1japan.de\/it\/produkt\/ciotola-per-zuppa-di-miso-con-coperchio-nera-e-rossa-105-x-11-cm\/","og_locale":"it_IT","og_type":"article","og_title":"Ciotola per zuppa di Miso con coperchio (nera e rossa) 10,5 x 11 cm","og_description":"Scopri l'autentica cultura giapponese della zuppa con la nostra elegante ciotola giapponese. Perfetta per la zuppa di Miso e altre zuppe giapponesi, porta lo stile tradizionale giapponese direttamente sulla tua tavola. Questa ciotola prodotta in Giappone in lacca di alta qualit\u00e0 nei colori nero e rosso, con coperchio incluso, non \u00e8 solo un elemento di grande impatto visivo, ma mantiene anche le tue zuppe calde pi\u00f9 a lungo. Ideale per gli amanti della cucina e della cultura giapponese.","og_url":"https:\/\/1mal1japan.de\/it\/produkt\/ciotola-per-zuppa-di-miso-con-coperchio-nera-e-rossa-105-x-11-cm\/","og_site_name":"1mal1japan.de","article_modified_time":"2026-04-28T12:14:27+00:00","schema":{"@context":"https:\/\/schema.org","@graph":[{"@type":"WebPage","@id":"https:\/\/1mal1japan.de\/it\/produkt\/ciotola-per-zuppa-di-miso-con-coperchio-nera-e-rossa-105-x-11-cm\/","url":"https:\/\/1mal1japan.de\/it\/produkt\/ciotola-per-zuppa-di-miso-con-coperchio-nera-e-rossa-105-x-11-cm\/","name":"Ciotola per zuppa di miso con coperchio (laccata)","isPartOf":{"@id":"https:\/\/1mal1japan.de\/it\/#website"},"primaryImageOfPage":{"@id":"https:\/\/1mal1japan.de\/it\/produkt\/ciotola-per-zuppa-di-miso-con-coperchio-nera-e-rossa-105-x-11-cm\/#primaryimage"},"image":{"@id":"https:\/\/1mal1japan.de\/it\/produkt\/ciotola-per-zuppa-di-miso-con-coperchio-nera-e-rossa-105-x-11-cm\/#primaryimage"},"thumbnailUrl":"https:\/\/1mal1japan.de\/wp-content\/uploads\/2024\/01\/Miso-Suppe-Schuessel-1.jpg","datePublished":"2024-01-30T08:46:47+00:00","dateModified":"2026-04-28T12:14:27+00:00","description":"I\u27a1 Acquista ciotola per zuppa di miso \u2714 per zuppa di miso e altre ricette giapponesi \u2714 con coperchio | laccata | nero e rosso \u2714 consegna veloce!","breadcrumb":{"@id":"https:\/\/1mal1japan.de\/it\/produkt\/ciotola-per-zuppa-di-miso-con-coperchio-nera-e-rossa-105-x-11-cm\/#breadcrumb"},"inLanguage":"it-IT","potentialAction":[{"@type":"ReadAction","target":["https:\/\/1mal1japan.de\/it\/produkt\/ciotola-per-zuppa-di-miso-con-coperchio-nera-e-rossa-105-x-11-cm\/"]}]},{"@type":"ImageObject","inLanguage":"it-IT","@id":"https:\/\/1mal1japan.de\/it\/produkt\/ciotola-per-zuppa-di-miso-con-coperchio-nera-e-rossa-105-x-11-cm\/#primaryimage","url":"https:\/\/1mal1japan.de\/wp-content\/uploads\/2024\/01\/Miso-Suppe-Schuessel-1.jpg","contentUrl":"https:\/\/1mal1japan.de\/wp-content\/uploads\/2024\/01\/Miso-Suppe-Schuessel-1.jpg","width":800,"height":800,"caption":"Miso Suppe Sch\u00fcssel"},{"@type":"BreadcrumbList","@id":"https:\/\/1mal1japan.de\/it\/produkt\/ciotola-per-zuppa-di-miso-con-coperchio-nera-e-rossa-105-x-11-cm\/#breadcrumb","itemListElement":[{"@type":"ListItem","position":1,"name":"Startseite","item":"https:\/\/1mal1japan.de\/it\/"},{"@type":"ListItem","position":2,"name":"Negozio","item":"https:\/\/1mal1japan.de\/it\/shop\/"},{"@type":"ListItem","position":3,"name":"Ciotola per zuppa di Miso con coperchio (nera e rossa) 10,5 x 11 cm"}]},{"@type":"WebSite","@id":"https:\/\/1mal1japan.de\/it\/#website","url":"https:\/\/1mal1japan.de\/it\/","name":"1mal1japan.de","description":"japanisch kochen &amp; einkaufen","publisher":{"@id":"https:\/\/1mal1japan.de\/it\/#\/schema\/person\/3b6eab913fce9065523e927d88b032b0"},"potentialAction":[{"@type":"SearchAction","target":{"@type":"EntryPoint","urlTemplate":"https:\/\/1mal1japan.de\/it\/?s={search_term_string}"},"query-input":{"@type":"PropertyValueSpecification","valueRequired":true,"valueName":"search_term_string"}}],"inLanguage":"it-IT"},{"@type":["Person","Organization"],"@id":"https:\/\/1mal1japan.de\/it\/#\/schema\/person\/3b6eab913fce9065523e927d88b032b0","name":"Elisa","image":{"@type":"ImageObject","inLanguage":"it-IT","@id":"https:\/\/1mal1japan.de\/wp-content\/uploads\/2018\/09\/Profilbild_Elisa.png","url":"https:\/\/1mal1japan.de\/wp-content\/uploads\/2018\/09\/Profilbild_Elisa.png","contentUrl":"https:\/\/1mal1japan.de\/wp-content\/uploads\/2018\/09\/Profilbild_Elisa.png","width":200,"height":200,"caption":"Elisa"},"logo":{"@id":"https:\/\/1mal1japan.de\/wp-content\/uploads\/2018\/09\/Profilbild_Elisa.png"}}]},"product_price_amount":"4.99","product_price_currency":"EUR","og_availability":"out of stock","product_availability":"out of stock","product_retailer_item_id":"2038","product_condition":"new"},"uagb_featured_image_src":{"full":["https:\/\/1mal1japan.de\/wp-content\/uploads\/2024\/01\/Miso-Suppe-Schuessel-1.jpg",800,800,false],"thumbnail":["https:\/\/1mal1japan.de\/wp-content\/uploads\/2024\/01\/Miso-Suppe-Schuessel-1-150x150.jpg",150,150,true],"medium":["https:\/\/1mal1japan.de\/wp-content\/uploads\/2024\/01\/Miso-Suppe-Schuessel-1-300x300.jpg",300,300,true],"medium_large":["https:\/\/1mal1japan.de\/wp-content\/uploads\/2024\/01\/Miso-Suppe-Schuessel-1-768x768.jpg",768,768,true],"large":["https:\/\/1mal1japan.de\/wp-content\/uploads\/2024\/01\/Miso-Suppe-Schuessel-1.jpg",800,800,false],"1536x1536":["https:\/\/1mal1japan.de\/wp-content\/uploads\/2024\/01\/Miso-Suppe-Schuessel-1.jpg",800,800,false],"2048x2048":["https:\/\/1mal1japan.de\/wp-content\/uploads\/2024\/01\/Miso-Suppe-Schuessel-1.jpg",800,800,false],"woocommerce_thumbnail":["https:\/\/1mal1japan.de\/wp-content\/uploads\/2024\/01\/Miso-Suppe-Schuessel-1-600x600.jpg",600,600,true],"woocommerce_single":["https:\/\/1mal1japan.de\/wp-content\/uploads\/2024\/01\/Miso-Suppe-Schuessel-1.jpg",800,800,false],"woocommerce_gallery_thumbnail":["https:\/\/1mal1japan.de\/wp-content\/uploads\/2024\/01\/Miso-Suppe-Schuessel-1-100x100.jpg",100,100,true]},"uagb_author_info":{"display_name":"Max","author_link":"https:\/\/1mal1japan.de\/it\/author\/"},"uagb_comment_info":0,"uagb_excerpt":"Scopri l'autentica cultura giapponese della zuppa con la nostra elegante ciotola giapponese. Perfetta per la zuppa di Miso e altre zuppe giapponesi, porta lo stile tradizionale giapponese direttamente sulla tua tavola. Questa ciotola prodotta in Giappone in lacca di alta qualit\u00e0 nei colori nero e rosso, con coperchio incluso, non \u00e8 solo un elemento di&hellip;","_links":{"self":[{"href":"https:\/\/1mal1japan.de\/it\/wp-json\/wp\/v2\/product\/64829","targetHints":{"allow":["GET"]}}],"collection":[{"href":"https:\/\/1mal1japan.de\/it\/wp-json\/wp\/v2\/product"}],"about":[{"href":"https:\/\/1mal1japan.de\/it\/wp-json\/wp\/v2\/types\/product"}],"wp:featuredmedia":[{"embeddable":true,"href":"https:\/\/1mal1japan.de\/it\/wp-json\/wp\/v2\/media\/38042"}],"wp:attachment":[{"href":"https:\/\/1mal1japan.de\/it\/wp-json\/wp\/v2\/media?parent=64829"}],"wp:term":[{"taxonomy":"product_brand","embeddable":true,"href":"https:\/\/1mal1japan.de\/it\/wp-json\/wp\/v2\/product_brand?post=64829"},{"taxonomy":"product_cat","embeddable":true,"href":"https:\/\/1mal1japan.de\/it\/wp-json\/wp\/v2\/product_cat?post=64829"},{"taxonomy":"product_tag","embeddable":true,"href":"https:\/\/1mal1japan.de\/it\/wp-json\/wp\/v2\/product_tag?post=64829"}],"curies":[{"name":"wp","href":"https:\/\/api.w.org\/{rel}","templated":true}]}}