{"id":64848,"date":"2024-08-06T10:38:27","date_gmt":"2024-08-06T08:38:27","guid":{"rendered":"https:\/\/1mal1japan.de\/produkt\/riso-per-sushi-haenuki-5-kg-riso-a-chicco-tondo-corto-prodotto-in-giappone-yamagata-kitoku-shinryo\/"},"modified":"2026-04-28T14:16:01","modified_gmt":"2026-04-28T12:16:01","slug":"riso-per-sushi-haenuki-5-kg-riso-a-chicco-tondo-corto-prodotto-in-giappone-yamagata-kitoku-shinryo","status":"publish","type":"product","link":"https:\/\/1mal1japan.de\/it\/produkt\/riso-per-sushi-haenuki-5-kg-riso-a-chicco-tondo-corto-prodotto-in-giappone-yamagata-kitoku-shinryo\/","title":{"rendered":"Riso per Sushi Haenuki 5 kg (riso a chicco tondo corto), prodotto in Giappone (Yamagata), Kitoku Shinryo"},"content":{"rendered":"\n<section class=\"wp-block-uagb-section uagb-section__wrap uagb-section__background-color uagb-block-5c35283d\"><div class=\"uagb-section__overlay\"><\/div><div class=\"uagb-section__inner-wrap\">\n<p class=\"has-ast-global-color-5-color has-text-color has-link-color wp-elements-aaf597c85db213ada27d73df7da1124f\">\u2705 Riso per sushi di alta qualit\u00e0 proveniente dalla prefettura giapponese di Yamagata<br\/>\u2705 Autentico riso giapponese a chicco tondo per una preparazione del sushi autentica<br\/>\u2705 Consistenza perfetta: appiccicoso ma non molliccio \u2013 ideale per sushi, Onigiri e Donburi<br\/>\u2705 Naturale, senza additivi, lavato e lucidato pi\u00f9 volte<br\/>\u2705 Confezione grande da 5 kg \u2013 per chi cucina spesso, famiglie o ristoranti<\/p>\n<\/div><\/section>\n\n<h2 class=\"wp-block-heading\" id=\"wissen\">Cos&#8217;\u00e8 il riso per Sushi?<\/h2>\n\n<p>Il riso per Sushi \u00e8 un riso a chicco tondo e corto che, una volta cotto, sviluppa una consistenza leggermente appiccicosa. Questo lo rende perfetto per rotoli di Sushi, nigiri, Onigiri o ciotole di riso. Il nostro riso proviene dalla regione giapponese <strong>Yamagata<\/strong>, nota per le sue variet\u00e0 di riso di alta qualit\u00e0, grazie all\u2019acqua limpida, ai terreni fertili e alla lunga tradizione nella coltivazione del riso.<\/p>\n\n<h2 class=\"wp-block-heading\" id=\"vorteile\">Perch\u00e9 vale la pena acquistarlo?<\/h2>\n\n<p>Il sacco da 5 kg \u00e8 ideale per chi cucina regolarmente piatti giapponesi: che si tratti di serate a base di Sushi, di meal prep con palline di riso o come contorno a Ramen, curry o Donburi. Il riso \u00e8 naturale, lavato pi\u00f9 volte e convince per la grana uniforme, la consistenza equilibrata e il gusto delicato. Prodotto e confezionato in Giappone \u2013 per la massima qualit\u00e0 e autenticit\u00e0.<\/p>\n\n<h2 class=\"wp-block-heading\" id=\"verwendung\">Per cosa posso usare il riso per sushi?<\/h2>\n\n<p>Il riso per sushi \u00e8 un vero tuttofare nella cucina giapponese:<\/p>\n\n<ul class=\"wp-block-list\">\n<li>Per il sushi (maki, nigiri, temaki, ecc.)<\/li>\n\n\n\n<li>Per Onigiri e Donburi (ciotole di riso)<\/li>\n\n\n\n<li>Come contorno a Ramen, Udon, yakitori o curry<\/li>\n\n\n\n<li>Per Bento Box o meal prep<\/li>\n<\/ul>\n\n<p>Un must per tutti coloro che amano cucinare l&#8217;autentica cucina giapponese:<\/p>\n\n\t\t\t<div class=\"wp-block-uagb-post-grid uagb-post-grid  uagb-post__image-position-top uagb-post__image-enabled uagb-block-5a263359     uagb-post__items uagb-post__columns-2 is-grid uagb-post__columns-tablet-2 uagb-post__columns-mobile-2 uagb-post__equal-height\" data-total=\"0\" style=\"\">\n\n\t\t\t\t\t\t\t\t\t<p class=\"uagb-post__no-posts\">\n\t\t\t\t\t\tNo post found!\t\t\t\t\t<\/p>\n\t\t\t\t\t\t\t\t<\/div>\n\t\t\t\n<div style=\"height:20px\" aria-hidden=\"true\" class=\"wp-block-spacer\"><\/div>\n\n<h2 class=\"wp-block-heading\" id=\"zubereitung\">Come si prepara correttamente il riso per Sushi?<\/h2>\n\n<p>Lavare accuratamente il riso prima della cottura, finch\u00e9 l&#8217;acqua non rimane limpida. Cuocere poi con la giusta quantit\u00e0 d&#8217;acqua (di solito da 1:1,1 a 1:1,2) nel cuociriso o in una pentola. Per il riso per Sushi, una volta cotto va poi condito con aceto per Sushi e lasciato raffreddare leggermente. Puoi trovare istruzioni dettagliate anche nel nostro blog all&#8217;indirizzo:<a href=\"https:\/\/1mal1japan.de\/rezepte\/sushi-reis\/\"> Cucinare il riso per sushi<\/a><\/p>\n\n<h2 class=\"wp-block-heading\" id=\"lagerung\">Come conservare il riso e per quanto tempo si mantiene?<\/h2>\n\n<p>Il riso va conservato in un luogo asciutto, buio e fresco, preferibilmente in un contenitore ermetico. In questo modo si mantiene l&#8217;aroma e il riso si conserva per molti mesi.<\/p>\n\n<p>Ti preghiamo di notare che il riso proviene direttamente dal Giappone e, dal momento del confezionamento, ha una durata di conservazione di 12 mesi indicata dal produttore. Poich\u00e9 il trasporto via nave verso l&#8217;Europa dura di norma almeno 6 mesi, la data di scadenza stampata all&#8217;arrivo \u00e8 di conseguenza pi\u00f9 breve. Ti preghiamo quindi di tenere presente che la durata residua del prodotto al momento della vendita \u00e8 spesso di pochi mesi o settimane. La qualit\u00e0 e il gusto rimangono comunque inalterati, purch\u00e9 il riso venga conservato in un luogo fresco, asciutto e al riparo dalla luce.<\/p>\n\n<h2 class=\"wp-block-heading\" id=\"h-deine-vorteile-und-unser-versprechen\">I tuoi vantaggi e la nostra promessa:<\/h2>\n\n<section class=\"wp-block-uagb-section uagb-section__wrap uagb-section__background-color uagb-block-85f7e9d2\"><div class=\"uagb-section__overlay\"><\/div><div class=\"uagb-section__inner-wrap\">\n<p>\u2764\ufe0f <strong>Veloce, semplice e affidabile:<\/strong> I clienti ci adorano! Con 4,9 stelle su 5 su Shopvote &#8211; dai un&#8217;occhiata <a href=\"https:\/\/www.shopvote.de\/bewertung_1mal1japan_de_23342.html\">qui alle recensioni dei nostri clienti<\/a>!<\/p>\n<\/div><\/section>\n\n<div style=\"height:20px\" aria-hidden=\"true\" class=\"wp-block-spacer\"><\/div>\n\n<section class=\"wp-block-uagb-section uagb-section__wrap uagb-section__background-color uagb-block-9e748e26\"><div class=\"uagb-section__overlay\"><\/div><div class=\"uagb-section__inner-wrap\">\n<p>\ud83c\udf31 <strong>Acquisti sostenibili:<\/strong> Spedizioni a impatto zero, imballaggi ecologici, fatture digitali di default.<\/p>\n<\/div><\/section>\n\n<div style=\"height:20px\" aria-hidden=\"true\" class=\"wp-block-spacer\"><\/div>\n\n<section class=\"wp-block-uagb-section uagb-section__wrap uagb-section__background-color uagb-block-11f9fc83\"><div class=\"uagb-section__overlay\"><\/div><div class=\"uagb-section__inner-wrap\">\n<p><strong>\ud83d\udd12 Acquisti al 100% senza rischi:<\/strong> Nessun importo minimo d&#8217;ordine, spedizione gratuita in Germania a partire da 59 \u20ac di spesa + diritto di recesso di 30 giorni con reso gratuito.<\/p>\n<\/div><\/section>\n\n<div style=\"height:20px\" aria-hidden=\"true\" class=\"wp-block-spacer\"><\/div>\n\n<section class=\"wp-block-uagb-section uagb-section__wrap uagb-section__background-color uagb-block-5b55bd83\"><div class=\"uagb-section__overlay\"><\/div><div class=\"uagb-section__inner-wrap\">\n<p>\ud83e\udd62 <strong>I migliori ingredienti per la tua esperienza culinaria e gustativa: <\/strong>Prodotti selezionati a mano che ci convincono personalmente in base a quattro criteri: (1) gusto, (2) autenticit\u00e0, (3) prezzo e (4) disponibilit\u00e0.<\/p>\n<\/div><\/section>\n\n<div style=\"height:20px\" aria-hidden=\"true\" class=\"wp-block-spacer\"><\/div>\n\n<section class=\"wp-block-uagb-section uagb-section__wrap uagb-section__background-color uagb-block-94ed5912\"><div class=\"uagb-section__overlay\"><\/div><div class=\"uagb-section__inner-wrap\">\n<p>\ud83d\udc4d <strong>Approfitta della nostra pluriennale esperienza<\/strong>: 1mal1japan.de esiste gi\u00e0 dal 2016. Da allora abbiamo avuto il piacere di accogliere milioni di visitatori sul nostro blog e nel nostro Shop e di servire oltre 50.000 clienti soddisfatti. Grazie di cuore a tutti i lettori e ai fan!<\/p>\n<\/div><\/section>\n","protected":false},"excerpt":{"rendered":"<p>Riso per Sushi originale giapponese proveniente da Yamagata (Giappone). Questo riso a chicchi corti e tondi \u00e8 perfetto per Sushi, Onigiri o piatti a base di riso e convince per la sua delicata consistenza appiccicosa e l&#8217;alta qualit\u00e0. Confezione grande da 5 kg \u2013 naturale, senza additivi.<\/p>\n","protected":false},"featured_media":64856,"template":"","meta":{"_uag_custom_page_level_css":"","site-sidebar-layout":"default","site-content-layout":"default","ast-site-content-layout":"default","site-content-style":"default","site-sidebar-style":"default","ast-global-header-display":"","ast-banner-title-visibility":"","ast-main-header-display":"","ast-hfb-above-header-display":"","ast-hfb-below-header-display":"","ast-hfb-mobile-header-display":"","site-post-title":"","ast-breadcrumbs-content":"","ast-featured-img":"","footer-sml-layout":"","ast-disable-related-posts":"","theme-transparent-header-meta":"default","adv-header-id-meta":"","stick-header-meta":"default","header-above-stick-meta":"","header-main-stick-meta":"","header-below-stick-meta":"","astra-migrate-meta-layouts":"default","ast-page-background-enabled":"default","ast-page-background-meta":{"desktop":{"background-color":"","background-image":"","background-repeat":"repeat","background-position":"center center","background-size":"auto","background-attachment":"scroll","background-type":"","background-media":"","overlay-type":"","overlay-color":"","overlay-opacity":"","overlay-gradient":""},"tablet":{"background-color":"","background-image":"","background-repeat":"repeat","background-position":"center center","background-size":"auto","background-attachment":"scroll","background-type":"","background-media":"","overlay-type":"","overlay-color":"","overlay-opacity":"","overlay-gradient":""},"mobile":{"background-color":"","background-image":"","background-repeat":"repeat","background-position":"center center","background-size":"auto","background-attachment":"scroll","background-type":"","background-media":"","overlay-type":"","overlay-color":"","overlay-opacity":"","overlay-gradient":""}},"ast-content-background-meta":{"desktop":{"background-color":"var(--ast-global-color-5)","background-image":"","background-repeat":"repeat","background-position":"center center","background-size":"auto","background-attachment":"scroll","background-type":"","background-media":"","overlay-type":"","overlay-color":"","overlay-opacity":"","overlay-gradient":""},"tablet":{"background-color":"var(--ast-global-color-5)","background-image":"","background-repeat":"repeat","background-position":"center center","background-size":"auto","background-attachment":"scroll","background-type":"","background-media":"","overlay-type":"","overlay-color":"","overlay-opacity":"","overlay-gradient":""},"mobile":{"background-color":"var(--ast-global-color-5)","background-image":"","background-repeat":"repeat","background-position":"center center","background-size":"auto","background-attachment":"scroll","background-type":"","background-media":"","overlay-type":"","overlay-color":"","overlay-opacity":"","overlay-gradient":""}}},"product_brand":[],"product_cat":[1558,1597,1557],"product_tag":[1645],"class_list":{"0":"post-64848","1":"product","2":"type-product","3":"status-publish","4":"has-post-thumbnail","6":"product_cat-made-in-japan","7":"product_cat-riso-noodles-e-farina","8":"product_cat-tutti-i-prodotti","9":"product_tag-sushi","10":"desktop-align-left","11":"tablet-align-left","12":"mobile-align-left","13":"ast-product-gallery-layout-horizontal-slider","14":"ast-magnify-disabled","15":"ast-product-tabs-layout-horizontal","17":"first","18":"instock","19":"taxable","20":"shipping-taxable","21":"purchasable","22":"product-type-simple"},"yoast_head":"<!-- This site is optimized with the Yoast SEO Premium plugin v27.5 (Yoast SEO v27.5) - https:\/\/yoast.com\/product\/yoast-seo-premium-wordpress\/ -->\n<title>Riso per Sushi 5 kg (riso giapponese a chicco tondo), prodotto in Giappone<\/title>\n<meta name=\"description\" content=\"I\u27a1 Riso per Sushi di alta qualit\u00e0 dal Giappone \u2714 5 kg di riso a chicchi tondi direttamente da Yamagata \u2714 ideale per Sushi, Onigiri e Donburi \u2714 consegna rapida!\" \/>\n<meta name=\"robots\" content=\"index, follow, max-snippet:-1, max-image-preview:large, max-video-preview:-1\" \/>\n<link rel=\"canonical\" href=\"https:\/\/1mal1japan.de\/it\/produkt\/riso-per-sushi-haenuki-5-kg-riso-a-chicco-tondo-corto-prodotto-in-giappone-yamagata-kitoku-shinryo\/\" \/>\n<meta property=\"og:locale\" content=\"it_IT\" \/>\n<meta property=\"og:type\" content=\"article\" \/>\n<meta property=\"og:title\" content=\"Riso per Sushi Haenuki 5 kg (riso a chicco tondo corto), prodotto in Giappone (Yamagata), Kitoku Shinryo\" \/>\n<meta property=\"og:description\" content=\"Riso per Sushi originale giapponese proveniente da Yamagata (Giappone). Questo riso a chicchi corti e tondi \u00e8 perfetto per Sushi, Onigiri o piatti a base di riso e convince per la sua delicata consistenza appiccicosa e l&#039;alta qualit\u00e0. Confezione grande da 5 kg \u2013 naturale, senza additivi.\" \/>\n<meta property=\"og:url\" content=\"https:\/\/1mal1japan.de\/it\/produkt\/riso-per-sushi-haenuki-5-kg-riso-a-chicco-tondo-corto-prodotto-in-giappone-yamagata-kitoku-shinryo\/\" \/>\n<meta property=\"og:site_name\" content=\"1mal1japan.de\" \/>\n<meta property=\"article:modified_time\" content=\"2026-04-28T12:16:01+00:00\" \/>\n<meta property=\"og:image\" content=\"https:\/\/1mal1japan.de\/wp-content\/uploads\/2024\/08\/Sushi-Reis-aus-Japan-1.jpg\" \/>\n\t<meta property=\"og:image:width\" content=\"800\" \/>\n\t<meta property=\"og:image:height\" content=\"799\" \/>\n\t<meta property=\"og:image:type\" content=\"image\/jpeg\" \/>\n<script type=\"application\/ld+json\" class=\"yoast-schema-graph\">{\"@context\":\"https:\\\/\\\/schema.org\",\"@graph\":[{\"@type\":\"WebPage\",\"@id\":\"https:\\\/\\\/1mal1japan.de\\\/it\\\/produkt\\\/riso-per-sushi-haenuki-5-kg-riso-a-chicco-tondo-corto-prodotto-in-giappone-yamagata-kitoku-shinryo\\\/\",\"url\":\"https:\\\/\\\/1mal1japan.de\\\/it\\\/produkt\\\/riso-per-sushi-haenuki-5-kg-riso-a-chicco-tondo-corto-prodotto-in-giappone-yamagata-kitoku-shinryo\\\/\",\"name\":\"Riso per Sushi 5 kg (riso giapponese a chicco tondo), prodotto in Giappone\",\"isPartOf\":{\"@id\":\"https:\\\/\\\/1mal1japan.de\\\/it\\\/#website\"},\"primaryImageOfPage\":{\"@id\":\"https:\\\/\\\/1mal1japan.de\\\/it\\\/produkt\\\/riso-per-sushi-haenuki-5-kg-riso-a-chicco-tondo-corto-prodotto-in-giappone-yamagata-kitoku-shinryo\\\/#primaryimage\"},\"image\":{\"@id\":\"https:\\\/\\\/1mal1japan.de\\\/it\\\/produkt\\\/riso-per-sushi-haenuki-5-kg-riso-a-chicco-tondo-corto-prodotto-in-giappone-yamagata-kitoku-shinryo\\\/#primaryimage\"},\"thumbnailUrl\":\"https:\\\/\\\/1mal1japan.de\\\/wp-content\\\/uploads\\\/2024\\\/08\\\/Sushi-Reis-aus-Japan-1.jpg\",\"datePublished\":\"2024-08-06T08:38:27+00:00\",\"dateModified\":\"2026-04-28T12:16:01+00:00\",\"description\":\"I\u27a1 Riso per Sushi di alta qualit\u00e0 dal Giappone \u2714 5 kg di riso a chicchi tondi direttamente da Yamagata \u2714 ideale per Sushi, Onigiri e Donburi \u2714 consegna rapida!\",\"breadcrumb\":{\"@id\":\"https:\\\/\\\/1mal1japan.de\\\/it\\\/produkt\\\/riso-per-sushi-haenuki-5-kg-riso-a-chicco-tondo-corto-prodotto-in-giappone-yamagata-kitoku-shinryo\\\/#breadcrumb\"},\"inLanguage\":\"it-IT\",\"potentialAction\":[{\"@type\":\"ReadAction\",\"target\":[\"https:\\\/\\\/1mal1japan.de\\\/it\\\/produkt\\\/riso-per-sushi-haenuki-5-kg-riso-a-chicco-tondo-corto-prodotto-in-giappone-yamagata-kitoku-shinryo\\\/\"]}]},{\"@type\":\"ImageObject\",\"inLanguage\":\"it-IT\",\"@id\":\"https:\\\/\\\/1mal1japan.de\\\/it\\\/produkt\\\/riso-per-sushi-haenuki-5-kg-riso-a-chicco-tondo-corto-prodotto-in-giappone-yamagata-kitoku-shinryo\\\/#primaryimage\",\"url\":\"https:\\\/\\\/1mal1japan.de\\\/wp-content\\\/uploads\\\/2024\\\/08\\\/Sushi-Reis-aus-Japan-1.jpg\",\"contentUrl\":\"https:\\\/\\\/1mal1japan.de\\\/wp-content\\\/uploads\\\/2024\\\/08\\\/Sushi-Reis-aus-Japan-1.jpg\",\"width\":800,\"height\":799,\"caption\":\"Riso per Sushi 5 kg (riso a chicchi corti e tondi), Made in Japan\"},{\"@type\":\"BreadcrumbList\",\"@id\":\"https:\\\/\\\/1mal1japan.de\\\/it\\\/produkt\\\/riso-per-sushi-haenuki-5-kg-riso-a-chicco-tondo-corto-prodotto-in-giappone-yamagata-kitoku-shinryo\\\/#breadcrumb\",\"itemListElement\":[{\"@type\":\"ListItem\",\"position\":1,\"name\":\"Startseite\",\"item\":\"https:\\\/\\\/1mal1japan.de\\\/it\\\/\"},{\"@type\":\"ListItem\",\"position\":2,\"name\":\"Negozio\",\"item\":\"https:\\\/\\\/1mal1japan.de\\\/it\\\/shop\\\/\"},{\"@type\":\"ListItem\",\"position\":3,\"name\":\"Riso per Sushi Haenuki 5 kg (riso a chicco tondo corto), prodotto in Giappone (Yamagata), Kitoku Shinryo\"}]},{\"@type\":\"WebSite\",\"@id\":\"https:\\\/\\\/1mal1japan.de\\\/it\\\/#website\",\"url\":\"https:\\\/\\\/1mal1japan.de\\\/it\\\/\",\"name\":\"1mal1japan.de\",\"description\":\"japanisch kochen &amp; einkaufen\",\"publisher\":{\"@id\":\"https:\\\/\\\/1mal1japan.de\\\/it\\\/#\\\/schema\\\/person\\\/3b6eab913fce9065523e927d88b032b0\"},\"potentialAction\":[{\"@type\":\"SearchAction\",\"target\":{\"@type\":\"EntryPoint\",\"urlTemplate\":\"https:\\\/\\\/1mal1japan.de\\\/it\\\/?s={search_term_string}\"},\"query-input\":{\"@type\":\"PropertyValueSpecification\",\"valueRequired\":true,\"valueName\":\"search_term_string\"}}],\"inLanguage\":\"it-IT\"},{\"@type\":[\"Person\",\"Organization\"],\"@id\":\"https:\\\/\\\/1mal1japan.de\\\/it\\\/#\\\/schema\\\/person\\\/3b6eab913fce9065523e927d88b032b0\",\"name\":\"Elisa\",\"image\":{\"@type\":\"ImageObject\",\"inLanguage\":\"it-IT\",\"@id\":\"https:\\\/\\\/1mal1japan.de\\\/wp-content\\\/uploads\\\/2018\\\/09\\\/Profilbild_Elisa.png\",\"url\":\"https:\\\/\\\/1mal1japan.de\\\/wp-content\\\/uploads\\\/2018\\\/09\\\/Profilbild_Elisa.png\",\"contentUrl\":\"https:\\\/\\\/1mal1japan.de\\\/wp-content\\\/uploads\\\/2018\\\/09\\\/Profilbild_Elisa.png\",\"width\":200,\"height\":200,\"caption\":\"Elisa\"},\"logo\":{\"@id\":\"https:\\\/\\\/1mal1japan.de\\\/wp-content\\\/uploads\\\/2018\\\/09\\\/Profilbild_Elisa.png\"}}]}<\/script>\n<meta property=\"product:price:amount\" content=\"39.99\" \/>\n<meta property=\"product:price:currency\" content=\"EUR\" \/>\n<meta property=\"og:availability\" content=\"instock\" \/>\n<meta property=\"product:availability\" content=\"instock\" \/>\n<meta property=\"product:retailer_item_id\" content=\"1177\" \/>\n<meta property=\"product:condition\" content=\"new\" \/>\n<!-- \/ Yoast SEO Premium plugin. -->","yoast_head_json":{"title":"Riso per Sushi 5 kg (riso giapponese a chicco tondo), prodotto in Giappone","description":"I\u27a1 Riso per Sushi di alta qualit\u00e0 dal Giappone \u2714 5 kg di riso a chicchi tondi direttamente da Yamagata \u2714 ideale per Sushi, Onigiri e Donburi \u2714 consegna rapida!","robots":{"index":"index","follow":"follow","max-snippet":"max-snippet:-1","max-image-preview":"max-image-preview:large","max-video-preview":"max-video-preview:-1"},"canonical":"https:\/\/1mal1japan.de\/it\/produkt\/riso-per-sushi-haenuki-5-kg-riso-a-chicco-tondo-corto-prodotto-in-giappone-yamagata-kitoku-shinryo\/","og_locale":"it_IT","og_type":"article","og_title":"Riso per Sushi Haenuki 5 kg (riso a chicco tondo corto), prodotto in Giappone (Yamagata), Kitoku Shinryo","og_description":"Riso per Sushi originale giapponese proveniente da Yamagata (Giappone). Questo riso a chicchi corti e tondi \u00e8 perfetto per Sushi, Onigiri o piatti a base di riso e convince per la sua delicata consistenza appiccicosa e l'alta qualit\u00e0. Confezione grande da 5 kg \u2013 naturale, senza additivi.","og_url":"https:\/\/1mal1japan.de\/it\/produkt\/riso-per-sushi-haenuki-5-kg-riso-a-chicco-tondo-corto-prodotto-in-giappone-yamagata-kitoku-shinryo\/","og_site_name":"1mal1japan.de","article_modified_time":"2026-04-28T12:16:01+00:00","og_image":[{"width":800,"height":799,"url":"https:\/\/1mal1japan.de\/wp-content\/uploads\/2024\/08\/Sushi-Reis-aus-Japan-1.jpg","type":"image\/jpeg"}],"schema":{"@context":"https:\/\/schema.org","@graph":[{"@type":"WebPage","@id":"https:\/\/1mal1japan.de\/it\/produkt\/riso-per-sushi-haenuki-5-kg-riso-a-chicco-tondo-corto-prodotto-in-giappone-yamagata-kitoku-shinryo\/","url":"https:\/\/1mal1japan.de\/it\/produkt\/riso-per-sushi-haenuki-5-kg-riso-a-chicco-tondo-corto-prodotto-in-giappone-yamagata-kitoku-shinryo\/","name":"Riso per Sushi 5 kg (riso giapponese a chicco tondo), prodotto in Giappone","isPartOf":{"@id":"https:\/\/1mal1japan.de\/it\/#website"},"primaryImageOfPage":{"@id":"https:\/\/1mal1japan.de\/it\/produkt\/riso-per-sushi-haenuki-5-kg-riso-a-chicco-tondo-corto-prodotto-in-giappone-yamagata-kitoku-shinryo\/#primaryimage"},"image":{"@id":"https:\/\/1mal1japan.de\/it\/produkt\/riso-per-sushi-haenuki-5-kg-riso-a-chicco-tondo-corto-prodotto-in-giappone-yamagata-kitoku-shinryo\/#primaryimage"},"thumbnailUrl":"https:\/\/1mal1japan.de\/wp-content\/uploads\/2024\/08\/Sushi-Reis-aus-Japan-1.jpg","datePublished":"2024-08-06T08:38:27+00:00","dateModified":"2026-04-28T12:16:01+00:00","description":"I\u27a1 Riso per Sushi di alta qualit\u00e0 dal Giappone \u2714 5 kg di riso a chicchi tondi direttamente da Yamagata \u2714 ideale per Sushi, Onigiri e Donburi \u2714 consegna rapida!","breadcrumb":{"@id":"https:\/\/1mal1japan.de\/it\/produkt\/riso-per-sushi-haenuki-5-kg-riso-a-chicco-tondo-corto-prodotto-in-giappone-yamagata-kitoku-shinryo\/#breadcrumb"},"inLanguage":"it-IT","potentialAction":[{"@type":"ReadAction","target":["https:\/\/1mal1japan.de\/it\/produkt\/riso-per-sushi-haenuki-5-kg-riso-a-chicco-tondo-corto-prodotto-in-giappone-yamagata-kitoku-shinryo\/"]}]},{"@type":"ImageObject","inLanguage":"it-IT","@id":"https:\/\/1mal1japan.de\/it\/produkt\/riso-per-sushi-haenuki-5-kg-riso-a-chicco-tondo-corto-prodotto-in-giappone-yamagata-kitoku-shinryo\/#primaryimage","url":"https:\/\/1mal1japan.de\/wp-content\/uploads\/2024\/08\/Sushi-Reis-aus-Japan-1.jpg","contentUrl":"https:\/\/1mal1japan.de\/wp-content\/uploads\/2024\/08\/Sushi-Reis-aus-Japan-1.jpg","width":800,"height":799,"caption":"Riso per Sushi 5 kg (riso a chicchi corti e tondi), Made in Japan"},{"@type":"BreadcrumbList","@id":"https:\/\/1mal1japan.de\/it\/produkt\/riso-per-sushi-haenuki-5-kg-riso-a-chicco-tondo-corto-prodotto-in-giappone-yamagata-kitoku-shinryo\/#breadcrumb","itemListElement":[{"@type":"ListItem","position":1,"name":"Startseite","item":"https:\/\/1mal1japan.de\/it\/"},{"@type":"ListItem","position":2,"name":"Negozio","item":"https:\/\/1mal1japan.de\/it\/shop\/"},{"@type":"ListItem","position":3,"name":"Riso per Sushi Haenuki 5 kg (riso a chicco tondo corto), prodotto in Giappone (Yamagata), Kitoku Shinryo"}]},{"@type":"WebSite","@id":"https:\/\/1mal1japan.de\/it\/#website","url":"https:\/\/1mal1japan.de\/it\/","name":"1mal1japan.de","description":"japanisch kochen &amp; einkaufen","publisher":{"@id":"https:\/\/1mal1japan.de\/it\/#\/schema\/person\/3b6eab913fce9065523e927d88b032b0"},"potentialAction":[{"@type":"SearchAction","target":{"@type":"EntryPoint","urlTemplate":"https:\/\/1mal1japan.de\/it\/?s={search_term_string}"},"query-input":{"@type":"PropertyValueSpecification","valueRequired":true,"valueName":"search_term_string"}}],"inLanguage":"it-IT"},{"@type":["Person","Organization"],"@id":"https:\/\/1mal1japan.de\/it\/#\/schema\/person\/3b6eab913fce9065523e927d88b032b0","name":"Elisa","image":{"@type":"ImageObject","inLanguage":"it-IT","@id":"https:\/\/1mal1japan.de\/wp-content\/uploads\/2018\/09\/Profilbild_Elisa.png","url":"https:\/\/1mal1japan.de\/wp-content\/uploads\/2018\/09\/Profilbild_Elisa.png","contentUrl":"https:\/\/1mal1japan.de\/wp-content\/uploads\/2018\/09\/Profilbild_Elisa.png","width":200,"height":200,"caption":"Elisa"},"logo":{"@id":"https:\/\/1mal1japan.de\/wp-content\/uploads\/2018\/09\/Profilbild_Elisa.png"}}]},"product_price_amount":"39.99","product_price_currency":"EUR","og_availability":"instock","product_availability":"instock","product_retailer_item_id":"1177","product_condition":"new"},"uagb_featured_image_src":{"full":["https:\/\/1mal1japan.de\/wp-content\/uploads\/2024\/08\/Sushi-Reis-aus-Japan-1.jpg",800,799,false],"thumbnail":["https:\/\/1mal1japan.de\/wp-content\/uploads\/2024\/08\/Sushi-Reis-aus-Japan-1-150x150.jpg",150,150,true],"medium":["https:\/\/1mal1japan.de\/wp-content\/uploads\/2024\/08\/Sushi-Reis-aus-Japan-1-300x300.jpg",300,300,true],"medium_large":["https:\/\/1mal1japan.de\/wp-content\/uploads\/2024\/08\/Sushi-Reis-aus-Japan-1-768x767.jpg",768,767,true],"large":["https:\/\/1mal1japan.de\/wp-content\/uploads\/2024\/08\/Sushi-Reis-aus-Japan-1.jpg",800,799,false],"1536x1536":["https:\/\/1mal1japan.de\/wp-content\/uploads\/2024\/08\/Sushi-Reis-aus-Japan-1.jpg",800,799,false],"2048x2048":["https:\/\/1mal1japan.de\/wp-content\/uploads\/2024\/08\/Sushi-Reis-aus-Japan-1.jpg",800,799,false],"woocommerce_thumbnail":["https:\/\/1mal1japan.de\/wp-content\/uploads\/2024\/08\/Sushi-Reis-aus-Japan-1-600x600.jpg",600,600,true],"woocommerce_single":["https:\/\/1mal1japan.de\/wp-content\/uploads\/2024\/08\/Sushi-Reis-aus-Japan-1.jpg",800,799,false],"woocommerce_gallery_thumbnail":["https:\/\/1mal1japan.de\/wp-content\/uploads\/2024\/08\/Sushi-Reis-aus-Japan-1-100x100.jpg",100,100,true]},"uagb_author_info":{"display_name":"kiwi19901","author_link":"https:\/\/1mal1japan.de\/it\/author\/"},"uagb_comment_info":0,"uagb_excerpt":"Riso per Sushi originale giapponese proveniente da Yamagata (Giappone). Questo riso a chicchi corti e tondi \u00e8 perfetto per Sushi, Onigiri o piatti a base di riso e convince per la sua delicata consistenza appiccicosa e l'alta qualit\u00e0. Confezione grande da 5 kg \u2013 naturale, senza additivi.","_links":{"self":[{"href":"https:\/\/1mal1japan.de\/it\/wp-json\/wp\/v2\/product\/64848","targetHints":{"allow":["GET"]}}],"collection":[{"href":"https:\/\/1mal1japan.de\/it\/wp-json\/wp\/v2\/product"}],"about":[{"href":"https:\/\/1mal1japan.de\/it\/wp-json\/wp\/v2\/types\/product"}],"wp:featuredmedia":[{"embeddable":true,"href":"https:\/\/1mal1japan.de\/it\/wp-json\/wp\/v2\/media\/64856"}],"wp:attachment":[{"href":"https:\/\/1mal1japan.de\/it\/wp-json\/wp\/v2\/media?parent=64848"}],"wp:term":[{"taxonomy":"product_brand","embeddable":true,"href":"https:\/\/1mal1japan.de\/it\/wp-json\/wp\/v2\/product_brand?post=64848"},{"taxonomy":"product_cat","embeddable":true,"href":"https:\/\/1mal1japan.de\/it\/wp-json\/wp\/v2\/product_cat?post=64848"},{"taxonomy":"product_tag","embeddable":true,"href":"https:\/\/1mal1japan.de\/it\/wp-json\/wp\/v2\/product_tag?post=64848"}],"curies":[{"name":"wp","href":"https:\/\/api.w.org\/{rel}","templated":true}]}}