{"id":64957,"date":"2025-07-25T13:55:52","date_gmt":"2025-07-25T11:55:52","guid":{"rendered":"https:\/\/1mal1japan.de\/produkt\/kokusan-sansho-8-g-pepe-giapponese-sb\/"},"modified":"2026-04-28T14:17:39","modified_gmt":"2026-04-28T12:17:39","slug":"kokusan-sansho-8-g-pepe-giapponese-sb","status":"publish","type":"product","link":"https:\/\/1mal1japan.de\/it\/produkt\/kokusan-sansho-8-g-pepe-giapponese-sb\/","title":{"rendered":"Kokusan Sansho 8 g (pepe giapponese), S&amp;B"},"content":{"rendered":"\n<div style=\"height:20px\" aria-hidden=\"true\" class=\"wp-block-spacer\"><\/div>\n\n<section class=\"wp-block-uagb-section uagb-section__wrap uagb-section__background-color uagb-block-5c35283d\"><div class=\"uagb-section__overlay\"><\/div><div class=\"uagb-section__inner-wrap\">\n<p class=\"has-ast-global-color-5-color has-text-color has-link-color wp-elements-caf80be5947b7440b96edf5bb528b319\">\u2705 Pepe Sansho giapponese al 100% proveniente da un raccolto di alta qualit\u00e0<br\/>\u2705 Aroma intenso di agrumi con una leggera piccantezza pungente<br\/>\u2705 Versatile: carne, pesce, verdure, zuppe e riso<br\/>\u2705 Macinato delicatamente per preservarne tutto l&#8217;aroma<br\/>\u2705 Spezia autentica del produttore tradizionale S&amp;B, direttamente dal Giappone<\/p>\n<\/div><\/section>\n\n<h2 class=\"wp-block-heading\" id=\"wissen\">Cos&#8217;\u00e8 il pepe Sansho?<\/h2>\n\n<p>Il Kokusan Sansho \u00e8 un pepe giapponese finemente macinato ricavato dalla buccia della bacca di Sansho (Zanthoxylum piperitum). Questa pianta agrumata \u00e8 strettamente imparentata con il pepe di Sichuan cinese, ma ha un aroma pi\u00f9 delicato e agrumato con una leggera piccantezza pungente sulla lingua. Il Kokusan Sansho di S&amp;B \u00e8 prodotto esclusivamente con bacche giapponesi ed \u00e8 sinonimo di massima qualit\u00e0 e autenticit\u00e0.<\/p>\n\n<h2 class=\"wp-block-heading\" id=\"vorteile\">Perch\u00e9 vale la pena acquistarlo?<\/h2>\n\n<p>Con il Sansho porti a casa tua un vero classico della cucina giapponese. Non solo conferisce ai piatti una freschezza speciale e una leggera piccantezza, ma esalta anche il sapore intrinseco di pesce, carne e verdure. Il Kokusan Sansho di S&amp;B viene lavorato con cura in Giappone, in modo da offrirti una spezia pura e intensa, che raramente si trova in questa qualit\u00e0.<\/p>\n\n<h2 class=\"wp-block-heading\" id=\"verwendung\">Per cosa posso usare il Sansho?<\/h2>\n\n<p>Il Sansho \u00e8 estremamente versatile: si abbina perfettamente all&#8217;anguilla alla griglia (Unagi), a piatti di carne ricchi di grassi come lo Yakitori, alla pancetta di maiale o al manzo alla griglia, ma anche a verdure, zuppe e piatti a base di pasta. In Giappone, il sansho viene spesso spruzzato a tavola sul piatto gi\u00e0 pronto, proprio come il pepe. Il suo aroma di limone si armonizza inoltre in modo eccellente con le salse di Miso, i brodi Dashi o i piatti a base di riso.<\/p>\n\n\t\t\t<div class=\"wp-block-uagb-post-grid uagb-post-grid  uagb-post__image-position-top uagb-post__image-enabled uagb-block-27b66334     uagb-post__items uagb-post__columns-2 is-grid uagb-post__columns-tablet-2 uagb-post__columns-mobile-2 uagb-post__equal-height\" data-total=\"1\" style=\"\">\n\n\t\t\t\t\t\t\t\t\t\t\t\t<article class=\"uagb-post__inner-wrap\">\t\t\t\t\t\t\t\t<div class='uagb-post__image'>\n\t\t\t\t\t\t\t\t\t<a href=\"https:\/\/1mal1japan.de\/it\/rezepte\/miso-ramen\/\" target=\"_self\" rel=\"bookmark noopener noreferrer\" class='uagb-image-ratio-inherit'><img decoding=\"async\" width=\"1024\" height=\"683\" src=\"https:\/\/1mal1japan.de\/wp-content\/uploads\/2020\/04\/Miso-Ramen-Veggie-Titelbild-1024x683.jpg\" class=\"attachment-large size-large\" alt=\"Miso Ramen Veggie Titelbild\" srcset=\"https:\/\/1mal1japan.de\/wp-content\/uploads\/2020\/04\/Miso-Ramen-Veggie-Titelbild-1024x683.jpg 1024w, https:\/\/1mal1japan.de\/wp-content\/uploads\/2020\/04\/Miso-Ramen-Veggie-Titelbild-300x200.jpg 300w, https:\/\/1mal1japan.de\/wp-content\/uploads\/2020\/04\/Miso-Ramen-Veggie-Titelbild-768x512.jpg 768w, https:\/\/1mal1japan.de\/wp-content\/uploads\/2020\/04\/Miso-Ramen-Veggie-Titelbild.jpg 1200w\" sizes=\"(max-width: 1024px) 100vw, 1024px\" \/>\t\t\t\t\t<\/a>\n\t\t\t\t\t\t\t<\/div>\n\t\t\t\t\t\t<p class=\"uagb-post__title uagb-post__text\">\n\t\t\t\t<a href=\"https:\/\/1mal1japan.de\/it\/rezepte\/miso-ramen\/\" target=\"_self\" rel=\"bookmark noopener noreferrer\">Una bowl piena di felicit\u00e0: Miso Ramen con 7 topping vari \u2013 vegetariano, piccante e semplicissimo<\/a>\n\t\t\t<\/p>\n\t\t\t\t\t\t<div class='uagb-post__text uagb-post-grid-byline'>\n\t\t\t\t\t\t\t\t<time datetime=\"2023-08-01T09:50:45+02:00\" class=\"uagb-post__date\">\n\t\t\t\t<span class=\"dashicons-calendar dashicons\"><\/span>\t\t\t\t\t1. Agosto 2023\t\t\t\t<\/time>\n\t\t\t\t\t\t<\/div>\n\t\t\t\t\t\t<div class=\"uagb-post__text uagb-post__cta wp-block-button\">\n\t\t\t\t<a class=\"wp-block-button__link uagb-text-link\" style=\"\" href=\"https:\/\/1mal1japan.de\/it\/rezepte\/miso-ramen\/\" target=\"_self\" rel=\"bookmark noopener noreferrer\">\u279f alla ricetta<\/a>\n\t\t\t<\/div>\n\t\t\t\n\t\t\t\t\t\t\t\t\t<\/article>\n\t\t\t\t\t\t\t\t\t\t\t<\/div>\n\t\t\t\n<div style=\"height:20px\" aria-hidden=\"true\" class=\"wp-block-spacer\"><\/div>\n\n<h2 class=\"wp-block-heading\" id=\"zubereitung\">Come si usa o si prepara il pepe giapponese?<\/h2>\n\n<p>Usa il sansho come il pepe: basta spargerne una piccola quantit\u00e0 direttamente sul piatto pronto. Dato che l&#8217;aroma \u00e8 molto intenso, basta un pizzico. Il sansho sprigiona tutto il suo aroma quando \u00e8 fresco. \u00c8 meglio aggiungerlo poco prima di servire ed evitare di cuocerlo a lungo.<\/p>\n\n<h2 class=\"wp-block-heading\" id=\"herstellung\">Come viene prodotto il pepe Sansho?<\/h2>\n\n<p>Le bacche di Sansho vengono raccolte in Giappone da giugno a luglio. Per il Kokusan Sansho, le bucce essiccate vengono macinate con particolare delicatezza per preservare l&#8217;olio essenziale e il caratteristico profumo di agrumi. Il produttore S&amp;B \u00e8 noto in Giappone per le sue spezie particolarmente pure e utilizza esclusivamente bacche provenienti da agricoltura giapponese controllata.<\/p>\n\n<h2 class=\"wp-block-heading\" id=\"lagerung\">Come conservare correttamente il prodotto?<\/h2>\n\n<p>Il sansho dovrebbe essere sempre conservato in un luogo fresco, asciutto e al riparo dalla luce. Una volta aperto, \u00e8 meglio conservarlo ben chiuso per preservarne l&#8217;aroma intenso.<\/p>\n\n<h2 class=\"wp-block-heading\" id=\"kaufen\">I tuoi vantaggi e la nostra promessa:<\/h2>\n\n<section class=\"wp-block-uagb-section uagb-section__wrap uagb-section__background-color uagb-block-85f7e9d2\"><div class=\"uagb-section__overlay\"><\/div><div class=\"uagb-section__inner-wrap\">\n<p>\u2764\ufe0f <strong>Veloce, semplice e affidabile:<\/strong> I clienti ci adorano! Con 4,9 stelle su 5 su Shopvote &#8211; dai un&#8217;occhiata <a href=\"https:\/\/www.shopvote.de\/bewertung_1mal1japan_de_23342.html\">qui alle recensioni dei nostri clienti<\/a>!<\/p>\n<\/div><\/section>\n\n<div style=\"height:20px\" aria-hidden=\"true\" class=\"wp-block-spacer\"><\/div>\n\n<section class=\"wp-block-uagb-section uagb-section__wrap uagb-section__background-color uagb-block-9e748e26\"><div class=\"uagb-section__overlay\"><\/div><div class=\"uagb-section__inner-wrap\">\n<p>\ud83c\udf31 <strong>Acquisti sostenibili:<\/strong> Spedizioni a impatto zero, imballaggi ecologici, fatture digitali di default.<\/p>\n<\/div><\/section>\n\n<div style=\"height:20px\" aria-hidden=\"true\" class=\"wp-block-spacer\"><\/div>\n\n<section class=\"wp-block-uagb-section uagb-section__wrap uagb-section__background-color uagb-block-11f9fc83\"><div class=\"uagb-section__overlay\"><\/div><div class=\"uagb-section__inner-wrap\">\n<p><strong>\ud83d\udd12 Acquisti al 100% senza rischi:<\/strong> Nessun importo minimo d&#8217;ordine, spedizione gratuita in Germania a partire da 59 \u20ac di spesa + diritto di recesso di 30 giorni con reso gratuito.<\/p>\n<\/div><\/section>\n\n<div style=\"height:20px\" aria-hidden=\"true\" class=\"wp-block-spacer\"><\/div>\n\n<section class=\"wp-block-uagb-section uagb-section__wrap uagb-section__background-color uagb-block-5b55bd83\"><div class=\"uagb-section__overlay\"><\/div><div class=\"uagb-section__inner-wrap\">\n<p>\ud83e\udd62 <strong>I migliori ingredienti per la tua esperienza culinaria e gustativa: <\/strong>Prodotti selezionati a mano che ci convincono personalmente in base a quattro criteri: (1) gusto, (2) autenticit\u00e0, (3) prezzo e (4) disponibilit\u00e0.<\/p>\n<\/div><\/section>\n\n<div style=\"height:20px\" aria-hidden=\"true\" class=\"wp-block-spacer\"><\/div>\n\n<section class=\"wp-block-uagb-section uagb-section__wrap uagb-section__background-color uagb-block-94ed5912\"><div class=\"uagb-section__overlay\"><\/div><div class=\"uagb-section__inner-wrap\">\n<p>\ud83d\udc4d <strong>Approfitta della nostra pluriennale esperienza<\/strong>: 1mal1japan.de esiste gi\u00e0 dal 2016. Da allora abbiamo avuto il piacere di accogliere milioni di visitatori sul nostro blog e nel nostro Shop e di servire oltre 50.000 clienti soddisfatti. Grazie di cuore a tutti i lettori e ai fan!<\/p>\n<\/div><\/section>\n","protected":false},"excerpt":{"rendered":"<p>Autentico pepe Sansho giapponese di S&#038;B: macinato finemente, con aroma fresco e agrumato e un leggero piccante. Ideale per carne, pesce, verdure, zuppe e piatti a base di riso.<\/p>\n","protected":false},"featured_media":64961,"template":"","meta":{"_uag_custom_page_level_css":"","site-sidebar-layout":"default","site-content-layout":"default","ast-site-content-layout":"default","site-content-style":"default","site-sidebar-style":"default","ast-global-header-display":"","ast-banner-title-visibility":"","ast-main-header-display":"","ast-hfb-above-header-display":"","ast-hfb-below-header-display":"","ast-hfb-mobile-header-display":"","site-post-title":"","ast-breadcrumbs-content":"","ast-featured-img":"","footer-sml-layout":"","ast-disable-related-posts":"","theme-transparent-header-meta":"default","adv-header-id-meta":"","stick-header-meta":"default","header-above-stick-meta":"","header-main-stick-meta":"","header-below-stick-meta":"","astra-migrate-meta-layouts":"default","ast-page-background-enabled":"default","ast-page-background-meta":{"desktop":{"background-color":"","background-image":"","background-repeat":"repeat","background-position":"center center","background-size":"auto","background-attachment":"scroll","background-type":"","background-media":"","overlay-type":"","overlay-color":"","overlay-opacity":"","overlay-gradient":""},"tablet":{"background-color":"","background-image":"","background-repeat":"repeat","background-position":"center center","background-size":"auto","background-attachment":"scroll","background-type":"","background-media":"","overlay-type":"","overlay-color":"","overlay-opacity":"","overlay-gradient":""},"mobile":{"background-color":"","background-image":"","background-repeat":"repeat","background-position":"center center","background-size":"auto","background-attachment":"scroll","background-type":"","background-media":"","overlay-type":"","overlay-color":"","overlay-opacity":"","overlay-gradient":""}},"ast-content-background-meta":{"desktop":{"background-color":"var(--ast-global-color-5)","background-image":"","background-repeat":"repeat","background-position":"center center","background-size":"auto","background-attachment":"scroll","background-type":"","background-media":"","overlay-type":"","overlay-color":"","overlay-opacity":"","overlay-gradient":""},"tablet":{"background-color":"var(--ast-global-color-5)","background-image":"","background-repeat":"repeat","background-position":"center center","background-size":"auto","background-attachment":"scroll","background-type":"","background-media":"","overlay-type":"","overlay-color":"","overlay-opacity":"","overlay-gradient":""},"mobile":{"background-color":"var(--ast-global-color-5)","background-image":"","background-repeat":"repeat","background-position":"center center","background-size":"auto","background-attachment":"scroll","background-type":"","background-media":"","overlay-type":"","overlay-color":"","overlay-opacity":"","overlay-gradient":""}}},"product_brand":[],"product_cat":[1558,1617,1568,1557],"product_tag":[],"class_list":{"0":"post-64957","1":"product","2":"type-product","3":"status-publish","4":"has-post-thumbnail","6":"product_cat-made-in-japan","7":"product_cat-neuheiten","8":"product_cat-spezie-e-brodi","9":"product_cat-tutti-i-prodotti","10":"desktop-align-left","11":"tablet-align-left","12":"mobile-align-left","13":"ast-product-gallery-layout-horizontal-slider","14":"ast-magnify-disabled","15":"ast-product-tabs-layout-horizontal","17":"first","18":"instock","19":"taxable","20":"shipping-taxable","21":"purchasable","22":"product-type-simple"},"yoast_head":"<!-- This site is optimized with the Yoast SEO Premium plugin v27.5 (Yoast SEO v27.5) - https:\/\/yoast.com\/product\/yoast-seo-premium-wordpress\/ -->\n<title>Acquista pepe Kokusan Sansho \u2013 10 g | S&amp;B | dal Giappone<\/title>\n<meta name=\"description\" content=\"I\u27a1 Acquista Kokusan Sansho \u2714 autentico pepe giapponese \u2714 aroma di limone e piccantezza frizzante \u2714 perfetto per carne, pesce, zuppe e riso!\" \/>\n<meta name=\"robots\" content=\"index, follow, max-snippet:-1, max-image-preview:large, max-video-preview:-1\" \/>\n<link rel=\"canonical\" href=\"https:\/\/1mal1japan.de\/it\/produkt\/kokusan-sansho-8-g-pepe-giapponese-sb\/\" \/>\n<meta property=\"og:locale\" content=\"it_IT\" \/>\n<meta property=\"og:type\" content=\"article\" \/>\n<meta property=\"og:title\" content=\"Kokusan Sansho 8 g (pepe giapponese), S&amp;B\" \/>\n<meta property=\"og:description\" content=\"Autentico pepe Sansho giapponese di S&amp;B: macinato finemente, con aroma fresco e agrumato e un leggero piccante. Ideale per carne, pesce, verdure, zuppe e piatti a base di riso.\" \/>\n<meta property=\"og:url\" content=\"https:\/\/1mal1japan.de\/it\/produkt\/kokusan-sansho-8-g-pepe-giapponese-sb\/\" \/>\n<meta property=\"og:site_name\" content=\"1mal1japan.de\" \/>\n<meta property=\"article:modified_time\" content=\"2026-04-28T12:17:39+00:00\" \/>\n<meta property=\"og:image\" content=\"https:\/\/1mal1japan.de\/wp-content\/uploads\/2025\/07\/Sansho-Pfeffer_4.jpg\" \/>\n\t<meta property=\"og:image:width\" content=\"800\" \/>\n\t<meta property=\"og:image:height\" content=\"800\" \/>\n\t<meta property=\"og:image:type\" content=\"image\/jpeg\" \/>\n<script type=\"application\/ld+json\" class=\"yoast-schema-graph\">{\"@context\":\"https:\\\/\\\/schema.org\",\"@graph\":[{\"@type\":\"WebPage\",\"@id\":\"https:\\\/\\\/1mal1japan.de\\\/it\\\/produkt\\\/kokusan-sansho-8-g-pepe-giapponese-sb\\\/\",\"url\":\"https:\\\/\\\/1mal1japan.de\\\/it\\\/produkt\\\/kokusan-sansho-8-g-pepe-giapponese-sb\\\/\",\"name\":\"Acquista pepe Kokusan Sansho \u2013 10 g | S&B | dal Giappone\",\"isPartOf\":{\"@id\":\"https:\\\/\\\/1mal1japan.de\\\/it\\\/#website\"},\"primaryImageOfPage\":{\"@id\":\"https:\\\/\\\/1mal1japan.de\\\/it\\\/produkt\\\/kokusan-sansho-8-g-pepe-giapponese-sb\\\/#primaryimage\"},\"image\":{\"@id\":\"https:\\\/\\\/1mal1japan.de\\\/it\\\/produkt\\\/kokusan-sansho-8-g-pepe-giapponese-sb\\\/#primaryimage\"},\"thumbnailUrl\":\"https:\\\/\\\/1mal1japan.de\\\/wp-content\\\/uploads\\\/2025\\\/07\\\/Sansho-Pfeffer_4.jpg\",\"datePublished\":\"2025-07-25T11:55:52+00:00\",\"dateModified\":\"2026-04-28T12:17:39+00:00\",\"description\":\"I\u27a1 Acquista Kokusan Sansho \u2714 autentico pepe giapponese \u2714 aroma di limone e piccantezza frizzante \u2714 perfetto per carne, pesce, zuppe e riso!\",\"breadcrumb\":{\"@id\":\"https:\\\/\\\/1mal1japan.de\\\/it\\\/produkt\\\/kokusan-sansho-8-g-pepe-giapponese-sb\\\/#breadcrumb\"},\"inLanguage\":\"it-IT\",\"potentialAction\":[{\"@type\":\"ReadAction\",\"target\":[\"https:\\\/\\\/1mal1japan.de\\\/it\\\/produkt\\\/kokusan-sansho-8-g-pepe-giapponese-sb\\\/\"]}]},{\"@type\":\"ImageObject\",\"inLanguage\":\"it-IT\",\"@id\":\"https:\\\/\\\/1mal1japan.de\\\/it\\\/produkt\\\/kokusan-sansho-8-g-pepe-giapponese-sb\\\/#primaryimage\",\"url\":\"https:\\\/\\\/1mal1japan.de\\\/wp-content\\\/uploads\\\/2025\\\/07\\\/Sansho-Pfeffer_4.jpg\",\"contentUrl\":\"https:\\\/\\\/1mal1japan.de\\\/wp-content\\\/uploads\\\/2025\\\/07\\\/Sansho-Pfeffer_4.jpg\",\"width\":800,\"height\":800,\"caption\":\"Pepe Sansho\"},{\"@type\":\"BreadcrumbList\",\"@id\":\"https:\\\/\\\/1mal1japan.de\\\/it\\\/produkt\\\/kokusan-sansho-8-g-pepe-giapponese-sb\\\/#breadcrumb\",\"itemListElement\":[{\"@type\":\"ListItem\",\"position\":1,\"name\":\"Startseite\",\"item\":\"https:\\\/\\\/1mal1japan.de\\\/it\\\/\"},{\"@type\":\"ListItem\",\"position\":2,\"name\":\"Negozio\",\"item\":\"https:\\\/\\\/1mal1japan.de\\\/it\\\/shop\\\/\"},{\"@type\":\"ListItem\",\"position\":3,\"name\":\"Kokusan Sansho 8 g (pepe giapponese), S&amp;B\"}]},{\"@type\":\"WebSite\",\"@id\":\"https:\\\/\\\/1mal1japan.de\\\/it\\\/#website\",\"url\":\"https:\\\/\\\/1mal1japan.de\\\/it\\\/\",\"name\":\"1mal1japan.de\",\"description\":\"japanisch kochen &amp; einkaufen\",\"publisher\":{\"@id\":\"https:\\\/\\\/1mal1japan.de\\\/it\\\/#\\\/schema\\\/person\\\/3b6eab913fce9065523e927d88b032b0\"},\"potentialAction\":[{\"@type\":\"SearchAction\",\"target\":{\"@type\":\"EntryPoint\",\"urlTemplate\":\"https:\\\/\\\/1mal1japan.de\\\/it\\\/?s={search_term_string}\"},\"query-input\":{\"@type\":\"PropertyValueSpecification\",\"valueRequired\":true,\"valueName\":\"search_term_string\"}}],\"inLanguage\":\"it-IT\"},{\"@type\":[\"Person\",\"Organization\"],\"@id\":\"https:\\\/\\\/1mal1japan.de\\\/it\\\/#\\\/schema\\\/person\\\/3b6eab913fce9065523e927d88b032b0\",\"name\":\"Elisa\",\"image\":{\"@type\":\"ImageObject\",\"inLanguage\":\"it-IT\",\"@id\":\"https:\\\/\\\/1mal1japan.de\\\/wp-content\\\/uploads\\\/2018\\\/09\\\/Profilbild_Elisa.png\",\"url\":\"https:\\\/\\\/1mal1japan.de\\\/wp-content\\\/uploads\\\/2018\\\/09\\\/Profilbild_Elisa.png\",\"contentUrl\":\"https:\\\/\\\/1mal1japan.de\\\/wp-content\\\/uploads\\\/2018\\\/09\\\/Profilbild_Elisa.png\",\"width\":200,\"height\":200,\"caption\":\"Elisa\"},\"logo\":{\"@id\":\"https:\\\/\\\/1mal1japan.de\\\/wp-content\\\/uploads\\\/2018\\\/09\\\/Profilbild_Elisa.png\"}}]}<\/script>\n<meta property=\"product:brand\" content=\"S&amp;B\" \/>\n<meta property=\"product:price:amount\" content=\"9.49\" \/>\n<meta property=\"product:price:currency\" content=\"EUR\" \/>\n<meta property=\"og:availability\" content=\"instock\" \/>\n<meta property=\"product:availability\" content=\"instock\" \/>\n<meta property=\"product:retailer_item_id\" content=\"1190\" \/>\n<meta property=\"product:condition\" content=\"new\" \/>\n<!-- \/ Yoast SEO Premium plugin. -->","yoast_head_json":{"title":"Acquista pepe Kokusan Sansho \u2013 10 g | S&B | dal Giappone","description":"I\u27a1 Acquista Kokusan Sansho \u2714 autentico pepe giapponese \u2714 aroma di limone e piccantezza frizzante \u2714 perfetto per carne, pesce, zuppe e riso!","robots":{"index":"index","follow":"follow","max-snippet":"max-snippet:-1","max-image-preview":"max-image-preview:large","max-video-preview":"max-video-preview:-1"},"canonical":"https:\/\/1mal1japan.de\/it\/produkt\/kokusan-sansho-8-g-pepe-giapponese-sb\/","og_locale":"it_IT","og_type":"article","og_title":"Kokusan Sansho 8 g (pepe giapponese), S&amp;B","og_description":"Autentico pepe Sansho giapponese di S&B: macinato finemente, con aroma fresco e agrumato e un leggero piccante. Ideale per carne, pesce, verdure, zuppe e piatti a base di riso.","og_url":"https:\/\/1mal1japan.de\/it\/produkt\/kokusan-sansho-8-g-pepe-giapponese-sb\/","og_site_name":"1mal1japan.de","article_modified_time":"2026-04-28T12:17:39+00:00","og_image":[{"width":800,"height":800,"url":"https:\/\/1mal1japan.de\/wp-content\/uploads\/2025\/07\/Sansho-Pfeffer_4.jpg","type":"image\/jpeg"}],"schema":{"@context":"https:\/\/schema.org","@graph":[{"@type":"WebPage","@id":"https:\/\/1mal1japan.de\/it\/produkt\/kokusan-sansho-8-g-pepe-giapponese-sb\/","url":"https:\/\/1mal1japan.de\/it\/produkt\/kokusan-sansho-8-g-pepe-giapponese-sb\/","name":"Acquista pepe Kokusan Sansho \u2013 10 g | S&B | dal Giappone","isPartOf":{"@id":"https:\/\/1mal1japan.de\/it\/#website"},"primaryImageOfPage":{"@id":"https:\/\/1mal1japan.de\/it\/produkt\/kokusan-sansho-8-g-pepe-giapponese-sb\/#primaryimage"},"image":{"@id":"https:\/\/1mal1japan.de\/it\/produkt\/kokusan-sansho-8-g-pepe-giapponese-sb\/#primaryimage"},"thumbnailUrl":"https:\/\/1mal1japan.de\/wp-content\/uploads\/2025\/07\/Sansho-Pfeffer_4.jpg","datePublished":"2025-07-25T11:55:52+00:00","dateModified":"2026-04-28T12:17:39+00:00","description":"I\u27a1 Acquista Kokusan Sansho \u2714 autentico pepe giapponese \u2714 aroma di limone e piccantezza frizzante \u2714 perfetto per carne, pesce, zuppe e riso!","breadcrumb":{"@id":"https:\/\/1mal1japan.de\/it\/produkt\/kokusan-sansho-8-g-pepe-giapponese-sb\/#breadcrumb"},"inLanguage":"it-IT","potentialAction":[{"@type":"ReadAction","target":["https:\/\/1mal1japan.de\/it\/produkt\/kokusan-sansho-8-g-pepe-giapponese-sb\/"]}]},{"@type":"ImageObject","inLanguage":"it-IT","@id":"https:\/\/1mal1japan.de\/it\/produkt\/kokusan-sansho-8-g-pepe-giapponese-sb\/#primaryimage","url":"https:\/\/1mal1japan.de\/wp-content\/uploads\/2025\/07\/Sansho-Pfeffer_4.jpg","contentUrl":"https:\/\/1mal1japan.de\/wp-content\/uploads\/2025\/07\/Sansho-Pfeffer_4.jpg","width":800,"height":800,"caption":"Pepe Sansho"},{"@type":"BreadcrumbList","@id":"https:\/\/1mal1japan.de\/it\/produkt\/kokusan-sansho-8-g-pepe-giapponese-sb\/#breadcrumb","itemListElement":[{"@type":"ListItem","position":1,"name":"Startseite","item":"https:\/\/1mal1japan.de\/it\/"},{"@type":"ListItem","position":2,"name":"Negozio","item":"https:\/\/1mal1japan.de\/it\/shop\/"},{"@type":"ListItem","position":3,"name":"Kokusan Sansho 8 g (pepe giapponese), S&amp;B"}]},{"@type":"WebSite","@id":"https:\/\/1mal1japan.de\/it\/#website","url":"https:\/\/1mal1japan.de\/it\/","name":"1mal1japan.de","description":"japanisch kochen &amp; einkaufen","publisher":{"@id":"https:\/\/1mal1japan.de\/it\/#\/schema\/person\/3b6eab913fce9065523e927d88b032b0"},"potentialAction":[{"@type":"SearchAction","target":{"@type":"EntryPoint","urlTemplate":"https:\/\/1mal1japan.de\/it\/?s={search_term_string}"},"query-input":{"@type":"PropertyValueSpecification","valueRequired":true,"valueName":"search_term_string"}}],"inLanguage":"it-IT"},{"@type":["Person","Organization"],"@id":"https:\/\/1mal1japan.de\/it\/#\/schema\/person\/3b6eab913fce9065523e927d88b032b0","name":"Elisa","image":{"@type":"ImageObject","inLanguage":"it-IT","@id":"https:\/\/1mal1japan.de\/wp-content\/uploads\/2018\/09\/Profilbild_Elisa.png","url":"https:\/\/1mal1japan.de\/wp-content\/uploads\/2018\/09\/Profilbild_Elisa.png","contentUrl":"https:\/\/1mal1japan.de\/wp-content\/uploads\/2018\/09\/Profilbild_Elisa.png","width":200,"height":200,"caption":"Elisa"},"logo":{"@id":"https:\/\/1mal1japan.de\/wp-content\/uploads\/2018\/09\/Profilbild_Elisa.png"}}]},"product_brand":"S&amp;B","product_price_amount":"9.49","product_price_currency":"EUR","og_availability":"instock","product_availability":"instock","product_retailer_item_id":"1190","product_condition":"new"},"uagb_featured_image_src":{"full":["https:\/\/1mal1japan.de\/wp-content\/uploads\/2025\/07\/Sansho-Pfeffer_4.jpg",800,800,false],"thumbnail":["https:\/\/1mal1japan.de\/wp-content\/uploads\/2025\/07\/Sansho-Pfeffer_4-150x150.jpg",150,150,true],"medium":["https:\/\/1mal1japan.de\/wp-content\/uploads\/2025\/07\/Sansho-Pfeffer_4-300x300.jpg",300,300,true],"medium_large":["https:\/\/1mal1japan.de\/wp-content\/uploads\/2025\/07\/Sansho-Pfeffer_4-768x768.jpg",768,768,true],"large":["https:\/\/1mal1japan.de\/wp-content\/uploads\/2025\/07\/Sansho-Pfeffer_4.jpg",800,800,false],"1536x1536":["https:\/\/1mal1japan.de\/wp-content\/uploads\/2025\/07\/Sansho-Pfeffer_4.jpg",800,800,false],"2048x2048":["https:\/\/1mal1japan.de\/wp-content\/uploads\/2025\/07\/Sansho-Pfeffer_4.jpg",800,800,false],"woocommerce_thumbnail":["https:\/\/1mal1japan.de\/wp-content\/uploads\/2025\/07\/Sansho-Pfeffer_4-600x600.jpg",600,600,true],"woocommerce_single":["https:\/\/1mal1japan.de\/wp-content\/uploads\/2025\/07\/Sansho-Pfeffer_4.jpg",800,800,false],"woocommerce_gallery_thumbnail":["https:\/\/1mal1japan.de\/wp-content\/uploads\/2025\/07\/Sansho-Pfeffer_4-100x100.jpg",100,100,true]},"uagb_author_info":{"display_name":"Elisa","author_link":"https:\/\/1mal1japan.de\/it\/author\/"},"uagb_comment_info":0,"uagb_excerpt":"Autentico pepe Sansho giapponese di S&B: macinato finemente, con aroma fresco e agrumato e un leggero piccante. Ideale per carne, pesce, verdure, zuppe e piatti a base di riso.","_links":{"self":[{"href":"https:\/\/1mal1japan.de\/it\/wp-json\/wp\/v2\/product\/64957","targetHints":{"allow":["GET"]}}],"collection":[{"href":"https:\/\/1mal1japan.de\/it\/wp-json\/wp\/v2\/product"}],"about":[{"href":"https:\/\/1mal1japan.de\/it\/wp-json\/wp\/v2\/types\/product"}],"wp:featuredmedia":[{"embeddable":true,"href":"https:\/\/1mal1japan.de\/it\/wp-json\/wp\/v2\/media\/64961"}],"wp:attachment":[{"href":"https:\/\/1mal1japan.de\/it\/wp-json\/wp\/v2\/media?parent=64957"}],"wp:term":[{"taxonomy":"product_brand","embeddable":true,"href":"https:\/\/1mal1japan.de\/it\/wp-json\/wp\/v2\/product_brand?post=64957"},{"taxonomy":"product_cat","embeddable":true,"href":"https:\/\/1mal1japan.de\/it\/wp-json\/wp\/v2\/product_cat?post=64957"},{"taxonomy":"product_tag","embeddable":true,"href":"https:\/\/1mal1japan.de\/it\/wp-json\/wp\/v2\/product_tag?post=64957"}],"curies":[{"name":"wp","href":"https:\/\/api.w.org\/{rel}","templated":true}]}}