{"id":64964,"date":"2025-06-20T10:53:11","date_gmt":"2025-06-20T08:53:11","guid":{"rendered":"https:\/\/1mal1japan.de\/produkt\/spazzola-per-matcha-chasen-in-bambu-per-il-te-verde-giapponese-originale\/"},"modified":"2026-04-28T14:17:39","modified_gmt":"2026-04-28T12:17:39","slug":"spazzola-per-matcha-chasen-in-bambu-per-il-te-verde-giapponese-originale","status":"publish","type":"product","link":"https:\/\/1mal1japan.de\/it\/produkt\/spazzola-per-matcha-chasen-in-bambu-per-il-te-verde-giapponese-originale\/","title":{"rendered":"Spazzola per Matcha (Chasen) in bamb\u00f9 \u2013 per il t\u00e8 verde giapponese originale"},"content":{"rendered":"\n<section class=\"wp-block-uagb-section uagb-section__wrap uagb-section__background-color uagb-block-b269010a\"><div class=\"uagb-section__overlay\"><\/div><div class=\"uagb-section__inner-wrap\">\n<p>\u2705 tradizionale frullino per Matcha in vero bamb\u00f9<br\/>\u2705 ideale per montare il Matcha in una schiuma fine<br\/>\u2705 realizzato a mano con circa 80 setole sottili<br\/>\u2705 indispensabile per la cerimonia del t\u00e8 giapponese e la vita quotidiana<br\/>\u2705 facile da pulire, durevole se curato correttamente<\/p>\n<\/div><\/section>\n\n<p>La <strong>spazzola per Matcha (in giapponese: Chasen)<\/strong> \u00e8 lo strumento pi\u00f9 importante per la preparazione del vero t\u00e8 Matcha. Con essa, la polvere di t\u00e8 verde viene distribuita uniformemente nell&#8217;acqua e montata fino a formare una schiuma cremosa.<\/p>\n\n<p>Questa frusta \u00e8 realizzata da un unico pezzo di bamb\u00f9 e possiede circa <strong>80 sottili setole<\/strong>, che si muovono delicatamente nell&#8217;acqua del t\u00e8 mentre si agita. Il risultato \u00e8 un <strong>Matcha montato in modo omogeneo<\/strong>, proprio come viene apprezzato nella cerimonia del t\u00e8 giapponese.<\/p>\n\n<div style=\"height:20px\" aria-hidden=\"true\" class=\"wp-block-spacer\"><\/div>\n\n<section class=\"wp-block-uagb-section uagb-section__wrap uagb-section__background-none uagb-block-6492d650\"><div class=\"uagb-section__overlay\"><\/div><div class=\"uagb-section__inner-wrap\">\n<section class=\"wp-block-uagb-section uagb-section__wrap uagb-section__background-none uagb-block-89760efc\"><div class=\"uagb-section__overlay\"><\/div><div class=\"uagb-section__inner-wrap\">\n<figure class=\"wp-block-image alignleft size-full is-resized\"><img decoding=\"async\" width=\"2000\" height=\"2000\" src=\"https:\/\/1mal1japan.de\/wp-content\/uploads\/2024\/01\/Logo-Onigiri-Reisball-2000px.png\" alt=\"\" class=\"wp-image-36793\" style=\"width:100px\" srcset=\"https:\/\/1mal1japan.de\/wp-content\/uploads\/2024\/01\/Logo-Onigiri-Reisball-2000px.png 2000w, https:\/\/1mal1japan.de\/wp-content\/uploads\/2024\/01\/Logo-Onigiri-Reisball-2000px-300x300.png 300w, https:\/\/1mal1japan.de\/wp-content\/uploads\/2024\/01\/Logo-Onigiri-Reisball-2000px-1024x1024.png 1024w, https:\/\/1mal1japan.de\/wp-content\/uploads\/2024\/01\/Logo-Onigiri-Reisball-2000px-150x150.png 150w, https:\/\/1mal1japan.de\/wp-content\/uploads\/2024\/01\/Logo-Onigiri-Reisball-2000px-768x768.png 768w, https:\/\/1mal1japan.de\/wp-content\/uploads\/2024\/01\/Logo-Onigiri-Reisball-2000px-1536x1536.png 1536w, https:\/\/1mal1japan.de\/wp-content\/uploads\/2024\/01\/Logo-Onigiri-Reisball-2000px-600x600.png 600w, https:\/\/1mal1japan.de\/wp-content\/uploads\/2024\/01\/Logo-Onigiri-Reisball-2000px-1200x1200.png 1200w, https:\/\/1mal1japan.de\/wp-content\/uploads\/2024\/01\/Logo-Onigiri-Reisball-2000px-100x100.png 100w\" sizes=\"(max-width: 2000px) 100vw, 2000px\" \/><\/figure>\n<\/div><\/section>\n\n\n\n<section class=\"wp-block-uagb-section uagb-section__wrap uagb-section__background-none uagb-block-6d656dd4\"><div class=\"uagb-section__overlay\"><\/div><div class=\"uagb-section__inner-wrap\">\n<h2 class=\"wp-block-heading has-text-align-left\" id=\"h-wie-benutzt-man-den-chasen\" style=\"margin-top:0px;margin-bottom:0px\">Come si usa il Chasen?<\/h2>\n\n\n\n<ol class=\"wp-block-list\">\n<li><strong>Inumidire la frusta:<\/strong> Prima del primo utilizzo, immergerla in acqua calda: in questo modo le setole diventano pi\u00f9 morbide e non si spezzano.<\/li>\n\n\n\n<li><strong>Montare il Matcha:<\/strong> Versare 1-2 g <a href=\"https:\/\/1mal1japan.de\/it\/produkt\/matcha-30-g-polvere-di-te-verde-giapponese-per-te-e-cucina\/\">di Matcha <\/a>in una ciotola, versarvi sopra circa 70\u201380 ml di acqua calda (non bollente).<\/li>\n\n\n\n<li><strong>Montare velocemente:<\/strong> Con il Chasen, formare una \u201cM\u201d o una \u201cW\u201d con movimenti rapidi, fino a quando non si forma una schiuma fine.<\/li>\n\n\n\n<li><strong>Cura:<\/strong> Dopo la preparazione, sciacquare solo con acqua, lasciare sgocciolare bene e asciugare all&#8217;aria \u2013 idealmente su un supporto per Chasen.<\/li>\n<\/ol>\n<\/div><\/section>\n<\/div><\/section>\n\n<div style=\"height:20px\" aria-hidden=\"true\" class=\"wp-block-spacer\"><\/div>\n\n<p>Il Chasen \u00e8 adatto sia per <strong>il classico Usucha (Matcha diluito)<\/strong> che per <strong>il Koicha (Matcha denso)<\/strong>. Dopo l&#8217;uso, il Chasen dovrebbe essere risciacquato solo con acqua e lasciato asciugare all&#8217;aria \u2013 idealmente su un apposito supporto per Chasen, in modo che mantenga la sua forma. Un vero classico per tutti coloro che desiderano preparare il Matcha nel modo giusto, sia nella vita quotidiana che in occasioni speciali.<\/p>\n\n<h2 class=\"wp-block-heading\" id=\"h-das-kannst-du-damit-kochen-zum-beispiel\">Ecco cosa puoi cucinare con questo, ad esempio:<\/h2>\n\n\t\t\t<div class=\"wp-block-uagb-post-grid uagb-post-grid  uagb-post__image-position-top uagb-post__image-enabled uagb-block-27b66334     uagb-post__items uagb-post__columns-2 is-grid uagb-post__columns-tablet-2 uagb-post__columns-mobile-2 uagb-post__equal-height\" data-total=\"0\" style=\"\">\n\n\t\t\t\t\t\t\t\t\t<p class=\"uagb-post__no-posts\">\n\t\t\t\t\t\tNo post found!\t\t\t\t\t<\/p>\n\t\t\t\t\t\t\t\t<\/div>\n\t\t\t\n<div style=\"height:20px\" aria-hidden=\"true\" class=\"wp-block-spacer\"><\/div>\n\n<h2 class=\"wp-block-heading\" id=\"h-deine-vorteile-und-unser-versprechen\">I tuoi vantaggi e la nostra promessa:<\/h2>\n\n<section class=\"wp-block-uagb-section uagb-section__wrap uagb-section__background-color uagb-block-85f7e9d2\"><div class=\"uagb-section__overlay\"><\/div><div class=\"uagb-section__inner-wrap\">\n<p>\u2764\ufe0f <strong>Veloce, semplice e affidabile:<\/strong> I clienti ci adorano! Con 4,9 stelle su 5 su Shopvote &#8211; dai un&#8217;occhiata <a href=\"https:\/\/www.shopvote.de\/bewertung_1mal1japan_de_23342.html\">qui alle recensioni dei nostri clienti<\/a>!<\/p>\n<\/div><\/section>\n\n<div style=\"height:20px\" aria-hidden=\"true\" class=\"wp-block-spacer\"><\/div>\n\n<section class=\"wp-block-uagb-section uagb-section__wrap uagb-section__background-color uagb-block-9e748e26\"><div class=\"uagb-section__overlay\"><\/div><div class=\"uagb-section__inner-wrap\">\n<p>\ud83c\udf31 <strong>Acquisti sostenibili:<\/strong> Spedizioni a impatto zero, imballaggi ecologici, fatture digitali di default.<\/p>\n<\/div><\/section>\n\n<div style=\"height:20px\" aria-hidden=\"true\" class=\"wp-block-spacer\"><\/div>\n\n<section class=\"wp-block-uagb-section uagb-section__wrap uagb-section__background-color uagb-block-11f9fc83\"><div class=\"uagb-section__overlay\"><\/div><div class=\"uagb-section__inner-wrap\">\n<p><strong>\ud83d\udd12 Acquisti al 100% senza rischi:<\/strong> Nessun importo minimo d&#8217;ordine, spedizione gratuita in Germania a partire da 59 \u20ac di spesa + diritto di recesso di 30 giorni con reso gratuito.<\/p>\n<\/div><\/section>\n\n<div style=\"height:20px\" aria-hidden=\"true\" class=\"wp-block-spacer\"><\/div>\n\n<section class=\"wp-block-uagb-section uagb-section__wrap uagb-section__background-color uagb-block-5b55bd83\"><div class=\"uagb-section__overlay\"><\/div><div class=\"uagb-section__inner-wrap\">\n<p>\ud83e\udd62 <strong>I migliori ingredienti per la tua esperienza culinaria e gustativa: <\/strong>Prodotti selezionati a mano che ci convincono personalmente in base a quattro criteri: (1) gusto, (2) autenticit\u00e0, (3) prezzo e (4) disponibilit\u00e0.<\/p>\n<\/div><\/section>\n\n<div style=\"height:20px\" aria-hidden=\"true\" class=\"wp-block-spacer\"><\/div>\n\n<section class=\"wp-block-uagb-section uagb-section__wrap uagb-section__background-color uagb-block-94ed5912\"><div class=\"uagb-section__overlay\"><\/div><div class=\"uagb-section__inner-wrap\">\n<p>\ud83d\udc4d <strong>Approfitta della nostra pluriennale esperienza<\/strong>: 1mal1japan.de esiste gi\u00e0 dal 2016. Da allora abbiamo avuto il piacere di accogliere milioni di visitatori sul nostro blog e nel nostro Shop e di servire oltre 50.000 clienti soddisfatti. Grazie di cuore a tutti i lettori e ai fan!<\/p>\n<\/div><\/section>\n","protected":false},"excerpt":{"rendered":"<p>Tradizionale frusta per Matcha in bamb\u00f9 \u2013 per montare il Matcha fino a ottenere una schiuma fine. Circa 80 setole, realizzata a mano. Un must per la preparazione di autentici t\u00e8 verdi giapponesi.<\/p>\n","protected":false},"featured_media":64965,"template":"","meta":{"_uag_custom_page_level_css":"","site-sidebar-layout":"default","site-content-layout":"","ast-site-content-layout":"default","site-content-style":"default","site-sidebar-style":"default","ast-global-header-display":"","ast-banner-title-visibility":"","ast-main-header-display":"","ast-hfb-above-header-display":"","ast-hfb-below-header-display":"","ast-hfb-mobile-header-display":"","site-post-title":"","ast-breadcrumbs-content":"","ast-featured-img":"","footer-sml-layout":"","ast-disable-related-posts":"","theme-transparent-header-meta":"","adv-header-id-meta":"","stick-header-meta":"","header-above-stick-meta":"","header-main-stick-meta":"","header-below-stick-meta":"","astra-migrate-meta-layouts":"default","ast-page-background-enabled":"default","ast-page-background-meta":{"desktop":{"background-color":"","background-image":"","background-repeat":"repeat","background-position":"center center","background-size":"auto","background-attachment":"scroll","background-type":"","background-media":"","overlay-type":"","overlay-color":"","overlay-opacity":"","overlay-gradient":""},"tablet":{"background-color":"","background-image":"","background-repeat":"repeat","background-position":"center center","background-size":"auto","background-attachment":"scroll","background-type":"","background-media":"","overlay-type":"","overlay-color":"","overlay-opacity":"","overlay-gradient":""},"mobile":{"background-color":"","background-image":"","background-repeat":"repeat","background-position":"center center","background-size":"auto","background-attachment":"scroll","background-type":"","background-media":"","overlay-type":"","overlay-color":"","overlay-opacity":"","overlay-gradient":""}},"ast-content-background-meta":{"desktop":{"background-color":"var(--ast-global-color-5)","background-image":"","background-repeat":"repeat","background-position":"center center","background-size":"auto","background-attachment":"scroll","background-type":"","background-media":"","overlay-type":"","overlay-color":"","overlay-opacity":"","overlay-gradient":""},"tablet":{"background-color":"var(--ast-global-color-5)","background-image":"","background-repeat":"repeat","background-position":"center center","background-size":"auto","background-attachment":"scroll","background-type":"","background-media":"","overlay-type":"","overlay-color":"","overlay-opacity":"","overlay-gradient":""},"mobile":{"background-color":"var(--ast-global-color-5)","background-image":"","background-repeat":"repeat","background-position":"center center","background-size":"auto","background-attachment":"scroll","background-type":"","background-media":"","overlay-type":"","overlay-color":"","overlay-opacity":"","overlay-gradient":""}}},"product_brand":[],"product_cat":[1623,1557,1624],"product_tag":[1904],"class_list":{"0":"post-64964","1":"product","2":"type-product","3":"status-publish","4":"has-post-thumbnail","6":"product_cat-geschirr-zubehoer","7":"product_cat-tutti-i-prodotti","8":"product_cat-utensilien-zubehoer","9":"product_tag-matcha","10":"desktop-align-left","11":"tablet-align-left","12":"mobile-align-left","13":"ast-product-gallery-layout-horizontal-slider","14":"ast-magnify-disabled","15":"ast-product-tabs-layout-horizontal","17":"first","18":"instock","19":"taxable","20":"shipping-taxable","21":"purchasable","22":"product-type-simple"},"yoast_head":"<!-- This site is optimized with the Yoast SEO Premium plugin v27.5 (Yoast SEO v27.5) - https:\/\/yoast.com\/product\/yoast-seo-premium-wordpress\/ -->\n<title>Spazzola per Matcha (Chasen, bamb\u00f9, 80 setole) | su 1mal1japan<\/title>\n<meta name=\"description\" content=\"|\u27a1 Spazzola per Matcha (Chasen) in bamb\u00f9 \u2714 strumento tradizionale per preparare il t\u00e8 Matcha \u2714 realizzata a mano e resistente \u2714 consegna rapida!\" \/>\n<meta name=\"robots\" content=\"index, follow, max-snippet:-1, max-image-preview:large, max-video-preview:-1\" \/>\n<link rel=\"canonical\" href=\"https:\/\/1mal1japan.de\/it\/produkt\/spazzola-per-matcha-chasen-in-bambu-per-il-te-verde-giapponese-originale\/\" \/>\n<meta property=\"og:locale\" content=\"it_IT\" \/>\n<meta property=\"og:type\" content=\"article\" \/>\n<meta property=\"og:title\" content=\"Spazzola per Matcha (Chasen) in bamb\u00f9 \u2013 per il t\u00e8 verde giapponese originale\" \/>\n<meta property=\"og:description\" content=\"Tradizionale frusta per Matcha in bamb\u00f9 \u2013 per montare il Matcha fino a ottenere una schiuma fine. Circa 80 setole, realizzata a mano. Un must per la preparazione di autentici t\u00e8 verdi giapponesi.\" \/>\n<meta property=\"og:url\" content=\"https:\/\/1mal1japan.de\/it\/produkt\/spazzola-per-matcha-chasen-in-bambu-per-il-te-verde-giapponese-originale\/\" \/>\n<meta property=\"og:site_name\" content=\"1mal1japan.de\" \/>\n<meta property=\"article:modified_time\" content=\"2026-04-28T12:17:39+00:00\" \/>\n<meta property=\"og:image\" content=\"https:\/\/1mal1japan.de\/wp-content\/uploads\/2025\/06\/Matcha-Besen-1.jpg\" \/>\n\t<meta property=\"og:image:width\" content=\"800\" \/>\n\t<meta property=\"og:image:height\" content=\"800\" \/>\n\t<meta property=\"og:image:type\" content=\"image\/jpeg\" \/>\n<script type=\"application\/ld+json\" class=\"yoast-schema-graph\">{\"@context\":\"https:\\\/\\\/schema.org\",\"@graph\":[{\"@type\":\"WebPage\",\"@id\":\"https:\\\/\\\/1mal1japan.de\\\/it\\\/produkt\\\/spazzola-per-matcha-chasen-in-bambu-per-il-te-verde-giapponese-originale\\\/\",\"url\":\"https:\\\/\\\/1mal1japan.de\\\/it\\\/produkt\\\/spazzola-per-matcha-chasen-in-bambu-per-il-te-verde-giapponese-originale\\\/\",\"name\":\"Spazzola per Matcha (Chasen, bamb\u00f9, 80 setole) | su 1mal1japan\",\"isPartOf\":{\"@id\":\"https:\\\/\\\/1mal1japan.de\\\/it\\\/#website\"},\"primaryImageOfPage\":{\"@id\":\"https:\\\/\\\/1mal1japan.de\\\/it\\\/produkt\\\/spazzola-per-matcha-chasen-in-bambu-per-il-te-verde-giapponese-originale\\\/#primaryimage\"},\"image\":{\"@id\":\"https:\\\/\\\/1mal1japan.de\\\/it\\\/produkt\\\/spazzola-per-matcha-chasen-in-bambu-per-il-te-verde-giapponese-originale\\\/#primaryimage\"},\"thumbnailUrl\":\"https:\\\/\\\/1mal1japan.de\\\/wp-content\\\/uploads\\\/2025\\\/06\\\/Matcha-Besen-1.jpg\",\"datePublished\":\"2025-06-20T08:53:11+00:00\",\"dateModified\":\"2026-04-28T12:17:39+00:00\",\"description\":\"|\u27a1 Spazzola per Matcha (Chasen) in bamb\u00f9 \u2714 strumento tradizionale per preparare il t\u00e8 Matcha \u2714 realizzata a mano e resistente \u2714 consegna rapida!\",\"breadcrumb\":{\"@id\":\"https:\\\/\\\/1mal1japan.de\\\/it\\\/produkt\\\/spazzola-per-matcha-chasen-in-bambu-per-il-te-verde-giapponese-originale\\\/#breadcrumb\"},\"inLanguage\":\"it-IT\",\"potentialAction\":[{\"@type\":\"ReadAction\",\"target\":[\"https:\\\/\\\/1mal1japan.de\\\/it\\\/produkt\\\/spazzola-per-matcha-chasen-in-bambu-per-il-te-verde-giapponese-originale\\\/\"]}]},{\"@type\":\"ImageObject\",\"inLanguage\":\"it-IT\",\"@id\":\"https:\\\/\\\/1mal1japan.de\\\/it\\\/produkt\\\/spazzola-per-matcha-chasen-in-bambu-per-il-te-verde-giapponese-originale\\\/#primaryimage\",\"url\":\"https:\\\/\\\/1mal1japan.de\\\/wp-content\\\/uploads\\\/2025\\\/06\\\/Matcha-Besen-1.jpg\",\"contentUrl\":\"https:\\\/\\\/1mal1japan.de\\\/wp-content\\\/uploads\\\/2025\\\/06\\\/Matcha-Besen-1.jpg\",\"width\":800,\"height\":800,\"caption\":\"Spazzola per Matcha\"},{\"@type\":\"BreadcrumbList\",\"@id\":\"https:\\\/\\\/1mal1japan.de\\\/it\\\/produkt\\\/spazzola-per-matcha-chasen-in-bambu-per-il-te-verde-giapponese-originale\\\/#breadcrumb\",\"itemListElement\":[{\"@type\":\"ListItem\",\"position\":1,\"name\":\"Startseite\",\"item\":\"https:\\\/\\\/1mal1japan.de\\\/it\\\/\"},{\"@type\":\"ListItem\",\"position\":2,\"name\":\"Negozio\",\"item\":\"https:\\\/\\\/1mal1japan.de\\\/it\\\/shop\\\/\"},{\"@type\":\"ListItem\",\"position\":3,\"name\":\"Spazzola per Matcha (Chasen) in bamb\u00f9 \u2013 per il t\u00e8 verde giapponese originale\"}]},{\"@type\":\"WebSite\",\"@id\":\"https:\\\/\\\/1mal1japan.de\\\/it\\\/#website\",\"url\":\"https:\\\/\\\/1mal1japan.de\\\/it\\\/\",\"name\":\"1mal1japan.de\",\"description\":\"japanisch kochen &amp; einkaufen\",\"publisher\":{\"@id\":\"https:\\\/\\\/1mal1japan.de\\\/it\\\/#\\\/schema\\\/person\\\/3b6eab913fce9065523e927d88b032b0\"},\"potentialAction\":[{\"@type\":\"SearchAction\",\"target\":{\"@type\":\"EntryPoint\",\"urlTemplate\":\"https:\\\/\\\/1mal1japan.de\\\/it\\\/?s={search_term_string}\"},\"query-input\":{\"@type\":\"PropertyValueSpecification\",\"valueRequired\":true,\"valueName\":\"search_term_string\"}}],\"inLanguage\":\"it-IT\"},{\"@type\":[\"Person\",\"Organization\"],\"@id\":\"https:\\\/\\\/1mal1japan.de\\\/it\\\/#\\\/schema\\\/person\\\/3b6eab913fce9065523e927d88b032b0\",\"name\":\"Elisa\",\"image\":{\"@type\":\"ImageObject\",\"inLanguage\":\"it-IT\",\"@id\":\"https:\\\/\\\/1mal1japan.de\\\/wp-content\\\/uploads\\\/2018\\\/09\\\/Profilbild_Elisa.png\",\"url\":\"https:\\\/\\\/1mal1japan.de\\\/wp-content\\\/uploads\\\/2018\\\/09\\\/Profilbild_Elisa.png\",\"contentUrl\":\"https:\\\/\\\/1mal1japan.de\\\/wp-content\\\/uploads\\\/2018\\\/09\\\/Profilbild_Elisa.png\",\"width\":200,\"height\":200,\"caption\":\"Elisa\"},\"logo\":{\"@id\":\"https:\\\/\\\/1mal1japan.de\\\/wp-content\\\/uploads\\\/2018\\\/09\\\/Profilbild_Elisa.png\"}}]}<\/script>\n<meta property=\"product:price:amount\" content=\"12.99\" \/>\n<meta property=\"product:price:currency\" content=\"EUR\" \/>\n<meta property=\"og:availability\" content=\"instock\" \/>\n<meta property=\"product:availability\" content=\"instock\" \/>\n<meta property=\"product:retailer_item_id\" content=\"2056\" \/>\n<meta property=\"product:condition\" content=\"new\" \/>\n<!-- \/ Yoast SEO Premium plugin. -->","yoast_head_json":{"title":"Spazzola per Matcha (Chasen, bamb\u00f9, 80 setole) | su 1mal1japan","description":"|\u27a1 Spazzola per Matcha (Chasen) in bamb\u00f9 \u2714 strumento tradizionale per preparare il t\u00e8 Matcha \u2714 realizzata a mano e resistente \u2714 consegna rapida!","robots":{"index":"index","follow":"follow","max-snippet":"max-snippet:-1","max-image-preview":"max-image-preview:large","max-video-preview":"max-video-preview:-1"},"canonical":"https:\/\/1mal1japan.de\/it\/produkt\/spazzola-per-matcha-chasen-in-bambu-per-il-te-verde-giapponese-originale\/","og_locale":"it_IT","og_type":"article","og_title":"Spazzola per Matcha (Chasen) in bamb\u00f9 \u2013 per il t\u00e8 verde giapponese originale","og_description":"Tradizionale frusta per Matcha in bamb\u00f9 \u2013 per montare il Matcha fino a ottenere una schiuma fine. Circa 80 setole, realizzata a mano. Un must per la preparazione di autentici t\u00e8 verdi giapponesi.","og_url":"https:\/\/1mal1japan.de\/it\/produkt\/spazzola-per-matcha-chasen-in-bambu-per-il-te-verde-giapponese-originale\/","og_site_name":"1mal1japan.de","article_modified_time":"2026-04-28T12:17:39+00:00","og_image":[{"width":800,"height":800,"url":"https:\/\/1mal1japan.de\/wp-content\/uploads\/2025\/06\/Matcha-Besen-1.jpg","type":"image\/jpeg"}],"schema":{"@context":"https:\/\/schema.org","@graph":[{"@type":"WebPage","@id":"https:\/\/1mal1japan.de\/it\/produkt\/spazzola-per-matcha-chasen-in-bambu-per-il-te-verde-giapponese-originale\/","url":"https:\/\/1mal1japan.de\/it\/produkt\/spazzola-per-matcha-chasen-in-bambu-per-il-te-verde-giapponese-originale\/","name":"Spazzola per Matcha (Chasen, bamb\u00f9, 80 setole) | su 1mal1japan","isPartOf":{"@id":"https:\/\/1mal1japan.de\/it\/#website"},"primaryImageOfPage":{"@id":"https:\/\/1mal1japan.de\/it\/produkt\/spazzola-per-matcha-chasen-in-bambu-per-il-te-verde-giapponese-originale\/#primaryimage"},"image":{"@id":"https:\/\/1mal1japan.de\/it\/produkt\/spazzola-per-matcha-chasen-in-bambu-per-il-te-verde-giapponese-originale\/#primaryimage"},"thumbnailUrl":"https:\/\/1mal1japan.de\/wp-content\/uploads\/2025\/06\/Matcha-Besen-1.jpg","datePublished":"2025-06-20T08:53:11+00:00","dateModified":"2026-04-28T12:17:39+00:00","description":"|\u27a1 Spazzola per Matcha (Chasen) in bamb\u00f9 \u2714 strumento tradizionale per preparare il t\u00e8 Matcha \u2714 realizzata a mano e resistente \u2714 consegna rapida!","breadcrumb":{"@id":"https:\/\/1mal1japan.de\/it\/produkt\/spazzola-per-matcha-chasen-in-bambu-per-il-te-verde-giapponese-originale\/#breadcrumb"},"inLanguage":"it-IT","potentialAction":[{"@type":"ReadAction","target":["https:\/\/1mal1japan.de\/it\/produkt\/spazzola-per-matcha-chasen-in-bambu-per-il-te-verde-giapponese-originale\/"]}]},{"@type":"ImageObject","inLanguage":"it-IT","@id":"https:\/\/1mal1japan.de\/it\/produkt\/spazzola-per-matcha-chasen-in-bambu-per-il-te-verde-giapponese-originale\/#primaryimage","url":"https:\/\/1mal1japan.de\/wp-content\/uploads\/2025\/06\/Matcha-Besen-1.jpg","contentUrl":"https:\/\/1mal1japan.de\/wp-content\/uploads\/2025\/06\/Matcha-Besen-1.jpg","width":800,"height":800,"caption":"Spazzola per Matcha"},{"@type":"BreadcrumbList","@id":"https:\/\/1mal1japan.de\/it\/produkt\/spazzola-per-matcha-chasen-in-bambu-per-il-te-verde-giapponese-originale\/#breadcrumb","itemListElement":[{"@type":"ListItem","position":1,"name":"Startseite","item":"https:\/\/1mal1japan.de\/it\/"},{"@type":"ListItem","position":2,"name":"Negozio","item":"https:\/\/1mal1japan.de\/it\/shop\/"},{"@type":"ListItem","position":3,"name":"Spazzola per Matcha (Chasen) in bamb\u00f9 \u2013 per il t\u00e8 verde giapponese originale"}]},{"@type":"WebSite","@id":"https:\/\/1mal1japan.de\/it\/#website","url":"https:\/\/1mal1japan.de\/it\/","name":"1mal1japan.de","description":"japanisch kochen &amp; einkaufen","publisher":{"@id":"https:\/\/1mal1japan.de\/it\/#\/schema\/person\/3b6eab913fce9065523e927d88b032b0"},"potentialAction":[{"@type":"SearchAction","target":{"@type":"EntryPoint","urlTemplate":"https:\/\/1mal1japan.de\/it\/?s={search_term_string}"},"query-input":{"@type":"PropertyValueSpecification","valueRequired":true,"valueName":"search_term_string"}}],"inLanguage":"it-IT"},{"@type":["Person","Organization"],"@id":"https:\/\/1mal1japan.de\/it\/#\/schema\/person\/3b6eab913fce9065523e927d88b032b0","name":"Elisa","image":{"@type":"ImageObject","inLanguage":"it-IT","@id":"https:\/\/1mal1japan.de\/wp-content\/uploads\/2018\/09\/Profilbild_Elisa.png","url":"https:\/\/1mal1japan.de\/wp-content\/uploads\/2018\/09\/Profilbild_Elisa.png","contentUrl":"https:\/\/1mal1japan.de\/wp-content\/uploads\/2018\/09\/Profilbild_Elisa.png","width":200,"height":200,"caption":"Elisa"},"logo":{"@id":"https:\/\/1mal1japan.de\/wp-content\/uploads\/2018\/09\/Profilbild_Elisa.png"}}]},"product_price_amount":"12.99","product_price_currency":"EUR","og_availability":"instock","product_availability":"instock","product_retailer_item_id":"2056","product_condition":"new"},"uagb_featured_image_src":{"full":["https:\/\/1mal1japan.de\/wp-content\/uploads\/2025\/06\/Matcha-Besen-1.jpg",800,800,false],"thumbnail":["https:\/\/1mal1japan.de\/wp-content\/uploads\/2025\/06\/Matcha-Besen-1-150x150.jpg",150,150,true],"medium":["https:\/\/1mal1japan.de\/wp-content\/uploads\/2025\/06\/Matcha-Besen-1-300x300.jpg",300,300,true],"medium_large":["https:\/\/1mal1japan.de\/wp-content\/uploads\/2025\/06\/Matcha-Besen-1-768x768.jpg",768,768,true],"large":["https:\/\/1mal1japan.de\/wp-content\/uploads\/2025\/06\/Matcha-Besen-1.jpg",800,800,false],"1536x1536":["https:\/\/1mal1japan.de\/wp-content\/uploads\/2025\/06\/Matcha-Besen-1.jpg",800,800,false],"2048x2048":["https:\/\/1mal1japan.de\/wp-content\/uploads\/2025\/06\/Matcha-Besen-1.jpg",800,800,false],"woocommerce_thumbnail":["https:\/\/1mal1japan.de\/wp-content\/uploads\/2025\/06\/Matcha-Besen-1-600x600.jpg",600,600,true],"woocommerce_single":["https:\/\/1mal1japan.de\/wp-content\/uploads\/2025\/06\/Matcha-Besen-1.jpg",800,800,false],"woocommerce_gallery_thumbnail":["https:\/\/1mal1japan.de\/wp-content\/uploads\/2025\/06\/Matcha-Besen-1-100x100.jpg",100,100,true]},"uagb_author_info":{"display_name":"kiwi19901","author_link":"https:\/\/1mal1japan.de\/it\/author\/"},"uagb_comment_info":0,"uagb_excerpt":"Tradizionale frusta per Matcha in bamb\u00f9 \u2013 per montare il Matcha fino a ottenere una schiuma fine. Circa 80 setole, realizzata a mano. Un must per la preparazione di autentici t\u00e8 verdi giapponesi.","_links":{"self":[{"href":"https:\/\/1mal1japan.de\/it\/wp-json\/wp\/v2\/product\/64964","targetHints":{"allow":["GET"]}}],"collection":[{"href":"https:\/\/1mal1japan.de\/it\/wp-json\/wp\/v2\/product"}],"about":[{"href":"https:\/\/1mal1japan.de\/it\/wp-json\/wp\/v2\/types\/product"}],"wp:featuredmedia":[{"embeddable":true,"href":"https:\/\/1mal1japan.de\/it\/wp-json\/wp\/v2\/media\/64965"}],"wp:attachment":[{"href":"https:\/\/1mal1japan.de\/it\/wp-json\/wp\/v2\/media?parent=64964"}],"wp:term":[{"taxonomy":"product_brand","embeddable":true,"href":"https:\/\/1mal1japan.de\/it\/wp-json\/wp\/v2\/product_brand?post=64964"},{"taxonomy":"product_cat","embeddable":true,"href":"https:\/\/1mal1japan.de\/it\/wp-json\/wp\/v2\/product_cat?post=64964"},{"taxonomy":"product_tag","embeddable":true,"href":"https:\/\/1mal1japan.de\/it\/wp-json\/wp\/v2\/product_tag?post=64964"}],"curies":[{"name":"wp","href":"https:\/\/api.w.org\/{rel}","templated":true}]}}