{"id":65031,"date":"2025-08-01T10:40:54","date_gmt":"2025-08-01T08:40:54","guid":{"rendered":"https:\/\/1mal1japan.de\/produkt\/ssamjang-170-g-pasta-di-soia-coreana-delicata\/"},"modified":"2026-04-28T14:18:30","modified_gmt":"2026-04-28T12:18:30","slug":"ssamjang-170-g-pasta-di-soia-coreana-delicata","status":"publish","type":"product","link":"https:\/\/1mal1japan.de\/it\/produkt\/ssamjang-170-g-pasta-di-soia-coreana-delicata\/","title":{"rendered":"Ssamjang 170 g, pasta di soia coreana (delicata)"},"content":{"rendered":"\n<div style=\"height:20px\" aria-hidden=\"true\" class=\"wp-block-spacer\"><\/div>\n\n<section class=\"wp-block-uagb-section uagb-section__wrap uagb-section__background-color uagb-block-5c35283d\"><div class=\"uagb-section__overlay\"><\/div><div class=\"uagb-section__inner-wrap\">\n<p class=\"has-ast-global-color-5-color has-text-color has-link-color wp-elements-00bd8be606d160b1a4220b392fbce126\">\u2705 Classica pasta Ssamjang coreana a base di Doenjang e Gochujang<br\/>\u2705 Dolce-piccante con un equilibrio perfetto tra dolcezza e Umami<br\/>\u2705 Perfetta per ssam (involtini di insalata), barbecue, verdure e salse<br\/>\u2705 Pronta da consumare e versatile<br\/>\u2705 Prodotto autentico di O\u2019Food<\/p>\n<\/div><\/section>\n\n<h2 class=\"wp-block-heading\" id=\"wissen\">Cos&#8217;\u00e8 lo ssamjang?<\/h2>\n\n<p>Lo Ssamjang \u00e8 una pasta di spezie tradizionale coreana composta da Doenjang (pasta di soia fermentata), Gochujang (pasta di peperoncino), aglio, olio di sesamo e altri ingredienti. Questa variante delicata di O\u2019Food unisce Umami, un leggero sapore piccante e una discreta dolcezza in una pasta cremosa pronta da servire.<\/p>\n\n<h3 class=\"wp-block-heading\" id=\"vorteile\">Perch\u00e9 vale la pena acquistarlo?<\/h3>\n\n<p>Lo ssamjang \u00e8 un ingrediente indispensabile nella cultura del barbecue coreano. La pasta conferisce immediatamente un sapore autentico a involtini, piatti alla griglia e verdure e rende particolarmente facile condire a tavola. Con la versione delicata di O\u2019Food ottieni un condimento equilibrato, adatto anche ai principianti e ai palati pi\u00f9 sensibili.<\/p>\n\n<h2 class=\"wp-block-heading\" id=\"verwendung\">Per cosa posso usare lo Ssamjang?<\/h2>\n\n<p>Lo Ssamjang \u00e8 pi\u00f9 conosciuto come salsa per lo Ssam (involtini di insalata con carne o Tofu), ma la pasta \u00e8 ottima anche come salsa per verdure crude, come marinata per la carne o come ingrediente piccante in salse, stufati o piatti a base di riso.<\/p>\n\n\t\t\t<div class=\"wp-block-uagb-post-grid uagb-post-grid  uagb-post__image-position-top uagb-post__image-enabled uagb-block-27b66334     uagb-post__items uagb-post__columns-2 is-grid uagb-post__columns-tablet-2 uagb-post__columns-mobile-2 uagb-post__equal-height\" data-total=\"1\" style=\"\">\n\n\t\t\t\t\t\t\t\t\t\t\t\t<article class=\"uagb-post__inner-wrap\">\t\t\t\t\t\t\t\t<div class='uagb-post__image'>\n\t\t\t\t\t\t\t\t\t<a href=\"https:\/\/1mal1japan.de\/it\/asiatische-rezepte\/preparare-il-bulgogi-in-casa-carne-alla-coreana-con-marinata-piccante-e-speziata\/\" target=\"_self\" rel=\"bookmark noopener noreferrer\" class='uagb-image-ratio-inherit'><img decoding=\"async\" width=\"1024\" height=\"683\" src=\"https:\/\/1mal1japan.de\/wp-content\/uploads\/2025\/07\/Bulgogi-Titelbild-1024x683.jpg\" class=\"attachment-large size-large\" alt=\"Immagine di copertina Bulgogi\" srcset=\"https:\/\/1mal1japan.de\/wp-content\/uploads\/2025\/07\/Bulgogi-Titelbild-1024x683.jpg 1024w, https:\/\/1mal1japan.de\/wp-content\/uploads\/2025\/07\/Bulgogi-Titelbild-300x200.jpg 300w, https:\/\/1mal1japan.de\/wp-content\/uploads\/2025\/07\/Bulgogi-Titelbild-768x512.jpg 768w, https:\/\/1mal1japan.de\/wp-content\/uploads\/2025\/07\/Bulgogi-Titelbild.jpg 1200w\" sizes=\"(max-width: 1024px) 100vw, 1024px\" \/>\t\t\t\t\t<\/a>\n\t\t\t\t\t\t\t<\/div>\n\t\t\t\t\t\t<p class=\"uagb-post__title uagb-post__text\">\n\t\t\t\t<a href=\"https:\/\/1mal1japan.de\/it\/asiatische-rezepte\/preparare-il-bulgogi-in-casa-carne-alla-coreana-con-marinata-piccante-e-speziata\/\" target=\"_self\" rel=\"bookmark noopener noreferrer\">Preparare il Bulgogi in casa: carne alla coreana con marinata piccante e speziata<\/a>\n\t\t\t<\/p>\n\t\t\t\t\t\t<div class='uagb-post__text uagb-post-grid-byline'>\n\t\t\t\t\t\t\t\t<time datetime=\"2025-07-28T06:02:00+02:00\" class=\"uagb-post__date\">\n\t\t\t\t<span class=\"dashicons-calendar dashicons\"><\/span>\t\t\t\t\t28. Luglio 2025\t\t\t\t<\/time>\n\t\t\t\t\t\t<\/div>\n\t\t\t\t\t\t<div class=\"uagb-post__text uagb-post__cta wp-block-button\">\n\t\t\t\t<a class=\"wp-block-button__link uagb-text-link\" style=\"\" href=\"https:\/\/1mal1japan.de\/it\/asiatische-rezepte\/preparare-il-bulgogi-in-casa-carne-alla-coreana-con-marinata-piccante-e-speziata\/\" target=\"_self\" rel=\"bookmark noopener noreferrer\">\u279f Vai alla ricetta<\/a>\n\t\t\t<\/div>\n\t\t\t\n\t\t\t\t\t\t\t\t\t<\/article>\n\t\t\t\t\t\t\t\t\t\t\t<\/div>\n\t\t\t\n<div style=\"height:20px\" aria-hidden=\"true\" class=\"wp-block-spacer\"><\/div>\n\n<h3 class=\"wp-block-heading\" id=\"zubereitung\">Come si usa o si prepara lo ssamjang?<\/h3>\n\n<p>Lo ssamjang \u00e8 pronto da mangiare e non richiede ulteriori preparazioni. Puoi usarlo puro come salsa o come ingrediente saporito nei tuoi piatti. \u00c8 particolarmente apprezzato aggiungerne una piccola quantit\u00e0 alle foglie di insalata, insieme a carne o Tofu, riso e verdure.<\/p>\n\n<h3 class=\"wp-block-heading\" id=\"herstellung\">Come viene prodotta la pasta Ssamjang?<\/h3>\n\n<p>La base di questa pasta di spezie \u00e8 costituita da soia fermentata (Doenjang) e Gochujang, che vengono lavorati con aglio, cipolle, sesamo e altri ingredienti fino a ottenere una pasta cremosa. O\u2019Food utilizza ricette tradizionali coreane e materie prime di alta qualit\u00e0 per un&#8217;esperienza di gusto particolarmente autentica.<\/p>\n\n<h3 class=\"wp-block-heading\" id=\"lagerung\">Come conservare correttamente il prodotto?<\/h3>\n\n<p>Una volta aperto, lo Ssamjang va conservato in frigorifero e consumato entro poche settimane. Se non aperto, si conserva a lungo in un luogo fresco e asciutto.<\/p>\n\n<h2 class=\"wp-block-heading\" id=\"kaufen\">I tuoi vantaggi e la nostra promessa:<\/h2>\n\n<section class=\"wp-block-uagb-section uagb-section__wrap uagb-section__background-color uagb-block-85f7e9d2\"><div class=\"uagb-section__overlay\"><\/div><div class=\"uagb-section__inner-wrap\">\n<p>\u2764\ufe0f <strong>Veloce, semplice e affidabile:<\/strong> I clienti ci adorano! Con 4,9 stelle su 5 su Shopvote &#8211; dai un&#8217;occhiata <a href=\"https:\/\/www.shopvote.de\/bewertung_1mal1japan_de_23342.html\">qui alle recensioni dei nostri clienti<\/a>!<\/p>\n<\/div><\/section>\n\n<div style=\"height:20px\" aria-hidden=\"true\" class=\"wp-block-spacer\"><\/div>\n\n<section class=\"wp-block-uagb-section uagb-section__wrap uagb-section__background-color uagb-block-9e748e26\"><div class=\"uagb-section__overlay\"><\/div><div class=\"uagb-section__inner-wrap\">\n<p>\ud83c\udf31 <strong>Acquisti sostenibili:<\/strong> Spedizioni a impatto zero, imballaggi ecologici, fatture digitali di default.<\/p>\n<\/div><\/section>\n\n<div style=\"height:20px\" aria-hidden=\"true\" class=\"wp-block-spacer\"><\/div>\n\n<section class=\"wp-block-uagb-section uagb-section__wrap uagb-section__background-color uagb-block-11f9fc83\"><div class=\"uagb-section__overlay\"><\/div><div class=\"uagb-section__inner-wrap\">\n<p><strong>\ud83d\udd12 Acquisti al 100% senza rischi:<\/strong> Nessun importo minimo d&#8217;ordine, spedizione gratuita in Germania a partire da 59 \u20ac di spesa + diritto di recesso di 30 giorni con reso gratuito.<\/p>\n<\/div><\/section>\n\n<div style=\"height:20px\" aria-hidden=\"true\" class=\"wp-block-spacer\"><\/div>\n\n<section class=\"wp-block-uagb-section uagb-section__wrap uagb-section__background-color uagb-block-5b55bd83\"><div class=\"uagb-section__overlay\"><\/div><div class=\"uagb-section__inner-wrap\">\n<p>\ud83e\udd62 <strong>I migliori ingredienti per la tua esperienza culinaria e gustativa: <\/strong>Prodotti selezionati a mano che ci convincono personalmente in base a quattro criteri: (1) gusto, (2) autenticit\u00e0, (3) prezzo e (4) disponibilit\u00e0.<\/p>\n<\/div><\/section>\n\n<div style=\"height:20px\" aria-hidden=\"true\" class=\"wp-block-spacer\"><\/div>\n\n<section class=\"wp-block-uagb-section uagb-section__wrap uagb-section__background-color uagb-block-94ed5912\"><div class=\"uagb-section__overlay\"><\/div><div class=\"uagb-section__inner-wrap\">\n<p>\ud83d\udc4d <strong>Approfitta della nostra pluriennale esperienza<\/strong>: 1mal1japan.de esiste gi\u00e0 dal 2016. Da allora abbiamo avuto il piacere di accogliere milioni di visitatori sul nostro blog e nel nostro Shop e di servire oltre 50.000 clienti soddisfatti. Grazie di cuore a tutti i lettori e ai fan!<\/p>\n<\/div><\/section>\n","protected":false},"excerpt":{"rendered":"<p><strong>Pasta di condimento coreana per barbecue, involtini e salse. <\/strong><\/p>\n<p>Questa pasta Ssamjang di O\u2019Food \u00e8 una pasta di condimento fermentata, leggermente piccante, proveniente dalla Corea. \u00c8 ideale come salsa per gli ssam (involtini di insalata), il barbecue, le verdure o come base aromatica per salse e marinate.<\/p>\n","protected":false},"featured_media":65033,"template":"","meta":{"_uag_custom_page_level_css":"","site-sidebar-layout":"default","site-content-layout":"default","ast-site-content-layout":"default","site-content-style":"default","site-sidebar-style":"default","ast-global-header-display":"","ast-banner-title-visibility":"","ast-main-header-display":"","ast-hfb-above-header-display":"","ast-hfb-below-header-display":"","ast-hfb-mobile-header-display":"","site-post-title":"","ast-breadcrumbs-content":"","ast-featured-img":"","footer-sml-layout":"","ast-disable-related-posts":"","theme-transparent-header-meta":"default","adv-header-id-meta":"","stick-header-meta":"default","header-above-stick-meta":"","header-main-stick-meta":"","header-below-stick-meta":"","astra-migrate-meta-layouts":"default","ast-page-background-enabled":"default","ast-page-background-meta":{"desktop":{"background-color":"","background-image":"","background-repeat":"repeat","background-position":"center center","background-size":"auto","background-attachment":"scroll","background-type":"","background-media":"","overlay-type":"","overlay-color":"","overlay-opacity":"","overlay-gradient":""},"tablet":{"background-color":"","background-image":"","background-repeat":"repeat","background-position":"center center","background-size":"auto","background-attachment":"scroll","background-type":"","background-media":"","overlay-type":"","overlay-color":"","overlay-opacity":"","overlay-gradient":""},"mobile":{"background-color":"","background-image":"","background-repeat":"repeat","background-position":"center center","background-size":"auto","background-attachment":"scroll","background-type":"","background-media":"","overlay-type":"","overlay-color":"","overlay-opacity":"","overlay-gradient":""}},"ast-content-background-meta":{"desktop":{"background-color":"var(--ast-global-color-5)","background-image":"","background-repeat":"repeat","background-position":"center center","background-size":"auto","background-attachment":"scroll","background-type":"","background-media":"","overlay-type":"","overlay-color":"","overlay-opacity":"","overlay-gradient":""},"tablet":{"background-color":"var(--ast-global-color-5)","background-image":"","background-repeat":"repeat","background-position":"center center","background-size":"auto","background-attachment":"scroll","background-type":"","background-media":"","overlay-type":"","overlay-color":"","overlay-opacity":"","overlay-gradient":""},"mobile":{"background-color":"var(--ast-global-color-5)","background-image":"","background-repeat":"repeat","background-position":"center center","background-size":"auto","background-attachment":"scroll","background-type":"","background-media":"","overlay-type":"","overlay-color":"","overlay-opacity":"","overlay-gradient":""}}},"product_brand":[],"product_cat":[1618,1556,1557],"product_tag":[],"class_list":{"0":"post-65031","1":"product","2":"type-product","3":"status-publish","4":"has-post-thumbnail","6":"product_cat-koreanisch-kochen","7":"product_cat-olio-aceto-paste-e-salse","8":"product_cat-tutti-i-prodotti","9":"desktop-align-left","10":"tablet-align-left","11":"mobile-align-left","12":"ast-product-gallery-layout-horizontal-slider","13":"ast-magnify-disabled","14":"ast-product-tabs-layout-horizontal","16":"first","17":"instock","18":"sale","19":"taxable","20":"shipping-taxable","21":"purchasable","22":"product-type-simple"},"yoast_head":"<!-- This site is optimized with the Yoast SEO Premium plugin v27.4 (Yoast SEO v27.4) - https:\/\/yoast.com\/product\/yoast-seo-premium-wordpress\/ -->\n<title>Ssamjang delicata 170 g | pasta di spezie coreana | per il Bulgogi<\/title>\n<meta name=\"description\" content=\"I\u27a1 Acquista Ssamjang \u2714 pasta di spezie coreana delicata \u2714 perfetta per barbecue, wrap e verdure \u2714 pronta da servire e versatile \u2714 consegna rapida!\" \/>\n<meta name=\"robots\" content=\"index, follow, max-snippet:-1, max-image-preview:large, max-video-preview:-1\" \/>\n<link rel=\"canonical\" href=\"https:\/\/1mal1japan.de\/it\/produkt\/ssamjang-170-g-pasta-di-soia-coreana-delicata\/\" \/>\n<meta property=\"og:locale\" content=\"it_IT\" \/>\n<meta property=\"og:type\" content=\"article\" \/>\n<meta property=\"og:title\" content=\"Ssamjang 170 g, pasta di soia coreana (delicata)\" \/>\n<meta property=\"og:description\" content=\"Pasta di condimento coreana per barbecue, involtini e salse. Questa pasta Ssamjang di O\u2019Food \u00e8 una pasta di condimento fermentata, leggermente piccante, proveniente dalla Corea. \u00c8 ideale come salsa per gli ssam (involtini di insalata), il barbecue, le verdure o come base aromatica per salse e marinate.\" \/>\n<meta property=\"og:url\" content=\"https:\/\/1mal1japan.de\/it\/produkt\/ssamjang-170-g-pasta-di-soia-coreana-delicata\/\" \/>\n<meta property=\"og:site_name\" content=\"1mal1japan.de\" \/>\n<meta property=\"article:modified_time\" content=\"2026-04-28T12:18:30+00:00\" \/>\n<meta property=\"og:image\" content=\"https:\/\/1mal1japan.de\/wp-content\/uploads\/2025\/08\/Ssamjang_2.jpg\" \/>\n\t<meta property=\"og:image:width\" content=\"800\" \/>\n\t<meta property=\"og:image:height\" content=\"800\" \/>\n\t<meta property=\"og:image:type\" content=\"image\/jpeg\" \/>\n<script type=\"application\/ld+json\" class=\"yoast-schema-graph\">{\"@context\":\"https:\\\/\\\/schema.org\",\"@graph\":[{\"@type\":\"WebPage\",\"@id\":\"https:\\\/\\\/1mal1japan.de\\\/it\\\/produkt\\\/ssamjang-170-g-pasta-di-soia-coreana-delicata\\\/\",\"url\":\"https:\\\/\\\/1mal1japan.de\\\/it\\\/produkt\\\/ssamjang-170-g-pasta-di-soia-coreana-delicata\\\/\",\"name\":\"Ssamjang delicata 170 g | pasta di spezie coreana | per il Bulgogi\",\"isPartOf\":{\"@id\":\"https:\\\/\\\/1mal1japan.de\\\/it\\\/#website\"},\"primaryImageOfPage\":{\"@id\":\"https:\\\/\\\/1mal1japan.de\\\/it\\\/produkt\\\/ssamjang-170-g-pasta-di-soia-coreana-delicata\\\/#primaryimage\"},\"image\":{\"@id\":\"https:\\\/\\\/1mal1japan.de\\\/it\\\/produkt\\\/ssamjang-170-g-pasta-di-soia-coreana-delicata\\\/#primaryimage\"},\"thumbnailUrl\":\"https:\\\/\\\/1mal1japan.de\\\/wp-content\\\/uploads\\\/2025\\\/08\\\/Ssamjang_2.jpg\",\"datePublished\":\"2025-08-01T08:40:54+00:00\",\"dateModified\":\"2026-04-28T12:18:30+00:00\",\"description\":\"I\u27a1 Acquista Ssamjang \u2714 pasta di spezie coreana delicata \u2714 perfetta per barbecue, wrap e verdure \u2714 pronta da servire e versatile \u2714 consegna rapida!\",\"breadcrumb\":{\"@id\":\"https:\\\/\\\/1mal1japan.de\\\/it\\\/produkt\\\/ssamjang-170-g-pasta-di-soia-coreana-delicata\\\/#breadcrumb\"},\"inLanguage\":\"it-IT\",\"potentialAction\":[{\"@type\":\"ReadAction\",\"target\":[\"https:\\\/\\\/1mal1japan.de\\\/it\\\/produkt\\\/ssamjang-170-g-pasta-di-soia-coreana-delicata\\\/\"]}]},{\"@type\":\"ImageObject\",\"inLanguage\":\"it-IT\",\"@id\":\"https:\\\/\\\/1mal1japan.de\\\/it\\\/produkt\\\/ssamjang-170-g-pasta-di-soia-coreana-delicata\\\/#primaryimage\",\"url\":\"https:\\\/\\\/1mal1japan.de\\\/wp-content\\\/uploads\\\/2025\\\/08\\\/Ssamjang_2.jpg\",\"contentUrl\":\"https:\\\/\\\/1mal1japan.de\\\/wp-content\\\/uploads\\\/2025\\\/08\\\/Ssamjang_2.jpg\",\"width\":800,\"height\":800,\"caption\":\"Acquista Ssamjang\"},{\"@type\":\"BreadcrumbList\",\"@id\":\"https:\\\/\\\/1mal1japan.de\\\/it\\\/produkt\\\/ssamjang-170-g-pasta-di-soia-coreana-delicata\\\/#breadcrumb\",\"itemListElement\":[{\"@type\":\"ListItem\",\"position\":1,\"name\":\"Startseite\",\"item\":\"https:\\\/\\\/1mal1japan.de\\\/it\\\/\"},{\"@type\":\"ListItem\",\"position\":2,\"name\":\"Negozio\",\"item\":\"https:\\\/\\\/1mal1japan.de\\\/it\\\/shop\\\/\"},{\"@type\":\"ListItem\",\"position\":3,\"name\":\"Ssamjang 170 g, pasta di soia coreana (delicata)\"}]},{\"@type\":\"WebSite\",\"@id\":\"https:\\\/\\\/1mal1japan.de\\\/it\\\/#website\",\"url\":\"https:\\\/\\\/1mal1japan.de\\\/it\\\/\",\"name\":\"1mal1japan.de\",\"description\":\"japanisch kochen &amp; einkaufen\",\"publisher\":{\"@id\":\"https:\\\/\\\/1mal1japan.de\\\/it\\\/#\\\/schema\\\/person\\\/3b6eab913fce9065523e927d88b032b0\"},\"potentialAction\":[{\"@type\":\"SearchAction\",\"target\":{\"@type\":\"EntryPoint\",\"urlTemplate\":\"https:\\\/\\\/1mal1japan.de\\\/it\\\/?s={search_term_string}\"},\"query-input\":{\"@type\":\"PropertyValueSpecification\",\"valueRequired\":true,\"valueName\":\"search_term_string\"}}],\"inLanguage\":\"it-IT\"},{\"@type\":[\"Person\",\"Organization\"],\"@id\":\"https:\\\/\\\/1mal1japan.de\\\/it\\\/#\\\/schema\\\/person\\\/3b6eab913fce9065523e927d88b032b0\",\"name\":\"Elisa\",\"image\":{\"@type\":\"ImageObject\",\"inLanguage\":\"it-IT\",\"@id\":\"https:\\\/\\\/1mal1japan.de\\\/wp-content\\\/uploads\\\/2018\\\/09\\\/Profilbild_Elisa.png\",\"url\":\"https:\\\/\\\/1mal1japan.de\\\/wp-content\\\/uploads\\\/2018\\\/09\\\/Profilbild_Elisa.png\",\"contentUrl\":\"https:\\\/\\\/1mal1japan.de\\\/wp-content\\\/uploads\\\/2018\\\/09\\\/Profilbild_Elisa.png\",\"width\":200,\"height\":200,\"caption\":\"Elisa\"},\"logo\":{\"@id\":\"https:\\\/\\\/1mal1japan.de\\\/wp-content\\\/uploads\\\/2018\\\/09\\\/Profilbild_Elisa.png\"}}]}<\/script>\n<meta property=\"product:brand\" content=\"O&#039;Food\" \/>\n<meta property=\"product:price:amount\" content=\"1.69\" \/>\n<meta property=\"product:price:currency\" content=\"EUR\" \/>\n<meta property=\"og:availability\" content=\"instock\" \/>\n<meta property=\"product:availability\" content=\"instock\" \/>\n<meta property=\"product:retailer_item_id\" content=\"1192\" \/>\n<meta property=\"product:condition\" content=\"new\" \/>\n<!-- \/ Yoast SEO Premium plugin. -->","yoast_head_json":{"title":"Ssamjang delicata 170 g | pasta di spezie coreana | per il Bulgogi","description":"I\u27a1 Acquista Ssamjang \u2714 pasta di spezie coreana delicata \u2714 perfetta per barbecue, wrap e verdure \u2714 pronta da servire e versatile \u2714 consegna rapida!","robots":{"index":"index","follow":"follow","max-snippet":"max-snippet:-1","max-image-preview":"max-image-preview:large","max-video-preview":"max-video-preview:-1"},"canonical":"https:\/\/1mal1japan.de\/it\/produkt\/ssamjang-170-g-pasta-di-soia-coreana-delicata\/","og_locale":"it_IT","og_type":"article","og_title":"Ssamjang 170 g, pasta di soia coreana (delicata)","og_description":"Pasta di condimento coreana per barbecue, involtini e salse. Questa pasta Ssamjang di O\u2019Food \u00e8 una pasta di condimento fermentata, leggermente piccante, proveniente dalla Corea. \u00c8 ideale come salsa per gli ssam (involtini di insalata), il barbecue, le verdure o come base aromatica per salse e marinate.","og_url":"https:\/\/1mal1japan.de\/it\/produkt\/ssamjang-170-g-pasta-di-soia-coreana-delicata\/","og_site_name":"1mal1japan.de","article_modified_time":"2026-04-28T12:18:30+00:00","og_image":[{"width":800,"height":800,"url":"https:\/\/1mal1japan.de\/wp-content\/uploads\/2025\/08\/Ssamjang_2.jpg","type":"image\/jpeg"}],"schema":{"@context":"https:\/\/schema.org","@graph":[{"@type":"WebPage","@id":"https:\/\/1mal1japan.de\/it\/produkt\/ssamjang-170-g-pasta-di-soia-coreana-delicata\/","url":"https:\/\/1mal1japan.de\/it\/produkt\/ssamjang-170-g-pasta-di-soia-coreana-delicata\/","name":"Ssamjang delicata 170 g | pasta di spezie coreana | per il Bulgogi","isPartOf":{"@id":"https:\/\/1mal1japan.de\/it\/#website"},"primaryImageOfPage":{"@id":"https:\/\/1mal1japan.de\/it\/produkt\/ssamjang-170-g-pasta-di-soia-coreana-delicata\/#primaryimage"},"image":{"@id":"https:\/\/1mal1japan.de\/it\/produkt\/ssamjang-170-g-pasta-di-soia-coreana-delicata\/#primaryimage"},"thumbnailUrl":"https:\/\/1mal1japan.de\/wp-content\/uploads\/2025\/08\/Ssamjang_2.jpg","datePublished":"2025-08-01T08:40:54+00:00","dateModified":"2026-04-28T12:18:30+00:00","description":"I\u27a1 Acquista Ssamjang \u2714 pasta di spezie coreana delicata \u2714 perfetta per barbecue, wrap e verdure \u2714 pronta da servire e versatile \u2714 consegna rapida!","breadcrumb":{"@id":"https:\/\/1mal1japan.de\/it\/produkt\/ssamjang-170-g-pasta-di-soia-coreana-delicata\/#breadcrumb"},"inLanguage":"it-IT","potentialAction":[{"@type":"ReadAction","target":["https:\/\/1mal1japan.de\/it\/produkt\/ssamjang-170-g-pasta-di-soia-coreana-delicata\/"]}]},{"@type":"ImageObject","inLanguage":"it-IT","@id":"https:\/\/1mal1japan.de\/it\/produkt\/ssamjang-170-g-pasta-di-soia-coreana-delicata\/#primaryimage","url":"https:\/\/1mal1japan.de\/wp-content\/uploads\/2025\/08\/Ssamjang_2.jpg","contentUrl":"https:\/\/1mal1japan.de\/wp-content\/uploads\/2025\/08\/Ssamjang_2.jpg","width":800,"height":800,"caption":"Acquista Ssamjang"},{"@type":"BreadcrumbList","@id":"https:\/\/1mal1japan.de\/it\/produkt\/ssamjang-170-g-pasta-di-soia-coreana-delicata\/#breadcrumb","itemListElement":[{"@type":"ListItem","position":1,"name":"Startseite","item":"https:\/\/1mal1japan.de\/it\/"},{"@type":"ListItem","position":2,"name":"Negozio","item":"https:\/\/1mal1japan.de\/it\/shop\/"},{"@type":"ListItem","position":3,"name":"Ssamjang 170 g, pasta di soia coreana (delicata)"}]},{"@type":"WebSite","@id":"https:\/\/1mal1japan.de\/it\/#website","url":"https:\/\/1mal1japan.de\/it\/","name":"1mal1japan.de","description":"japanisch kochen &amp; einkaufen","publisher":{"@id":"https:\/\/1mal1japan.de\/it\/#\/schema\/person\/3b6eab913fce9065523e927d88b032b0"},"potentialAction":[{"@type":"SearchAction","target":{"@type":"EntryPoint","urlTemplate":"https:\/\/1mal1japan.de\/it\/?s={search_term_string}"},"query-input":{"@type":"PropertyValueSpecification","valueRequired":true,"valueName":"search_term_string"}}],"inLanguage":"it-IT"},{"@type":["Person","Organization"],"@id":"https:\/\/1mal1japan.de\/it\/#\/schema\/person\/3b6eab913fce9065523e927d88b032b0","name":"Elisa","image":{"@type":"ImageObject","inLanguage":"it-IT","@id":"https:\/\/1mal1japan.de\/wp-content\/uploads\/2018\/09\/Profilbild_Elisa.png","url":"https:\/\/1mal1japan.de\/wp-content\/uploads\/2018\/09\/Profilbild_Elisa.png","contentUrl":"https:\/\/1mal1japan.de\/wp-content\/uploads\/2018\/09\/Profilbild_Elisa.png","width":200,"height":200,"caption":"Elisa"},"logo":{"@id":"https:\/\/1mal1japan.de\/wp-content\/uploads\/2018\/09\/Profilbild_Elisa.png"}}]},"product_brand":"O'Food","product_price_amount":"1.69","product_price_currency":"EUR","og_availability":"instock","product_availability":"instock","product_retailer_item_id":"1192","product_condition":"new"},"uagb_featured_image_src":{"full":["https:\/\/1mal1japan.de\/wp-content\/uploads\/2025\/08\/Ssamjang_2.jpg",800,800,false],"thumbnail":["https:\/\/1mal1japan.de\/wp-content\/uploads\/2025\/08\/Ssamjang_2-150x150.jpg",150,150,true],"medium":["https:\/\/1mal1japan.de\/wp-content\/uploads\/2025\/08\/Ssamjang_2-300x300.jpg",300,300,true],"medium_large":["https:\/\/1mal1japan.de\/wp-content\/uploads\/2025\/08\/Ssamjang_2-768x768.jpg",768,768,true],"large":["https:\/\/1mal1japan.de\/wp-content\/uploads\/2025\/08\/Ssamjang_2.jpg",800,800,false],"1536x1536":["https:\/\/1mal1japan.de\/wp-content\/uploads\/2025\/08\/Ssamjang_2.jpg",800,800,false],"2048x2048":["https:\/\/1mal1japan.de\/wp-content\/uploads\/2025\/08\/Ssamjang_2.jpg",800,800,false],"woocommerce_thumbnail":["https:\/\/1mal1japan.de\/wp-content\/uploads\/2025\/08\/Ssamjang_2-600x600.jpg",600,600,true],"woocommerce_single":["https:\/\/1mal1japan.de\/wp-content\/uploads\/2025\/08\/Ssamjang_2.jpg",800,800,false],"woocommerce_gallery_thumbnail":["https:\/\/1mal1japan.de\/wp-content\/uploads\/2025\/08\/Ssamjang_2-100x100.jpg",100,100,true]},"uagb_author_info":{"display_name":"Elisa","author_link":"https:\/\/1mal1japan.de\/it\/author\/"},"uagb_comment_info":0,"uagb_excerpt":"Pasta di condimento coreana per barbecue, involtini e salse. Questa pasta Ssamjang di O\u2019Food \u00e8 una pasta di condimento fermentata, leggermente piccante, proveniente dalla Corea. \u00c8 ideale come salsa per gli ssam (involtini di insalata), il barbecue, le verdure o come base aromatica per salse e marinate.","_links":{"self":[{"href":"https:\/\/1mal1japan.de\/it\/wp-json\/wp\/v2\/product\/65031","targetHints":{"allow":["GET"]}}],"collection":[{"href":"https:\/\/1mal1japan.de\/it\/wp-json\/wp\/v2\/product"}],"about":[{"href":"https:\/\/1mal1japan.de\/it\/wp-json\/wp\/v2\/types\/product"}],"wp:featuredmedia":[{"embeddable":true,"href":"https:\/\/1mal1japan.de\/it\/wp-json\/wp\/v2\/media\/65033"}],"wp:attachment":[{"href":"https:\/\/1mal1japan.de\/it\/wp-json\/wp\/v2\/media?parent=65031"}],"wp:term":[{"taxonomy":"product_brand","embeddable":true,"href":"https:\/\/1mal1japan.de\/it\/wp-json\/wp\/v2\/product_brand?post=65031"},{"taxonomy":"product_cat","embeddable":true,"href":"https:\/\/1mal1japan.de\/it\/wp-json\/wp\/v2\/product_cat?post=65031"},{"taxonomy":"product_tag","embeddable":true,"href":"https:\/\/1mal1japan.de\/it\/wp-json\/wp\/v2\/product_tag?post=65031"}],"curies":[{"name":"wp","href":"https:\/\/api.w.org\/{rel}","templated":true}]}}