{"id":65131,"date":"2021-04-18T10:08:51","date_gmt":"2021-04-18T08:08:51","guid":{"rendered":"https:\/\/1mal1japan.de\/produkt\/stampi-per-onigiri-set-da-2-pezzi-stampi-triangolari-per-onigiri\/"},"modified":"2026-05-05T11:33:47","modified_gmt":"2026-05-05T09:33:47","slug":"stampi-per-onigiri-set-da-2-pezzi-stampi-triangolari-per-onigiri","status":"publish","type":"product","link":"https:\/\/1mal1japan.de\/it\/produkt\/stampi-per-onigiri-set-da-2-pezzi-stampi-triangolari-per-onigiri\/","title":{"rendered":"Stampi per Onigiri, set da 2 pezzi (stampi triangolari per Onigiri)"},"content":{"rendered":"\n<section class=\"wp-block-uagb-section uagb-section__wrap uagb-section__background-color uagb-block-e7668c4a\"><div class=\"uagb-section__overlay\"><\/div><div class=\"uagb-section__inner-wrap\">\n<p>\u2705 la scelta migliore per Onigiri perfetti<br\/>\u2705 fantastico utensile da cucina dal Giappone<br\/>\u2705 set di 2 stampi per riso in due misure<br\/>\u2705 lavabile in lavastoviglie<br\/>\u2705 provenienza autentica, direttamente dal Giappone<\/p>\n<\/div><\/section>\n\n<p><strong>Psssstttt&#8230; ti svelo un segreto gelosamente custodito! Come fanno i giapponesi a realizzare dei triangoli di riso perfetti? Certo, alcuni hanno semplicemente fatto pratica e modellano gli Onigiri facilmente con le mani. Ma molti altri conoscono un trucco: usano semplicemente uno stampo per Onigiri!<\/strong><\/p>\n\n<p>In pratica, oggi in Giappone si trovano quasi esclusivamente onigiri triangolari. Il motivo \u00e8 semplice: negli anni &#8217;80 la domanda di onigiri in Giappone \u00e8 cresciuta improvvisamente e le possibilit\u00e0 tecniche sono migliorate costantemente, per cui in quel periodo la meccanizzazione della produzione di onigiri era del tutto logica.<\/p>\n\n<p>Le palline di riso rotonde arrotolate a mano, fino ad allora molto diffuse, non potevano essere imitate dalla macchina sviluppata. Al contrario, i tre angoli erano molto pi\u00f9 pratici per la produzione, il confezionamento e il trasporto. E i giapponesi hanno continuato cos\u00ec fino ad oggi!<\/p>\n\n<p><em>A proposito, puoi trovare ulteriori informazioni sulla produzione degli onigiri nel nostro articolo dedicato all&#8217;argomento <a href=\"https:\/\/1mal1japan.de\/herzhafte-snacks\/onigiri\/\">Onigiri.<\/a><\/em><\/p>\n\n<p><strong>Vuoi preparare anche tu degli Onigiri perfetti e deliziosi? Allora non potrai fare a meno di questi stampi per Onigiri!<\/strong> <strong>Da noi ne riceverai addirittura due: uno grande e uno piccolo in un set da 2 (per Onigiri delle dimensioni di 7 cm x 4,2 cm e 5,9 cm x 3,8 cm).<\/strong><\/p>\n\n<h2 class=\"wp-block-heading\" id=\"h-das-kannst-du-damit-kochen\">Ecco cosa puoi cucinare con questi stampi:<\/h2>\n\n<p><strong>Vuoi cucinare in vero stile giapponese con questi stampi per onigiri? <\/strong>Allora non perderti le nostre ricette pi\u00f9 amate:<\/p>\n\n\t\t\t<div class=\"wp-block-uagb-post-grid uagb-post-grid  uagb-post__image-position-top uagb-post__image-enabled uagb-block-27b66334     uagb-post__items uagb-post__columns-2 is-grid uagb-post__columns-tablet-2 uagb-post__columns-mobile-2 uagb-post__equal-height\" data-total=\"0\" style=\"\">\n\n\t\t\t\t\t\t\t\t\t<p class=\"uagb-post__no-posts\">\n\t\t\t\t\t\tNo post found!\t\t\t\t\t<\/p>\n\t\t\t\t\t\t\t\t<\/div>\n\t\t\t\n<div style=\"height:20px\" aria-hidden=\"true\" class=\"wp-block-spacer\"><\/div>\n\n<h2 class=\"wp-block-heading\" id=\"h-deine-vorteile-und-unser-versprechen\">I tuoi vantaggi e la nostra promessa:<\/h2>\n\n<section class=\"wp-block-uagb-section uagb-section__wrap uagb-section__background-color uagb-block-85f7e9d2\"><div class=\"uagb-section__overlay\"><\/div><div class=\"uagb-section__inner-wrap\">\n<p>\u2764\ufe0f <strong>Veloce, semplice e affidabile:<\/strong> I clienti ci adorano! Con 4,9 stelle su 5 su Shopvote &#8211; dai un&#8217;occhiata <a href=\"https:\/\/www.shopvote.de\/bewertung_1mal1japan_de_23342.html\">qui alle recensioni dei nostri clienti<\/a>!<\/p>\n<\/div><\/section>\n\n<div style=\"height:20px\" aria-hidden=\"true\" class=\"wp-block-spacer\"><\/div>\n\n<section class=\"wp-block-uagb-section uagb-section__wrap uagb-section__background-color uagb-block-9e748e26\"><div class=\"uagb-section__overlay\"><\/div><div class=\"uagb-section__inner-wrap\">\n<p>\ud83c\udf31 <strong>Acquisti sostenibili:<\/strong> Spedizioni a impatto zero, imballaggi ecologici, fatture digitali di default.<\/p>\n<\/div><\/section>\n\n<div style=\"height:20px\" aria-hidden=\"true\" class=\"wp-block-spacer\"><\/div>\n\n<section class=\"wp-block-uagb-section uagb-section__wrap uagb-section__background-color uagb-block-11f9fc83\"><div class=\"uagb-section__overlay\"><\/div><div class=\"uagb-section__inner-wrap\">\n<p><strong>\ud83d\udd12 Acquisti al 100% senza rischi:<\/strong> Nessun importo minimo d&#8217;ordine, spedizione gratuita in Germania a partire da 59 \u20ac di spesa + diritto di recesso di 30 giorni con reso gratuito.<\/p>\n<\/div><\/section>\n\n<div style=\"height:20px\" aria-hidden=\"true\" class=\"wp-block-spacer\"><\/div>\n\n<section class=\"wp-block-uagb-section uagb-section__wrap uagb-section__background-color uagb-block-5b55bd83\"><div class=\"uagb-section__overlay\"><\/div><div class=\"uagb-section__inner-wrap\">\n<p>\ud83e\udd62 <strong>I migliori ingredienti per la tua esperienza culinaria e gustativa: <\/strong>Prodotti selezionati a mano che ci convincono personalmente in base a quattro criteri: (1) gusto, (2) autenticit\u00e0, (3) prezzo e (4) disponibilit\u00e0.<\/p>\n<\/div><\/section>\n\n<div style=\"height:20px\" aria-hidden=\"true\" class=\"wp-block-spacer\"><\/div>\n\n<section class=\"wp-block-uagb-section uagb-section__wrap uagb-section__background-color uagb-block-94ed5912\"><div class=\"uagb-section__overlay\"><\/div><div class=\"uagb-section__inner-wrap\">\n<p>\ud83d\udc4d <strong>Approfitta della nostra pluriennale esperienza<\/strong>: 1mal1japan.de esiste gi\u00e0 dal 2016. Da allora abbiamo avuto il piacere di accogliere milioni di visitatori sul nostro blog e nel nostro Shop e di servire oltre 50.000 clienti soddisfatti. Grazie di cuore a tutti i lettori e ai fan!<\/p>\n<\/div><\/section>\n","protected":false},"excerpt":{"rendered":"<p>Vuoi preparare Onigiri visivamente perfetti e deliziosi? Allora non potrai fare a meno di questi stampi per Onigiri! Da noi riceverai addirittura due stampi per riso: uno grande e uno piccolo in un pratico set da 2 pezzi!<\/p>\n","protected":false},"featured_media":65136,"template":"","meta":{"_uag_custom_page_level_css":"","site-sidebar-layout":"default","site-content-layout":"default","ast-site-content-layout":"default","site-content-style":"default","site-sidebar-style":"default","ast-global-header-display":"","ast-banner-title-visibility":"","ast-main-header-display":"","ast-hfb-above-header-display":"","ast-hfb-below-header-display":"","ast-hfb-mobile-header-display":"","site-post-title":"","ast-breadcrumbs-content":"","ast-featured-img":"","footer-sml-layout":"","ast-disable-related-posts":"","theme-transparent-header-meta":"default","adv-header-id-meta":"","stick-header-meta":"default","header-above-stick-meta":"","header-main-stick-meta":"","header-below-stick-meta":"","astra-migrate-meta-layouts":"default","ast-page-background-enabled":"default","ast-page-background-meta":{"desktop":{"background-color":"","background-image":"","background-repeat":"repeat","background-position":"center center","background-size":"auto","background-attachment":"scroll","background-type":"","background-media":"","overlay-type":"","overlay-color":"","overlay-opacity":"","overlay-gradient":""},"tablet":{"background-color":"","background-image":"","background-repeat":"repeat","background-position":"center center","background-size":"auto","background-attachment":"scroll","background-type":"","background-media":"","overlay-type":"","overlay-color":"","overlay-opacity":"","overlay-gradient":""},"mobile":{"background-color":"","background-image":"","background-repeat":"repeat","background-position":"center center","background-size":"auto","background-attachment":"scroll","background-type":"","background-media":"","overlay-type":"","overlay-color":"","overlay-opacity":"","overlay-gradient":""}},"ast-content-background-meta":{"desktop":{"background-color":"var(--ast-global-color-5)","background-image":"","background-repeat":"repeat","background-position":"center center","background-size":"auto","background-attachment":"scroll","background-type":"","background-media":"","overlay-type":"","overlay-color":"","overlay-opacity":"","overlay-gradient":""},"tablet":{"background-color":"var(--ast-global-color-5)","background-image":"","background-repeat":"repeat","background-position":"center center","background-size":"auto","background-attachment":"scroll","background-type":"","background-media":"","overlay-type":"","overlay-color":"","overlay-opacity":"","overlay-gradient":""},"mobile":{"background-color":"var(--ast-global-color-5)","background-image":"","background-repeat":"repeat","background-position":"center center","background-size":"auto","background-attachment":"scroll","background-type":"","background-media":"","overlay-type":"","overlay-color":"","overlay-opacity":"","overlay-gradient":""}}},"product_brand":[],"product_cat":[1558,1557,1624],"product_tag":[1570],"class_list":{"0":"post-65131","1":"product","2":"type-product","3":"status-publish","4":"has-post-thumbnail","6":"product_cat-made-in-japan","7":"product_cat-tutti-i-prodotti","8":"product_cat-utensilien-zubehoer","9":"product_tag-onigiri","10":"desktop-align-left","11":"tablet-align-left","12":"mobile-align-left","13":"ast-product-gallery-layout-horizontal-slider","14":"ast-magnify-disabled","15":"ast-product-tabs-layout-horizontal","17":"first","18":"instock","19":"taxable","20":"shipping-taxable","21":"purchasable","22":"product-type-simple"},"yoast_head":"<!-- This site is optimized with the Yoast SEO Premium plugin v27.5 (Yoast SEO v27.5) - https:\/\/yoast.com\/product\/yoast-seo-premium-wordpress\/ -->\n<title>Stampi per Onigiri in set da 2, ordinabili su 1mal1japan<\/title>\n<meta name=\"description\" content=\"I\u27a1 Acquista stampi per Onigiri \u2714 triangolari | in set da 2 | facile preparazione degli Onigiri \u2714 autentici stampi per riso dal Giappone \u2714 consegna veloce!\" \/>\n<meta name=\"robots\" content=\"index, follow, max-snippet:-1, max-image-preview:large, max-video-preview:-1\" \/>\n<link rel=\"canonical\" href=\"https:\/\/1mal1japan.de\/it\/produkt\/stampi-per-onigiri-set-da-2-pezzi-stampi-triangolari-per-onigiri\/\" \/>\n<meta property=\"og:locale\" content=\"it_IT\" \/>\n<meta property=\"og:type\" content=\"article\" \/>\n<meta property=\"og:title\" content=\"Stampi per Onigiri, set da 2 pezzi (stampi triangolari per Onigiri)\" \/>\n<meta property=\"og:description\" content=\"Vuoi preparare Onigiri visivamente perfetti e deliziosi? Allora non potrai fare a meno di questi stampi per Onigiri! Da noi riceverai addirittura due stampi per riso: uno grande e uno piccolo in un pratico set da 2 pezzi!\" \/>\n<meta property=\"og:url\" content=\"https:\/\/1mal1japan.de\/it\/produkt\/stampi-per-onigiri-set-da-2-pezzi-stampi-triangolari-per-onigiri\/\" \/>\n<meta property=\"og:site_name\" content=\"1mal1japan.de\" \/>\n<meta property=\"article:modified_time\" content=\"2026-05-05T09:33:47+00:00\" \/>\n<meta property=\"og:image\" content=\"https:\/\/1mal1japan.de\/wp-content\/uploads\/2021\/04\/Reisformer-neu.jpg\" \/>\n\t<meta property=\"og:image:width\" content=\"800\" \/>\n\t<meta property=\"og:image:height\" content=\"800\" \/>\n\t<meta property=\"og:image:type\" content=\"image\/jpeg\" \/>\n<script type=\"application\/ld+json\" class=\"yoast-schema-graph\">{\"@context\":\"https:\\\/\\\/schema.org\",\"@graph\":[{\"@type\":\"WebPage\",\"@id\":\"https:\\\/\\\/1mal1japan.de\\\/it\\\/produkt\\\/stampi-per-onigiri-set-da-2-pezzi-stampi-triangolari-per-onigiri\\\/\",\"url\":\"https:\\\/\\\/1mal1japan.de\\\/it\\\/produkt\\\/stampi-per-onigiri-set-da-2-pezzi-stampi-triangolari-per-onigiri\\\/\",\"name\":\"Stampi per Onigiri in set da 2, ordinabili su 1mal1japan\",\"isPartOf\":{\"@id\":\"https:\\\/\\\/1mal1japan.de\\\/it\\\/#website\"},\"primaryImageOfPage\":{\"@id\":\"https:\\\/\\\/1mal1japan.de\\\/it\\\/produkt\\\/stampi-per-onigiri-set-da-2-pezzi-stampi-triangolari-per-onigiri\\\/#primaryimage\"},\"image\":{\"@id\":\"https:\\\/\\\/1mal1japan.de\\\/it\\\/produkt\\\/stampi-per-onigiri-set-da-2-pezzi-stampi-triangolari-per-onigiri\\\/#primaryimage\"},\"thumbnailUrl\":\"https:\\\/\\\/1mal1japan.de\\\/wp-content\\\/uploads\\\/2021\\\/04\\\/Reisformer-neu.jpg\",\"datePublished\":\"2021-04-18T08:08:51+00:00\",\"dateModified\":\"2026-05-05T09:33:47+00:00\",\"description\":\"I\u27a1 Acquista stampi per Onigiri \u2714 triangolari | in set da 2 | facile preparazione degli Onigiri \u2714 autentici stampi per riso dal Giappone \u2714 consegna veloce!\",\"breadcrumb\":{\"@id\":\"https:\\\/\\\/1mal1japan.de\\\/it\\\/produkt\\\/stampi-per-onigiri-set-da-2-pezzi-stampi-triangolari-per-onigiri\\\/#breadcrumb\"},\"inLanguage\":\"it-IT\",\"potentialAction\":[{\"@type\":\"ReadAction\",\"target\":[\"https:\\\/\\\/1mal1japan.de\\\/it\\\/produkt\\\/stampi-per-onigiri-set-da-2-pezzi-stampi-triangolari-per-onigiri\\\/\"]}]},{\"@type\":\"ImageObject\",\"inLanguage\":\"it-IT\",\"@id\":\"https:\\\/\\\/1mal1japan.de\\\/it\\\/produkt\\\/stampi-per-onigiri-set-da-2-pezzi-stampi-triangolari-per-onigiri\\\/#primaryimage\",\"url\":\"https:\\\/\\\/1mal1japan.de\\\/wp-content\\\/uploads\\\/2021\\\/04\\\/Reisformer-neu.jpg\",\"contentUrl\":\"https:\\\/\\\/1mal1japan.de\\\/wp-content\\\/uploads\\\/2021\\\/04\\\/Reisformer-neu.jpg\",\"width\":800,\"height\":800,\"caption\":\"Stampo per Onigiri, 2 pezzi (stampo per Onigiri triangolare)\"},{\"@type\":\"BreadcrumbList\",\"@id\":\"https:\\\/\\\/1mal1japan.de\\\/it\\\/produkt\\\/stampi-per-onigiri-set-da-2-pezzi-stampi-triangolari-per-onigiri\\\/#breadcrumb\",\"itemListElement\":[{\"@type\":\"ListItem\",\"position\":1,\"name\":\"Startseite\",\"item\":\"https:\\\/\\\/1mal1japan.de\\\/it\\\/\"},{\"@type\":\"ListItem\",\"position\":2,\"name\":\"Negozio\",\"item\":\"https:\\\/\\\/1mal1japan.de\\\/it\\\/shop\\\/\"},{\"@type\":\"ListItem\",\"position\":3,\"name\":\"Stampi per Onigiri, set da 2 pezzi (stampi triangolari per Onigiri)\"}]},{\"@type\":\"WebSite\",\"@id\":\"https:\\\/\\\/1mal1japan.de\\\/it\\\/#website\",\"url\":\"https:\\\/\\\/1mal1japan.de\\\/it\\\/\",\"name\":\"1mal1japan.de\",\"description\":\"japanisch kochen &amp; einkaufen\",\"publisher\":{\"@id\":\"https:\\\/\\\/1mal1japan.de\\\/it\\\/#\\\/schema\\\/person\\\/3b6eab913fce9065523e927d88b032b0\"},\"potentialAction\":[{\"@type\":\"SearchAction\",\"target\":{\"@type\":\"EntryPoint\",\"urlTemplate\":\"https:\\\/\\\/1mal1japan.de\\\/it\\\/?s={search_term_string}\"},\"query-input\":{\"@type\":\"PropertyValueSpecification\",\"valueRequired\":true,\"valueName\":\"search_term_string\"}}],\"inLanguage\":\"it-IT\"},{\"@type\":[\"Person\",\"Organization\"],\"@id\":\"https:\\\/\\\/1mal1japan.de\\\/it\\\/#\\\/schema\\\/person\\\/3b6eab913fce9065523e927d88b032b0\",\"name\":\"Elisa\",\"image\":{\"@type\":\"ImageObject\",\"inLanguage\":\"it-IT\",\"@id\":\"https:\\\/\\\/1mal1japan.de\\\/wp-content\\\/uploads\\\/2018\\\/09\\\/Profilbild_Elisa.png\",\"url\":\"https:\\\/\\\/1mal1japan.de\\\/wp-content\\\/uploads\\\/2018\\\/09\\\/Profilbild_Elisa.png\",\"contentUrl\":\"https:\\\/\\\/1mal1japan.de\\\/wp-content\\\/uploads\\\/2018\\\/09\\\/Profilbild_Elisa.png\",\"width\":200,\"height\":200,\"caption\":\"Elisa\"},\"logo\":{\"@id\":\"https:\\\/\\\/1mal1japan.de\\\/wp-content\\\/uploads\\\/2018\\\/09\\\/Profilbild_Elisa.png\"}}]}<\/script>\n<meta property=\"product:brand\" content=\"Kokubo\" \/>\n<meta property=\"product:price:amount\" content=\"1.49\" \/>\n<meta property=\"product:price:currency\" content=\"EUR\" \/>\n<meta property=\"og:availability\" content=\"instock\" \/>\n<meta property=\"product:availability\" content=\"instock\" \/>\n<meta property=\"product:retailer_item_id\" content=\"1037\" \/>\n<meta property=\"product:condition\" content=\"new\" \/>\n<!-- \/ Yoast SEO Premium plugin. -->","yoast_head_json":{"title":"Stampi per Onigiri in set da 2, ordinabili su 1mal1japan","description":"I\u27a1 Acquista stampi per Onigiri \u2714 triangolari | in set da 2 | facile preparazione degli Onigiri \u2714 autentici stampi per riso dal Giappone \u2714 consegna veloce!","robots":{"index":"index","follow":"follow","max-snippet":"max-snippet:-1","max-image-preview":"max-image-preview:large","max-video-preview":"max-video-preview:-1"},"canonical":"https:\/\/1mal1japan.de\/it\/produkt\/stampi-per-onigiri-set-da-2-pezzi-stampi-triangolari-per-onigiri\/","og_locale":"it_IT","og_type":"article","og_title":"Stampi per Onigiri, set da 2 pezzi (stampi triangolari per Onigiri)","og_description":"Vuoi preparare Onigiri visivamente perfetti e deliziosi? Allora non potrai fare a meno di questi stampi per Onigiri! Da noi riceverai addirittura due stampi per riso: uno grande e uno piccolo in un pratico set da 2 pezzi!","og_url":"https:\/\/1mal1japan.de\/it\/produkt\/stampi-per-onigiri-set-da-2-pezzi-stampi-triangolari-per-onigiri\/","og_site_name":"1mal1japan.de","article_modified_time":"2026-05-05T09:33:47+00:00","og_image":[{"width":800,"height":800,"url":"https:\/\/1mal1japan.de\/wp-content\/uploads\/2021\/04\/Reisformer-neu.jpg","type":"image\/jpeg"}],"schema":{"@context":"https:\/\/schema.org","@graph":[{"@type":"WebPage","@id":"https:\/\/1mal1japan.de\/it\/produkt\/stampi-per-onigiri-set-da-2-pezzi-stampi-triangolari-per-onigiri\/","url":"https:\/\/1mal1japan.de\/it\/produkt\/stampi-per-onigiri-set-da-2-pezzi-stampi-triangolari-per-onigiri\/","name":"Stampi per Onigiri in set da 2, ordinabili su 1mal1japan","isPartOf":{"@id":"https:\/\/1mal1japan.de\/it\/#website"},"primaryImageOfPage":{"@id":"https:\/\/1mal1japan.de\/it\/produkt\/stampi-per-onigiri-set-da-2-pezzi-stampi-triangolari-per-onigiri\/#primaryimage"},"image":{"@id":"https:\/\/1mal1japan.de\/it\/produkt\/stampi-per-onigiri-set-da-2-pezzi-stampi-triangolari-per-onigiri\/#primaryimage"},"thumbnailUrl":"https:\/\/1mal1japan.de\/wp-content\/uploads\/2021\/04\/Reisformer-neu.jpg","datePublished":"2021-04-18T08:08:51+00:00","dateModified":"2026-05-05T09:33:47+00:00","description":"I\u27a1 Acquista stampi per Onigiri \u2714 triangolari | in set da 2 | facile preparazione degli Onigiri \u2714 autentici stampi per riso dal Giappone \u2714 consegna veloce!","breadcrumb":{"@id":"https:\/\/1mal1japan.de\/it\/produkt\/stampi-per-onigiri-set-da-2-pezzi-stampi-triangolari-per-onigiri\/#breadcrumb"},"inLanguage":"it-IT","potentialAction":[{"@type":"ReadAction","target":["https:\/\/1mal1japan.de\/it\/produkt\/stampi-per-onigiri-set-da-2-pezzi-stampi-triangolari-per-onigiri\/"]}]},{"@type":"ImageObject","inLanguage":"it-IT","@id":"https:\/\/1mal1japan.de\/it\/produkt\/stampi-per-onigiri-set-da-2-pezzi-stampi-triangolari-per-onigiri\/#primaryimage","url":"https:\/\/1mal1japan.de\/wp-content\/uploads\/2021\/04\/Reisformer-neu.jpg","contentUrl":"https:\/\/1mal1japan.de\/wp-content\/uploads\/2021\/04\/Reisformer-neu.jpg","width":800,"height":800,"caption":"Stampo per Onigiri, 2 pezzi (stampo per Onigiri triangolare)"},{"@type":"BreadcrumbList","@id":"https:\/\/1mal1japan.de\/it\/produkt\/stampi-per-onigiri-set-da-2-pezzi-stampi-triangolari-per-onigiri\/#breadcrumb","itemListElement":[{"@type":"ListItem","position":1,"name":"Startseite","item":"https:\/\/1mal1japan.de\/it\/"},{"@type":"ListItem","position":2,"name":"Negozio","item":"https:\/\/1mal1japan.de\/it\/shop\/"},{"@type":"ListItem","position":3,"name":"Stampi per Onigiri, set da 2 pezzi (stampi triangolari per Onigiri)"}]},{"@type":"WebSite","@id":"https:\/\/1mal1japan.de\/it\/#website","url":"https:\/\/1mal1japan.de\/it\/","name":"1mal1japan.de","description":"japanisch kochen &amp; einkaufen","publisher":{"@id":"https:\/\/1mal1japan.de\/it\/#\/schema\/person\/3b6eab913fce9065523e927d88b032b0"},"potentialAction":[{"@type":"SearchAction","target":{"@type":"EntryPoint","urlTemplate":"https:\/\/1mal1japan.de\/it\/?s={search_term_string}"},"query-input":{"@type":"PropertyValueSpecification","valueRequired":true,"valueName":"search_term_string"}}],"inLanguage":"it-IT"},{"@type":["Person","Organization"],"@id":"https:\/\/1mal1japan.de\/it\/#\/schema\/person\/3b6eab913fce9065523e927d88b032b0","name":"Elisa","image":{"@type":"ImageObject","inLanguage":"it-IT","@id":"https:\/\/1mal1japan.de\/wp-content\/uploads\/2018\/09\/Profilbild_Elisa.png","url":"https:\/\/1mal1japan.de\/wp-content\/uploads\/2018\/09\/Profilbild_Elisa.png","contentUrl":"https:\/\/1mal1japan.de\/wp-content\/uploads\/2018\/09\/Profilbild_Elisa.png","width":200,"height":200,"caption":"Elisa"},"logo":{"@id":"https:\/\/1mal1japan.de\/wp-content\/uploads\/2018\/09\/Profilbild_Elisa.png"}}]},"product_brand":"Kokubo","product_price_amount":"1.49","product_price_currency":"EUR","og_availability":"instock","product_availability":"instock","product_retailer_item_id":"1037","product_condition":"new"},"uagb_featured_image_src":{"full":["https:\/\/1mal1japan.de\/wp-content\/uploads\/2021\/04\/Reisformer-neu.jpg",800,800,false],"thumbnail":["https:\/\/1mal1japan.de\/wp-content\/uploads\/2021\/04\/Reisformer-neu-150x150.jpg",150,150,true],"medium":["https:\/\/1mal1japan.de\/wp-content\/uploads\/2021\/04\/Reisformer-neu-300x300.jpg",300,300,true],"medium_large":["https:\/\/1mal1japan.de\/wp-content\/uploads\/2021\/04\/Reisformer-neu-768x768.jpg",768,768,true],"large":["https:\/\/1mal1japan.de\/wp-content\/uploads\/2021\/04\/Reisformer-neu.jpg",800,800,false],"1536x1536":["https:\/\/1mal1japan.de\/wp-content\/uploads\/2021\/04\/Reisformer-neu.jpg",800,800,false],"2048x2048":["https:\/\/1mal1japan.de\/wp-content\/uploads\/2021\/04\/Reisformer-neu.jpg",800,800,false],"woocommerce_thumbnail":["https:\/\/1mal1japan.de\/wp-content\/uploads\/2021\/04\/Reisformer-neu-600x600.jpg",600,600,true],"woocommerce_single":["https:\/\/1mal1japan.de\/wp-content\/uploads\/2021\/04\/Reisformer-neu.jpg",800,800,false],"woocommerce_gallery_thumbnail":["https:\/\/1mal1japan.de\/wp-content\/uploads\/2021\/04\/Reisformer-neu-100x100.jpg",100,100,true]},"uagb_author_info":{"display_name":"kiwi19901","author_link":"https:\/\/1mal1japan.de\/it\/author\/"},"uagb_comment_info":0,"uagb_excerpt":"Vuoi preparare Onigiri visivamente perfetti e deliziosi? Allora non potrai fare a meno di questi stampi per Onigiri! Da noi riceverai addirittura due stampi per riso: uno grande e uno piccolo in un pratico set da 2 pezzi!","_links":{"self":[{"href":"https:\/\/1mal1japan.de\/it\/wp-json\/wp\/v2\/product\/65131","targetHints":{"allow":["GET"]}}],"collection":[{"href":"https:\/\/1mal1japan.de\/it\/wp-json\/wp\/v2\/product"}],"about":[{"href":"https:\/\/1mal1japan.de\/it\/wp-json\/wp\/v2\/types\/product"}],"wp:featuredmedia":[{"embeddable":true,"href":"https:\/\/1mal1japan.de\/it\/wp-json\/wp\/v2\/media\/65136"}],"wp:attachment":[{"href":"https:\/\/1mal1japan.de\/it\/wp-json\/wp\/v2\/media?parent=65131"}],"wp:term":[{"taxonomy":"product_brand","embeddable":true,"href":"https:\/\/1mal1japan.de\/it\/wp-json\/wp\/v2\/product_brand?post=65131"},{"taxonomy":"product_cat","embeddable":true,"href":"https:\/\/1mal1japan.de\/it\/wp-json\/wp\/v2\/product_cat?post=65131"},{"taxonomy":"product_tag","embeddable":true,"href":"https:\/\/1mal1japan.de\/it\/wp-json\/wp\/v2\/product_tag?post=65131"}],"curies":[{"name":"wp","href":"https:\/\/api.w.org\/{rel}","templated":true}]}}