{"id":65142,"date":"2026-04-08T13:17:03","date_gmt":"2026-04-08T11:17:03","guid":{"rendered":"https:\/\/1mal1japan.de\/produkt\/aceto-chinkiang-250-ml-aceto-di-riso-nero-cinese\/"},"modified":"2026-04-28T14:19:19","modified_gmt":"2026-04-28T12:19:19","slug":"aceto-chinkiang-250-ml-aceto-di-riso-nero-cinese","status":"publish","type":"product","link":"https:\/\/1mal1japan.de\/it\/produkt\/aceto-chinkiang-250-ml-aceto-di-riso-nero-cinese\/","title":{"rendered":"Aceto Chinkiang 250 ml (aceto di riso nero cinese)"},"content":{"rendered":"\n<section class=\"wp-block-uagb-section uagb-section__wrap uagb-section__background-color uagb-block-5d3ee7eb\"><div class=\"uagb-section__overlay\"><\/div><div class=\"uagb-section__inner-wrap\">\n<p class=\"has-ast-global-color-5-color has-text-color has-link-color wp-elements-4632b68bb1cc34f222fc34609519778a\">\u2705 Aceto di riso nero tradizionale dalla Cina<br\/>\u2705 Delicatamente acidulo con una leggera nota maltata<br\/>\u2705 Ideale per ravioli, salse e piatti al wok<br\/>\u2705 Versatile per marinate e salse<br\/>\u2705 Un classico della cucina cinese<\/p>\n<\/div><\/section>\n\n<h2 class=\"wp-block-heading\" id=\"wissen\">Cos&#8217;\u00e8 l&#8217;aceto Chinkiang?<\/h2>\n\n<p>L&#8217;aceto Chinkiang \u00e8 un aceto di riso nero tradizionale cinese proveniente dalla provincia di Jiangsu. \u00c8 prodotto con riso glutinoso fermentato ed \u00e8 uno dei tipi di aceto pi\u00f9 importanti della cucina cinese.<\/p>\n\n<h3 class=\"wp-block-heading\" id=\"geschmack\">Che sapore ha l&#8217;aceto Chinkiang?<\/h3>\n\n<p>Il sapore \u00e8 delicatamente acidulo con una nota leggermente dolce e maltata. Rispetto all&#8217;aceto chiaro, risulta pi\u00f9 rotondo e meno pungente, il che lo rende particolarmente adatto per insaporire i piatti.<\/p>\n\n<h2 class=\"wp-block-heading\" id=\"verwendung\">Per cosa posso usare l&#8217;aceto Chinkiang?<\/h2>\n\n<p>Viene spesso utilizzato come salsa di accompagnamento per gli gnocchi, ma si abbina bene anche a piatti preparati nel wok, zuppe e marinate. Sviluppa appieno il suo aroma soprattutto in combinazione con la salsa di soia e l&#8217;olio di sesamo.<\/p>\n\n<h3 class=\"wp-block-heading\" id=\"rezepte\">Ecco cosa puoi cucinare con questo ingrediente:<\/h3>\n\n<p>Puoi utilizzarlo direttamente come salsa o incorporarlo in salse e condimenti. Spesso viene abbinato a salsa di soia, olio al peperoncino o aglio.<\/p>\n\n\t\t\t<div class=\"wp-block-uagb-post-grid uagb-post-grid  uagb-post__image-position-top uagb-post__image-enabled uagb-block-27b66334     uagb-post__items uagb-post__columns-2 is-grid uagb-post__columns-tablet-2 uagb-post__columns-mobile-2 uagb-post__equal-height\" data-total=\"1\" style=\"\">\n\n\t\t\t\t\t\t\t\t\t\t\t\t<article class=\"uagb-post__inner-wrap\">\t\t\t\t\t\t\t\t<div class='uagb-post__image'>\n\t\t\t\t\t\t\t\t\t<a href=\"https:\/\/1mal1japan.de\/it\/asiatische-rezepte\/preparare-il-pollo-gong-bao-il-classico-pollo-kung-pao-della-cucina-del-sichuan-con-arachidi-e-peperoncino\/\" target=\"_self\" rel=\"bookmark noopener noreferrer\" class='uagb-image-ratio-inherit'><img decoding=\"async\" width=\"1024\" height=\"683\" src=\"https:\/\/1mal1japan.de\/wp-content\/uploads\/2026\/01\/Gong-Bao-Chicken-Titelbild-1024x683.jpg\" class=\"attachment-large size-large\" alt=\"Immagine di copertina del pollo Gong Bao\" srcset=\"https:\/\/1mal1japan.de\/wp-content\/uploads\/2026\/01\/Gong-Bao-Chicken-Titelbild-1024x683.jpg 1024w, https:\/\/1mal1japan.de\/wp-content\/uploads\/2026\/01\/Gong-Bao-Chicken-Titelbild-300x200.jpg 300w, https:\/\/1mal1japan.de\/wp-content\/uploads\/2026\/01\/Gong-Bao-Chicken-Titelbild-768x512.jpg 768w, https:\/\/1mal1japan.de\/wp-content\/uploads\/2026\/01\/Gong-Bao-Chicken-Titelbild.jpg 1200w\" sizes=\"(max-width: 1024px) 100vw, 1024px\" \/>\t\t\t\t\t<\/a>\n\t\t\t\t\t\t\t<\/div>\n\t\t\t\t\t\t<p class=\"uagb-post__title uagb-post__text\">\n\t\t\t\t<a href=\"https:\/\/1mal1japan.de\/it\/asiatische-rezepte\/preparare-il-pollo-gong-bao-il-classico-pollo-kung-pao-della-cucina-del-sichuan-con-arachidi-e-peperoncino\/\" target=\"_self\" rel=\"bookmark noopener noreferrer\">Preparare il pollo Gong Bao: il classico pollo Kung Pao della cucina del Sichuan con arachidi e peperoncino<\/a>\n\t\t\t<\/p>\n\t\t\t\t\t\t<div class='uagb-post__text uagb-post-grid-byline'>\n\t\t\t\t\t\t\t\t<time datetime=\"2026-01-29T10:30:29+01:00\" class=\"uagb-post__date\">\n\t\t\t\t<span class=\"dashicons-calendar dashicons\"><\/span>\t\t\t\t\t29. Gennaio 2026\t\t\t\t<\/time>\n\t\t\t\t\t\t<\/div>\n\t\t\t\t\t\t<div class=\"uagb-post__text uagb-post__cta wp-block-button\">\n\t\t\t\t<a class=\"wp-block-button__link uagb-text-link\" style=\"\" href=\"https:\/\/1mal1japan.de\/it\/asiatische-rezepte\/preparare-il-pollo-gong-bao-il-classico-pollo-kung-pao-della-cucina-del-sichuan-con-arachidi-e-peperoncino\/\" target=\"_self\" rel=\"bookmark noopener noreferrer\">\u279f Vai alla ricetta<\/a>\n\t\t\t<\/div>\n\t\t\t\n\t\t\t\t\t\t\t\t\t<\/article>\n\t\t\t\t\t\t\t\t\t\t\t\t\t\t\t\t<article class=\"uagb-post__inner-wrap\">\t\t\t\t\t\t\t\t<div class='uagb-post__image'>\n\t\t\t\t\t\t\t\t\t<a href=\"https:\/\/1mal1japan.de\/it\/asiatische-rezepte\/zuppa-di-pechino-preparare-in-casa-la-suan-la-tang-zuppa-cinese-agrodolce\/\" target=\"_self\" rel=\"bookmark noopener noreferrer\" class='uagb-image-ratio-inherit'><img decoding=\"async\" width=\"1024\" height=\"683\" src=\"https:\/\/1mal1japan.de\/wp-content\/uploads\/2026\/01\/Pekingsuppe-Titelbild-1024x683.jpg\" class=\"attachment-large size-large\" alt=\"Immagine di copertina della zuppa di Pechino\" srcset=\"https:\/\/1mal1japan.de\/wp-content\/uploads\/2026\/01\/Pekingsuppe-Titelbild-1024x683.jpg 1024w, https:\/\/1mal1japan.de\/wp-content\/uploads\/2026\/01\/Pekingsuppe-Titelbild-300x200.jpg 300w, https:\/\/1mal1japan.de\/wp-content\/uploads\/2026\/01\/Pekingsuppe-Titelbild-768x512.jpg 768w, https:\/\/1mal1japan.de\/wp-content\/uploads\/2026\/01\/Pekingsuppe-Titelbild.jpg 1200w\" sizes=\"(max-width: 1024px) 100vw, 1024px\" \/>\t\t\t\t\t<\/a>\n\t\t\t\t\t\t\t<\/div>\n\t\t\t\t\t\t<p class=\"uagb-post__title uagb-post__text\">\n\t\t\t\t<a href=\"https:\/\/1mal1japan.de\/it\/asiatische-rezepte\/zuppa-di-pechino-preparare-in-casa-la-suan-la-tang-zuppa-cinese-agrodolce\/\" target=\"_self\" rel=\"bookmark noopener noreferrer\">Zuppa di Pechino: preparare in casa la Suan La Tang | zuppa cinese agrodolce<\/a>\n\t\t\t<\/p>\n\t\t\t\t\t\t<div class='uagb-post__text uagb-post-grid-byline'>\n\t\t\t\t\t\t\t\t<time datetime=\"2026-01-15T06:01:00+01:00\" class=\"uagb-post__date\">\n\t\t\t\t<span class=\"dashicons-calendar dashicons\"><\/span>\t\t\t\t\t15. Gennaio 2026\t\t\t\t<\/time>\n\t\t\t\t\t\t<\/div>\n\t\t\t\t\t\t<div class=\"uagb-post__text uagb-post__cta wp-block-button\">\n\t\t\t\t<a class=\"wp-block-button__link uagb-text-link\" style=\"\" href=\"https:\/\/1mal1japan.de\/it\/asiatische-rezepte\/zuppa-di-pechino-preparare-in-casa-la-suan-la-tang-zuppa-cinese-agrodolce\/\" target=\"_self\" rel=\"bookmark noopener noreferrer\">\u279f Vai alla ricetta<\/a>\n\t\t\t<\/div>\n\t\t\t\n\t\t\t\t\t\t\t\t\t<\/article>\n\t\t\t\t\t\t\t\t\t\t\t<\/div>\n\t\t\t\n<div style=\"height:20px\" aria-hidden=\"true\" class=\"wp-block-spacer\"><\/div>\n\n<h3 class=\"wp-block-heading\" id=\"besonderheiten\">Cosa rende speciale questo aceto?<\/h3>\n\n<p>La fermentazione tradizionale conferisce un gusto complesso e profondo. A differenza degli aceti occidentali, \u00e8 meno aggressivo e si integra armoniosamente in molti piatti.<\/p>\n\n<h2 class=\"wp-block-heading\" id=\"lagerung\">Come conservare l&#8217;aceto?<\/h2>\n\n<p>L&#8217;aceto va conservato in un luogo fresco, asciutto e al riparo dalla luce diretta del sole. Una volta aperto, richiudere bene il contenitore per preservarne l&#8217;aroma.<\/p>\n\n<h2 class=\"wp-block-heading\" id=\"vorteile\">I tuoi vantaggi e la nostra promessa:<\/h2>\n\n<section class=\"wp-block-uagb-section uagb-section__wrap uagb-section__background-color uagb-block-85f7e9d2\"><div class=\"uagb-section__overlay\"><\/div><div class=\"uagb-section__inner-wrap\">\n<p>\u2764\ufe0f <strong>Veloce, semplice e affidabile:<\/strong> I clienti ci adorano! Con 4,9 stelle su 5 su Shopvote &#8211; dai un&#8217;occhiata <a href=\"https:\/\/www.shopvote.de\/bewertung_1mal1japan_de_23342.html\">qui alle recensioni dei nostri clienti<\/a>!<\/p>\n<\/div><\/section>\n\n<div style=\"height:20px\" aria-hidden=\"true\" class=\"wp-block-spacer\"><\/div>\n\n<section class=\"wp-block-uagb-section uagb-section__wrap uagb-section__background-color uagb-block-9e748e26\"><div class=\"uagb-section__overlay\"><\/div><div class=\"uagb-section__inner-wrap\">\n<p>\ud83c\udf31 <strong>Acquisti sostenibili:<\/strong> Spedizioni a impatto zero, imballaggi ecologici, fatture digitali di default.<\/p>\n<\/div><\/section>\n\n<div style=\"height:20px\" aria-hidden=\"true\" class=\"wp-block-spacer\"><\/div>\n\n<section class=\"wp-block-uagb-section uagb-section__wrap uagb-section__background-color uagb-block-11f9fc83\"><div class=\"uagb-section__overlay\"><\/div><div class=\"uagb-section__inner-wrap\">\n<p><strong>\ud83d\udd12 Acquisti al 100% senza rischi:<\/strong> Nessun importo minimo d&#8217;ordine, spedizione gratuita in Germania a partire da 59 \u20ac di spesa + diritto di recesso di 30 giorni con reso gratuito.<\/p>\n<\/div><\/section>\n\n<div style=\"height:20px\" aria-hidden=\"true\" class=\"wp-block-spacer\"><\/div>\n\n<section class=\"wp-block-uagb-section uagb-section__wrap uagb-section__background-color uagb-block-5b55bd83\"><div class=\"uagb-section__overlay\"><\/div><div class=\"uagb-section__inner-wrap\">\n<p>\ud83e\udd62 <strong>I migliori ingredienti per la tua esperienza culinaria e gustativa: <\/strong>Prodotti selezionati a mano che ci convincono personalmente in base a quattro criteri: (1) gusto, (2) autenticit\u00e0, (3) prezzo e (4) disponibilit\u00e0.<\/p>\n<\/div><\/section>\n\n<div style=\"height:20px\" aria-hidden=\"true\" class=\"wp-block-spacer\"><\/div>\n\n<section class=\"wp-block-uagb-section uagb-section__wrap uagb-section__background-color uagb-block-94ed5912\"><div class=\"uagb-section__overlay\"><\/div><div class=\"uagb-section__inner-wrap\">\n<p>\ud83d\udc4d <strong>Approfitta della nostra pluriennale esperienza<\/strong>: 1mal1japan.de esiste gi\u00e0 dal 2016. Da allora abbiamo avuto il piacere di accogliere milioni di visitatori sul nostro blog e nel nostro Shop e di servire oltre 50.000 clienti soddisfatti. Grazie di cuore a tutti i lettori e ai fan!<\/p>\n<\/div><\/section>\n","protected":false},"excerpt":{"rendered":"<p><strong>Aceto di riso nero cinese per salse, condimenti e piatti al wok.<\/strong><\/p>\n<p>Questo aceto Chinkiang di Heng Shun \u00e8 un tradizionale aceto di riso nero cinese dall&#8217;aroma delicatamente acidulo e leggermente maltato. \u00c8 ideale per ravioli, salse, marinate e piatti asiatici classici.<\/p>\n","protected":false},"featured_media":65143,"template":"","meta":{"_uag_custom_page_level_css":"","site-sidebar-layout":"default","site-content-layout":"default","ast-site-content-layout":"default","site-content-style":"default","site-sidebar-style":"default","ast-global-header-display":"","ast-banner-title-visibility":"","ast-main-header-display":"","ast-hfb-above-header-display":"","ast-hfb-below-header-display":"","ast-hfb-mobile-header-display":"","site-post-title":"","ast-breadcrumbs-content":"","ast-featured-img":"","footer-sml-layout":"","ast-disable-related-posts":"","theme-transparent-header-meta":"default","adv-header-id-meta":"","stick-header-meta":"default","header-above-stick-meta":"","header-main-stick-meta":"","header-below-stick-meta":"","astra-migrate-meta-layouts":"default","ast-page-background-enabled":"default","ast-page-background-meta":{"desktop":{"background-color":"","background-image":"","background-repeat":"repeat","background-position":"center center","background-size":"auto","background-attachment":"scroll","background-type":"","background-media":"","overlay-type":"","overlay-color":"","overlay-opacity":"","overlay-gradient":""},"tablet":{"background-color":"","background-image":"","background-repeat":"repeat","background-position":"center center","background-size":"auto","background-attachment":"scroll","background-type":"","background-media":"","overlay-type":"","overlay-color":"","overlay-opacity":"","overlay-gradient":""},"mobile":{"background-color":"","background-image":"","background-repeat":"repeat","background-position":"center center","background-size":"auto","background-attachment":"scroll","background-type":"","background-media":"","overlay-type":"","overlay-color":"","overlay-opacity":"","overlay-gradient":""}},"ast-content-background-meta":{"desktop":{"background-color":"var(--ast-global-color-5)","background-image":"","background-repeat":"repeat","background-position":"center center","background-size":"auto","background-attachment":"scroll","background-type":"","background-media":"","overlay-type":"","overlay-color":"","overlay-opacity":"","overlay-gradient":""},"tablet":{"background-color":"var(--ast-global-color-5)","background-image":"","background-repeat":"repeat","background-position":"center center","background-size":"auto","background-attachment":"scroll","background-type":"","background-media":"","overlay-type":"","overlay-color":"","overlay-opacity":"","overlay-gradient":""},"mobile":{"background-color":"var(--ast-global-color-5)","background-image":"","background-repeat":"repeat","background-position":"center center","background-size":"auto","background-attachment":"scroll","background-type":"","background-media":"","overlay-type":"","overlay-color":"","overlay-opacity":"","overlay-gradient":""}}},"product_brand":[],"product_cat":[1558,1617,1556,1557],"product_tag":[],"class_list":{"0":"post-65142","1":"product","2":"type-product","3":"status-publish","4":"has-post-thumbnail","6":"product_cat-made-in-japan","7":"product_cat-neuheiten","8":"product_cat-olio-aceto-paste-e-salse","9":"product_cat-tutti-i-prodotti","10":"desktop-align-left","11":"tablet-align-left","12":"mobile-align-left","13":"ast-product-gallery-layout-horizontal-slider","14":"ast-magnify-disabled","15":"ast-product-tabs-layout-horizontal","17":"first","18":"instock","19":"taxable","20":"shipping-taxable","21":"purchasable","22":"product-type-simple"},"yoast_head":"<!-- This site is optimized with the Yoast SEO Premium plugin v27.4 (Yoast SEO v27.4) - https:\/\/yoast.com\/product\/yoast-seo-premium-wordpress\/ -->\n<title>Acquista aceto Chinkiang 250 ml \u2013 aceto di riso nero Heng Shun<\/title>\n<meta name=\"description\" content=\"I\u27a1 Aceto Chinkiang \u2714 aceto di riso nero \u2714 delicato e maltato \u2714 ideale per ravioli, salse e wok \u2714 Heng Shun 250 ml \u2714 consegna rapida!\" \/>\n<meta name=\"robots\" content=\"index, follow, max-snippet:-1, max-image-preview:large, max-video-preview:-1\" \/>\n<link rel=\"canonical\" href=\"https:\/\/1mal1japan.de\/it\/produkt\/aceto-chinkiang-250-ml-aceto-di-riso-nero-cinese\/\" \/>\n<meta property=\"og:locale\" content=\"it_IT\" \/>\n<meta property=\"og:type\" content=\"article\" \/>\n<meta property=\"og:title\" content=\"Aceto Chinkiang 250 ml (aceto di riso nero cinese)\" \/>\n<meta property=\"og:description\" content=\"Aceto di riso nero cinese per salse, condimenti e piatti al wok. Questo aceto Chinkiang di Heng Shun \u00e8 un tradizionale aceto di riso nero cinese dall&#039;aroma delicatamente acidulo e leggermente maltato. \u00c8 ideale per ravioli, salse, marinate e piatti asiatici classici.\" \/>\n<meta property=\"og:url\" content=\"https:\/\/1mal1japan.de\/it\/produkt\/aceto-chinkiang-250-ml-aceto-di-riso-nero-cinese\/\" \/>\n<meta property=\"og:site_name\" content=\"1mal1japan.de\" \/>\n<meta property=\"article:modified_time\" content=\"2026-04-28T12:19:19+00:00\" \/>\n<meta property=\"og:image\" content=\"https:\/\/1mal1japan.de\/wp-content\/uploads\/2026\/04\/Chinkiang-Essig-1.jpg\" \/>\n\t<meta property=\"og:image:width\" content=\"800\" \/>\n\t<meta property=\"og:image:height\" content=\"800\" \/>\n\t<meta property=\"og:image:type\" content=\"image\/jpeg\" \/>\n<script type=\"application\/ld+json\" class=\"yoast-schema-graph\">{\"@context\":\"https:\\\/\\\/schema.org\",\"@graph\":[{\"@type\":\"WebPage\",\"@id\":\"https:\\\/\\\/1mal1japan.de\\\/it\\\/produkt\\\/aceto-chinkiang-250-ml-aceto-di-riso-nero-cinese\\\/\",\"url\":\"https:\\\/\\\/1mal1japan.de\\\/it\\\/produkt\\\/aceto-chinkiang-250-ml-aceto-di-riso-nero-cinese\\\/\",\"name\":\"Acquista aceto Chinkiang 250 ml \u2013 aceto di riso nero Heng Shun\",\"isPartOf\":{\"@id\":\"https:\\\/\\\/1mal1japan.de\\\/it\\\/#website\"},\"primaryImageOfPage\":{\"@id\":\"https:\\\/\\\/1mal1japan.de\\\/it\\\/produkt\\\/aceto-chinkiang-250-ml-aceto-di-riso-nero-cinese\\\/#primaryimage\"},\"image\":{\"@id\":\"https:\\\/\\\/1mal1japan.de\\\/it\\\/produkt\\\/aceto-chinkiang-250-ml-aceto-di-riso-nero-cinese\\\/#primaryimage\"},\"thumbnailUrl\":\"https:\\\/\\\/1mal1japan.de\\\/wp-content\\\/uploads\\\/2026\\\/04\\\/Chinkiang-Essig-1.jpg\",\"datePublished\":\"2026-04-08T11:17:03+00:00\",\"dateModified\":\"2026-04-28T12:19:19+00:00\",\"description\":\"I\u27a1 Aceto Chinkiang \u2714 aceto di riso nero \u2714 delicato e maltato \u2714 ideale per ravioli, salse e wok \u2714 Heng Shun 250 ml \u2714 consegna rapida!\",\"breadcrumb\":{\"@id\":\"https:\\\/\\\/1mal1japan.de\\\/it\\\/produkt\\\/aceto-chinkiang-250-ml-aceto-di-riso-nero-cinese\\\/#breadcrumb\"},\"inLanguage\":\"it-IT\",\"potentialAction\":[{\"@type\":\"ReadAction\",\"target\":[\"https:\\\/\\\/1mal1japan.de\\\/it\\\/produkt\\\/aceto-chinkiang-250-ml-aceto-di-riso-nero-cinese\\\/\"]}]},{\"@type\":\"ImageObject\",\"inLanguage\":\"it-IT\",\"@id\":\"https:\\\/\\\/1mal1japan.de\\\/it\\\/produkt\\\/aceto-chinkiang-250-ml-aceto-di-riso-nero-cinese\\\/#primaryimage\",\"url\":\"https:\\\/\\\/1mal1japan.de\\\/wp-content\\\/uploads\\\/2026\\\/04\\\/Chinkiang-Essig-1.jpg\",\"contentUrl\":\"https:\\\/\\\/1mal1japan.de\\\/wp-content\\\/uploads\\\/2026\\\/04\\\/Chinkiang-Essig-1.jpg\",\"width\":800,\"height\":800,\"caption\":\"Acquista aceto Chinkiang 250 ml \u2013 aceto di riso nero Heng Shun\"},{\"@type\":\"BreadcrumbList\",\"@id\":\"https:\\\/\\\/1mal1japan.de\\\/it\\\/produkt\\\/aceto-chinkiang-250-ml-aceto-di-riso-nero-cinese\\\/#breadcrumb\",\"itemListElement\":[{\"@type\":\"ListItem\",\"position\":1,\"name\":\"Startseite\",\"item\":\"https:\\\/\\\/1mal1japan.de\\\/it\\\/\"},{\"@type\":\"ListItem\",\"position\":2,\"name\":\"Negozio\",\"item\":\"https:\\\/\\\/1mal1japan.de\\\/it\\\/shop\\\/\"},{\"@type\":\"ListItem\",\"position\":3,\"name\":\"Aceto Chinkiang 250 ml (aceto di riso nero cinese)\"}]},{\"@type\":\"WebSite\",\"@id\":\"https:\\\/\\\/1mal1japan.de\\\/it\\\/#website\",\"url\":\"https:\\\/\\\/1mal1japan.de\\\/it\\\/\",\"name\":\"1mal1japan.de\",\"description\":\"japanisch kochen &amp; einkaufen\",\"publisher\":{\"@id\":\"https:\\\/\\\/1mal1japan.de\\\/it\\\/#\\\/schema\\\/person\\\/3b6eab913fce9065523e927d88b032b0\"},\"potentialAction\":[{\"@type\":\"SearchAction\",\"target\":{\"@type\":\"EntryPoint\",\"urlTemplate\":\"https:\\\/\\\/1mal1japan.de\\\/it\\\/?s={search_term_string}\"},\"query-input\":{\"@type\":\"PropertyValueSpecification\",\"valueRequired\":true,\"valueName\":\"search_term_string\"}}],\"inLanguage\":\"it-IT\"},{\"@type\":[\"Person\",\"Organization\"],\"@id\":\"https:\\\/\\\/1mal1japan.de\\\/it\\\/#\\\/schema\\\/person\\\/3b6eab913fce9065523e927d88b032b0\",\"name\":\"Elisa\",\"image\":{\"@type\":\"ImageObject\",\"inLanguage\":\"it-IT\",\"@id\":\"https:\\\/\\\/1mal1japan.de\\\/wp-content\\\/uploads\\\/2018\\\/09\\\/Profilbild_Elisa.png\",\"url\":\"https:\\\/\\\/1mal1japan.de\\\/wp-content\\\/uploads\\\/2018\\\/09\\\/Profilbild_Elisa.png\",\"contentUrl\":\"https:\\\/\\\/1mal1japan.de\\\/wp-content\\\/uploads\\\/2018\\\/09\\\/Profilbild_Elisa.png\",\"width\":200,\"height\":200,\"caption\":\"Elisa\"},\"logo\":{\"@id\":\"https:\\\/\\\/1mal1japan.de\\\/wp-content\\\/uploads\\\/2018\\\/09\\\/Profilbild_Elisa.png\"}}]}<\/script>\n<meta property=\"product:brand\" content=\"Heng Shun\" \/>\n<meta property=\"product:price:amount\" content=\"2.29\" \/>\n<meta property=\"product:price:currency\" content=\"EUR\" \/>\n<meta property=\"og:availability\" content=\"instock\" \/>\n<meta property=\"product:availability\" content=\"instock\" \/>\n<meta property=\"product:retailer_item_id\" content=\"1213\" \/>\n<meta property=\"product:condition\" content=\"new\" \/>\n<!-- \/ Yoast SEO Premium plugin. -->","yoast_head_json":{"title":"Acquista aceto Chinkiang 250 ml \u2013 aceto di riso nero Heng Shun","description":"I\u27a1 Aceto Chinkiang \u2714 aceto di riso nero \u2714 delicato e maltato \u2714 ideale per ravioli, salse e wok \u2714 Heng Shun 250 ml \u2714 consegna rapida!","robots":{"index":"index","follow":"follow","max-snippet":"max-snippet:-1","max-image-preview":"max-image-preview:large","max-video-preview":"max-video-preview:-1"},"canonical":"https:\/\/1mal1japan.de\/it\/produkt\/aceto-chinkiang-250-ml-aceto-di-riso-nero-cinese\/","og_locale":"it_IT","og_type":"article","og_title":"Aceto Chinkiang 250 ml (aceto di riso nero cinese)","og_description":"Aceto di riso nero cinese per salse, condimenti e piatti al wok. Questo aceto Chinkiang di Heng Shun \u00e8 un tradizionale aceto di riso nero cinese dall'aroma delicatamente acidulo e leggermente maltato. \u00c8 ideale per ravioli, salse, marinate e piatti asiatici classici.","og_url":"https:\/\/1mal1japan.de\/it\/produkt\/aceto-chinkiang-250-ml-aceto-di-riso-nero-cinese\/","og_site_name":"1mal1japan.de","article_modified_time":"2026-04-28T12:19:19+00:00","og_image":[{"width":800,"height":800,"url":"https:\/\/1mal1japan.de\/wp-content\/uploads\/2026\/04\/Chinkiang-Essig-1.jpg","type":"image\/jpeg"}],"schema":{"@context":"https:\/\/schema.org","@graph":[{"@type":"WebPage","@id":"https:\/\/1mal1japan.de\/it\/produkt\/aceto-chinkiang-250-ml-aceto-di-riso-nero-cinese\/","url":"https:\/\/1mal1japan.de\/it\/produkt\/aceto-chinkiang-250-ml-aceto-di-riso-nero-cinese\/","name":"Acquista aceto Chinkiang 250 ml \u2013 aceto di riso nero Heng Shun","isPartOf":{"@id":"https:\/\/1mal1japan.de\/it\/#website"},"primaryImageOfPage":{"@id":"https:\/\/1mal1japan.de\/it\/produkt\/aceto-chinkiang-250-ml-aceto-di-riso-nero-cinese\/#primaryimage"},"image":{"@id":"https:\/\/1mal1japan.de\/it\/produkt\/aceto-chinkiang-250-ml-aceto-di-riso-nero-cinese\/#primaryimage"},"thumbnailUrl":"https:\/\/1mal1japan.de\/wp-content\/uploads\/2026\/04\/Chinkiang-Essig-1.jpg","datePublished":"2026-04-08T11:17:03+00:00","dateModified":"2026-04-28T12:19:19+00:00","description":"I\u27a1 Aceto Chinkiang \u2714 aceto di riso nero \u2714 delicato e maltato \u2714 ideale per ravioli, salse e wok \u2714 Heng Shun 250 ml \u2714 consegna rapida!","breadcrumb":{"@id":"https:\/\/1mal1japan.de\/it\/produkt\/aceto-chinkiang-250-ml-aceto-di-riso-nero-cinese\/#breadcrumb"},"inLanguage":"it-IT","potentialAction":[{"@type":"ReadAction","target":["https:\/\/1mal1japan.de\/it\/produkt\/aceto-chinkiang-250-ml-aceto-di-riso-nero-cinese\/"]}]},{"@type":"ImageObject","inLanguage":"it-IT","@id":"https:\/\/1mal1japan.de\/it\/produkt\/aceto-chinkiang-250-ml-aceto-di-riso-nero-cinese\/#primaryimage","url":"https:\/\/1mal1japan.de\/wp-content\/uploads\/2026\/04\/Chinkiang-Essig-1.jpg","contentUrl":"https:\/\/1mal1japan.de\/wp-content\/uploads\/2026\/04\/Chinkiang-Essig-1.jpg","width":800,"height":800,"caption":"Acquista aceto Chinkiang 250 ml \u2013 aceto di riso nero Heng Shun"},{"@type":"BreadcrumbList","@id":"https:\/\/1mal1japan.de\/it\/produkt\/aceto-chinkiang-250-ml-aceto-di-riso-nero-cinese\/#breadcrumb","itemListElement":[{"@type":"ListItem","position":1,"name":"Startseite","item":"https:\/\/1mal1japan.de\/it\/"},{"@type":"ListItem","position":2,"name":"Negozio","item":"https:\/\/1mal1japan.de\/it\/shop\/"},{"@type":"ListItem","position":3,"name":"Aceto Chinkiang 250 ml (aceto di riso nero cinese)"}]},{"@type":"WebSite","@id":"https:\/\/1mal1japan.de\/it\/#website","url":"https:\/\/1mal1japan.de\/it\/","name":"1mal1japan.de","description":"japanisch kochen &amp; einkaufen","publisher":{"@id":"https:\/\/1mal1japan.de\/it\/#\/schema\/person\/3b6eab913fce9065523e927d88b032b0"},"potentialAction":[{"@type":"SearchAction","target":{"@type":"EntryPoint","urlTemplate":"https:\/\/1mal1japan.de\/it\/?s={search_term_string}"},"query-input":{"@type":"PropertyValueSpecification","valueRequired":true,"valueName":"search_term_string"}}],"inLanguage":"it-IT"},{"@type":["Person","Organization"],"@id":"https:\/\/1mal1japan.de\/it\/#\/schema\/person\/3b6eab913fce9065523e927d88b032b0","name":"Elisa","image":{"@type":"ImageObject","inLanguage":"it-IT","@id":"https:\/\/1mal1japan.de\/wp-content\/uploads\/2018\/09\/Profilbild_Elisa.png","url":"https:\/\/1mal1japan.de\/wp-content\/uploads\/2018\/09\/Profilbild_Elisa.png","contentUrl":"https:\/\/1mal1japan.de\/wp-content\/uploads\/2018\/09\/Profilbild_Elisa.png","width":200,"height":200,"caption":"Elisa"},"logo":{"@id":"https:\/\/1mal1japan.de\/wp-content\/uploads\/2018\/09\/Profilbild_Elisa.png"}}]},"product_brand":"Heng Shun","product_price_amount":"2.29","product_price_currency":"EUR","og_availability":"instock","product_availability":"instock","product_retailer_item_id":"1213","product_condition":"new"},"uagb_featured_image_src":{"full":["https:\/\/1mal1japan.de\/wp-content\/uploads\/2026\/04\/Chinkiang-Essig-1.jpg",800,800,false],"thumbnail":["https:\/\/1mal1japan.de\/wp-content\/uploads\/2026\/04\/Chinkiang-Essig-1-150x150.jpg",150,150,true],"medium":["https:\/\/1mal1japan.de\/wp-content\/uploads\/2026\/04\/Chinkiang-Essig-1-300x300.jpg",300,300,true],"medium_large":["https:\/\/1mal1japan.de\/wp-content\/uploads\/2026\/04\/Chinkiang-Essig-1-768x768.jpg",768,768,true],"large":["https:\/\/1mal1japan.de\/wp-content\/uploads\/2026\/04\/Chinkiang-Essig-1.jpg",800,800,false],"1536x1536":["https:\/\/1mal1japan.de\/wp-content\/uploads\/2026\/04\/Chinkiang-Essig-1.jpg",800,800,false],"2048x2048":["https:\/\/1mal1japan.de\/wp-content\/uploads\/2026\/04\/Chinkiang-Essig-1.jpg",800,800,false],"woocommerce_thumbnail":["https:\/\/1mal1japan.de\/wp-content\/uploads\/2026\/04\/Chinkiang-Essig-1-600x600.jpg",600,600,true],"woocommerce_single":["https:\/\/1mal1japan.de\/wp-content\/uploads\/2026\/04\/Chinkiang-Essig-1.jpg",800,800,false],"woocommerce_gallery_thumbnail":["https:\/\/1mal1japan.de\/wp-content\/uploads\/2026\/04\/Chinkiang-Essig-1-100x100.jpg",100,100,true]},"uagb_author_info":{"display_name":"Elisa","author_link":"https:\/\/1mal1japan.de\/it\/author\/"},"uagb_comment_info":0,"uagb_excerpt":"Aceto di riso nero cinese per salse, condimenti e piatti al wok. Questo aceto Chinkiang di Heng Shun \u00e8 un tradizionale aceto di riso nero cinese dall'aroma delicatamente acidulo e leggermente maltato. \u00c8 ideale per ravioli, salse, marinate e piatti asiatici classici.","_links":{"self":[{"href":"https:\/\/1mal1japan.de\/it\/wp-json\/wp\/v2\/product\/65142","targetHints":{"allow":["GET"]}}],"collection":[{"href":"https:\/\/1mal1japan.de\/it\/wp-json\/wp\/v2\/product"}],"about":[{"href":"https:\/\/1mal1japan.de\/it\/wp-json\/wp\/v2\/types\/product"}],"wp:featuredmedia":[{"embeddable":true,"href":"https:\/\/1mal1japan.de\/it\/wp-json\/wp\/v2\/media\/65143"}],"wp:attachment":[{"href":"https:\/\/1mal1japan.de\/it\/wp-json\/wp\/v2\/media?parent=65142"}],"wp:term":[{"taxonomy":"product_brand","embeddable":true,"href":"https:\/\/1mal1japan.de\/it\/wp-json\/wp\/v2\/product_brand?post=65142"},{"taxonomy":"product_cat","embeddable":true,"href":"https:\/\/1mal1japan.de\/it\/wp-json\/wp\/v2\/product_cat?post=65142"},{"taxonomy":"product_tag","embeddable":true,"href":"https:\/\/1mal1japan.de\/it\/wp-json\/wp\/v2\/product_tag?post=65142"}],"curies":[{"name":"wp","href":"https:\/\/api.w.org\/{rel}","templated":true}]}}