{"id":65186,"date":"2021-04-18T10:08:54","date_gmt":"2021-04-18T08:08:54","guid":{"rendered":"https:\/\/1mal1japan.de\/produkt\/fagioli-azuki-400-g-fagioli-rossi-secchi-per-anko-mochi-dango-e-dorayaki-three-coconut-tree\/"},"modified":"2026-05-01T14:53:33","modified_gmt":"2026-05-01T12:53:33","slug":"fagioli-azuki-400-g-fagioli-rossi-secchi-per-anko-mochi-dango-e-dorayaki-three-coconut-tree","status":"publish","type":"product","link":"https:\/\/1mal1japan.de\/it\/produkt\/fagioli-azuki-400-g-fagioli-rossi-secchi-per-anko-mochi-dango-e-dorayaki-three-coconut-tree\/","title":{"rendered":"Fagioli azuki 400 g (fagioli rossi secchi, per anko, Mochi, Dango e dorayaki), Three Coconut Tree"},"content":{"rendered":"\n<section class=\"wp-block-uagb-section uagb-section__wrap uagb-section__background-color uagb-block-2846869c\"><div class=\"uagb-section__overlay\"><\/div><div class=\"uagb-section__inner-wrap\">\n<p class=\"has-ast-global-color-5-color has-text-color has-link-color wp-elements-b1cf052ed760ecc39f7d7bad27ef3836\">\u2705Fagioli azuki secchi (fagioli rossi)<br\/>\u2705 Ideali per anko, Mochi, Dango e dorayaki<br\/>\u2705 Ingrediente classico della pasticceria giapponese<br\/>\u2705 Sapore delicato e leggermente nocciolato<br\/>\u2705 Versatili per piatti dolci e salati<\/p>\n<\/div><\/section>\n\n<h2 class=\"wp-block-heading\" id=\"wissen\">Cosa sono i fagioli azuki?<\/h2>\n\n<p>I fagioli azuki sono piccoli legumi rossi utilizzati soprattutto in Giappone, Cina e Corea. Nella cucina giapponese svolgono un ruolo importante nei dolci, poich\u00e9 costituiscono la base dell&#8217;anko, una pasta di fagioli dolce a base di fagioli azuki cotti e zucchero. I fagioli hanno una buccia sottile, una consistenza delicata e vengono utilizzati sia per piatti dolci che salati.<\/p>\n\n<h3 class=\"wp-block-heading\" id=\"geschmack\">Che sapore hanno i fagioli azuki?<\/h3>\n\n<p>I fagioli azuki hanno un sapore delicato, leggermente nocciolato, con una discreta dolcezza. Questo li rende particolarmente adatti ai dolci, senza risultare pesanti o invadenti. Durante la cottura diventano morbidi e cremosi, ma mantengono una consistenza piacevole. Queste caratteristiche li rendono ideali per la pasta di fagioli, i ripieni dolci o anche per semplici piatti a base di fagioli.<\/p>\n\n<div style=\"height:20px\" aria-hidden=\"true\" class=\"wp-block-spacer\"><\/div>\n\n<section class=\"wp-block-uagb-section uagb-section__wrap uagb-section__background-none uagb-block-6492d650\"><div class=\"uagb-section__overlay\"><\/div><div class=\"uagb-section__inner-wrap\">\n<section class=\"wp-block-uagb-section uagb-section__wrap uagb-section__background-none uagb-block-89760efc\"><div class=\"uagb-section__overlay\"><\/div><div class=\"uagb-section__inner-wrap\">\n<figure class=\"wp-block-image alignleft size-full is-resized\"><img decoding=\"async\" width=\"2000\" height=\"2000\" src=\"https:\/\/1mal1japan.de\/wp-content\/uploads\/2024\/01\/Logo-Onigiri-Reisball-2000px.png\" alt=\"\" class=\"wp-image-36793\" style=\"width:100px\" srcset=\"https:\/\/1mal1japan.de\/wp-content\/uploads\/2024\/01\/Logo-Onigiri-Reisball-2000px.png 2000w, https:\/\/1mal1japan.de\/wp-content\/uploads\/2024\/01\/Logo-Onigiri-Reisball-2000px-300x300.png 300w, https:\/\/1mal1japan.de\/wp-content\/uploads\/2024\/01\/Logo-Onigiri-Reisball-2000px-1024x1024.png 1024w, https:\/\/1mal1japan.de\/wp-content\/uploads\/2024\/01\/Logo-Onigiri-Reisball-2000px-150x150.png 150w, https:\/\/1mal1japan.de\/wp-content\/uploads\/2024\/01\/Logo-Onigiri-Reisball-2000px-768x768.png 768w, https:\/\/1mal1japan.de\/wp-content\/uploads\/2024\/01\/Logo-Onigiri-Reisball-2000px-1536x1536.png 1536w, https:\/\/1mal1japan.de\/wp-content\/uploads\/2024\/01\/Logo-Onigiri-Reisball-2000px-600x600.png 600w, https:\/\/1mal1japan.de\/wp-content\/uploads\/2024\/01\/Logo-Onigiri-Reisball-2000px-1200x1200.png 1200w, https:\/\/1mal1japan.de\/wp-content\/uploads\/2024\/01\/Logo-Onigiri-Reisball-2000px-100x100.png 100w\" sizes=\"(max-width: 2000px) 100vw, 2000px\" \/><\/figure>\n<\/div><\/section>\n\n\n\n<section class=\"wp-block-uagb-section uagb-section__wrap uagb-section__background-none uagb-block-6d656dd4\"><div class=\"uagb-section__overlay\"><\/div><div class=\"uagb-section__inner-wrap\">\n<h3 class=\"wp-block-heading has-text-align-left\" id=\"besonderheit\" style=\"margin-top:0px;margin-bottom:0px\">Cosa rende speciali i fagioli adzuki secchi?<\/h3>\n\n\n\n<p class=\"has-text-align-left\"><em>I fagioli adzuki secchi sono versatili e offrono un buon controllo sulla consistenza e sul gusto. Vengono cotti prima della preparazione, il che li rende morbidi e li rende successivamente lavorabili in pasta di fagioli. Rispetto alla pasta di fagioli gi\u00e0 pronta, la dolcezza pu\u00f2 essere regolata individualmente, il che \u00e8 particolarmente pratico per i dessert o i ripieni.<\/em><\/p>\n<\/div><\/section>\n<\/div><\/section>\n\n<div style=\"height:20px\" aria-hidden=\"true\" class=\"wp-block-spacer\"><\/div>\n\n<h2 class=\"wp-block-heading\" id=\"verwendung\">Per cosa si usano i fagioli azuki?<\/h2>\n\n<p>I fagioli azuki sono noti soprattutto come base per l&#8217;anko, una pasta di fagioli dolce utilizzata in molti dolci giapponesi. Esempi tipici sono i Mochi, i dorayaki, i Dango o i taiyaki. Inoltre, possono essere utilizzati anche in zuppe, piatti a base di riso o dessert. Grazie al loro sapore delicato, si abbinano bene con lo zucchero, il Matcha o la farina di riso.<\/p>\n\n<h3 class=\"wp-block-heading\" id=\"rezepte\">Ecco cosa puoi cucinare con questi fagioli:<\/h3>\n\n\t\t\t<div class=\"wp-block-uagb-post-grid uagb-post-grid  uagb-post__image-position-top uagb-post__image-enabled uagb-block-27b66334     uagb-post__items uagb-post__columns-2 is-grid uagb-post__columns-tablet-2 uagb-post__columns-mobile-2 uagb-post__equal-height\" data-total=\"0\" style=\"\">\n\n\t\t\t\t\t\t\t\t\t<p class=\"uagb-post__no-posts\">\n\t\t\t\t\t\tNo post found!\t\t\t\t\t<\/p>\n\t\t\t\t\t\t\t\t<\/div>\n\t\t\t\n<div style=\"height:20px\" aria-hidden=\"true\" class=\"wp-block-spacer\"><\/div>\n\n<h3 class=\"wp-block-heading\" id=\"zubereitung\">Come si preparano i fagioli adzuki?<\/h3>\n\n<p>Prima dell&#8217;uso, i fagioli vanno lavati e poi lessati in acqua finch\u00e9 non diventano morbidi. A seconda della ricetta, possono poi essere zuccherati, frullati o lavorati ulteriormente. Per l&#8217;anko classico, vengono cotti con lo zucchero fino a ottenere una pasta densa. I fagioli cotti si possono anche congelare e riutilizzare in seguito.<\/p>\n\n<h2 class=\"wp-block-heading\" id=\"haltbarkeit-und-lagerung\">Conservazione e durata:<\/h2>\n\n<p>I fagioli adzuki secchi si conservano a lungo e non necessitano di refrigerazione. Basta tenerli in un luogo asciutto e al riparo dalla luce: sono ideali da tenere in dispensa per idee di cucina o pasticceria spontanee.<\/p>\n\n<h2 class=\"wp-block-heading\" id=\"h-deine-vorteile-und-unser-versprechen\">I tuoi vantaggi e la nostra promessa:<\/h2>\n\n<section class=\"wp-block-uagb-section uagb-section__wrap uagb-section__background-color uagb-block-85f7e9d2\"><div class=\"uagb-section__overlay\"><\/div><div class=\"uagb-section__inner-wrap\">\n<p>\u2764\ufe0f <strong>Veloce, semplice e affidabile:<\/strong> I clienti ci adorano! Con 4,9 stelle su 5 su Shopvote &#8211; dai un&#8217;occhiata <a href=\"https:\/\/www.shopvote.de\/bewertung_1mal1japan_de_23342.html\">qui alle recensioni dei nostri clienti<\/a>!<\/p>\n<\/div><\/section>\n\n<div style=\"height:20px\" aria-hidden=\"true\" class=\"wp-block-spacer\"><\/div>\n\n<section class=\"wp-block-uagb-section uagb-section__wrap uagb-section__background-color uagb-block-9e748e26\"><div class=\"uagb-section__overlay\"><\/div><div class=\"uagb-section__inner-wrap\">\n<p>\ud83c\udf31 <strong>Acquisti sostenibili:<\/strong> Spedizioni a impatto zero, imballaggi ecologici, fatture digitali di default.<\/p>\n<\/div><\/section>\n\n<div style=\"height:20px\" aria-hidden=\"true\" class=\"wp-block-spacer\"><\/div>\n\n<section class=\"wp-block-uagb-section uagb-section__wrap uagb-section__background-color uagb-block-11f9fc83\"><div class=\"uagb-section__overlay\"><\/div><div class=\"uagb-section__inner-wrap\">\n<p><strong>\ud83d\udd12 Acquisti al 100% senza rischi:<\/strong> Nessun importo minimo d&#8217;ordine, spedizione gratuita in Germania a partire da 59 \u20ac di spesa + diritto di recesso di 30 giorni con reso gratuito.<\/p>\n<\/div><\/section>\n\n<div style=\"height:20px\" aria-hidden=\"true\" class=\"wp-block-spacer\"><\/div>\n\n<section class=\"wp-block-uagb-section uagb-section__wrap uagb-section__background-color uagb-block-5b55bd83\"><div class=\"uagb-section__overlay\"><\/div><div class=\"uagb-section__inner-wrap\">\n<p>\ud83e\udd62 <strong>I migliori ingredienti per la tua esperienza culinaria e gustativa: <\/strong>Prodotti selezionati a mano che ci convincono personalmente in base a quattro criteri: (1) gusto, (2) autenticit\u00e0, (3) prezzo e (4) disponibilit\u00e0.<\/p>\n<\/div><\/section>\n\n<div style=\"height:20px\" aria-hidden=\"true\" class=\"wp-block-spacer\"><\/div>\n\n<section class=\"wp-block-uagb-section uagb-section__wrap uagb-section__background-color uagb-block-94ed5912\"><div class=\"uagb-section__overlay\"><\/div><div class=\"uagb-section__inner-wrap\">\n<p>\ud83d\udc4d <strong>Approfitta della nostra pluriennale esperienza<\/strong>: 1mal1japan.de esiste gi\u00e0 dal 2016. Da allora abbiamo avuto il piacere di accogliere milioni di visitatori sul nostro blog e nel nostro Shop e di servire oltre 50.000 clienti soddisfatti. Grazie di cuore a tutti i lettori e ai fan!<\/p>\n<\/div><\/section>\n","protected":false},"excerpt":{"rendered":"<p>Questi fagioli azuki secchi sono un ingrediente classico della cucina giapponese e vengono spesso utilizzati per la pasta di fagioli dolce (anko). Sono ideali per dolci tradizionali come Mochi, dorayaki o Dango.<\/p>\n","protected":false},"featured_media":65198,"template":"","meta":{"_uag_custom_page_level_css":"","site-sidebar-layout":"default","site-content-layout":"default","ast-site-content-layout":"default","site-content-style":"default","site-sidebar-style":"default","ast-global-header-display":"","ast-banner-title-visibility":"","ast-main-header-display":"","ast-hfb-above-header-display":"","ast-hfb-below-header-display":"","ast-hfb-mobile-header-display":"","site-post-title":"","ast-breadcrumbs-content":"","ast-featured-img":"","footer-sml-layout":"","ast-disable-related-posts":"","theme-transparent-header-meta":"default","adv-header-id-meta":"","stick-header-meta":"default","header-above-stick-meta":"","header-main-stick-meta":"","header-below-stick-meta":"","astra-migrate-meta-layouts":"default","ast-page-background-enabled":"default","ast-page-background-meta":{"desktop":{"background-color":"","background-image":"","background-repeat":"repeat","background-position":"center center","background-size":"auto","background-attachment":"scroll","background-type":"","background-media":"","overlay-type":"","overlay-color":"","overlay-opacity":"","overlay-gradient":""},"tablet":{"background-color":"","background-image":"","background-repeat":"repeat","background-position":"center center","background-size":"auto","background-attachment":"scroll","background-type":"","background-media":"","overlay-type":"","overlay-color":"","overlay-opacity":"","overlay-gradient":""},"mobile":{"background-color":"","background-image":"","background-repeat":"repeat","background-position":"center center","background-size":"auto","background-attachment":"scroll","background-type":"","background-media":"","overlay-type":"","overlay-color":"","overlay-opacity":"","overlay-gradient":""}},"ast-content-background-meta":{"desktop":{"background-color":"var(--ast-global-color-5)","background-image":"","background-repeat":"repeat","background-position":"center center","background-size":"auto","background-attachment":"scroll","background-type":"","background-media":"","overlay-type":"","overlay-color":"","overlay-opacity":"","overlay-gradient":""},"tablet":{"background-color":"var(--ast-global-color-5)","background-image":"","background-repeat":"repeat","background-position":"center center","background-size":"auto","background-attachment":"scroll","background-type":"","background-media":"","overlay-type":"","overlay-color":"","overlay-opacity":"","overlay-gradient":""},"mobile":{"background-color":"var(--ast-global-color-5)","background-image":"","background-repeat":"repeat","background-position":"center center","background-size":"auto","background-attachment":"scroll","background-type":"","background-media":"","overlay-type":"","overlay-color":"","overlay-opacity":"","overlay-gradient":""}}},"product_brand":[],"product_cat":[1597,1899,1557],"product_tag":[1967,1619],"class_list":{"0":"post-65186","1":"product","2":"type-product","3":"status-publish","4":"has-post-thumbnail","6":"product_cat-riso-noodles-e-farina","7":"product_cat-snack-dolciumi-e-dessert","8":"product_cat-tutti-i-prodotti","9":"product_tag-anko","10":"product_tag-mochi","11":"desktop-align-left","12":"tablet-align-left","13":"mobile-align-left","14":"ast-product-gallery-layout-horizontal-slider","15":"ast-magnify-disabled","16":"ast-product-tabs-layout-horizontal","18":"first","19":"instock","20":"taxable","21":"shipping-taxable","22":"purchasable","23":"product-type-simple"},"yoast_head":"<!-- This site is optimized with the Yoast SEO Premium plugin v27.5 (Yoast SEO v27.5) - https:\/\/yoast.com\/product\/yoast-seo-premium-wordpress\/ -->\n<title>Fagioli azuki (400 g) fagioli rossi secchi, su 1mal1japan<\/title>\n<meta name=\"description\" content=\"I\u27a1 Acquista fagioli azuki \u2714 fagioli rossi secchi \u2714 ideali per anko, Mochi e dorayaki \u2714 ingrediente per dolci giapponesi \u2714 ordina ora!\" \/>\n<meta name=\"robots\" content=\"index, follow, max-snippet:-1, max-image-preview:large, max-video-preview:-1\" \/>\n<link rel=\"canonical\" href=\"https:\/\/1mal1japan.de\/it\/produkt\/fagioli-azuki-400-g-fagioli-rossi-secchi-per-anko-mochi-dango-e-dorayaki-three-coconut-tree\/\" \/>\n<meta property=\"og:locale\" content=\"it_IT\" \/>\n<meta property=\"og:type\" content=\"article\" \/>\n<meta property=\"og:title\" content=\"Fagioli azuki 400 g (fagioli rossi secchi, per anko, Mochi, Dango e dorayaki), Three Coconut Tree\" \/>\n<meta property=\"og:description\" content=\"Questi fagioli azuki secchi sono un ingrediente classico della cucina giapponese e vengono spesso utilizzati per la pasta di fagioli dolce (anko). Sono ideali per dolci tradizionali come Mochi, dorayaki o Dango.\" \/>\n<meta property=\"og:url\" content=\"https:\/\/1mal1japan.de\/it\/produkt\/fagioli-azuki-400-g-fagioli-rossi-secchi-per-anko-mochi-dango-e-dorayaki-three-coconut-tree\/\" \/>\n<meta property=\"og:site_name\" content=\"1mal1japan.de\" \/>\n<meta property=\"article:modified_time\" content=\"2026-05-01T12:53:33+00:00\" \/>\n<meta property=\"og:image\" content=\"https:\/\/1mal1japan.de\/wp-content\/uploads\/2021\/04\/Adzukibohnen-4-1.jpg\" \/>\n\t<meta property=\"og:image:width\" content=\"800\" \/>\n\t<meta property=\"og:image:height\" content=\"800\" \/>\n\t<meta property=\"og:image:type\" content=\"image\/jpeg\" \/>\n<script type=\"application\/ld+json\" class=\"yoast-schema-graph\">{\"@context\":\"https:\\\/\\\/schema.org\",\"@graph\":[{\"@type\":\"WebPage\",\"@id\":\"https:\\\/\\\/1mal1japan.de\\\/it\\\/produkt\\\/fagioli-azuki-400-g-fagioli-rossi-secchi-per-anko-mochi-dango-e-dorayaki-three-coconut-tree\\\/\",\"url\":\"https:\\\/\\\/1mal1japan.de\\\/it\\\/produkt\\\/fagioli-azuki-400-g-fagioli-rossi-secchi-per-anko-mochi-dango-e-dorayaki-three-coconut-tree\\\/\",\"name\":\"Fagioli azuki (400 g) fagioli rossi secchi, su 1mal1japan\",\"isPartOf\":{\"@id\":\"https:\\\/\\\/1mal1japan.de\\\/it\\\/#website\"},\"primaryImageOfPage\":{\"@id\":\"https:\\\/\\\/1mal1japan.de\\\/it\\\/produkt\\\/fagioli-azuki-400-g-fagioli-rossi-secchi-per-anko-mochi-dango-e-dorayaki-three-coconut-tree\\\/#primaryimage\"},\"image\":{\"@id\":\"https:\\\/\\\/1mal1japan.de\\\/it\\\/produkt\\\/fagioli-azuki-400-g-fagioli-rossi-secchi-per-anko-mochi-dango-e-dorayaki-three-coconut-tree\\\/#primaryimage\"},\"thumbnailUrl\":\"https:\\\/\\\/1mal1japan.de\\\/wp-content\\\/uploads\\\/2021\\\/04\\\/Adzukibohnen-4-1.jpg\",\"datePublished\":\"2021-04-18T08:08:54+00:00\",\"dateModified\":\"2026-05-01T12:53:33+00:00\",\"description\":\"I\u27a1 Acquista fagioli azuki \u2714 fagioli rossi secchi \u2714 ideali per anko, Mochi e dorayaki \u2714 ingrediente per dolci giapponesi \u2714 ordina ora!\",\"breadcrumb\":{\"@id\":\"https:\\\/\\\/1mal1japan.de\\\/it\\\/produkt\\\/fagioli-azuki-400-g-fagioli-rossi-secchi-per-anko-mochi-dango-e-dorayaki-three-coconut-tree\\\/#breadcrumb\"},\"inLanguage\":\"it-IT\",\"potentialAction\":[{\"@type\":\"ReadAction\",\"target\":[\"https:\\\/\\\/1mal1japan.de\\\/it\\\/produkt\\\/fagioli-azuki-400-g-fagioli-rossi-secchi-per-anko-mochi-dango-e-dorayaki-three-coconut-tree\\\/\"]}]},{\"@type\":\"ImageObject\",\"inLanguage\":\"it-IT\",\"@id\":\"https:\\\/\\\/1mal1japan.de\\\/it\\\/produkt\\\/fagioli-azuki-400-g-fagioli-rossi-secchi-per-anko-mochi-dango-e-dorayaki-three-coconut-tree\\\/#primaryimage\",\"url\":\"https:\\\/\\\/1mal1japan.de\\\/wp-content\\\/uploads\\\/2021\\\/04\\\/Adzukibohnen-4-1.jpg\",\"contentUrl\":\"https:\\\/\\\/1mal1japan.de\\\/wp-content\\\/uploads\\\/2021\\\/04\\\/Adzukibohnen-4-1.jpg\",\"width\":800,\"height\":800,\"caption\":\"Fagioli azuki\"},{\"@type\":\"BreadcrumbList\",\"@id\":\"https:\\\/\\\/1mal1japan.de\\\/it\\\/produkt\\\/fagioli-azuki-400-g-fagioli-rossi-secchi-per-anko-mochi-dango-e-dorayaki-three-coconut-tree\\\/#breadcrumb\",\"itemListElement\":[{\"@type\":\"ListItem\",\"position\":1,\"name\":\"Startseite\",\"item\":\"https:\\\/\\\/1mal1japan.de\\\/it\\\/\"},{\"@type\":\"ListItem\",\"position\":2,\"name\":\"Negozio\",\"item\":\"https:\\\/\\\/1mal1japan.de\\\/it\\\/shop\\\/\"},{\"@type\":\"ListItem\",\"position\":3,\"name\":\"Fagioli azuki 400 g (fagioli rossi secchi, per anko, Mochi, Dango e dorayaki), Three Coconut Tree\"}]},{\"@type\":\"WebSite\",\"@id\":\"https:\\\/\\\/1mal1japan.de\\\/it\\\/#website\",\"url\":\"https:\\\/\\\/1mal1japan.de\\\/it\\\/\",\"name\":\"1mal1japan.de\",\"description\":\"japanisch kochen &amp; einkaufen\",\"publisher\":{\"@id\":\"https:\\\/\\\/1mal1japan.de\\\/it\\\/#\\\/schema\\\/person\\\/3b6eab913fce9065523e927d88b032b0\"},\"potentialAction\":[{\"@type\":\"SearchAction\",\"target\":{\"@type\":\"EntryPoint\",\"urlTemplate\":\"https:\\\/\\\/1mal1japan.de\\\/it\\\/?s={search_term_string}\"},\"query-input\":{\"@type\":\"PropertyValueSpecification\",\"valueRequired\":true,\"valueName\":\"search_term_string\"}}],\"inLanguage\":\"it-IT\"},{\"@type\":[\"Person\",\"Organization\"],\"@id\":\"https:\\\/\\\/1mal1japan.de\\\/it\\\/#\\\/schema\\\/person\\\/3b6eab913fce9065523e927d88b032b0\",\"name\":\"Elisa\",\"image\":{\"@type\":\"ImageObject\",\"inLanguage\":\"it-IT\",\"@id\":\"https:\\\/\\\/1mal1japan.de\\\/wp-content\\\/uploads\\\/2018\\\/09\\\/Profilbild_Elisa.png\",\"url\":\"https:\\\/\\\/1mal1japan.de\\\/wp-content\\\/uploads\\\/2018\\\/09\\\/Profilbild_Elisa.png\",\"contentUrl\":\"https:\\\/\\\/1mal1japan.de\\\/wp-content\\\/uploads\\\/2018\\\/09\\\/Profilbild_Elisa.png\",\"width\":200,\"height\":200,\"caption\":\"Elisa\"},\"logo\":{\"@id\":\"https:\\\/\\\/1mal1japan.de\\\/wp-content\\\/uploads\\\/2018\\\/09\\\/Profilbild_Elisa.png\"}}]}<\/script>\n<meta property=\"product:brand\" content=\"Three Coconut Tree\" \/>\n<meta property=\"product:price:amount\" content=\"3.49\" \/>\n<meta property=\"product:price:currency\" content=\"EUR\" \/>\n<meta property=\"og:availability\" content=\"instock\" \/>\n<meta property=\"product:availability\" content=\"instock\" \/>\n<meta property=\"product:retailer_item_id\" content=\"1057\" \/>\n<meta property=\"product:condition\" content=\"new\" \/>\n<!-- \/ Yoast SEO Premium plugin. -->","yoast_head_json":{"title":"Fagioli azuki (400 g) fagioli rossi secchi, su 1mal1japan","description":"I\u27a1 Acquista fagioli azuki \u2714 fagioli rossi secchi \u2714 ideali per anko, Mochi e dorayaki \u2714 ingrediente per dolci giapponesi \u2714 ordina ora!","robots":{"index":"index","follow":"follow","max-snippet":"max-snippet:-1","max-image-preview":"max-image-preview:large","max-video-preview":"max-video-preview:-1"},"canonical":"https:\/\/1mal1japan.de\/it\/produkt\/fagioli-azuki-400-g-fagioli-rossi-secchi-per-anko-mochi-dango-e-dorayaki-three-coconut-tree\/","og_locale":"it_IT","og_type":"article","og_title":"Fagioli azuki 400 g (fagioli rossi secchi, per anko, Mochi, Dango e dorayaki), Three Coconut Tree","og_description":"Questi fagioli azuki secchi sono un ingrediente classico della cucina giapponese e vengono spesso utilizzati per la pasta di fagioli dolce (anko). Sono ideali per dolci tradizionali come Mochi, dorayaki o Dango.","og_url":"https:\/\/1mal1japan.de\/it\/produkt\/fagioli-azuki-400-g-fagioli-rossi-secchi-per-anko-mochi-dango-e-dorayaki-three-coconut-tree\/","og_site_name":"1mal1japan.de","article_modified_time":"2026-05-01T12:53:33+00:00","og_image":[{"width":800,"height":800,"url":"https:\/\/1mal1japan.de\/wp-content\/uploads\/2021\/04\/Adzukibohnen-4-1.jpg","type":"image\/jpeg"}],"schema":{"@context":"https:\/\/schema.org","@graph":[{"@type":"WebPage","@id":"https:\/\/1mal1japan.de\/it\/produkt\/fagioli-azuki-400-g-fagioli-rossi-secchi-per-anko-mochi-dango-e-dorayaki-three-coconut-tree\/","url":"https:\/\/1mal1japan.de\/it\/produkt\/fagioli-azuki-400-g-fagioli-rossi-secchi-per-anko-mochi-dango-e-dorayaki-three-coconut-tree\/","name":"Fagioli azuki (400 g) fagioli rossi secchi, su 1mal1japan","isPartOf":{"@id":"https:\/\/1mal1japan.de\/it\/#website"},"primaryImageOfPage":{"@id":"https:\/\/1mal1japan.de\/it\/produkt\/fagioli-azuki-400-g-fagioli-rossi-secchi-per-anko-mochi-dango-e-dorayaki-three-coconut-tree\/#primaryimage"},"image":{"@id":"https:\/\/1mal1japan.de\/it\/produkt\/fagioli-azuki-400-g-fagioli-rossi-secchi-per-anko-mochi-dango-e-dorayaki-three-coconut-tree\/#primaryimage"},"thumbnailUrl":"https:\/\/1mal1japan.de\/wp-content\/uploads\/2021\/04\/Adzukibohnen-4-1.jpg","datePublished":"2021-04-18T08:08:54+00:00","dateModified":"2026-05-01T12:53:33+00:00","description":"I\u27a1 Acquista fagioli azuki \u2714 fagioli rossi secchi \u2714 ideali per anko, Mochi e dorayaki \u2714 ingrediente per dolci giapponesi \u2714 ordina ora!","breadcrumb":{"@id":"https:\/\/1mal1japan.de\/it\/produkt\/fagioli-azuki-400-g-fagioli-rossi-secchi-per-anko-mochi-dango-e-dorayaki-three-coconut-tree\/#breadcrumb"},"inLanguage":"it-IT","potentialAction":[{"@type":"ReadAction","target":["https:\/\/1mal1japan.de\/it\/produkt\/fagioli-azuki-400-g-fagioli-rossi-secchi-per-anko-mochi-dango-e-dorayaki-three-coconut-tree\/"]}]},{"@type":"ImageObject","inLanguage":"it-IT","@id":"https:\/\/1mal1japan.de\/it\/produkt\/fagioli-azuki-400-g-fagioli-rossi-secchi-per-anko-mochi-dango-e-dorayaki-three-coconut-tree\/#primaryimage","url":"https:\/\/1mal1japan.de\/wp-content\/uploads\/2021\/04\/Adzukibohnen-4-1.jpg","contentUrl":"https:\/\/1mal1japan.de\/wp-content\/uploads\/2021\/04\/Adzukibohnen-4-1.jpg","width":800,"height":800,"caption":"Fagioli azuki"},{"@type":"BreadcrumbList","@id":"https:\/\/1mal1japan.de\/it\/produkt\/fagioli-azuki-400-g-fagioli-rossi-secchi-per-anko-mochi-dango-e-dorayaki-three-coconut-tree\/#breadcrumb","itemListElement":[{"@type":"ListItem","position":1,"name":"Startseite","item":"https:\/\/1mal1japan.de\/it\/"},{"@type":"ListItem","position":2,"name":"Negozio","item":"https:\/\/1mal1japan.de\/it\/shop\/"},{"@type":"ListItem","position":3,"name":"Fagioli azuki 400 g (fagioli rossi secchi, per anko, Mochi, Dango e dorayaki), Three Coconut Tree"}]},{"@type":"WebSite","@id":"https:\/\/1mal1japan.de\/it\/#website","url":"https:\/\/1mal1japan.de\/it\/","name":"1mal1japan.de","description":"japanisch kochen &amp; einkaufen","publisher":{"@id":"https:\/\/1mal1japan.de\/it\/#\/schema\/person\/3b6eab913fce9065523e927d88b032b0"},"potentialAction":[{"@type":"SearchAction","target":{"@type":"EntryPoint","urlTemplate":"https:\/\/1mal1japan.de\/it\/?s={search_term_string}"},"query-input":{"@type":"PropertyValueSpecification","valueRequired":true,"valueName":"search_term_string"}}],"inLanguage":"it-IT"},{"@type":["Person","Organization"],"@id":"https:\/\/1mal1japan.de\/it\/#\/schema\/person\/3b6eab913fce9065523e927d88b032b0","name":"Elisa","image":{"@type":"ImageObject","inLanguage":"it-IT","@id":"https:\/\/1mal1japan.de\/wp-content\/uploads\/2018\/09\/Profilbild_Elisa.png","url":"https:\/\/1mal1japan.de\/wp-content\/uploads\/2018\/09\/Profilbild_Elisa.png","contentUrl":"https:\/\/1mal1japan.de\/wp-content\/uploads\/2018\/09\/Profilbild_Elisa.png","width":200,"height":200,"caption":"Elisa"},"logo":{"@id":"https:\/\/1mal1japan.de\/wp-content\/uploads\/2018\/09\/Profilbild_Elisa.png"}}]},"product_brand":"Three Coconut Tree","product_price_amount":"3.49","product_price_currency":"EUR","og_availability":"instock","product_availability":"instock","product_retailer_item_id":"1057","product_condition":"new"},"uagb_featured_image_src":{"full":["https:\/\/1mal1japan.de\/wp-content\/uploads\/2021\/04\/Adzukibohnen-4-1.jpg",800,800,false],"thumbnail":["https:\/\/1mal1japan.de\/wp-content\/uploads\/2021\/04\/Adzukibohnen-4-1-150x150.jpg",150,150,true],"medium":["https:\/\/1mal1japan.de\/wp-content\/uploads\/2021\/04\/Adzukibohnen-4-1-300x300.jpg",300,300,true],"medium_large":["https:\/\/1mal1japan.de\/wp-content\/uploads\/2021\/04\/Adzukibohnen-4-1-768x768.jpg",768,768,true],"large":["https:\/\/1mal1japan.de\/wp-content\/uploads\/2021\/04\/Adzukibohnen-4-1.jpg",800,800,false],"1536x1536":["https:\/\/1mal1japan.de\/wp-content\/uploads\/2021\/04\/Adzukibohnen-4-1.jpg",800,800,false],"2048x2048":["https:\/\/1mal1japan.de\/wp-content\/uploads\/2021\/04\/Adzukibohnen-4-1.jpg",800,800,false],"woocommerce_thumbnail":["https:\/\/1mal1japan.de\/wp-content\/uploads\/2021\/04\/Adzukibohnen-4-1-600x600.jpg",600,600,true],"woocommerce_single":["https:\/\/1mal1japan.de\/wp-content\/uploads\/2021\/04\/Adzukibohnen-4-1.jpg",800,800,false],"woocommerce_gallery_thumbnail":["https:\/\/1mal1japan.de\/wp-content\/uploads\/2021\/04\/Adzukibohnen-4-1-100x100.jpg",100,100,true]},"uagb_author_info":{"display_name":"kiwi19901","author_link":"https:\/\/1mal1japan.de\/it\/author\/"},"uagb_comment_info":0,"uagb_excerpt":"Questi fagioli azuki secchi sono un ingrediente classico della cucina giapponese e vengono spesso utilizzati per la pasta di fagioli dolce (anko). Sono ideali per dolci tradizionali come Mochi, dorayaki o Dango.","_links":{"self":[{"href":"https:\/\/1mal1japan.de\/it\/wp-json\/wp\/v2\/product\/65186","targetHints":{"allow":["GET"]}}],"collection":[{"href":"https:\/\/1mal1japan.de\/it\/wp-json\/wp\/v2\/product"}],"about":[{"href":"https:\/\/1mal1japan.de\/it\/wp-json\/wp\/v2\/types\/product"}],"wp:featuredmedia":[{"embeddable":true,"href":"https:\/\/1mal1japan.de\/it\/wp-json\/wp\/v2\/media\/65198"}],"wp:attachment":[{"href":"https:\/\/1mal1japan.de\/it\/wp-json\/wp\/v2\/media?parent=65186"}],"wp:term":[{"taxonomy":"product_brand","embeddable":true,"href":"https:\/\/1mal1japan.de\/it\/wp-json\/wp\/v2\/product_brand?post=65186"},{"taxonomy":"product_cat","embeddable":true,"href":"https:\/\/1mal1japan.de\/it\/wp-json\/wp\/v2\/product_cat?post=65186"},{"taxonomy":"product_tag","embeddable":true,"href":"https:\/\/1mal1japan.de\/it\/wp-json\/wp\/v2\/product_tag?post=65186"}],"curies":[{"name":"wp","href":"https:\/\/api.w.org\/{rel}","templated":true}]}}