{"id":65219,"date":"2021-04-18T10:08:53","date_gmt":"2021-04-18T08:08:53","guid":{"rendered":"https:\/\/1mal1japan.de\/produkt\/matcha-30-g-polvere-di-te-verde-biologico-giapponese-supreme-kogacha\/"},"modified":"2026-04-28T14:23:45","modified_gmt":"2026-04-28T12:23:45","slug":"matcha-30-g-polvere-di-te-verde-biologico-giapponese-supreme-kogacha","status":"publish","type":"product","link":"https:\/\/1mal1japan.de\/it\/produkt\/matcha-30-g-polvere-di-te-verde-biologico-giapponese-supreme-kogacha\/","title":{"rendered":"Matcha 30 g (polvere di t\u00e8 verde biologico giapponese Supreme), Kogacha"},"content":{"rendered":"\n<section class=\"wp-block-uagb-section uagb-section__wrap uagb-section__background-color uagb-block-35042c24\"><div class=\"uagb-section__overlay\"><\/div><div class=\"uagb-section__inner-wrap\">\n<p>\u2705 T\u00e8 verde in polvere dal Giappone in qualit\u00e0 biologica<br\/>\u2705 Il miglior Matcha da Kirishima, Giappone<br\/>\u2705 Compagno ideale per una cerimonia del t\u00e8 giapponese<br\/>\u2705 Vegano e privo di aromi artificiali<br\/>\u2705 Origine autentica, direttamente dal Giappone<\/p>\n<\/div><\/section>\n\n<p><strong>Il t\u00e8 giapponese non \u00e8 solo delizioso, ma anche salutare ed \u00e8 una delle bevande pi\u00f9 consumate in Giappone. In tutto il mondo sta diventando sempre pi\u00f9 popolare soprattutto il t\u00e8 verde giapponese, che oggi \u00e8 parte integrante della cultura giapponese e occupa un posto di rilievo nella vita quotidiana dei giapponesi.<\/strong><\/p>\n\n<p><strong>Il t\u00e8 verde \u00e8 anche l&#8217;elemento centrale della cerimonia del t\u00e8, per la quale si preferisce utilizzare il Matcha. <\/strong>Per il Matcha vengono utilizzate solo foglie di altissima qualit\u00e0, che vengono essiccate e macinate in una polvere finissima, che viene poi mescolata con acqua calda.<\/p>\n\n<p>Il Supreme Bio Matcha di Kogacha <strong>viene coltivato da oltre 20 anni nella regione di Kirishima (Giappone)<\/strong> &#8211; molto prima che la coltivazione industriale del t\u00e8 scoprisse il concetto di biologico.<\/p>\n\n<p><strong><em>\u201cLa natura deve decidere cosa fa bene alla salute.\u201d<\/em><\/strong><\/p>\n\n<p><strong>Ogni mattina i coltivatori di t\u00e8 di Kirishima esaminano attentamente <\/strong>le condizioni del terreno, controllano il tempo e la temperatura, l&#8217;umidit\u00e0, il colore e l&#8217;odore delle foglie di t\u00e8 <strong>e decidono infine come curare le foglie per la giornata. <\/strong> Il t\u00e8 Matcha di Kirishima <strong>\u00e8 un t\u00e8 puramente biologico<\/strong>, che cresce in modo naturale ed \u00e8 molto apprezzato da chi \u00e8 particolarmente attento alla salute.<\/p>\n\n<h2 class=\"wp-block-heading\" id=\"h-das-kannst-du-damit-kochen\">Ecco cosa puoi cucinare con questo:<\/h2>\n\n\t\t\t<div class=\"wp-block-uagb-post-grid uagb-post-grid  uagb-post__image-position-top uagb-post__image-enabled uagb-block-27b66334     uagb-post__items uagb-post__columns-2 is-grid uagb-post__columns-tablet-2 uagb-post__columns-mobile-2 uagb-post__equal-height\" data-total=\"0\" style=\"\">\n\n\t\t\t\t\t\t\t\t\t<p class=\"uagb-post__no-posts\">\n\t\t\t\t\t\tNo post found!\t\t\t\t\t<\/p>\n\t\t\t\t\t\t\t\t<\/div>\n\t\t\t\n<div style=\"height:20px\" aria-hidden=\"true\" class=\"wp-block-spacer\"><\/div>\n\n<p>La polvere finemente macinata di questo Matcha ha il grande vantaggio che, semplicemente mescolandola con acqua calda <strong>, \u00e8 possibile assumere <\/strong>importanti sostanze nutritive come catechine, saponine e vitamine, naturalmente contenute nelle foglie di t\u00e8. Proprio questo Matcha \u00e8 <strong>l&#8217;unico autentico t\u00e8 Matcha in Giappone,<\/strong> che offre il gusto profondo e inconfondibile di un Matcha nobile di prima qualit\u00e0.<\/p>\n\n<p><strong>\u201c<em>La variet\u00e0 Supreme \u00e8 considerata da numerosi istruttori di t\u00e8 giapponesi come il miglior Matcha biologico del Giappone.<\/em>\u201d<\/strong><\/p>\n\n<p>Deve la sua intensit\u00e0 aromatica alla posizione unica <strong>dell&#8217;altopiano vulcanico \u201cKirishima\u201d <\/strong>e al dosaggio naturale della luce solare, determinato dagli strati di nebbia tipici di quella zona.<\/p>\n\n<p>Il Kogacha Supreme Bio Matcha di Kirishima viene utilizzato non solo nella cerimonia del t\u00e8 giapponese, ma anche per esperimenti culinari da parte di chef stellati nell&#8217;alta gastronomia e sta diventando sempre pi\u00f9 diffuso anche a Tokyo.<\/p>\n\n<p><strong>Il profilo gustativo del Matcha di Kirishima:<\/strong><\/p>\n\n<p><em>Prima dell&#8217;infusione<\/em><\/p>\n\n<ul class=\"wp-block-list\">\n<li><em>Forma delle foglie: macinate in mulini a pietra, in polvere<\/em><\/li>\n\n\n\n<li><em>Colore: il verde vitalizzante di un matcha senza pari<\/em><\/li>\n\n\n\n<li><em>Profumo: grazie alla particolare coltivazione in ombra totale, il t\u00e8 acquista il suo inconfondibile profumo agrodolce<\/em><\/li>\n<\/ul>\n\n<p><em>Dopo l&#8217;infusione<\/em><\/p>\n\n<ul class=\"wp-block-list\">\n<li><em>Colore: classico verde puro di prima classe<\/em><\/li>\n\n\n\n<li><em>Profumo: nobile aroma di Matcha, molto presente senza essere invadente<\/em><\/li>\n\n\n\n<li><em>Sapore: eccezionali note di Umami, poche sostanze amare; dolcezza e amarezza si esaltano a vicenda<\/em><\/li>\n<\/ul>\n\n<p><strong><em>\u201cUn capolavoro dell&#8217;arte del t\u00e8 giapponese che non ha eguali al mondo &#8211; in qualit\u00e0 biologica certificata!<\/em>\u201d<\/strong><\/p>\n\n<p>Sbattendo il t\u00e8, questo diventa il <strong>compagno ideale per una cerimonia del t\u00e8 giapponese a casa propria<\/strong>!<\/p>\n\n<p><em>La <a href=\"https:\/\/1mal1japan.de\/rezepte\/gruener-tee\/\">ricetta giusta per preparare il t\u00e8 verde<\/a> la trovi da noi come <strong>istruzioni dettagliate con le foto corrispondenti<\/strong>. Per ulteriori informazioni, leggi assolutamente il nostro <a href=\"https:\/\/1mal1japan.de\/getraenke\/japanischer-tee\/\">articolo sul tema del t\u00e8 giapponese <\/a>!<\/em><\/p>\n\n<h2 class=\"wp-block-heading\" id=\"h-deine-vorteile-und-unser-versprechen\">I tuoi vantaggi e la nostra promessa:<\/h2>\n\n<section class=\"wp-block-uagb-section uagb-section__wrap uagb-section__background-color uagb-block-85f7e9d2\"><div class=\"uagb-section__overlay\"><\/div><div class=\"uagb-section__inner-wrap\">\n<p>\u2764\ufe0f <strong>Veloce, semplice e affidabile:<\/strong> I clienti ci adorano! Con 4,9 stelle su 5 su Shopvote &#8211; dai un&#8217;occhiata <a href=\"https:\/\/www.shopvote.de\/bewertung_1mal1japan_de_23342.html\">qui alle recensioni dei nostri clienti<\/a>!<\/p>\n<\/div><\/section>\n\n<div style=\"height:20px\" aria-hidden=\"true\" class=\"wp-block-spacer\"><\/div>\n\n<section class=\"wp-block-uagb-section uagb-section__wrap uagb-section__background-color uagb-block-9e748e26\"><div class=\"uagb-section__overlay\"><\/div><div class=\"uagb-section__inner-wrap\">\n<p>\ud83c\udf31 <strong>Acquisti sostenibili:<\/strong> Spedizioni a impatto zero, imballaggi ecologici, fatture digitali di default.<\/p>\n<\/div><\/section>\n\n<div style=\"height:20px\" aria-hidden=\"true\" class=\"wp-block-spacer\"><\/div>\n\n<section class=\"wp-block-uagb-section uagb-section__wrap uagb-section__background-color uagb-block-11f9fc83\"><div class=\"uagb-section__overlay\"><\/div><div class=\"uagb-section__inner-wrap\">\n<p><strong>\ud83d\udd12 Acquisti al 100% senza rischi:<\/strong> Nessun importo minimo d&#8217;ordine, spedizione gratuita in Germania a partire da 59 \u20ac di spesa + diritto di recesso di 30 giorni con reso gratuito.<\/p>\n<\/div><\/section>\n\n<div style=\"height:20px\" aria-hidden=\"true\" class=\"wp-block-spacer\"><\/div>\n\n<section class=\"wp-block-uagb-section uagb-section__wrap uagb-section__background-color uagb-block-5b55bd83\"><div class=\"uagb-section__overlay\"><\/div><div class=\"uagb-section__inner-wrap\">\n<p>\ud83e\udd62 <strong>I migliori ingredienti per la tua esperienza culinaria e gustativa: <\/strong>Prodotti selezionati a mano che ci convincono personalmente in base a quattro criteri: (1) gusto, (2) autenticit\u00e0, (3) prezzo e (4) disponibilit\u00e0.<\/p>\n<\/div><\/section>\n\n<div style=\"height:20px\" aria-hidden=\"true\" class=\"wp-block-spacer\"><\/div>\n\n<section class=\"wp-block-uagb-section uagb-section__wrap uagb-section__background-color uagb-block-94ed5912\"><div class=\"uagb-section__overlay\"><\/div><div class=\"uagb-section__inner-wrap\">\n<p>\ud83d\udc4d <strong>Approfitta della nostra pluriennale esperienza<\/strong>: 1mal1japan.de esiste gi\u00e0 dal 2016. Da allora abbiamo avuto il piacere di accogliere milioni di visitatori sul nostro blog e nel nostro Shop e di servire oltre 50.000 clienti soddisfatti. Grazie di cuore a tutti i lettori e ai fan!<\/p>\n<\/div><\/section>\n","protected":false},"excerpt":{"rendered":"<p>Questa polvere di t\u00e8 verde Supreme dal Giappone offre la massima qualit\u00e0 possibile ed \u00e8 la scelta migliore per la cerimonia del t\u00e8 giapponese! Per il Matcha vengono utilizzate solo foglie di altissima qualit\u00e0, che vengono essiccate e macinate in una polvere finissima.<\/p>\n","protected":false},"featured_media":65220,"template":"","meta":{"_uag_custom_page_level_css":"","site-sidebar-layout":"default","site-content-layout":"default","ast-site-content-layout":"default","site-content-style":"default","site-sidebar-style":"default","ast-global-header-display":"","ast-banner-title-visibility":"","ast-main-header-display":"","ast-hfb-above-header-display":"","ast-hfb-below-header-display":"","ast-hfb-mobile-header-display":"","site-post-title":"","ast-breadcrumbs-content":"","ast-featured-img":"","footer-sml-layout":"","ast-disable-related-posts":"","theme-transparent-header-meta":"default","adv-header-id-meta":"","stick-header-meta":"default","header-above-stick-meta":"","header-main-stick-meta":"","header-below-stick-meta":"","astra-migrate-meta-layouts":"default","ast-page-background-enabled":"default","ast-page-background-meta":{"desktop":{"background-color":"","background-image":"","background-repeat":"repeat","background-position":"center center","background-size":"auto","background-attachment":"scroll","background-type":"","background-media":"","overlay-type":"","overlay-color":"","overlay-opacity":"","overlay-gradient":""},"tablet":{"background-color":"","background-image":"","background-repeat":"repeat","background-position":"center center","background-size":"auto","background-attachment":"scroll","background-type":"","background-media":"","overlay-type":"","overlay-color":"","overlay-opacity":"","overlay-gradient":""},"mobile":{"background-color":"","background-image":"","background-repeat":"repeat","background-position":"center center","background-size":"auto","background-attachment":"scroll","background-type":"","background-media":"","overlay-type":"","overlay-color":"","overlay-opacity":"","overlay-gradient":""}},"ast-content-background-meta":{"desktop":{"background-color":"var(--ast-global-color-5)","background-image":"","background-repeat":"repeat","background-position":"center center","background-size":"auto","background-attachment":"scroll","background-type":"","background-media":"","overlay-type":"","overlay-color":"","overlay-opacity":"","overlay-gradient":""},"tablet":{"background-color":"var(--ast-global-color-5)","background-image":"","background-repeat":"repeat","background-position":"center center","background-size":"auto","background-attachment":"scroll","background-type":"","background-media":"","overlay-type":"","overlay-color":"","overlay-opacity":"","overlay-gradient":""},"mobile":{"background-color":"var(--ast-global-color-5)","background-image":"","background-repeat":"repeat","background-position":"center center","background-size":"auto","background-attachment":"scroll","background-type":"","background-media":"","overlay-type":"","overlay-color":"","overlay-opacity":"","overlay-gradient":""}}},"product_brand":[],"product_cat":[1558,1611,1557],"product_tag":[],"class_list":{"0":"post-65219","1":"product","2":"type-product","3":"status-publish","4":"has-post-thumbnail","6":"product_cat-made-in-japan","7":"product_cat-sake-te-e-bevande","8":"product_cat-tutti-i-prodotti","9":"desktop-align-left","10":"tablet-align-left","11":"mobile-align-left","12":"ast-product-gallery-layout-horizontal-slider","13":"ast-magnify-disabled","14":"ast-product-tabs-layout-horizontal","16":"first","17":"instock","18":"taxable","19":"shipping-taxable","20":"purchasable","21":"product-type-simple"},"yoast_head":"<!-- This site is optimized with the Yoast SEO Premium plugin v27.5 (Yoast SEO v27.5) - https:\/\/yoast.com\/product\/yoast-seo-premium-wordpress\/ -->\n<title>Matcha (30 g) Polvere di t\u00e8 verde Supreme dal Giappone, 1mal1japan<\/title>\n<meta name=\"description\" content=\"I\u27a1 Acquista Matcha \u2714 Polvere di t\u00e8 verde Supreme dal Giappone \u2714 Massima qualit\u00e0 \u2714 La scelta migliore per la cerimonia del t\u00e8 giapponese \u2714 Consegna rapida!\" \/>\n<meta name=\"robots\" content=\"index, follow, max-snippet:-1, max-image-preview:large, max-video-preview:-1\" \/>\n<link rel=\"canonical\" href=\"https:\/\/1mal1japan.de\/it\/produkt\/matcha-30-g-polvere-di-te-verde-biologico-giapponese-supreme-kogacha\/\" \/>\n<meta property=\"og:locale\" content=\"it_IT\" \/>\n<meta property=\"og:type\" content=\"article\" \/>\n<meta property=\"og:title\" content=\"Matcha 30 g (polvere di t\u00e8 verde biologico giapponese Supreme), Kogacha\" \/>\n<meta property=\"og:description\" content=\"Questa polvere di t\u00e8 verde Supreme dal Giappone offre la massima qualit\u00e0 possibile ed \u00e8 la scelta migliore per la cerimonia del t\u00e8 giapponese! Per il Matcha vengono utilizzate solo foglie di altissima qualit\u00e0, che vengono essiccate e macinate in una polvere finissima.\" \/>\n<meta property=\"og:url\" content=\"https:\/\/1mal1japan.de\/it\/produkt\/matcha-30-g-polvere-di-te-verde-biologico-giapponese-supreme-kogacha\/\" \/>\n<meta property=\"og:site_name\" content=\"1mal1japan.de\" \/>\n<meta property=\"article:modified_time\" content=\"2026-04-28T12:23:45+00:00\" \/>\n<meta property=\"og:image\" content=\"https:\/\/1mal1japan.de\/wp-content\/uploads\/2021\/04\/Matcha-4.jpg\" \/>\n\t<meta property=\"og:image:width\" content=\"800\" \/>\n\t<meta property=\"og:image:height\" content=\"800\" \/>\n\t<meta property=\"og:image:type\" content=\"image\/jpeg\" \/>\n<script type=\"application\/ld+json\" class=\"yoast-schema-graph\">{\"@context\":\"https:\\\/\\\/schema.org\",\"@graph\":[{\"@type\":\"WebPage\",\"@id\":\"https:\\\/\\\/1mal1japan.de\\\/it\\\/produkt\\\/matcha-30-g-polvere-di-te-verde-biologico-giapponese-supreme-kogacha\\\/\",\"url\":\"https:\\\/\\\/1mal1japan.de\\\/it\\\/produkt\\\/matcha-30-g-polvere-di-te-verde-biologico-giapponese-supreme-kogacha\\\/\",\"name\":\"Matcha (30 g) Polvere di t\u00e8 verde Supreme dal Giappone, 1mal1japan\",\"isPartOf\":{\"@id\":\"https:\\\/\\\/1mal1japan.de\\\/it\\\/#website\"},\"primaryImageOfPage\":{\"@id\":\"https:\\\/\\\/1mal1japan.de\\\/it\\\/produkt\\\/matcha-30-g-polvere-di-te-verde-biologico-giapponese-supreme-kogacha\\\/#primaryimage\"},\"image\":{\"@id\":\"https:\\\/\\\/1mal1japan.de\\\/it\\\/produkt\\\/matcha-30-g-polvere-di-te-verde-biologico-giapponese-supreme-kogacha\\\/#primaryimage\"},\"thumbnailUrl\":\"https:\\\/\\\/1mal1japan.de\\\/wp-content\\\/uploads\\\/2021\\\/04\\\/Matcha-4.jpg\",\"datePublished\":\"2021-04-18T08:08:53+00:00\",\"dateModified\":\"2026-04-28T12:23:45+00:00\",\"description\":\"I\u27a1 Acquista Matcha \u2714 Polvere di t\u00e8 verde Supreme dal Giappone \u2714 Massima qualit\u00e0 \u2714 La scelta migliore per la cerimonia del t\u00e8 giapponese \u2714 Consegna rapida!\",\"breadcrumb\":{\"@id\":\"https:\\\/\\\/1mal1japan.de\\\/it\\\/produkt\\\/matcha-30-g-polvere-di-te-verde-biologico-giapponese-supreme-kogacha\\\/#breadcrumb\"},\"inLanguage\":\"it-IT\",\"potentialAction\":[{\"@type\":\"ReadAction\",\"target\":[\"https:\\\/\\\/1mal1japan.de\\\/it\\\/produkt\\\/matcha-30-g-polvere-di-te-verde-biologico-giapponese-supreme-kogacha\\\/\"]}]},{\"@type\":\"ImageObject\",\"inLanguage\":\"it-IT\",\"@id\":\"https:\\\/\\\/1mal1japan.de\\\/it\\\/produkt\\\/matcha-30-g-polvere-di-te-verde-biologico-giapponese-supreme-kogacha\\\/#primaryimage\",\"url\":\"https:\\\/\\\/1mal1japan.de\\\/wp-content\\\/uploads\\\/2021\\\/04\\\/Matcha-4.jpg\",\"contentUrl\":\"https:\\\/\\\/1mal1japan.de\\\/wp-content\\\/uploads\\\/2021\\\/04\\\/Matcha-4.jpg\",\"width\":800,\"height\":800,\"caption\":\"Supreme Bio Matcha 30 g (t\u00e8 verde giapponese in polvere, Kirishima Matcha), KOGACHA\"},{\"@type\":\"BreadcrumbList\",\"@id\":\"https:\\\/\\\/1mal1japan.de\\\/it\\\/produkt\\\/matcha-30-g-polvere-di-te-verde-biologico-giapponese-supreme-kogacha\\\/#breadcrumb\",\"itemListElement\":[{\"@type\":\"ListItem\",\"position\":1,\"name\":\"Startseite\",\"item\":\"https:\\\/\\\/1mal1japan.de\\\/it\\\/\"},{\"@type\":\"ListItem\",\"position\":2,\"name\":\"Negozio\",\"item\":\"https:\\\/\\\/1mal1japan.de\\\/it\\\/shop\\\/\"},{\"@type\":\"ListItem\",\"position\":3,\"name\":\"Matcha 30 g (polvere di t\u00e8 verde biologico giapponese Supreme), Kogacha\"}]},{\"@type\":\"WebSite\",\"@id\":\"https:\\\/\\\/1mal1japan.de\\\/it\\\/#website\",\"url\":\"https:\\\/\\\/1mal1japan.de\\\/it\\\/\",\"name\":\"1mal1japan.de\",\"description\":\"japanisch kochen &amp; einkaufen\",\"publisher\":{\"@id\":\"https:\\\/\\\/1mal1japan.de\\\/it\\\/#\\\/schema\\\/person\\\/3b6eab913fce9065523e927d88b032b0\"},\"potentialAction\":[{\"@type\":\"SearchAction\",\"target\":{\"@type\":\"EntryPoint\",\"urlTemplate\":\"https:\\\/\\\/1mal1japan.de\\\/it\\\/?s={search_term_string}\"},\"query-input\":{\"@type\":\"PropertyValueSpecification\",\"valueRequired\":true,\"valueName\":\"search_term_string\"}}],\"inLanguage\":\"it-IT\"},{\"@type\":[\"Person\",\"Organization\"],\"@id\":\"https:\\\/\\\/1mal1japan.de\\\/it\\\/#\\\/schema\\\/person\\\/3b6eab913fce9065523e927d88b032b0\",\"name\":\"Elisa\",\"image\":{\"@type\":\"ImageObject\",\"inLanguage\":\"it-IT\",\"@id\":\"https:\\\/\\\/1mal1japan.de\\\/wp-content\\\/uploads\\\/2018\\\/09\\\/Profilbild_Elisa.png\",\"url\":\"https:\\\/\\\/1mal1japan.de\\\/wp-content\\\/uploads\\\/2018\\\/09\\\/Profilbild_Elisa.png\",\"contentUrl\":\"https:\\\/\\\/1mal1japan.de\\\/wp-content\\\/uploads\\\/2018\\\/09\\\/Profilbild_Elisa.png\",\"width\":200,\"height\":200,\"caption\":\"Elisa\"},\"logo\":{\"@id\":\"https:\\\/\\\/1mal1japan.de\\\/wp-content\\\/uploads\\\/2018\\\/09\\\/Profilbild_Elisa.png\"}}]}<\/script>\n<meta property=\"product:brand\" content=\"Kogacha\" \/>\n<meta property=\"product:price:amount\" content=\"34.99\" \/>\n<meta property=\"product:price:currency\" content=\"EUR\" \/>\n<meta property=\"og:availability\" content=\"instock\" \/>\n<meta property=\"product:availability\" content=\"instock\" \/>\n<meta property=\"product:retailer_item_id\" content=\"1052\" \/>\n<meta property=\"product:condition\" content=\"new\" \/>\n<!-- \/ Yoast SEO Premium plugin. -->","yoast_head_json":{"title":"Matcha (30 g) Polvere di t\u00e8 verde Supreme dal Giappone, 1mal1japan","description":"I\u27a1 Acquista Matcha \u2714 Polvere di t\u00e8 verde Supreme dal Giappone \u2714 Massima qualit\u00e0 \u2714 La scelta migliore per la cerimonia del t\u00e8 giapponese \u2714 Consegna rapida!","robots":{"index":"index","follow":"follow","max-snippet":"max-snippet:-1","max-image-preview":"max-image-preview:large","max-video-preview":"max-video-preview:-1"},"canonical":"https:\/\/1mal1japan.de\/it\/produkt\/matcha-30-g-polvere-di-te-verde-biologico-giapponese-supreme-kogacha\/","og_locale":"it_IT","og_type":"article","og_title":"Matcha 30 g (polvere di t\u00e8 verde biologico giapponese Supreme), Kogacha","og_description":"Questa polvere di t\u00e8 verde Supreme dal Giappone offre la massima qualit\u00e0 possibile ed \u00e8 la scelta migliore per la cerimonia del t\u00e8 giapponese! Per il Matcha vengono utilizzate solo foglie di altissima qualit\u00e0, che vengono essiccate e macinate in una polvere finissima.","og_url":"https:\/\/1mal1japan.de\/it\/produkt\/matcha-30-g-polvere-di-te-verde-biologico-giapponese-supreme-kogacha\/","og_site_name":"1mal1japan.de","article_modified_time":"2026-04-28T12:23:45+00:00","og_image":[{"width":800,"height":800,"url":"https:\/\/1mal1japan.de\/wp-content\/uploads\/2021\/04\/Matcha-4.jpg","type":"image\/jpeg"}],"schema":{"@context":"https:\/\/schema.org","@graph":[{"@type":"WebPage","@id":"https:\/\/1mal1japan.de\/it\/produkt\/matcha-30-g-polvere-di-te-verde-biologico-giapponese-supreme-kogacha\/","url":"https:\/\/1mal1japan.de\/it\/produkt\/matcha-30-g-polvere-di-te-verde-biologico-giapponese-supreme-kogacha\/","name":"Matcha (30 g) Polvere di t\u00e8 verde Supreme dal Giappone, 1mal1japan","isPartOf":{"@id":"https:\/\/1mal1japan.de\/it\/#website"},"primaryImageOfPage":{"@id":"https:\/\/1mal1japan.de\/it\/produkt\/matcha-30-g-polvere-di-te-verde-biologico-giapponese-supreme-kogacha\/#primaryimage"},"image":{"@id":"https:\/\/1mal1japan.de\/it\/produkt\/matcha-30-g-polvere-di-te-verde-biologico-giapponese-supreme-kogacha\/#primaryimage"},"thumbnailUrl":"https:\/\/1mal1japan.de\/wp-content\/uploads\/2021\/04\/Matcha-4.jpg","datePublished":"2021-04-18T08:08:53+00:00","dateModified":"2026-04-28T12:23:45+00:00","description":"I\u27a1 Acquista Matcha \u2714 Polvere di t\u00e8 verde Supreme dal Giappone \u2714 Massima qualit\u00e0 \u2714 La scelta migliore per la cerimonia del t\u00e8 giapponese \u2714 Consegna rapida!","breadcrumb":{"@id":"https:\/\/1mal1japan.de\/it\/produkt\/matcha-30-g-polvere-di-te-verde-biologico-giapponese-supreme-kogacha\/#breadcrumb"},"inLanguage":"it-IT","potentialAction":[{"@type":"ReadAction","target":["https:\/\/1mal1japan.de\/it\/produkt\/matcha-30-g-polvere-di-te-verde-biologico-giapponese-supreme-kogacha\/"]}]},{"@type":"ImageObject","inLanguage":"it-IT","@id":"https:\/\/1mal1japan.de\/it\/produkt\/matcha-30-g-polvere-di-te-verde-biologico-giapponese-supreme-kogacha\/#primaryimage","url":"https:\/\/1mal1japan.de\/wp-content\/uploads\/2021\/04\/Matcha-4.jpg","contentUrl":"https:\/\/1mal1japan.de\/wp-content\/uploads\/2021\/04\/Matcha-4.jpg","width":800,"height":800,"caption":"Supreme Bio Matcha 30 g (t\u00e8 verde giapponese in polvere, Kirishima Matcha), KOGACHA"},{"@type":"BreadcrumbList","@id":"https:\/\/1mal1japan.de\/it\/produkt\/matcha-30-g-polvere-di-te-verde-biologico-giapponese-supreme-kogacha\/#breadcrumb","itemListElement":[{"@type":"ListItem","position":1,"name":"Startseite","item":"https:\/\/1mal1japan.de\/it\/"},{"@type":"ListItem","position":2,"name":"Negozio","item":"https:\/\/1mal1japan.de\/it\/shop\/"},{"@type":"ListItem","position":3,"name":"Matcha 30 g (polvere di t\u00e8 verde biologico giapponese Supreme), Kogacha"}]},{"@type":"WebSite","@id":"https:\/\/1mal1japan.de\/it\/#website","url":"https:\/\/1mal1japan.de\/it\/","name":"1mal1japan.de","description":"japanisch kochen &amp; einkaufen","publisher":{"@id":"https:\/\/1mal1japan.de\/it\/#\/schema\/person\/3b6eab913fce9065523e927d88b032b0"},"potentialAction":[{"@type":"SearchAction","target":{"@type":"EntryPoint","urlTemplate":"https:\/\/1mal1japan.de\/it\/?s={search_term_string}"},"query-input":{"@type":"PropertyValueSpecification","valueRequired":true,"valueName":"search_term_string"}}],"inLanguage":"it-IT"},{"@type":["Person","Organization"],"@id":"https:\/\/1mal1japan.de\/it\/#\/schema\/person\/3b6eab913fce9065523e927d88b032b0","name":"Elisa","image":{"@type":"ImageObject","inLanguage":"it-IT","@id":"https:\/\/1mal1japan.de\/wp-content\/uploads\/2018\/09\/Profilbild_Elisa.png","url":"https:\/\/1mal1japan.de\/wp-content\/uploads\/2018\/09\/Profilbild_Elisa.png","contentUrl":"https:\/\/1mal1japan.de\/wp-content\/uploads\/2018\/09\/Profilbild_Elisa.png","width":200,"height":200,"caption":"Elisa"},"logo":{"@id":"https:\/\/1mal1japan.de\/wp-content\/uploads\/2018\/09\/Profilbild_Elisa.png"}}]},"product_brand":"Kogacha","product_price_amount":"34.99","product_price_currency":"EUR","og_availability":"instock","product_availability":"instock","product_retailer_item_id":"1052","product_condition":"new"},"uagb_featured_image_src":{"full":["https:\/\/1mal1japan.de\/wp-content\/uploads\/2021\/04\/Matcha-4.jpg",800,800,false],"thumbnail":["https:\/\/1mal1japan.de\/wp-content\/uploads\/2021\/04\/Matcha-4-150x150.jpg",150,150,true],"medium":["https:\/\/1mal1japan.de\/wp-content\/uploads\/2021\/04\/Matcha-4-300x300.jpg",300,300,true],"medium_large":["https:\/\/1mal1japan.de\/wp-content\/uploads\/2021\/04\/Matcha-4-768x768.jpg",768,768,true],"large":["https:\/\/1mal1japan.de\/wp-content\/uploads\/2021\/04\/Matcha-4.jpg",800,800,false],"1536x1536":["https:\/\/1mal1japan.de\/wp-content\/uploads\/2021\/04\/Matcha-4.jpg",800,800,false],"2048x2048":["https:\/\/1mal1japan.de\/wp-content\/uploads\/2021\/04\/Matcha-4.jpg",800,800,false],"woocommerce_thumbnail":["https:\/\/1mal1japan.de\/wp-content\/uploads\/2021\/04\/Matcha-4-600x600.jpg",600,600,true],"woocommerce_single":["https:\/\/1mal1japan.de\/wp-content\/uploads\/2021\/04\/Matcha-4.jpg",800,800,false],"woocommerce_gallery_thumbnail":["https:\/\/1mal1japan.de\/wp-content\/uploads\/2021\/04\/Matcha-4-100x100.jpg",100,100,true]},"uagb_author_info":{"display_name":"kiwi19901","author_link":"https:\/\/1mal1japan.de\/it\/author\/"},"uagb_comment_info":0,"uagb_excerpt":"Questa polvere di t\u00e8 verde Supreme dal Giappone offre la massima qualit\u00e0 possibile ed \u00e8 la scelta migliore per la cerimonia del t\u00e8 giapponese! Per il Matcha vengono utilizzate solo foglie di altissima qualit\u00e0, che vengono essiccate e macinate in una polvere finissima.","_links":{"self":[{"href":"https:\/\/1mal1japan.de\/it\/wp-json\/wp\/v2\/product\/65219","targetHints":{"allow":["GET"]}}],"collection":[{"href":"https:\/\/1mal1japan.de\/it\/wp-json\/wp\/v2\/product"}],"about":[{"href":"https:\/\/1mal1japan.de\/it\/wp-json\/wp\/v2\/types\/product"}],"wp:featuredmedia":[{"embeddable":true,"href":"https:\/\/1mal1japan.de\/it\/wp-json\/wp\/v2\/media\/65220"}],"wp:attachment":[{"href":"https:\/\/1mal1japan.de\/it\/wp-json\/wp\/v2\/media?parent=65219"}],"wp:term":[{"taxonomy":"product_brand","embeddable":true,"href":"https:\/\/1mal1japan.de\/it\/wp-json\/wp\/v2\/product_brand?post=65219"},{"taxonomy":"product_cat","embeddable":true,"href":"https:\/\/1mal1japan.de\/it\/wp-json\/wp\/v2\/product_cat?post=65219"},{"taxonomy":"product_tag","embeddable":true,"href":"https:\/\/1mal1japan.de\/it\/wp-json\/wp\/v2\/product_tag?post=65219"}],"curies":[{"name":"wp","href":"https:\/\/api.w.org\/{rel}","templated":true}]}}